{"id":84908,"date":"2026-03-10T09:10:29","date_gmt":"2026-03-10T08:10:29","guid":{"rendered":"https:\/\/www.demosmobilia.ch\/product\/grand-fauteuil-a-bascule-en-fourrure-de-chevre-tibetaine-modele-yeti\/"},"modified":"2026-02-02T10:10:29","modified_gmt":"2026-02-02T09:10:29","slug":"grand-fauteuil-a-bascule-en-fourrure-de-chevre-tibetaine-modele-yeti","status":"publish","type":"product","link":"https:\/\/www.demosmobilia.ch\/fr\/product\/grand-fauteuil-a-bascule-en-fourrure-de-chevre-tibetaine-modele-yeti\/","title":{"rendered":"Grand fauteuil \u00e0 bascule en fourrure de ch\u00e8vre tib\u00e9taine, mod\u00e8le Yeti"},"content":{"rendered":"<p data-start=\"121\" data-end=\"476\">Mario Scheichenbauer (n\u00e9 en 1931) est un artiste et designer dont la pratique se situe \u00e0 la crois\u00e9e de l\u2019exp\u00e9rimentation visuelle, du design et des langages contemporains. Inscrit dans un dialogue constant entre art et design, Scheichenbauer a d\u00e9velopp\u00e9 une approche singuli\u00e8re, caract\u00e9ris\u00e9e par l\u2019\u00e9quilibre formel, l\u2019attention port\u00e9e aux mat\u00e9riaux et la rigueur conceptuelle. <\/p>\n<p data-start=\"478\" data-end=\"760\">Il est le cr\u00e9ateur de la chaise \u00e0 bascule sculpturale iconique, mod\u00e8le Yeti, une \u0153uvre embl\u00e9matique qui illustre sa capacit\u00e9 \u00e0 fusionner expression artistique et design fonctionnel. Cette pi\u00e8ce se distingue par son usage innovant de la forme, des mat\u00e9riaux et du mouvement. <\/p>\n<p data-start=\"762\" data-end=\"1084\">Son travail explore la relation entre fonction et expression, en associant sensibilit\u00e9 artistique et pens\u00e9e de projet. Les \u0153uvres et r\u00e9alisations de Mario Scheichenbauer t\u00e9moignent d\u2019une vision coh\u00e9rente, fa\u00e7onn\u00e9e par des d\u00e9cennies d\u2019exp\u00e9rience cr\u00e9ative, et s\u2019inscrivent dans le champ de l\u2019art et du design du XXe si\u00e8cle et contemporains. <\/p>\n<p data-start=\"1086\" data-end=\"1326\">Artiste et designer reconnu, Mario Scheichenbauer suscite l\u2019int\u00e9r\u00eat des collectionneurs, chercheurs et amateurs d\u2019art, de design et de recherche visuelle, gr\u00e2ce \u00e0 une production qui traverse les disciplines et les g\u00e9n\u00e9rations.<\/p>\n","protected":false},"excerpt":{"rendered":"<p>Mario Scheichenbauer (n\u00e9 en 1931) est un artiste et designer dont la pratique se situe \u00e0 la crois\u00e9e de l\u2019exp\u00e9rimentation visuelle, du design et des langages contemporains. Inscrit dans un dialogue constant entre art et design, Scheichenbauer a d\u00e9velopp\u00e9 une approche singuli\u00e8re, caract\u00e9ris\u00e9e par l\u2019\u00e9quilibre formel, l\u2019attention port\u00e9e aux mat\u00e9riaux et la rigueur conceptuelle. Il est le cr\u00e9ateur de la chaise \u00e0 bascule sculpturale iconique, mod\u00e8le Yeti, une \u0153uvre embl\u00e9matique qui illustre sa capacit\u00e9 \u00e0 fusionner expression artistique et design fonctionnel. Cette pi\u00e8ce se distingue par son usage innovant de la forme, des mat\u00e9riaux et du mouvement. Son travail explore la relation entre fonction et<a class=\"more-link\" href=\"https:\/\/www.demosmobilia.ch\/fr\/product\/grand-fauteuil-a-bascule-en-fourrure-de-chevre-tibetaine-modele-yeti\/\">Read More &rarr;<\/a><\/p>\n","protected":false},"featured_media":85531,"template":"","meta":{"_monsterinsights_skip_tracking":false,"_monsterinsights_sitenote_active":false,"_monsterinsights_sitenote_note":"","_monsterinsights_sitenote_category":0,"kk_blocks_editor_width":"","_kiokenblocks_attr":"","_kiokenblocks_dimensions":""},"product_cat":[4263,4071],"product_tag":[14343],"class_list":{"0":"entry","1":"author-demosmobilia","2":"post-84908","3":"product","4":"type-product","5":"status-publish","6":"has-post-thumbnail","7":"product_production-elam","8":"product_year-3377","9":"product_nation-italie-fr","10":"product_cat-fauteuils-fr","11":"product_cat-nouveautes","12":"product_tag-scheichenbauer-mario","13":"pa_product_dimension-136-x-130-x-assise-ht-45-x-total-ht-89-cm","14":"pa_product_material-frene-fourrure-de-chevre-tibetaine","16":"first","17":"outofstock","18":"shipping-taxable","19":"product-type-simple"},"yoast_head":"<!-- This site is optimized with the Yoast SEO plugin v24.0 - https:\/\/yoast.com\/wordpress\/plugins\/seo\/ -->\n<title>Grand fauteuil \u00e0 bascule en fourrure de ch\u00e8vre tib\u00e9taine, mod\u00e8le Yeti &#8211; Demosmobilia<\/title>\n<meta name=\"robots\" content=\"index, follow, max-snippet:-1, max-image-preview:large, max-video-preview:-1\" \/>\n<link rel=\"canonical\" href=\"https:\/\/www.demosmobilia.ch\/fr\/product\/grand-fauteuil-a-bascule-en-fourrure-de-chevre-tibetaine-modele-yeti\/\" \/>\n<meta property=\"og:locale\" content=\"fr_FR\" \/>\n<meta property=\"og:type\" content=\"article\" \/>\n<meta property=\"og:title\" content=\"Grand fauteuil \u00e0 bascule en fourrure de ch\u00e8vre tib\u00e9taine, mod\u00e8le Yeti &#8211; Demosmobilia\" \/>\n<meta property=\"og:description\" content=\"Mario Scheichenbauer (n\u00e9 en 1931) est un artiste et designer dont la pratique se situe \u00e0 la crois\u00e9e de l\u2019exp\u00e9rimentation visuelle, du design et des langages contemporains. Inscrit dans un dialogue constant entre art et design, Scheichenbauer a d\u00e9velopp\u00e9 une approche singuli\u00e8re, caract\u00e9ris\u00e9e par l\u2019\u00e9quilibre formel, l\u2019attention port\u00e9e aux mat\u00e9riaux et la rigueur conceptuelle. Il est le cr\u00e9ateur de la chaise \u00e0 bascule sculpturale iconique, mod\u00e8le Yeti, une \u0153uvre embl\u00e9matique qui illustre sa capacit\u00e9 \u00e0 fusionner expression artistique et design fonctionnel. Cette pi\u00e8ce se distingue par son usage innovant de la forme, des mat\u00e9riaux et du mouvement. Son travail explore la relation entre fonction etRead More &rarr;\" \/>\n<meta property=\"og:url\" content=\"https:\/\/www.demosmobilia.ch\/fr\/product\/grand-fauteuil-a-bascule-en-fourrure-de-chevre-tibetaine-modele-yeti\/\" \/>\n<meta property=\"og:site_name\" content=\"Demosmobilia\" \/>\n<meta property=\"article:publisher\" content=\"https:\/\/www.facebook.com\/Demos-Mobilia-1137017453131445\/\" \/>\n<meta property=\"article:modified_time\" content=\"2026-02-02T09:10:29+00:00\" \/>\n<meta property=\"og:image\" content=\"https:\/\/www.demosmobilia.ch\/wp-content\/uploads\/2026\/02\/yeti-rocking-lounge-chair-1970-mario-scheichenbauer-elam-01-1.jpg\" \/>\n\t<meta property=\"og:image:width\" content=\"1200\" \/>\n\t<meta property=\"og:image:height\" content=\"900\" \/>\n\t<meta property=\"og:image:type\" content=\"image\/jpeg\" \/>\n<meta name=\"twitter:card\" content=\"summary_large_image\" \/>\n<meta name=\"twitter:label1\" content=\"Dur\u00e9e de lecture estim\u00e9e\" \/>\n\t<meta name=\"twitter:data1\" content=\"1 minute\" \/>\n<script type=\"application\/ld+json\" class=\"yoast-schema-graph\">{\"@context\":\"https:\/\/schema.org\",\"@graph\":[{\"@type\":\"WebPage\",\"@id\":\"https:\/\/www.demosmobilia.ch\/fr\/product\/grand-fauteuil-a-bascule-en-fourrure-de-chevre-tibetaine-modele-yeti\/\",\"url\":\"https:\/\/www.demosmobilia.ch\/fr\/product\/grand-fauteuil-a-bascule-en-fourrure-de-chevre-tibetaine-modele-yeti\/\",\"name\":\"Grand fauteuil \u00e0 bascule en fourrure de ch\u00e8vre tib\u00e9taine, mod\u00e8le Yeti &#8211; Demosmobilia\",\"isPartOf\":{\"@id\":\"https:\/\/www.demosmobilia.ch\/fr\/#website\"},\"primaryImageOfPage\":{\"@id\":\"https:\/\/www.demosmobilia.ch\/fr\/product\/grand-fauteuil-a-bascule-en-fourrure-de-chevre-tibetaine-modele-yeti\/#primaryimage\"},\"image\":{\"@id\":\"https:\/\/www.demosmobilia.ch\/fr\/product\/grand-fauteuil-a-bascule-en-fourrure-de-chevre-tibetaine-modele-yeti\/#primaryimage\"},\"thumbnailUrl\":\"https:\/\/www.demosmobilia.ch\/wp-content\/uploads\/2026\/02\/yeti-rocking-lounge-chair-1970-mario-scheichenbauer-elam-01-1.jpg\",\"datePublished\":\"2026-03-10T08:10:29+00:00\",\"dateModified\":\"2026-02-02T09:10:29+00:00\",\"breadcrumb\":{\"@id\":\"https:\/\/www.demosmobilia.ch\/fr\/product\/grand-fauteuil-a-bascule-en-fourrure-de-chevre-tibetaine-modele-yeti\/#breadcrumb\"},\"inLanguage\":\"fr-FR\",\"potentialAction\":[{\"@type\":\"ReadAction\",\"target\":[\"https:\/\/www.demosmobilia.ch\/fr\/product\/grand-fauteuil-a-bascule-en-fourrure-de-chevre-tibetaine-modele-yeti\/\"]}]},{\"@type\":\"ImageObject\",\"inLanguage\":\"fr-FR\",\"@id\":\"https:\/\/www.demosmobilia.ch\/fr\/product\/grand-fauteuil-a-bascule-en-fourrure-de-chevre-tibetaine-modele-yeti\/#primaryimage\",\"url\":\"https:\/\/www.demosmobilia.ch\/wp-content\/uploads\/2026\/02\/yeti-rocking-lounge-chair-1970-mario-scheichenbauer-elam-01-1.jpg\",\"contentUrl\":\"https:\/\/www.demosmobilia.ch\/wp-content\/uploads\/2026\/02\/yeti-rocking-lounge-chair-1970-mario-scheichenbauer-elam-01-1.jpg\",\"width\":1200,\"height\":900},{\"@type\":\"BreadcrumbList\",\"@id\":\"https:\/\/www.demosmobilia.ch\/fr\/product\/grand-fauteuil-a-bascule-en-fourrure-de-chevre-tibetaine-modele-yeti\/#breadcrumb\",\"itemListElement\":[{\"@type\":\"ListItem\",\"position\":1,\"name\":\"Home\",\"item\":\"https:\/\/www.demosmobilia.ch\/fr\/\"},{\"@type\":\"ListItem\",\"position\":2,\"name\":\"Produits\",\"item\":\"https:\/\/www.demosmobilia.ch\/fr\/shop\/\"},{\"@type\":\"ListItem\",\"position\":3,\"name\":\"Grand fauteuil \u00e0 bascule en fourrure de ch\u00e8vre tib\u00e9taine, mod\u00e8le Yeti\"}]},{\"@type\":\"WebSite\",\"@id\":\"https:\/\/www.demosmobilia.ch\/fr\/#website\",\"url\":\"https:\/\/www.demosmobilia.ch\/fr\/\",\"name\":\"Demosmobilia\",\"description\":\"Vintage Mid Century Modern Design Furniture from the &#039;30s to the &#039;80s\",\"publisher\":{\"@id\":\"https:\/\/www.demosmobilia.ch\/fr\/#organization\"},\"potentialAction\":[{\"@type\":\"SearchAction\",\"target\":{\"@type\":\"EntryPoint\",\"urlTemplate\":\"https:\/\/www.demosmobilia.ch\/fr\/?s={search_term_string}\"},\"query-input\":{\"@type\":\"PropertyValueSpecification\",\"valueRequired\":true,\"valueName\":\"search_term_string\"}}],\"inLanguage\":\"fr-FR\"},{\"@type\":\"Organization\",\"@id\":\"https:\/\/www.demosmobilia.ch\/fr\/#organization\",\"name\":\"demosmobilia\",\"url\":\"https:\/\/www.demosmobilia.ch\/fr\/\",\"logo\":{\"@type\":\"ImageObject\",\"inLanguage\":\"fr-FR\",\"@id\":\"https:\/\/www.demosmobilia.ch\/fr\/#\/schema\/logo\/image\/\",\"url\":\"https:\/\/www.demosmobilia.ch\/wp-content\/uploads\/2020\/07\/demosmobilia-logo-2020-230-160.png\",\"contentUrl\":\"https:\/\/www.demosmobilia.ch\/wp-content\/uploads\/2020\/07\/demosmobilia-logo-2020-230-160.png\",\"width\":230,\"height\":160,\"caption\":\"demosmobilia\"},\"image\":{\"@id\":\"https:\/\/www.demosmobilia.ch\/fr\/#\/schema\/logo\/image\/\"},\"sameAs\":[\"https:\/\/www.facebook.com\/Demos-Mobilia-1137017453131445\/\",\"https:\/\/www.instagram.com\/demosmobilia\/\"]}]}<\/script>\n<!-- \/ Yoast SEO plugin. -->","yoast_head_json":{"title":"Grand fauteuil \u00e0 bascule en fourrure de ch\u00e8vre tib\u00e9taine, mod\u00e8le Yeti &#8211; Demosmobilia","robots":{"index":"index","follow":"follow","max-snippet":"max-snippet:-1","max-image-preview":"max-image-preview:large","max-video-preview":"max-video-preview:-1"},"canonical":"https:\/\/www.demosmobilia.ch\/fr\/product\/grand-fauteuil-a-bascule-en-fourrure-de-chevre-tibetaine-modele-yeti\/","og_locale":"fr_FR","og_type":"article","og_title":"Grand fauteuil \u00e0 bascule en fourrure de ch\u00e8vre tib\u00e9taine, mod\u00e8le Yeti &#8211; Demosmobilia","og_description":"Mario Scheichenbauer (n\u00e9 en 1931) est un artiste et designer dont la pratique se situe \u00e0 la crois\u00e9e de l\u2019exp\u00e9rimentation visuelle, du design et des langages contemporains. Inscrit dans un dialogue constant entre art et design, Scheichenbauer a d\u00e9velopp\u00e9 une approche singuli\u00e8re, caract\u00e9ris\u00e9e par l\u2019\u00e9quilibre formel, l\u2019attention port\u00e9e aux mat\u00e9riaux et la rigueur conceptuelle. Il est le cr\u00e9ateur de la chaise \u00e0 bascule sculpturale iconique, mod\u00e8le Yeti, une \u0153uvre embl\u00e9matique qui illustre sa capacit\u00e9 \u00e0 fusionner expression artistique et design fonctionnel. Cette pi\u00e8ce se distingue par son usage innovant de la forme, des mat\u00e9riaux et du mouvement. Son travail explore la relation entre fonction etRead More &rarr;","og_url":"https:\/\/www.demosmobilia.ch\/fr\/product\/grand-fauteuil-a-bascule-en-fourrure-de-chevre-tibetaine-modele-yeti\/","og_site_name":"Demosmobilia","article_publisher":"https:\/\/www.facebook.com\/Demos-Mobilia-1137017453131445\/","article_modified_time":"2026-02-02T09:10:29+00:00","og_image":[{"width":1200,"height":900,"url":"https:\/\/www.demosmobilia.ch\/wp-content\/uploads\/2026\/02\/yeti-rocking-lounge-chair-1970-mario-scheichenbauer-elam-01-1.jpg","type":"image\/jpeg"}],"twitter_card":"summary_large_image","twitter_misc":{"Dur\u00e9e de lecture estim\u00e9e":"1 minute"},"schema":{"@context":"https:\/\/schema.org","@graph":[{"@type":"WebPage","@id":"https:\/\/www.demosmobilia.ch\/fr\/product\/grand-fauteuil-a-bascule-en-fourrure-de-chevre-tibetaine-modele-yeti\/","url":"https:\/\/www.demosmobilia.ch\/fr\/product\/grand-fauteuil-a-bascule-en-fourrure-de-chevre-tibetaine-modele-yeti\/","name":"Grand fauteuil \u00e0 bascule en fourrure de ch\u00e8vre tib\u00e9taine, mod\u00e8le Yeti &#8211; Demosmobilia","isPartOf":{"@id":"https:\/\/www.demosmobilia.ch\/fr\/#website"},"primaryImageOfPage":{"@id":"https:\/\/www.demosmobilia.ch\/fr\/product\/grand-fauteuil-a-bascule-en-fourrure-de-chevre-tibetaine-modele-yeti\/#primaryimage"},"image":{"@id":"https:\/\/www.demosmobilia.ch\/fr\/product\/grand-fauteuil-a-bascule-en-fourrure-de-chevre-tibetaine-modele-yeti\/#primaryimage"},"thumbnailUrl":"https:\/\/www.demosmobilia.ch\/wp-content\/uploads\/2026\/02\/yeti-rocking-lounge-chair-1970-mario-scheichenbauer-elam-01-1.jpg","datePublished":"2026-03-10T08:10:29+00:00","dateModified":"2026-02-02T09:10:29+00:00","breadcrumb":{"@id":"https:\/\/www.demosmobilia.ch\/fr\/product\/grand-fauteuil-a-bascule-en-fourrure-de-chevre-tibetaine-modele-yeti\/#breadcrumb"},"inLanguage":"fr-FR","potentialAction":[{"@type":"ReadAction","target":["https:\/\/www.demosmobilia.ch\/fr\/product\/grand-fauteuil-a-bascule-en-fourrure-de-chevre-tibetaine-modele-yeti\/"]}]},{"@type":"ImageObject","inLanguage":"fr-FR","@id":"https:\/\/www.demosmobilia.ch\/fr\/product\/grand-fauteuil-a-bascule-en-fourrure-de-chevre-tibetaine-modele-yeti\/#primaryimage","url":"https:\/\/www.demosmobilia.ch\/wp-content\/uploads\/2026\/02\/yeti-rocking-lounge-chair-1970-mario-scheichenbauer-elam-01-1.jpg","contentUrl":"https:\/\/www.demosmobilia.ch\/wp-content\/uploads\/2026\/02\/yeti-rocking-lounge-chair-1970-mario-scheichenbauer-elam-01-1.jpg","width":1200,"height":900},{"@type":"BreadcrumbList","@id":"https:\/\/www.demosmobilia.ch\/fr\/product\/grand-fauteuil-a-bascule-en-fourrure-de-chevre-tibetaine-modele-yeti\/#breadcrumb","itemListElement":[{"@type":"ListItem","position":1,"name":"Home","item":"https:\/\/www.demosmobilia.ch\/fr\/"},{"@type":"ListItem","position":2,"name":"Produits","item":"https:\/\/www.demosmobilia.ch\/fr\/shop\/"},{"@type":"ListItem","position":3,"name":"Grand fauteuil \u00e0 bascule en fourrure de ch\u00e8vre tib\u00e9taine, mod\u00e8le Yeti"}]},{"@type":"WebSite","@id":"https:\/\/www.demosmobilia.ch\/fr\/#website","url":"https:\/\/www.demosmobilia.ch\/fr\/","name":"Demosmobilia","description":"Vintage Mid Century Modern Design Furniture from the &#039;30s to the &#039;80s","publisher":{"@id":"https:\/\/www.demosmobilia.ch\/fr\/#organization"},"potentialAction":[{"@type":"SearchAction","target":{"@type":"EntryPoint","urlTemplate":"https:\/\/www.demosmobilia.ch\/fr\/?s={search_term_string}"},"query-input":{"@type":"PropertyValueSpecification","valueRequired":true,"valueName":"search_term_string"}}],"inLanguage":"fr-FR"},{"@type":"Organization","@id":"https:\/\/www.demosmobilia.ch\/fr\/#organization","name":"demosmobilia","url":"https:\/\/www.demosmobilia.ch\/fr\/","logo":{"@type":"ImageObject","inLanguage":"fr-FR","@id":"https:\/\/www.demosmobilia.ch\/fr\/#\/schema\/logo\/image\/","url":"https:\/\/www.demosmobilia.ch\/wp-content\/uploads\/2020\/07\/demosmobilia-logo-2020-230-160.png","contentUrl":"https:\/\/www.demosmobilia.ch\/wp-content\/uploads\/2020\/07\/demosmobilia-logo-2020-230-160.png","width":230,"height":160,"caption":"demosmobilia"},"image":{"@id":"https:\/\/www.demosmobilia.ch\/fr\/#\/schema\/logo\/image\/"},"sameAs":["https:\/\/www.facebook.com\/Demos-Mobilia-1137017453131445\/","https:\/\/www.instagram.com\/demosmobilia\/"]}]}},"_links":{"self":[{"href":"https:\/\/www.demosmobilia.ch\/fr\/wp-json\/wp\/v2\/product\/84908","targetHints":{"allow":["GET"]}}],"collection":[{"href":"https:\/\/www.demosmobilia.ch\/fr\/wp-json\/wp\/v2\/product"}],"about":[{"href":"https:\/\/www.demosmobilia.ch\/fr\/wp-json\/wp\/v2\/types\/product"}],"wp:featuredmedia":[{"embeddable":true,"href":"https:\/\/www.demosmobilia.ch\/fr\/wp-json\/wp\/v2\/media\/85531"}],"wp:attachment":[{"href":"https:\/\/www.demosmobilia.ch\/fr\/wp-json\/wp\/v2\/media?parent=84908"}],"wp:term":[{"taxonomy":"product_cat","embeddable":true,"href":"https:\/\/www.demosmobilia.ch\/fr\/wp-json\/wp\/v2\/product_cat?post=84908"},{"taxonomy":"product_tag","embeddable":true,"href":"https:\/\/www.demosmobilia.ch\/fr\/wp-json\/wp\/v2\/product_tag?post=84908"}],"curies":[{"name":"wp","href":"https:\/\/api.w.org\/{rel}","templated":true}]}}