{"id":84756,"date":"2026-03-06T08:00:15","date_gmt":"2026-03-06T07:00:15","guid":{"rendered":"https:\/\/www.demosmobilia.ch\/product\/fauteuil-modele-g1\/"},"modified":"2025-12-11T08:00:15","modified_gmt":"2025-12-11T07:00:15","slug":"fauteuil-modele-g1","status":"publish","type":"product","link":"https:\/\/www.demosmobilia.ch\/fr\/product\/fauteuil-modele-g1\/","title":{"rendered":"Fauteuil mod\u00e8le G1"},"content":{"rendered":"<p data-start=\"90\" data-end=\"401\">Pierre Guariche (1926\u20131995) \u00e9tait un designer fran\u00e7ais et une figure majeure du design moderne et du mid-century fran\u00e7ais. Apr\u00e8s des \u00e9tudes \u00e0 l\u2019\u00c9cole Nationale Sup\u00e9rieure des Arts D\u00e9coratifs de Paris, Guariche joue un r\u00f4le d\u00e9terminant dans le renouvellement du design de l\u2019apr\u00e8s-guerre, en collaborant avec des fabricants et des institutions publiques.<br \/>Le design de Pierre Guariche met l\u2019accent sur la fonctionnalit\u00e9, la production industrielle et la clart\u00e9 formelle. \u00c0 travers des structures l\u00e9g\u00e8res, des mat\u00e9riaux innovants et des solutions rationnelles, il cr\u00e9e des meubles accessibles, durables et intemporels, pens\u00e9s pour r\u00e9pondre aux exigences de l\u2019habitat moderne.  <\/p>\n","protected":false},"excerpt":{"rendered":"<p>Pierre Guariche (1926\u20131995) \u00e9tait un designer fran\u00e7ais et une figure majeure du design moderne et du mid-century fran\u00e7ais. Apr\u00e8s des \u00e9tudes \u00e0 l\u2019\u00c9cole Nationale Sup\u00e9rieure des Arts D\u00e9coratifs de Paris, Guariche joue un r\u00f4le d\u00e9terminant dans le renouvellement du design de l\u2019apr\u00e8s-guerre, en collaborant avec des fabricants et des institutions publiques.Le design de Pierre Guariche met l\u2019accent sur la fonctionnalit\u00e9, la production industrielle et la clart\u00e9 formelle. \u00c0 travers des structures l\u00e9g\u00e8res, des mat\u00e9riaux innovants et des solutions rationnelles, il cr\u00e9e des meubles accessibles, durables et intemporels, pens\u00e9s pour r\u00e9pondre aux exigences de l\u2019habitat moderne.<a class=\"more-link\" href=\"https:\/\/www.demosmobilia.ch\/fr\/product\/fauteuil-modele-g1\/\">Read More &rarr;<\/a><\/p>\n","protected":false},"featured_media":84810,"template":"","meta":{"_monsterinsights_skip_tracking":false,"_monsterinsights_sitenote_active":false,"_monsterinsights_sitenote_note":"","_monsterinsights_sitenote_category":0,"kk_blocks_editor_width":"","_kiokenblocks_attr":"","_kiokenblocks_dimensions":""},"product_cat":[4263,4071],"product_tag":[6849],"class_list":{"0":"entry","1":"author-demosmobilia","2":"post-84756","3":"product","4":"type-product","5":"status-publish","6":"has-post-thumbnail","7":"product_production-airbone","8":"product_year-1950-approx","9":"product_nation-france-fr","10":"product_cat-fauteuils-fr","11":"product_cat-nouveautes","12":"product_tag-guariche-pierre-fr","13":"pa_product_dimension-60-x-75-x-assise-ht-35-x-total-ht-67-cm","14":"pa_product_material-cuir-patine-metal","16":"first","17":"outofstock","18":"shipping-taxable","19":"purchasable","20":"product-type-simple"},"yoast_head":"<!-- This site is optimized with the Yoast SEO plugin v24.0 - https:\/\/yoast.com\/wordpress\/plugins\/seo\/ -->\n<title>Fauteuil mod\u00e8le G1 &#8211; Demosmobilia<\/title>\n<meta name=\"robots\" content=\"index, follow, max-snippet:-1, max-image-preview:large, max-video-preview:-1\" \/>\n<link rel=\"canonical\" href=\"https:\/\/www.demosmobilia.ch\/fr\/product\/fauteuil-modele-g1\/\" \/>\n<meta property=\"og:locale\" content=\"fr_FR\" \/>\n<meta property=\"og:type\" content=\"article\" \/>\n<meta property=\"og:title\" content=\"Fauteuil mod\u00e8le G1 &#8211; Demosmobilia\" \/>\n<meta property=\"og:description\" content=\"Pierre Guariche (1926\u20131995) \u00e9tait un designer fran\u00e7ais et une figure majeure du design moderne et du mid-century fran\u00e7ais. Apr\u00e8s des \u00e9tudes \u00e0 l\u2019\u00c9cole Nationale Sup\u00e9rieure des Arts D\u00e9coratifs de Paris, Guariche joue un r\u00f4le d\u00e9terminant dans le renouvellement du design de l\u2019apr\u00e8s-guerre, en collaborant avec des fabricants et des institutions publiques.Le design de Pierre Guariche met l\u2019accent sur la fonctionnalit\u00e9, la production industrielle et la clart\u00e9 formelle. \u00c0 travers des structures l\u00e9g\u00e8res, des mat\u00e9riaux innovants et des solutions rationnelles, il cr\u00e9e des meubles accessibles, durables et intemporels, pens\u00e9s pour r\u00e9pondre aux exigences de l\u2019habitat moderne.Read More &rarr;\" \/>\n<meta property=\"og:url\" content=\"https:\/\/www.demosmobilia.ch\/fr\/product\/fauteuil-modele-g1\/\" \/>\n<meta property=\"og:site_name\" content=\"Demosmobilia\" \/>\n<meta property=\"article:publisher\" content=\"https:\/\/www.facebook.com\/Demos-Mobilia-1137017453131445\/\" \/>\n<meta property=\"article:modified_time\" content=\"2025-12-11T07:00:15+00:00\" \/>\n<meta property=\"og:image\" content=\"https:\/\/www.demosmobilia.ch\/wp-content\/uploads\/2026\/01\/pierre-guariche-airbone-armchair-model-G1-1950-france-french-design-01.jpg\" \/>\n\t<meta property=\"og:image:width\" content=\"1200\" \/>\n\t<meta property=\"og:image:height\" content=\"900\" \/>\n\t<meta property=\"og:image:type\" content=\"image\/jpeg\" \/>\n<meta name=\"twitter:card\" content=\"summary_large_image\" \/>\n<meta name=\"twitter:label1\" content=\"Dur\u00e9e de lecture estim\u00e9e\" \/>\n\t<meta name=\"twitter:data1\" content=\"1 minute\" \/>\n<script type=\"application\/ld+json\" class=\"yoast-schema-graph\">{\"@context\":\"https:\/\/schema.org\",\"@graph\":[{\"@type\":\"WebPage\",\"@id\":\"https:\/\/www.demosmobilia.ch\/fr\/product\/fauteuil-modele-g1\/\",\"url\":\"https:\/\/www.demosmobilia.ch\/fr\/product\/fauteuil-modele-g1\/\",\"name\":\"Fauteuil mod\u00e8le G1 &#8211; Demosmobilia\",\"isPartOf\":{\"@id\":\"https:\/\/www.demosmobilia.ch\/fr\/#website\"},\"primaryImageOfPage\":{\"@id\":\"https:\/\/www.demosmobilia.ch\/fr\/product\/fauteuil-modele-g1\/#primaryimage\"},\"image\":{\"@id\":\"https:\/\/www.demosmobilia.ch\/fr\/product\/fauteuil-modele-g1\/#primaryimage\"},\"thumbnailUrl\":\"https:\/\/www.demosmobilia.ch\/wp-content\/uploads\/2025\/12\/pierre-guariche-airbone-armchair-model-G1-1950-france-french-design-01.jpg\",\"datePublished\":\"2026-03-06T07:00:15+00:00\",\"dateModified\":\"2025-12-11T07:00:15+00:00\",\"breadcrumb\":{\"@id\":\"https:\/\/www.demosmobilia.ch\/fr\/product\/fauteuil-modele-g1\/#breadcrumb\"},\"inLanguage\":\"fr-FR\",\"potentialAction\":[{\"@type\":\"ReadAction\",\"target\":[\"https:\/\/www.demosmobilia.ch\/fr\/product\/fauteuil-modele-g1\/\"]}]},{\"@type\":\"ImageObject\",\"inLanguage\":\"fr-FR\",\"@id\":\"https:\/\/www.demosmobilia.ch\/fr\/product\/fauteuil-modele-g1\/#primaryimage\",\"url\":\"https:\/\/www.demosmobilia.ch\/wp-content\/uploads\/2025\/12\/pierre-guariche-airbone-armchair-model-G1-1950-france-french-design-01.jpg\",\"contentUrl\":\"https:\/\/www.demosmobilia.ch\/wp-content\/uploads\/2025\/12\/pierre-guariche-airbone-armchair-model-G1-1950-france-french-design-01.jpg\",\"width\":1200,\"height\":900},{\"@type\":\"BreadcrumbList\",\"@id\":\"https:\/\/www.demosmobilia.ch\/fr\/product\/fauteuil-modele-g1\/#breadcrumb\",\"itemListElement\":[{\"@type\":\"ListItem\",\"position\":1,\"name\":\"Home\",\"item\":\"https:\/\/www.demosmobilia.ch\/fr\/\"},{\"@type\":\"ListItem\",\"position\":2,\"name\":\"Produits\",\"item\":\"https:\/\/www.demosmobilia.ch\/fr\/shop\/\"},{\"@type\":\"ListItem\",\"position\":3,\"name\":\"Fauteuil mod\u00e8le G1\"}]},{\"@type\":\"WebSite\",\"@id\":\"https:\/\/www.demosmobilia.ch\/fr\/#website\",\"url\":\"https:\/\/www.demosmobilia.ch\/fr\/\",\"name\":\"Demosmobilia\",\"description\":\"Vintage Mid Century Modern Design Furniture from the &#039;30s to the &#039;80s\",\"publisher\":{\"@id\":\"https:\/\/www.demosmobilia.ch\/fr\/#organization\"},\"potentialAction\":[{\"@type\":\"SearchAction\",\"target\":{\"@type\":\"EntryPoint\",\"urlTemplate\":\"https:\/\/www.demosmobilia.ch\/fr\/?s={search_term_string}\"},\"query-input\":{\"@type\":\"PropertyValueSpecification\",\"valueRequired\":true,\"valueName\":\"search_term_string\"}}],\"inLanguage\":\"fr-FR\"},{\"@type\":\"Organization\",\"@id\":\"https:\/\/www.demosmobilia.ch\/fr\/#organization\",\"name\":\"demosmobilia\",\"url\":\"https:\/\/www.demosmobilia.ch\/fr\/\",\"logo\":{\"@type\":\"ImageObject\",\"inLanguage\":\"fr-FR\",\"@id\":\"https:\/\/www.demosmobilia.ch\/fr\/#\/schema\/logo\/image\/\",\"url\":\"https:\/\/www.demosmobilia.ch\/wp-content\/uploads\/2020\/07\/demosmobilia-logo-2020-230-160.png\",\"contentUrl\":\"https:\/\/www.demosmobilia.ch\/wp-content\/uploads\/2020\/07\/demosmobilia-logo-2020-230-160.png\",\"width\":230,\"height\":160,\"caption\":\"demosmobilia\"},\"image\":{\"@id\":\"https:\/\/www.demosmobilia.ch\/fr\/#\/schema\/logo\/image\/\"},\"sameAs\":[\"https:\/\/www.facebook.com\/Demos-Mobilia-1137017453131445\/\",\"https:\/\/www.instagram.com\/demosmobilia\/\"]}]}<\/script>\n<!-- \/ Yoast SEO plugin. -->","yoast_head_json":{"title":"Fauteuil mod\u00e8le G1 &#8211; Demosmobilia","robots":{"index":"index","follow":"follow","max-snippet":"max-snippet:-1","max-image-preview":"max-image-preview:large","max-video-preview":"max-video-preview:-1"},"canonical":"https:\/\/www.demosmobilia.ch\/fr\/product\/fauteuil-modele-g1\/","og_locale":"fr_FR","og_type":"article","og_title":"Fauteuil mod\u00e8le G1 &#8211; Demosmobilia","og_description":"Pierre Guariche (1926\u20131995) \u00e9tait un designer fran\u00e7ais et une figure majeure du design moderne et du mid-century fran\u00e7ais. Apr\u00e8s des \u00e9tudes \u00e0 l\u2019\u00c9cole Nationale Sup\u00e9rieure des Arts D\u00e9coratifs de Paris, Guariche joue un r\u00f4le d\u00e9terminant dans le renouvellement du design de l\u2019apr\u00e8s-guerre, en collaborant avec des fabricants et des institutions publiques.Le design de Pierre Guariche met l\u2019accent sur la fonctionnalit\u00e9, la production industrielle et la clart\u00e9 formelle. \u00c0 travers des structures l\u00e9g\u00e8res, des mat\u00e9riaux innovants et des solutions rationnelles, il cr\u00e9e des meubles accessibles, durables et intemporels, pens\u00e9s pour r\u00e9pondre aux exigences de l\u2019habitat moderne.Read More &rarr;","og_url":"https:\/\/www.demosmobilia.ch\/fr\/product\/fauteuil-modele-g1\/","og_site_name":"Demosmobilia","article_publisher":"https:\/\/www.facebook.com\/Demos-Mobilia-1137017453131445\/","article_modified_time":"2025-12-11T07:00:15+00:00","og_image":[{"width":1200,"height":900,"url":"https:\/\/www.demosmobilia.ch\/wp-content\/uploads\/2026\/01\/pierre-guariche-airbone-armchair-model-G1-1950-france-french-design-01.jpg","type":"image\/jpeg"}],"twitter_card":"summary_large_image","twitter_misc":{"Dur\u00e9e de lecture estim\u00e9e":"1 minute"},"schema":{"@context":"https:\/\/schema.org","@graph":[{"@type":"WebPage","@id":"https:\/\/www.demosmobilia.ch\/fr\/product\/fauteuil-modele-g1\/","url":"https:\/\/www.demosmobilia.ch\/fr\/product\/fauteuil-modele-g1\/","name":"Fauteuil mod\u00e8le G1 &#8211; Demosmobilia","isPartOf":{"@id":"https:\/\/www.demosmobilia.ch\/fr\/#website"},"primaryImageOfPage":{"@id":"https:\/\/www.demosmobilia.ch\/fr\/product\/fauteuil-modele-g1\/#primaryimage"},"image":{"@id":"https:\/\/www.demosmobilia.ch\/fr\/product\/fauteuil-modele-g1\/#primaryimage"},"thumbnailUrl":"https:\/\/www.demosmobilia.ch\/wp-content\/uploads\/2025\/12\/pierre-guariche-airbone-armchair-model-G1-1950-france-french-design-01.jpg","datePublished":"2026-03-06T07:00:15+00:00","dateModified":"2025-12-11T07:00:15+00:00","breadcrumb":{"@id":"https:\/\/www.demosmobilia.ch\/fr\/product\/fauteuil-modele-g1\/#breadcrumb"},"inLanguage":"fr-FR","potentialAction":[{"@type":"ReadAction","target":["https:\/\/www.demosmobilia.ch\/fr\/product\/fauteuil-modele-g1\/"]}]},{"@type":"ImageObject","inLanguage":"fr-FR","@id":"https:\/\/www.demosmobilia.ch\/fr\/product\/fauteuil-modele-g1\/#primaryimage","url":"https:\/\/www.demosmobilia.ch\/wp-content\/uploads\/2025\/12\/pierre-guariche-airbone-armchair-model-G1-1950-france-french-design-01.jpg","contentUrl":"https:\/\/www.demosmobilia.ch\/wp-content\/uploads\/2025\/12\/pierre-guariche-airbone-armchair-model-G1-1950-france-french-design-01.jpg","width":1200,"height":900},{"@type":"BreadcrumbList","@id":"https:\/\/www.demosmobilia.ch\/fr\/product\/fauteuil-modele-g1\/#breadcrumb","itemListElement":[{"@type":"ListItem","position":1,"name":"Home","item":"https:\/\/www.demosmobilia.ch\/fr\/"},{"@type":"ListItem","position":2,"name":"Produits","item":"https:\/\/www.demosmobilia.ch\/fr\/shop\/"},{"@type":"ListItem","position":3,"name":"Fauteuil mod\u00e8le G1"}]},{"@type":"WebSite","@id":"https:\/\/www.demosmobilia.ch\/fr\/#website","url":"https:\/\/www.demosmobilia.ch\/fr\/","name":"Demosmobilia","description":"Vintage Mid Century Modern Design Furniture from the &#039;30s to the &#039;80s","publisher":{"@id":"https:\/\/www.demosmobilia.ch\/fr\/#organization"},"potentialAction":[{"@type":"SearchAction","target":{"@type":"EntryPoint","urlTemplate":"https:\/\/www.demosmobilia.ch\/fr\/?s={search_term_string}"},"query-input":{"@type":"PropertyValueSpecification","valueRequired":true,"valueName":"search_term_string"}}],"inLanguage":"fr-FR"},{"@type":"Organization","@id":"https:\/\/www.demosmobilia.ch\/fr\/#organization","name":"demosmobilia","url":"https:\/\/www.demosmobilia.ch\/fr\/","logo":{"@type":"ImageObject","inLanguage":"fr-FR","@id":"https:\/\/www.demosmobilia.ch\/fr\/#\/schema\/logo\/image\/","url":"https:\/\/www.demosmobilia.ch\/wp-content\/uploads\/2020\/07\/demosmobilia-logo-2020-230-160.png","contentUrl":"https:\/\/www.demosmobilia.ch\/wp-content\/uploads\/2020\/07\/demosmobilia-logo-2020-230-160.png","width":230,"height":160,"caption":"demosmobilia"},"image":{"@id":"https:\/\/www.demosmobilia.ch\/fr\/#\/schema\/logo\/image\/"},"sameAs":["https:\/\/www.facebook.com\/Demos-Mobilia-1137017453131445\/","https:\/\/www.instagram.com\/demosmobilia\/"]}]}},"_links":{"self":[{"href":"https:\/\/www.demosmobilia.ch\/fr\/wp-json\/wp\/v2\/product\/84756","targetHints":{"allow":["GET"]}}],"collection":[{"href":"https:\/\/www.demosmobilia.ch\/fr\/wp-json\/wp\/v2\/product"}],"about":[{"href":"https:\/\/www.demosmobilia.ch\/fr\/wp-json\/wp\/v2\/types\/product"}],"wp:featuredmedia":[{"embeddable":true,"href":"https:\/\/www.demosmobilia.ch\/fr\/wp-json\/wp\/v2\/media\/84810"}],"wp:attachment":[{"href":"https:\/\/www.demosmobilia.ch\/fr\/wp-json\/wp\/v2\/media?parent=84756"}],"wp:term":[{"taxonomy":"product_cat","embeddable":true,"href":"https:\/\/www.demosmobilia.ch\/fr\/wp-json\/wp\/v2\/product_cat?post=84756"},{"taxonomy":"product_tag","embeddable":true,"href":"https:\/\/www.demosmobilia.ch\/fr\/wp-json\/wp\/v2\/product_tag?post=84756"}],"curies":[{"name":"wp","href":"https:\/\/api.w.org\/{rel}","templated":true}]}}