{"id":84687,"date":"2026-01-15T08:30:39","date_gmt":"2026-01-15T07:30:39","guid":{"rendered":"https:\/\/www.demosmobilia.ch\/product\/tabouret-pliant\/"},"modified":"2026-01-11T21:10:41","modified_gmt":"2026-01-11T20:10:41","slug":"tabouret-pliant","status":"publish","type":"product","link":"https:\/\/www.demosmobilia.ch\/fr\/product\/tabouret-pliant\/","title":{"rendered":"Tabouret pliant"},"content":{"rendered":"<p data-start=\"91\" data-end=\"426\">Mobili Pizzetti a jou\u00e9 un r\u00f4le important dans le design mobilier italien, en produisant des meubles de haute qualit\u00e9 alliant savoir-faire artisanal, fonctionnalit\u00e9 et esth\u00e9tique moderne. Active principalement au milieu du XXe si\u00e8cle, l&rsquo;entreprise s&rsquo;est concentr\u00e9e sur une production raffin\u00e9e, travaillant avec des mat\u00e9riaux soigneusement s\u00e9lectionn\u00e9s et des formes \u00e9pur\u00e9es et \u00e9quilibr\u00e9es.<br \/>La production de Mobili Pizzetti refl\u00e8te une grande attention port\u00e9e aux proportions, aux d\u00e9tails et \u00e0 la fonctionnalit\u00e9, en phase avec l&rsquo;\u00e9volution des int\u00e9rieurs italiens modernes. Gr\u00e2ce \u00e0 une approche mesur\u00e9e et fonctionnelle, Mobili Pizzetti a contribu\u00e9 au d\u00e9veloppement d&rsquo;un design italien intemporel, appr\u00e9ci\u00e9 pour sa durabilit\u00e9 et son \u00e9l\u00e9gance discr\u00e8te.  <\/p>\n","protected":false},"excerpt":{"rendered":"<p>Mobili Pizzetti a jou\u00e9 un r\u00f4le important dans le design mobilier italien, en produisant des meubles de haute qualit\u00e9 alliant savoir-faire artisanal, fonctionnalit\u00e9 et esth\u00e9tique moderne. Active principalement au milieu du XXe si\u00e8cle, l&rsquo;entreprise s&rsquo;est concentr\u00e9e sur une production raffin\u00e9e, travaillant avec des mat\u00e9riaux soigneusement s\u00e9lectionn\u00e9s et des formes \u00e9pur\u00e9es et \u00e9quilibr\u00e9es.La production de Mobili Pizzetti refl\u00e8te une grande attention port\u00e9e aux proportions, aux d\u00e9tails et \u00e0 la fonctionnalit\u00e9, en phase avec l&rsquo;\u00e9volution des int\u00e9rieurs italiens modernes. Gr\u00e2ce \u00e0 une approche mesur\u00e9e et fonctionnelle, Mobili Pizzetti a contribu\u00e9 au d\u00e9veloppement d&rsquo;un design italien intemporel, appr\u00e9ci\u00e9 pour sa durabilit\u00e9 et son \u00e9l\u00e9gance discr\u00e8te.<a class=\"more-link\" href=\"https:\/\/www.demosmobilia.ch\/fr\/product\/tabouret-pliant\/\">Read More &rarr;<\/a><\/p>\n","protected":false},"featured_media":84672,"template":"","meta":{"_monsterinsights_skip_tracking":false,"_monsterinsights_sitenote_active":false,"_monsterinsights_sitenote_note":"","_monsterinsights_sitenote_category":0,"kk_blocks_editor_width":"","_kiokenblocks_attr":"","_kiokenblocks_dimensions":""},"product_cat":[4071,4268],"product_tag":[],"class_list":{"0":"entry","1":"author-demosmobilia","2":"post-84687","3":"product","4":"type-product","5":"status-publish","6":"has-post-thumbnail","7":"product_production-mobili-pizzetti","8":"product_year-1950-approx","9":"product_nation-italie-fr","10":"product_cat-nouveautes","11":"product_cat-tabourets","12":"pa_product_dimension-62-x-32-x-assise-ht-43-x-total-ht-475-cm","13":"pa_product_material-contreplaque-de-teck-metal-laque-plastique","15":"first","16":"outofstock","17":"shipping-taxable","18":"purchasable","19":"product-type-simple"},"yoast_head":"<!-- This site is optimized with the Yoast SEO plugin v24.0 - https:\/\/yoast.com\/wordpress\/plugins\/seo\/ -->\n<title>Tabouret pliant &#8211; Demosmobilia<\/title>\n<meta name=\"robots\" content=\"index, follow, max-snippet:-1, max-image-preview:large, max-video-preview:-1\" \/>\n<link rel=\"canonical\" href=\"https:\/\/www.demosmobilia.ch\/fr\/product\/tabouret-pliant\/\" \/>\n<meta property=\"og:locale\" content=\"fr_FR\" \/>\n<meta property=\"og:type\" content=\"article\" \/>\n<meta property=\"og:title\" content=\"Tabouret pliant &#8211; Demosmobilia\" \/>\n<meta property=\"og:description\" content=\"Mobili Pizzetti a jou\u00e9 un r\u00f4le important dans le design mobilier italien, en produisant des meubles de haute qualit\u00e9 alliant savoir-faire artisanal, fonctionnalit\u00e9 et esth\u00e9tique moderne. Active principalement au milieu du XXe si\u00e8cle, l&rsquo;entreprise s&rsquo;est concentr\u00e9e sur une production raffin\u00e9e, travaillant avec des mat\u00e9riaux soigneusement s\u00e9lectionn\u00e9s et des formes \u00e9pur\u00e9es et \u00e9quilibr\u00e9es.La production de Mobili Pizzetti refl\u00e8te une grande attention port\u00e9e aux proportions, aux d\u00e9tails et \u00e0 la fonctionnalit\u00e9, en phase avec l&rsquo;\u00e9volution des int\u00e9rieurs italiens modernes. Gr\u00e2ce \u00e0 une approche mesur\u00e9e et fonctionnelle, Mobili Pizzetti a contribu\u00e9 au d\u00e9veloppement d&rsquo;un design italien intemporel, appr\u00e9ci\u00e9 pour sa durabilit\u00e9 et son \u00e9l\u00e9gance discr\u00e8te.Read More &rarr;\" \/>\n<meta property=\"og:url\" content=\"https:\/\/www.demosmobilia.ch\/fr\/product\/tabouret-pliant\/\" \/>\n<meta property=\"og:site_name\" content=\"Demosmobilia\" \/>\n<meta property=\"article:publisher\" content=\"https:\/\/www.facebook.com\/Demos-Mobilia-1137017453131445\/\" \/>\n<meta property=\"article:modified_time\" content=\"2026-01-11T20:10:41+00:00\" \/>\n<meta property=\"og:image\" content=\"https:\/\/www.demosmobilia.ch\/wp-content\/uploads\/2026\/01\/mobili-pizzetti-bend-stool-italian-design-1950-01.jpg\" \/>\n\t<meta property=\"og:image:width\" content=\"1200\" \/>\n\t<meta property=\"og:image:height\" content=\"900\" \/>\n\t<meta property=\"og:image:type\" content=\"image\/jpeg\" \/>\n<meta name=\"twitter:card\" content=\"summary_large_image\" \/>\n<meta name=\"twitter:label1\" content=\"Dur\u00e9e de lecture estim\u00e9e\" \/>\n\t<meta name=\"twitter:data1\" content=\"1 minute\" \/>\n<script type=\"application\/ld+json\" class=\"yoast-schema-graph\">{\"@context\":\"https:\/\/schema.org\",\"@graph\":[{\"@type\":\"WebPage\",\"@id\":\"https:\/\/www.demosmobilia.ch\/fr\/product\/tabouret-pliant\/\",\"url\":\"https:\/\/www.demosmobilia.ch\/fr\/product\/tabouret-pliant\/\",\"name\":\"Tabouret pliant &#8211; Demosmobilia\",\"isPartOf\":{\"@id\":\"https:\/\/www.demosmobilia.ch\/fr\/#website\"},\"primaryImageOfPage\":{\"@id\":\"https:\/\/www.demosmobilia.ch\/fr\/product\/tabouret-pliant\/#primaryimage\"},\"image\":{\"@id\":\"https:\/\/www.demosmobilia.ch\/fr\/product\/tabouret-pliant\/#primaryimage\"},\"thumbnailUrl\":\"https:\/\/www.demosmobilia.ch\/wp-content\/uploads\/2026\/01\/mobili-pizzetti-bend-stool-italian-design-1950-01.jpg\",\"datePublished\":\"2026-01-15T07:30:39+00:00\",\"dateModified\":\"2026-01-11T20:10:41+00:00\",\"breadcrumb\":{\"@id\":\"https:\/\/www.demosmobilia.ch\/fr\/product\/tabouret-pliant\/#breadcrumb\"},\"inLanguage\":\"fr-FR\",\"potentialAction\":[{\"@type\":\"ReadAction\",\"target\":[\"https:\/\/www.demosmobilia.ch\/fr\/product\/tabouret-pliant\/\"]}]},{\"@type\":\"ImageObject\",\"inLanguage\":\"fr-FR\",\"@id\":\"https:\/\/www.demosmobilia.ch\/fr\/product\/tabouret-pliant\/#primaryimage\",\"url\":\"https:\/\/www.demosmobilia.ch\/wp-content\/uploads\/2026\/01\/mobili-pizzetti-bend-stool-italian-design-1950-01.jpg\",\"contentUrl\":\"https:\/\/www.demosmobilia.ch\/wp-content\/uploads\/2026\/01\/mobili-pizzetti-bend-stool-italian-design-1950-01.jpg\",\"width\":1200,\"height\":900},{\"@type\":\"BreadcrumbList\",\"@id\":\"https:\/\/www.demosmobilia.ch\/fr\/product\/tabouret-pliant\/#breadcrumb\",\"itemListElement\":[{\"@type\":\"ListItem\",\"position\":1,\"name\":\"Home\",\"item\":\"https:\/\/www.demosmobilia.ch\/fr\/\"},{\"@type\":\"ListItem\",\"position\":2,\"name\":\"Produits\",\"item\":\"https:\/\/www.demosmobilia.ch\/fr\/shop\/\"},{\"@type\":\"ListItem\",\"position\":3,\"name\":\"Tabouret pliant\"}]},{\"@type\":\"WebSite\",\"@id\":\"https:\/\/www.demosmobilia.ch\/fr\/#website\",\"url\":\"https:\/\/www.demosmobilia.ch\/fr\/\",\"name\":\"Demosmobilia\",\"description\":\"Vintage Mid Century Modern Design Furniture from the &#039;30s to the &#039;80s\",\"publisher\":{\"@id\":\"https:\/\/www.demosmobilia.ch\/fr\/#organization\"},\"potentialAction\":[{\"@type\":\"SearchAction\",\"target\":{\"@type\":\"EntryPoint\",\"urlTemplate\":\"https:\/\/www.demosmobilia.ch\/fr\/?s={search_term_string}\"},\"query-input\":{\"@type\":\"PropertyValueSpecification\",\"valueRequired\":true,\"valueName\":\"search_term_string\"}}],\"inLanguage\":\"fr-FR\"},{\"@type\":\"Organization\",\"@id\":\"https:\/\/www.demosmobilia.ch\/fr\/#organization\",\"name\":\"demosmobilia\",\"url\":\"https:\/\/www.demosmobilia.ch\/fr\/\",\"logo\":{\"@type\":\"ImageObject\",\"inLanguage\":\"fr-FR\",\"@id\":\"https:\/\/www.demosmobilia.ch\/fr\/#\/schema\/logo\/image\/\",\"url\":\"https:\/\/www.demosmobilia.ch\/wp-content\/uploads\/2020\/07\/demosmobilia-logo-2020-230-160.png\",\"contentUrl\":\"https:\/\/www.demosmobilia.ch\/wp-content\/uploads\/2020\/07\/demosmobilia-logo-2020-230-160.png\",\"width\":230,\"height\":160,\"caption\":\"demosmobilia\"},\"image\":{\"@id\":\"https:\/\/www.demosmobilia.ch\/fr\/#\/schema\/logo\/image\/\"},\"sameAs\":[\"https:\/\/www.facebook.com\/Demos-Mobilia-1137017453131445\/\",\"https:\/\/www.instagram.com\/demosmobilia\/\"]}]}<\/script>\n<!-- \/ Yoast SEO plugin. -->","yoast_head_json":{"title":"Tabouret pliant &#8211; Demosmobilia","robots":{"index":"index","follow":"follow","max-snippet":"max-snippet:-1","max-image-preview":"max-image-preview:large","max-video-preview":"max-video-preview:-1"},"canonical":"https:\/\/www.demosmobilia.ch\/fr\/product\/tabouret-pliant\/","og_locale":"fr_FR","og_type":"article","og_title":"Tabouret pliant &#8211; Demosmobilia","og_description":"Mobili Pizzetti a jou\u00e9 un r\u00f4le important dans le design mobilier italien, en produisant des meubles de haute qualit\u00e9 alliant savoir-faire artisanal, fonctionnalit\u00e9 et esth\u00e9tique moderne. Active principalement au milieu du XXe si\u00e8cle, l&rsquo;entreprise s&rsquo;est concentr\u00e9e sur une production raffin\u00e9e, travaillant avec des mat\u00e9riaux soigneusement s\u00e9lectionn\u00e9s et des formes \u00e9pur\u00e9es et \u00e9quilibr\u00e9es.La production de Mobili Pizzetti refl\u00e8te une grande attention port\u00e9e aux proportions, aux d\u00e9tails et \u00e0 la fonctionnalit\u00e9, en phase avec l&rsquo;\u00e9volution des int\u00e9rieurs italiens modernes. Gr\u00e2ce \u00e0 une approche mesur\u00e9e et fonctionnelle, Mobili Pizzetti a contribu\u00e9 au d\u00e9veloppement d&rsquo;un design italien intemporel, appr\u00e9ci\u00e9 pour sa durabilit\u00e9 et son \u00e9l\u00e9gance discr\u00e8te.Read More &rarr;","og_url":"https:\/\/www.demosmobilia.ch\/fr\/product\/tabouret-pliant\/","og_site_name":"Demosmobilia","article_publisher":"https:\/\/www.facebook.com\/Demos-Mobilia-1137017453131445\/","article_modified_time":"2026-01-11T20:10:41+00:00","og_image":[{"width":1200,"height":900,"url":"https:\/\/www.demosmobilia.ch\/wp-content\/uploads\/2026\/01\/mobili-pizzetti-bend-stool-italian-design-1950-01.jpg","type":"image\/jpeg"}],"twitter_card":"summary_large_image","twitter_misc":{"Dur\u00e9e de lecture estim\u00e9e":"1 minute"},"schema":{"@context":"https:\/\/schema.org","@graph":[{"@type":"WebPage","@id":"https:\/\/www.demosmobilia.ch\/fr\/product\/tabouret-pliant\/","url":"https:\/\/www.demosmobilia.ch\/fr\/product\/tabouret-pliant\/","name":"Tabouret pliant &#8211; Demosmobilia","isPartOf":{"@id":"https:\/\/www.demosmobilia.ch\/fr\/#website"},"primaryImageOfPage":{"@id":"https:\/\/www.demosmobilia.ch\/fr\/product\/tabouret-pliant\/#primaryimage"},"image":{"@id":"https:\/\/www.demosmobilia.ch\/fr\/product\/tabouret-pliant\/#primaryimage"},"thumbnailUrl":"https:\/\/www.demosmobilia.ch\/wp-content\/uploads\/2026\/01\/mobili-pizzetti-bend-stool-italian-design-1950-01.jpg","datePublished":"2026-01-15T07:30:39+00:00","dateModified":"2026-01-11T20:10:41+00:00","breadcrumb":{"@id":"https:\/\/www.demosmobilia.ch\/fr\/product\/tabouret-pliant\/#breadcrumb"},"inLanguage":"fr-FR","potentialAction":[{"@type":"ReadAction","target":["https:\/\/www.demosmobilia.ch\/fr\/product\/tabouret-pliant\/"]}]},{"@type":"ImageObject","inLanguage":"fr-FR","@id":"https:\/\/www.demosmobilia.ch\/fr\/product\/tabouret-pliant\/#primaryimage","url":"https:\/\/www.demosmobilia.ch\/wp-content\/uploads\/2026\/01\/mobili-pizzetti-bend-stool-italian-design-1950-01.jpg","contentUrl":"https:\/\/www.demosmobilia.ch\/wp-content\/uploads\/2026\/01\/mobili-pizzetti-bend-stool-italian-design-1950-01.jpg","width":1200,"height":900},{"@type":"BreadcrumbList","@id":"https:\/\/www.demosmobilia.ch\/fr\/product\/tabouret-pliant\/#breadcrumb","itemListElement":[{"@type":"ListItem","position":1,"name":"Home","item":"https:\/\/www.demosmobilia.ch\/fr\/"},{"@type":"ListItem","position":2,"name":"Produits","item":"https:\/\/www.demosmobilia.ch\/fr\/shop\/"},{"@type":"ListItem","position":3,"name":"Tabouret pliant"}]},{"@type":"WebSite","@id":"https:\/\/www.demosmobilia.ch\/fr\/#website","url":"https:\/\/www.demosmobilia.ch\/fr\/","name":"Demosmobilia","description":"Vintage Mid Century Modern Design Furniture from the &#039;30s to the &#039;80s","publisher":{"@id":"https:\/\/www.demosmobilia.ch\/fr\/#organization"},"potentialAction":[{"@type":"SearchAction","target":{"@type":"EntryPoint","urlTemplate":"https:\/\/www.demosmobilia.ch\/fr\/?s={search_term_string}"},"query-input":{"@type":"PropertyValueSpecification","valueRequired":true,"valueName":"search_term_string"}}],"inLanguage":"fr-FR"},{"@type":"Organization","@id":"https:\/\/www.demosmobilia.ch\/fr\/#organization","name":"demosmobilia","url":"https:\/\/www.demosmobilia.ch\/fr\/","logo":{"@type":"ImageObject","inLanguage":"fr-FR","@id":"https:\/\/www.demosmobilia.ch\/fr\/#\/schema\/logo\/image\/","url":"https:\/\/www.demosmobilia.ch\/wp-content\/uploads\/2020\/07\/demosmobilia-logo-2020-230-160.png","contentUrl":"https:\/\/www.demosmobilia.ch\/wp-content\/uploads\/2020\/07\/demosmobilia-logo-2020-230-160.png","width":230,"height":160,"caption":"demosmobilia"},"image":{"@id":"https:\/\/www.demosmobilia.ch\/fr\/#\/schema\/logo\/image\/"},"sameAs":["https:\/\/www.facebook.com\/Demos-Mobilia-1137017453131445\/","https:\/\/www.instagram.com\/demosmobilia\/"]}]}},"_links":{"self":[{"href":"https:\/\/www.demosmobilia.ch\/fr\/wp-json\/wp\/v2\/product\/84687","targetHints":{"allow":["GET"]}}],"collection":[{"href":"https:\/\/www.demosmobilia.ch\/fr\/wp-json\/wp\/v2\/product"}],"about":[{"href":"https:\/\/www.demosmobilia.ch\/fr\/wp-json\/wp\/v2\/types\/product"}],"wp:featuredmedia":[{"embeddable":true,"href":"https:\/\/www.demosmobilia.ch\/fr\/wp-json\/wp\/v2\/media\/84672"}],"wp:attachment":[{"href":"https:\/\/www.demosmobilia.ch\/fr\/wp-json\/wp\/v2\/media?parent=84687"}],"wp:term":[{"taxonomy":"product_cat","embeddable":true,"href":"https:\/\/www.demosmobilia.ch\/fr\/wp-json\/wp\/v2\/product_cat?post=84687"},{"taxonomy":"product_tag","embeddable":true,"href":"https:\/\/www.demosmobilia.ch\/fr\/wp-json\/wp\/v2\/product_tag?post=84687"}],"curies":[{"name":"wp","href":"https:\/\/api.w.org\/{rel}","templated":true}]}}