{"id":84667,"date":"2026-02-27T08:27:39","date_gmt":"2026-02-27T07:27:39","guid":{"rendered":"https:\/\/www.demosmobilia.ch\/product\/chaise-de-bureau-coulissante-modele-planula\/"},"modified":"2026-01-11T20:52:01","modified_gmt":"2026-01-11T19:52:01","slug":"chaise-de-bureau-coulissante-modele-planula","status":"publish","type":"product","link":"https:\/\/www.demosmobilia.ch\/fr\/product\/chaise-de-bureau-coulissante-modele-planula\/","title":{"rendered":"Chaise de bureau coulissante mod\u00e8le Planula"},"content":{"rendered":"<div class=\"flex flex-col text-sm pb-25\">\n<article class=\"text-token-text-primary w-full focus:outline-none [--shadow-height:45px] has-data-writing-block:pointer-events-none has-data-writing-block:-mt-(--shadow-height) has-data-writing-block:pt-(--shadow-height) [&amp;:has([data-writing-block])&gt;*]:pointer-events-auto scroll-mt-[calc(var(--header-height)+min(200px,max(70px,20svh)))]\" dir=\"auto\" tabindex=\"-1\" data-turn-id=\"request-WEB:107a0042-216d-4393-b5ce-5f563330a0a7-33\" data-testid=\"conversation-turn-68\" data-scroll-anchor=\"true\" data-turn=\"assistant\">\n<div class=\"text-base my-auto mx-auto pb-10 [--thread-content-margin:--spacing(4)] @w-sm\/main:[--thread-content-margin:--spacing(6)] @w-lg\/main:[--thread-content-margin:--spacing(16)] px-(--thread-content-margin)\">\n<div class=\"[--thread-content-max-width:40rem] @w-lg\/main:[--thread-content-max-width:48rem] mx-auto max-w-(--thread-content-max-width) flex-1 group\/turn-messages focus-visible:outline-hidden relative flex w-full min-w-0 flex-col agent-turn\" tabindex=\"-1\">\n<div class=\"flex max-w-full flex-col grow\">\n<div class=\"min-h-8 text-message relative flex w-full flex-col items-end gap-2 text-start break-words whitespace-normal [.text-message+&amp;]:mt-1\" dir=\"auto\" data-message-author-role=\"assistant\" data-message-id=\"73123848-af25-4af8-b287-317583469423\" data-message-model-slug=\"gpt-5-2\">\n<div class=\"flex w-full flex-col gap-1 empty:hidden first:pt-[1px]\">\n<div class=\"markdown prose dark:prose-invert w-full break-words light markdown-new-styling\">\n<p data-start=\"108\" data-end=\"802\">Perry King (1938-2020) \u00e9tait un designer britannique qui, apr\u00e8s avoir \u00e9tudi\u00e9 \u00e0 Birmingham, a choisi l&rsquo;Italie comme base pour sa carri\u00e8re. Il a rejoint le studio d&rsquo;Ettore Sottsass, alors consultant pour Olivetti, o\u00f9 il a d\u00e9velopp\u00e9 un lien fort avec le design industriel italien. En 1970, en collaboration avec Santiago Miranda, King a contribu\u00e9 \u00e0 la conception et au succ\u00e8s international de la machine \u00e0 \u00e9crire portable Valentine, l&rsquo;un des produits les plus embl\u00e9matiques du design du XXe si\u00e8cle. En 1976, King et Miranda ont fond\u00e9 le Studio King Miranda, qui a ensuite collabor\u00e9 avec de grandes entreprises de mobilier et d&rsquo;\u00e9clairage. Leur travail leur a valu de nombreux prix et distinctions internationaux.<br \/>\nEttore Sottsass (1917-2007) est l&rsquo;un des architectes et designers italiens les plus influents du XXe si\u00e8cle. N\u00e9 \u00e0 Innsbruck et form\u00e9 \u00e0 l&rsquo;universit\u00e9 polytechnique de Turin, Sottsass d\u00e9veloppe une approche \u00e9clectique et exp\u00e9rimentale du design. En 1981, il a fond\u00e9 le groupe Memphis, transformant radicalement le paysage du design avec des couleurs audacieuses, des formes ludiques et une esth\u00e9tique anti-rationaliste. Sa longue collaboration avec Olivetti a donn\u00e9 naissance \u00e0 des projets prim\u00e9s tels que l&rsquo;ordinateur Elea 9003 et la machine \u00e0 \u00e9crire Valentine. Couvrant l&rsquo;architecture, le mobilier et les objets du quotidien, le travail de Sottsass l&rsquo;a impos\u00e9 comme une figure centrale du design italien moderne et d&rsquo;apr\u00e8s-guerre.        <\/p>\n<\/div>\n<\/div>\n<\/div>\n<\/div>\n<\/div>\n<\/div>\n<\/article>\n<\/div>\n","protected":false},"excerpt":{"rendered":"<p>Perry King (1938-2020) \u00e9tait un designer britannique qui, apr\u00e8s avoir \u00e9tudi\u00e9 \u00e0 Birmingham, a choisi l&rsquo;Italie comme base pour sa carri\u00e8re. Il a rejoint le studio d&rsquo;Ettore Sottsass, alors consultant pour Olivetti, o\u00f9 il a d\u00e9velopp\u00e9 un lien fort avec le design industriel italien. En 1970, en collaboration avec Santiago Miranda, King a contribu\u00e9 \u00e0 la conception et au succ\u00e8s international de la machine \u00e0 \u00e9crire portable Valentine, l&rsquo;un des produits les plus embl\u00e9matiques du design du XXe si\u00e8cle. En 1976, King et Miranda ont fond\u00e9 le Studio King Miranda, qui a ensuite collabor\u00e9 avec de grandes entreprises de mobilier et d&rsquo;\u00e9clairage. Leur travail leur<a class=\"more-link\" href=\"https:\/\/www.demosmobilia.ch\/fr\/product\/chaise-de-bureau-coulissante-modele-planula\/\">Read More &rarr;<\/a><\/p>\n","protected":false},"featured_media":84786,"template":"","meta":{"_monsterinsights_skip_tracking":false,"_monsterinsights_sitenote_active":false,"_monsterinsights_sitenote_note":"","_monsterinsights_sitenote_category":0,"kk_blocks_editor_width":"","_kiokenblocks_attr":"","_kiokenblocks_dimensions":""},"product_cat":[4266,4263,4071],"product_tag":[7188,6585],"class_list":{"0":"entry","1":"author-demosmobilia","2":"post-84667","3":"product","4":"type-product","5":"status-publish","6":"has-post-thumbnail","7":"product_production-planula-di-agliana","8":"product_year-3328","9":"product_nation-italie-fr","10":"product_cat-chaises-fr","11":"product_cat-fauteuils-fr","12":"product_cat-nouveautes","13":"product_tag-king-perry-fr","14":"product_tag-sottsass-ettore-fr","15":"pa_product_dimension-68-x-70-x-assise-ht-reglable-x-ht-totale-80-cm","16":"pa_product_material-aluminium-anodise-metal-tissu-boucle-en-laine-epaisse","18":"first","19":"outofstock","20":"shipping-taxable","21":"product-type-simple"},"yoast_head":"<!-- This site is optimized with the Yoast SEO plugin v24.0 - https:\/\/yoast.com\/wordpress\/plugins\/seo\/ -->\n<title>Chaise de bureau coulissante mod\u00e8le Planula &#8211; Demosmobilia<\/title>\n<meta name=\"robots\" content=\"index, follow, max-snippet:-1, max-image-preview:large, max-video-preview:-1\" \/>\n<link rel=\"canonical\" href=\"https:\/\/www.demosmobilia.ch\/fr\/product\/chaise-de-bureau-coulissante-modele-planula\/\" \/>\n<meta property=\"og:locale\" content=\"fr_FR\" \/>\n<meta property=\"og:type\" content=\"article\" \/>\n<meta property=\"og:title\" content=\"Chaise de bureau coulissante mod\u00e8le Planula &#8211; Demosmobilia\" \/>\n<meta property=\"og:description\" content=\"Perry King (1938-2020) \u00e9tait un designer britannique qui, apr\u00e8s avoir \u00e9tudi\u00e9 \u00e0 Birmingham, a choisi l&rsquo;Italie comme base pour sa carri\u00e8re. Il a rejoint le studio d&rsquo;Ettore Sottsass, alors consultant pour Olivetti, o\u00f9 il a d\u00e9velopp\u00e9 un lien fort avec le design industriel italien. En 1970, en collaboration avec Santiago Miranda, King a contribu\u00e9 \u00e0 la conception et au succ\u00e8s international de la machine \u00e0 \u00e9crire portable Valentine, l&rsquo;un des produits les plus embl\u00e9matiques du design du XXe si\u00e8cle. En 1976, King et Miranda ont fond\u00e9 le Studio King Miranda, qui a ensuite collabor\u00e9 avec de grandes entreprises de mobilier et d&rsquo;\u00e9clairage. Leur travail leurRead More &rarr;\" \/>\n<meta property=\"og:url\" content=\"https:\/\/www.demosmobilia.ch\/fr\/product\/chaise-de-bureau-coulissante-modele-planula\/\" \/>\n<meta property=\"og:site_name\" content=\"Demosmobilia\" \/>\n<meta property=\"article:publisher\" content=\"https:\/\/www.facebook.com\/Demos-Mobilia-1137017453131445\/\" \/>\n<meta property=\"article:modified_time\" content=\"2026-01-11T19:52:01+00:00\" \/>\n<meta property=\"og:image\" content=\"https:\/\/www.demosmobilia.ch\/wp-content\/uploads\/2025\/12\/planula-swivel-armchair-ettore-sottsass-perry-king-santiago-miranda-1970-01.jpg\" \/>\n\t<meta property=\"og:image:width\" content=\"1200\" \/>\n\t<meta property=\"og:image:height\" content=\"900\" \/>\n\t<meta property=\"og:image:type\" content=\"image\/jpeg\" \/>\n<meta name=\"twitter:card\" content=\"summary_large_image\" \/>\n<meta name=\"twitter:label1\" content=\"Dur\u00e9e de lecture estim\u00e9e\" \/>\n\t<meta name=\"twitter:data1\" content=\"1 minute\" \/>\n<script type=\"application\/ld+json\" class=\"yoast-schema-graph\">{\"@context\":\"https:\/\/schema.org\",\"@graph\":[{\"@type\":\"WebPage\",\"@id\":\"https:\/\/www.demosmobilia.ch\/fr\/product\/chaise-de-bureau-coulissante-modele-planula\/\",\"url\":\"https:\/\/www.demosmobilia.ch\/fr\/product\/chaise-de-bureau-coulissante-modele-planula\/\",\"name\":\"Chaise de bureau coulissante mod\u00e8le Planula &#8211; Demosmobilia\",\"isPartOf\":{\"@id\":\"https:\/\/www.demosmobilia.ch\/fr\/#website\"},\"primaryImageOfPage\":{\"@id\":\"https:\/\/www.demosmobilia.ch\/fr\/product\/chaise-de-bureau-coulissante-modele-planula\/#primaryimage\"},\"image\":{\"@id\":\"https:\/\/www.demosmobilia.ch\/fr\/product\/chaise-de-bureau-coulissante-modele-planula\/#primaryimage\"},\"thumbnailUrl\":\"https:\/\/www.demosmobilia.ch\/wp-content\/uploads\/2025\/12\/planula-swivel-armchair-ettore-sottsass-perry-king-santiago-miranda-1970-01.jpg\",\"datePublished\":\"2026-02-27T07:27:39+00:00\",\"dateModified\":\"2026-01-11T19:52:01+00:00\",\"breadcrumb\":{\"@id\":\"https:\/\/www.demosmobilia.ch\/fr\/product\/chaise-de-bureau-coulissante-modele-planula\/#breadcrumb\"},\"inLanguage\":\"fr-FR\",\"potentialAction\":[{\"@type\":\"ReadAction\",\"target\":[\"https:\/\/www.demosmobilia.ch\/fr\/product\/chaise-de-bureau-coulissante-modele-planula\/\"]}]},{\"@type\":\"ImageObject\",\"inLanguage\":\"fr-FR\",\"@id\":\"https:\/\/www.demosmobilia.ch\/fr\/product\/chaise-de-bureau-coulissante-modele-planula\/#primaryimage\",\"url\":\"https:\/\/www.demosmobilia.ch\/wp-content\/uploads\/2025\/12\/planula-swivel-armchair-ettore-sottsass-perry-king-santiago-miranda-1970-01.jpg\",\"contentUrl\":\"https:\/\/www.demosmobilia.ch\/wp-content\/uploads\/2025\/12\/planula-swivel-armchair-ettore-sottsass-perry-king-santiago-miranda-1970-01.jpg\",\"width\":1200,\"height\":900},{\"@type\":\"BreadcrumbList\",\"@id\":\"https:\/\/www.demosmobilia.ch\/fr\/product\/chaise-de-bureau-coulissante-modele-planula\/#breadcrumb\",\"itemListElement\":[{\"@type\":\"ListItem\",\"position\":1,\"name\":\"Home\",\"item\":\"https:\/\/www.demosmobilia.ch\/fr\/\"},{\"@type\":\"ListItem\",\"position\":2,\"name\":\"Produits\",\"item\":\"https:\/\/www.demosmobilia.ch\/fr\/shop\/\"},{\"@type\":\"ListItem\",\"position\":3,\"name\":\"Chaise de bureau coulissante mod\u00e8le Planula\"}]},{\"@type\":\"WebSite\",\"@id\":\"https:\/\/www.demosmobilia.ch\/fr\/#website\",\"url\":\"https:\/\/www.demosmobilia.ch\/fr\/\",\"name\":\"Demosmobilia\",\"description\":\"Vintage Mid Century Modern Design Furniture from the &#039;30s to the &#039;80s\",\"publisher\":{\"@id\":\"https:\/\/www.demosmobilia.ch\/fr\/#organization\"},\"potentialAction\":[{\"@type\":\"SearchAction\",\"target\":{\"@type\":\"EntryPoint\",\"urlTemplate\":\"https:\/\/www.demosmobilia.ch\/fr\/?s={search_term_string}\"},\"query-input\":{\"@type\":\"PropertyValueSpecification\",\"valueRequired\":true,\"valueName\":\"search_term_string\"}}],\"inLanguage\":\"fr-FR\"},{\"@type\":\"Organization\",\"@id\":\"https:\/\/www.demosmobilia.ch\/fr\/#organization\",\"name\":\"demosmobilia\",\"url\":\"https:\/\/www.demosmobilia.ch\/fr\/\",\"logo\":{\"@type\":\"ImageObject\",\"inLanguage\":\"fr-FR\",\"@id\":\"https:\/\/www.demosmobilia.ch\/fr\/#\/schema\/logo\/image\/\",\"url\":\"https:\/\/www.demosmobilia.ch\/wp-content\/uploads\/2020\/07\/demosmobilia-logo-2020-230-160.png\",\"contentUrl\":\"https:\/\/www.demosmobilia.ch\/wp-content\/uploads\/2020\/07\/demosmobilia-logo-2020-230-160.png\",\"width\":230,\"height\":160,\"caption\":\"demosmobilia\"},\"image\":{\"@id\":\"https:\/\/www.demosmobilia.ch\/fr\/#\/schema\/logo\/image\/\"},\"sameAs\":[\"https:\/\/www.facebook.com\/Demos-Mobilia-1137017453131445\/\",\"https:\/\/www.instagram.com\/demosmobilia\/\"]}]}<\/script>\n<!-- \/ Yoast SEO plugin. -->","yoast_head_json":{"title":"Chaise de bureau coulissante mod\u00e8le Planula &#8211; Demosmobilia","robots":{"index":"index","follow":"follow","max-snippet":"max-snippet:-1","max-image-preview":"max-image-preview:large","max-video-preview":"max-video-preview:-1"},"canonical":"https:\/\/www.demosmobilia.ch\/fr\/product\/chaise-de-bureau-coulissante-modele-planula\/","og_locale":"fr_FR","og_type":"article","og_title":"Chaise de bureau coulissante mod\u00e8le Planula &#8211; Demosmobilia","og_description":"Perry King (1938-2020) \u00e9tait un designer britannique qui, apr\u00e8s avoir \u00e9tudi\u00e9 \u00e0 Birmingham, a choisi l&rsquo;Italie comme base pour sa carri\u00e8re. Il a rejoint le studio d&rsquo;Ettore Sottsass, alors consultant pour Olivetti, o\u00f9 il a d\u00e9velopp\u00e9 un lien fort avec le design industriel italien. En 1970, en collaboration avec Santiago Miranda, King a contribu\u00e9 \u00e0 la conception et au succ\u00e8s international de la machine \u00e0 \u00e9crire portable Valentine, l&rsquo;un des produits les plus embl\u00e9matiques du design du XXe si\u00e8cle. En 1976, King et Miranda ont fond\u00e9 le Studio King Miranda, qui a ensuite collabor\u00e9 avec de grandes entreprises de mobilier et d&rsquo;\u00e9clairage. Leur travail leurRead More &rarr;","og_url":"https:\/\/www.demosmobilia.ch\/fr\/product\/chaise-de-bureau-coulissante-modele-planula\/","og_site_name":"Demosmobilia","article_publisher":"https:\/\/www.facebook.com\/Demos-Mobilia-1137017453131445\/","article_modified_time":"2026-01-11T19:52:01+00:00","og_image":[{"width":1200,"height":900,"url":"https:\/\/www.demosmobilia.ch\/wp-content\/uploads\/2025\/12\/planula-swivel-armchair-ettore-sottsass-perry-king-santiago-miranda-1970-01.jpg","type":"image\/jpeg"}],"twitter_card":"summary_large_image","twitter_misc":{"Dur\u00e9e de lecture estim\u00e9e":"1 minute"},"schema":{"@context":"https:\/\/schema.org","@graph":[{"@type":"WebPage","@id":"https:\/\/www.demosmobilia.ch\/fr\/product\/chaise-de-bureau-coulissante-modele-planula\/","url":"https:\/\/www.demosmobilia.ch\/fr\/product\/chaise-de-bureau-coulissante-modele-planula\/","name":"Chaise de bureau coulissante mod\u00e8le Planula &#8211; Demosmobilia","isPartOf":{"@id":"https:\/\/www.demosmobilia.ch\/fr\/#website"},"primaryImageOfPage":{"@id":"https:\/\/www.demosmobilia.ch\/fr\/product\/chaise-de-bureau-coulissante-modele-planula\/#primaryimage"},"image":{"@id":"https:\/\/www.demosmobilia.ch\/fr\/product\/chaise-de-bureau-coulissante-modele-planula\/#primaryimage"},"thumbnailUrl":"https:\/\/www.demosmobilia.ch\/wp-content\/uploads\/2025\/12\/planula-swivel-armchair-ettore-sottsass-perry-king-santiago-miranda-1970-01.jpg","datePublished":"2026-02-27T07:27:39+00:00","dateModified":"2026-01-11T19:52:01+00:00","breadcrumb":{"@id":"https:\/\/www.demosmobilia.ch\/fr\/product\/chaise-de-bureau-coulissante-modele-planula\/#breadcrumb"},"inLanguage":"fr-FR","potentialAction":[{"@type":"ReadAction","target":["https:\/\/www.demosmobilia.ch\/fr\/product\/chaise-de-bureau-coulissante-modele-planula\/"]}]},{"@type":"ImageObject","inLanguage":"fr-FR","@id":"https:\/\/www.demosmobilia.ch\/fr\/product\/chaise-de-bureau-coulissante-modele-planula\/#primaryimage","url":"https:\/\/www.demosmobilia.ch\/wp-content\/uploads\/2025\/12\/planula-swivel-armchair-ettore-sottsass-perry-king-santiago-miranda-1970-01.jpg","contentUrl":"https:\/\/www.demosmobilia.ch\/wp-content\/uploads\/2025\/12\/planula-swivel-armchair-ettore-sottsass-perry-king-santiago-miranda-1970-01.jpg","width":1200,"height":900},{"@type":"BreadcrumbList","@id":"https:\/\/www.demosmobilia.ch\/fr\/product\/chaise-de-bureau-coulissante-modele-planula\/#breadcrumb","itemListElement":[{"@type":"ListItem","position":1,"name":"Home","item":"https:\/\/www.demosmobilia.ch\/fr\/"},{"@type":"ListItem","position":2,"name":"Produits","item":"https:\/\/www.demosmobilia.ch\/fr\/shop\/"},{"@type":"ListItem","position":3,"name":"Chaise de bureau coulissante mod\u00e8le Planula"}]},{"@type":"WebSite","@id":"https:\/\/www.demosmobilia.ch\/fr\/#website","url":"https:\/\/www.demosmobilia.ch\/fr\/","name":"Demosmobilia","description":"Vintage Mid Century Modern Design Furniture from the &#039;30s to the &#039;80s","publisher":{"@id":"https:\/\/www.demosmobilia.ch\/fr\/#organization"},"potentialAction":[{"@type":"SearchAction","target":{"@type":"EntryPoint","urlTemplate":"https:\/\/www.demosmobilia.ch\/fr\/?s={search_term_string}"},"query-input":{"@type":"PropertyValueSpecification","valueRequired":true,"valueName":"search_term_string"}}],"inLanguage":"fr-FR"},{"@type":"Organization","@id":"https:\/\/www.demosmobilia.ch\/fr\/#organization","name":"demosmobilia","url":"https:\/\/www.demosmobilia.ch\/fr\/","logo":{"@type":"ImageObject","inLanguage":"fr-FR","@id":"https:\/\/www.demosmobilia.ch\/fr\/#\/schema\/logo\/image\/","url":"https:\/\/www.demosmobilia.ch\/wp-content\/uploads\/2020\/07\/demosmobilia-logo-2020-230-160.png","contentUrl":"https:\/\/www.demosmobilia.ch\/wp-content\/uploads\/2020\/07\/demosmobilia-logo-2020-230-160.png","width":230,"height":160,"caption":"demosmobilia"},"image":{"@id":"https:\/\/www.demosmobilia.ch\/fr\/#\/schema\/logo\/image\/"},"sameAs":["https:\/\/www.facebook.com\/Demos-Mobilia-1137017453131445\/","https:\/\/www.instagram.com\/demosmobilia\/"]}]}},"_links":{"self":[{"href":"https:\/\/www.demosmobilia.ch\/fr\/wp-json\/wp\/v2\/product\/84667","targetHints":{"allow":["GET"]}}],"collection":[{"href":"https:\/\/www.demosmobilia.ch\/fr\/wp-json\/wp\/v2\/product"}],"about":[{"href":"https:\/\/www.demosmobilia.ch\/fr\/wp-json\/wp\/v2\/types\/product"}],"wp:featuredmedia":[{"embeddable":true,"href":"https:\/\/www.demosmobilia.ch\/fr\/wp-json\/wp\/v2\/media\/84786"}],"wp:attachment":[{"href":"https:\/\/www.demosmobilia.ch\/fr\/wp-json\/wp\/v2\/media?parent=84667"}],"wp:term":[{"taxonomy":"product_cat","embeddable":true,"href":"https:\/\/www.demosmobilia.ch\/fr\/wp-json\/wp\/v2\/product_cat?post=84667"},{"taxonomy":"product_tag","embeddable":true,"href":"https:\/\/www.demosmobilia.ch\/fr\/wp-json\/wp\/v2\/product_tag?post=84667"}],"curies":[{"name":"wp","href":"https:\/\/api.w.org\/{rel}","templated":true}]}}