{"id":84596,"date":"2025-12-18T10:25:54","date_gmt":"2025-12-18T09:25:54","guid":{"rendered":"https:\/\/www.demosmobilia.ch\/product\/buffet-minimaliste-en-palissandre-avec-details-architecturaux\/"},"modified":"2026-01-11T20:55:19","modified_gmt":"2026-01-11T19:55:19","slug":"buffet-minimaliste-en-palissandre-avec-details-architecturaux","status":"publish","type":"product","link":"https:\/\/www.demosmobilia.ch\/fr\/product\/buffet-minimaliste-en-palissandre-avec-details-architecturaux\/","title":{"rendered":"Buffet minimaliste en palissandre avec d\u00e9tails architecturaux"},"content":{"rendered":"<p data-start=\"112\" data-end=\"567\">Fond\u00e9e en 1940, Poggi \u00e9tait \u00e0 l&rsquo;origine un atelier de menuiserie familial qui est devenu l&rsquo;un des plus importants fabricants de meubles italiens de l&rsquo;apr\u00e8s-guerre. \u00c0 partir des ann\u00e9es 1950, Poggi s&rsquo;est forg\u00e9 une solide r\u00e9putation dans la production de meubles design de haute qualit\u00e9, alliant savoir-faire artisanal et innovation industrielle. L&rsquo;entreprise est rest\u00e9e active jusqu&rsquo;\u00e0 la fin des ann\u00e9es 2000, laissant une empreinte durable dans l&rsquo;histoire du design italien.<br \/>\nPoggi a connu son \u00e2ge d&rsquo;or au d\u00e9but des ann\u00e9es 1950, lorsque sa collaboration avec l&rsquo;architecte Franco Albini a jou\u00e9 un r\u00f4le d\u00e9cisif dans la d\u00e9finition de l&rsquo;identit\u00e9 de l&rsquo;entreprise. Ensemble, ils ont d\u00e9velopp\u00e9 des designs embl\u00e9matiques tels que le fauteuil \u00ab Tre Pezzi \u00bb et la table \u00ab Cavalletto \u00bb, aujourd&rsquo;hui consid\u00e9r\u00e9s comme des chefs-d&rsquo;\u0153uvre du design italien moderne du milieu du si\u00e8cle. Au fil des d\u00e9cennies, Poggi a \u00e9largi son r\u00e9seau de collaborations, travaillant avec des designers et des architectes de renom tels que Vico Magistretti, Marco Zanuso, Afra et Tobia Scarpa, et Renzo Piano. Gr\u00e2ce \u00e0 ces partenariats, Poggi a contribu\u00e9 \u00e0 fa\u00e7onner l&rsquo;\u00e9volution du design mobilier italien moderne, en produisant des pi\u00e8ces intemporelles c\u00e9l\u00e9br\u00e9es pour leur \u00e9l\u00e9gance, leur fonctionnalit\u00e9 et leur clart\u00e9 structurelle.     <\/p>\n","protected":false},"excerpt":{"rendered":"<p>Fond\u00e9e en 1940, Poggi \u00e9tait \u00e0 l&rsquo;origine un atelier de menuiserie familial qui est devenu l&rsquo;un des plus importants fabricants de meubles italiens de l&rsquo;apr\u00e8s-guerre. \u00c0 partir des ann\u00e9es 1950, Poggi s&rsquo;est forg\u00e9 une solide r\u00e9putation dans la production de meubles design de haute qualit\u00e9, alliant savoir-faire artisanal et innovation industrielle. L&rsquo;entreprise est rest\u00e9e active jusqu&rsquo;\u00e0 la fin des ann\u00e9es 2000, laissant une empreinte durable dans l&rsquo;histoire du design italien. Poggi a connu son \u00e2ge d&rsquo;or au d\u00e9but des ann\u00e9es 1950, lorsque sa collaboration avec l&rsquo;architecte Franco Albini a jou\u00e9 un r\u00f4le d\u00e9cisif dans la d\u00e9finition de l&rsquo;identit\u00e9 de l&rsquo;entreprise. Ensemble, ils ont d\u00e9velopp\u00e9 des<a class=\"more-link\" href=\"https:\/\/www.demosmobilia.ch\/fr\/product\/buffet-minimaliste-en-palissandre-avec-details-architecturaux\/\">Read More &rarr;<\/a><\/p>\n","protected":false},"featured_media":84802,"template":"","meta":{"_monsterinsights_skip_tracking":false,"_monsterinsights_sitenote_active":false,"_monsterinsights_sitenote_note":"","_monsterinsights_sitenote_category":0,"kk_blocks_editor_width":"","_kiokenblocks_attr":"","_kiokenblocks_dimensions":""},"product_cat":[4274,4071],"product_tag":[],"class_list":{"0":"entry","1":"author-demosmobilia","2":"post-84596","3":"product","4":"type-product","5":"status-publish","6":"has-post-thumbnail","7":"product_production-poggi-attributed","8":"product_year-1950-approx","9":"product_nation-italie-fr","10":"product_cat-buffets","11":"product_cat-nouveautes","12":"pa_product_dimension-211-x-48-5-x-ht-80-cm","13":"pa_product_material-bois-de-rose","15":"first","16":"instock","17":"shipping-taxable","18":"purchasable","19":"product-type-simple"},"yoast_head":"<!-- This site is optimized with the Yoast SEO plugin v24.0 - https:\/\/yoast.com\/wordpress\/plugins\/seo\/ -->\n<title>Buffet minimaliste en palissandre avec d\u00e9tails architecturaux &#8211; Demosmobilia<\/title>\n<meta name=\"robots\" content=\"index, follow, max-snippet:-1, max-image-preview:large, max-video-preview:-1\" \/>\n<link rel=\"canonical\" href=\"https:\/\/www.demosmobilia.ch\/fr\/product\/buffet-minimaliste-en-palissandre-avec-details-architecturaux\/\" \/>\n<meta property=\"og:locale\" content=\"fr_FR\" \/>\n<meta property=\"og:type\" content=\"article\" \/>\n<meta property=\"og:title\" content=\"Buffet minimaliste en palissandre avec d\u00e9tails architecturaux &#8211; Demosmobilia\" \/>\n<meta property=\"og:description\" content=\"Fond\u00e9e en 1940, Poggi \u00e9tait \u00e0 l&rsquo;origine un atelier de menuiserie familial qui est devenu l&rsquo;un des plus importants fabricants de meubles italiens de l&rsquo;apr\u00e8s-guerre. \u00c0 partir des ann\u00e9es 1950, Poggi s&rsquo;est forg\u00e9 une solide r\u00e9putation dans la production de meubles design de haute qualit\u00e9, alliant savoir-faire artisanal et innovation industrielle. L&rsquo;entreprise est rest\u00e9e active jusqu&rsquo;\u00e0 la fin des ann\u00e9es 2000, laissant une empreinte durable dans l&rsquo;histoire du design italien. Poggi a connu son \u00e2ge d&rsquo;or au d\u00e9but des ann\u00e9es 1950, lorsque sa collaboration avec l&rsquo;architecte Franco Albini a jou\u00e9 un r\u00f4le d\u00e9cisif dans la d\u00e9finition de l&rsquo;identit\u00e9 de l&rsquo;entreprise. Ensemble, ils ont d\u00e9velopp\u00e9 desRead More &rarr;\" \/>\n<meta property=\"og:url\" content=\"https:\/\/www.demosmobilia.ch\/fr\/product\/buffet-minimaliste-en-palissandre-avec-details-architecturaux\/\" \/>\n<meta property=\"og:site_name\" content=\"Demosmobilia\" \/>\n<meta property=\"article:publisher\" content=\"https:\/\/www.facebook.com\/Demos-Mobilia-1137017453131445\/\" \/>\n<meta property=\"article:modified_time\" content=\"2026-01-11T19:55:19+00:00\" \/>\n<meta property=\"og:image\" content=\"https:\/\/www.demosmobilia.ch\/wp-content\/uploads\/2025\/12\/rosewood-italian-design-sideboard-1960-01.jpg\" \/>\n\t<meta property=\"og:image:width\" content=\"1200\" \/>\n\t<meta property=\"og:image:height\" content=\"900\" \/>\n\t<meta property=\"og:image:type\" content=\"image\/jpeg\" \/>\n<meta name=\"twitter:card\" content=\"summary_large_image\" \/>\n<meta name=\"twitter:label1\" content=\"Dur\u00e9e de lecture estim\u00e9e\" \/>\n\t<meta name=\"twitter:data1\" content=\"1 minute\" \/>\n<script type=\"application\/ld+json\" class=\"yoast-schema-graph\">{\"@context\":\"https:\/\/schema.org\",\"@graph\":[{\"@type\":\"WebPage\",\"@id\":\"https:\/\/www.demosmobilia.ch\/fr\/product\/buffet-minimaliste-en-palissandre-avec-details-architecturaux\/\",\"url\":\"https:\/\/www.demosmobilia.ch\/fr\/product\/buffet-minimaliste-en-palissandre-avec-details-architecturaux\/\",\"name\":\"Buffet minimaliste en palissandre avec d\u00e9tails architecturaux &#8211; Demosmobilia\",\"isPartOf\":{\"@id\":\"https:\/\/www.demosmobilia.ch\/fr\/#website\"},\"primaryImageOfPage\":{\"@id\":\"https:\/\/www.demosmobilia.ch\/fr\/product\/buffet-minimaliste-en-palissandre-avec-details-architecturaux\/#primaryimage\"},\"image\":{\"@id\":\"https:\/\/www.demosmobilia.ch\/fr\/product\/buffet-minimaliste-en-palissandre-avec-details-architecturaux\/#primaryimage\"},\"thumbnailUrl\":\"https:\/\/www.demosmobilia.ch\/wp-content\/uploads\/2025\/12\/rosewood-italian-design-sideboard-1960-01.jpg\",\"datePublished\":\"2025-12-18T09:25:54+00:00\",\"dateModified\":\"2026-01-11T19:55:19+00:00\",\"breadcrumb\":{\"@id\":\"https:\/\/www.demosmobilia.ch\/fr\/product\/buffet-minimaliste-en-palissandre-avec-details-architecturaux\/#breadcrumb\"},\"inLanguage\":\"fr-FR\",\"potentialAction\":[{\"@type\":\"ReadAction\",\"target\":[\"https:\/\/www.demosmobilia.ch\/fr\/product\/buffet-minimaliste-en-palissandre-avec-details-architecturaux\/\"]}]},{\"@type\":\"ImageObject\",\"inLanguage\":\"fr-FR\",\"@id\":\"https:\/\/www.demosmobilia.ch\/fr\/product\/buffet-minimaliste-en-palissandre-avec-details-architecturaux\/#primaryimage\",\"url\":\"https:\/\/www.demosmobilia.ch\/wp-content\/uploads\/2025\/12\/rosewood-italian-design-sideboard-1960-01.jpg\",\"contentUrl\":\"https:\/\/www.demosmobilia.ch\/wp-content\/uploads\/2025\/12\/rosewood-italian-design-sideboard-1960-01.jpg\",\"width\":1200,\"height\":900},{\"@type\":\"BreadcrumbList\",\"@id\":\"https:\/\/www.demosmobilia.ch\/fr\/product\/buffet-minimaliste-en-palissandre-avec-details-architecturaux\/#breadcrumb\",\"itemListElement\":[{\"@type\":\"ListItem\",\"position\":1,\"name\":\"Home\",\"item\":\"https:\/\/www.demosmobilia.ch\/fr\/\"},{\"@type\":\"ListItem\",\"position\":2,\"name\":\"Produits\",\"item\":\"https:\/\/www.demosmobilia.ch\/fr\/shop\/\"},{\"@type\":\"ListItem\",\"position\":3,\"name\":\"Buffet minimaliste en palissandre avec d\u00e9tails architecturaux\"}]},{\"@type\":\"WebSite\",\"@id\":\"https:\/\/www.demosmobilia.ch\/fr\/#website\",\"url\":\"https:\/\/www.demosmobilia.ch\/fr\/\",\"name\":\"Demosmobilia\",\"description\":\"Vintage Mid Century Modern Design Furniture from the &#039;30s to the &#039;80s\",\"publisher\":{\"@id\":\"https:\/\/www.demosmobilia.ch\/fr\/#organization\"},\"potentialAction\":[{\"@type\":\"SearchAction\",\"target\":{\"@type\":\"EntryPoint\",\"urlTemplate\":\"https:\/\/www.demosmobilia.ch\/fr\/?s={search_term_string}\"},\"query-input\":{\"@type\":\"PropertyValueSpecification\",\"valueRequired\":true,\"valueName\":\"search_term_string\"}}],\"inLanguage\":\"fr-FR\"},{\"@type\":\"Organization\",\"@id\":\"https:\/\/www.demosmobilia.ch\/fr\/#organization\",\"name\":\"demosmobilia\",\"url\":\"https:\/\/www.demosmobilia.ch\/fr\/\",\"logo\":{\"@type\":\"ImageObject\",\"inLanguage\":\"fr-FR\",\"@id\":\"https:\/\/www.demosmobilia.ch\/fr\/#\/schema\/logo\/image\/\",\"url\":\"https:\/\/www.demosmobilia.ch\/wp-content\/uploads\/2020\/07\/demosmobilia-logo-2020-230-160.png\",\"contentUrl\":\"https:\/\/www.demosmobilia.ch\/wp-content\/uploads\/2020\/07\/demosmobilia-logo-2020-230-160.png\",\"width\":230,\"height\":160,\"caption\":\"demosmobilia\"},\"image\":{\"@id\":\"https:\/\/www.demosmobilia.ch\/fr\/#\/schema\/logo\/image\/\"},\"sameAs\":[\"https:\/\/www.facebook.com\/Demos-Mobilia-1137017453131445\/\",\"https:\/\/www.instagram.com\/demosmobilia\/\"]}]}<\/script>\n<!-- \/ Yoast SEO plugin. -->","yoast_head_json":{"title":"Buffet minimaliste en palissandre avec d\u00e9tails architecturaux &#8211; Demosmobilia","robots":{"index":"index","follow":"follow","max-snippet":"max-snippet:-1","max-image-preview":"max-image-preview:large","max-video-preview":"max-video-preview:-1"},"canonical":"https:\/\/www.demosmobilia.ch\/fr\/product\/buffet-minimaliste-en-palissandre-avec-details-architecturaux\/","og_locale":"fr_FR","og_type":"article","og_title":"Buffet minimaliste en palissandre avec d\u00e9tails architecturaux &#8211; Demosmobilia","og_description":"Fond\u00e9e en 1940, Poggi \u00e9tait \u00e0 l&rsquo;origine un atelier de menuiserie familial qui est devenu l&rsquo;un des plus importants fabricants de meubles italiens de l&rsquo;apr\u00e8s-guerre. \u00c0 partir des ann\u00e9es 1950, Poggi s&rsquo;est forg\u00e9 une solide r\u00e9putation dans la production de meubles design de haute qualit\u00e9, alliant savoir-faire artisanal et innovation industrielle. L&rsquo;entreprise est rest\u00e9e active jusqu&rsquo;\u00e0 la fin des ann\u00e9es 2000, laissant une empreinte durable dans l&rsquo;histoire du design italien. Poggi a connu son \u00e2ge d&rsquo;or au d\u00e9but des ann\u00e9es 1950, lorsque sa collaboration avec l&rsquo;architecte Franco Albini a jou\u00e9 un r\u00f4le d\u00e9cisif dans la d\u00e9finition de l&rsquo;identit\u00e9 de l&rsquo;entreprise. Ensemble, ils ont d\u00e9velopp\u00e9 desRead More &rarr;","og_url":"https:\/\/www.demosmobilia.ch\/fr\/product\/buffet-minimaliste-en-palissandre-avec-details-architecturaux\/","og_site_name":"Demosmobilia","article_publisher":"https:\/\/www.facebook.com\/Demos-Mobilia-1137017453131445\/","article_modified_time":"2026-01-11T19:55:19+00:00","og_image":[{"width":1200,"height":900,"url":"https:\/\/www.demosmobilia.ch\/wp-content\/uploads\/2025\/12\/rosewood-italian-design-sideboard-1960-01.jpg","type":"image\/jpeg"}],"twitter_card":"summary_large_image","twitter_misc":{"Dur\u00e9e de lecture estim\u00e9e":"1 minute"},"schema":{"@context":"https:\/\/schema.org","@graph":[{"@type":"WebPage","@id":"https:\/\/www.demosmobilia.ch\/fr\/product\/buffet-minimaliste-en-palissandre-avec-details-architecturaux\/","url":"https:\/\/www.demosmobilia.ch\/fr\/product\/buffet-minimaliste-en-palissandre-avec-details-architecturaux\/","name":"Buffet minimaliste en palissandre avec d\u00e9tails architecturaux &#8211; Demosmobilia","isPartOf":{"@id":"https:\/\/www.demosmobilia.ch\/fr\/#website"},"primaryImageOfPage":{"@id":"https:\/\/www.demosmobilia.ch\/fr\/product\/buffet-minimaliste-en-palissandre-avec-details-architecturaux\/#primaryimage"},"image":{"@id":"https:\/\/www.demosmobilia.ch\/fr\/product\/buffet-minimaliste-en-palissandre-avec-details-architecturaux\/#primaryimage"},"thumbnailUrl":"https:\/\/www.demosmobilia.ch\/wp-content\/uploads\/2025\/12\/rosewood-italian-design-sideboard-1960-01.jpg","datePublished":"2025-12-18T09:25:54+00:00","dateModified":"2026-01-11T19:55:19+00:00","breadcrumb":{"@id":"https:\/\/www.demosmobilia.ch\/fr\/product\/buffet-minimaliste-en-palissandre-avec-details-architecturaux\/#breadcrumb"},"inLanguage":"fr-FR","potentialAction":[{"@type":"ReadAction","target":["https:\/\/www.demosmobilia.ch\/fr\/product\/buffet-minimaliste-en-palissandre-avec-details-architecturaux\/"]}]},{"@type":"ImageObject","inLanguage":"fr-FR","@id":"https:\/\/www.demosmobilia.ch\/fr\/product\/buffet-minimaliste-en-palissandre-avec-details-architecturaux\/#primaryimage","url":"https:\/\/www.demosmobilia.ch\/wp-content\/uploads\/2025\/12\/rosewood-italian-design-sideboard-1960-01.jpg","contentUrl":"https:\/\/www.demosmobilia.ch\/wp-content\/uploads\/2025\/12\/rosewood-italian-design-sideboard-1960-01.jpg","width":1200,"height":900},{"@type":"BreadcrumbList","@id":"https:\/\/www.demosmobilia.ch\/fr\/product\/buffet-minimaliste-en-palissandre-avec-details-architecturaux\/#breadcrumb","itemListElement":[{"@type":"ListItem","position":1,"name":"Home","item":"https:\/\/www.demosmobilia.ch\/fr\/"},{"@type":"ListItem","position":2,"name":"Produits","item":"https:\/\/www.demosmobilia.ch\/fr\/shop\/"},{"@type":"ListItem","position":3,"name":"Buffet minimaliste en palissandre avec d\u00e9tails architecturaux"}]},{"@type":"WebSite","@id":"https:\/\/www.demosmobilia.ch\/fr\/#website","url":"https:\/\/www.demosmobilia.ch\/fr\/","name":"Demosmobilia","description":"Vintage Mid Century Modern Design Furniture from the &#039;30s to the &#039;80s","publisher":{"@id":"https:\/\/www.demosmobilia.ch\/fr\/#organization"},"potentialAction":[{"@type":"SearchAction","target":{"@type":"EntryPoint","urlTemplate":"https:\/\/www.demosmobilia.ch\/fr\/?s={search_term_string}"},"query-input":{"@type":"PropertyValueSpecification","valueRequired":true,"valueName":"search_term_string"}}],"inLanguage":"fr-FR"},{"@type":"Organization","@id":"https:\/\/www.demosmobilia.ch\/fr\/#organization","name":"demosmobilia","url":"https:\/\/www.demosmobilia.ch\/fr\/","logo":{"@type":"ImageObject","inLanguage":"fr-FR","@id":"https:\/\/www.demosmobilia.ch\/fr\/#\/schema\/logo\/image\/","url":"https:\/\/www.demosmobilia.ch\/wp-content\/uploads\/2020\/07\/demosmobilia-logo-2020-230-160.png","contentUrl":"https:\/\/www.demosmobilia.ch\/wp-content\/uploads\/2020\/07\/demosmobilia-logo-2020-230-160.png","width":230,"height":160,"caption":"demosmobilia"},"image":{"@id":"https:\/\/www.demosmobilia.ch\/fr\/#\/schema\/logo\/image\/"},"sameAs":["https:\/\/www.facebook.com\/Demos-Mobilia-1137017453131445\/","https:\/\/www.instagram.com\/demosmobilia\/"]}]}},"_links":{"self":[{"href":"https:\/\/www.demosmobilia.ch\/fr\/wp-json\/wp\/v2\/product\/84596","targetHints":{"allow":["GET"]}}],"collection":[{"href":"https:\/\/www.demosmobilia.ch\/fr\/wp-json\/wp\/v2\/product"}],"about":[{"href":"https:\/\/www.demosmobilia.ch\/fr\/wp-json\/wp\/v2\/types\/product"}],"wp:featuredmedia":[{"embeddable":true,"href":"https:\/\/www.demosmobilia.ch\/fr\/wp-json\/wp\/v2\/media\/84802"}],"wp:attachment":[{"href":"https:\/\/www.demosmobilia.ch\/fr\/wp-json\/wp\/v2\/media?parent=84596"}],"wp:term":[{"taxonomy":"product_cat","embeddable":true,"href":"https:\/\/www.demosmobilia.ch\/fr\/wp-json\/wp\/v2\/product_cat?post=84596"},{"taxonomy":"product_tag","embeddable":true,"href":"https:\/\/www.demosmobilia.ch\/fr\/wp-json\/wp\/v2\/product_tag?post=84596"}],"curies":[{"name":"wp","href":"https:\/\/api.w.org\/{rel}","templated":true}]}}