{"id":84546,"date":"2025-12-18T10:37:51","date_gmt":"2025-12-18T09:37:51","guid":{"rendered":"https:\/\/www.demosmobilia.ch\/product\/lampe-de-table-portable\/"},"modified":"2026-01-11T19:22:38","modified_gmt":"2026-01-11T18:22:38","slug":"lampe-de-table-portable","status":"publish","type":"product","link":"https:\/\/www.demosmobilia.ch\/fr\/product\/lampe-de-table-portable\/","title":{"rendered":"Portable lantern table lamp model 8052"},"content":{"rendered":"<p data-start=\"93\" data-end=\"373\">Stilnovo a \u00e9t\u00e9 fond\u00e9e \u00e0 Milan en 1946 par Bruno Gatta, \u00e9mergeant pendant la reconstruction d&rsquo;apr\u00e8s-guerre en Italie avec pour objectif de red\u00e9finir le design moderne de l&rsquo;\u00e9clairage. Le nom de la soci\u00e9t\u00e9, qui signifie \u00ab nouveau style \u00bb, refl\u00e8te son approche avant-gardiste et son engagement en faveur de l&rsquo;innovation.<br \/>\nPionni\u00e8re du design italien, Stilnovo a \u00e9t\u00e9 l&rsquo;une des premi\u00e8res entreprises \u00e0 associer la production industrielle \u00e0 la culture internationale de l&rsquo;architecture et du design. Ses cr\u00e9ations innovantes en mati\u00e8re d&rsquo;\u00e9clairage lui ont valu une reconnaissance majeure, notamment des m\u00e9dailles \u00e0 la Triennale de Milan et le prestigieux prix Compasso d&rsquo;Oro.<br \/>\nTout au long de son histoire, Stilnovo a collabor\u00e9 avec des designers et des architectes de renom, notamment Achille et Pier Giacomo Castiglioni, Joe Colombo, Ettore Sottsass, Gae Aulenti, De Pas-D&rsquo;Urbino-Lomazzi et Antonio Macchi Cassia. Ces collaborations ont contribu\u00e9 \u00e0 faire de Stilnovo une r\u00e9f\u00e9rence incontournable dans le domaine du design d&rsquo;\u00e9clairage italien moderne et contemporain du milieu du si\u00e8cle.   <\/p>\n","protected":false},"excerpt":{"rendered":"<p>Stilnovo a \u00e9t\u00e9 fond\u00e9e \u00e0 Milan en 1946 par Bruno Gatta, \u00e9mergeant pendant la reconstruction d&rsquo;apr\u00e8s-guerre en Italie avec pour objectif de red\u00e9finir le design moderne de l&rsquo;\u00e9clairage. Le nom de la soci\u00e9t\u00e9, qui signifie \u00ab nouveau style \u00bb, refl\u00e8te son approche avant-gardiste et son engagement en faveur de l&rsquo;innovation. Pionni\u00e8re du design italien, Stilnovo a \u00e9t\u00e9 l&rsquo;une des premi\u00e8res entreprises \u00e0 associer la production industrielle \u00e0 la culture internationale de l&rsquo;architecture et du design. Ses cr\u00e9ations innovantes en mati\u00e8re d&rsquo;\u00e9clairage lui ont valu une reconnaissance majeure, notamment des m\u00e9dailles \u00e0 la Triennale de Milan et le prestigieux prix Compasso d&rsquo;Oro. Tout au long de<a class=\"more-link\" href=\"https:\/\/www.demosmobilia.ch\/fr\/product\/lampe-de-table-portable\/\">Read More &rarr;<\/a><\/p>\n","protected":false},"featured_media":84798,"template":"","meta":{"_monsterinsights_skip_tracking":false,"_monsterinsights_sitenote_active":false,"_monsterinsights_sitenote_note":"","_monsterinsights_sitenote_category":0,"kk_blocks_editor_width":"","_kiokenblocks_attr":"","_kiokenblocks_dimensions":""},"product_cat":[4249,4071],"product_tag":[],"class_list":{"0":"entry","1":"author-demosmobilia","2":"post-84546","3":"product","4":"type-product","5":"status-publish","6":"has-post-thumbnail","7":"product_production-stilnovo","8":"product_year-1960-approx","9":"product_nation-italie-fr","10":"product_cat-lampes-de-table","11":"product_cat-nouveautes","12":"pa_product_dimension-dia-24-x-ht-48-cm","13":"pa_product_material-laiton-verre-opale-blanc-noyer","15":"first","16":"instock","17":"shipping-taxable","18":"purchasable","19":"product-type-simple"},"yoast_head":"<!-- This site is optimized with the Yoast SEO plugin v24.0 - https:\/\/yoast.com\/wordpress\/plugins\/seo\/ -->\n<title>Portable lantern table lamp model 8052 &#8211; Demosmobilia<\/title>\n<meta name=\"robots\" content=\"index, follow, max-snippet:-1, max-image-preview:large, max-video-preview:-1\" \/>\n<link rel=\"canonical\" href=\"https:\/\/www.demosmobilia.ch\/fr\/product\/lampe-de-table-portable\/\" \/>\n<meta property=\"og:locale\" content=\"fr_FR\" \/>\n<meta property=\"og:type\" content=\"article\" \/>\n<meta property=\"og:title\" content=\"Portable lantern table lamp model 8052 &#8211; Demosmobilia\" \/>\n<meta property=\"og:description\" content=\"Stilnovo a \u00e9t\u00e9 fond\u00e9e \u00e0 Milan en 1946 par Bruno Gatta, \u00e9mergeant pendant la reconstruction d&rsquo;apr\u00e8s-guerre en Italie avec pour objectif de red\u00e9finir le design moderne de l&rsquo;\u00e9clairage. Le nom de la soci\u00e9t\u00e9, qui signifie \u00ab nouveau style \u00bb, refl\u00e8te son approche avant-gardiste et son engagement en faveur de l&rsquo;innovation. Pionni\u00e8re du design italien, Stilnovo a \u00e9t\u00e9 l&rsquo;une des premi\u00e8res entreprises \u00e0 associer la production industrielle \u00e0 la culture internationale de l&rsquo;architecture et du design. Ses cr\u00e9ations innovantes en mati\u00e8re d&rsquo;\u00e9clairage lui ont valu une reconnaissance majeure, notamment des m\u00e9dailles \u00e0 la Triennale de Milan et le prestigieux prix Compasso d&rsquo;Oro. Tout au long deRead More &rarr;\" \/>\n<meta property=\"og:url\" content=\"https:\/\/www.demosmobilia.ch\/fr\/product\/lampe-de-table-portable\/\" \/>\n<meta property=\"og:site_name\" content=\"Demosmobilia\" \/>\n<meta property=\"article:publisher\" content=\"https:\/\/www.facebook.com\/Demos-Mobilia-1137017453131445\/\" \/>\n<meta property=\"article:modified_time\" content=\"2026-01-11T18:22:38+00:00\" \/>\n<meta property=\"og:image\" content=\"https:\/\/www.demosmobilia.ch\/wp-content\/uploads\/2025\/12\/stilnovo-lantern-table-lamp-model8052-italy-1950-02-1.jpg\" \/>\n\t<meta property=\"og:image:width\" content=\"1200\" \/>\n\t<meta property=\"og:image:height\" content=\"900\" \/>\n\t<meta property=\"og:image:type\" content=\"image\/jpeg\" \/>\n<meta name=\"twitter:card\" content=\"summary_large_image\" \/>\n<meta name=\"twitter:label1\" content=\"Dur\u00e9e de lecture estim\u00e9e\" \/>\n\t<meta name=\"twitter:data1\" content=\"1 minute\" \/>\n<script type=\"application\/ld+json\" class=\"yoast-schema-graph\">{\"@context\":\"https:\/\/schema.org\",\"@graph\":[{\"@type\":\"WebPage\",\"@id\":\"https:\/\/www.demosmobilia.ch\/fr\/product\/lampe-de-table-portable\/\",\"url\":\"https:\/\/www.demosmobilia.ch\/fr\/product\/lampe-de-table-portable\/\",\"name\":\"Portable lantern table lamp model 8052 &#8211; Demosmobilia\",\"isPartOf\":{\"@id\":\"https:\/\/www.demosmobilia.ch\/fr\/#website\"},\"primaryImageOfPage\":{\"@id\":\"https:\/\/www.demosmobilia.ch\/fr\/product\/lampe-de-table-portable\/#primaryimage\"},\"image\":{\"@id\":\"https:\/\/www.demosmobilia.ch\/fr\/product\/lampe-de-table-portable\/#primaryimage\"},\"thumbnailUrl\":\"https:\/\/www.demosmobilia.ch\/wp-content\/uploads\/2025\/12\/stilnovo-lantern-table-lamp-model8052-italy-1950-02-1.jpg\",\"datePublished\":\"2025-12-18T09:37:51+00:00\",\"dateModified\":\"2026-01-11T18:22:38+00:00\",\"breadcrumb\":{\"@id\":\"https:\/\/www.demosmobilia.ch\/fr\/product\/lampe-de-table-portable\/#breadcrumb\"},\"inLanguage\":\"fr-FR\",\"potentialAction\":[{\"@type\":\"ReadAction\",\"target\":[\"https:\/\/www.demosmobilia.ch\/fr\/product\/lampe-de-table-portable\/\"]}]},{\"@type\":\"ImageObject\",\"inLanguage\":\"fr-FR\",\"@id\":\"https:\/\/www.demosmobilia.ch\/fr\/product\/lampe-de-table-portable\/#primaryimage\",\"url\":\"https:\/\/www.demosmobilia.ch\/wp-content\/uploads\/2025\/12\/stilnovo-lantern-table-lamp-model8052-italy-1950-02-1.jpg\",\"contentUrl\":\"https:\/\/www.demosmobilia.ch\/wp-content\/uploads\/2025\/12\/stilnovo-lantern-table-lamp-model8052-italy-1950-02-1.jpg\",\"width\":1200,\"height\":900},{\"@type\":\"BreadcrumbList\",\"@id\":\"https:\/\/www.demosmobilia.ch\/fr\/product\/lampe-de-table-portable\/#breadcrumb\",\"itemListElement\":[{\"@type\":\"ListItem\",\"position\":1,\"name\":\"Home\",\"item\":\"https:\/\/www.demosmobilia.ch\/fr\/\"},{\"@type\":\"ListItem\",\"position\":2,\"name\":\"Produits\",\"item\":\"https:\/\/www.demosmobilia.ch\/fr\/shop\/\"},{\"@type\":\"ListItem\",\"position\":3,\"name\":\"Portable lantern table lamp model 8052\"}]},{\"@type\":\"WebSite\",\"@id\":\"https:\/\/www.demosmobilia.ch\/fr\/#website\",\"url\":\"https:\/\/www.demosmobilia.ch\/fr\/\",\"name\":\"Demosmobilia\",\"description\":\"Vintage Mid Century Modern Design Furniture from the &#039;30s to the &#039;80s\",\"publisher\":{\"@id\":\"https:\/\/www.demosmobilia.ch\/fr\/#organization\"},\"potentialAction\":[{\"@type\":\"SearchAction\",\"target\":{\"@type\":\"EntryPoint\",\"urlTemplate\":\"https:\/\/www.demosmobilia.ch\/fr\/?s={search_term_string}\"},\"query-input\":{\"@type\":\"PropertyValueSpecification\",\"valueRequired\":true,\"valueName\":\"search_term_string\"}}],\"inLanguage\":\"fr-FR\"},{\"@type\":\"Organization\",\"@id\":\"https:\/\/www.demosmobilia.ch\/fr\/#organization\",\"name\":\"demosmobilia\",\"url\":\"https:\/\/www.demosmobilia.ch\/fr\/\",\"logo\":{\"@type\":\"ImageObject\",\"inLanguage\":\"fr-FR\",\"@id\":\"https:\/\/www.demosmobilia.ch\/fr\/#\/schema\/logo\/image\/\",\"url\":\"https:\/\/www.demosmobilia.ch\/wp-content\/uploads\/2020\/07\/demosmobilia-logo-2020-230-160.png\",\"contentUrl\":\"https:\/\/www.demosmobilia.ch\/wp-content\/uploads\/2020\/07\/demosmobilia-logo-2020-230-160.png\",\"width\":230,\"height\":160,\"caption\":\"demosmobilia\"},\"image\":{\"@id\":\"https:\/\/www.demosmobilia.ch\/fr\/#\/schema\/logo\/image\/\"},\"sameAs\":[\"https:\/\/www.facebook.com\/Demos-Mobilia-1137017453131445\/\",\"https:\/\/www.instagram.com\/demosmobilia\/\"]}]}<\/script>\n<!-- \/ Yoast SEO plugin. -->","yoast_head_json":{"title":"Portable lantern table lamp model 8052 &#8211; Demosmobilia","robots":{"index":"index","follow":"follow","max-snippet":"max-snippet:-1","max-image-preview":"max-image-preview:large","max-video-preview":"max-video-preview:-1"},"canonical":"https:\/\/www.demosmobilia.ch\/fr\/product\/lampe-de-table-portable\/","og_locale":"fr_FR","og_type":"article","og_title":"Portable lantern table lamp model 8052 &#8211; Demosmobilia","og_description":"Stilnovo a \u00e9t\u00e9 fond\u00e9e \u00e0 Milan en 1946 par Bruno Gatta, \u00e9mergeant pendant la reconstruction d&rsquo;apr\u00e8s-guerre en Italie avec pour objectif de red\u00e9finir le design moderne de l&rsquo;\u00e9clairage. Le nom de la soci\u00e9t\u00e9, qui signifie \u00ab nouveau style \u00bb, refl\u00e8te son approche avant-gardiste et son engagement en faveur de l&rsquo;innovation. Pionni\u00e8re du design italien, Stilnovo a \u00e9t\u00e9 l&rsquo;une des premi\u00e8res entreprises \u00e0 associer la production industrielle \u00e0 la culture internationale de l&rsquo;architecture et du design. Ses cr\u00e9ations innovantes en mati\u00e8re d&rsquo;\u00e9clairage lui ont valu une reconnaissance majeure, notamment des m\u00e9dailles \u00e0 la Triennale de Milan et le prestigieux prix Compasso d&rsquo;Oro. Tout au long deRead More &rarr;","og_url":"https:\/\/www.demosmobilia.ch\/fr\/product\/lampe-de-table-portable\/","og_site_name":"Demosmobilia","article_publisher":"https:\/\/www.facebook.com\/Demos-Mobilia-1137017453131445\/","article_modified_time":"2026-01-11T18:22:38+00:00","og_image":[{"width":1200,"height":900,"url":"https:\/\/www.demosmobilia.ch\/wp-content\/uploads\/2025\/12\/stilnovo-lantern-table-lamp-model8052-italy-1950-02-1.jpg","type":"image\/jpeg"}],"twitter_card":"summary_large_image","twitter_misc":{"Dur\u00e9e de lecture estim\u00e9e":"1 minute"},"schema":{"@context":"https:\/\/schema.org","@graph":[{"@type":"WebPage","@id":"https:\/\/www.demosmobilia.ch\/fr\/product\/lampe-de-table-portable\/","url":"https:\/\/www.demosmobilia.ch\/fr\/product\/lampe-de-table-portable\/","name":"Portable lantern table lamp model 8052 &#8211; Demosmobilia","isPartOf":{"@id":"https:\/\/www.demosmobilia.ch\/fr\/#website"},"primaryImageOfPage":{"@id":"https:\/\/www.demosmobilia.ch\/fr\/product\/lampe-de-table-portable\/#primaryimage"},"image":{"@id":"https:\/\/www.demosmobilia.ch\/fr\/product\/lampe-de-table-portable\/#primaryimage"},"thumbnailUrl":"https:\/\/www.demosmobilia.ch\/wp-content\/uploads\/2025\/12\/stilnovo-lantern-table-lamp-model8052-italy-1950-02-1.jpg","datePublished":"2025-12-18T09:37:51+00:00","dateModified":"2026-01-11T18:22:38+00:00","breadcrumb":{"@id":"https:\/\/www.demosmobilia.ch\/fr\/product\/lampe-de-table-portable\/#breadcrumb"},"inLanguage":"fr-FR","potentialAction":[{"@type":"ReadAction","target":["https:\/\/www.demosmobilia.ch\/fr\/product\/lampe-de-table-portable\/"]}]},{"@type":"ImageObject","inLanguage":"fr-FR","@id":"https:\/\/www.demosmobilia.ch\/fr\/product\/lampe-de-table-portable\/#primaryimage","url":"https:\/\/www.demosmobilia.ch\/wp-content\/uploads\/2025\/12\/stilnovo-lantern-table-lamp-model8052-italy-1950-02-1.jpg","contentUrl":"https:\/\/www.demosmobilia.ch\/wp-content\/uploads\/2025\/12\/stilnovo-lantern-table-lamp-model8052-italy-1950-02-1.jpg","width":1200,"height":900},{"@type":"BreadcrumbList","@id":"https:\/\/www.demosmobilia.ch\/fr\/product\/lampe-de-table-portable\/#breadcrumb","itemListElement":[{"@type":"ListItem","position":1,"name":"Home","item":"https:\/\/www.demosmobilia.ch\/fr\/"},{"@type":"ListItem","position":2,"name":"Produits","item":"https:\/\/www.demosmobilia.ch\/fr\/shop\/"},{"@type":"ListItem","position":3,"name":"Portable lantern table lamp model 8052"}]},{"@type":"WebSite","@id":"https:\/\/www.demosmobilia.ch\/fr\/#website","url":"https:\/\/www.demosmobilia.ch\/fr\/","name":"Demosmobilia","description":"Vintage Mid Century Modern Design Furniture from the &#039;30s to the &#039;80s","publisher":{"@id":"https:\/\/www.demosmobilia.ch\/fr\/#organization"},"potentialAction":[{"@type":"SearchAction","target":{"@type":"EntryPoint","urlTemplate":"https:\/\/www.demosmobilia.ch\/fr\/?s={search_term_string}"},"query-input":{"@type":"PropertyValueSpecification","valueRequired":true,"valueName":"search_term_string"}}],"inLanguage":"fr-FR"},{"@type":"Organization","@id":"https:\/\/www.demosmobilia.ch\/fr\/#organization","name":"demosmobilia","url":"https:\/\/www.demosmobilia.ch\/fr\/","logo":{"@type":"ImageObject","inLanguage":"fr-FR","@id":"https:\/\/www.demosmobilia.ch\/fr\/#\/schema\/logo\/image\/","url":"https:\/\/www.demosmobilia.ch\/wp-content\/uploads\/2020\/07\/demosmobilia-logo-2020-230-160.png","contentUrl":"https:\/\/www.demosmobilia.ch\/wp-content\/uploads\/2020\/07\/demosmobilia-logo-2020-230-160.png","width":230,"height":160,"caption":"demosmobilia"},"image":{"@id":"https:\/\/www.demosmobilia.ch\/fr\/#\/schema\/logo\/image\/"},"sameAs":["https:\/\/www.facebook.com\/Demos-Mobilia-1137017453131445\/","https:\/\/www.instagram.com\/demosmobilia\/"]}]}},"_links":{"self":[{"href":"https:\/\/www.demosmobilia.ch\/fr\/wp-json\/wp\/v2\/product\/84546","targetHints":{"allow":["GET"]}}],"collection":[{"href":"https:\/\/www.demosmobilia.ch\/fr\/wp-json\/wp\/v2\/product"}],"about":[{"href":"https:\/\/www.demosmobilia.ch\/fr\/wp-json\/wp\/v2\/types\/product"}],"wp:featuredmedia":[{"embeddable":true,"href":"https:\/\/www.demosmobilia.ch\/fr\/wp-json\/wp\/v2\/media\/84798"}],"wp:attachment":[{"href":"https:\/\/www.demosmobilia.ch\/fr\/wp-json\/wp\/v2\/media?parent=84546"}],"wp:term":[{"taxonomy":"product_cat","embeddable":true,"href":"https:\/\/www.demosmobilia.ch\/fr\/wp-json\/wp\/v2\/product_cat?post=84546"},{"taxonomy":"product_tag","embeddable":true,"href":"https:\/\/www.demosmobilia.ch\/fr\/wp-json\/wp\/v2\/product_tag?post=84546"}],"curies":[{"name":"wp","href":"https:\/\/api.w.org\/{rel}","templated":true}]}}