{"id":84522,"date":"2026-01-15T11:00:45","date_gmt":"2026-01-15T10:00:45","guid":{"rendered":"https:\/\/www.demosmobilia.ch\/product\/grand-lampadaire-en-laiton-modele-rabarbaro\/"},"modified":"2026-01-11T19:12:52","modified_gmt":"2026-01-11T18:12:52","slug":"grand-lampadaire-en-laiton-modele-rabarbaro","status":"publish","type":"product","link":"https:\/\/www.demosmobilia.ch\/fr\/product\/grand-lampadaire-en-laiton-modele-rabarbaro\/","title":{"rendered":"Grand lampadaire en laiton mod\u00e8le Rabarbaro"},"content":{"rendered":"<p data-start=\"140\" data-end=\"498\">Tommaso Barbi (1944-2015) \u00e9tait un designer italien n\u00e9 \u00e0 Florence, o\u00f9 il a \u00e9tudi\u00e9 le design avant de poursuivre ses \u00e9tudes \u00e0 Rome et \u00e0 Milan. Principalement actif dans les ann\u00e9es 1960 et 1970, Barbi a jou\u00e9 un r\u00f4le important dans le d\u00e9veloppement du design d\u00e9coratif italien de l&rsquo;apr\u00e8s-guerre, acqu\u00e9rant une reconnaissance internationale pour son esth\u00e9tique distinctive.<br \/>\nLe design de Tommaso Barbi se distingue par son utilisation expressive de m\u00e9taux polis tels que le laiton et le bronze, de surfaces miroitantes et de riches finitions dor\u00e9es. Il a souvent incorpor\u00e9 des reliefs, des textures organiques et des formes naturelles inspir\u00e9es des feuilles, des coraux et des coquillages, alliant qualit\u00e9s sculpturales et fonctionnalit\u00e9. Parmi ses cr\u00e9ations les plus embl\u00e9matiques figurent les lampes Foglia, qui sont devenues le symbole de son style. Outre les luminaires, Barbi a con\u00e7u des meubles et des objets d\u00e9coratifs, cr\u00e9ant des pi\u00e8ces audacieuses mais \u00e9l\u00e9gantes qui d\u00e9finissent le design italien du milieu du si\u00e8cle.    <\/p>\n<p data-start=\"1090\" data-end=\"1105\">\n","protected":false},"excerpt":{"rendered":"<p>Tommaso Barbi (1944-2015) \u00e9tait un designer italien n\u00e9 \u00e0 Florence, o\u00f9 il a \u00e9tudi\u00e9 le design avant de poursuivre ses \u00e9tudes \u00e0 Rome et \u00e0 Milan. Principalement actif dans les ann\u00e9es 1960 et 1970, Barbi a jou\u00e9 un r\u00f4le important dans le d\u00e9veloppement du design d\u00e9coratif italien de l&rsquo;apr\u00e8s-guerre, acqu\u00e9rant une reconnaissance internationale pour son esth\u00e9tique distinctive. Le design de Tommaso Barbi se distingue par son utilisation expressive de m\u00e9taux polis tels que le laiton et le bronze, de surfaces miroitantes et de riches finitions dor\u00e9es. Il a souvent incorpor\u00e9 des reliefs, des textures organiques et des formes naturelles inspir\u00e9es des feuilles, des coraux et<a class=\"more-link\" href=\"https:\/\/www.demosmobilia.ch\/fr\/product\/grand-lampadaire-en-laiton-modele-rabarbaro\/\">Read More &rarr;<\/a><\/p>\n","protected":false},"featured_media":84790,"template":"","meta":{"_monsterinsights_skip_tracking":false,"_monsterinsights_sitenote_active":false,"_monsterinsights_sitenote_note":"","_monsterinsights_sitenote_category":0,"kk_blocks_editor_width":"","_kiokenblocks_attr":"","_kiokenblocks_dimensions":""},"product_cat":[4246,4071],"product_tag":[6671],"class_list":{"0":"entry","1":"author-demosmobilia","2":"post-84522","3":"product","4":"type-product","5":"status-publish","6":"has-post-thumbnail","7":"product_production-bottega-gadda","8":"product_year-1960-approx","9":"product_nation-italie-fr","10":"product_cat-lampadaires","11":"product_cat-nouveautes","12":"product_tag-barbi-tommaso-fr","13":"pa_product_dimension-215-x-54-x-ht-171-cm","14":"pa_product_material-laiton","16":"first","17":"outofstock","18":"shipping-taxable","19":"purchasable","20":"product-type-simple"},"yoast_head":"<!-- This site is optimized with the Yoast SEO plugin v24.0 - https:\/\/yoast.com\/wordpress\/plugins\/seo\/ -->\n<title>Grand lampadaire en laiton mod\u00e8le Rabarbaro &#8211; Demosmobilia<\/title>\n<meta name=\"robots\" content=\"index, follow, max-snippet:-1, max-image-preview:large, max-video-preview:-1\" \/>\n<link rel=\"canonical\" href=\"https:\/\/www.demosmobilia.ch\/fr\/product\/grand-lampadaire-en-laiton-modele-rabarbaro\/\" \/>\n<meta property=\"og:locale\" content=\"fr_FR\" \/>\n<meta property=\"og:type\" content=\"article\" \/>\n<meta property=\"og:title\" content=\"Grand lampadaire en laiton mod\u00e8le Rabarbaro &#8211; Demosmobilia\" \/>\n<meta property=\"og:description\" content=\"Tommaso Barbi (1944-2015) \u00e9tait un designer italien n\u00e9 \u00e0 Florence, o\u00f9 il a \u00e9tudi\u00e9 le design avant de poursuivre ses \u00e9tudes \u00e0 Rome et \u00e0 Milan. Principalement actif dans les ann\u00e9es 1960 et 1970, Barbi a jou\u00e9 un r\u00f4le important dans le d\u00e9veloppement du design d\u00e9coratif italien de l&rsquo;apr\u00e8s-guerre, acqu\u00e9rant une reconnaissance internationale pour son esth\u00e9tique distinctive. Le design de Tommaso Barbi se distingue par son utilisation expressive de m\u00e9taux polis tels que le laiton et le bronze, de surfaces miroitantes et de riches finitions dor\u00e9es. Il a souvent incorpor\u00e9 des reliefs, des textures organiques et des formes naturelles inspir\u00e9es des feuilles, des coraux etRead More &rarr;\" \/>\n<meta property=\"og:url\" content=\"https:\/\/www.demosmobilia.ch\/fr\/product\/grand-lampadaire-en-laiton-modele-rabarbaro\/\" \/>\n<meta property=\"og:site_name\" content=\"Demosmobilia\" \/>\n<meta property=\"article:publisher\" content=\"https:\/\/www.facebook.com\/Demos-Mobilia-1137017453131445\/\" \/>\n<meta property=\"article:modified_time\" content=\"2026-01-11T18:12:52+00:00\" \/>\n<meta property=\"og:image\" content=\"https:\/\/www.demosmobilia.ch\/wp-content\/uploads\/2026\/01\/Tommaso-Barbi-Rabarbaro-floor-lamp-1970-Bottega-Gadda-Brass-Italy-01.jpg\" \/>\n\t<meta property=\"og:image:width\" content=\"1200\" \/>\n\t<meta property=\"og:image:height\" content=\"900\" \/>\n\t<meta property=\"og:image:type\" content=\"image\/jpeg\" \/>\n<meta name=\"twitter:card\" content=\"summary_large_image\" \/>\n<meta name=\"twitter:label1\" content=\"Dur\u00e9e de lecture estim\u00e9e\" \/>\n\t<meta name=\"twitter:data1\" content=\"1 minute\" \/>\n<script type=\"application\/ld+json\" class=\"yoast-schema-graph\">{\"@context\":\"https:\/\/schema.org\",\"@graph\":[{\"@type\":\"WebPage\",\"@id\":\"https:\/\/www.demosmobilia.ch\/fr\/product\/grand-lampadaire-en-laiton-modele-rabarbaro\/\",\"url\":\"https:\/\/www.demosmobilia.ch\/fr\/product\/grand-lampadaire-en-laiton-modele-rabarbaro\/\",\"name\":\"Grand lampadaire en laiton mod\u00e8le Rabarbaro &#8211; Demosmobilia\",\"isPartOf\":{\"@id\":\"https:\/\/www.demosmobilia.ch\/fr\/#website\"},\"primaryImageOfPage\":{\"@id\":\"https:\/\/www.demosmobilia.ch\/fr\/product\/grand-lampadaire-en-laiton-modele-rabarbaro\/#primaryimage\"},\"image\":{\"@id\":\"https:\/\/www.demosmobilia.ch\/fr\/product\/grand-lampadaire-en-laiton-modele-rabarbaro\/#primaryimage\"},\"thumbnailUrl\":\"https:\/\/www.demosmobilia.ch\/wp-content\/uploads\/2026\/01\/Tommaso-Barbi-Rabarbaro-floor-lamp-1970-Bottega-Gadda-Brass-Italy-01-2.jpg\",\"datePublished\":\"2026-01-15T10:00:45+00:00\",\"dateModified\":\"2026-01-11T18:12:52+00:00\",\"breadcrumb\":{\"@id\":\"https:\/\/www.demosmobilia.ch\/fr\/product\/grand-lampadaire-en-laiton-modele-rabarbaro\/#breadcrumb\"},\"inLanguage\":\"fr-FR\",\"potentialAction\":[{\"@type\":\"ReadAction\",\"target\":[\"https:\/\/www.demosmobilia.ch\/fr\/product\/grand-lampadaire-en-laiton-modele-rabarbaro\/\"]}]},{\"@type\":\"ImageObject\",\"inLanguage\":\"fr-FR\",\"@id\":\"https:\/\/www.demosmobilia.ch\/fr\/product\/grand-lampadaire-en-laiton-modele-rabarbaro\/#primaryimage\",\"url\":\"https:\/\/www.demosmobilia.ch\/wp-content\/uploads\/2026\/01\/Tommaso-Barbi-Rabarbaro-floor-lamp-1970-Bottega-Gadda-Brass-Italy-01-2.jpg\",\"contentUrl\":\"https:\/\/www.demosmobilia.ch\/wp-content\/uploads\/2026\/01\/Tommaso-Barbi-Rabarbaro-floor-lamp-1970-Bottega-Gadda-Brass-Italy-01-2.jpg\",\"width\":1200,\"height\":900},{\"@type\":\"BreadcrumbList\",\"@id\":\"https:\/\/www.demosmobilia.ch\/fr\/product\/grand-lampadaire-en-laiton-modele-rabarbaro\/#breadcrumb\",\"itemListElement\":[{\"@type\":\"ListItem\",\"position\":1,\"name\":\"Home\",\"item\":\"https:\/\/www.demosmobilia.ch\/fr\/\"},{\"@type\":\"ListItem\",\"position\":2,\"name\":\"Produits\",\"item\":\"https:\/\/www.demosmobilia.ch\/fr\/shop\/\"},{\"@type\":\"ListItem\",\"position\":3,\"name\":\"Grand lampadaire en laiton mod\u00e8le Rabarbaro\"}]},{\"@type\":\"WebSite\",\"@id\":\"https:\/\/www.demosmobilia.ch\/fr\/#website\",\"url\":\"https:\/\/www.demosmobilia.ch\/fr\/\",\"name\":\"Demosmobilia\",\"description\":\"Vintage Mid Century Modern Design Furniture from the &#039;30s to the &#039;80s\",\"publisher\":{\"@id\":\"https:\/\/www.demosmobilia.ch\/fr\/#organization\"},\"potentialAction\":[{\"@type\":\"SearchAction\",\"target\":{\"@type\":\"EntryPoint\",\"urlTemplate\":\"https:\/\/www.demosmobilia.ch\/fr\/?s={search_term_string}\"},\"query-input\":{\"@type\":\"PropertyValueSpecification\",\"valueRequired\":true,\"valueName\":\"search_term_string\"}}],\"inLanguage\":\"fr-FR\"},{\"@type\":\"Organization\",\"@id\":\"https:\/\/www.demosmobilia.ch\/fr\/#organization\",\"name\":\"demosmobilia\",\"url\":\"https:\/\/www.demosmobilia.ch\/fr\/\",\"logo\":{\"@type\":\"ImageObject\",\"inLanguage\":\"fr-FR\",\"@id\":\"https:\/\/www.demosmobilia.ch\/fr\/#\/schema\/logo\/image\/\",\"url\":\"https:\/\/www.demosmobilia.ch\/wp-content\/uploads\/2020\/07\/demosmobilia-logo-2020-230-160.png\",\"contentUrl\":\"https:\/\/www.demosmobilia.ch\/wp-content\/uploads\/2020\/07\/demosmobilia-logo-2020-230-160.png\",\"width\":230,\"height\":160,\"caption\":\"demosmobilia\"},\"image\":{\"@id\":\"https:\/\/www.demosmobilia.ch\/fr\/#\/schema\/logo\/image\/\"},\"sameAs\":[\"https:\/\/www.facebook.com\/Demos-Mobilia-1137017453131445\/\",\"https:\/\/www.instagram.com\/demosmobilia\/\"]}]}<\/script>\n<!-- \/ Yoast SEO plugin. -->","yoast_head_json":{"title":"Grand lampadaire en laiton mod\u00e8le Rabarbaro &#8211; Demosmobilia","robots":{"index":"index","follow":"follow","max-snippet":"max-snippet:-1","max-image-preview":"max-image-preview:large","max-video-preview":"max-video-preview:-1"},"canonical":"https:\/\/www.demosmobilia.ch\/fr\/product\/grand-lampadaire-en-laiton-modele-rabarbaro\/","og_locale":"fr_FR","og_type":"article","og_title":"Grand lampadaire en laiton mod\u00e8le Rabarbaro &#8211; Demosmobilia","og_description":"Tommaso Barbi (1944-2015) \u00e9tait un designer italien n\u00e9 \u00e0 Florence, o\u00f9 il a \u00e9tudi\u00e9 le design avant de poursuivre ses \u00e9tudes \u00e0 Rome et \u00e0 Milan. Principalement actif dans les ann\u00e9es 1960 et 1970, Barbi a jou\u00e9 un r\u00f4le important dans le d\u00e9veloppement du design d\u00e9coratif italien de l&rsquo;apr\u00e8s-guerre, acqu\u00e9rant une reconnaissance internationale pour son esth\u00e9tique distinctive. Le design de Tommaso Barbi se distingue par son utilisation expressive de m\u00e9taux polis tels que le laiton et le bronze, de surfaces miroitantes et de riches finitions dor\u00e9es. Il a souvent incorpor\u00e9 des reliefs, des textures organiques et des formes naturelles inspir\u00e9es des feuilles, des coraux etRead More &rarr;","og_url":"https:\/\/www.demosmobilia.ch\/fr\/product\/grand-lampadaire-en-laiton-modele-rabarbaro\/","og_site_name":"Demosmobilia","article_publisher":"https:\/\/www.facebook.com\/Demos-Mobilia-1137017453131445\/","article_modified_time":"2026-01-11T18:12:52+00:00","og_image":[{"width":1200,"height":900,"url":"https:\/\/www.demosmobilia.ch\/wp-content\/uploads\/2026\/01\/Tommaso-Barbi-Rabarbaro-floor-lamp-1970-Bottega-Gadda-Brass-Italy-01.jpg","type":"image\/jpeg"}],"twitter_card":"summary_large_image","twitter_misc":{"Dur\u00e9e de lecture estim\u00e9e":"1 minute"},"schema":{"@context":"https:\/\/schema.org","@graph":[{"@type":"WebPage","@id":"https:\/\/www.demosmobilia.ch\/fr\/product\/grand-lampadaire-en-laiton-modele-rabarbaro\/","url":"https:\/\/www.demosmobilia.ch\/fr\/product\/grand-lampadaire-en-laiton-modele-rabarbaro\/","name":"Grand lampadaire en laiton mod\u00e8le Rabarbaro &#8211; Demosmobilia","isPartOf":{"@id":"https:\/\/www.demosmobilia.ch\/fr\/#website"},"primaryImageOfPage":{"@id":"https:\/\/www.demosmobilia.ch\/fr\/product\/grand-lampadaire-en-laiton-modele-rabarbaro\/#primaryimage"},"image":{"@id":"https:\/\/www.demosmobilia.ch\/fr\/product\/grand-lampadaire-en-laiton-modele-rabarbaro\/#primaryimage"},"thumbnailUrl":"https:\/\/www.demosmobilia.ch\/wp-content\/uploads\/2026\/01\/Tommaso-Barbi-Rabarbaro-floor-lamp-1970-Bottega-Gadda-Brass-Italy-01-2.jpg","datePublished":"2026-01-15T10:00:45+00:00","dateModified":"2026-01-11T18:12:52+00:00","breadcrumb":{"@id":"https:\/\/www.demosmobilia.ch\/fr\/product\/grand-lampadaire-en-laiton-modele-rabarbaro\/#breadcrumb"},"inLanguage":"fr-FR","potentialAction":[{"@type":"ReadAction","target":["https:\/\/www.demosmobilia.ch\/fr\/product\/grand-lampadaire-en-laiton-modele-rabarbaro\/"]}]},{"@type":"ImageObject","inLanguage":"fr-FR","@id":"https:\/\/www.demosmobilia.ch\/fr\/product\/grand-lampadaire-en-laiton-modele-rabarbaro\/#primaryimage","url":"https:\/\/www.demosmobilia.ch\/wp-content\/uploads\/2026\/01\/Tommaso-Barbi-Rabarbaro-floor-lamp-1970-Bottega-Gadda-Brass-Italy-01-2.jpg","contentUrl":"https:\/\/www.demosmobilia.ch\/wp-content\/uploads\/2026\/01\/Tommaso-Barbi-Rabarbaro-floor-lamp-1970-Bottega-Gadda-Brass-Italy-01-2.jpg","width":1200,"height":900},{"@type":"BreadcrumbList","@id":"https:\/\/www.demosmobilia.ch\/fr\/product\/grand-lampadaire-en-laiton-modele-rabarbaro\/#breadcrumb","itemListElement":[{"@type":"ListItem","position":1,"name":"Home","item":"https:\/\/www.demosmobilia.ch\/fr\/"},{"@type":"ListItem","position":2,"name":"Produits","item":"https:\/\/www.demosmobilia.ch\/fr\/shop\/"},{"@type":"ListItem","position":3,"name":"Grand lampadaire en laiton mod\u00e8le Rabarbaro"}]},{"@type":"WebSite","@id":"https:\/\/www.demosmobilia.ch\/fr\/#website","url":"https:\/\/www.demosmobilia.ch\/fr\/","name":"Demosmobilia","description":"Vintage Mid Century Modern Design Furniture from the &#039;30s to the &#039;80s","publisher":{"@id":"https:\/\/www.demosmobilia.ch\/fr\/#organization"},"potentialAction":[{"@type":"SearchAction","target":{"@type":"EntryPoint","urlTemplate":"https:\/\/www.demosmobilia.ch\/fr\/?s={search_term_string}"},"query-input":{"@type":"PropertyValueSpecification","valueRequired":true,"valueName":"search_term_string"}}],"inLanguage":"fr-FR"},{"@type":"Organization","@id":"https:\/\/www.demosmobilia.ch\/fr\/#organization","name":"demosmobilia","url":"https:\/\/www.demosmobilia.ch\/fr\/","logo":{"@type":"ImageObject","inLanguage":"fr-FR","@id":"https:\/\/www.demosmobilia.ch\/fr\/#\/schema\/logo\/image\/","url":"https:\/\/www.demosmobilia.ch\/wp-content\/uploads\/2020\/07\/demosmobilia-logo-2020-230-160.png","contentUrl":"https:\/\/www.demosmobilia.ch\/wp-content\/uploads\/2020\/07\/demosmobilia-logo-2020-230-160.png","width":230,"height":160,"caption":"demosmobilia"},"image":{"@id":"https:\/\/www.demosmobilia.ch\/fr\/#\/schema\/logo\/image\/"},"sameAs":["https:\/\/www.facebook.com\/Demos-Mobilia-1137017453131445\/","https:\/\/www.instagram.com\/demosmobilia\/"]}]}},"_links":{"self":[{"href":"https:\/\/www.demosmobilia.ch\/fr\/wp-json\/wp\/v2\/product\/84522","targetHints":{"allow":["GET"]}}],"collection":[{"href":"https:\/\/www.demosmobilia.ch\/fr\/wp-json\/wp\/v2\/product"}],"about":[{"href":"https:\/\/www.demosmobilia.ch\/fr\/wp-json\/wp\/v2\/types\/product"}],"wp:featuredmedia":[{"embeddable":true,"href":"https:\/\/www.demosmobilia.ch\/fr\/wp-json\/wp\/v2\/media\/84790"}],"wp:attachment":[{"href":"https:\/\/www.demosmobilia.ch\/fr\/wp-json\/wp\/v2\/media?parent=84522"}],"wp:term":[{"taxonomy":"product_cat","embeddable":true,"href":"https:\/\/www.demosmobilia.ch\/fr\/wp-json\/wp\/v2\/product_cat?post=84522"},{"taxonomy":"product_tag","embeddable":true,"href":"https:\/\/www.demosmobilia.ch\/fr\/wp-json\/wp\/v2\/product_tag?post=84522"}],"curies":[{"name":"wp","href":"https:\/\/api.w.org\/{rel}","templated":true}]}}