{"id":84481,"date":"2026-01-27T11:30:46","date_gmt":"2026-01-27T10:30:46","guid":{"rendered":"https:\/\/www.demosmobilia.ch\/product\/lampadaire-modele-lte12\/"},"modified":"2026-01-11T19:09:00","modified_gmt":"2026-01-11T18:09:00","slug":"lampadaire-modele-lte12","status":"publish","type":"product","link":"https:\/\/www.demosmobilia.ch\/fr\/product\/lampadaire-modele-lte12\/","title":{"rendered":"Lampadaire mod\u00e8le \u00ab LTE12 \u00bb"},"content":{"rendered":"<p>Bibliographie :<br \/>\nDomus, num\u00e9ro 378, mai 1961, p. 180.<\/p>\n<p>Ignazio Gardella (1905, Milan \u2013 1999, Oleggio) was an Italian architect and designer, born into a family of architects. He began his professional career in the late 1920s, before graduating, working alongside his father Arnaldo Gardella. From the early years, Gardella developed an extensive body of work that included numerous architectural projects and built works.<br \/>\nBefore World War II, Gardella collaborated with Luigi Vietti, taking part in several architectural competitions, including projects related to the <em data-start=\"659\" data-end=\"676\">Casa del Fascio<\/em>. In 1947, he expanded his practice into industrial design and co-founded Azucena with Luigi Caccia Dominioni, a pioneering company that launched high-quality Italian design production and played a crucial role in shaping post-war Italian design.<br \/>\nIgnazio Gardella\u2019s design focuses primarily on refined furniture and decorative objects, characterized by elegance, functionality, and careful attention to materials. After the war, he designed numerous buildings that addressed themes of space efficiency and modern living. Alongside his professional work, Gardella played a significant role in architectural education, teaching at IUAV in Venice until his death.<\/p>\n","protected":false},"excerpt":{"rendered":"<p>Biographie<br \/>\nIgnazio Gardella (n\u00e9 en 1905 \u00e0 Milan et d\u00e9c\u00e9d\u00e9 en 1999 \u00e0 Oleggio) \u00e9tait un architecte et designer italien issu d&rsquo;une famille d&rsquo;architectes. Sa longue carri\u00e8re professionnelle, qui a d\u00e9but\u00e9 avant m\u00eame l&rsquo;obtention de son dipl\u00f4me \u00e0 la fin des ann\u00e9es 20 aupr\u00e8s de son p\u00e8re Arnaldo Gardella, a donn\u00e9 lieu \u00e0 une quantit\u00e9 consid\u00e9rable de projets et de r\u00e9alisations. Avant la guerre, ils ont particip\u00e9 \u00e0 plusieurs concours d&rsquo;architecture en collaboration avec Luigi Vietti, pour la construction de la casa del fascio. En 1947, il a commenc\u00e9 son activit\u00e9 dans le domaine du design. Cette ann\u00e9e-l\u00e0, il a fond\u00e9 l&rsquo;agence Azucena avec Luigi Caccia Dominioni, la premi\u00e8re \u00e0 inaugurer la production italienne de design de haute qualit\u00e9. Gardella a principalement con\u00e7u des objets de mobilier d\u00e9coratif. Apr\u00e8s la guerre, Gardella a r\u00e9alis\u00e9 de nombreux b\u00e2timents qui r\u00e9pondent principalement \u00e0 la question de l&rsquo;\u00e9conomie d&rsquo;espace. Il a \u00e9galement jou\u00e9 un r\u00f4le important dans l&rsquo;\u00e9ducation, enseignant \u00e0 l&rsquo;IUAV jusqu&rsquo;\u00e0 sa mort.        <a class=\"more-link\" href=\"https:\/\/www.demosmobilia.ch\/fr\/product\/lampadaire-modele-lte12\/\">Read More &rarr;<\/a><\/p>\n","protected":false},"featured_media":84770,"template":"","meta":{"_monsterinsights_skip_tracking":false,"_monsterinsights_sitenote_active":false,"_monsterinsights_sitenote_note":"","_monsterinsights_sitenote_category":0,"kk_blocks_editor_width":"","_kiokenblocks_attr":"","_kiokenblocks_dimensions":""},"product_cat":[4246,4071],"product_tag":[6618],"class_list":{"0":"entry","1":"author-demosmobilia","2":"has-excerpt","3":"post-84481","4":"product","5":"type-product","6":"status-publish","7":"has-post-thumbnail","8":"product_production-azucena","9":"product_year-2583","10":"product_nation-italie-fr","11":"product_cat-lampadaires","12":"product_cat-nouveautes","13":"product_tag-gardella-ignazio-fr","14":"pa_product_dimension-30-x-30-x-ht-182-cm","15":"pa_product_material-marbre-laiton-laque-chinoise-tissu","17":"first","18":"outofstock","19":"shipping-taxable","20":"product-type-simple"},"yoast_head":"<!-- This site is optimized with the Yoast SEO plugin v24.0 - https:\/\/yoast.com\/wordpress\/plugins\/seo\/ -->\n<title>Lampadaire mod\u00e8le \u00ab LTE12 \u00bb &#8211; Demosmobilia<\/title>\n<meta name=\"robots\" content=\"index, follow, max-snippet:-1, max-image-preview:large, max-video-preview:-1\" \/>\n<link rel=\"canonical\" href=\"https:\/\/www.demosmobilia.ch\/fr\/product\/lampadaire-modele-lte12\/\" \/>\n<meta property=\"og:locale\" content=\"fr_FR\" \/>\n<meta property=\"og:type\" content=\"article\" \/>\n<meta property=\"og:title\" content=\"Lampadaire mod\u00e8le \u00ab LTE12 \u00bb &#8211; Demosmobilia\" \/>\n<meta property=\"og:description\" content=\"Biographie Ignazio Gardella (n\u00e9 en 1905 \u00e0 Milan et d\u00e9c\u00e9d\u00e9 en 1999 \u00e0 Oleggio) \u00e9tait un architecte et designer italien issu d&#039;une famille d&#039;architectes. Sa longue carri\u00e8re professionnelle, qui a d\u00e9but\u00e9 avant m\u00eame l&#039;obtention de son dipl\u00f4me \u00e0 la fin des ann\u00e9es 20 aupr\u00e8s de son p\u00e8re Arnaldo Gardella, a donn\u00e9 lieu \u00e0 une quantit\u00e9 consid\u00e9rable de projets et de r\u00e9alisations. Avant la guerre, ils ont particip\u00e9 \u00e0 plusieurs concours d&#039;architecture en collaboration avec Luigi Vietti, pour la construction de la casa del fascio. En 1947, il a commenc\u00e9 son activit\u00e9 dans le domaine du design. Cette ann\u00e9e-l\u00e0, il a fond\u00e9 l&#039;agence Azucena avec Luigi Caccia Dominioni, la premi\u00e8re \u00e0 inaugurer la production italienne de design de haute qualit\u00e9. Gardella a principalement con\u00e7u des objets de mobilier d\u00e9coratif. Apr\u00e8s la guerre, Gardella a r\u00e9alis\u00e9 de nombreux b\u00e2timents qui r\u00e9pondent principalement \u00e0 la question de l&#039;\u00e9conomie d&#039;espace. Il a \u00e9galement jou\u00e9 un r\u00f4le important dans l&#039;\u00e9ducation, enseignant \u00e0 l&#039;IUAV jusqu&#039;\u00e0 sa mort.    Read More &rarr;\" \/>\n<meta property=\"og:url\" content=\"https:\/\/www.demosmobilia.ch\/fr\/product\/lampadaire-modele-lte12\/\" \/>\n<meta property=\"og:site_name\" content=\"Demosmobilia\" \/>\n<meta property=\"article:publisher\" content=\"https:\/\/www.facebook.com\/Demos-Mobilia-1137017453131445\/\" \/>\n<meta property=\"article:modified_time\" content=\"2026-01-11T18:09:00+00:00\" \/>\n<meta property=\"og:image\" content=\"https:\/\/www.demosmobilia.ch\/wp-content\/uploads\/2026\/01\/Azucena-IGNAZIO-GARDELLA-1961-Italy-Prisma-FLOOR-LAMP-LTE12-01-1.jpg\" \/>\n\t<meta property=\"og:image:width\" content=\"1200\" \/>\n\t<meta property=\"og:image:height\" content=\"900\" \/>\n\t<meta property=\"og:image:type\" content=\"image\/jpeg\" \/>\n<meta name=\"twitter:card\" content=\"summary_large_image\" \/>\n<meta name=\"twitter:label1\" content=\"Dur\u00e9e de lecture estim\u00e9e\" \/>\n\t<meta name=\"twitter:data1\" content=\"1 minute\" \/>\n<script type=\"application\/ld+json\" class=\"yoast-schema-graph\">{\"@context\":\"https:\/\/schema.org\",\"@graph\":[{\"@type\":\"WebPage\",\"@id\":\"https:\/\/www.demosmobilia.ch\/fr\/product\/lampadaire-modele-lte12\/\",\"url\":\"https:\/\/www.demosmobilia.ch\/fr\/product\/lampadaire-modele-lte12\/\",\"name\":\"Lampadaire mod\u00e8le \u00ab LTE12 \u00bb &#8211; Demosmobilia\",\"isPartOf\":{\"@id\":\"https:\/\/www.demosmobilia.ch\/fr\/#website\"},\"primaryImageOfPage\":{\"@id\":\"https:\/\/www.demosmobilia.ch\/fr\/product\/lampadaire-modele-lte12\/#primaryimage\"},\"image\":{\"@id\":\"https:\/\/www.demosmobilia.ch\/fr\/product\/lampadaire-modele-lte12\/#primaryimage\"},\"thumbnailUrl\":\"https:\/\/www.demosmobilia.ch\/wp-content\/uploads\/2026\/01\/Azucena-IGNAZIO-GARDELLA-1961-Italy-Prisma-FLOOR-LAMP-LTE12-01-1.jpg\",\"datePublished\":\"2026-01-27T10:30:46+00:00\",\"dateModified\":\"2026-01-11T18:09:00+00:00\",\"breadcrumb\":{\"@id\":\"https:\/\/www.demosmobilia.ch\/fr\/product\/lampadaire-modele-lte12\/#breadcrumb\"},\"inLanguage\":\"fr-FR\",\"potentialAction\":[{\"@type\":\"ReadAction\",\"target\":[\"https:\/\/www.demosmobilia.ch\/fr\/product\/lampadaire-modele-lte12\/\"]}]},{\"@type\":\"ImageObject\",\"inLanguage\":\"fr-FR\",\"@id\":\"https:\/\/www.demosmobilia.ch\/fr\/product\/lampadaire-modele-lte12\/#primaryimage\",\"url\":\"https:\/\/www.demosmobilia.ch\/wp-content\/uploads\/2026\/01\/Azucena-IGNAZIO-GARDELLA-1961-Italy-Prisma-FLOOR-LAMP-LTE12-01-1.jpg\",\"contentUrl\":\"https:\/\/www.demosmobilia.ch\/wp-content\/uploads\/2026\/01\/Azucena-IGNAZIO-GARDELLA-1961-Italy-Prisma-FLOOR-LAMP-LTE12-01-1.jpg\",\"width\":1200,\"height\":900},{\"@type\":\"BreadcrumbList\",\"@id\":\"https:\/\/www.demosmobilia.ch\/fr\/product\/lampadaire-modele-lte12\/#breadcrumb\",\"itemListElement\":[{\"@type\":\"ListItem\",\"position\":1,\"name\":\"Home\",\"item\":\"https:\/\/www.demosmobilia.ch\/fr\/\"},{\"@type\":\"ListItem\",\"position\":2,\"name\":\"Produits\",\"item\":\"https:\/\/www.demosmobilia.ch\/fr\/shop\/\"},{\"@type\":\"ListItem\",\"position\":3,\"name\":\"Lampadaire mod\u00e8le \u00ab LTE12 \u00bb\"}]},{\"@type\":\"WebSite\",\"@id\":\"https:\/\/www.demosmobilia.ch\/fr\/#website\",\"url\":\"https:\/\/www.demosmobilia.ch\/fr\/\",\"name\":\"Demosmobilia\",\"description\":\"Vintage Mid Century Modern Design Furniture from the &#039;30s to the &#039;80s\",\"publisher\":{\"@id\":\"https:\/\/www.demosmobilia.ch\/fr\/#organization\"},\"potentialAction\":[{\"@type\":\"SearchAction\",\"target\":{\"@type\":\"EntryPoint\",\"urlTemplate\":\"https:\/\/www.demosmobilia.ch\/fr\/?s={search_term_string}\"},\"query-input\":{\"@type\":\"PropertyValueSpecification\",\"valueRequired\":true,\"valueName\":\"search_term_string\"}}],\"inLanguage\":\"fr-FR\"},{\"@type\":\"Organization\",\"@id\":\"https:\/\/www.demosmobilia.ch\/fr\/#organization\",\"name\":\"demosmobilia\",\"url\":\"https:\/\/www.demosmobilia.ch\/fr\/\",\"logo\":{\"@type\":\"ImageObject\",\"inLanguage\":\"fr-FR\",\"@id\":\"https:\/\/www.demosmobilia.ch\/fr\/#\/schema\/logo\/image\/\",\"url\":\"https:\/\/www.demosmobilia.ch\/wp-content\/uploads\/2020\/07\/demosmobilia-logo-2020-230-160.png\",\"contentUrl\":\"https:\/\/www.demosmobilia.ch\/wp-content\/uploads\/2020\/07\/demosmobilia-logo-2020-230-160.png\",\"width\":230,\"height\":160,\"caption\":\"demosmobilia\"},\"image\":{\"@id\":\"https:\/\/www.demosmobilia.ch\/fr\/#\/schema\/logo\/image\/\"},\"sameAs\":[\"https:\/\/www.facebook.com\/Demos-Mobilia-1137017453131445\/\",\"https:\/\/www.instagram.com\/demosmobilia\/\"]}]}<\/script>\n<!-- \/ Yoast SEO plugin. -->","yoast_head_json":{"title":"Lampadaire mod\u00e8le \u00ab LTE12 \u00bb &#8211; Demosmobilia","robots":{"index":"index","follow":"follow","max-snippet":"max-snippet:-1","max-image-preview":"max-image-preview:large","max-video-preview":"max-video-preview:-1"},"canonical":"https:\/\/www.demosmobilia.ch\/fr\/product\/lampadaire-modele-lte12\/","og_locale":"fr_FR","og_type":"article","og_title":"Lampadaire mod\u00e8le \u00ab LTE12 \u00bb &#8211; Demosmobilia","og_description":"Biographie Ignazio Gardella (n\u00e9 en 1905 \u00e0 Milan et d\u00e9c\u00e9d\u00e9 en 1999 \u00e0 Oleggio) \u00e9tait un architecte et designer italien issu d'une famille d'architectes. Sa longue carri\u00e8re professionnelle, qui a d\u00e9but\u00e9 avant m\u00eame l'obtention de son dipl\u00f4me \u00e0 la fin des ann\u00e9es 20 aupr\u00e8s de son p\u00e8re Arnaldo Gardella, a donn\u00e9 lieu \u00e0 une quantit\u00e9 consid\u00e9rable de projets et de r\u00e9alisations. Avant la guerre, ils ont particip\u00e9 \u00e0 plusieurs concours d'architecture en collaboration avec Luigi Vietti, pour la construction de la casa del fascio. En 1947, il a commenc\u00e9 son activit\u00e9 dans le domaine du design. Cette ann\u00e9e-l\u00e0, il a fond\u00e9 l'agence Azucena avec Luigi Caccia Dominioni, la premi\u00e8re \u00e0 inaugurer la production italienne de design de haute qualit\u00e9. Gardella a principalement con\u00e7u des objets de mobilier d\u00e9coratif. Apr\u00e8s la guerre, Gardella a r\u00e9alis\u00e9 de nombreux b\u00e2timents qui r\u00e9pondent principalement \u00e0 la question de l'\u00e9conomie d'espace. Il a \u00e9galement jou\u00e9 un r\u00f4le important dans l'\u00e9ducation, enseignant \u00e0 l'IUAV jusqu'\u00e0 sa mort.    Read More &rarr;","og_url":"https:\/\/www.demosmobilia.ch\/fr\/product\/lampadaire-modele-lte12\/","og_site_name":"Demosmobilia","article_publisher":"https:\/\/www.facebook.com\/Demos-Mobilia-1137017453131445\/","article_modified_time":"2026-01-11T18:09:00+00:00","og_image":[{"width":1200,"height":900,"url":"https:\/\/www.demosmobilia.ch\/wp-content\/uploads\/2026\/01\/Azucena-IGNAZIO-GARDELLA-1961-Italy-Prisma-FLOOR-LAMP-LTE12-01-1.jpg","type":"image\/jpeg"}],"twitter_card":"summary_large_image","twitter_misc":{"Dur\u00e9e de lecture estim\u00e9e":"1 minute"},"schema":{"@context":"https:\/\/schema.org","@graph":[{"@type":"WebPage","@id":"https:\/\/www.demosmobilia.ch\/fr\/product\/lampadaire-modele-lte12\/","url":"https:\/\/www.demosmobilia.ch\/fr\/product\/lampadaire-modele-lte12\/","name":"Lampadaire mod\u00e8le \u00ab LTE12 \u00bb &#8211; Demosmobilia","isPartOf":{"@id":"https:\/\/www.demosmobilia.ch\/fr\/#website"},"primaryImageOfPage":{"@id":"https:\/\/www.demosmobilia.ch\/fr\/product\/lampadaire-modele-lte12\/#primaryimage"},"image":{"@id":"https:\/\/www.demosmobilia.ch\/fr\/product\/lampadaire-modele-lte12\/#primaryimage"},"thumbnailUrl":"https:\/\/www.demosmobilia.ch\/wp-content\/uploads\/2026\/01\/Azucena-IGNAZIO-GARDELLA-1961-Italy-Prisma-FLOOR-LAMP-LTE12-01-1.jpg","datePublished":"2026-01-27T10:30:46+00:00","dateModified":"2026-01-11T18:09:00+00:00","breadcrumb":{"@id":"https:\/\/www.demosmobilia.ch\/fr\/product\/lampadaire-modele-lte12\/#breadcrumb"},"inLanguage":"fr-FR","potentialAction":[{"@type":"ReadAction","target":["https:\/\/www.demosmobilia.ch\/fr\/product\/lampadaire-modele-lte12\/"]}]},{"@type":"ImageObject","inLanguage":"fr-FR","@id":"https:\/\/www.demosmobilia.ch\/fr\/product\/lampadaire-modele-lte12\/#primaryimage","url":"https:\/\/www.demosmobilia.ch\/wp-content\/uploads\/2026\/01\/Azucena-IGNAZIO-GARDELLA-1961-Italy-Prisma-FLOOR-LAMP-LTE12-01-1.jpg","contentUrl":"https:\/\/www.demosmobilia.ch\/wp-content\/uploads\/2026\/01\/Azucena-IGNAZIO-GARDELLA-1961-Italy-Prisma-FLOOR-LAMP-LTE12-01-1.jpg","width":1200,"height":900},{"@type":"BreadcrumbList","@id":"https:\/\/www.demosmobilia.ch\/fr\/product\/lampadaire-modele-lte12\/#breadcrumb","itemListElement":[{"@type":"ListItem","position":1,"name":"Home","item":"https:\/\/www.demosmobilia.ch\/fr\/"},{"@type":"ListItem","position":2,"name":"Produits","item":"https:\/\/www.demosmobilia.ch\/fr\/shop\/"},{"@type":"ListItem","position":3,"name":"Lampadaire mod\u00e8le \u00ab LTE12 \u00bb"}]},{"@type":"WebSite","@id":"https:\/\/www.demosmobilia.ch\/fr\/#website","url":"https:\/\/www.demosmobilia.ch\/fr\/","name":"Demosmobilia","description":"Vintage Mid Century Modern Design Furniture from the &#039;30s to the &#039;80s","publisher":{"@id":"https:\/\/www.demosmobilia.ch\/fr\/#organization"},"potentialAction":[{"@type":"SearchAction","target":{"@type":"EntryPoint","urlTemplate":"https:\/\/www.demosmobilia.ch\/fr\/?s={search_term_string}"},"query-input":{"@type":"PropertyValueSpecification","valueRequired":true,"valueName":"search_term_string"}}],"inLanguage":"fr-FR"},{"@type":"Organization","@id":"https:\/\/www.demosmobilia.ch\/fr\/#organization","name":"demosmobilia","url":"https:\/\/www.demosmobilia.ch\/fr\/","logo":{"@type":"ImageObject","inLanguage":"fr-FR","@id":"https:\/\/www.demosmobilia.ch\/fr\/#\/schema\/logo\/image\/","url":"https:\/\/www.demosmobilia.ch\/wp-content\/uploads\/2020\/07\/demosmobilia-logo-2020-230-160.png","contentUrl":"https:\/\/www.demosmobilia.ch\/wp-content\/uploads\/2020\/07\/demosmobilia-logo-2020-230-160.png","width":230,"height":160,"caption":"demosmobilia"},"image":{"@id":"https:\/\/www.demosmobilia.ch\/fr\/#\/schema\/logo\/image\/"},"sameAs":["https:\/\/www.facebook.com\/Demos-Mobilia-1137017453131445\/","https:\/\/www.instagram.com\/demosmobilia\/"]}]}},"_links":{"self":[{"href":"https:\/\/www.demosmobilia.ch\/fr\/wp-json\/wp\/v2\/product\/84481","targetHints":{"allow":["GET"]}}],"collection":[{"href":"https:\/\/www.demosmobilia.ch\/fr\/wp-json\/wp\/v2\/product"}],"about":[{"href":"https:\/\/www.demosmobilia.ch\/fr\/wp-json\/wp\/v2\/types\/product"}],"wp:featuredmedia":[{"embeddable":true,"href":"https:\/\/www.demosmobilia.ch\/fr\/wp-json\/wp\/v2\/media\/84770"}],"wp:attachment":[{"href":"https:\/\/www.demosmobilia.ch\/fr\/wp-json\/wp\/v2\/media?parent=84481"}],"wp:term":[{"taxonomy":"product_cat","embeddable":true,"href":"https:\/\/www.demosmobilia.ch\/fr\/wp-json\/wp\/v2\/product_cat?post=84481"},{"taxonomy":"product_tag","embeddable":true,"href":"https:\/\/www.demosmobilia.ch\/fr\/wp-json\/wp\/v2\/product_tag?post=84481"}],"curies":[{"name":"wp","href":"https:\/\/api.w.org\/{rel}","templated":true}]}}