{"id":83930,"date":"2025-08-20T10:00:27","date_gmt":"2025-08-20T08:00:27","guid":{"rendered":"https:\/\/www.demosmobilia.ch\/product\/porte-manteau-mural-massif-en-verre-et-laiton\/"},"modified":"2026-01-24T14:28:59","modified_gmt":"2026-01-24T13:28:59","slug":"porte-manteau-mural-massif-en-verre-et-laiton","status":"publish","type":"product","link":"https:\/\/www.demosmobilia.ch\/fr\/product\/porte-manteau-mural-massif-en-verre-et-laiton\/","title":{"rendered":"Porte-manteau mural massif en verre et laiton"},"content":{"rendered":"<p data-start=\"140\" data-end=\"239\"><strong data-start=\"140\" data-end=\"237\">Ercole Barovier \u2013 Ma\u00eetre du Verre Artistique Italien et Production Barovier D\u00e9but XXe Si\u00e8cle<\/strong><\/p>\n<p data-start=\"241\" data-end=\"604\">Ercole Barovier (1900\u20131987) \u00e9tait un designer et ma\u00eetre verrier italien visionnaire, l\u2019une des figures les plus influentes du verre artistique de Murano. Au d\u00e9but du XXe si\u00e8cle, il collabore avec l\u2019entreprise familiale Barovier &amp; Toso, transformant la production de verre v\u00e9nitien gr\u00e2ce \u00e0 des techniques innovantes, des formes \u00e9l\u00e9gantes et des d\u00e9corations raffin\u00e9es. <\/p>\n<p data-start=\"606\" data-end=\"1035\">Pendant cette p\u00e9riode, Barovier exp\u00e9rimente de nouveaux styles et proc\u00e9d\u00e9s de verrerie, combinant savoir-faire artisanal, cr\u00e9ativit\u00e9 et design moderne, et cr\u00e9ant des lampes, vases et objets d\u00e9coratifs qui allient fonctionnalit\u00e9 et esth\u00e9tique artistique. Son travail pionnier renforce la r\u00e9putation de Barovier &amp; Toso comme leader du verre de Murano, faisant de leurs pi\u00e8ces de v\u00e9ritables ic\u00f4nes du design italien et du verre artistique international. <\/p>\n<p data-start=\"1037\" data-end=\"1257\">Aujourd\u2019hui, les cr\u00e9ations d\u2019Ercole Barovier de cette \u00e9poque sont tr\u00e8s recherch\u00e9es par les collectionneurs et amateurs de verre artistique, symbolisant tradition, innovation et excellence du verre de Murano au XXe si\u00e8cle.<\/p>\n","protected":false},"excerpt":{"rendered":"<p>Ercole Barovier \u2013 Ma\u00eetre du Verre Artistique Italien et Production Barovier D\u00e9but XXe Si\u00e8cle Ercole Barovier (1900\u20131987) \u00e9tait un designer et ma\u00eetre verrier italien visionnaire, l\u2019une des figures les plus influentes du verre artistique de Murano. Au d\u00e9but du XXe si\u00e8cle, il collabore avec l\u2019entreprise familiale Barovier &amp; Toso, transformant la production de verre v\u00e9nitien gr\u00e2ce \u00e0 des techniques innovantes, des formes \u00e9l\u00e9gantes et des d\u00e9corations raffin\u00e9es. Pendant cette p\u00e9riode, Barovier exp\u00e9rimente de nouveaux styles et proc\u00e9d\u00e9s de verrerie, combinant savoir-faire artisanal, cr\u00e9ativit\u00e9 et design moderne, et cr\u00e9ant des lampes, vases et objets d\u00e9coratifs qui allient fonctionnalit\u00e9 et esth\u00e9tique artistique. Son travail pionnier renforce la<a class=\"more-link\" href=\"https:\/\/www.demosmobilia.ch\/fr\/product\/porte-manteau-mural-massif-en-verre-et-laiton\/\">Read More &rarr;<\/a><\/p>\n","protected":false},"featured_media":83899,"template":"","meta":{"_monsterinsights_skip_tracking":false,"_monsterinsights_sitenote_active":false,"_monsterinsights_sitenote_note":"","_monsterinsights_sitenote_category":0,"kk_blocks_editor_width":"","_kiokenblocks_attr":"","_kiokenblocks_dimensions":""},"product_cat":[4071,4254],"product_tag":[6575],"class_list":{"0":"entry","1":"author-demosmobilia","2":"post-83930","3":"product","4":"type-product","5":"status-publish","6":"has-post-thumbnail","7":"product_production-barovier","8":"product_year-1920-approx","9":"product_nation-italie-fr","10":"product_cat-nouveautes","11":"product_cat-porte-manteaux","12":"product_tag-barovier-ercole-fr","13":"pa_product_dimension-dimensions-de-la-volute-en-verre-10-x-12-x-6-cm-dimensions-de-la-main-en-laiton-15-x-3-x-25-cm","14":"pa_product_material-verre-massif-laiton","16":"first","17":"instock","18":"shipping-taxable","19":"purchasable","20":"product-type-simple"},"yoast_head":"<!-- This site is optimized with the Yoast SEO plugin v24.0 - https:\/\/yoast.com\/wordpress\/plugins\/seo\/ -->\n<title>Porte-manteau mural massif en verre et laiton &#8211; Demosmobilia<\/title>\n<meta name=\"robots\" content=\"index, follow, max-snippet:-1, max-image-preview:large, max-video-preview:-1\" \/>\n<link rel=\"canonical\" href=\"https:\/\/www.demosmobilia.ch\/fr\/product\/porte-manteau-mural-massif-en-verre-et-laiton\/\" \/>\n<meta property=\"og:locale\" content=\"fr_FR\" \/>\n<meta property=\"og:type\" content=\"article\" \/>\n<meta property=\"og:title\" content=\"Porte-manteau mural massif en verre et laiton &#8211; Demosmobilia\" \/>\n<meta property=\"og:description\" content=\"Ercole Barovier \u2013 Ma\u00eetre du Verre Artistique Italien et Production Barovier D\u00e9but XXe Si\u00e8cle Ercole Barovier (1900\u20131987) \u00e9tait un designer et ma\u00eetre verrier italien visionnaire, l\u2019une des figures les plus influentes du verre artistique de Murano. Au d\u00e9but du XXe si\u00e8cle, il collabore avec l\u2019entreprise familiale Barovier &amp; Toso, transformant la production de verre v\u00e9nitien gr\u00e2ce \u00e0 des techniques innovantes, des formes \u00e9l\u00e9gantes et des d\u00e9corations raffin\u00e9es. Pendant cette p\u00e9riode, Barovier exp\u00e9rimente de nouveaux styles et proc\u00e9d\u00e9s de verrerie, combinant savoir-faire artisanal, cr\u00e9ativit\u00e9 et design moderne, et cr\u00e9ant des lampes, vases et objets d\u00e9coratifs qui allient fonctionnalit\u00e9 et esth\u00e9tique artistique. Son travail pionnier renforce laRead More &rarr;\" \/>\n<meta property=\"og:url\" content=\"https:\/\/www.demosmobilia.ch\/fr\/product\/porte-manteau-mural-massif-en-verre-et-laiton\/\" \/>\n<meta property=\"og:site_name\" content=\"Demosmobilia\" \/>\n<meta property=\"article:publisher\" content=\"https:\/\/www.facebook.com\/Demos-Mobilia-1137017453131445\/\" \/>\n<meta property=\"article:modified_time\" content=\"2026-01-24T13:28:59+00:00\" \/>\n<meta property=\"og:image\" content=\"https:\/\/www.demosmobilia.ch\/wp-content\/uploads\/2025\/08\/barovier-1920-ercole-barovier-wall-coat-rack-01.jpg\" \/>\n\t<meta property=\"og:image:width\" content=\"1200\" \/>\n\t<meta property=\"og:image:height\" content=\"900\" \/>\n\t<meta property=\"og:image:type\" content=\"image\/jpeg\" \/>\n<meta name=\"twitter:card\" content=\"summary_large_image\" \/>\n<meta name=\"twitter:label1\" content=\"Dur\u00e9e de lecture estim\u00e9e\" \/>\n\t<meta name=\"twitter:data1\" content=\"1 minute\" \/>\n<script type=\"application\/ld+json\" class=\"yoast-schema-graph\">{\"@context\":\"https:\/\/schema.org\",\"@graph\":[{\"@type\":\"WebPage\",\"@id\":\"https:\/\/www.demosmobilia.ch\/fr\/product\/porte-manteau-mural-massif-en-verre-et-laiton\/\",\"url\":\"https:\/\/www.demosmobilia.ch\/fr\/product\/porte-manteau-mural-massif-en-verre-et-laiton\/\",\"name\":\"Porte-manteau mural massif en verre et laiton &#8211; Demosmobilia\",\"isPartOf\":{\"@id\":\"https:\/\/www.demosmobilia.ch\/fr\/#website\"},\"primaryImageOfPage\":{\"@id\":\"https:\/\/www.demosmobilia.ch\/fr\/product\/porte-manteau-mural-massif-en-verre-et-laiton\/#primaryimage\"},\"image\":{\"@id\":\"https:\/\/www.demosmobilia.ch\/fr\/product\/porte-manteau-mural-massif-en-verre-et-laiton\/#primaryimage\"},\"thumbnailUrl\":\"https:\/\/www.demosmobilia.ch\/wp-content\/uploads\/2025\/08\/barovier-1920-ercole-barovier-wall-coat-rack-01.jpg\",\"datePublished\":\"2025-08-20T08:00:27+00:00\",\"dateModified\":\"2026-01-24T13:28:59+00:00\",\"breadcrumb\":{\"@id\":\"https:\/\/www.demosmobilia.ch\/fr\/product\/porte-manteau-mural-massif-en-verre-et-laiton\/#breadcrumb\"},\"inLanguage\":\"fr-FR\",\"potentialAction\":[{\"@type\":\"ReadAction\",\"target\":[\"https:\/\/www.demosmobilia.ch\/fr\/product\/porte-manteau-mural-massif-en-verre-et-laiton\/\"]}]},{\"@type\":\"ImageObject\",\"inLanguage\":\"fr-FR\",\"@id\":\"https:\/\/www.demosmobilia.ch\/fr\/product\/porte-manteau-mural-massif-en-verre-et-laiton\/#primaryimage\",\"url\":\"https:\/\/www.demosmobilia.ch\/wp-content\/uploads\/2025\/08\/barovier-1920-ercole-barovier-wall-coat-rack-01.jpg\",\"contentUrl\":\"https:\/\/www.demosmobilia.ch\/wp-content\/uploads\/2025\/08\/barovier-1920-ercole-barovier-wall-coat-rack-01.jpg\",\"width\":1200,\"height\":900},{\"@type\":\"BreadcrumbList\",\"@id\":\"https:\/\/www.demosmobilia.ch\/fr\/product\/porte-manteau-mural-massif-en-verre-et-laiton\/#breadcrumb\",\"itemListElement\":[{\"@type\":\"ListItem\",\"position\":1,\"name\":\"Home\",\"item\":\"https:\/\/www.demosmobilia.ch\/fr\/\"},{\"@type\":\"ListItem\",\"position\":2,\"name\":\"Produits\",\"item\":\"https:\/\/www.demosmobilia.ch\/fr\/shop\/\"},{\"@type\":\"ListItem\",\"position\":3,\"name\":\"Porte-manteau mural massif en verre et laiton\"}]},{\"@type\":\"WebSite\",\"@id\":\"https:\/\/www.demosmobilia.ch\/fr\/#website\",\"url\":\"https:\/\/www.demosmobilia.ch\/fr\/\",\"name\":\"Demosmobilia\",\"description\":\"Vintage Mid Century Modern Design Furniture from the &#039;30s to the &#039;80s\",\"publisher\":{\"@id\":\"https:\/\/www.demosmobilia.ch\/fr\/#organization\"},\"potentialAction\":[{\"@type\":\"SearchAction\",\"target\":{\"@type\":\"EntryPoint\",\"urlTemplate\":\"https:\/\/www.demosmobilia.ch\/fr\/?s={search_term_string}\"},\"query-input\":{\"@type\":\"PropertyValueSpecification\",\"valueRequired\":true,\"valueName\":\"search_term_string\"}}],\"inLanguage\":\"fr-FR\"},{\"@type\":\"Organization\",\"@id\":\"https:\/\/www.demosmobilia.ch\/fr\/#organization\",\"name\":\"demosmobilia\",\"url\":\"https:\/\/www.demosmobilia.ch\/fr\/\",\"logo\":{\"@type\":\"ImageObject\",\"inLanguage\":\"fr-FR\",\"@id\":\"https:\/\/www.demosmobilia.ch\/fr\/#\/schema\/logo\/image\/\",\"url\":\"https:\/\/www.demosmobilia.ch\/wp-content\/uploads\/2020\/07\/demosmobilia-logo-2020-230-160.png\",\"contentUrl\":\"https:\/\/www.demosmobilia.ch\/wp-content\/uploads\/2020\/07\/demosmobilia-logo-2020-230-160.png\",\"width\":230,\"height\":160,\"caption\":\"demosmobilia\"},\"image\":{\"@id\":\"https:\/\/www.demosmobilia.ch\/fr\/#\/schema\/logo\/image\/\"},\"sameAs\":[\"https:\/\/www.facebook.com\/Demos-Mobilia-1137017453131445\/\",\"https:\/\/www.instagram.com\/demosmobilia\/\"]}]}<\/script>\n<!-- \/ Yoast SEO plugin. -->","yoast_head_json":{"title":"Porte-manteau mural massif en verre et laiton &#8211; Demosmobilia","robots":{"index":"index","follow":"follow","max-snippet":"max-snippet:-1","max-image-preview":"max-image-preview:large","max-video-preview":"max-video-preview:-1"},"canonical":"https:\/\/www.demosmobilia.ch\/fr\/product\/porte-manteau-mural-massif-en-verre-et-laiton\/","og_locale":"fr_FR","og_type":"article","og_title":"Porte-manteau mural massif en verre et laiton &#8211; Demosmobilia","og_description":"Ercole Barovier \u2013 Ma\u00eetre du Verre Artistique Italien et Production Barovier D\u00e9but XXe Si\u00e8cle Ercole Barovier (1900\u20131987) \u00e9tait un designer et ma\u00eetre verrier italien visionnaire, l\u2019une des figures les plus influentes du verre artistique de Murano. Au d\u00e9but du XXe si\u00e8cle, il collabore avec l\u2019entreprise familiale Barovier &amp; Toso, transformant la production de verre v\u00e9nitien gr\u00e2ce \u00e0 des techniques innovantes, des formes \u00e9l\u00e9gantes et des d\u00e9corations raffin\u00e9es. Pendant cette p\u00e9riode, Barovier exp\u00e9rimente de nouveaux styles et proc\u00e9d\u00e9s de verrerie, combinant savoir-faire artisanal, cr\u00e9ativit\u00e9 et design moderne, et cr\u00e9ant des lampes, vases et objets d\u00e9coratifs qui allient fonctionnalit\u00e9 et esth\u00e9tique artistique. Son travail pionnier renforce laRead More &rarr;","og_url":"https:\/\/www.demosmobilia.ch\/fr\/product\/porte-manteau-mural-massif-en-verre-et-laiton\/","og_site_name":"Demosmobilia","article_publisher":"https:\/\/www.facebook.com\/Demos-Mobilia-1137017453131445\/","article_modified_time":"2026-01-24T13:28:59+00:00","og_image":[{"width":1200,"height":900,"url":"https:\/\/www.demosmobilia.ch\/wp-content\/uploads\/2025\/08\/barovier-1920-ercole-barovier-wall-coat-rack-01.jpg","type":"image\/jpeg"}],"twitter_card":"summary_large_image","twitter_misc":{"Dur\u00e9e de lecture estim\u00e9e":"1 minute"},"schema":{"@context":"https:\/\/schema.org","@graph":[{"@type":"WebPage","@id":"https:\/\/www.demosmobilia.ch\/fr\/product\/porte-manteau-mural-massif-en-verre-et-laiton\/","url":"https:\/\/www.demosmobilia.ch\/fr\/product\/porte-manteau-mural-massif-en-verre-et-laiton\/","name":"Porte-manteau mural massif en verre et laiton &#8211; Demosmobilia","isPartOf":{"@id":"https:\/\/www.demosmobilia.ch\/fr\/#website"},"primaryImageOfPage":{"@id":"https:\/\/www.demosmobilia.ch\/fr\/product\/porte-manteau-mural-massif-en-verre-et-laiton\/#primaryimage"},"image":{"@id":"https:\/\/www.demosmobilia.ch\/fr\/product\/porte-manteau-mural-massif-en-verre-et-laiton\/#primaryimage"},"thumbnailUrl":"https:\/\/www.demosmobilia.ch\/wp-content\/uploads\/2025\/08\/barovier-1920-ercole-barovier-wall-coat-rack-01.jpg","datePublished":"2025-08-20T08:00:27+00:00","dateModified":"2026-01-24T13:28:59+00:00","breadcrumb":{"@id":"https:\/\/www.demosmobilia.ch\/fr\/product\/porte-manteau-mural-massif-en-verre-et-laiton\/#breadcrumb"},"inLanguage":"fr-FR","potentialAction":[{"@type":"ReadAction","target":["https:\/\/www.demosmobilia.ch\/fr\/product\/porte-manteau-mural-massif-en-verre-et-laiton\/"]}]},{"@type":"ImageObject","inLanguage":"fr-FR","@id":"https:\/\/www.demosmobilia.ch\/fr\/product\/porte-manteau-mural-massif-en-verre-et-laiton\/#primaryimage","url":"https:\/\/www.demosmobilia.ch\/wp-content\/uploads\/2025\/08\/barovier-1920-ercole-barovier-wall-coat-rack-01.jpg","contentUrl":"https:\/\/www.demosmobilia.ch\/wp-content\/uploads\/2025\/08\/barovier-1920-ercole-barovier-wall-coat-rack-01.jpg","width":1200,"height":900},{"@type":"BreadcrumbList","@id":"https:\/\/www.demosmobilia.ch\/fr\/product\/porte-manteau-mural-massif-en-verre-et-laiton\/#breadcrumb","itemListElement":[{"@type":"ListItem","position":1,"name":"Home","item":"https:\/\/www.demosmobilia.ch\/fr\/"},{"@type":"ListItem","position":2,"name":"Produits","item":"https:\/\/www.demosmobilia.ch\/fr\/shop\/"},{"@type":"ListItem","position":3,"name":"Porte-manteau mural massif en verre et laiton"}]},{"@type":"WebSite","@id":"https:\/\/www.demosmobilia.ch\/fr\/#website","url":"https:\/\/www.demosmobilia.ch\/fr\/","name":"Demosmobilia","description":"Vintage Mid Century Modern Design Furniture from the &#039;30s to the &#039;80s","publisher":{"@id":"https:\/\/www.demosmobilia.ch\/fr\/#organization"},"potentialAction":[{"@type":"SearchAction","target":{"@type":"EntryPoint","urlTemplate":"https:\/\/www.demosmobilia.ch\/fr\/?s={search_term_string}"},"query-input":{"@type":"PropertyValueSpecification","valueRequired":true,"valueName":"search_term_string"}}],"inLanguage":"fr-FR"},{"@type":"Organization","@id":"https:\/\/www.demosmobilia.ch\/fr\/#organization","name":"demosmobilia","url":"https:\/\/www.demosmobilia.ch\/fr\/","logo":{"@type":"ImageObject","inLanguage":"fr-FR","@id":"https:\/\/www.demosmobilia.ch\/fr\/#\/schema\/logo\/image\/","url":"https:\/\/www.demosmobilia.ch\/wp-content\/uploads\/2020\/07\/demosmobilia-logo-2020-230-160.png","contentUrl":"https:\/\/www.demosmobilia.ch\/wp-content\/uploads\/2020\/07\/demosmobilia-logo-2020-230-160.png","width":230,"height":160,"caption":"demosmobilia"},"image":{"@id":"https:\/\/www.demosmobilia.ch\/fr\/#\/schema\/logo\/image\/"},"sameAs":["https:\/\/www.facebook.com\/Demos-Mobilia-1137017453131445\/","https:\/\/www.instagram.com\/demosmobilia\/"]}]}},"_links":{"self":[{"href":"https:\/\/www.demosmobilia.ch\/fr\/wp-json\/wp\/v2\/product\/83930","targetHints":{"allow":["GET"]}}],"collection":[{"href":"https:\/\/www.demosmobilia.ch\/fr\/wp-json\/wp\/v2\/product"}],"about":[{"href":"https:\/\/www.demosmobilia.ch\/fr\/wp-json\/wp\/v2\/types\/product"}],"wp:featuredmedia":[{"embeddable":true,"href":"https:\/\/www.demosmobilia.ch\/fr\/wp-json\/wp\/v2\/media\/83899"}],"wp:attachment":[{"href":"https:\/\/www.demosmobilia.ch\/fr\/wp-json\/wp\/v2\/media?parent=83930"}],"wp:term":[{"taxonomy":"product_cat","embeddable":true,"href":"https:\/\/www.demosmobilia.ch\/fr\/wp-json\/wp\/v2\/product_cat?post=83930"},{"taxonomy":"product_tag","embeddable":true,"href":"https:\/\/www.demosmobilia.ch\/fr\/wp-json\/wp\/v2\/product_tag?post=83930"}],"curies":[{"name":"wp","href":"https:\/\/api.w.org\/{rel}","templated":true}]}}