{"id":83786,"date":"2025-07-21T05:00:37","date_gmt":"2025-07-21T03:00:37","guid":{"rendered":"https:\/\/www.demosmobilia.ch\/product\/lampe-de-table-modele-gibigiana\/"},"modified":"2026-03-14T14:23:41","modified_gmt":"2026-03-14T13:23:41","slug":"lampe-de-table-modele-gibigiana","status":"publish","type":"product","link":"https:\/\/www.demosmobilia.ch\/fr\/product\/lampe-de-table-modele-gibigiana\/","title":{"rendered":"Lampe de table mod\u00e8le Gibigiana"},"content":{"rendered":"<p data-start=\"0\" data-end=\"326\">Achille Castiglioni (1918\u20132002) est l\u2019un des designers italiens les plus influents du XXe si\u00e8cle et une figure majeure du design industriel. N\u00e9 \u00e0 Milan, il a r\u00e9volutionn\u00e9 la conception des objets du quotidien en combinant fonctionnalit\u00e9, ironie et innovation technique. <\/p>\n<p data-start=\"328\" data-end=\"739\">Au cours de sa carri\u00e8re, il a collabor\u00e9 avec des entreprises embl\u00e9matiques telles que Flos, Alessi et Zanotta, cr\u00e9ant des produits iconiques qui repr\u00e9sentent encore aujourd\u2019hui l\u2019excellence du design italien. Parmi ses r\u00e9alisations les plus c\u00e9l\u00e8bres figurent la Arco Lamp et la Toio Lamp, exemples parfaits de son approche exp\u00e9rimentale et pragmatique du design. <\/p>\n<p data-start=\"741\" data-end=\"1185\">Un autre projet important est la lampe Gibigiana, con\u00e7ue pour Flos. Cette lampe de table refl\u00e8te parfaitement la m\u00e9thode de conception de Castiglioni : un objet essentiel mais ing\u00e9nieux qui utilise un petit miroir orientable pour r\u00e9fl\u00e9chir la lumi\u00e8re et cr\u00e9er un \u00e9clairage indirect pr\u00e9cis. Le design joue avec le principe de la r\u00e9flexion lumineuse et transforme un geste simple \u2014 orienter un miroir \u2014 en une exp\u00e9rience lumineuse fonctionnelle et \u00e9l\u00e9gante.  <\/p>\n<p data-start=\"1187\" data-end=\"1529\">Castiglioni a re\u00e7u de nombreuses distinctions, dont plusieurs prix Compasso d\u2019Oro, et a \u00e9galement enseign\u00e9 au Politecnico di Milano, o\u00f9 il a form\u00e9 des g\u00e9n\u00e9rations de designers. Son travail repose sur l\u2019observation de la vie quotidienne et sur la capacit\u00e9 de transformer des objets simples en solutions intelligentes et surprenantes. <\/p>\n<p data-start=\"1531\" data-end=\"1772\" data-is-last-node=\"\" data-is-only-node=\"\">Aujourd\u2019hui, ses cr\u00e9ations sont expos\u00e9es dans les principaux mus\u00e9es de design du monde, notamment au Museum of Modern Art de New York, confirmant l\u2019h\u00e9ritage durable de l\u2019un des grands ma\u00eetres du design italien.<\/p>\n","protected":false},"excerpt":{"rendered":"<p>Achille Castiglioni (1918\u20132002) est l\u2019un des designers italiens les plus influents du XXe si\u00e8cle et une figure majeure du design industriel. N\u00e9 \u00e0 Milan, il a r\u00e9volutionn\u00e9 la conception des objets du quotidien en combinant fonctionnalit\u00e9, ironie et innovation technique. Au cours de sa carri\u00e8re, il a collabor\u00e9 avec des entreprises embl\u00e9matiques telles que Flos, Alessi et Zanotta, cr\u00e9ant des produits iconiques qui repr\u00e9sentent encore aujourd\u2019hui l\u2019excellence du design italien. Parmi ses r\u00e9alisations les plus c\u00e9l\u00e8bres figurent la Arco Lamp et la Toio Lamp, exemples parfaits de son approche exp\u00e9rimentale et pragmatique du design. Un autre projet important est la lampe Gibigiana, con\u00e7ue pour Flos.<a class=\"more-link\" href=\"https:\/\/www.demosmobilia.ch\/fr\/product\/lampe-de-table-modele-gibigiana\/\">Read More &rarr;<\/a><\/p>\n","protected":false},"featured_media":84100,"template":"","meta":{"_monsterinsights_skip_tracking":false,"_monsterinsights_sitenote_active":false,"_monsterinsights_sitenote_note":"","_monsterinsights_sitenote_category":0,"kk_blocks_editor_width":"","_kiokenblocks_attr":"","_kiokenblocks_dimensions":""},"product_cat":[4249,4071],"product_tag":[6712],"class_list":{"0":"entry","1":"author-demosmobilia","2":"post-83786","3":"product","4":"type-product","5":"status-publish","6":"has-post-thumbnail","7":"product_production-flos","8":"product_year-3784","9":"product_nation-italie-fr","10":"product_cat-lampes-de-table","11":"product_cat-nouveautes","12":"product_tag-castiglioni-achille-fr","13":"pa_product_dimension-14-x-8-x-ht-42-cm","14":"pa_product_material-plastique-verre-miroir-metal","16":"first","17":"instock","18":"shipping-taxable","19":"purchasable","20":"product-type-simple"},"yoast_head":"<!-- This site is optimized with the Yoast SEO plugin v24.0 - https:\/\/yoast.com\/wordpress\/plugins\/seo\/ -->\n<title>Lampe de table mod\u00e8le Gibigiana &#8211; Demosmobilia<\/title>\n<meta name=\"robots\" content=\"index, follow, max-snippet:-1, max-image-preview:large, max-video-preview:-1\" \/>\n<link rel=\"canonical\" href=\"https:\/\/www.demosmobilia.ch\/fr\/product\/lampe-de-table-modele-gibigiana\/\" \/>\n<meta property=\"og:locale\" content=\"fr_FR\" \/>\n<meta property=\"og:type\" content=\"article\" \/>\n<meta property=\"og:title\" content=\"Lampe de table mod\u00e8le Gibigiana &#8211; Demosmobilia\" \/>\n<meta property=\"og:description\" content=\"Achille Castiglioni (1918\u20132002) est l\u2019un des designers italiens les plus influents du XXe si\u00e8cle et une figure majeure du design industriel. N\u00e9 \u00e0 Milan, il a r\u00e9volutionn\u00e9 la conception des objets du quotidien en combinant fonctionnalit\u00e9, ironie et innovation technique. Au cours de sa carri\u00e8re, il a collabor\u00e9 avec des entreprises embl\u00e9matiques telles que Flos, Alessi et Zanotta, cr\u00e9ant des produits iconiques qui repr\u00e9sentent encore aujourd\u2019hui l\u2019excellence du design italien. Parmi ses r\u00e9alisations les plus c\u00e9l\u00e8bres figurent la Arco Lamp et la Toio Lamp, exemples parfaits de son approche exp\u00e9rimentale et pragmatique du design. Un autre projet important est la lampe Gibigiana, con\u00e7ue pour Flos.Read More &rarr;\" \/>\n<meta property=\"og:url\" content=\"https:\/\/www.demosmobilia.ch\/fr\/product\/lampe-de-table-modele-gibigiana\/\" \/>\n<meta property=\"og:site_name\" content=\"Demosmobilia\" \/>\n<meta property=\"article:publisher\" content=\"https:\/\/www.facebook.com\/Demos-Mobilia-1137017453131445\/\" \/>\n<meta property=\"article:modified_time\" content=\"2026-03-14T13:23:41+00:00\" \/>\n<meta property=\"og:image\" content=\"https:\/\/www.demosmobilia.ch\/wp-content\/uploads\/2025\/07\/castiglioni-flos-gibigiana-table-lamp-italian-design-1980-01.jpg\" \/>\n\t<meta property=\"og:image:width\" content=\"1200\" \/>\n\t<meta property=\"og:image:height\" content=\"900\" \/>\n\t<meta property=\"og:image:type\" content=\"image\/jpeg\" \/>\n<meta name=\"twitter:card\" content=\"summary_large_image\" \/>\n<meta name=\"twitter:label1\" content=\"Dur\u00e9e de lecture estim\u00e9e\" \/>\n\t<meta name=\"twitter:data1\" content=\"1 minute\" \/>\n<script type=\"application\/ld+json\" class=\"yoast-schema-graph\">{\"@context\":\"https:\/\/schema.org\",\"@graph\":[{\"@type\":\"WebPage\",\"@id\":\"https:\/\/www.demosmobilia.ch\/fr\/product\/lampe-de-table-modele-gibigiana\/\",\"url\":\"https:\/\/www.demosmobilia.ch\/fr\/product\/lampe-de-table-modele-gibigiana\/\",\"name\":\"Lampe de table mod\u00e8le Gibigiana &#8211; Demosmobilia\",\"isPartOf\":{\"@id\":\"https:\/\/www.demosmobilia.ch\/fr\/#website\"},\"primaryImageOfPage\":{\"@id\":\"https:\/\/www.demosmobilia.ch\/fr\/product\/lampe-de-table-modele-gibigiana\/#primaryimage\"},\"image\":{\"@id\":\"https:\/\/www.demosmobilia.ch\/fr\/product\/lampe-de-table-modele-gibigiana\/#primaryimage\"},\"thumbnailUrl\":\"https:\/\/www.demosmobilia.ch\/wp-content\/uploads\/2025\/07\/castiglioni-flos-gibigiana-table-lamp-italian-design-1980-01.jpg\",\"datePublished\":\"2025-07-21T03:00:37+00:00\",\"dateModified\":\"2026-03-14T13:23:41+00:00\",\"breadcrumb\":{\"@id\":\"https:\/\/www.demosmobilia.ch\/fr\/product\/lampe-de-table-modele-gibigiana\/#breadcrumb\"},\"inLanguage\":\"fr-FR\",\"potentialAction\":[{\"@type\":\"ReadAction\",\"target\":[\"https:\/\/www.demosmobilia.ch\/fr\/product\/lampe-de-table-modele-gibigiana\/\"]}]},{\"@type\":\"ImageObject\",\"inLanguage\":\"fr-FR\",\"@id\":\"https:\/\/www.demosmobilia.ch\/fr\/product\/lampe-de-table-modele-gibigiana\/#primaryimage\",\"url\":\"https:\/\/www.demosmobilia.ch\/wp-content\/uploads\/2025\/07\/castiglioni-flos-gibigiana-table-lamp-italian-design-1980-01.jpg\",\"contentUrl\":\"https:\/\/www.demosmobilia.ch\/wp-content\/uploads\/2025\/07\/castiglioni-flos-gibigiana-table-lamp-italian-design-1980-01.jpg\",\"width\":1200,\"height\":900},{\"@type\":\"BreadcrumbList\",\"@id\":\"https:\/\/www.demosmobilia.ch\/fr\/product\/lampe-de-table-modele-gibigiana\/#breadcrumb\",\"itemListElement\":[{\"@type\":\"ListItem\",\"position\":1,\"name\":\"Home\",\"item\":\"https:\/\/www.demosmobilia.ch\/fr\/\"},{\"@type\":\"ListItem\",\"position\":2,\"name\":\"Produits\",\"item\":\"https:\/\/www.demosmobilia.ch\/fr\/shop\/\"},{\"@type\":\"ListItem\",\"position\":3,\"name\":\"Lampe de table mod\u00e8le Gibigiana\"}]},{\"@type\":\"WebSite\",\"@id\":\"https:\/\/www.demosmobilia.ch\/fr\/#website\",\"url\":\"https:\/\/www.demosmobilia.ch\/fr\/\",\"name\":\"Demosmobilia\",\"description\":\"Vintage Mid Century Modern Design Furniture from the &#039;30s to the &#039;80s\",\"publisher\":{\"@id\":\"https:\/\/www.demosmobilia.ch\/fr\/#organization\"},\"potentialAction\":[{\"@type\":\"SearchAction\",\"target\":{\"@type\":\"EntryPoint\",\"urlTemplate\":\"https:\/\/www.demosmobilia.ch\/fr\/?s={search_term_string}\"},\"query-input\":{\"@type\":\"PropertyValueSpecification\",\"valueRequired\":true,\"valueName\":\"search_term_string\"}}],\"inLanguage\":\"fr-FR\"},{\"@type\":\"Organization\",\"@id\":\"https:\/\/www.demosmobilia.ch\/fr\/#organization\",\"name\":\"demosmobilia\",\"url\":\"https:\/\/www.demosmobilia.ch\/fr\/\",\"logo\":{\"@type\":\"ImageObject\",\"inLanguage\":\"fr-FR\",\"@id\":\"https:\/\/www.demosmobilia.ch\/fr\/#\/schema\/logo\/image\/\",\"url\":\"https:\/\/www.demosmobilia.ch\/wp-content\/uploads\/2020\/07\/demosmobilia-logo-2020-230-160.png\",\"contentUrl\":\"https:\/\/www.demosmobilia.ch\/wp-content\/uploads\/2020\/07\/demosmobilia-logo-2020-230-160.png\",\"width\":230,\"height\":160,\"caption\":\"demosmobilia\"},\"image\":{\"@id\":\"https:\/\/www.demosmobilia.ch\/fr\/#\/schema\/logo\/image\/\"},\"sameAs\":[\"https:\/\/www.facebook.com\/Demos-Mobilia-1137017453131445\/\",\"https:\/\/www.instagram.com\/demosmobilia\/\"]}]}<\/script>\n<!-- \/ Yoast SEO plugin. -->","yoast_head_json":{"title":"Lampe de table mod\u00e8le Gibigiana &#8211; Demosmobilia","robots":{"index":"index","follow":"follow","max-snippet":"max-snippet:-1","max-image-preview":"max-image-preview:large","max-video-preview":"max-video-preview:-1"},"canonical":"https:\/\/www.demosmobilia.ch\/fr\/product\/lampe-de-table-modele-gibigiana\/","og_locale":"fr_FR","og_type":"article","og_title":"Lampe de table mod\u00e8le Gibigiana &#8211; Demosmobilia","og_description":"Achille Castiglioni (1918\u20132002) est l\u2019un des designers italiens les plus influents du XXe si\u00e8cle et une figure majeure du design industriel. N\u00e9 \u00e0 Milan, il a r\u00e9volutionn\u00e9 la conception des objets du quotidien en combinant fonctionnalit\u00e9, ironie et innovation technique. Au cours de sa carri\u00e8re, il a collabor\u00e9 avec des entreprises embl\u00e9matiques telles que Flos, Alessi et Zanotta, cr\u00e9ant des produits iconiques qui repr\u00e9sentent encore aujourd\u2019hui l\u2019excellence du design italien. Parmi ses r\u00e9alisations les plus c\u00e9l\u00e8bres figurent la Arco Lamp et la Toio Lamp, exemples parfaits de son approche exp\u00e9rimentale et pragmatique du design. Un autre projet important est la lampe Gibigiana, con\u00e7ue pour Flos.Read More &rarr;","og_url":"https:\/\/www.demosmobilia.ch\/fr\/product\/lampe-de-table-modele-gibigiana\/","og_site_name":"Demosmobilia","article_publisher":"https:\/\/www.facebook.com\/Demos-Mobilia-1137017453131445\/","article_modified_time":"2026-03-14T13:23:41+00:00","og_image":[{"width":1200,"height":900,"url":"https:\/\/www.demosmobilia.ch\/wp-content\/uploads\/2025\/07\/castiglioni-flos-gibigiana-table-lamp-italian-design-1980-01.jpg","type":"image\/jpeg"}],"twitter_card":"summary_large_image","twitter_misc":{"Dur\u00e9e de lecture estim\u00e9e":"1 minute"},"schema":{"@context":"https:\/\/schema.org","@graph":[{"@type":"WebPage","@id":"https:\/\/www.demosmobilia.ch\/fr\/product\/lampe-de-table-modele-gibigiana\/","url":"https:\/\/www.demosmobilia.ch\/fr\/product\/lampe-de-table-modele-gibigiana\/","name":"Lampe de table mod\u00e8le Gibigiana &#8211; Demosmobilia","isPartOf":{"@id":"https:\/\/www.demosmobilia.ch\/fr\/#website"},"primaryImageOfPage":{"@id":"https:\/\/www.demosmobilia.ch\/fr\/product\/lampe-de-table-modele-gibigiana\/#primaryimage"},"image":{"@id":"https:\/\/www.demosmobilia.ch\/fr\/product\/lampe-de-table-modele-gibigiana\/#primaryimage"},"thumbnailUrl":"https:\/\/www.demosmobilia.ch\/wp-content\/uploads\/2025\/07\/castiglioni-flos-gibigiana-table-lamp-italian-design-1980-01.jpg","datePublished":"2025-07-21T03:00:37+00:00","dateModified":"2026-03-14T13:23:41+00:00","breadcrumb":{"@id":"https:\/\/www.demosmobilia.ch\/fr\/product\/lampe-de-table-modele-gibigiana\/#breadcrumb"},"inLanguage":"fr-FR","potentialAction":[{"@type":"ReadAction","target":["https:\/\/www.demosmobilia.ch\/fr\/product\/lampe-de-table-modele-gibigiana\/"]}]},{"@type":"ImageObject","inLanguage":"fr-FR","@id":"https:\/\/www.demosmobilia.ch\/fr\/product\/lampe-de-table-modele-gibigiana\/#primaryimage","url":"https:\/\/www.demosmobilia.ch\/wp-content\/uploads\/2025\/07\/castiglioni-flos-gibigiana-table-lamp-italian-design-1980-01.jpg","contentUrl":"https:\/\/www.demosmobilia.ch\/wp-content\/uploads\/2025\/07\/castiglioni-flos-gibigiana-table-lamp-italian-design-1980-01.jpg","width":1200,"height":900},{"@type":"BreadcrumbList","@id":"https:\/\/www.demosmobilia.ch\/fr\/product\/lampe-de-table-modele-gibigiana\/#breadcrumb","itemListElement":[{"@type":"ListItem","position":1,"name":"Home","item":"https:\/\/www.demosmobilia.ch\/fr\/"},{"@type":"ListItem","position":2,"name":"Produits","item":"https:\/\/www.demosmobilia.ch\/fr\/shop\/"},{"@type":"ListItem","position":3,"name":"Lampe de table mod\u00e8le Gibigiana"}]},{"@type":"WebSite","@id":"https:\/\/www.demosmobilia.ch\/fr\/#website","url":"https:\/\/www.demosmobilia.ch\/fr\/","name":"Demosmobilia","description":"Vintage Mid Century Modern Design Furniture from the &#039;30s to the &#039;80s","publisher":{"@id":"https:\/\/www.demosmobilia.ch\/fr\/#organization"},"potentialAction":[{"@type":"SearchAction","target":{"@type":"EntryPoint","urlTemplate":"https:\/\/www.demosmobilia.ch\/fr\/?s={search_term_string}"},"query-input":{"@type":"PropertyValueSpecification","valueRequired":true,"valueName":"search_term_string"}}],"inLanguage":"fr-FR"},{"@type":"Organization","@id":"https:\/\/www.demosmobilia.ch\/fr\/#organization","name":"demosmobilia","url":"https:\/\/www.demosmobilia.ch\/fr\/","logo":{"@type":"ImageObject","inLanguage":"fr-FR","@id":"https:\/\/www.demosmobilia.ch\/fr\/#\/schema\/logo\/image\/","url":"https:\/\/www.demosmobilia.ch\/wp-content\/uploads\/2020\/07\/demosmobilia-logo-2020-230-160.png","contentUrl":"https:\/\/www.demosmobilia.ch\/wp-content\/uploads\/2020\/07\/demosmobilia-logo-2020-230-160.png","width":230,"height":160,"caption":"demosmobilia"},"image":{"@id":"https:\/\/www.demosmobilia.ch\/fr\/#\/schema\/logo\/image\/"},"sameAs":["https:\/\/www.facebook.com\/Demos-Mobilia-1137017453131445\/","https:\/\/www.instagram.com\/demosmobilia\/"]}]}},"_links":{"self":[{"href":"https:\/\/www.demosmobilia.ch\/fr\/wp-json\/wp\/v2\/product\/83786","targetHints":{"allow":["GET"]}}],"collection":[{"href":"https:\/\/www.demosmobilia.ch\/fr\/wp-json\/wp\/v2\/product"}],"about":[{"href":"https:\/\/www.demosmobilia.ch\/fr\/wp-json\/wp\/v2\/types\/product"}],"wp:featuredmedia":[{"embeddable":true,"href":"https:\/\/www.demosmobilia.ch\/fr\/wp-json\/wp\/v2\/media\/84100"}],"wp:attachment":[{"href":"https:\/\/www.demosmobilia.ch\/fr\/wp-json\/wp\/v2\/media?parent=83786"}],"wp:term":[{"taxonomy":"product_cat","embeddable":true,"href":"https:\/\/www.demosmobilia.ch\/fr\/wp-json\/wp\/v2\/product_cat?post=83786"},{"taxonomy":"product_tag","embeddable":true,"href":"https:\/\/www.demosmobilia.ch\/fr\/wp-json\/wp\/v2\/product_tag?post=83786"}],"curies":[{"name":"wp","href":"https:\/\/api.w.org\/{rel}","templated":true}]}}