{"id":83684,"date":"2025-08-20T11:00:55","date_gmt":"2025-08-20T09:00:55","guid":{"rendered":"https:\/\/www.demosmobilia.ch\/product\/porte-revues-ovale-en-rotin-tresse-peint\/"},"modified":"2026-01-24T14:11:26","modified_gmt":"2026-01-24T13:11:26","slug":"porte-revues-ovale-en-rotin-tresse-peint","status":"publish","type":"product","link":"https:\/\/www.demosmobilia.ch\/fr\/product\/porte-revues-ovale-en-rotin-tresse-peint\/","title":{"rendered":"Porte-revues ovale en rotin tress\u00e9 peint"},"content":{"rendered":"<p data-start=\"115\" data-end=\"197\"><strong data-start=\"115\" data-end=\"197\">Franco Campo &amp; Carlo Graffi \u2013 Pionniers du Mobilier Italien Mid-Century<\/strong><\/p>\n<p data-start=\"199\" data-end=\"627\">Franco Campo (n\u00e9 en 1926) et Carlo Graffi (1925\u20131985) \u00e9taient des designers et architectes italiens visionnaires, qui ont marqu\u00e9 l\u2019histoire du mobilier italien mid-century. Form\u00e9s au Politecnico de Turin sous la direction de Carlo Mollino, ils ont commenc\u00e9 \u00e0 collaborer dans les ann\u00e9es 1950, d\u00e9veloppant un style innovant m\u00ealant formes sculpturales, fonctionnalit\u00e9 et \u00e9l\u00e9gance. <\/p>\n<p data-start=\"629\" data-end=\"928\">Dans les ann\u00e9es 1950, Campo et Graffi se concentrent sur les int\u00e9rieurs sur mesure et le mobilier innovant, cr\u00e9ant des pi\u00e8ces de haute qualit\u00e9 pour des clients priv\u00e9s, boutiques et d\u00e9corateurs. Leur travail allie formes organiques et simplicit\u00e9 fonctionnelle, incarnant l\u2019essence du design moderniste italien. <\/p>\n<p data-start=\"930\" data-end=\"1322\">En 1956, ils fondent ensemble l\u2019atelier de meubles Home \u00e0 Turin, avec pour objectif de rendre le design italien haut de gamme accessible. Ils produisent des collections en teck, m\u00e9tal et mat\u00e9riaux modernes, influenc\u00e9es par le style scandinave, privil\u00e9giant fonctionnalit\u00e9, savoir-faire artisanal et esth\u00e9tique \u00e9pur\u00e9e. Leurs cr\u00e9ations connaissent un succ\u00e8s notable \u00e0 Turin, G\u00eanes et Rome.  <\/p>\n<p data-start=\"1324\" data-end=\"1572\">La collaboration se termine en 1964 apr\u00e8s l\u2019incendie de l\u2019usine Home, mais leur impact sur le design italien reste majeur : Graffi reprend la collaboration avec Carlo Mollino, tandis que Campo poursuit une carri\u00e8re ind\u00e9pendante dans le mobilier et le design d\u2019int\u00e9rieur.<\/p>\n<p data-start=\"1574\" data-end=\"1895\">Aujourd\u2019hui, les meubles de Campo &amp; Graffi sont recherch\u00e9s sur le march\u00e9 du vintage et du design mid-century international, c\u00e9l\u00e9br\u00e9s pour leur \u00e9quilibre parfait entre forme, fonctionnalit\u00e9 et qualit\u00e9 de fabrication, faisant de Campo et Graffi de v\u00e9ritables ic\u00f4nes du design italien d\u2019apr\u00e8s-guerre.<\/p>\n<hr data-start=\"1897\" data-end=\"1900\">\n<p data-start=\"1902\" data-end=\"2158\" data-is-last-node=\"\" data-is-only-node=\"\">\n","protected":false},"excerpt":{"rendered":"<p>Franco Campo &amp; Carlo Graffi \u2013 Pionniers du Mobilier Italien Mid-Century Franco Campo (n\u00e9 en 1926) et Carlo Graffi (1925\u20131985) \u00e9taient des designers et architectes italiens visionnaires, qui ont marqu\u00e9 l\u2019histoire du mobilier italien mid-century. Form\u00e9s au Politecnico de Turin sous la direction de Carlo Mollino, ils ont commenc\u00e9 \u00e0 collaborer dans les ann\u00e9es 1950, d\u00e9veloppant un style innovant m\u00ealant formes sculpturales, fonctionnalit\u00e9 et \u00e9l\u00e9gance. Dans les ann\u00e9es 1950, Campo et Graffi se concentrent sur les int\u00e9rieurs sur mesure et le mobilier innovant, cr\u00e9ant des pi\u00e8ces de haute qualit\u00e9 pour des clients priv\u00e9s, boutiques et d\u00e9corateurs. Leur travail allie formes organiques et simplicit\u00e9 fonctionnelle, incarnant<a class=\"more-link\" href=\"https:\/\/www.demosmobilia.ch\/fr\/product\/porte-revues-ovale-en-rotin-tresse-peint\/\">Read More &rarr;<\/a><\/p>\n","protected":false},"featured_media":84076,"template":"","meta":{"_monsterinsights_skip_tracking":false,"_monsterinsights_sitenote_active":false,"_monsterinsights_sitenote_note":"","_monsterinsights_sitenote_category":0,"kk_blocks_editor_width":"","_kiokenblocks_attr":"","_kiokenblocks_dimensions":""},"product_cat":[4253,4071],"product_tag":[6984,6987],"class_list":{"0":"entry","1":"author-demosmobilia","2":"post-83684","3":"product","4":"type-product","5":"status-publish","6":"has-post-thumbnail","7":"product_production-home-torino","8":"product_year-1950-approx","9":"product_nation-italie-fr","10":"product_cat-autres-objets","11":"product_cat-nouveautes","12":"product_tag-campo-fr","13":"product_tag-graffi-fr","14":"pa_product_dimension-55-x-36-x-ht-52-cm","15":"pa_product_material-painted-woven-rattan-black-metal-lacquered","17":"first","18":"instock","19":"shipping-taxable","20":"purchasable","21":"product-type-simple"},"yoast_head":"<!-- This site is optimized with the Yoast SEO plugin v24.0 - https:\/\/yoast.com\/wordpress\/plugins\/seo\/ -->\n<title>Porte-revues ovale en rotin tress\u00e9 peint &#8211; Demosmobilia<\/title>\n<meta name=\"robots\" content=\"index, follow, max-snippet:-1, max-image-preview:large, max-video-preview:-1\" \/>\n<link rel=\"canonical\" href=\"https:\/\/www.demosmobilia.ch\/fr\/product\/porte-revues-ovale-en-rotin-tresse-peint\/\" \/>\n<meta property=\"og:locale\" content=\"fr_FR\" \/>\n<meta property=\"og:type\" content=\"article\" \/>\n<meta property=\"og:title\" content=\"Porte-revues ovale en rotin tress\u00e9 peint &#8211; Demosmobilia\" \/>\n<meta property=\"og:description\" content=\"Franco Campo &amp; Carlo Graffi \u2013 Pionniers du Mobilier Italien Mid-Century Franco Campo (n\u00e9 en 1926) et Carlo Graffi (1925\u20131985) \u00e9taient des designers et architectes italiens visionnaires, qui ont marqu\u00e9 l\u2019histoire du mobilier italien mid-century. Form\u00e9s au Politecnico de Turin sous la direction de Carlo Mollino, ils ont commenc\u00e9 \u00e0 collaborer dans les ann\u00e9es 1950, d\u00e9veloppant un style innovant m\u00ealant formes sculpturales, fonctionnalit\u00e9 et \u00e9l\u00e9gance. Dans les ann\u00e9es 1950, Campo et Graffi se concentrent sur les int\u00e9rieurs sur mesure et le mobilier innovant, cr\u00e9ant des pi\u00e8ces de haute qualit\u00e9 pour des clients priv\u00e9s, boutiques et d\u00e9corateurs. Leur travail allie formes organiques et simplicit\u00e9 fonctionnelle, incarnantRead More &rarr;\" \/>\n<meta property=\"og:url\" content=\"https:\/\/www.demosmobilia.ch\/fr\/product\/porte-revues-ovale-en-rotin-tresse-peint\/\" \/>\n<meta property=\"og:site_name\" content=\"Demosmobilia\" \/>\n<meta property=\"article:publisher\" content=\"https:\/\/www.facebook.com\/Demos-Mobilia-1137017453131445\/\" \/>\n<meta property=\"article:modified_time\" content=\"2026-01-24T13:11:26+00:00\" \/>\n<meta property=\"og:image\" content=\"https:\/\/www.demosmobilia.ch\/wp-content\/uploads\/2025\/08\/campo-graffi-magazine-holder-home-1950-01-1.jpg\" \/>\n\t<meta property=\"og:image:width\" content=\"1200\" \/>\n\t<meta property=\"og:image:height\" content=\"900\" \/>\n\t<meta property=\"og:image:type\" content=\"image\/jpeg\" \/>\n<meta name=\"twitter:card\" content=\"summary_large_image\" \/>\n<meta name=\"twitter:label1\" content=\"Dur\u00e9e de lecture estim\u00e9e\" \/>\n\t<meta name=\"twitter:data1\" content=\"1 minute\" \/>\n<script type=\"application\/ld+json\" class=\"yoast-schema-graph\">{\"@context\":\"https:\/\/schema.org\",\"@graph\":[{\"@type\":\"WebPage\",\"@id\":\"https:\/\/www.demosmobilia.ch\/fr\/product\/porte-revues-ovale-en-rotin-tresse-peint\/\",\"url\":\"https:\/\/www.demosmobilia.ch\/fr\/product\/porte-revues-ovale-en-rotin-tresse-peint\/\",\"name\":\"Porte-revues ovale en rotin tress\u00e9 peint &#8211; Demosmobilia\",\"isPartOf\":{\"@id\":\"https:\/\/www.demosmobilia.ch\/fr\/#website\"},\"primaryImageOfPage\":{\"@id\":\"https:\/\/www.demosmobilia.ch\/fr\/product\/porte-revues-ovale-en-rotin-tresse-peint\/#primaryimage\"},\"image\":{\"@id\":\"https:\/\/www.demosmobilia.ch\/fr\/product\/porte-revues-ovale-en-rotin-tresse-peint\/#primaryimage\"},\"thumbnailUrl\":\"https:\/\/www.demosmobilia.ch\/wp-content\/uploads\/2025\/08\/campo-graffi-magazine-holder-home-1950-01-1.jpg\",\"datePublished\":\"2025-08-20T09:00:55+00:00\",\"dateModified\":\"2026-01-24T13:11:26+00:00\",\"breadcrumb\":{\"@id\":\"https:\/\/www.demosmobilia.ch\/fr\/product\/porte-revues-ovale-en-rotin-tresse-peint\/#breadcrumb\"},\"inLanguage\":\"fr-FR\",\"potentialAction\":[{\"@type\":\"ReadAction\",\"target\":[\"https:\/\/www.demosmobilia.ch\/fr\/product\/porte-revues-ovale-en-rotin-tresse-peint\/\"]}]},{\"@type\":\"ImageObject\",\"inLanguage\":\"fr-FR\",\"@id\":\"https:\/\/www.demosmobilia.ch\/fr\/product\/porte-revues-ovale-en-rotin-tresse-peint\/#primaryimage\",\"url\":\"https:\/\/www.demosmobilia.ch\/wp-content\/uploads\/2025\/08\/campo-graffi-magazine-holder-home-1950-01-1.jpg\",\"contentUrl\":\"https:\/\/www.demosmobilia.ch\/wp-content\/uploads\/2025\/08\/campo-graffi-magazine-holder-home-1950-01-1.jpg\",\"width\":1200,\"height\":900},{\"@type\":\"BreadcrumbList\",\"@id\":\"https:\/\/www.demosmobilia.ch\/fr\/product\/porte-revues-ovale-en-rotin-tresse-peint\/#breadcrumb\",\"itemListElement\":[{\"@type\":\"ListItem\",\"position\":1,\"name\":\"Home\",\"item\":\"https:\/\/www.demosmobilia.ch\/fr\/\"},{\"@type\":\"ListItem\",\"position\":2,\"name\":\"Produits\",\"item\":\"https:\/\/www.demosmobilia.ch\/fr\/shop\/\"},{\"@type\":\"ListItem\",\"position\":3,\"name\":\"Porte-revues ovale en rotin tress\u00e9 peint\"}]},{\"@type\":\"WebSite\",\"@id\":\"https:\/\/www.demosmobilia.ch\/fr\/#website\",\"url\":\"https:\/\/www.demosmobilia.ch\/fr\/\",\"name\":\"Demosmobilia\",\"description\":\"Vintage Mid Century Modern Design Furniture from the &#039;30s to the &#039;80s\",\"publisher\":{\"@id\":\"https:\/\/www.demosmobilia.ch\/fr\/#organization\"},\"potentialAction\":[{\"@type\":\"SearchAction\",\"target\":{\"@type\":\"EntryPoint\",\"urlTemplate\":\"https:\/\/www.demosmobilia.ch\/fr\/?s={search_term_string}\"},\"query-input\":{\"@type\":\"PropertyValueSpecification\",\"valueRequired\":true,\"valueName\":\"search_term_string\"}}],\"inLanguage\":\"fr-FR\"},{\"@type\":\"Organization\",\"@id\":\"https:\/\/www.demosmobilia.ch\/fr\/#organization\",\"name\":\"demosmobilia\",\"url\":\"https:\/\/www.demosmobilia.ch\/fr\/\",\"logo\":{\"@type\":\"ImageObject\",\"inLanguage\":\"fr-FR\",\"@id\":\"https:\/\/www.demosmobilia.ch\/fr\/#\/schema\/logo\/image\/\",\"url\":\"https:\/\/www.demosmobilia.ch\/wp-content\/uploads\/2020\/07\/demosmobilia-logo-2020-230-160.png\",\"contentUrl\":\"https:\/\/www.demosmobilia.ch\/wp-content\/uploads\/2020\/07\/demosmobilia-logo-2020-230-160.png\",\"width\":230,\"height\":160,\"caption\":\"demosmobilia\"},\"image\":{\"@id\":\"https:\/\/www.demosmobilia.ch\/fr\/#\/schema\/logo\/image\/\"},\"sameAs\":[\"https:\/\/www.facebook.com\/Demos-Mobilia-1137017453131445\/\",\"https:\/\/www.instagram.com\/demosmobilia\/\"]}]}<\/script>\n<!-- \/ Yoast SEO plugin. -->","yoast_head_json":{"title":"Porte-revues ovale en rotin tress\u00e9 peint &#8211; Demosmobilia","robots":{"index":"index","follow":"follow","max-snippet":"max-snippet:-1","max-image-preview":"max-image-preview:large","max-video-preview":"max-video-preview:-1"},"canonical":"https:\/\/www.demosmobilia.ch\/fr\/product\/porte-revues-ovale-en-rotin-tresse-peint\/","og_locale":"fr_FR","og_type":"article","og_title":"Porte-revues ovale en rotin tress\u00e9 peint &#8211; Demosmobilia","og_description":"Franco Campo &amp; Carlo Graffi \u2013 Pionniers du Mobilier Italien Mid-Century Franco Campo (n\u00e9 en 1926) et Carlo Graffi (1925\u20131985) \u00e9taient des designers et architectes italiens visionnaires, qui ont marqu\u00e9 l\u2019histoire du mobilier italien mid-century. Form\u00e9s au Politecnico de Turin sous la direction de Carlo Mollino, ils ont commenc\u00e9 \u00e0 collaborer dans les ann\u00e9es 1950, d\u00e9veloppant un style innovant m\u00ealant formes sculpturales, fonctionnalit\u00e9 et \u00e9l\u00e9gance. Dans les ann\u00e9es 1950, Campo et Graffi se concentrent sur les int\u00e9rieurs sur mesure et le mobilier innovant, cr\u00e9ant des pi\u00e8ces de haute qualit\u00e9 pour des clients priv\u00e9s, boutiques et d\u00e9corateurs. Leur travail allie formes organiques et simplicit\u00e9 fonctionnelle, incarnantRead More &rarr;","og_url":"https:\/\/www.demosmobilia.ch\/fr\/product\/porte-revues-ovale-en-rotin-tresse-peint\/","og_site_name":"Demosmobilia","article_publisher":"https:\/\/www.facebook.com\/Demos-Mobilia-1137017453131445\/","article_modified_time":"2026-01-24T13:11:26+00:00","og_image":[{"width":1200,"height":900,"url":"https:\/\/www.demosmobilia.ch\/wp-content\/uploads\/2025\/08\/campo-graffi-magazine-holder-home-1950-01-1.jpg","type":"image\/jpeg"}],"twitter_card":"summary_large_image","twitter_misc":{"Dur\u00e9e de lecture estim\u00e9e":"1 minute"},"schema":{"@context":"https:\/\/schema.org","@graph":[{"@type":"WebPage","@id":"https:\/\/www.demosmobilia.ch\/fr\/product\/porte-revues-ovale-en-rotin-tresse-peint\/","url":"https:\/\/www.demosmobilia.ch\/fr\/product\/porte-revues-ovale-en-rotin-tresse-peint\/","name":"Porte-revues ovale en rotin tress\u00e9 peint &#8211; Demosmobilia","isPartOf":{"@id":"https:\/\/www.demosmobilia.ch\/fr\/#website"},"primaryImageOfPage":{"@id":"https:\/\/www.demosmobilia.ch\/fr\/product\/porte-revues-ovale-en-rotin-tresse-peint\/#primaryimage"},"image":{"@id":"https:\/\/www.demosmobilia.ch\/fr\/product\/porte-revues-ovale-en-rotin-tresse-peint\/#primaryimage"},"thumbnailUrl":"https:\/\/www.demosmobilia.ch\/wp-content\/uploads\/2025\/08\/campo-graffi-magazine-holder-home-1950-01-1.jpg","datePublished":"2025-08-20T09:00:55+00:00","dateModified":"2026-01-24T13:11:26+00:00","breadcrumb":{"@id":"https:\/\/www.demosmobilia.ch\/fr\/product\/porte-revues-ovale-en-rotin-tresse-peint\/#breadcrumb"},"inLanguage":"fr-FR","potentialAction":[{"@type":"ReadAction","target":["https:\/\/www.demosmobilia.ch\/fr\/product\/porte-revues-ovale-en-rotin-tresse-peint\/"]}]},{"@type":"ImageObject","inLanguage":"fr-FR","@id":"https:\/\/www.demosmobilia.ch\/fr\/product\/porte-revues-ovale-en-rotin-tresse-peint\/#primaryimage","url":"https:\/\/www.demosmobilia.ch\/wp-content\/uploads\/2025\/08\/campo-graffi-magazine-holder-home-1950-01-1.jpg","contentUrl":"https:\/\/www.demosmobilia.ch\/wp-content\/uploads\/2025\/08\/campo-graffi-magazine-holder-home-1950-01-1.jpg","width":1200,"height":900},{"@type":"BreadcrumbList","@id":"https:\/\/www.demosmobilia.ch\/fr\/product\/porte-revues-ovale-en-rotin-tresse-peint\/#breadcrumb","itemListElement":[{"@type":"ListItem","position":1,"name":"Home","item":"https:\/\/www.demosmobilia.ch\/fr\/"},{"@type":"ListItem","position":2,"name":"Produits","item":"https:\/\/www.demosmobilia.ch\/fr\/shop\/"},{"@type":"ListItem","position":3,"name":"Porte-revues ovale en rotin tress\u00e9 peint"}]},{"@type":"WebSite","@id":"https:\/\/www.demosmobilia.ch\/fr\/#website","url":"https:\/\/www.demosmobilia.ch\/fr\/","name":"Demosmobilia","description":"Vintage Mid Century Modern Design Furniture from the &#039;30s to the &#039;80s","publisher":{"@id":"https:\/\/www.demosmobilia.ch\/fr\/#organization"},"potentialAction":[{"@type":"SearchAction","target":{"@type":"EntryPoint","urlTemplate":"https:\/\/www.demosmobilia.ch\/fr\/?s={search_term_string}"},"query-input":{"@type":"PropertyValueSpecification","valueRequired":true,"valueName":"search_term_string"}}],"inLanguage":"fr-FR"},{"@type":"Organization","@id":"https:\/\/www.demosmobilia.ch\/fr\/#organization","name":"demosmobilia","url":"https:\/\/www.demosmobilia.ch\/fr\/","logo":{"@type":"ImageObject","inLanguage":"fr-FR","@id":"https:\/\/www.demosmobilia.ch\/fr\/#\/schema\/logo\/image\/","url":"https:\/\/www.demosmobilia.ch\/wp-content\/uploads\/2020\/07\/demosmobilia-logo-2020-230-160.png","contentUrl":"https:\/\/www.demosmobilia.ch\/wp-content\/uploads\/2020\/07\/demosmobilia-logo-2020-230-160.png","width":230,"height":160,"caption":"demosmobilia"},"image":{"@id":"https:\/\/www.demosmobilia.ch\/fr\/#\/schema\/logo\/image\/"},"sameAs":["https:\/\/www.facebook.com\/Demos-Mobilia-1137017453131445\/","https:\/\/www.instagram.com\/demosmobilia\/"]}]}},"_links":{"self":[{"href":"https:\/\/www.demosmobilia.ch\/fr\/wp-json\/wp\/v2\/product\/83684","targetHints":{"allow":["GET"]}}],"collection":[{"href":"https:\/\/www.demosmobilia.ch\/fr\/wp-json\/wp\/v2\/product"}],"about":[{"href":"https:\/\/www.demosmobilia.ch\/fr\/wp-json\/wp\/v2\/types\/product"}],"wp:featuredmedia":[{"embeddable":true,"href":"https:\/\/www.demosmobilia.ch\/fr\/wp-json\/wp\/v2\/media\/84076"}],"wp:attachment":[{"href":"https:\/\/www.demosmobilia.ch\/fr\/wp-json\/wp\/v2\/media?parent=83684"}],"wp:term":[{"taxonomy":"product_cat","embeddable":true,"href":"https:\/\/www.demosmobilia.ch\/fr\/wp-json\/wp\/v2\/product_cat?post=83684"},{"taxonomy":"product_tag","embeddable":true,"href":"https:\/\/www.demosmobilia.ch\/fr\/wp-json\/wp\/v2\/product_tag?post=83684"}],"curies":[{"name":"wp","href":"https:\/\/api.w.org\/{rel}","templated":true}]}}