{"id":83514,"date":"2025-08-20T12:30:46","date_gmt":"2025-08-20T10:30:46","guid":{"rendered":"https:\/\/www.demosmobilia.ch\/product\/lampadaire-surdimensionne-entierement-articule-et-reglable-mod-max\/"},"modified":"2026-01-24T12:21:59","modified_gmt":"2026-01-24T11:21:59","slug":"lampadaire-surdimensionne-entierement-articule-et-reglable-mod-max","status":"publish","type":"product","link":"https:\/\/www.demosmobilia.ch\/fr\/product\/lampadaire-surdimensionne-entierement-articule-et-reglable-mod-max\/","title":{"rendered":"Lampadaire surdimensionn\u00e9, enti\u00e8rement articul\u00e9 et r\u00e9glable mod. MAX"},"content":{"rendered":"<p>Mod\u00e8le inspir\u00e9 de la lampe de table con\u00e7ue par George Carwardine en 1932.<br \/>\nEnti\u00e8rement articul\u00e9e et r\u00e9glable.<br \/>\nHauteur r\u00e9glable de 160 cm minimum \u00e0 280 cm maximum.<\/p>\n<p data-start=\"180\" data-end=\"552\">George Carwardine (1912\u20131990) \u00e9tait un designer et ing\u00e9nieur britannique pionnier, c\u00e9l\u00e8bre pour avoir cr\u00e9\u00e9 l\u2019iconique lampe de bureau articul\u00e9e Anglepoise, symbole de fonctionnalit\u00e9, \u00e9quilibre et design moderne. Con\u00e7ue dans les ann\u00e9es 1930, cette lampe utilise un ing\u00e9nieux syst\u00e8me de ressorts et de bras articul\u00e9s, offrant un mouvement fluide et un positionnement pr\u00e9cis. <\/p>\n<p data-start=\"554\" data-end=\"808\">Dans les ann\u00e9es 2000, la version surdimensionn\u00e9e appel\u00e9e MAX a \u00e9t\u00e9 produite, une r\u00e9interpr\u00e9tation contemporaine de la lampe classique tout en conservant son ing\u00e9niosit\u00e9 technique et son esth\u00e9tique \u00e9pur\u00e9e, id\u00e9ale pour les int\u00e9rieurs modernes et l\u2019\u00e9clairage d\u00e9coratif impactant.<\/p>\n","protected":false},"excerpt":{"rendered":"<p>Mod\u00e8le inspir\u00e9 de la lampe de table con\u00e7ue par George Carwardine en 1932. Enti\u00e8rement articul\u00e9e et r\u00e9glable. Hauteur r\u00e9glable de 160 cm minimum \u00e0 280 cm maximum. George Carwardine (1912\u20131990) \u00e9tait un designer et ing\u00e9nieur britannique pionnier, c\u00e9l\u00e8bre pour avoir cr\u00e9\u00e9 l\u2019iconique lampe de bureau articul\u00e9e Anglepoise, symbole de fonctionnalit\u00e9, \u00e9quilibre et design moderne. Con\u00e7ue dans les ann\u00e9es 1930, cette lampe utilise un ing\u00e9nieux syst\u00e8me de ressorts et de bras articul\u00e9s, offrant un mouvement fluide et un positionnement pr\u00e9cis. Dans les ann\u00e9es 2000, la version surdimensionn\u00e9e appel\u00e9e MAX a \u00e9t\u00e9 produite, une r\u00e9interpr\u00e9tation contemporaine de la lampe classique tout en conservant son ing\u00e9niosit\u00e9 technique et<a class=\"more-link\" href=\"https:\/\/www.demosmobilia.ch\/fr\/product\/lampadaire-surdimensionne-entierement-articule-et-reglable-mod-max\/\">Read More &rarr;<\/a><\/p>\n","protected":false},"featured_media":83479,"template":"","meta":{"_monsterinsights_skip_tracking":false,"_monsterinsights_sitenote_active":false,"_monsterinsights_sitenote_note":"","_monsterinsights_sitenote_category":0,"kk_blocks_editor_width":"","_kiokenblocks_attr":"","_kiokenblocks_dimensions":""},"product_cat":[4246,4071],"product_tag":[14093],"class_list":{"0":"entry","1":"author-demosmobilia","2":"post-83514","3":"product","4":"type-product","5":"status-publish","6":"has-post-thumbnail","7":"product_year-1970-approx","8":"product_nation-suisse-fr-3","9":"product_cat-lampadaires","10":"product_cat-nouveautes","11":"product_tag-carwardine-george-style","12":"pa_product_dimension-60-x-150-x-ht-160-280-cm","13":"pa_product_material-metal-laque","15":"first","16":"instock","17":"shipping-taxable","18":"purchasable","19":"product-type-simple"},"yoast_head":"<!-- This site is optimized with the Yoast SEO plugin v24.0 - https:\/\/yoast.com\/wordpress\/plugins\/seo\/ -->\n<title>Lampadaire surdimensionn\u00e9, enti\u00e8rement articul\u00e9 et r\u00e9glable mod. MAX &#8211; Demosmobilia<\/title>\n<meta name=\"robots\" content=\"index, follow, max-snippet:-1, max-image-preview:large, max-video-preview:-1\" \/>\n<link rel=\"canonical\" href=\"https:\/\/www.demosmobilia.ch\/fr\/product\/lampadaire-surdimensionne-entierement-articule-et-reglable-mod-max\/\" \/>\n<meta property=\"og:locale\" content=\"fr_FR\" \/>\n<meta property=\"og:type\" content=\"article\" \/>\n<meta property=\"og:title\" content=\"Lampadaire surdimensionn\u00e9, enti\u00e8rement articul\u00e9 et r\u00e9glable mod. MAX &#8211; Demosmobilia\" \/>\n<meta property=\"og:description\" content=\"Mod\u00e8le inspir\u00e9 de la lampe de table con\u00e7ue par George Carwardine en 1932. Enti\u00e8rement articul\u00e9e et r\u00e9glable. Hauteur r\u00e9glable de 160 cm minimum \u00e0 280 cm maximum. George Carwardine (1912\u20131990) \u00e9tait un designer et ing\u00e9nieur britannique pionnier, c\u00e9l\u00e8bre pour avoir cr\u00e9\u00e9 l\u2019iconique lampe de bureau articul\u00e9e Anglepoise, symbole de fonctionnalit\u00e9, \u00e9quilibre et design moderne. Con\u00e7ue dans les ann\u00e9es 1930, cette lampe utilise un ing\u00e9nieux syst\u00e8me de ressorts et de bras articul\u00e9s, offrant un mouvement fluide et un positionnement pr\u00e9cis. Dans les ann\u00e9es 2000, la version surdimensionn\u00e9e appel\u00e9e MAX a \u00e9t\u00e9 produite, une r\u00e9interpr\u00e9tation contemporaine de la lampe classique tout en conservant son ing\u00e9niosit\u00e9 technique etRead More &rarr;\" \/>\n<meta property=\"og:url\" content=\"https:\/\/www.demosmobilia.ch\/fr\/product\/lampadaire-surdimensionne-entierement-articule-et-reglable-mod-max\/\" \/>\n<meta property=\"og:site_name\" content=\"Demosmobilia\" \/>\n<meta property=\"article:publisher\" content=\"https:\/\/www.facebook.com\/Demos-Mobilia-1137017453131445\/\" \/>\n<meta property=\"article:modified_time\" content=\"2026-01-24T11:21:59+00:00\" \/>\n<meta property=\"og:image\" content=\"https:\/\/www.demosmobilia.ch\/wp-content\/uploads\/2025\/08\/MAX-oversize-floor-lamp-1960-george-carwardine-1932-table-lamp-01.jpg\" \/>\n\t<meta property=\"og:image:width\" content=\"1200\" \/>\n\t<meta property=\"og:image:height\" content=\"900\" \/>\n\t<meta property=\"og:image:type\" content=\"image\/jpeg\" \/>\n<meta name=\"twitter:card\" content=\"summary_large_image\" \/>\n<meta name=\"twitter:label1\" content=\"Dur\u00e9e de lecture estim\u00e9e\" \/>\n\t<meta name=\"twitter:data1\" content=\"1 minute\" \/>\n<script type=\"application\/ld+json\" class=\"yoast-schema-graph\">{\"@context\":\"https:\/\/schema.org\",\"@graph\":[{\"@type\":\"WebPage\",\"@id\":\"https:\/\/www.demosmobilia.ch\/fr\/product\/lampadaire-surdimensionne-entierement-articule-et-reglable-mod-max\/\",\"url\":\"https:\/\/www.demosmobilia.ch\/fr\/product\/lampadaire-surdimensionne-entierement-articule-et-reglable-mod-max\/\",\"name\":\"Lampadaire surdimensionn\u00e9, enti\u00e8rement articul\u00e9 et r\u00e9glable mod. MAX &#8211; Demosmobilia\",\"isPartOf\":{\"@id\":\"https:\/\/www.demosmobilia.ch\/fr\/#website\"},\"primaryImageOfPage\":{\"@id\":\"https:\/\/www.demosmobilia.ch\/fr\/product\/lampadaire-surdimensionne-entierement-articule-et-reglable-mod-max\/#primaryimage\"},\"image\":{\"@id\":\"https:\/\/www.demosmobilia.ch\/fr\/product\/lampadaire-surdimensionne-entierement-articule-et-reglable-mod-max\/#primaryimage\"},\"thumbnailUrl\":\"https:\/\/www.demosmobilia.ch\/wp-content\/uploads\/2025\/08\/MAX-oversize-floor-lamp-1960-george-carwardine-1932-table-lamp-01.jpg\",\"datePublished\":\"2025-08-20T10:30:46+00:00\",\"dateModified\":\"2026-01-24T11:21:59+00:00\",\"breadcrumb\":{\"@id\":\"https:\/\/www.demosmobilia.ch\/fr\/product\/lampadaire-surdimensionne-entierement-articule-et-reglable-mod-max\/#breadcrumb\"},\"inLanguage\":\"fr-FR\",\"potentialAction\":[{\"@type\":\"ReadAction\",\"target\":[\"https:\/\/www.demosmobilia.ch\/fr\/product\/lampadaire-surdimensionne-entierement-articule-et-reglable-mod-max\/\"]}]},{\"@type\":\"ImageObject\",\"inLanguage\":\"fr-FR\",\"@id\":\"https:\/\/www.demosmobilia.ch\/fr\/product\/lampadaire-surdimensionne-entierement-articule-et-reglable-mod-max\/#primaryimage\",\"url\":\"https:\/\/www.demosmobilia.ch\/wp-content\/uploads\/2025\/08\/MAX-oversize-floor-lamp-1960-george-carwardine-1932-table-lamp-01.jpg\",\"contentUrl\":\"https:\/\/www.demosmobilia.ch\/wp-content\/uploads\/2025\/08\/MAX-oversize-floor-lamp-1960-george-carwardine-1932-table-lamp-01.jpg\",\"width\":1200,\"height\":900},{\"@type\":\"BreadcrumbList\",\"@id\":\"https:\/\/www.demosmobilia.ch\/fr\/product\/lampadaire-surdimensionne-entierement-articule-et-reglable-mod-max\/#breadcrumb\",\"itemListElement\":[{\"@type\":\"ListItem\",\"position\":1,\"name\":\"Home\",\"item\":\"https:\/\/www.demosmobilia.ch\/fr\/\"},{\"@type\":\"ListItem\",\"position\":2,\"name\":\"Produits\",\"item\":\"https:\/\/www.demosmobilia.ch\/fr\/shop\/\"},{\"@type\":\"ListItem\",\"position\":3,\"name\":\"Lampadaire surdimensionn\u00e9, enti\u00e8rement articul\u00e9 et r\u00e9glable mod. MAX\"}]},{\"@type\":\"WebSite\",\"@id\":\"https:\/\/www.demosmobilia.ch\/fr\/#website\",\"url\":\"https:\/\/www.demosmobilia.ch\/fr\/\",\"name\":\"Demosmobilia\",\"description\":\"Vintage Mid Century Modern Design Furniture from the &#039;30s to the &#039;80s\",\"publisher\":{\"@id\":\"https:\/\/www.demosmobilia.ch\/fr\/#organization\"},\"potentialAction\":[{\"@type\":\"SearchAction\",\"target\":{\"@type\":\"EntryPoint\",\"urlTemplate\":\"https:\/\/www.demosmobilia.ch\/fr\/?s={search_term_string}\"},\"query-input\":{\"@type\":\"PropertyValueSpecification\",\"valueRequired\":true,\"valueName\":\"search_term_string\"}}],\"inLanguage\":\"fr-FR\"},{\"@type\":\"Organization\",\"@id\":\"https:\/\/www.demosmobilia.ch\/fr\/#organization\",\"name\":\"demosmobilia\",\"url\":\"https:\/\/www.demosmobilia.ch\/fr\/\",\"logo\":{\"@type\":\"ImageObject\",\"inLanguage\":\"fr-FR\",\"@id\":\"https:\/\/www.demosmobilia.ch\/fr\/#\/schema\/logo\/image\/\",\"url\":\"https:\/\/www.demosmobilia.ch\/wp-content\/uploads\/2020\/07\/demosmobilia-logo-2020-230-160.png\",\"contentUrl\":\"https:\/\/www.demosmobilia.ch\/wp-content\/uploads\/2020\/07\/demosmobilia-logo-2020-230-160.png\",\"width\":230,\"height\":160,\"caption\":\"demosmobilia\"},\"image\":{\"@id\":\"https:\/\/www.demosmobilia.ch\/fr\/#\/schema\/logo\/image\/\"},\"sameAs\":[\"https:\/\/www.facebook.com\/Demos-Mobilia-1137017453131445\/\",\"https:\/\/www.instagram.com\/demosmobilia\/\"]}]}<\/script>\n<!-- \/ Yoast SEO plugin. -->","yoast_head_json":{"title":"Lampadaire surdimensionn\u00e9, enti\u00e8rement articul\u00e9 et r\u00e9glable mod. MAX &#8211; Demosmobilia","robots":{"index":"index","follow":"follow","max-snippet":"max-snippet:-1","max-image-preview":"max-image-preview:large","max-video-preview":"max-video-preview:-1"},"canonical":"https:\/\/www.demosmobilia.ch\/fr\/product\/lampadaire-surdimensionne-entierement-articule-et-reglable-mod-max\/","og_locale":"fr_FR","og_type":"article","og_title":"Lampadaire surdimensionn\u00e9, enti\u00e8rement articul\u00e9 et r\u00e9glable mod. MAX &#8211; Demosmobilia","og_description":"Mod\u00e8le inspir\u00e9 de la lampe de table con\u00e7ue par George Carwardine en 1932. Enti\u00e8rement articul\u00e9e et r\u00e9glable. Hauteur r\u00e9glable de 160 cm minimum \u00e0 280 cm maximum. George Carwardine (1912\u20131990) \u00e9tait un designer et ing\u00e9nieur britannique pionnier, c\u00e9l\u00e8bre pour avoir cr\u00e9\u00e9 l\u2019iconique lampe de bureau articul\u00e9e Anglepoise, symbole de fonctionnalit\u00e9, \u00e9quilibre et design moderne. Con\u00e7ue dans les ann\u00e9es 1930, cette lampe utilise un ing\u00e9nieux syst\u00e8me de ressorts et de bras articul\u00e9s, offrant un mouvement fluide et un positionnement pr\u00e9cis. Dans les ann\u00e9es 2000, la version surdimensionn\u00e9e appel\u00e9e MAX a \u00e9t\u00e9 produite, une r\u00e9interpr\u00e9tation contemporaine de la lampe classique tout en conservant son ing\u00e9niosit\u00e9 technique etRead More &rarr;","og_url":"https:\/\/www.demosmobilia.ch\/fr\/product\/lampadaire-surdimensionne-entierement-articule-et-reglable-mod-max\/","og_site_name":"Demosmobilia","article_publisher":"https:\/\/www.facebook.com\/Demos-Mobilia-1137017453131445\/","article_modified_time":"2026-01-24T11:21:59+00:00","og_image":[{"width":1200,"height":900,"url":"https:\/\/www.demosmobilia.ch\/wp-content\/uploads\/2025\/08\/MAX-oversize-floor-lamp-1960-george-carwardine-1932-table-lamp-01.jpg","type":"image\/jpeg"}],"twitter_card":"summary_large_image","twitter_misc":{"Dur\u00e9e de lecture estim\u00e9e":"1 minute"},"schema":{"@context":"https:\/\/schema.org","@graph":[{"@type":"WebPage","@id":"https:\/\/www.demosmobilia.ch\/fr\/product\/lampadaire-surdimensionne-entierement-articule-et-reglable-mod-max\/","url":"https:\/\/www.demosmobilia.ch\/fr\/product\/lampadaire-surdimensionne-entierement-articule-et-reglable-mod-max\/","name":"Lampadaire surdimensionn\u00e9, enti\u00e8rement articul\u00e9 et r\u00e9glable mod. MAX &#8211; Demosmobilia","isPartOf":{"@id":"https:\/\/www.demosmobilia.ch\/fr\/#website"},"primaryImageOfPage":{"@id":"https:\/\/www.demosmobilia.ch\/fr\/product\/lampadaire-surdimensionne-entierement-articule-et-reglable-mod-max\/#primaryimage"},"image":{"@id":"https:\/\/www.demosmobilia.ch\/fr\/product\/lampadaire-surdimensionne-entierement-articule-et-reglable-mod-max\/#primaryimage"},"thumbnailUrl":"https:\/\/www.demosmobilia.ch\/wp-content\/uploads\/2025\/08\/MAX-oversize-floor-lamp-1960-george-carwardine-1932-table-lamp-01.jpg","datePublished":"2025-08-20T10:30:46+00:00","dateModified":"2026-01-24T11:21:59+00:00","breadcrumb":{"@id":"https:\/\/www.demosmobilia.ch\/fr\/product\/lampadaire-surdimensionne-entierement-articule-et-reglable-mod-max\/#breadcrumb"},"inLanguage":"fr-FR","potentialAction":[{"@type":"ReadAction","target":["https:\/\/www.demosmobilia.ch\/fr\/product\/lampadaire-surdimensionne-entierement-articule-et-reglable-mod-max\/"]}]},{"@type":"ImageObject","inLanguage":"fr-FR","@id":"https:\/\/www.demosmobilia.ch\/fr\/product\/lampadaire-surdimensionne-entierement-articule-et-reglable-mod-max\/#primaryimage","url":"https:\/\/www.demosmobilia.ch\/wp-content\/uploads\/2025\/08\/MAX-oversize-floor-lamp-1960-george-carwardine-1932-table-lamp-01.jpg","contentUrl":"https:\/\/www.demosmobilia.ch\/wp-content\/uploads\/2025\/08\/MAX-oversize-floor-lamp-1960-george-carwardine-1932-table-lamp-01.jpg","width":1200,"height":900},{"@type":"BreadcrumbList","@id":"https:\/\/www.demosmobilia.ch\/fr\/product\/lampadaire-surdimensionne-entierement-articule-et-reglable-mod-max\/#breadcrumb","itemListElement":[{"@type":"ListItem","position":1,"name":"Home","item":"https:\/\/www.demosmobilia.ch\/fr\/"},{"@type":"ListItem","position":2,"name":"Produits","item":"https:\/\/www.demosmobilia.ch\/fr\/shop\/"},{"@type":"ListItem","position":3,"name":"Lampadaire surdimensionn\u00e9, enti\u00e8rement articul\u00e9 et r\u00e9glable mod. MAX"}]},{"@type":"WebSite","@id":"https:\/\/www.demosmobilia.ch\/fr\/#website","url":"https:\/\/www.demosmobilia.ch\/fr\/","name":"Demosmobilia","description":"Vintage Mid Century Modern Design Furniture from the &#039;30s to the &#039;80s","publisher":{"@id":"https:\/\/www.demosmobilia.ch\/fr\/#organization"},"potentialAction":[{"@type":"SearchAction","target":{"@type":"EntryPoint","urlTemplate":"https:\/\/www.demosmobilia.ch\/fr\/?s={search_term_string}"},"query-input":{"@type":"PropertyValueSpecification","valueRequired":true,"valueName":"search_term_string"}}],"inLanguage":"fr-FR"},{"@type":"Organization","@id":"https:\/\/www.demosmobilia.ch\/fr\/#organization","name":"demosmobilia","url":"https:\/\/www.demosmobilia.ch\/fr\/","logo":{"@type":"ImageObject","inLanguage":"fr-FR","@id":"https:\/\/www.demosmobilia.ch\/fr\/#\/schema\/logo\/image\/","url":"https:\/\/www.demosmobilia.ch\/wp-content\/uploads\/2020\/07\/demosmobilia-logo-2020-230-160.png","contentUrl":"https:\/\/www.demosmobilia.ch\/wp-content\/uploads\/2020\/07\/demosmobilia-logo-2020-230-160.png","width":230,"height":160,"caption":"demosmobilia"},"image":{"@id":"https:\/\/www.demosmobilia.ch\/fr\/#\/schema\/logo\/image\/"},"sameAs":["https:\/\/www.facebook.com\/Demos-Mobilia-1137017453131445\/","https:\/\/www.instagram.com\/demosmobilia\/"]}]}},"_links":{"self":[{"href":"https:\/\/www.demosmobilia.ch\/fr\/wp-json\/wp\/v2\/product\/83514","targetHints":{"allow":["GET"]}}],"collection":[{"href":"https:\/\/www.demosmobilia.ch\/fr\/wp-json\/wp\/v2\/product"}],"about":[{"href":"https:\/\/www.demosmobilia.ch\/fr\/wp-json\/wp\/v2\/types\/product"}],"wp:featuredmedia":[{"embeddable":true,"href":"https:\/\/www.demosmobilia.ch\/fr\/wp-json\/wp\/v2\/media\/83479"}],"wp:attachment":[{"href":"https:\/\/www.demosmobilia.ch\/fr\/wp-json\/wp\/v2\/media?parent=83514"}],"wp:term":[{"taxonomy":"product_cat","embeddable":true,"href":"https:\/\/www.demosmobilia.ch\/fr\/wp-json\/wp\/v2\/product_cat?post=83514"},{"taxonomy":"product_tag","embeddable":true,"href":"https:\/\/www.demosmobilia.ch\/fr\/wp-json\/wp\/v2\/product_tag?post=83514"}],"curies":[{"name":"wp","href":"https:\/\/api.w.org\/{rel}","templated":true}]}}