{"id":83198,"date":"2025-06-03T08:00:30","date_gmt":"2025-06-03T06:00:30","guid":{"rendered":"https:\/\/www.demosmobilia.ch\/product\/service-de-table-pour-8-personnes-plus-grande-reserve\/"},"modified":"2025-06-05T09:34:28","modified_gmt":"2025-06-05T07:34:28","slug":"service-de-table-pour-8-personnes-plus-grande-reserve","status":"publish","type":"product","link":"https:\/\/www.demosmobilia.ch\/fr\/product\/service-de-table-pour-8-personnes-plus-grande-reserve\/","title":{"rendered":"Service de table pour 8 personnes (plus grande r\u00e9serve)"},"content":{"rendered":"<p>Assiette 18 pi\u00e8ces, Dia. 23 x HT 2 cm<br \/>\nEtui 8 pi\u00e8ces, Dia. 19 x HT 3.5 cm<br \/>\nAmuse-bouche 12 pi\u00e8ces, Dia. 19 x HT 2 cm<br \/>\nBol, Dia. 23.5 x HT 14 cm<br \/>\nBol \u00e0 soupe, Dia. 25 x HT 22 cm<br \/>\nSauci\u00e8re, Dia. 19 x HT 8 cm<br \/>\nAssiettes de service ovales 2 pi\u00e8ces, 23 x 15.5 x HT 2 cm<br \/>\nAssiette de service, Dia. 27 x HT 4 cm<br \/>\nAssiette de service ovale, 33.5 x 22.5 x HT 2 cm<br \/>\nSucrier, Dia 12 x HT 13 cm (couvercle fissur\u00e9)<br \/>\nBouilloire, Dia. 11.5 x 14 x HT 13 cm<br \/>\nTasses \u00e0 caf\u00e9 avec soucoupe 12 pi\u00e8ces<\/p>\n","protected":false},"excerpt":{"rendered":"<p>Assiette 18 pi\u00e8ces, Dia. 23 x HT 2 cm Etui 8 pi\u00e8ces, Dia. 19 x HT 3.5 cm Amuse-bouche 12 pi\u00e8ces, Dia. 19 x HT 2 cm Bol, Dia. 23.5 x HT 14 cm Bol \u00e0 soupe, Dia. 25 x HT 22 cm Sauci\u00e8re, Dia. 19 x HT 8 cm Assiettes de service ovales 2 pi\u00e8ces, 23 x 15.5 x HT 2 cm Assiette de service, Dia. 27 x HT 4 cm Assiette de service ovale, 33.5 x 22.5 x HT 2 cm Sucrier, Dia 12 x HT 13 cm (couvercle fissur\u00e9) Bouilloire, Dia. 11.5 x 14 x HT 13 cm Tasses \u00e0 caf\u00e9 avec<a class=\"more-link\" href=\"https:\/\/www.demosmobilia.ch\/fr\/product\/service-de-table-pour-8-personnes-plus-grande-reserve\/\">Read More &rarr;<\/a><\/p>\n","protected":false},"featured_media":83159,"template":"","meta":{"_monsterinsights_skip_tracking":false,"_monsterinsights_sitenote_active":false,"_monsterinsights_sitenote_note":"","_monsterinsights_sitenote_category":0,"kk_blocks_editor_width":"","_kiokenblocks_attr":"","_kiokenblocks_dimensions":""},"product_cat":[4242],"product_tag":[14063],"class_list":{"0":"entry","1":"author-demosmobilia","2":"post-83198","3":"product","4":"type-product","5":"status-publish","6":"has-post-thumbnail","7":"product_production-maille-niderville-france","8":"product_year-1960-approx","9":"product_nation-france-fr","10":"product_cat-bols-assiettes-et-vaisselles","11":"product_tag-maille-france-fr","12":"pa_product_material-ceramique-emaillee","14":"first","15":"instock","16":"shipping-taxable","17":"purchasable","18":"product-type-simple"},"yoast_head":"<!-- This site is optimized with the Yoast SEO plugin v24.0 - https:\/\/yoast.com\/wordpress\/plugins\/seo\/ -->\n<title>Service de table pour 8 personnes (plus grande r\u00e9serve) &#8211; Demosmobilia<\/title>\n<meta name=\"robots\" content=\"index, follow, max-snippet:-1, max-image-preview:large, max-video-preview:-1\" \/>\n<link rel=\"canonical\" href=\"https:\/\/www.demosmobilia.ch\/fr\/product\/service-de-table-pour-8-personnes-plus-grande-reserve\/\" \/>\n<meta property=\"og:locale\" content=\"fr_FR\" \/>\n<meta property=\"og:type\" content=\"article\" \/>\n<meta property=\"og:title\" content=\"Service de table pour 8 personnes (plus grande r\u00e9serve) &#8211; Demosmobilia\" \/>\n<meta property=\"og:description\" content=\"Assiette 18 pi\u00e8ces, Dia. 23 x HT 2 cm Etui 8 pi\u00e8ces, Dia. 19 x HT 3.5 cm Amuse-bouche 12 pi\u00e8ces, Dia. 19 x HT 2 cm Bol, Dia. 23.5 x HT 14 cm Bol \u00e0 soupe, Dia. 25 x HT 22 cm Sauci\u00e8re, Dia. 19 x HT 8 cm Assiettes de service ovales 2 pi\u00e8ces, 23 x 15.5 x HT 2 cm Assiette de service, Dia. 27 x HT 4 cm Assiette de service ovale, 33.5 x 22.5 x HT 2 cm Sucrier, Dia 12 x HT 13 cm (couvercle fissur\u00e9) Bouilloire, Dia. 11.5 x 14 x HT 13 cm Tasses \u00e0 caf\u00e9 avecRead More &rarr;\" \/>\n<meta property=\"og:url\" content=\"https:\/\/www.demosmobilia.ch\/fr\/product\/service-de-table-pour-8-personnes-plus-grande-reserve\/\" \/>\n<meta property=\"og:site_name\" content=\"Demosmobilia\" \/>\n<meta property=\"article:publisher\" content=\"https:\/\/www.facebook.com\/Demos-Mobilia-1137017453131445\/\" \/>\n<meta property=\"article:modified_time\" content=\"2025-06-05T07:34:28+00:00\" \/>\n<meta property=\"og:image\" content=\"https:\/\/www.demosmobilia.ch\/wp-content\/uploads\/2025\/06\/maille-france-1950-ceramic-niderville-dinnerware-01AA.jpg\" \/>\n\t<meta property=\"og:image:width\" content=\"1200\" \/>\n\t<meta property=\"og:image:height\" content=\"900\" \/>\n\t<meta property=\"og:image:type\" content=\"image\/jpeg\" \/>\n<meta name=\"twitter:card\" content=\"summary_large_image\" \/>\n<script type=\"application\/ld+json\" class=\"yoast-schema-graph\">{\"@context\":\"https:\/\/schema.org\",\"@graph\":[{\"@type\":\"WebPage\",\"@id\":\"https:\/\/www.demosmobilia.ch\/fr\/product\/service-de-table-pour-8-personnes-plus-grande-reserve\/\",\"url\":\"https:\/\/www.demosmobilia.ch\/fr\/product\/service-de-table-pour-8-personnes-plus-grande-reserve\/\",\"name\":\"Service de table pour 8 personnes (plus grande r\u00e9serve) &#8211; Demosmobilia\",\"isPartOf\":{\"@id\":\"https:\/\/www.demosmobilia.ch\/fr\/#website\"},\"primaryImageOfPage\":{\"@id\":\"https:\/\/www.demosmobilia.ch\/fr\/product\/service-de-table-pour-8-personnes-plus-grande-reserve\/#primaryimage\"},\"image\":{\"@id\":\"https:\/\/www.demosmobilia.ch\/fr\/product\/service-de-table-pour-8-personnes-plus-grande-reserve\/#primaryimage\"},\"thumbnailUrl\":\"https:\/\/www.demosmobilia.ch\/wp-content\/uploads\/2025\/06\/maille-france-1950-ceramic-niderville-dinnerware-01AA.jpg\",\"datePublished\":\"2025-06-03T06:00:30+00:00\",\"dateModified\":\"2025-06-05T07:34:28+00:00\",\"breadcrumb\":{\"@id\":\"https:\/\/www.demosmobilia.ch\/fr\/product\/service-de-table-pour-8-personnes-plus-grande-reserve\/#breadcrumb\"},\"inLanguage\":\"fr-FR\",\"potentialAction\":[{\"@type\":\"ReadAction\",\"target\":[\"https:\/\/www.demosmobilia.ch\/fr\/product\/service-de-table-pour-8-personnes-plus-grande-reserve\/\"]}]},{\"@type\":\"ImageObject\",\"inLanguage\":\"fr-FR\",\"@id\":\"https:\/\/www.demosmobilia.ch\/fr\/product\/service-de-table-pour-8-personnes-plus-grande-reserve\/#primaryimage\",\"url\":\"https:\/\/www.demosmobilia.ch\/wp-content\/uploads\/2025\/06\/maille-france-1950-ceramic-niderville-dinnerware-01AA.jpg\",\"contentUrl\":\"https:\/\/www.demosmobilia.ch\/wp-content\/uploads\/2025\/06\/maille-france-1950-ceramic-niderville-dinnerware-01AA.jpg\",\"width\":1200,\"height\":900},{\"@type\":\"BreadcrumbList\",\"@id\":\"https:\/\/www.demosmobilia.ch\/fr\/product\/service-de-table-pour-8-personnes-plus-grande-reserve\/#breadcrumb\",\"itemListElement\":[{\"@type\":\"ListItem\",\"position\":1,\"name\":\"Home\",\"item\":\"https:\/\/www.demosmobilia.ch\/fr\/\"},{\"@type\":\"ListItem\",\"position\":2,\"name\":\"Produits\",\"item\":\"https:\/\/www.demosmobilia.ch\/fr\/shop\/\"},{\"@type\":\"ListItem\",\"position\":3,\"name\":\"Service de table pour 8 personnes (plus grande r\u00e9serve)\"}]},{\"@type\":\"WebSite\",\"@id\":\"https:\/\/www.demosmobilia.ch\/fr\/#website\",\"url\":\"https:\/\/www.demosmobilia.ch\/fr\/\",\"name\":\"Demosmobilia\",\"description\":\"Vintage Mid Century Modern Design Furniture from the &#039;30s to the &#039;80s\",\"publisher\":{\"@id\":\"https:\/\/www.demosmobilia.ch\/fr\/#organization\"},\"potentialAction\":[{\"@type\":\"SearchAction\",\"target\":{\"@type\":\"EntryPoint\",\"urlTemplate\":\"https:\/\/www.demosmobilia.ch\/fr\/?s={search_term_string}\"},\"query-input\":{\"@type\":\"PropertyValueSpecification\",\"valueRequired\":true,\"valueName\":\"search_term_string\"}}],\"inLanguage\":\"fr-FR\"},{\"@type\":\"Organization\",\"@id\":\"https:\/\/www.demosmobilia.ch\/fr\/#organization\",\"name\":\"demosmobilia\",\"url\":\"https:\/\/www.demosmobilia.ch\/fr\/\",\"logo\":{\"@type\":\"ImageObject\",\"inLanguage\":\"fr-FR\",\"@id\":\"https:\/\/www.demosmobilia.ch\/fr\/#\/schema\/logo\/image\/\",\"url\":\"https:\/\/www.demosmobilia.ch\/wp-content\/uploads\/2020\/07\/demosmobilia-logo-2020-230-160.png\",\"contentUrl\":\"https:\/\/www.demosmobilia.ch\/wp-content\/uploads\/2020\/07\/demosmobilia-logo-2020-230-160.png\",\"width\":230,\"height\":160,\"caption\":\"demosmobilia\"},\"image\":{\"@id\":\"https:\/\/www.demosmobilia.ch\/fr\/#\/schema\/logo\/image\/\"},\"sameAs\":[\"https:\/\/www.facebook.com\/Demos-Mobilia-1137017453131445\/\",\"https:\/\/www.instagram.com\/demosmobilia\/\"]}]}<\/script>\n<!-- \/ Yoast SEO plugin. -->","yoast_head_json":{"title":"Service de table pour 8 personnes (plus grande r\u00e9serve) &#8211; Demosmobilia","robots":{"index":"index","follow":"follow","max-snippet":"max-snippet:-1","max-image-preview":"max-image-preview:large","max-video-preview":"max-video-preview:-1"},"canonical":"https:\/\/www.demosmobilia.ch\/fr\/product\/service-de-table-pour-8-personnes-plus-grande-reserve\/","og_locale":"fr_FR","og_type":"article","og_title":"Service de table pour 8 personnes (plus grande r\u00e9serve) &#8211; Demosmobilia","og_description":"Assiette 18 pi\u00e8ces, Dia. 23 x HT 2 cm Etui 8 pi\u00e8ces, Dia. 19 x HT 3.5 cm Amuse-bouche 12 pi\u00e8ces, Dia. 19 x HT 2 cm Bol, Dia. 23.5 x HT 14 cm Bol \u00e0 soupe, Dia. 25 x HT 22 cm Sauci\u00e8re, Dia. 19 x HT 8 cm Assiettes de service ovales 2 pi\u00e8ces, 23 x 15.5 x HT 2 cm Assiette de service, Dia. 27 x HT 4 cm Assiette de service ovale, 33.5 x 22.5 x HT 2 cm Sucrier, Dia 12 x HT 13 cm (couvercle fissur\u00e9) Bouilloire, Dia. 11.5 x 14 x HT 13 cm Tasses \u00e0 caf\u00e9 avecRead More &rarr;","og_url":"https:\/\/www.demosmobilia.ch\/fr\/product\/service-de-table-pour-8-personnes-plus-grande-reserve\/","og_site_name":"Demosmobilia","article_publisher":"https:\/\/www.facebook.com\/Demos-Mobilia-1137017453131445\/","article_modified_time":"2025-06-05T07:34:28+00:00","og_image":[{"width":1200,"height":900,"url":"https:\/\/www.demosmobilia.ch\/wp-content\/uploads\/2025\/06\/maille-france-1950-ceramic-niderville-dinnerware-01AA.jpg","type":"image\/jpeg"}],"twitter_card":"summary_large_image","schema":{"@context":"https:\/\/schema.org","@graph":[{"@type":"WebPage","@id":"https:\/\/www.demosmobilia.ch\/fr\/product\/service-de-table-pour-8-personnes-plus-grande-reserve\/","url":"https:\/\/www.demosmobilia.ch\/fr\/product\/service-de-table-pour-8-personnes-plus-grande-reserve\/","name":"Service de table pour 8 personnes (plus grande r\u00e9serve) &#8211; Demosmobilia","isPartOf":{"@id":"https:\/\/www.demosmobilia.ch\/fr\/#website"},"primaryImageOfPage":{"@id":"https:\/\/www.demosmobilia.ch\/fr\/product\/service-de-table-pour-8-personnes-plus-grande-reserve\/#primaryimage"},"image":{"@id":"https:\/\/www.demosmobilia.ch\/fr\/product\/service-de-table-pour-8-personnes-plus-grande-reserve\/#primaryimage"},"thumbnailUrl":"https:\/\/www.demosmobilia.ch\/wp-content\/uploads\/2025\/06\/maille-france-1950-ceramic-niderville-dinnerware-01AA.jpg","datePublished":"2025-06-03T06:00:30+00:00","dateModified":"2025-06-05T07:34:28+00:00","breadcrumb":{"@id":"https:\/\/www.demosmobilia.ch\/fr\/product\/service-de-table-pour-8-personnes-plus-grande-reserve\/#breadcrumb"},"inLanguage":"fr-FR","potentialAction":[{"@type":"ReadAction","target":["https:\/\/www.demosmobilia.ch\/fr\/product\/service-de-table-pour-8-personnes-plus-grande-reserve\/"]}]},{"@type":"ImageObject","inLanguage":"fr-FR","@id":"https:\/\/www.demosmobilia.ch\/fr\/product\/service-de-table-pour-8-personnes-plus-grande-reserve\/#primaryimage","url":"https:\/\/www.demosmobilia.ch\/wp-content\/uploads\/2025\/06\/maille-france-1950-ceramic-niderville-dinnerware-01AA.jpg","contentUrl":"https:\/\/www.demosmobilia.ch\/wp-content\/uploads\/2025\/06\/maille-france-1950-ceramic-niderville-dinnerware-01AA.jpg","width":1200,"height":900},{"@type":"BreadcrumbList","@id":"https:\/\/www.demosmobilia.ch\/fr\/product\/service-de-table-pour-8-personnes-plus-grande-reserve\/#breadcrumb","itemListElement":[{"@type":"ListItem","position":1,"name":"Home","item":"https:\/\/www.demosmobilia.ch\/fr\/"},{"@type":"ListItem","position":2,"name":"Produits","item":"https:\/\/www.demosmobilia.ch\/fr\/shop\/"},{"@type":"ListItem","position":3,"name":"Service de table pour 8 personnes (plus grande r\u00e9serve)"}]},{"@type":"WebSite","@id":"https:\/\/www.demosmobilia.ch\/fr\/#website","url":"https:\/\/www.demosmobilia.ch\/fr\/","name":"Demosmobilia","description":"Vintage Mid Century Modern Design Furniture from the &#039;30s to the &#039;80s","publisher":{"@id":"https:\/\/www.demosmobilia.ch\/fr\/#organization"},"potentialAction":[{"@type":"SearchAction","target":{"@type":"EntryPoint","urlTemplate":"https:\/\/www.demosmobilia.ch\/fr\/?s={search_term_string}"},"query-input":{"@type":"PropertyValueSpecification","valueRequired":true,"valueName":"search_term_string"}}],"inLanguage":"fr-FR"},{"@type":"Organization","@id":"https:\/\/www.demosmobilia.ch\/fr\/#organization","name":"demosmobilia","url":"https:\/\/www.demosmobilia.ch\/fr\/","logo":{"@type":"ImageObject","inLanguage":"fr-FR","@id":"https:\/\/www.demosmobilia.ch\/fr\/#\/schema\/logo\/image\/","url":"https:\/\/www.demosmobilia.ch\/wp-content\/uploads\/2020\/07\/demosmobilia-logo-2020-230-160.png","contentUrl":"https:\/\/www.demosmobilia.ch\/wp-content\/uploads\/2020\/07\/demosmobilia-logo-2020-230-160.png","width":230,"height":160,"caption":"demosmobilia"},"image":{"@id":"https:\/\/www.demosmobilia.ch\/fr\/#\/schema\/logo\/image\/"},"sameAs":["https:\/\/www.facebook.com\/Demos-Mobilia-1137017453131445\/","https:\/\/www.instagram.com\/demosmobilia\/"]}]}},"_links":{"self":[{"href":"https:\/\/www.demosmobilia.ch\/fr\/wp-json\/wp\/v2\/product\/83198","targetHints":{"allow":["GET"]}}],"collection":[{"href":"https:\/\/www.demosmobilia.ch\/fr\/wp-json\/wp\/v2\/product"}],"about":[{"href":"https:\/\/www.demosmobilia.ch\/fr\/wp-json\/wp\/v2\/types\/product"}],"wp:featuredmedia":[{"embeddable":true,"href":"https:\/\/www.demosmobilia.ch\/fr\/wp-json\/wp\/v2\/media\/83159"}],"wp:attachment":[{"href":"https:\/\/www.demosmobilia.ch\/fr\/wp-json\/wp\/v2\/media?parent=83198"}],"wp:term":[{"taxonomy":"product_cat","embeddable":true,"href":"https:\/\/www.demosmobilia.ch\/fr\/wp-json\/wp\/v2\/product_cat?post=83198"},{"taxonomy":"product_tag","embeddable":true,"href":"https:\/\/www.demosmobilia.ch\/fr\/wp-json\/wp\/v2\/product_tag?post=83198"}],"curies":[{"name":"wp","href":"https:\/\/api.w.org\/{rel}","templated":true}]}}