{"id":83048,"date":"2026-03-15T09:00:18","date_gmt":"2026-03-15T08:00:18","guid":{"rendered":"https:\/\/www.demosmobilia.ch\/product\/lampe-cinetique-en-metal-miroite-modele-luna\/"},"modified":"2026-03-14T15:06:16","modified_gmt":"2026-03-14T14:06:16","slug":"lampe-cinetique-en-metal-miroite-modele-luna","status":"publish","type":"product","link":"https:\/\/www.demosmobilia.ch\/fr\/product\/lampe-cinetique-en-metal-miroite-modele-luna\/","title":{"rendered":"Lampe cin\u00e9tique en m\u00e9tal miroit\u00e9 mod\u00e8le Luna"},"content":{"rendered":"<p data-start=\"84\" data-end=\"503\">Rinaldo Cutini est un designer italien renomm\u00e9 de lampes vintage et d\u2019objets d\u00e9coratifs, actif dans les ann\u00e9es 1960 et 1970. Il est reconnu pour ses lampes modernes et exp\u00e9rimentales et ses designs lumineux sculpturaux qui allient fonctionnalit\u00e9 et expression artistique. Cutini a collabor\u00e9 avec l\u2019entreprise italienne New Lamp, cr\u00e9ant des pi\u00e8ces embl\u00e9matiques qui refl\u00e8tent l\u2019\u00e9l\u00e9gance du design italien mid\u2011century et son approche innovante des surfaces m\u00e9talliques et des formes g\u00e9om\u00e9triques d\u2019\u00e9clairage. <\/p>\n<p data-start=\"505\" data-end=\"852\">Parmi ses cr\u00e9ations les plus iconiques figurent les lampes \u201cLuna\u201d et \u201cLuna Kinetic\u201d, caract\u00e9ris\u00e9es par des structures m\u00e9talliques chrom\u00e9es, des diffuseurs en verre opalin et des \u00e9l\u00e9ments jouant avec les reflets et le mouvement de la lumi\u00e8re. Chaque lampe fonctionne \u00e0 la fois comme une \u0153uvre sculpturale et comme une source lumineuse fonctionnelle, rendant le travail de Cutini tr\u00e8s recherch\u00e9 dans les collections de luminaires vintage. <\/p>\n<p data-start=\"854\" data-end=\"1090\">Les cr\u00e9ations de Cutini illustrent parfaitement l\u2019esth\u00e9tique moderne du design italien des ann\u00e9es 1960, combinant acier et verre avec un langage visuel audacieux et innovant. Ses \u0153uvres continuent d\u2019\u00eatre appr\u00e9ci\u00e9es par les collectionneurs, designers d\u2019int\u00e9rieur et passionn\u00e9s de design vintage, consolidant son h\u00e9ritage en tant que figure majeure du design italien mid\u2011century.<\/p>\n","protected":false},"excerpt":{"rendered":"<p>Rinaldo Cutini est un designer italien renomm\u00e9 de lampes vintage et d\u2019objets d\u00e9coratifs, actif dans les ann\u00e9es 1960 et 1970. Il est reconnu pour ses lampes modernes et exp\u00e9rimentales et ses designs lumineux sculpturaux qui allient fonctionnalit\u00e9 et expression artistique. Cutini a collabor\u00e9 avec l\u2019entreprise italienne New Lamp, cr\u00e9ant des pi\u00e8ces embl\u00e9matiques qui refl\u00e8tent l\u2019\u00e9l\u00e9gance du design italien mid\u2011century et son approche innovante des surfaces m\u00e9talliques et des formes g\u00e9om\u00e9triques d\u2019\u00e9clairage. Parmi ses cr\u00e9ations les plus iconiques figurent les lampes \u201cLuna\u201d et \u201cLuna Kinetic\u201d, caract\u00e9ris\u00e9es par des structures m\u00e9talliques chrom\u00e9es, des diffuseurs en verre opalin et des \u00e9l\u00e9ments jouant avec les reflets et le mouvement<a class=\"more-link\" href=\"https:\/\/www.demosmobilia.ch\/fr\/product\/lampe-cinetique-en-metal-miroite-modele-luna\/\">Read More &rarr;<\/a><\/p>\n","protected":false},"featured_media":83032,"template":"","meta":{"_monsterinsights_skip_tracking":false,"_monsterinsights_sitenote_active":false,"_monsterinsights_sitenote_note":"","_monsterinsights_sitenote_category":0,"kk_blocks_editor_width":"","_kiokenblocks_attr":"","_kiokenblocks_dimensions":""},"product_cat":[4246,4249,4071],"product_tag":[14040],"class_list":{"0":"entry","1":"author-demosmobilia","2":"post-83048","3":"product","4":"type-product","5":"status-publish","6":"has-post-thumbnail","7":"product_production-new-lamp","8":"product_year-3334","9":"product_nation-italie-fr","10":"product_cat-lampadaires","11":"product_cat-lampes-de-table","12":"product_cat-nouveautes","13":"product_tag-cutini-rinaldo-fr","14":"pa_product_dimension-dia-51-x-ht-43-cm-fr","15":"pa_product_material-metal-miroir","17":"first","18":"outofstock","19":"shipping-taxable","20":"purchasable","21":"product-type-simple"},"yoast_head":"<!-- This site is optimized with the Yoast SEO plugin v24.0 - https:\/\/yoast.com\/wordpress\/plugins\/seo\/ -->\n<title>Lampe cin\u00e9tique en m\u00e9tal miroit\u00e9 mod\u00e8le Luna &#8211; Demosmobilia<\/title>\n<meta name=\"robots\" content=\"index, follow, max-snippet:-1, max-image-preview:large, max-video-preview:-1\" \/>\n<link rel=\"canonical\" href=\"https:\/\/www.demosmobilia.ch\/fr\/product\/lampe-cinetique-en-metal-miroite-modele-luna\/\" \/>\n<meta property=\"og:locale\" content=\"fr_FR\" \/>\n<meta property=\"og:type\" content=\"article\" \/>\n<meta property=\"og:title\" content=\"Lampe cin\u00e9tique en m\u00e9tal miroit\u00e9 mod\u00e8le Luna &#8211; Demosmobilia\" \/>\n<meta property=\"og:description\" content=\"Rinaldo Cutini est un designer italien renomm\u00e9 de lampes vintage et d\u2019objets d\u00e9coratifs, actif dans les ann\u00e9es 1960 et 1970. Il est reconnu pour ses lampes modernes et exp\u00e9rimentales et ses designs lumineux sculpturaux qui allient fonctionnalit\u00e9 et expression artistique. Cutini a collabor\u00e9 avec l\u2019entreprise italienne New Lamp, cr\u00e9ant des pi\u00e8ces embl\u00e9matiques qui refl\u00e8tent l\u2019\u00e9l\u00e9gance du design italien mid\u2011century et son approche innovante des surfaces m\u00e9talliques et des formes g\u00e9om\u00e9triques d\u2019\u00e9clairage. Parmi ses cr\u00e9ations les plus iconiques figurent les lampes \u201cLuna\u201d et \u201cLuna Kinetic\u201d, caract\u00e9ris\u00e9es par des structures m\u00e9talliques chrom\u00e9es, des diffuseurs en verre opalin et des \u00e9l\u00e9ments jouant avec les reflets et le mouvementRead More &rarr;\" \/>\n<meta property=\"og:url\" content=\"https:\/\/www.demosmobilia.ch\/fr\/product\/lampe-cinetique-en-metal-miroite-modele-luna\/\" \/>\n<meta property=\"og:site_name\" content=\"Demosmobilia\" \/>\n<meta property=\"article:publisher\" content=\"https:\/\/www.facebook.com\/Demos-Mobilia-1137017453131445\/\" \/>\n<meta property=\"article:modified_time\" content=\"2026-03-14T14:06:16+00:00\" \/>\n<meta property=\"og:image\" content=\"https:\/\/www.demosmobilia.ch\/wp-content\/uploads\/2025\/06\/new-lamp-italian-design-1963-luna-rinaldo-cutini-01.jpg\" \/>\n\t<meta property=\"og:image:width\" content=\"1200\" \/>\n\t<meta property=\"og:image:height\" content=\"900\" \/>\n\t<meta property=\"og:image:type\" content=\"image\/jpeg\" \/>\n<meta name=\"twitter:card\" content=\"summary_large_image\" \/>\n<meta name=\"twitter:label1\" content=\"Dur\u00e9e de lecture estim\u00e9e\" \/>\n\t<meta name=\"twitter:data1\" content=\"1 minute\" \/>\n<script type=\"application\/ld+json\" class=\"yoast-schema-graph\">{\"@context\":\"https:\/\/schema.org\",\"@graph\":[{\"@type\":\"WebPage\",\"@id\":\"https:\/\/www.demosmobilia.ch\/fr\/product\/lampe-cinetique-en-metal-miroite-modele-luna\/\",\"url\":\"https:\/\/www.demosmobilia.ch\/fr\/product\/lampe-cinetique-en-metal-miroite-modele-luna\/\",\"name\":\"Lampe cin\u00e9tique en m\u00e9tal miroit\u00e9 mod\u00e8le Luna &#8211; Demosmobilia\",\"isPartOf\":{\"@id\":\"https:\/\/www.demosmobilia.ch\/fr\/#website\"},\"primaryImageOfPage\":{\"@id\":\"https:\/\/www.demosmobilia.ch\/fr\/product\/lampe-cinetique-en-metal-miroite-modele-luna\/#primaryimage\"},\"image\":{\"@id\":\"https:\/\/www.demosmobilia.ch\/fr\/product\/lampe-cinetique-en-metal-miroite-modele-luna\/#primaryimage\"},\"thumbnailUrl\":\"https:\/\/www.demosmobilia.ch\/wp-content\/uploads\/2025\/06\/new-lamp-italian-design-1963-luna-rinaldo-cutini-01.jpg\",\"datePublished\":\"2026-03-15T08:00:18+00:00\",\"dateModified\":\"2026-03-14T14:06:16+00:00\",\"breadcrumb\":{\"@id\":\"https:\/\/www.demosmobilia.ch\/fr\/product\/lampe-cinetique-en-metal-miroite-modele-luna\/#breadcrumb\"},\"inLanguage\":\"fr-FR\",\"potentialAction\":[{\"@type\":\"ReadAction\",\"target\":[\"https:\/\/www.demosmobilia.ch\/fr\/product\/lampe-cinetique-en-metal-miroite-modele-luna\/\"]}]},{\"@type\":\"ImageObject\",\"inLanguage\":\"fr-FR\",\"@id\":\"https:\/\/www.demosmobilia.ch\/fr\/product\/lampe-cinetique-en-metal-miroite-modele-luna\/#primaryimage\",\"url\":\"https:\/\/www.demosmobilia.ch\/wp-content\/uploads\/2025\/06\/new-lamp-italian-design-1963-luna-rinaldo-cutini-01.jpg\",\"contentUrl\":\"https:\/\/www.demosmobilia.ch\/wp-content\/uploads\/2025\/06\/new-lamp-italian-design-1963-luna-rinaldo-cutini-01.jpg\",\"width\":1200,\"height\":900},{\"@type\":\"BreadcrumbList\",\"@id\":\"https:\/\/www.demosmobilia.ch\/fr\/product\/lampe-cinetique-en-metal-miroite-modele-luna\/#breadcrumb\",\"itemListElement\":[{\"@type\":\"ListItem\",\"position\":1,\"name\":\"Home\",\"item\":\"https:\/\/www.demosmobilia.ch\/fr\/\"},{\"@type\":\"ListItem\",\"position\":2,\"name\":\"Produits\",\"item\":\"https:\/\/www.demosmobilia.ch\/fr\/shop\/\"},{\"@type\":\"ListItem\",\"position\":3,\"name\":\"Lampe cin\u00e9tique en m\u00e9tal miroit\u00e9 mod\u00e8le Luna\"}]},{\"@type\":\"WebSite\",\"@id\":\"https:\/\/www.demosmobilia.ch\/fr\/#website\",\"url\":\"https:\/\/www.demosmobilia.ch\/fr\/\",\"name\":\"Demosmobilia\",\"description\":\"Vintage Mid Century Modern Design Furniture from the &#039;30s to the &#039;80s\",\"publisher\":{\"@id\":\"https:\/\/www.demosmobilia.ch\/fr\/#organization\"},\"potentialAction\":[{\"@type\":\"SearchAction\",\"target\":{\"@type\":\"EntryPoint\",\"urlTemplate\":\"https:\/\/www.demosmobilia.ch\/fr\/?s={search_term_string}\"},\"query-input\":{\"@type\":\"PropertyValueSpecification\",\"valueRequired\":true,\"valueName\":\"search_term_string\"}}],\"inLanguage\":\"fr-FR\"},{\"@type\":\"Organization\",\"@id\":\"https:\/\/www.demosmobilia.ch\/fr\/#organization\",\"name\":\"demosmobilia\",\"url\":\"https:\/\/www.demosmobilia.ch\/fr\/\",\"logo\":{\"@type\":\"ImageObject\",\"inLanguage\":\"fr-FR\",\"@id\":\"https:\/\/www.demosmobilia.ch\/fr\/#\/schema\/logo\/image\/\",\"url\":\"https:\/\/www.demosmobilia.ch\/wp-content\/uploads\/2020\/07\/demosmobilia-logo-2020-230-160.png\",\"contentUrl\":\"https:\/\/www.demosmobilia.ch\/wp-content\/uploads\/2020\/07\/demosmobilia-logo-2020-230-160.png\",\"width\":230,\"height\":160,\"caption\":\"demosmobilia\"},\"image\":{\"@id\":\"https:\/\/www.demosmobilia.ch\/fr\/#\/schema\/logo\/image\/\"},\"sameAs\":[\"https:\/\/www.facebook.com\/Demos-Mobilia-1137017453131445\/\",\"https:\/\/www.instagram.com\/demosmobilia\/\"]}]}<\/script>\n<!-- \/ Yoast SEO plugin. -->","yoast_head_json":{"title":"Lampe cin\u00e9tique en m\u00e9tal miroit\u00e9 mod\u00e8le Luna &#8211; Demosmobilia","robots":{"index":"index","follow":"follow","max-snippet":"max-snippet:-1","max-image-preview":"max-image-preview:large","max-video-preview":"max-video-preview:-1"},"canonical":"https:\/\/www.demosmobilia.ch\/fr\/product\/lampe-cinetique-en-metal-miroite-modele-luna\/","og_locale":"fr_FR","og_type":"article","og_title":"Lampe cin\u00e9tique en m\u00e9tal miroit\u00e9 mod\u00e8le Luna &#8211; Demosmobilia","og_description":"Rinaldo Cutini est un designer italien renomm\u00e9 de lampes vintage et d\u2019objets d\u00e9coratifs, actif dans les ann\u00e9es 1960 et 1970. Il est reconnu pour ses lampes modernes et exp\u00e9rimentales et ses designs lumineux sculpturaux qui allient fonctionnalit\u00e9 et expression artistique. Cutini a collabor\u00e9 avec l\u2019entreprise italienne New Lamp, cr\u00e9ant des pi\u00e8ces embl\u00e9matiques qui refl\u00e8tent l\u2019\u00e9l\u00e9gance du design italien mid\u2011century et son approche innovante des surfaces m\u00e9talliques et des formes g\u00e9om\u00e9triques d\u2019\u00e9clairage. Parmi ses cr\u00e9ations les plus iconiques figurent les lampes \u201cLuna\u201d et \u201cLuna Kinetic\u201d, caract\u00e9ris\u00e9es par des structures m\u00e9talliques chrom\u00e9es, des diffuseurs en verre opalin et des \u00e9l\u00e9ments jouant avec les reflets et le mouvementRead More &rarr;","og_url":"https:\/\/www.demosmobilia.ch\/fr\/product\/lampe-cinetique-en-metal-miroite-modele-luna\/","og_site_name":"Demosmobilia","article_publisher":"https:\/\/www.facebook.com\/Demos-Mobilia-1137017453131445\/","article_modified_time":"2026-03-14T14:06:16+00:00","og_image":[{"width":1200,"height":900,"url":"https:\/\/www.demosmobilia.ch\/wp-content\/uploads\/2025\/06\/new-lamp-italian-design-1963-luna-rinaldo-cutini-01.jpg","type":"image\/jpeg"}],"twitter_card":"summary_large_image","twitter_misc":{"Dur\u00e9e de lecture estim\u00e9e":"1 minute"},"schema":{"@context":"https:\/\/schema.org","@graph":[{"@type":"WebPage","@id":"https:\/\/www.demosmobilia.ch\/fr\/product\/lampe-cinetique-en-metal-miroite-modele-luna\/","url":"https:\/\/www.demosmobilia.ch\/fr\/product\/lampe-cinetique-en-metal-miroite-modele-luna\/","name":"Lampe cin\u00e9tique en m\u00e9tal miroit\u00e9 mod\u00e8le Luna &#8211; Demosmobilia","isPartOf":{"@id":"https:\/\/www.demosmobilia.ch\/fr\/#website"},"primaryImageOfPage":{"@id":"https:\/\/www.demosmobilia.ch\/fr\/product\/lampe-cinetique-en-metal-miroite-modele-luna\/#primaryimage"},"image":{"@id":"https:\/\/www.demosmobilia.ch\/fr\/product\/lampe-cinetique-en-metal-miroite-modele-luna\/#primaryimage"},"thumbnailUrl":"https:\/\/www.demosmobilia.ch\/wp-content\/uploads\/2025\/06\/new-lamp-italian-design-1963-luna-rinaldo-cutini-01.jpg","datePublished":"2026-03-15T08:00:18+00:00","dateModified":"2026-03-14T14:06:16+00:00","breadcrumb":{"@id":"https:\/\/www.demosmobilia.ch\/fr\/product\/lampe-cinetique-en-metal-miroite-modele-luna\/#breadcrumb"},"inLanguage":"fr-FR","potentialAction":[{"@type":"ReadAction","target":["https:\/\/www.demosmobilia.ch\/fr\/product\/lampe-cinetique-en-metal-miroite-modele-luna\/"]}]},{"@type":"ImageObject","inLanguage":"fr-FR","@id":"https:\/\/www.demosmobilia.ch\/fr\/product\/lampe-cinetique-en-metal-miroite-modele-luna\/#primaryimage","url":"https:\/\/www.demosmobilia.ch\/wp-content\/uploads\/2025\/06\/new-lamp-italian-design-1963-luna-rinaldo-cutini-01.jpg","contentUrl":"https:\/\/www.demosmobilia.ch\/wp-content\/uploads\/2025\/06\/new-lamp-italian-design-1963-luna-rinaldo-cutini-01.jpg","width":1200,"height":900},{"@type":"BreadcrumbList","@id":"https:\/\/www.demosmobilia.ch\/fr\/product\/lampe-cinetique-en-metal-miroite-modele-luna\/#breadcrumb","itemListElement":[{"@type":"ListItem","position":1,"name":"Home","item":"https:\/\/www.demosmobilia.ch\/fr\/"},{"@type":"ListItem","position":2,"name":"Produits","item":"https:\/\/www.demosmobilia.ch\/fr\/shop\/"},{"@type":"ListItem","position":3,"name":"Lampe cin\u00e9tique en m\u00e9tal miroit\u00e9 mod\u00e8le Luna"}]},{"@type":"WebSite","@id":"https:\/\/www.demosmobilia.ch\/fr\/#website","url":"https:\/\/www.demosmobilia.ch\/fr\/","name":"Demosmobilia","description":"Vintage Mid Century Modern Design Furniture from the &#039;30s to the &#039;80s","publisher":{"@id":"https:\/\/www.demosmobilia.ch\/fr\/#organization"},"potentialAction":[{"@type":"SearchAction","target":{"@type":"EntryPoint","urlTemplate":"https:\/\/www.demosmobilia.ch\/fr\/?s={search_term_string}"},"query-input":{"@type":"PropertyValueSpecification","valueRequired":true,"valueName":"search_term_string"}}],"inLanguage":"fr-FR"},{"@type":"Organization","@id":"https:\/\/www.demosmobilia.ch\/fr\/#organization","name":"demosmobilia","url":"https:\/\/www.demosmobilia.ch\/fr\/","logo":{"@type":"ImageObject","inLanguage":"fr-FR","@id":"https:\/\/www.demosmobilia.ch\/fr\/#\/schema\/logo\/image\/","url":"https:\/\/www.demosmobilia.ch\/wp-content\/uploads\/2020\/07\/demosmobilia-logo-2020-230-160.png","contentUrl":"https:\/\/www.demosmobilia.ch\/wp-content\/uploads\/2020\/07\/demosmobilia-logo-2020-230-160.png","width":230,"height":160,"caption":"demosmobilia"},"image":{"@id":"https:\/\/www.demosmobilia.ch\/fr\/#\/schema\/logo\/image\/"},"sameAs":["https:\/\/www.facebook.com\/Demos-Mobilia-1137017453131445\/","https:\/\/www.instagram.com\/demosmobilia\/"]}]}},"_links":{"self":[{"href":"https:\/\/www.demosmobilia.ch\/fr\/wp-json\/wp\/v2\/product\/83048","targetHints":{"allow":["GET"]}}],"collection":[{"href":"https:\/\/www.demosmobilia.ch\/fr\/wp-json\/wp\/v2\/product"}],"about":[{"href":"https:\/\/www.demosmobilia.ch\/fr\/wp-json\/wp\/v2\/types\/product"}],"wp:featuredmedia":[{"embeddable":true,"href":"https:\/\/www.demosmobilia.ch\/fr\/wp-json\/wp\/v2\/media\/83032"}],"wp:attachment":[{"href":"https:\/\/www.demosmobilia.ch\/fr\/wp-json\/wp\/v2\/media?parent=83048"}],"wp:term":[{"taxonomy":"product_cat","embeddable":true,"href":"https:\/\/www.demosmobilia.ch\/fr\/wp-json\/wp\/v2\/product_cat?post=83048"},{"taxonomy":"product_tag","embeddable":true,"href":"https:\/\/www.demosmobilia.ch\/fr\/wp-json\/wp\/v2\/product_tag?post=83048"}],"curies":[{"name":"wp","href":"https:\/\/api.w.org\/{rel}","templated":true}]}}