{"id":80881,"date":"2026-03-23T08:40:40","date_gmt":"2026-03-23T07:40:40","guid":{"rendered":"https:\/\/www.demosmobilia.ch\/product\/plafonnier-affleurant-a-cone\/"},"modified":"2026-03-14T15:44:23","modified_gmt":"2026-03-14T14:44:23","slug":"plafonnier-affleurant-a-cone","status":"publish","type":"product","link":"https:\/\/www.demosmobilia.ch\/fr\/product\/plafonnier-affleurant-a-cone\/","title":{"rendered":"Plafonnier \u00e0 c\u00f4ne"},"content":{"rendered":"<p data-start=\"112\" data-end=\"460\">Stilux Milano \u00e9tait une entreprise italienne de design d\u2019\u00e9clairage de premier plan, fond\u00e9e en 1946 \u00e0 Milan pendant la p\u00e9riode de renouveau industriel et culturel de l\u2019apr\u00e8s-guerre. R\u00e9put\u00e9e pour ses lampes modernes et haut de gamme, Stilux a jou\u00e9 un r\u00f4le cl\u00e9 dans la d\u00e9finition de l\u2019esth\u00e9tique du design italien mid\u2011century, produisant des pi\u00e8ces embl\u00e9matiques surtout dans les ann\u00e9es 1950 et 1960. <\/p>\n<p data-start=\"462\" data-end=\"826\">La soci\u00e9t\u00e9 a \u00e9t\u00e9 fond\u00e9e peu apr\u00e8s la Seconde Guerre mondiale par Bruno Gatta (1904\u20111976), un entrepreneur influent dans le domaine de l\u2019\u00e9clairage, qui a d\u00e9velopp\u00e9 des lampes pour un usage r\u00e9sidentiel et industriel au c\u0153ur de Milan, alors un centre majeur du design europ\u00e9en. Gatta a ensuite cofond\u00e9 l\u2019iconique entreprise italienne Stilnovo, qui est devenue une r\u00e9f\u00e9rence incontournable dans l\u2019histoire du design italien. <\/p>\n<p data-start=\"828\" data-end=\"1119\">Pendant son activit\u00e9, Stilux s\u2019est distingu\u00e9e par ses lampes de table, lampadaires et lustres innovants, caract\u00e9ris\u00e9s par des lignes \u00e9pur\u00e9es, des formes g\u00e9om\u00e9triques et l\u2019utilisation de mat\u00e9riaux tels que le laiton, le verre opalin, le plexiglas et le m\u00e9tal laqu\u00e9, offrant \u00e0 ses cr\u00e9ations une esth\u00e9tique moderniste unique et reconnaissable.<\/p>\n<p data-start=\"1121\" data-end=\"1380\">Aujourd\u2019hui, de nombreux mod\u00e8les Stilux Milano sont tr\u00e8s recherch\u00e9s par les collectionneurs de design vintage et apparaissent dans les ventes aux ench\u00e8res et galeries internationales, confirmant l\u2019h\u00e9ritage de l\u2019entreprise comme symbole de qualit\u00e9, \u00e9l\u00e9gance et innovation dans l\u2019\u00e9clairage italien du XXe si\u00e8cle.<\/p>\n<p data-start=\"1382\" data-end=\"1617\">Bien que l\u2019entreprise originale ne soit plus active, les lampes Stilux restent pris\u00e9es pour leur esth\u00e9tique intemporelle et leur parfaite combinaison de forme et de fonction, consolidant le r\u00f4le de Stilux dans l\u2019histoire de l\u2019\u00e9clairage design italien.<\/p>\n","protected":false},"excerpt":{"rendered":"<p>Stilux Milano \u00e9tait une entreprise italienne de design d\u2019\u00e9clairage de premier plan, fond\u00e9e en 1946 \u00e0 Milan pendant la p\u00e9riode de renouveau industriel et culturel de l\u2019apr\u00e8s-guerre. R\u00e9put\u00e9e pour ses lampes modernes et haut de gamme, Stilux a jou\u00e9 un r\u00f4le cl\u00e9 dans la d\u00e9finition de l\u2019esth\u00e9tique du design italien mid\u2011century, produisant des pi\u00e8ces embl\u00e9matiques surtout dans les ann\u00e9es 1950 et 1960. La soci\u00e9t\u00e9 a \u00e9t\u00e9 fond\u00e9e peu apr\u00e8s la Seconde Guerre mondiale par Bruno Gatta (1904\u20111976), un entrepreneur influent dans le domaine de l\u2019\u00e9clairage, qui a d\u00e9velopp\u00e9 des lampes pour un usage r\u00e9sidentiel et industriel au c\u0153ur de Milan, alors un centre majeur du<a class=\"more-link\" href=\"https:\/\/www.demosmobilia.ch\/fr\/product\/plafonnier-affleurant-a-cone\/\">Read More &rarr;<\/a><\/p>\n","protected":false},"featured_media":80851,"template":"","meta":{"_monsterinsights_skip_tracking":false,"_monsterinsights_sitenote_active":false,"_monsterinsights_sitenote_note":"","_monsterinsights_sitenote_category":0,"kk_blocks_editor_width":"","_kiokenblocks_attr":"","_kiokenblocks_dimensions":""},"product_cat":[4247],"product_tag":[],"class_list":{"0":"entry","1":"author-demosmobilia","2":"post-80881","3":"product","4":"type-product","5":"status-publish","6":"has-post-thumbnail","7":"product_production-stilux","8":"product_year-1950-approx","9":"product_nation-italie-fr","10":"product_cat-suspensions","11":"pa_product_dimension-dia-67-x-ht-30-cm-fr","12":"pa_product_material-laiton-metal-plexiglas","14":"first","15":"outofstock","16":"shipping-taxable","17":"purchasable","18":"product-type-simple"},"yoast_head":"<!-- This site is optimized with the Yoast SEO plugin v24.0 - https:\/\/yoast.com\/wordpress\/plugins\/seo\/ -->\n<title>Plafonnier \u00e0 c\u00f4ne &#8211; Demosmobilia<\/title>\n<meta name=\"robots\" content=\"index, follow, max-snippet:-1, max-image-preview:large, max-video-preview:-1\" \/>\n<link rel=\"canonical\" href=\"https:\/\/www.demosmobilia.ch\/fr\/product\/plafonnier-affleurant-a-cone\/\" \/>\n<meta property=\"og:locale\" content=\"fr_FR\" \/>\n<meta property=\"og:type\" content=\"article\" \/>\n<meta property=\"og:title\" content=\"Plafonnier \u00e0 c\u00f4ne &#8211; Demosmobilia\" \/>\n<meta property=\"og:description\" content=\"Stilux Milano \u00e9tait une entreprise italienne de design d\u2019\u00e9clairage de premier plan, fond\u00e9e en 1946 \u00e0 Milan pendant la p\u00e9riode de renouveau industriel et culturel de l\u2019apr\u00e8s-guerre. R\u00e9put\u00e9e pour ses lampes modernes et haut de gamme, Stilux a jou\u00e9 un r\u00f4le cl\u00e9 dans la d\u00e9finition de l\u2019esth\u00e9tique du design italien mid\u2011century, produisant des pi\u00e8ces embl\u00e9matiques surtout dans les ann\u00e9es 1950 et 1960. La soci\u00e9t\u00e9 a \u00e9t\u00e9 fond\u00e9e peu apr\u00e8s la Seconde Guerre mondiale par Bruno Gatta (1904\u20111976), un entrepreneur influent dans le domaine de l\u2019\u00e9clairage, qui a d\u00e9velopp\u00e9 des lampes pour un usage r\u00e9sidentiel et industriel au c\u0153ur de Milan, alors un centre majeur duRead More &rarr;\" \/>\n<meta property=\"og:url\" content=\"https:\/\/www.demosmobilia.ch\/fr\/product\/plafonnier-affleurant-a-cone\/\" \/>\n<meta property=\"og:site_name\" content=\"Demosmobilia\" \/>\n<meta property=\"article:publisher\" content=\"https:\/\/www.facebook.com\/Demos-Mobilia-1137017453131445\/\" \/>\n<meta property=\"article:modified_time\" content=\"2026-03-14T14:44:23+00:00\" \/>\n<meta property=\"og:image\" content=\"https:\/\/www.demosmobilia.ch\/wp-content\/uploads\/2025\/02\/arredoluce-angelo-lelii-stilux-flush-mount-ceiling-1950-italian-design-01.jpg\" \/>\n\t<meta property=\"og:image:width\" content=\"1200\" \/>\n\t<meta property=\"og:image:height\" content=\"900\" \/>\n\t<meta property=\"og:image:type\" content=\"image\/jpeg\" \/>\n<meta name=\"twitter:card\" content=\"summary_large_image\" \/>\n<meta name=\"twitter:label1\" content=\"Dur\u00e9e de lecture estim\u00e9e\" \/>\n\t<meta name=\"twitter:data1\" content=\"2 minutes\" \/>\n<script type=\"application\/ld+json\" class=\"yoast-schema-graph\">{\"@context\":\"https:\/\/schema.org\",\"@graph\":[{\"@type\":\"WebPage\",\"@id\":\"https:\/\/www.demosmobilia.ch\/fr\/product\/plafonnier-affleurant-a-cone\/\",\"url\":\"https:\/\/www.demosmobilia.ch\/fr\/product\/plafonnier-affleurant-a-cone\/\",\"name\":\"Plafonnier \u00e0 c\u00f4ne &#8211; Demosmobilia\",\"isPartOf\":{\"@id\":\"https:\/\/www.demosmobilia.ch\/fr\/#website\"},\"primaryImageOfPage\":{\"@id\":\"https:\/\/www.demosmobilia.ch\/fr\/product\/plafonnier-affleurant-a-cone\/#primaryimage\"},\"image\":{\"@id\":\"https:\/\/www.demosmobilia.ch\/fr\/product\/plafonnier-affleurant-a-cone\/#primaryimage\"},\"thumbnailUrl\":\"https:\/\/www.demosmobilia.ch\/wp-content\/uploads\/2025\/02\/arredoluce-angelo-lelii-stilux-flush-mount-ceiling-1950-italian-design-01.jpg\",\"datePublished\":\"2026-03-23T07:40:40+00:00\",\"dateModified\":\"2026-03-14T14:44:23+00:00\",\"breadcrumb\":{\"@id\":\"https:\/\/www.demosmobilia.ch\/fr\/product\/plafonnier-affleurant-a-cone\/#breadcrumb\"},\"inLanguage\":\"fr-FR\",\"potentialAction\":[{\"@type\":\"ReadAction\",\"target\":[\"https:\/\/www.demosmobilia.ch\/fr\/product\/plafonnier-affleurant-a-cone\/\"]}]},{\"@type\":\"ImageObject\",\"inLanguage\":\"fr-FR\",\"@id\":\"https:\/\/www.demosmobilia.ch\/fr\/product\/plafonnier-affleurant-a-cone\/#primaryimage\",\"url\":\"https:\/\/www.demosmobilia.ch\/wp-content\/uploads\/2025\/02\/arredoluce-angelo-lelii-stilux-flush-mount-ceiling-1950-italian-design-01.jpg\",\"contentUrl\":\"https:\/\/www.demosmobilia.ch\/wp-content\/uploads\/2025\/02\/arredoluce-angelo-lelii-stilux-flush-mount-ceiling-1950-italian-design-01.jpg\",\"width\":1200,\"height\":900},{\"@type\":\"BreadcrumbList\",\"@id\":\"https:\/\/www.demosmobilia.ch\/fr\/product\/plafonnier-affleurant-a-cone\/#breadcrumb\",\"itemListElement\":[{\"@type\":\"ListItem\",\"position\":1,\"name\":\"Home\",\"item\":\"https:\/\/www.demosmobilia.ch\/fr\/\"},{\"@type\":\"ListItem\",\"position\":2,\"name\":\"Produits\",\"item\":\"https:\/\/www.demosmobilia.ch\/fr\/shop\/\"},{\"@type\":\"ListItem\",\"position\":3,\"name\":\"Plafonnier \u00e0 c\u00f4ne\"}]},{\"@type\":\"WebSite\",\"@id\":\"https:\/\/www.demosmobilia.ch\/fr\/#website\",\"url\":\"https:\/\/www.demosmobilia.ch\/fr\/\",\"name\":\"Demosmobilia\",\"description\":\"Vintage Mid Century Modern Design Furniture from the &#039;30s to the &#039;80s\",\"publisher\":{\"@id\":\"https:\/\/www.demosmobilia.ch\/fr\/#organization\"},\"potentialAction\":[{\"@type\":\"SearchAction\",\"target\":{\"@type\":\"EntryPoint\",\"urlTemplate\":\"https:\/\/www.demosmobilia.ch\/fr\/?s={search_term_string}\"},\"query-input\":{\"@type\":\"PropertyValueSpecification\",\"valueRequired\":true,\"valueName\":\"search_term_string\"}}],\"inLanguage\":\"fr-FR\"},{\"@type\":\"Organization\",\"@id\":\"https:\/\/www.demosmobilia.ch\/fr\/#organization\",\"name\":\"demosmobilia\",\"url\":\"https:\/\/www.demosmobilia.ch\/fr\/\",\"logo\":{\"@type\":\"ImageObject\",\"inLanguage\":\"fr-FR\",\"@id\":\"https:\/\/www.demosmobilia.ch\/fr\/#\/schema\/logo\/image\/\",\"url\":\"https:\/\/www.demosmobilia.ch\/wp-content\/uploads\/2020\/07\/demosmobilia-logo-2020-230-160.png\",\"contentUrl\":\"https:\/\/www.demosmobilia.ch\/wp-content\/uploads\/2020\/07\/demosmobilia-logo-2020-230-160.png\",\"width\":230,\"height\":160,\"caption\":\"demosmobilia\"},\"image\":{\"@id\":\"https:\/\/www.demosmobilia.ch\/fr\/#\/schema\/logo\/image\/\"},\"sameAs\":[\"https:\/\/www.facebook.com\/Demos-Mobilia-1137017453131445\/\",\"https:\/\/www.instagram.com\/demosmobilia\/\"]}]}<\/script>\n<!-- \/ Yoast SEO plugin. -->","yoast_head_json":{"title":"Plafonnier \u00e0 c\u00f4ne &#8211; Demosmobilia","robots":{"index":"index","follow":"follow","max-snippet":"max-snippet:-1","max-image-preview":"max-image-preview:large","max-video-preview":"max-video-preview:-1"},"canonical":"https:\/\/www.demosmobilia.ch\/fr\/product\/plafonnier-affleurant-a-cone\/","og_locale":"fr_FR","og_type":"article","og_title":"Plafonnier \u00e0 c\u00f4ne &#8211; Demosmobilia","og_description":"Stilux Milano \u00e9tait une entreprise italienne de design d\u2019\u00e9clairage de premier plan, fond\u00e9e en 1946 \u00e0 Milan pendant la p\u00e9riode de renouveau industriel et culturel de l\u2019apr\u00e8s-guerre. R\u00e9put\u00e9e pour ses lampes modernes et haut de gamme, Stilux a jou\u00e9 un r\u00f4le cl\u00e9 dans la d\u00e9finition de l\u2019esth\u00e9tique du design italien mid\u2011century, produisant des pi\u00e8ces embl\u00e9matiques surtout dans les ann\u00e9es 1950 et 1960. La soci\u00e9t\u00e9 a \u00e9t\u00e9 fond\u00e9e peu apr\u00e8s la Seconde Guerre mondiale par Bruno Gatta (1904\u20111976), un entrepreneur influent dans le domaine de l\u2019\u00e9clairage, qui a d\u00e9velopp\u00e9 des lampes pour un usage r\u00e9sidentiel et industriel au c\u0153ur de Milan, alors un centre majeur duRead More &rarr;","og_url":"https:\/\/www.demosmobilia.ch\/fr\/product\/plafonnier-affleurant-a-cone\/","og_site_name":"Demosmobilia","article_publisher":"https:\/\/www.facebook.com\/Demos-Mobilia-1137017453131445\/","article_modified_time":"2026-03-14T14:44:23+00:00","og_image":[{"width":1200,"height":900,"url":"https:\/\/www.demosmobilia.ch\/wp-content\/uploads\/2025\/02\/arredoluce-angelo-lelii-stilux-flush-mount-ceiling-1950-italian-design-01.jpg","type":"image\/jpeg"}],"twitter_card":"summary_large_image","twitter_misc":{"Dur\u00e9e de lecture estim\u00e9e":"2 minutes"},"schema":{"@context":"https:\/\/schema.org","@graph":[{"@type":"WebPage","@id":"https:\/\/www.demosmobilia.ch\/fr\/product\/plafonnier-affleurant-a-cone\/","url":"https:\/\/www.demosmobilia.ch\/fr\/product\/plafonnier-affleurant-a-cone\/","name":"Plafonnier \u00e0 c\u00f4ne &#8211; Demosmobilia","isPartOf":{"@id":"https:\/\/www.demosmobilia.ch\/fr\/#website"},"primaryImageOfPage":{"@id":"https:\/\/www.demosmobilia.ch\/fr\/product\/plafonnier-affleurant-a-cone\/#primaryimage"},"image":{"@id":"https:\/\/www.demosmobilia.ch\/fr\/product\/plafonnier-affleurant-a-cone\/#primaryimage"},"thumbnailUrl":"https:\/\/www.demosmobilia.ch\/wp-content\/uploads\/2025\/02\/arredoluce-angelo-lelii-stilux-flush-mount-ceiling-1950-italian-design-01.jpg","datePublished":"2026-03-23T07:40:40+00:00","dateModified":"2026-03-14T14:44:23+00:00","breadcrumb":{"@id":"https:\/\/www.demosmobilia.ch\/fr\/product\/plafonnier-affleurant-a-cone\/#breadcrumb"},"inLanguage":"fr-FR","potentialAction":[{"@type":"ReadAction","target":["https:\/\/www.demosmobilia.ch\/fr\/product\/plafonnier-affleurant-a-cone\/"]}]},{"@type":"ImageObject","inLanguage":"fr-FR","@id":"https:\/\/www.demosmobilia.ch\/fr\/product\/plafonnier-affleurant-a-cone\/#primaryimage","url":"https:\/\/www.demosmobilia.ch\/wp-content\/uploads\/2025\/02\/arredoluce-angelo-lelii-stilux-flush-mount-ceiling-1950-italian-design-01.jpg","contentUrl":"https:\/\/www.demosmobilia.ch\/wp-content\/uploads\/2025\/02\/arredoluce-angelo-lelii-stilux-flush-mount-ceiling-1950-italian-design-01.jpg","width":1200,"height":900},{"@type":"BreadcrumbList","@id":"https:\/\/www.demosmobilia.ch\/fr\/product\/plafonnier-affleurant-a-cone\/#breadcrumb","itemListElement":[{"@type":"ListItem","position":1,"name":"Home","item":"https:\/\/www.demosmobilia.ch\/fr\/"},{"@type":"ListItem","position":2,"name":"Produits","item":"https:\/\/www.demosmobilia.ch\/fr\/shop\/"},{"@type":"ListItem","position":3,"name":"Plafonnier \u00e0 c\u00f4ne"}]},{"@type":"WebSite","@id":"https:\/\/www.demosmobilia.ch\/fr\/#website","url":"https:\/\/www.demosmobilia.ch\/fr\/","name":"Demosmobilia","description":"Vintage Mid Century Modern Design Furniture from the &#039;30s to the &#039;80s","publisher":{"@id":"https:\/\/www.demosmobilia.ch\/fr\/#organization"},"potentialAction":[{"@type":"SearchAction","target":{"@type":"EntryPoint","urlTemplate":"https:\/\/www.demosmobilia.ch\/fr\/?s={search_term_string}"},"query-input":{"@type":"PropertyValueSpecification","valueRequired":true,"valueName":"search_term_string"}}],"inLanguage":"fr-FR"},{"@type":"Organization","@id":"https:\/\/www.demosmobilia.ch\/fr\/#organization","name":"demosmobilia","url":"https:\/\/www.demosmobilia.ch\/fr\/","logo":{"@type":"ImageObject","inLanguage":"fr-FR","@id":"https:\/\/www.demosmobilia.ch\/fr\/#\/schema\/logo\/image\/","url":"https:\/\/www.demosmobilia.ch\/wp-content\/uploads\/2020\/07\/demosmobilia-logo-2020-230-160.png","contentUrl":"https:\/\/www.demosmobilia.ch\/wp-content\/uploads\/2020\/07\/demosmobilia-logo-2020-230-160.png","width":230,"height":160,"caption":"demosmobilia"},"image":{"@id":"https:\/\/www.demosmobilia.ch\/fr\/#\/schema\/logo\/image\/"},"sameAs":["https:\/\/www.facebook.com\/Demos-Mobilia-1137017453131445\/","https:\/\/www.instagram.com\/demosmobilia\/"]}]}},"_links":{"self":[{"href":"https:\/\/www.demosmobilia.ch\/fr\/wp-json\/wp\/v2\/product\/80881","targetHints":{"allow":["GET"]}}],"collection":[{"href":"https:\/\/www.demosmobilia.ch\/fr\/wp-json\/wp\/v2\/product"}],"about":[{"href":"https:\/\/www.demosmobilia.ch\/fr\/wp-json\/wp\/v2\/types\/product"}],"wp:featuredmedia":[{"embeddable":true,"href":"https:\/\/www.demosmobilia.ch\/fr\/wp-json\/wp\/v2\/media\/80851"}],"wp:attachment":[{"href":"https:\/\/www.demosmobilia.ch\/fr\/wp-json\/wp\/v2\/media?parent=80881"}],"wp:term":[{"taxonomy":"product_cat","embeddable":true,"href":"https:\/\/www.demosmobilia.ch\/fr\/wp-json\/wp\/v2\/product_cat?post=80881"},{"taxonomy":"product_tag","embeddable":true,"href":"https:\/\/www.demosmobilia.ch\/fr\/wp-json\/wp\/v2\/product_tag?post=80881"}],"curies":[{"name":"wp","href":"https:\/\/api.w.org\/{rel}","templated":true}]}}