{"id":80846,"date":"2025-02-11T12:00:32","date_gmt":"2025-02-11T11:00:32","guid":{"rendered":"https:\/\/www.demosmobilia.ch\/product\/deux-consoles-en-cerisier-et-marbre-calacatta\/"},"modified":"2026-01-17T17:44:36","modified_gmt":"2026-01-17T16:44:36","slug":"deux-consoles-en-cerisier-et-marbre-calacatta","status":"publish","type":"product","link":"https:\/\/www.demosmobilia.ch\/fr\/product\/deux-consoles-en-cerisier-et-marbre-calacatta\/","title":{"rendered":"2 Consoles en merisier et marbre Calacatta"},"content":{"rendered":"<p data-start=\"104\" data-end=\"534\">Le studio BBPR, fond\u00e9 par Gian Luigi Banfi, Lodovico Barbiano di Belgiojoso, Enrico Peressutti et Ernesto Nathan Rogers, s\u2019impose comme l\u2019un des acteurs majeurs de l\u2019architecture et du design italien de l\u2019apr\u00e8s-guerre. Dans les ann\u00e9es 1950, le studio \u00e9tend sa recherche architecturale au design de mobilier, en cr\u00e9ant des pi\u00e8ces qui incarnent pleinement les principes du Mouvement moderne et une attention constante \u00e0 la fonction et \u00e0 l\u2019espace. <\/p>\n<p data-start=\"536\" data-end=\"923\">Durant cette p\u00e9riode, le studio BBPR con\u00e7oit des meubles sur mesure et des pi\u00e8ces en \u00e9dition limit\u00e9e, souvent r\u00e9alis\u00e9s \u00e0 la demande pour des projets architecturaux sp\u00e9cifiques, des int\u00e9rieurs priv\u00e9s et des espaces institutionnels. Si\u00e8ges, syst\u00e8mes de rangement et \u00e9l\u00e9ments d\u2019ameublement se distinguent par des lignes \u00e9pur\u00e9es, des structures rationnelles et des mat\u00e9riaux soigneusement s\u00e9lectionn\u00e9s, alliant artisanat de haut niveau et exp\u00e9rimentation moderne. <\/p>\n<p data-start=\"925\" data-end=\"1195\">Le studio BBPR consid\u00e8re le mobilier comme une composante essentielle de l\u2019architecture, d\u00e9veloppant des cr\u00e9ations exclusives et non s\u00e9rialis\u00e9es, aujourd\u2019hui tr\u00e8s recherch\u00e9es dans le march\u00e9 du design de collection italien et reconnues comme une contribution fondamentale au modernisme italien des ann\u00e9es 1950.<\/p>\n","protected":false},"excerpt":{"rendered":"<p>Le studio BBPR, fond\u00e9 par Gian Luigi Banfi, Lodovico Barbiano di Belgiojoso, Enrico Peressutti et Ernesto Nathan Rogers, s\u2019impose comme l\u2019un des acteurs majeurs de l\u2019architecture et du design italien de l\u2019apr\u00e8s-guerre. Dans les ann\u00e9es 1950, le studio \u00e9tend sa recherche architecturale au design de mobilier, en cr\u00e9ant des pi\u00e8ces qui incarnent pleinement les principes du Mouvement moderne et une attention constante \u00e0 la fonction et \u00e0 l\u2019espace. Durant cette p\u00e9riode, le studio BBPR con\u00e7oit des meubles sur mesure et des pi\u00e8ces en \u00e9dition limit\u00e9e, souvent r\u00e9alis\u00e9s \u00e0 la demande pour des projets architecturaux sp\u00e9cifiques, des int\u00e9rieurs priv\u00e9s et des espaces institutionnels. Si\u00e8ges, syst\u00e8mes de<a class=\"more-link\" href=\"https:\/\/www.demosmobilia.ch\/fr\/product\/deux-consoles-en-cerisier-et-marbre-calacatta\/\">Read More &rarr;<\/a><\/p>\n","protected":false},"featured_media":81303,"template":"","meta":{"_monsterinsights_skip_tracking":false,"_monsterinsights_sitenote_active":false,"_monsterinsights_sitenote_note":"","_monsterinsights_sitenote_category":0,"kk_blocks_editor_width":"","_kiokenblocks_attr":"","_kiokenblocks_dimensions":""},"product_cat":[4277],"product_tag":[8124],"class_list":{"0":"entry","1":"author-demosmobilia","2":"post-80846","3":"product","4":"type-product","5":"status-publish","6":"has-post-thumbnail","7":"product_year-1950-approx","8":"product_cat-consoles","9":"product_tag-bbpr-studio-attribue","10":"pa_product_dimension-120-x-33-x-ht-90-cm-fr","11":"pa_product_material-marbre-calacatta-cerisier","13":"first","14":"instock","15":"shipping-taxable","16":"product-type-simple"},"yoast_head":"<!-- This site is optimized with the Yoast SEO plugin v24.0 - https:\/\/yoast.com\/wordpress\/plugins\/seo\/ -->\n<title>2 Consoles en merisier et marbre Calacatta &#8211; Demosmobilia<\/title>\n<meta name=\"robots\" content=\"index, follow, max-snippet:-1, max-image-preview:large, max-video-preview:-1\" \/>\n<link rel=\"canonical\" href=\"https:\/\/www.demosmobilia.ch\/fr\/product\/deux-consoles-en-cerisier-et-marbre-calacatta\/\" \/>\n<meta property=\"og:locale\" content=\"fr_FR\" \/>\n<meta property=\"og:type\" content=\"article\" \/>\n<meta property=\"og:title\" content=\"2 Consoles en merisier et marbre Calacatta &#8211; Demosmobilia\" \/>\n<meta property=\"og:description\" content=\"Le studio BBPR, fond\u00e9 par Gian Luigi Banfi, Lodovico Barbiano di Belgiojoso, Enrico Peressutti et Ernesto Nathan Rogers, s\u2019impose comme l\u2019un des acteurs majeurs de l\u2019architecture et du design italien de l\u2019apr\u00e8s-guerre. Dans les ann\u00e9es 1950, le studio \u00e9tend sa recherche architecturale au design de mobilier, en cr\u00e9ant des pi\u00e8ces qui incarnent pleinement les principes du Mouvement moderne et une attention constante \u00e0 la fonction et \u00e0 l\u2019espace. Durant cette p\u00e9riode, le studio BBPR con\u00e7oit des meubles sur mesure et des pi\u00e8ces en \u00e9dition limit\u00e9e, souvent r\u00e9alis\u00e9s \u00e0 la demande pour des projets architecturaux sp\u00e9cifiques, des int\u00e9rieurs priv\u00e9s et des espaces institutionnels. Si\u00e8ges, syst\u00e8mes deRead More &rarr;\" \/>\n<meta property=\"og:url\" content=\"https:\/\/www.demosmobilia.ch\/fr\/product\/deux-consoles-en-cerisier-et-marbre-calacatta\/\" \/>\n<meta property=\"og:site_name\" content=\"Demosmobilia\" \/>\n<meta property=\"article:publisher\" content=\"https:\/\/www.facebook.com\/Demos-Mobilia-1137017453131445\/\" \/>\n<meta property=\"article:modified_time\" content=\"2026-01-17T16:44:36+00:00\" \/>\n<meta property=\"og:image\" content=\"https:\/\/www.demosmobilia.ch\/wp-content\/uploads\/2025\/02\/BBPR-Studio_milano-1950-Design-Consolle-02-1.jpg\" \/>\n\t<meta property=\"og:image:width\" content=\"1200\" \/>\n\t<meta property=\"og:image:height\" content=\"900\" \/>\n\t<meta property=\"og:image:type\" content=\"image\/jpeg\" \/>\n<meta name=\"twitter:card\" content=\"summary_large_image\" \/>\n<meta name=\"twitter:label1\" content=\"Dur\u00e9e de lecture estim\u00e9e\" \/>\n\t<meta name=\"twitter:data1\" content=\"1 minute\" \/>\n<script type=\"application\/ld+json\" class=\"yoast-schema-graph\">{\"@context\":\"https:\/\/schema.org\",\"@graph\":[{\"@type\":\"WebPage\",\"@id\":\"https:\/\/www.demosmobilia.ch\/fr\/product\/deux-consoles-en-cerisier-et-marbre-calacatta\/\",\"url\":\"https:\/\/www.demosmobilia.ch\/fr\/product\/deux-consoles-en-cerisier-et-marbre-calacatta\/\",\"name\":\"2 Consoles en merisier et marbre Calacatta &#8211; Demosmobilia\",\"isPartOf\":{\"@id\":\"https:\/\/www.demosmobilia.ch\/fr\/#website\"},\"primaryImageOfPage\":{\"@id\":\"https:\/\/www.demosmobilia.ch\/fr\/product\/deux-consoles-en-cerisier-et-marbre-calacatta\/#primaryimage\"},\"image\":{\"@id\":\"https:\/\/www.demosmobilia.ch\/fr\/product\/deux-consoles-en-cerisier-et-marbre-calacatta\/#primaryimage\"},\"thumbnailUrl\":\"https:\/\/www.demosmobilia.ch\/wp-content\/uploads\/2025\/02\/BBPR-Studio_milano-1950-Design-Consolle-02-1.jpg\",\"datePublished\":\"2025-02-11T11:00:32+00:00\",\"dateModified\":\"2026-01-17T16:44:36+00:00\",\"breadcrumb\":{\"@id\":\"https:\/\/www.demosmobilia.ch\/fr\/product\/deux-consoles-en-cerisier-et-marbre-calacatta\/#breadcrumb\"},\"inLanguage\":\"fr-FR\",\"potentialAction\":[{\"@type\":\"ReadAction\",\"target\":[\"https:\/\/www.demosmobilia.ch\/fr\/product\/deux-consoles-en-cerisier-et-marbre-calacatta\/\"]}]},{\"@type\":\"ImageObject\",\"inLanguage\":\"fr-FR\",\"@id\":\"https:\/\/www.demosmobilia.ch\/fr\/product\/deux-consoles-en-cerisier-et-marbre-calacatta\/#primaryimage\",\"url\":\"https:\/\/www.demosmobilia.ch\/wp-content\/uploads\/2025\/02\/BBPR-Studio_milano-1950-Design-Consolle-02-1.jpg\",\"contentUrl\":\"https:\/\/www.demosmobilia.ch\/wp-content\/uploads\/2025\/02\/BBPR-Studio_milano-1950-Design-Consolle-02-1.jpg\",\"width\":1200,\"height\":900},{\"@type\":\"BreadcrumbList\",\"@id\":\"https:\/\/www.demosmobilia.ch\/fr\/product\/deux-consoles-en-cerisier-et-marbre-calacatta\/#breadcrumb\",\"itemListElement\":[{\"@type\":\"ListItem\",\"position\":1,\"name\":\"Home\",\"item\":\"https:\/\/www.demosmobilia.ch\/fr\/\"},{\"@type\":\"ListItem\",\"position\":2,\"name\":\"Produits\",\"item\":\"https:\/\/www.demosmobilia.ch\/fr\/shop\/\"},{\"@type\":\"ListItem\",\"position\":3,\"name\":\"2 Consoles en merisier et marbre Calacatta\"}]},{\"@type\":\"WebSite\",\"@id\":\"https:\/\/www.demosmobilia.ch\/fr\/#website\",\"url\":\"https:\/\/www.demosmobilia.ch\/fr\/\",\"name\":\"Demosmobilia\",\"description\":\"Vintage Mid Century Modern Design Furniture from the &#039;30s to the &#039;80s\",\"publisher\":{\"@id\":\"https:\/\/www.demosmobilia.ch\/fr\/#organization\"},\"potentialAction\":[{\"@type\":\"SearchAction\",\"target\":{\"@type\":\"EntryPoint\",\"urlTemplate\":\"https:\/\/www.demosmobilia.ch\/fr\/?s={search_term_string}\"},\"query-input\":{\"@type\":\"PropertyValueSpecification\",\"valueRequired\":true,\"valueName\":\"search_term_string\"}}],\"inLanguage\":\"fr-FR\"},{\"@type\":\"Organization\",\"@id\":\"https:\/\/www.demosmobilia.ch\/fr\/#organization\",\"name\":\"demosmobilia\",\"url\":\"https:\/\/www.demosmobilia.ch\/fr\/\",\"logo\":{\"@type\":\"ImageObject\",\"inLanguage\":\"fr-FR\",\"@id\":\"https:\/\/www.demosmobilia.ch\/fr\/#\/schema\/logo\/image\/\",\"url\":\"https:\/\/www.demosmobilia.ch\/wp-content\/uploads\/2020\/07\/demosmobilia-logo-2020-230-160.png\",\"contentUrl\":\"https:\/\/www.demosmobilia.ch\/wp-content\/uploads\/2020\/07\/demosmobilia-logo-2020-230-160.png\",\"width\":230,\"height\":160,\"caption\":\"demosmobilia\"},\"image\":{\"@id\":\"https:\/\/www.demosmobilia.ch\/fr\/#\/schema\/logo\/image\/\"},\"sameAs\":[\"https:\/\/www.facebook.com\/Demos-Mobilia-1137017453131445\/\",\"https:\/\/www.instagram.com\/demosmobilia\/\"]}]}<\/script>\n<!-- \/ Yoast SEO plugin. -->","yoast_head_json":{"title":"2 Consoles en merisier et marbre Calacatta &#8211; Demosmobilia","robots":{"index":"index","follow":"follow","max-snippet":"max-snippet:-1","max-image-preview":"max-image-preview:large","max-video-preview":"max-video-preview:-1"},"canonical":"https:\/\/www.demosmobilia.ch\/fr\/product\/deux-consoles-en-cerisier-et-marbre-calacatta\/","og_locale":"fr_FR","og_type":"article","og_title":"2 Consoles en merisier et marbre Calacatta &#8211; Demosmobilia","og_description":"Le studio BBPR, fond\u00e9 par Gian Luigi Banfi, Lodovico Barbiano di Belgiojoso, Enrico Peressutti et Ernesto Nathan Rogers, s\u2019impose comme l\u2019un des acteurs majeurs de l\u2019architecture et du design italien de l\u2019apr\u00e8s-guerre. Dans les ann\u00e9es 1950, le studio \u00e9tend sa recherche architecturale au design de mobilier, en cr\u00e9ant des pi\u00e8ces qui incarnent pleinement les principes du Mouvement moderne et une attention constante \u00e0 la fonction et \u00e0 l\u2019espace. Durant cette p\u00e9riode, le studio BBPR con\u00e7oit des meubles sur mesure et des pi\u00e8ces en \u00e9dition limit\u00e9e, souvent r\u00e9alis\u00e9s \u00e0 la demande pour des projets architecturaux sp\u00e9cifiques, des int\u00e9rieurs priv\u00e9s et des espaces institutionnels. Si\u00e8ges, syst\u00e8mes deRead More &rarr;","og_url":"https:\/\/www.demosmobilia.ch\/fr\/product\/deux-consoles-en-cerisier-et-marbre-calacatta\/","og_site_name":"Demosmobilia","article_publisher":"https:\/\/www.facebook.com\/Demos-Mobilia-1137017453131445\/","article_modified_time":"2026-01-17T16:44:36+00:00","og_image":[{"width":1200,"height":900,"url":"https:\/\/www.demosmobilia.ch\/wp-content\/uploads\/2025\/02\/BBPR-Studio_milano-1950-Design-Consolle-02-1.jpg","type":"image\/jpeg"}],"twitter_card":"summary_large_image","twitter_misc":{"Dur\u00e9e de lecture estim\u00e9e":"1 minute"},"schema":{"@context":"https:\/\/schema.org","@graph":[{"@type":"WebPage","@id":"https:\/\/www.demosmobilia.ch\/fr\/product\/deux-consoles-en-cerisier-et-marbre-calacatta\/","url":"https:\/\/www.demosmobilia.ch\/fr\/product\/deux-consoles-en-cerisier-et-marbre-calacatta\/","name":"2 Consoles en merisier et marbre Calacatta &#8211; Demosmobilia","isPartOf":{"@id":"https:\/\/www.demosmobilia.ch\/fr\/#website"},"primaryImageOfPage":{"@id":"https:\/\/www.demosmobilia.ch\/fr\/product\/deux-consoles-en-cerisier-et-marbre-calacatta\/#primaryimage"},"image":{"@id":"https:\/\/www.demosmobilia.ch\/fr\/product\/deux-consoles-en-cerisier-et-marbre-calacatta\/#primaryimage"},"thumbnailUrl":"https:\/\/www.demosmobilia.ch\/wp-content\/uploads\/2025\/02\/BBPR-Studio_milano-1950-Design-Consolle-02-1.jpg","datePublished":"2025-02-11T11:00:32+00:00","dateModified":"2026-01-17T16:44:36+00:00","breadcrumb":{"@id":"https:\/\/www.demosmobilia.ch\/fr\/product\/deux-consoles-en-cerisier-et-marbre-calacatta\/#breadcrumb"},"inLanguage":"fr-FR","potentialAction":[{"@type":"ReadAction","target":["https:\/\/www.demosmobilia.ch\/fr\/product\/deux-consoles-en-cerisier-et-marbre-calacatta\/"]}]},{"@type":"ImageObject","inLanguage":"fr-FR","@id":"https:\/\/www.demosmobilia.ch\/fr\/product\/deux-consoles-en-cerisier-et-marbre-calacatta\/#primaryimage","url":"https:\/\/www.demosmobilia.ch\/wp-content\/uploads\/2025\/02\/BBPR-Studio_milano-1950-Design-Consolle-02-1.jpg","contentUrl":"https:\/\/www.demosmobilia.ch\/wp-content\/uploads\/2025\/02\/BBPR-Studio_milano-1950-Design-Consolle-02-1.jpg","width":1200,"height":900},{"@type":"BreadcrumbList","@id":"https:\/\/www.demosmobilia.ch\/fr\/product\/deux-consoles-en-cerisier-et-marbre-calacatta\/#breadcrumb","itemListElement":[{"@type":"ListItem","position":1,"name":"Home","item":"https:\/\/www.demosmobilia.ch\/fr\/"},{"@type":"ListItem","position":2,"name":"Produits","item":"https:\/\/www.demosmobilia.ch\/fr\/shop\/"},{"@type":"ListItem","position":3,"name":"2 Consoles en merisier et marbre Calacatta"}]},{"@type":"WebSite","@id":"https:\/\/www.demosmobilia.ch\/fr\/#website","url":"https:\/\/www.demosmobilia.ch\/fr\/","name":"Demosmobilia","description":"Vintage Mid Century Modern Design Furniture from the &#039;30s to the &#039;80s","publisher":{"@id":"https:\/\/www.demosmobilia.ch\/fr\/#organization"},"potentialAction":[{"@type":"SearchAction","target":{"@type":"EntryPoint","urlTemplate":"https:\/\/www.demosmobilia.ch\/fr\/?s={search_term_string}"},"query-input":{"@type":"PropertyValueSpecification","valueRequired":true,"valueName":"search_term_string"}}],"inLanguage":"fr-FR"},{"@type":"Organization","@id":"https:\/\/www.demosmobilia.ch\/fr\/#organization","name":"demosmobilia","url":"https:\/\/www.demosmobilia.ch\/fr\/","logo":{"@type":"ImageObject","inLanguage":"fr-FR","@id":"https:\/\/www.demosmobilia.ch\/fr\/#\/schema\/logo\/image\/","url":"https:\/\/www.demosmobilia.ch\/wp-content\/uploads\/2020\/07\/demosmobilia-logo-2020-230-160.png","contentUrl":"https:\/\/www.demosmobilia.ch\/wp-content\/uploads\/2020\/07\/demosmobilia-logo-2020-230-160.png","width":230,"height":160,"caption":"demosmobilia"},"image":{"@id":"https:\/\/www.demosmobilia.ch\/fr\/#\/schema\/logo\/image\/"},"sameAs":["https:\/\/www.facebook.com\/Demos-Mobilia-1137017453131445\/","https:\/\/www.instagram.com\/demosmobilia\/"]}]}},"_links":{"self":[{"href":"https:\/\/www.demosmobilia.ch\/fr\/wp-json\/wp\/v2\/product\/80846","targetHints":{"allow":["GET"]}}],"collection":[{"href":"https:\/\/www.demosmobilia.ch\/fr\/wp-json\/wp\/v2\/product"}],"about":[{"href":"https:\/\/www.demosmobilia.ch\/fr\/wp-json\/wp\/v2\/types\/product"}],"wp:featuredmedia":[{"embeddable":true,"href":"https:\/\/www.demosmobilia.ch\/fr\/wp-json\/wp\/v2\/media\/81303"}],"wp:attachment":[{"href":"https:\/\/www.demosmobilia.ch\/fr\/wp-json\/wp\/v2\/media?parent=80846"}],"wp:term":[{"taxonomy":"product_cat","embeddable":true,"href":"https:\/\/www.demosmobilia.ch\/fr\/wp-json\/wp\/v2\/product_cat?post=80846"},{"taxonomy":"product_tag","embeddable":true,"href":"https:\/\/www.demosmobilia.ch\/fr\/wp-json\/wp\/v2\/product_tag?post=80846"}],"curies":[{"name":"wp","href":"https:\/\/api.w.org\/{rel}","templated":true}]}}