{"id":80793,"date":"2026-02-09T10:00:33","date_gmt":"2026-02-09T09:00:33","guid":{"rendered":"https:\/\/www.demosmobilia.ch\/product\/magnifique-table-de-bar-en-laiton-et-verre-2\/"},"modified":"2026-01-17T17:34:13","modified_gmt":"2026-01-17T16:34:13","slug":"magnifique-table-de-bar-en-laiton-et-verre-2","status":"publish","type":"product","link":"https:\/\/www.demosmobilia.ch\/fr\/product\/magnifique-table-de-bar-en-laiton-et-verre-2\/","title":{"rendered":"Magnifique table de bar en laiton et verre"},"content":{"rendered":"<p data-start=\"135\" data-end=\"477\">Corrado Corradi dell\u2019Acqua (1902\u20131963) est un architecte et designer italien actif dans le paysage du design moderne italien du XX\u1d49 si\u00e8cle. \u00c0 travers son travail, Corradi dell\u2019Acqua d\u00e9veloppe un langage de design \u00e9l\u00e9gant et fonctionnel, accordant une attention particuli\u00e8re \u00e0 la qualit\u00e9 des mat\u00e9riaux, \u00e0 l\u2019\u00e9quilibre des proportions et au soin du d\u00e9tail. <\/p>\n<p data-start=\"479\" data-end=\"880\">Entre la fin des ann\u00e9es 1940 et les ann\u00e9es 1950, Corradi dell\u2019Acqua collabore avec Azucena, maison historique du design fond\u00e9e en 1947 et r\u00e9f\u00e9rence majeure du design italien d\u2019apr\u00e8s-guerre. Durant cette phase fondatrice et exp\u00e9rimentale de la marque, il contribue \u00e0 la cr\u00e9ation de mobilier et d\u2019\u00e9l\u00e9ments d\u2019ameublement de haute qualit\u00e9, caract\u00e9ris\u00e9s par des lignes sobres, une grande rigueur formelle et une ex\u00e9cution artisanale d\u2019exception. <\/p>\n<p data-start=\"882\" data-end=\"1127\">Cette collaboration avec Azucena confirme la place de Corrado Corradi dell\u2019Acqua comme interpr\u00e8te d\u2019un design intemporel et intellectuel, aujourd\u2019hui tr\u00e8s recherch\u00e9 dans le march\u00e9 du design de collection et les \u00e9tudes consacr\u00e9es au mobilier du XX\u1d49 si\u00e8cle.<\/p>\n","protected":false},"excerpt":{"rendered":"<p>Corrado Corradi dell\u2019Acqua (1902\u20131963) est un architecte et designer italien actif dans le paysage du design moderne italien du XX\u1d49 si\u00e8cle. \u00c0 travers son travail, Corradi dell\u2019Acqua d\u00e9veloppe un langage de design \u00e9l\u00e9gant et fonctionnel, accordant une attention particuli\u00e8re \u00e0 la qualit\u00e9 des mat\u00e9riaux, \u00e0 l\u2019\u00e9quilibre des proportions et au soin du d\u00e9tail. Entre la fin des ann\u00e9es 1940 et les ann\u00e9es 1950, Corradi dell\u2019Acqua collabore avec Azucena, maison historique du design fond\u00e9e en 1947 et r\u00e9f\u00e9rence majeure du design italien d\u2019apr\u00e8s-guerre. Durant cette phase fondatrice et exp\u00e9rimentale de la marque, il contribue \u00e0 la cr\u00e9ation de mobilier et d\u2019\u00e9l\u00e9ments d\u2019ameublement de haute qualit\u00e9, caract\u00e9ris\u00e9s<a class=\"more-link\" href=\"https:\/\/www.demosmobilia.ch\/fr\/product\/magnifique-table-de-bar-en-laiton-et-verre-2\/\">Read More &rarr;<\/a><\/p>\n","protected":false},"featured_media":80770,"template":"","meta":{"_monsterinsights_skip_tracking":false,"_monsterinsights_sitenote_active":false,"_monsterinsights_sitenote_note":"","_monsterinsights_sitenote_category":0,"kk_blocks_editor_width":"","_kiokenblocks_attr":"","_kiokenblocks_dimensions":""},"product_cat":[4280],"product_tag":[12872],"class_list":{"0":"entry","1":"author-demosmobilia","2":"post-80793","3":"product","4":"type-product","5":"status-publish","6":"has-post-thumbnail","7":"product_production-azucena","8":"product_year-2405","9":"product_nation-italie-fr","10":"product_cat-tables-de-service","11":"product_tag-carradi-dellacqua-corrado-fr","12":"pa_product_dimension-dia-60-5-x-ht-66-cm-fr","13":"pa_product_material-laiton-metal-verre-verre-colore","15":"first","16":"outofstock","17":"shipping-taxable","18":"purchasable","19":"product-type-simple"},"yoast_head":"<!-- This site is optimized with the Yoast SEO plugin v24.0 - https:\/\/yoast.com\/wordpress\/plugins\/seo\/ -->\n<title>Magnifique table de bar en laiton et verre &#8211; Demosmobilia<\/title>\n<meta name=\"robots\" content=\"index, follow, max-snippet:-1, max-image-preview:large, max-video-preview:-1\" \/>\n<link rel=\"canonical\" href=\"https:\/\/www.demosmobilia.ch\/fr\/product\/magnifique-table-de-bar-en-laiton-et-verre-2\/\" \/>\n<meta property=\"og:locale\" content=\"fr_FR\" \/>\n<meta property=\"og:type\" content=\"article\" \/>\n<meta property=\"og:title\" content=\"Magnifique table de bar en laiton et verre &#8211; Demosmobilia\" \/>\n<meta property=\"og:description\" content=\"Corrado Corradi dell\u2019Acqua (1902\u20131963) est un architecte et designer italien actif dans le paysage du design moderne italien du XX\u1d49 si\u00e8cle. \u00c0 travers son travail, Corradi dell\u2019Acqua d\u00e9veloppe un langage de design \u00e9l\u00e9gant et fonctionnel, accordant une attention particuli\u00e8re \u00e0 la qualit\u00e9 des mat\u00e9riaux, \u00e0 l\u2019\u00e9quilibre des proportions et au soin du d\u00e9tail. Entre la fin des ann\u00e9es 1940 et les ann\u00e9es 1950, Corradi dell\u2019Acqua collabore avec Azucena, maison historique du design fond\u00e9e en 1947 et r\u00e9f\u00e9rence majeure du design italien d\u2019apr\u00e8s-guerre. Durant cette phase fondatrice et exp\u00e9rimentale de la marque, il contribue \u00e0 la cr\u00e9ation de mobilier et d\u2019\u00e9l\u00e9ments d\u2019ameublement de haute qualit\u00e9, caract\u00e9ris\u00e9sRead More &rarr;\" \/>\n<meta property=\"og:url\" content=\"https:\/\/www.demosmobilia.ch\/fr\/product\/magnifique-table-de-bar-en-laiton-et-verre-2\/\" \/>\n<meta property=\"og:site_name\" content=\"Demosmobilia\" \/>\n<meta property=\"article:publisher\" content=\"https:\/\/www.facebook.com\/Demos-Mobilia-1137017453131445\/\" \/>\n<meta property=\"article:modified_time\" content=\"2026-01-17T16:34:13+00:00\" \/>\n<meta property=\"og:image\" content=\"https:\/\/www.demosmobilia.ch\/wp-content\/uploads\/2025\/02\/azucena-corrado-corradi-dell-acqua-serving-table-bar-1950-01.jpg\" \/>\n\t<meta property=\"og:image:width\" content=\"1200\" \/>\n\t<meta property=\"og:image:height\" content=\"900\" \/>\n\t<meta property=\"og:image:type\" content=\"image\/jpeg\" \/>\n<meta name=\"twitter:card\" content=\"summary_large_image\" \/>\n<meta name=\"twitter:label1\" content=\"Dur\u00e9e de lecture estim\u00e9e\" \/>\n\t<meta name=\"twitter:data1\" content=\"1 minute\" \/>\n<script type=\"application\/ld+json\" class=\"yoast-schema-graph\">{\"@context\":\"https:\/\/schema.org\",\"@graph\":[{\"@type\":\"WebPage\",\"@id\":\"https:\/\/www.demosmobilia.ch\/fr\/product\/magnifique-table-de-bar-en-laiton-et-verre-2\/\",\"url\":\"https:\/\/www.demosmobilia.ch\/fr\/product\/magnifique-table-de-bar-en-laiton-et-verre-2\/\",\"name\":\"Magnifique table de bar en laiton et verre &#8211; Demosmobilia\",\"isPartOf\":{\"@id\":\"https:\/\/www.demosmobilia.ch\/fr\/#website\"},\"primaryImageOfPage\":{\"@id\":\"https:\/\/www.demosmobilia.ch\/fr\/product\/magnifique-table-de-bar-en-laiton-et-verre-2\/#primaryimage\"},\"image\":{\"@id\":\"https:\/\/www.demosmobilia.ch\/fr\/product\/magnifique-table-de-bar-en-laiton-et-verre-2\/#primaryimage\"},\"thumbnailUrl\":\"https:\/\/www.demosmobilia.ch\/wp-content\/uploads\/2025\/02\/azucena-corrado-corradi-dell-acqua-serving-table-bar-1950-01.jpg\",\"datePublished\":\"2026-02-09T09:00:33+00:00\",\"dateModified\":\"2026-01-17T16:34:13+00:00\",\"breadcrumb\":{\"@id\":\"https:\/\/www.demosmobilia.ch\/fr\/product\/magnifique-table-de-bar-en-laiton-et-verre-2\/#breadcrumb\"},\"inLanguage\":\"fr-FR\",\"potentialAction\":[{\"@type\":\"ReadAction\",\"target\":[\"https:\/\/www.demosmobilia.ch\/fr\/product\/magnifique-table-de-bar-en-laiton-et-verre-2\/\"]}]},{\"@type\":\"ImageObject\",\"inLanguage\":\"fr-FR\",\"@id\":\"https:\/\/www.demosmobilia.ch\/fr\/product\/magnifique-table-de-bar-en-laiton-et-verre-2\/#primaryimage\",\"url\":\"https:\/\/www.demosmobilia.ch\/wp-content\/uploads\/2025\/02\/azucena-corrado-corradi-dell-acqua-serving-table-bar-1950-01.jpg\",\"contentUrl\":\"https:\/\/www.demosmobilia.ch\/wp-content\/uploads\/2025\/02\/azucena-corrado-corradi-dell-acqua-serving-table-bar-1950-01.jpg\",\"width\":1200,\"height\":900},{\"@type\":\"BreadcrumbList\",\"@id\":\"https:\/\/www.demosmobilia.ch\/fr\/product\/magnifique-table-de-bar-en-laiton-et-verre-2\/#breadcrumb\",\"itemListElement\":[{\"@type\":\"ListItem\",\"position\":1,\"name\":\"Home\",\"item\":\"https:\/\/www.demosmobilia.ch\/fr\/\"},{\"@type\":\"ListItem\",\"position\":2,\"name\":\"Produits\",\"item\":\"https:\/\/www.demosmobilia.ch\/fr\/shop\/\"},{\"@type\":\"ListItem\",\"position\":3,\"name\":\"Magnifique table de bar en laiton et verre\"}]},{\"@type\":\"WebSite\",\"@id\":\"https:\/\/www.demosmobilia.ch\/fr\/#website\",\"url\":\"https:\/\/www.demosmobilia.ch\/fr\/\",\"name\":\"Demosmobilia\",\"description\":\"Vintage Mid Century Modern Design Furniture from the &#039;30s to the &#039;80s\",\"publisher\":{\"@id\":\"https:\/\/www.demosmobilia.ch\/fr\/#organization\"},\"potentialAction\":[{\"@type\":\"SearchAction\",\"target\":{\"@type\":\"EntryPoint\",\"urlTemplate\":\"https:\/\/www.demosmobilia.ch\/fr\/?s={search_term_string}\"},\"query-input\":{\"@type\":\"PropertyValueSpecification\",\"valueRequired\":true,\"valueName\":\"search_term_string\"}}],\"inLanguage\":\"fr-FR\"},{\"@type\":\"Organization\",\"@id\":\"https:\/\/www.demosmobilia.ch\/fr\/#organization\",\"name\":\"demosmobilia\",\"url\":\"https:\/\/www.demosmobilia.ch\/fr\/\",\"logo\":{\"@type\":\"ImageObject\",\"inLanguage\":\"fr-FR\",\"@id\":\"https:\/\/www.demosmobilia.ch\/fr\/#\/schema\/logo\/image\/\",\"url\":\"https:\/\/www.demosmobilia.ch\/wp-content\/uploads\/2020\/07\/demosmobilia-logo-2020-230-160.png\",\"contentUrl\":\"https:\/\/www.demosmobilia.ch\/wp-content\/uploads\/2020\/07\/demosmobilia-logo-2020-230-160.png\",\"width\":230,\"height\":160,\"caption\":\"demosmobilia\"},\"image\":{\"@id\":\"https:\/\/www.demosmobilia.ch\/fr\/#\/schema\/logo\/image\/\"},\"sameAs\":[\"https:\/\/www.facebook.com\/Demos-Mobilia-1137017453131445\/\",\"https:\/\/www.instagram.com\/demosmobilia\/\"]}]}<\/script>\n<!-- \/ Yoast SEO plugin. -->","yoast_head_json":{"title":"Magnifique table de bar en laiton et verre &#8211; Demosmobilia","robots":{"index":"index","follow":"follow","max-snippet":"max-snippet:-1","max-image-preview":"max-image-preview:large","max-video-preview":"max-video-preview:-1"},"canonical":"https:\/\/www.demosmobilia.ch\/fr\/product\/magnifique-table-de-bar-en-laiton-et-verre-2\/","og_locale":"fr_FR","og_type":"article","og_title":"Magnifique table de bar en laiton et verre &#8211; Demosmobilia","og_description":"Corrado Corradi dell\u2019Acqua (1902\u20131963) est un architecte et designer italien actif dans le paysage du design moderne italien du XX\u1d49 si\u00e8cle. \u00c0 travers son travail, Corradi dell\u2019Acqua d\u00e9veloppe un langage de design \u00e9l\u00e9gant et fonctionnel, accordant une attention particuli\u00e8re \u00e0 la qualit\u00e9 des mat\u00e9riaux, \u00e0 l\u2019\u00e9quilibre des proportions et au soin du d\u00e9tail. Entre la fin des ann\u00e9es 1940 et les ann\u00e9es 1950, Corradi dell\u2019Acqua collabore avec Azucena, maison historique du design fond\u00e9e en 1947 et r\u00e9f\u00e9rence majeure du design italien d\u2019apr\u00e8s-guerre. Durant cette phase fondatrice et exp\u00e9rimentale de la marque, il contribue \u00e0 la cr\u00e9ation de mobilier et d\u2019\u00e9l\u00e9ments d\u2019ameublement de haute qualit\u00e9, caract\u00e9ris\u00e9sRead More &rarr;","og_url":"https:\/\/www.demosmobilia.ch\/fr\/product\/magnifique-table-de-bar-en-laiton-et-verre-2\/","og_site_name":"Demosmobilia","article_publisher":"https:\/\/www.facebook.com\/Demos-Mobilia-1137017453131445\/","article_modified_time":"2026-01-17T16:34:13+00:00","og_image":[{"width":1200,"height":900,"url":"https:\/\/www.demosmobilia.ch\/wp-content\/uploads\/2025\/02\/azucena-corrado-corradi-dell-acqua-serving-table-bar-1950-01.jpg","type":"image\/jpeg"}],"twitter_card":"summary_large_image","twitter_misc":{"Dur\u00e9e de lecture estim\u00e9e":"1 minute"},"schema":{"@context":"https:\/\/schema.org","@graph":[{"@type":"WebPage","@id":"https:\/\/www.demosmobilia.ch\/fr\/product\/magnifique-table-de-bar-en-laiton-et-verre-2\/","url":"https:\/\/www.demosmobilia.ch\/fr\/product\/magnifique-table-de-bar-en-laiton-et-verre-2\/","name":"Magnifique table de bar en laiton et verre &#8211; Demosmobilia","isPartOf":{"@id":"https:\/\/www.demosmobilia.ch\/fr\/#website"},"primaryImageOfPage":{"@id":"https:\/\/www.demosmobilia.ch\/fr\/product\/magnifique-table-de-bar-en-laiton-et-verre-2\/#primaryimage"},"image":{"@id":"https:\/\/www.demosmobilia.ch\/fr\/product\/magnifique-table-de-bar-en-laiton-et-verre-2\/#primaryimage"},"thumbnailUrl":"https:\/\/www.demosmobilia.ch\/wp-content\/uploads\/2025\/02\/azucena-corrado-corradi-dell-acqua-serving-table-bar-1950-01.jpg","datePublished":"2026-02-09T09:00:33+00:00","dateModified":"2026-01-17T16:34:13+00:00","breadcrumb":{"@id":"https:\/\/www.demosmobilia.ch\/fr\/product\/magnifique-table-de-bar-en-laiton-et-verre-2\/#breadcrumb"},"inLanguage":"fr-FR","potentialAction":[{"@type":"ReadAction","target":["https:\/\/www.demosmobilia.ch\/fr\/product\/magnifique-table-de-bar-en-laiton-et-verre-2\/"]}]},{"@type":"ImageObject","inLanguage":"fr-FR","@id":"https:\/\/www.demosmobilia.ch\/fr\/product\/magnifique-table-de-bar-en-laiton-et-verre-2\/#primaryimage","url":"https:\/\/www.demosmobilia.ch\/wp-content\/uploads\/2025\/02\/azucena-corrado-corradi-dell-acqua-serving-table-bar-1950-01.jpg","contentUrl":"https:\/\/www.demosmobilia.ch\/wp-content\/uploads\/2025\/02\/azucena-corrado-corradi-dell-acqua-serving-table-bar-1950-01.jpg","width":1200,"height":900},{"@type":"BreadcrumbList","@id":"https:\/\/www.demosmobilia.ch\/fr\/product\/magnifique-table-de-bar-en-laiton-et-verre-2\/#breadcrumb","itemListElement":[{"@type":"ListItem","position":1,"name":"Home","item":"https:\/\/www.demosmobilia.ch\/fr\/"},{"@type":"ListItem","position":2,"name":"Produits","item":"https:\/\/www.demosmobilia.ch\/fr\/shop\/"},{"@type":"ListItem","position":3,"name":"Magnifique table de bar en laiton et verre"}]},{"@type":"WebSite","@id":"https:\/\/www.demosmobilia.ch\/fr\/#website","url":"https:\/\/www.demosmobilia.ch\/fr\/","name":"Demosmobilia","description":"Vintage Mid Century Modern Design Furniture from the &#039;30s to the &#039;80s","publisher":{"@id":"https:\/\/www.demosmobilia.ch\/fr\/#organization"},"potentialAction":[{"@type":"SearchAction","target":{"@type":"EntryPoint","urlTemplate":"https:\/\/www.demosmobilia.ch\/fr\/?s={search_term_string}"},"query-input":{"@type":"PropertyValueSpecification","valueRequired":true,"valueName":"search_term_string"}}],"inLanguage":"fr-FR"},{"@type":"Organization","@id":"https:\/\/www.demosmobilia.ch\/fr\/#organization","name":"demosmobilia","url":"https:\/\/www.demosmobilia.ch\/fr\/","logo":{"@type":"ImageObject","inLanguage":"fr-FR","@id":"https:\/\/www.demosmobilia.ch\/fr\/#\/schema\/logo\/image\/","url":"https:\/\/www.demosmobilia.ch\/wp-content\/uploads\/2020\/07\/demosmobilia-logo-2020-230-160.png","contentUrl":"https:\/\/www.demosmobilia.ch\/wp-content\/uploads\/2020\/07\/demosmobilia-logo-2020-230-160.png","width":230,"height":160,"caption":"demosmobilia"},"image":{"@id":"https:\/\/www.demosmobilia.ch\/fr\/#\/schema\/logo\/image\/"},"sameAs":["https:\/\/www.facebook.com\/Demos-Mobilia-1137017453131445\/","https:\/\/www.instagram.com\/demosmobilia\/"]}]}},"_links":{"self":[{"href":"https:\/\/www.demosmobilia.ch\/fr\/wp-json\/wp\/v2\/product\/80793","targetHints":{"allow":["GET"]}}],"collection":[{"href":"https:\/\/www.demosmobilia.ch\/fr\/wp-json\/wp\/v2\/product"}],"about":[{"href":"https:\/\/www.demosmobilia.ch\/fr\/wp-json\/wp\/v2\/types\/product"}],"wp:featuredmedia":[{"embeddable":true,"href":"https:\/\/www.demosmobilia.ch\/fr\/wp-json\/wp\/v2\/media\/80770"}],"wp:attachment":[{"href":"https:\/\/www.demosmobilia.ch\/fr\/wp-json\/wp\/v2\/media?parent=80793"}],"wp:term":[{"taxonomy":"product_cat","embeddable":true,"href":"https:\/\/www.demosmobilia.ch\/fr\/wp-json\/wp\/v2\/product_cat?post=80793"},{"taxonomy":"product_tag","embeddable":true,"href":"https:\/\/www.demosmobilia.ch\/fr\/wp-json\/wp\/v2\/product_tag?post=80793"}],"curies":[{"name":"wp","href":"https:\/\/api.w.org\/{rel}","templated":true}]}}