{"id":78906,"date":"2025-07-30T11:00:24","date_gmt":"2025-07-30T09:00:24","guid":{"rendered":"https:\/\/www.demosmobilia.ch\/product\/lustre-bauhaus-francais\/"},"modified":"2025-07-31T10:03:26","modified_gmt":"2025-07-31T08:03:26","slug":"lustre-bauhaus-francais","status":"publish","type":"product","link":"https:\/\/www.demosmobilia.ch\/fr\/product\/lustre-bauhaus-francais\/","title":{"rendered":"Suspension Bauhaus fran\u00e7aise, Villa Noailles"},"content":{"rendered":"<p>Ce mod\u00e8le de lampe \u00e9clairait la piscine int\u00e9rieure de la Villa Noailles \u00e0 Hy\u00e8res, en France. Le jeune architecte Robert Mallet-Stevens a con\u00e7u et construit la villa en 1923 pour les vicomtes Charles et Marie-Laure de Noailles. La villa est devenue un v\u00e9ritable manifeste du mouvement moderne.<\/p>\n","protected":false},"excerpt":{"rendered":"<p>Ce mod\u00e8le de lampe \u00e9clairait la piscine int\u00e9rieure de la Villa Noailles \u00e0 Hy\u00e8res, en France. Le jeune architecte Robert Mallet-Stevens a con\u00e7u et construit la villa en 1923 pour les vicomtes Charles et Marie-Laure de Noailles. La villa est devenue un v\u00e9ritable manifeste du mouvement moderne.<a class=\"more-link\" href=\"https:\/\/www.demosmobilia.ch\/fr\/product\/lustre-bauhaus-francais\/\">Read More &rarr;<\/a><\/p>\n","protected":false},"featured_media":83424,"template":"","meta":{"_monsterinsights_skip_tracking":false,"_monsterinsights_sitenote_active":false,"_monsterinsights_sitenote_note":"","_monsterinsights_sitenote_category":0,"kk_blocks_editor_width":"","_kiokenblocks_attr":"","_kiokenblocks_dimensions":""},"product_cat":[4247],"product_tag":[14087],"class_list":{"0":"entry","1":"author-demosmobilia","2":"post-78906","3":"product","4":"type-product","5":"status-publish","6":"has-post-thumbnail","7":"product_production-french-production","8":"product_year-1920-approx","9":"product_nation-france-fr","10":"product_cat-suspensions","11":"product_tag-mallet-stevens-robert-fr","12":"pa_product_dimension-dia-30-x-ht-60-cm-fr","13":"pa_product_material-aluminium-anodise-verre-de-lait","15":"first","16":"instock","17":"shipping-taxable","18":"purchasable","19":"product-type-simple"},"yoast_head":"<!-- This site is optimized with the Yoast SEO plugin v24.0 - https:\/\/yoast.com\/wordpress\/plugins\/seo\/ -->\n<title>Suspension Bauhaus fran\u00e7aise, Villa Noailles &#8211; Demosmobilia<\/title>\n<meta name=\"robots\" content=\"index, follow, max-snippet:-1, max-image-preview:large, max-video-preview:-1\" \/>\n<link rel=\"canonical\" href=\"https:\/\/www.demosmobilia.ch\/fr\/product\/lustre-bauhaus-francais\/\" \/>\n<meta property=\"og:locale\" content=\"fr_FR\" \/>\n<meta property=\"og:type\" content=\"article\" \/>\n<meta property=\"og:title\" content=\"Suspension Bauhaus fran\u00e7aise, Villa Noailles &#8211; Demosmobilia\" \/>\n<meta property=\"og:description\" content=\"Ce mod\u00e8le de lampe \u00e9clairait la piscine int\u00e9rieure de la Villa Noailles \u00e0 Hy\u00e8res, en France. Le jeune architecte Robert Mallet-Stevens a con\u00e7u et construit la villa en 1923 pour les vicomtes Charles et Marie-Laure de Noailles. La villa est devenue un v\u00e9ritable manifeste du mouvement moderne.Read More &rarr;\" \/>\n<meta property=\"og:url\" content=\"https:\/\/www.demosmobilia.ch\/fr\/product\/lustre-bauhaus-francais\/\" \/>\n<meta property=\"og:site_name\" content=\"Demosmobilia\" \/>\n<meta property=\"article:publisher\" content=\"https:\/\/www.facebook.com\/Demos-Mobilia-1137017453131445\/\" \/>\n<meta property=\"article:modified_time\" content=\"2025-07-31T08:03:26+00:00\" \/>\n<meta property=\"og:image\" content=\"https:\/\/www.demosmobilia.ch\/wp-content\/uploads\/2025\/07\/B72B8887-826F-4E66-9B3A-004B317DE141.jpeg\" \/>\n\t<meta property=\"og:image:width\" content=\"1536\" \/>\n\t<meta property=\"og:image:height\" content=\"1224\" \/>\n\t<meta property=\"og:image:type\" content=\"image\/jpeg\" \/>\n<meta name=\"twitter:card\" content=\"summary_large_image\" \/>\n<script type=\"application\/ld+json\" class=\"yoast-schema-graph\">{\"@context\":\"https:\/\/schema.org\",\"@graph\":[{\"@type\":\"WebPage\",\"@id\":\"https:\/\/www.demosmobilia.ch\/fr\/product\/lustre-bauhaus-francais\/\",\"url\":\"https:\/\/www.demosmobilia.ch\/fr\/product\/lustre-bauhaus-francais\/\",\"name\":\"Suspension Bauhaus fran\u00e7aise, Villa Noailles &#8211; Demosmobilia\",\"isPartOf\":{\"@id\":\"https:\/\/www.demosmobilia.ch\/fr\/#website\"},\"primaryImageOfPage\":{\"@id\":\"https:\/\/www.demosmobilia.ch\/fr\/product\/lustre-bauhaus-francais\/#primaryimage\"},\"image\":{\"@id\":\"https:\/\/www.demosmobilia.ch\/fr\/product\/lustre-bauhaus-francais\/#primaryimage\"},\"thumbnailUrl\":\"https:\/\/www.demosmobilia.ch\/wp-content\/uploads\/2025\/07\/villa-noailles-robert-mallet-stevens.jpg\",\"datePublished\":\"2025-07-30T09:00:24+00:00\",\"dateModified\":\"2025-07-31T08:03:26+00:00\",\"breadcrumb\":{\"@id\":\"https:\/\/www.demosmobilia.ch\/fr\/product\/lustre-bauhaus-francais\/#breadcrumb\"},\"inLanguage\":\"fr-FR\",\"potentialAction\":[{\"@type\":\"ReadAction\",\"target\":[\"https:\/\/www.demosmobilia.ch\/fr\/product\/lustre-bauhaus-francais\/\"]}]},{\"@type\":\"ImageObject\",\"inLanguage\":\"fr-FR\",\"@id\":\"https:\/\/www.demosmobilia.ch\/fr\/product\/lustre-bauhaus-francais\/#primaryimage\",\"url\":\"https:\/\/www.demosmobilia.ch\/wp-content\/uploads\/2025\/07\/villa-noailles-robert-mallet-stevens.jpg\",\"contentUrl\":\"https:\/\/www.demosmobilia.ch\/wp-content\/uploads\/2025\/07\/villa-noailles-robert-mallet-stevens.jpg\",\"width\":1200,\"height\":900},{\"@type\":\"BreadcrumbList\",\"@id\":\"https:\/\/www.demosmobilia.ch\/fr\/product\/lustre-bauhaus-francais\/#breadcrumb\",\"itemListElement\":[{\"@type\":\"ListItem\",\"position\":1,\"name\":\"Home\",\"item\":\"https:\/\/www.demosmobilia.ch\/fr\/\"},{\"@type\":\"ListItem\",\"position\":2,\"name\":\"Produits\",\"item\":\"https:\/\/www.demosmobilia.ch\/fr\/shop\/\"},{\"@type\":\"ListItem\",\"position\":3,\"name\":\"Suspension Bauhaus fran\u00e7aise, Villa Noailles\"}]},{\"@type\":\"WebSite\",\"@id\":\"https:\/\/www.demosmobilia.ch\/fr\/#website\",\"url\":\"https:\/\/www.demosmobilia.ch\/fr\/\",\"name\":\"Demosmobilia\",\"description\":\"Vintage Mid Century Modern Design Furniture from the &#039;30s to the &#039;80s\",\"publisher\":{\"@id\":\"https:\/\/www.demosmobilia.ch\/fr\/#organization\"},\"potentialAction\":[{\"@type\":\"SearchAction\",\"target\":{\"@type\":\"EntryPoint\",\"urlTemplate\":\"https:\/\/www.demosmobilia.ch\/fr\/?s={search_term_string}\"},\"query-input\":{\"@type\":\"PropertyValueSpecification\",\"valueRequired\":true,\"valueName\":\"search_term_string\"}}],\"inLanguage\":\"fr-FR\"},{\"@type\":\"Organization\",\"@id\":\"https:\/\/www.demosmobilia.ch\/fr\/#organization\",\"name\":\"demosmobilia\",\"url\":\"https:\/\/www.demosmobilia.ch\/fr\/\",\"logo\":{\"@type\":\"ImageObject\",\"inLanguage\":\"fr-FR\",\"@id\":\"https:\/\/www.demosmobilia.ch\/fr\/#\/schema\/logo\/image\/\",\"url\":\"https:\/\/www.demosmobilia.ch\/wp-content\/uploads\/2020\/07\/demosmobilia-logo-2020-230-160.png\",\"contentUrl\":\"https:\/\/www.demosmobilia.ch\/wp-content\/uploads\/2020\/07\/demosmobilia-logo-2020-230-160.png\",\"width\":230,\"height\":160,\"caption\":\"demosmobilia\"},\"image\":{\"@id\":\"https:\/\/www.demosmobilia.ch\/fr\/#\/schema\/logo\/image\/\"},\"sameAs\":[\"https:\/\/www.facebook.com\/Demos-Mobilia-1137017453131445\/\",\"https:\/\/www.instagram.com\/demosmobilia\/\"]}]}<\/script>\n<!-- \/ Yoast SEO plugin. -->","yoast_head_json":{"title":"Suspension Bauhaus fran\u00e7aise, Villa Noailles &#8211; Demosmobilia","robots":{"index":"index","follow":"follow","max-snippet":"max-snippet:-1","max-image-preview":"max-image-preview:large","max-video-preview":"max-video-preview:-1"},"canonical":"https:\/\/www.demosmobilia.ch\/fr\/product\/lustre-bauhaus-francais\/","og_locale":"fr_FR","og_type":"article","og_title":"Suspension Bauhaus fran\u00e7aise, Villa Noailles &#8211; Demosmobilia","og_description":"Ce mod\u00e8le de lampe \u00e9clairait la piscine int\u00e9rieure de la Villa Noailles \u00e0 Hy\u00e8res, en France. Le jeune architecte Robert Mallet-Stevens a con\u00e7u et construit la villa en 1923 pour les vicomtes Charles et Marie-Laure de Noailles. La villa est devenue un v\u00e9ritable manifeste du mouvement moderne.Read More &rarr;","og_url":"https:\/\/www.demosmobilia.ch\/fr\/product\/lustre-bauhaus-francais\/","og_site_name":"Demosmobilia","article_publisher":"https:\/\/www.facebook.com\/Demos-Mobilia-1137017453131445\/","article_modified_time":"2025-07-31T08:03:26+00:00","og_image":[{"width":1536,"height":1224,"url":"https:\/\/www.demosmobilia.ch\/wp-content\/uploads\/2025\/07\/B72B8887-826F-4E66-9B3A-004B317DE141.jpeg","type":"image\/jpeg"}],"twitter_card":"summary_large_image","schema":{"@context":"https:\/\/schema.org","@graph":[{"@type":"WebPage","@id":"https:\/\/www.demosmobilia.ch\/fr\/product\/lustre-bauhaus-francais\/","url":"https:\/\/www.demosmobilia.ch\/fr\/product\/lustre-bauhaus-francais\/","name":"Suspension Bauhaus fran\u00e7aise, Villa Noailles &#8211; Demosmobilia","isPartOf":{"@id":"https:\/\/www.demosmobilia.ch\/fr\/#website"},"primaryImageOfPage":{"@id":"https:\/\/www.demosmobilia.ch\/fr\/product\/lustre-bauhaus-francais\/#primaryimage"},"image":{"@id":"https:\/\/www.demosmobilia.ch\/fr\/product\/lustre-bauhaus-francais\/#primaryimage"},"thumbnailUrl":"https:\/\/www.demosmobilia.ch\/wp-content\/uploads\/2025\/07\/villa-noailles-robert-mallet-stevens.jpg","datePublished":"2025-07-30T09:00:24+00:00","dateModified":"2025-07-31T08:03:26+00:00","breadcrumb":{"@id":"https:\/\/www.demosmobilia.ch\/fr\/product\/lustre-bauhaus-francais\/#breadcrumb"},"inLanguage":"fr-FR","potentialAction":[{"@type":"ReadAction","target":["https:\/\/www.demosmobilia.ch\/fr\/product\/lustre-bauhaus-francais\/"]}]},{"@type":"ImageObject","inLanguage":"fr-FR","@id":"https:\/\/www.demosmobilia.ch\/fr\/product\/lustre-bauhaus-francais\/#primaryimage","url":"https:\/\/www.demosmobilia.ch\/wp-content\/uploads\/2025\/07\/villa-noailles-robert-mallet-stevens.jpg","contentUrl":"https:\/\/www.demosmobilia.ch\/wp-content\/uploads\/2025\/07\/villa-noailles-robert-mallet-stevens.jpg","width":1200,"height":900},{"@type":"BreadcrumbList","@id":"https:\/\/www.demosmobilia.ch\/fr\/product\/lustre-bauhaus-francais\/#breadcrumb","itemListElement":[{"@type":"ListItem","position":1,"name":"Home","item":"https:\/\/www.demosmobilia.ch\/fr\/"},{"@type":"ListItem","position":2,"name":"Produits","item":"https:\/\/www.demosmobilia.ch\/fr\/shop\/"},{"@type":"ListItem","position":3,"name":"Suspension Bauhaus fran\u00e7aise, Villa Noailles"}]},{"@type":"WebSite","@id":"https:\/\/www.demosmobilia.ch\/fr\/#website","url":"https:\/\/www.demosmobilia.ch\/fr\/","name":"Demosmobilia","description":"Vintage Mid Century Modern Design Furniture from the &#039;30s to the &#039;80s","publisher":{"@id":"https:\/\/www.demosmobilia.ch\/fr\/#organization"},"potentialAction":[{"@type":"SearchAction","target":{"@type":"EntryPoint","urlTemplate":"https:\/\/www.demosmobilia.ch\/fr\/?s={search_term_string}"},"query-input":{"@type":"PropertyValueSpecification","valueRequired":true,"valueName":"search_term_string"}}],"inLanguage":"fr-FR"},{"@type":"Organization","@id":"https:\/\/www.demosmobilia.ch\/fr\/#organization","name":"demosmobilia","url":"https:\/\/www.demosmobilia.ch\/fr\/","logo":{"@type":"ImageObject","inLanguage":"fr-FR","@id":"https:\/\/www.demosmobilia.ch\/fr\/#\/schema\/logo\/image\/","url":"https:\/\/www.demosmobilia.ch\/wp-content\/uploads\/2020\/07\/demosmobilia-logo-2020-230-160.png","contentUrl":"https:\/\/www.demosmobilia.ch\/wp-content\/uploads\/2020\/07\/demosmobilia-logo-2020-230-160.png","width":230,"height":160,"caption":"demosmobilia"},"image":{"@id":"https:\/\/www.demosmobilia.ch\/fr\/#\/schema\/logo\/image\/"},"sameAs":["https:\/\/www.facebook.com\/Demos-Mobilia-1137017453131445\/","https:\/\/www.instagram.com\/demosmobilia\/"]}]}},"_links":{"self":[{"href":"https:\/\/www.demosmobilia.ch\/fr\/wp-json\/wp\/v2\/product\/78906","targetHints":{"allow":["GET"]}}],"collection":[{"href":"https:\/\/www.demosmobilia.ch\/fr\/wp-json\/wp\/v2\/product"}],"about":[{"href":"https:\/\/www.demosmobilia.ch\/fr\/wp-json\/wp\/v2\/types\/product"}],"wp:featuredmedia":[{"embeddable":true,"href":"https:\/\/www.demosmobilia.ch\/fr\/wp-json\/wp\/v2\/media\/83424"}],"wp:attachment":[{"href":"https:\/\/www.demosmobilia.ch\/fr\/wp-json\/wp\/v2\/media?parent=78906"}],"wp:term":[{"taxonomy":"product_cat","embeddable":true,"href":"https:\/\/www.demosmobilia.ch\/fr\/wp-json\/wp\/v2\/product_cat?post=78906"},{"taxonomy":"product_tag","embeddable":true,"href":"https:\/\/www.demosmobilia.ch\/fr\/wp-json\/wp\/v2\/product_tag?post=78906"}],"curies":[{"name":"wp","href":"https:\/\/api.w.org\/{rel}","templated":true}]}}