{"id":76543,"date":"2024-09-26T15:24:43","date_gmt":"2024-09-26T13:24:43","guid":{"rendered":"https:\/\/www.demosmobilia.ch\/product\/poignee-de-porte-emaillee-double-ronde-4-paires-disponibles\/"},"modified":"2026-01-17T15:55:53","modified_gmt":"2026-01-17T14:55:53","slug":"poignee-de-porte-emaillee-double-ronde-4-paires-disponibles","status":"publish","type":"product","link":"https:\/\/www.demosmobilia.ch\/fr\/product\/poignee-de-porte-emaillee-double-ronde-4-paires-disponibles\/","title":{"rendered":"Poign\u00e9es rondes \u00e9maill\u00e9es"},"content":{"rendered":"<p data-start=\"194\" data-end=\"567\">Gio Ponti (Milan, 1891\u20131979) est l\u2019un des architectes et designers italiens les plus influents du XX\u1d49 si\u00e8cle et une figure majeure du design moderne italien. \u00c0 travers son \u0153uvre, Gio Ponti associe activement architecture, arts d\u00e9coratifs et artisanat d\u2019excellence, affirmant une vision innovante fond\u00e9e sur la couleur, l\u2019exp\u00e9rimentation des mat\u00e9riaux et la recherche esth\u00e9tique. <\/p>\n<p data-start=\"569\" data-end=\"1067\">Dipl\u00f4m\u00e9 en architecture du Politecnico di Milano en 1921, Gio Ponti s\u2019impose rapidement sur la sc\u00e8ne internationale. En 1923, il participe \u00e0 la Biennale de Monza des arts d\u00e9coratifs et entame sa collaboration d\u00e9cisive avec Richard Ginori, contribuant \u00e0 renouveler le langage de la c\u00e9ramique moderne. En 1925, il remporte le Grand Prix de l\u2019Exposition internationale de Paris et fonde la revue Domus, devenue l\u2019une des publications de r\u00e9f\u00e9rence mondiales en architecture et design.  <\/p>\n<p data-start=\"1069\" data-end=\"1683\">Dans les ann\u00e9es 1930, Gio Ponti joue un r\u00f4le central dans l\u2019organisation de la Triennale de Milan et \u00e9largit son activit\u00e9 au mobilier, \u00e0 l\u2019\u00e9clairage, aux objets et \u00e0 l\u2019architecture int\u00e9rieure. C\u2019est \u00e9galement durant cette p\u00e9riode qu\u2019il d\u00e9veloppe sa collaboration embl\u00e9matique avec Paolo De Poli, ma\u00eetre de l\u2019\u00e9mail sur cuivre. Ensemble, ils explorent des surfaces lumineuses, des palettes chromatiques audacieuses et des techniques d\u2019\u00e9maillage innovantes, transformant un savoir-faire artisanal traditionnel en un langage r\u00e9solument moderne.   <\/p>\n<p data-start=\"1685\" data-end=\"2127\">Dans les ann\u00e9es 1950, Gio Ponti r\u00e9alise certaines de ses \u0153uvres architecturales les plus embl\u00e9matiques, dont l\u2019immeuble Montecatini et la tour Pirelli, affirmant son statut de ma\u00eetre du modernisme italien et du design d\u2019apr\u00e8s-guerre. Sa collaboration avec De Poli demeure un exemple majeur de la fusion entre design moderne et haute ma\u00eetrise artisanale, laissant une empreinte durable sur le design italien, les arts d\u00e9coratifs et la production moderne de l\u2019\u00e9mail. <\/p>\n","protected":false},"excerpt":{"rendered":"<p>Prix indiqu\u00e9 pour une paire<a class=\"more-link\" href=\"https:\/\/www.demosmobilia.ch\/fr\/product\/poignee-de-porte-emaillee-double-ronde-4-paires-disponibles\/\">Read More &rarr;<\/a><\/p>\n","protected":false},"featured_media":77950,"template":"","meta":{"_monsterinsights_skip_tracking":false,"_monsterinsights_sitenote_active":false,"_monsterinsights_sitenote_note":"","_monsterinsights_sitenote_category":0,"kk_blocks_editor_width":"","_kiokenblocks_attr":"","_kiokenblocks_dimensions":""},"product_cat":[4255],"product_tag":[6471],"class_list":{"0":"entry","1":"author-demosmobilia","2":"has-excerpt","3":"post-76543","4":"product","5":"type-product","6":"status-publish","7":"has-post-thumbnail","8":"product_production-de-poli","9":"product_year-2474","10":"product_nation-italie-fr","11":"product_cat-poignees","12":"product_tag-ponti-gio-fr","13":"pa_product_material-dia-12-5-x-8-5-cm-total-fr","14":"pa_product_material-metal-emaille-laiton","16":"first","17":"instock","18":"shipping-taxable","19":"product-type-simple"},"yoast_head":"<!-- This site is optimized with the Yoast SEO plugin v24.0 - https:\/\/yoast.com\/wordpress\/plugins\/seo\/ -->\n<title>Poign\u00e9es rondes \u00e9maill\u00e9es &#8211; Demosmobilia<\/title>\n<meta name=\"robots\" content=\"index, follow, max-snippet:-1, max-image-preview:large, max-video-preview:-1\" \/>\n<link rel=\"canonical\" href=\"https:\/\/www.demosmobilia.ch\/fr\/product\/poignee-de-porte-emaillee-double-ronde-4-paires-disponibles\/\" \/>\n<meta property=\"og:locale\" content=\"fr_FR\" \/>\n<meta property=\"og:type\" content=\"article\" \/>\n<meta property=\"og:title\" content=\"Poign\u00e9es rondes \u00e9maill\u00e9es &#8211; Demosmobilia\" \/>\n<meta property=\"og:description\" content=\"Prix indiqu\u00e9 pour une paireRead More &rarr;\" \/>\n<meta property=\"og:url\" content=\"https:\/\/www.demosmobilia.ch\/fr\/product\/poignee-de-porte-emaillee-double-ronde-4-paires-disponibles\/\" \/>\n<meta property=\"og:site_name\" content=\"Demosmobilia\" \/>\n<meta property=\"article:publisher\" content=\"https:\/\/www.facebook.com\/Demos-Mobilia-1137017453131445\/\" \/>\n<meta property=\"article:modified_time\" content=\"2026-01-17T14:55:53+00:00\" \/>\n<meta property=\"og:image\" content=\"https:\/\/www.demosmobilia.ch\/wp-content\/uploads\/2024\/09\/gio-ponti-de-poli-enameled-metal-round-handle-01A-4-scaled.jpg\" \/>\n\t<meta property=\"og:image:width\" content=\"2560\" \/>\n\t<meta property=\"og:image:height\" content=\"1920\" \/>\n\t<meta property=\"og:image:type\" content=\"image\/jpeg\" \/>\n<meta name=\"twitter:card\" content=\"summary_large_image\" \/>\n<meta name=\"twitter:label1\" content=\"Dur\u00e9e de lecture estim\u00e9e\" \/>\n\t<meta name=\"twitter:data1\" content=\"2 minutes\" \/>\n<script type=\"application\/ld+json\" class=\"yoast-schema-graph\">{\"@context\":\"https:\/\/schema.org\",\"@graph\":[{\"@type\":\"WebPage\",\"@id\":\"https:\/\/www.demosmobilia.ch\/fr\/product\/poignee-de-porte-emaillee-double-ronde-4-paires-disponibles\/\",\"url\":\"https:\/\/www.demosmobilia.ch\/fr\/product\/poignee-de-porte-emaillee-double-ronde-4-paires-disponibles\/\",\"name\":\"Poign\u00e9es rondes \u00e9maill\u00e9es &#8211; Demosmobilia\",\"isPartOf\":{\"@id\":\"https:\/\/www.demosmobilia.ch\/fr\/#website\"},\"primaryImageOfPage\":{\"@id\":\"https:\/\/www.demosmobilia.ch\/fr\/product\/poignee-de-porte-emaillee-double-ronde-4-paires-disponibles\/#primaryimage\"},\"image\":{\"@id\":\"https:\/\/www.demosmobilia.ch\/fr\/product\/poignee-de-porte-emaillee-double-ronde-4-paires-disponibles\/#primaryimage\"},\"thumbnailUrl\":\"https:\/\/www.demosmobilia.ch\/wp-content\/uploads\/2024\/09\/gio-ponti-de-poli-enameled-metal-round-handle-01A-4-scaled.jpg\",\"datePublished\":\"2024-09-26T13:24:43+00:00\",\"dateModified\":\"2026-01-17T14:55:53+00:00\",\"breadcrumb\":{\"@id\":\"https:\/\/www.demosmobilia.ch\/fr\/product\/poignee-de-porte-emaillee-double-ronde-4-paires-disponibles\/#breadcrumb\"},\"inLanguage\":\"fr-FR\",\"potentialAction\":[{\"@type\":\"ReadAction\",\"target\":[\"https:\/\/www.demosmobilia.ch\/fr\/product\/poignee-de-porte-emaillee-double-ronde-4-paires-disponibles\/\"]}]},{\"@type\":\"ImageObject\",\"inLanguage\":\"fr-FR\",\"@id\":\"https:\/\/www.demosmobilia.ch\/fr\/product\/poignee-de-porte-emaillee-double-ronde-4-paires-disponibles\/#primaryimage\",\"url\":\"https:\/\/www.demosmobilia.ch\/wp-content\/uploads\/2024\/09\/gio-ponti-de-poli-enameled-metal-round-handle-01A-4-scaled.jpg\",\"contentUrl\":\"https:\/\/www.demosmobilia.ch\/wp-content\/uploads\/2024\/09\/gio-ponti-de-poli-enameled-metal-round-handle-01A-4-scaled.jpg\",\"width\":2560,\"height\":1920},{\"@type\":\"BreadcrumbList\",\"@id\":\"https:\/\/www.demosmobilia.ch\/fr\/product\/poignee-de-porte-emaillee-double-ronde-4-paires-disponibles\/#breadcrumb\",\"itemListElement\":[{\"@type\":\"ListItem\",\"position\":1,\"name\":\"Home\",\"item\":\"https:\/\/www.demosmobilia.ch\/fr\/\"},{\"@type\":\"ListItem\",\"position\":2,\"name\":\"Produits\",\"item\":\"https:\/\/www.demosmobilia.ch\/fr\/shop\/\"},{\"@type\":\"ListItem\",\"position\":3,\"name\":\"Poign\u00e9es rondes \u00e9maill\u00e9es\"}]},{\"@type\":\"WebSite\",\"@id\":\"https:\/\/www.demosmobilia.ch\/fr\/#website\",\"url\":\"https:\/\/www.demosmobilia.ch\/fr\/\",\"name\":\"Demosmobilia\",\"description\":\"Vintage Mid Century Modern Design Furniture from the &#039;30s to the &#039;80s\",\"publisher\":{\"@id\":\"https:\/\/www.demosmobilia.ch\/fr\/#organization\"},\"potentialAction\":[{\"@type\":\"SearchAction\",\"target\":{\"@type\":\"EntryPoint\",\"urlTemplate\":\"https:\/\/www.demosmobilia.ch\/fr\/?s={search_term_string}\"},\"query-input\":{\"@type\":\"PropertyValueSpecification\",\"valueRequired\":true,\"valueName\":\"search_term_string\"}}],\"inLanguage\":\"fr-FR\"},{\"@type\":\"Organization\",\"@id\":\"https:\/\/www.demosmobilia.ch\/fr\/#organization\",\"name\":\"demosmobilia\",\"url\":\"https:\/\/www.demosmobilia.ch\/fr\/\",\"logo\":{\"@type\":\"ImageObject\",\"inLanguage\":\"fr-FR\",\"@id\":\"https:\/\/www.demosmobilia.ch\/fr\/#\/schema\/logo\/image\/\",\"url\":\"https:\/\/www.demosmobilia.ch\/wp-content\/uploads\/2020\/07\/demosmobilia-logo-2020-230-160.png\",\"contentUrl\":\"https:\/\/www.demosmobilia.ch\/wp-content\/uploads\/2020\/07\/demosmobilia-logo-2020-230-160.png\",\"width\":230,\"height\":160,\"caption\":\"demosmobilia\"},\"image\":{\"@id\":\"https:\/\/www.demosmobilia.ch\/fr\/#\/schema\/logo\/image\/\"},\"sameAs\":[\"https:\/\/www.facebook.com\/Demos-Mobilia-1137017453131445\/\",\"https:\/\/www.instagram.com\/demosmobilia\/\"]}]}<\/script>\n<!-- \/ Yoast SEO plugin. -->","yoast_head_json":{"title":"Poign\u00e9es rondes \u00e9maill\u00e9es &#8211; Demosmobilia","robots":{"index":"index","follow":"follow","max-snippet":"max-snippet:-1","max-image-preview":"max-image-preview:large","max-video-preview":"max-video-preview:-1"},"canonical":"https:\/\/www.demosmobilia.ch\/fr\/product\/poignee-de-porte-emaillee-double-ronde-4-paires-disponibles\/","og_locale":"fr_FR","og_type":"article","og_title":"Poign\u00e9es rondes \u00e9maill\u00e9es &#8211; Demosmobilia","og_description":"Prix indiqu\u00e9 pour une paireRead More &rarr;","og_url":"https:\/\/www.demosmobilia.ch\/fr\/product\/poignee-de-porte-emaillee-double-ronde-4-paires-disponibles\/","og_site_name":"Demosmobilia","article_publisher":"https:\/\/www.facebook.com\/Demos-Mobilia-1137017453131445\/","article_modified_time":"2026-01-17T14:55:53+00:00","og_image":[{"width":2560,"height":1920,"url":"https:\/\/www.demosmobilia.ch\/wp-content\/uploads\/2024\/09\/gio-ponti-de-poli-enameled-metal-round-handle-01A-4-scaled.jpg","type":"image\/jpeg"}],"twitter_card":"summary_large_image","twitter_misc":{"Dur\u00e9e de lecture estim\u00e9e":"2 minutes"},"schema":{"@context":"https:\/\/schema.org","@graph":[{"@type":"WebPage","@id":"https:\/\/www.demosmobilia.ch\/fr\/product\/poignee-de-porte-emaillee-double-ronde-4-paires-disponibles\/","url":"https:\/\/www.demosmobilia.ch\/fr\/product\/poignee-de-porte-emaillee-double-ronde-4-paires-disponibles\/","name":"Poign\u00e9es rondes \u00e9maill\u00e9es &#8211; Demosmobilia","isPartOf":{"@id":"https:\/\/www.demosmobilia.ch\/fr\/#website"},"primaryImageOfPage":{"@id":"https:\/\/www.demosmobilia.ch\/fr\/product\/poignee-de-porte-emaillee-double-ronde-4-paires-disponibles\/#primaryimage"},"image":{"@id":"https:\/\/www.demosmobilia.ch\/fr\/product\/poignee-de-porte-emaillee-double-ronde-4-paires-disponibles\/#primaryimage"},"thumbnailUrl":"https:\/\/www.demosmobilia.ch\/wp-content\/uploads\/2024\/09\/gio-ponti-de-poli-enameled-metal-round-handle-01A-4-scaled.jpg","datePublished":"2024-09-26T13:24:43+00:00","dateModified":"2026-01-17T14:55:53+00:00","breadcrumb":{"@id":"https:\/\/www.demosmobilia.ch\/fr\/product\/poignee-de-porte-emaillee-double-ronde-4-paires-disponibles\/#breadcrumb"},"inLanguage":"fr-FR","potentialAction":[{"@type":"ReadAction","target":["https:\/\/www.demosmobilia.ch\/fr\/product\/poignee-de-porte-emaillee-double-ronde-4-paires-disponibles\/"]}]},{"@type":"ImageObject","inLanguage":"fr-FR","@id":"https:\/\/www.demosmobilia.ch\/fr\/product\/poignee-de-porte-emaillee-double-ronde-4-paires-disponibles\/#primaryimage","url":"https:\/\/www.demosmobilia.ch\/wp-content\/uploads\/2024\/09\/gio-ponti-de-poli-enameled-metal-round-handle-01A-4-scaled.jpg","contentUrl":"https:\/\/www.demosmobilia.ch\/wp-content\/uploads\/2024\/09\/gio-ponti-de-poli-enameled-metal-round-handle-01A-4-scaled.jpg","width":2560,"height":1920},{"@type":"BreadcrumbList","@id":"https:\/\/www.demosmobilia.ch\/fr\/product\/poignee-de-porte-emaillee-double-ronde-4-paires-disponibles\/#breadcrumb","itemListElement":[{"@type":"ListItem","position":1,"name":"Home","item":"https:\/\/www.demosmobilia.ch\/fr\/"},{"@type":"ListItem","position":2,"name":"Produits","item":"https:\/\/www.demosmobilia.ch\/fr\/shop\/"},{"@type":"ListItem","position":3,"name":"Poign\u00e9es rondes \u00e9maill\u00e9es"}]},{"@type":"WebSite","@id":"https:\/\/www.demosmobilia.ch\/fr\/#website","url":"https:\/\/www.demosmobilia.ch\/fr\/","name":"Demosmobilia","description":"Vintage Mid Century Modern Design Furniture from the &#039;30s to the &#039;80s","publisher":{"@id":"https:\/\/www.demosmobilia.ch\/fr\/#organization"},"potentialAction":[{"@type":"SearchAction","target":{"@type":"EntryPoint","urlTemplate":"https:\/\/www.demosmobilia.ch\/fr\/?s={search_term_string}"},"query-input":{"@type":"PropertyValueSpecification","valueRequired":true,"valueName":"search_term_string"}}],"inLanguage":"fr-FR"},{"@type":"Organization","@id":"https:\/\/www.demosmobilia.ch\/fr\/#organization","name":"demosmobilia","url":"https:\/\/www.demosmobilia.ch\/fr\/","logo":{"@type":"ImageObject","inLanguage":"fr-FR","@id":"https:\/\/www.demosmobilia.ch\/fr\/#\/schema\/logo\/image\/","url":"https:\/\/www.demosmobilia.ch\/wp-content\/uploads\/2020\/07\/demosmobilia-logo-2020-230-160.png","contentUrl":"https:\/\/www.demosmobilia.ch\/wp-content\/uploads\/2020\/07\/demosmobilia-logo-2020-230-160.png","width":230,"height":160,"caption":"demosmobilia"},"image":{"@id":"https:\/\/www.demosmobilia.ch\/fr\/#\/schema\/logo\/image\/"},"sameAs":["https:\/\/www.facebook.com\/Demos-Mobilia-1137017453131445\/","https:\/\/www.instagram.com\/demosmobilia\/"]}]}},"_links":{"self":[{"href":"https:\/\/www.demosmobilia.ch\/fr\/wp-json\/wp\/v2\/product\/76543","targetHints":{"allow":["GET"]}}],"collection":[{"href":"https:\/\/www.demosmobilia.ch\/fr\/wp-json\/wp\/v2\/product"}],"about":[{"href":"https:\/\/www.demosmobilia.ch\/fr\/wp-json\/wp\/v2\/types\/product"}],"wp:featuredmedia":[{"embeddable":true,"href":"https:\/\/www.demosmobilia.ch\/fr\/wp-json\/wp\/v2\/media\/77950"}],"wp:attachment":[{"href":"https:\/\/www.demosmobilia.ch\/fr\/wp-json\/wp\/v2\/media?parent=76543"}],"wp:term":[{"taxonomy":"product_cat","embeddable":true,"href":"https:\/\/www.demosmobilia.ch\/fr\/wp-json\/wp\/v2\/product_cat?post=76543"},{"taxonomy":"product_tag","embeddable":true,"href":"https:\/\/www.demosmobilia.ch\/fr\/wp-json\/wp\/v2\/product_tag?post=76543"}],"curies":[{"name":"wp","href":"https:\/\/api.w.org\/{rel}","templated":true}]}}