{"id":71898,"date":"2024-03-02T13:00:23","date_gmt":"2024-03-02T12:00:23","guid":{"rendered":"https:\/\/www.demosmobilia.ch\/product\/lit-art-design-numero-de-modele-8604\/"},"modified":"2026-01-17T16:32:21","modified_gmt":"2026-01-17T15:32:21","slug":"lit-art-design-numero-de-modele-8604","status":"publish","type":"product","link":"https:\/\/www.demosmobilia.ch\/fr\/product\/lit-art-design-numero-de-modele-8604\/","title":{"rendered":"Lit Art-Design Num\u00e9ro de mod\u00e8le 8604"},"content":{"rendered":"<p data-start=\"200\" data-end=\"569\">Arnaldo Pomodoro (n\u00e9 \u00e0 Morciano di Romagna en 1926) est l\u2019un des sculpteurs italiens les plus importants de l\u2019apr\u00e8s-guerre et une figure majeure du dialogue entre art, design et architecture. Tout au long de sa carri\u00e8re, Arnaldo Pomodoro d\u00e9veloppe une recherche fond\u00e9e sur la mati\u00e8re, le signe et la structure, \u00e9tendant son langage sculptural distinctif au domaine du mobilier. <\/p>\n<p data-start=\"571\" data-end=\"958\">Dans les ann\u00e9es 1960, Arnaldo Pomodoro collabore avec Osvaldo Borsani sur des projets de design de haut niveau, associant exp\u00e9rimentation artistique et rigueur moderne. C\u2019est dans ce contexte qu\u2019il con\u00e7oit le c\u00e9l\u00e8bre lit \u00e0 t\u00eate de lit en laiton, produit par Atelier Borsani, atelier sp\u00e9cialis\u00e9 dans la cr\u00e9ation de meubles exclusifs r\u00e9alis\u00e9s en tr\u00e8s peu d\u2019exemplaires. <\/p>\n<p data-start=\"960\" data-end=\"1457\">Pour ce lit, Arnaldo Pomodoro dessine une t\u00eate de lit compos\u00e9e de formelles en laiton r\u00e9alis\u00e9es par fusion, pens\u00e9es comme des modules sculpturaux caract\u00e9ris\u00e9s par des gravures, des reliefs et des structures g\u00e9om\u00e9triques complexes. Atelier Borsani ex\u00e9cute l\u2019\u0153uvre avec une ma\u00eetrise artisanale exceptionnelle, tandis qu\u2019Osvaldo Borsani int\u00e8gre ces \u00e9l\u00e9ments artistiques dans une structure fonctionnelle et rigoureuse. Le r\u00e9sultat est une pi\u00e8ce embl\u00e9matique du design italien d\u2019apr\u00e8s-guerre, qui associe sculpture monumentale, artisanat d\u2019excellence et design moderne. <\/p>\n","protected":false},"excerpt":{"rendered":"<p>Comprend le sommier d&rsquo;origine, matelas non compris.<a class=\"more-link\" href=\"https:\/\/www.demosmobilia.ch\/fr\/product\/lit-art-design-numero-de-modele-8604\/\">Read More &rarr;<\/a><\/p>\n","protected":false},"featured_media":72054,"template":"","meta":{"_monsterinsights_skip_tracking":false,"_monsterinsights_sitenote_active":false,"_monsterinsights_sitenote_note":"","_monsterinsights_sitenote_category":0,"kk_blocks_editor_width":"","_kiokenblocks_attr":"","_kiokenblocks_dimensions":""},"product_cat":[4264],"product_tag":[6564,7086],"class_list":{"0":"entry","1":"author-demosmobilia","2":"has-excerpt","3":"post-71898","4":"product","5":"type-product","6":"status-publish","7":"has-post-thumbnail","8":"product_production-atelier-borsani-varedo","9":"product_year-2405","10":"product_nation-italie-fr","11":"product_cat-lits-et-dormeuses","12":"product_tag-borsani-osvaldo-fr","13":"product_tag-pomodoro-arnaldo-fr","14":"pa_product_dimension-182-x-198-x-ht-25-x-total-ht-115-cm-fr","15":"pa_product_material-fonte-de-bronze-fonte-de-laiton-laiton-metal-laque-metal","16":"pa_product_material-taille-du-matelas-175-x-190-cm","18":"first","19":"instock","20":"shipping-taxable","21":"purchasable","22":"product-type-simple"},"yoast_head":"<!-- This site is optimized with the Yoast SEO plugin v24.0 - https:\/\/yoast.com\/wordpress\/plugins\/seo\/ -->\n<title>Lit Art-Design Num\u00e9ro de mod\u00e8le 8604 &#8211; Demosmobilia<\/title>\n<meta name=\"robots\" content=\"index, follow, max-snippet:-1, max-image-preview:large, max-video-preview:-1\" \/>\n<link rel=\"canonical\" href=\"https:\/\/www.demosmobilia.ch\/fr\/product\/lit-art-design-numero-de-modele-8604\/\" \/>\n<meta property=\"og:locale\" content=\"fr_FR\" \/>\n<meta property=\"og:type\" content=\"article\" \/>\n<meta property=\"og:title\" content=\"Lit Art-Design Num\u00e9ro de mod\u00e8le 8604 &#8211; Demosmobilia\" \/>\n<meta property=\"og:description\" content=\"Comprend le sommier d&#039;origine, matelas non compris.Read More &rarr;\" \/>\n<meta property=\"og:url\" content=\"https:\/\/www.demosmobilia.ch\/fr\/product\/lit-art-design-numero-de-modele-8604\/\" \/>\n<meta property=\"og:site_name\" content=\"Demosmobilia\" \/>\n<meta property=\"article:publisher\" content=\"https:\/\/www.facebook.com\/Demos-Mobilia-1137017453131445\/\" \/>\n<meta property=\"article:modified_time\" content=\"2026-01-17T15:32:21+00:00\" \/>\n<meta property=\"og:image\" content=\"https:\/\/www.demosmobilia.ch\/wp-content\/uploads\/2024\/03\/arnaldo-pomoboro-osvaldo-borsani-art-bed-8604-italy1958-casting-brass-artdesign-01-1.jpg\" \/>\n\t<meta property=\"og:image:width\" content=\"1200\" \/>\n\t<meta property=\"og:image:height\" content=\"900\" \/>\n\t<meta property=\"og:image:type\" content=\"image\/jpeg\" \/>\n<meta name=\"twitter:card\" content=\"summary_large_image\" \/>\n<meta name=\"twitter:label1\" content=\"Dur\u00e9e de lecture estim\u00e9e\" \/>\n\t<meta name=\"twitter:data1\" content=\"1 minute\" \/>\n<script type=\"application\/ld+json\" class=\"yoast-schema-graph\">{\"@context\":\"https:\/\/schema.org\",\"@graph\":[{\"@type\":\"WebPage\",\"@id\":\"https:\/\/www.demosmobilia.ch\/fr\/product\/lit-art-design-numero-de-modele-8604\/\",\"url\":\"https:\/\/www.demosmobilia.ch\/fr\/product\/lit-art-design-numero-de-modele-8604\/\",\"name\":\"Lit Art-Design Num\u00e9ro de mod\u00e8le 8604 &#8211; Demosmobilia\",\"isPartOf\":{\"@id\":\"https:\/\/www.demosmobilia.ch\/fr\/#website\"},\"primaryImageOfPage\":{\"@id\":\"https:\/\/www.demosmobilia.ch\/fr\/product\/lit-art-design-numero-de-modele-8604\/#primaryimage\"},\"image\":{\"@id\":\"https:\/\/www.demosmobilia.ch\/fr\/product\/lit-art-design-numero-de-modele-8604\/#primaryimage\"},\"thumbnailUrl\":\"https:\/\/www.demosmobilia.ch\/wp-content\/uploads\/2024\/03\/arnaldo-pomoboro-osvaldo-borsani-art-bed-8604-italy1958-casting-brass-artdesign-01-1.jpg\",\"datePublished\":\"2024-03-02T12:00:23+00:00\",\"dateModified\":\"2026-01-17T15:32:21+00:00\",\"breadcrumb\":{\"@id\":\"https:\/\/www.demosmobilia.ch\/fr\/product\/lit-art-design-numero-de-modele-8604\/#breadcrumb\"},\"inLanguage\":\"fr-FR\",\"potentialAction\":[{\"@type\":\"ReadAction\",\"target\":[\"https:\/\/www.demosmobilia.ch\/fr\/product\/lit-art-design-numero-de-modele-8604\/\"]}]},{\"@type\":\"ImageObject\",\"inLanguage\":\"fr-FR\",\"@id\":\"https:\/\/www.demosmobilia.ch\/fr\/product\/lit-art-design-numero-de-modele-8604\/#primaryimage\",\"url\":\"https:\/\/www.demosmobilia.ch\/wp-content\/uploads\/2024\/03\/arnaldo-pomoboro-osvaldo-borsani-art-bed-8604-italy1958-casting-brass-artdesign-01-1.jpg\",\"contentUrl\":\"https:\/\/www.demosmobilia.ch\/wp-content\/uploads\/2024\/03\/arnaldo-pomoboro-osvaldo-borsani-art-bed-8604-italy1958-casting-brass-artdesign-01-1.jpg\",\"width\":1200,\"height\":900},{\"@type\":\"BreadcrumbList\",\"@id\":\"https:\/\/www.demosmobilia.ch\/fr\/product\/lit-art-design-numero-de-modele-8604\/#breadcrumb\",\"itemListElement\":[{\"@type\":\"ListItem\",\"position\":1,\"name\":\"Home\",\"item\":\"https:\/\/www.demosmobilia.ch\/fr\/\"},{\"@type\":\"ListItem\",\"position\":2,\"name\":\"Produits\",\"item\":\"https:\/\/www.demosmobilia.ch\/fr\/shop\/\"},{\"@type\":\"ListItem\",\"position\":3,\"name\":\"Lit Art-Design Num\u00e9ro de mod\u00e8le 8604\"}]},{\"@type\":\"WebSite\",\"@id\":\"https:\/\/www.demosmobilia.ch\/fr\/#website\",\"url\":\"https:\/\/www.demosmobilia.ch\/fr\/\",\"name\":\"Demosmobilia\",\"description\":\"Vintage Mid Century Modern Design Furniture from the &#039;30s to the &#039;80s\",\"publisher\":{\"@id\":\"https:\/\/www.demosmobilia.ch\/fr\/#organization\"},\"potentialAction\":[{\"@type\":\"SearchAction\",\"target\":{\"@type\":\"EntryPoint\",\"urlTemplate\":\"https:\/\/www.demosmobilia.ch\/fr\/?s={search_term_string}\"},\"query-input\":{\"@type\":\"PropertyValueSpecification\",\"valueRequired\":true,\"valueName\":\"search_term_string\"}}],\"inLanguage\":\"fr-FR\"},{\"@type\":\"Organization\",\"@id\":\"https:\/\/www.demosmobilia.ch\/fr\/#organization\",\"name\":\"demosmobilia\",\"url\":\"https:\/\/www.demosmobilia.ch\/fr\/\",\"logo\":{\"@type\":\"ImageObject\",\"inLanguage\":\"fr-FR\",\"@id\":\"https:\/\/www.demosmobilia.ch\/fr\/#\/schema\/logo\/image\/\",\"url\":\"https:\/\/www.demosmobilia.ch\/wp-content\/uploads\/2020\/07\/demosmobilia-logo-2020-230-160.png\",\"contentUrl\":\"https:\/\/www.demosmobilia.ch\/wp-content\/uploads\/2020\/07\/demosmobilia-logo-2020-230-160.png\",\"width\":230,\"height\":160,\"caption\":\"demosmobilia\"},\"image\":{\"@id\":\"https:\/\/www.demosmobilia.ch\/fr\/#\/schema\/logo\/image\/\"},\"sameAs\":[\"https:\/\/www.facebook.com\/Demos-Mobilia-1137017453131445\/\",\"https:\/\/www.instagram.com\/demosmobilia\/\"]}]}<\/script>\n<!-- \/ Yoast SEO plugin. -->","yoast_head_json":{"title":"Lit Art-Design Num\u00e9ro de mod\u00e8le 8604 &#8211; Demosmobilia","robots":{"index":"index","follow":"follow","max-snippet":"max-snippet:-1","max-image-preview":"max-image-preview:large","max-video-preview":"max-video-preview:-1"},"canonical":"https:\/\/www.demosmobilia.ch\/fr\/product\/lit-art-design-numero-de-modele-8604\/","og_locale":"fr_FR","og_type":"article","og_title":"Lit Art-Design Num\u00e9ro de mod\u00e8le 8604 &#8211; Demosmobilia","og_description":"Comprend le sommier d'origine, matelas non compris.Read More &rarr;","og_url":"https:\/\/www.demosmobilia.ch\/fr\/product\/lit-art-design-numero-de-modele-8604\/","og_site_name":"Demosmobilia","article_publisher":"https:\/\/www.facebook.com\/Demos-Mobilia-1137017453131445\/","article_modified_time":"2026-01-17T15:32:21+00:00","og_image":[{"width":1200,"height":900,"url":"https:\/\/www.demosmobilia.ch\/wp-content\/uploads\/2024\/03\/arnaldo-pomoboro-osvaldo-borsani-art-bed-8604-italy1958-casting-brass-artdesign-01-1.jpg","type":"image\/jpeg"}],"twitter_card":"summary_large_image","twitter_misc":{"Dur\u00e9e de lecture estim\u00e9e":"1 minute"},"schema":{"@context":"https:\/\/schema.org","@graph":[{"@type":"WebPage","@id":"https:\/\/www.demosmobilia.ch\/fr\/product\/lit-art-design-numero-de-modele-8604\/","url":"https:\/\/www.demosmobilia.ch\/fr\/product\/lit-art-design-numero-de-modele-8604\/","name":"Lit Art-Design Num\u00e9ro de mod\u00e8le 8604 &#8211; Demosmobilia","isPartOf":{"@id":"https:\/\/www.demosmobilia.ch\/fr\/#website"},"primaryImageOfPage":{"@id":"https:\/\/www.demosmobilia.ch\/fr\/product\/lit-art-design-numero-de-modele-8604\/#primaryimage"},"image":{"@id":"https:\/\/www.demosmobilia.ch\/fr\/product\/lit-art-design-numero-de-modele-8604\/#primaryimage"},"thumbnailUrl":"https:\/\/www.demosmobilia.ch\/wp-content\/uploads\/2024\/03\/arnaldo-pomoboro-osvaldo-borsani-art-bed-8604-italy1958-casting-brass-artdesign-01-1.jpg","datePublished":"2024-03-02T12:00:23+00:00","dateModified":"2026-01-17T15:32:21+00:00","breadcrumb":{"@id":"https:\/\/www.demosmobilia.ch\/fr\/product\/lit-art-design-numero-de-modele-8604\/#breadcrumb"},"inLanguage":"fr-FR","potentialAction":[{"@type":"ReadAction","target":["https:\/\/www.demosmobilia.ch\/fr\/product\/lit-art-design-numero-de-modele-8604\/"]}]},{"@type":"ImageObject","inLanguage":"fr-FR","@id":"https:\/\/www.demosmobilia.ch\/fr\/product\/lit-art-design-numero-de-modele-8604\/#primaryimage","url":"https:\/\/www.demosmobilia.ch\/wp-content\/uploads\/2024\/03\/arnaldo-pomoboro-osvaldo-borsani-art-bed-8604-italy1958-casting-brass-artdesign-01-1.jpg","contentUrl":"https:\/\/www.demosmobilia.ch\/wp-content\/uploads\/2024\/03\/arnaldo-pomoboro-osvaldo-borsani-art-bed-8604-italy1958-casting-brass-artdesign-01-1.jpg","width":1200,"height":900},{"@type":"BreadcrumbList","@id":"https:\/\/www.demosmobilia.ch\/fr\/product\/lit-art-design-numero-de-modele-8604\/#breadcrumb","itemListElement":[{"@type":"ListItem","position":1,"name":"Home","item":"https:\/\/www.demosmobilia.ch\/fr\/"},{"@type":"ListItem","position":2,"name":"Produits","item":"https:\/\/www.demosmobilia.ch\/fr\/shop\/"},{"@type":"ListItem","position":3,"name":"Lit Art-Design Num\u00e9ro de mod\u00e8le 8604"}]},{"@type":"WebSite","@id":"https:\/\/www.demosmobilia.ch\/fr\/#website","url":"https:\/\/www.demosmobilia.ch\/fr\/","name":"Demosmobilia","description":"Vintage Mid Century Modern Design Furniture from the &#039;30s to the &#039;80s","publisher":{"@id":"https:\/\/www.demosmobilia.ch\/fr\/#organization"},"potentialAction":[{"@type":"SearchAction","target":{"@type":"EntryPoint","urlTemplate":"https:\/\/www.demosmobilia.ch\/fr\/?s={search_term_string}"},"query-input":{"@type":"PropertyValueSpecification","valueRequired":true,"valueName":"search_term_string"}}],"inLanguage":"fr-FR"},{"@type":"Organization","@id":"https:\/\/www.demosmobilia.ch\/fr\/#organization","name":"demosmobilia","url":"https:\/\/www.demosmobilia.ch\/fr\/","logo":{"@type":"ImageObject","inLanguage":"fr-FR","@id":"https:\/\/www.demosmobilia.ch\/fr\/#\/schema\/logo\/image\/","url":"https:\/\/www.demosmobilia.ch\/wp-content\/uploads\/2020\/07\/demosmobilia-logo-2020-230-160.png","contentUrl":"https:\/\/www.demosmobilia.ch\/wp-content\/uploads\/2020\/07\/demosmobilia-logo-2020-230-160.png","width":230,"height":160,"caption":"demosmobilia"},"image":{"@id":"https:\/\/www.demosmobilia.ch\/fr\/#\/schema\/logo\/image\/"},"sameAs":["https:\/\/www.facebook.com\/Demos-Mobilia-1137017453131445\/","https:\/\/www.instagram.com\/demosmobilia\/"]}]}},"_links":{"self":[{"href":"https:\/\/www.demosmobilia.ch\/fr\/wp-json\/wp\/v2\/product\/71898","targetHints":{"allow":["GET"]}}],"collection":[{"href":"https:\/\/www.demosmobilia.ch\/fr\/wp-json\/wp\/v2\/product"}],"about":[{"href":"https:\/\/www.demosmobilia.ch\/fr\/wp-json\/wp\/v2\/types\/product"}],"wp:featuredmedia":[{"embeddable":true,"href":"https:\/\/www.demosmobilia.ch\/fr\/wp-json\/wp\/v2\/media\/72054"}],"wp:attachment":[{"href":"https:\/\/www.demosmobilia.ch\/fr\/wp-json\/wp\/v2\/media?parent=71898"}],"wp:term":[{"taxonomy":"product_cat","embeddable":true,"href":"https:\/\/www.demosmobilia.ch\/fr\/wp-json\/wp\/v2\/product_cat?post=71898"},{"taxonomy":"product_tag","embeddable":true,"href":"https:\/\/www.demosmobilia.ch\/fr\/wp-json\/wp\/v2\/product_tag?post=71898"}],"curies":[{"name":"wp","href":"https:\/\/api.w.org\/{rel}","templated":true}]}}