{"id":70440,"date":"2025-03-14T10:50:33","date_gmt":"2025-03-14T09:50:33","guid":{"rendered":"https:\/\/www.demosmobilia.ch\/product\/elegant-canape-incurve-en-velours-green-forest\/"},"modified":"2024-01-17T10:50:33","modified_gmt":"2024-01-17T09:50:33","slug":"elegant-canape-incurve-en-velours-green-forest","status":"publish","type":"product","link":"https:\/\/www.demosmobilia.ch\/fr\/product\/elegant-canape-incurve-en-velours-green-forest\/","title":{"rendered":"\u00c9l\u00e9gant canap\u00e9 incurv\u00e9 en velours \u00ab\u00a0Green Forest\u00a0\u00bb"},"content":{"rendered":"","protected":false},"excerpt":{"rendered":"<p><a class=\"more-link\" href=\"https:\/\/www.demosmobilia.ch\/fr\/product\/elegant-canape-incurve-en-velours-green-forest\/\">Read More &rarr;<\/a><\/p>\n","protected":false},"featured_media":70808,"template":"","meta":{"_monsterinsights_skip_tracking":false,"_monsterinsights_sitenote_active":false,"_monsterinsights_sitenote_note":"","_monsterinsights_sitenote_category":0,"kk_blocks_editor_width":"","_kiokenblocks_attr":"","_kiokenblocks_dimensions":""},"product_cat":[4267],"product_tag":[7097],"class_list":{"0":"entry","1":"author-demosmobilia","2":"post-70440","3":"product","4":"type-product","5":"status-publish","6":"has-post-thumbnail","7":"product_production-ariberto-colombo","8":"product_year-2400","9":"product_nation-italie-fr","10":"product_cat-canapes-et-canapes-lits","11":"product_tag-ico-parisi-fr","12":"pa_product_dimension-280-x-100-x-assise-ht-39-x-total-ht-89-cm","13":"pa_product_material-entierement-retapisse-en-velours-de-coton-par-redaelli-marzotto-italie","15":"first","16":"outofstock","17":"shipping-taxable","18":"purchasable","19":"product-type-simple"},"yoast_head":"<!-- This site is optimized with the Yoast SEO plugin v24.0 - https:\/\/yoast.com\/wordpress\/plugins\/seo\/ -->\n<title>\u00c9l\u00e9gant canap\u00e9 incurv\u00e9 en velours &quot;Green Forest&quot; &#8211; Demosmobilia<\/title>\n<meta name=\"robots\" content=\"index, follow, max-snippet:-1, max-image-preview:large, max-video-preview:-1\" \/>\n<link rel=\"canonical\" href=\"https:\/\/www.demosmobilia.ch\/fr\/product\/elegant-canape-incurve-en-velours-green-forest\/\" \/>\n<meta property=\"og:locale\" content=\"fr_FR\" \/>\n<meta property=\"og:type\" content=\"article\" \/>\n<meta property=\"og:title\" content=\"\u00c9l\u00e9gant canap\u00e9 incurv\u00e9 en velours &quot;Green Forest&quot; &#8211; Demosmobilia\" \/>\n<meta property=\"og:description\" content=\"Read More &rarr;\" \/>\n<meta property=\"og:url\" content=\"https:\/\/www.demosmobilia.ch\/fr\/product\/elegant-canape-incurve-en-velours-green-forest\/\" \/>\n<meta property=\"og:site_name\" content=\"Demosmobilia\" \/>\n<meta property=\"article:publisher\" content=\"https:\/\/www.facebook.com\/Demos-Mobilia-1137017453131445\/\" \/>\n<meta property=\"article:modified_time\" content=\"2024-01-17T09:50:33+00:00\" \/>\n<meta property=\"og:image\" content=\"https:\/\/www.demosmobilia.ch\/wp-content\/uploads\/2024\/01\/Ico-Parisi-ariberto-colombo-curved-oranic-sofa-oconic-design-italy-1950-01-A.jpg\" \/>\n\t<meta property=\"og:image:width\" content=\"1200\" \/>\n\t<meta property=\"og:image:height\" content=\"900\" \/>\n\t<meta property=\"og:image:type\" content=\"image\/jpeg\" \/>\n<meta name=\"twitter:card\" content=\"summary_large_image\" \/>\n<script type=\"application\/ld+json\" class=\"yoast-schema-graph\">{\"@context\":\"https:\/\/schema.org\",\"@graph\":[{\"@type\":\"WebPage\",\"@id\":\"https:\/\/www.demosmobilia.ch\/fr\/product\/elegant-canape-incurve-en-velours-green-forest\/\",\"url\":\"https:\/\/www.demosmobilia.ch\/fr\/product\/elegant-canape-incurve-en-velours-green-forest\/\",\"name\":\"\u00c9l\u00e9gant canap\u00e9 incurv\u00e9 en velours \\\"Green Forest\\\" &#8211; Demosmobilia\",\"isPartOf\":{\"@id\":\"https:\/\/www.demosmobilia.ch\/fr\/#website\"},\"primaryImageOfPage\":{\"@id\":\"https:\/\/www.demosmobilia.ch\/fr\/product\/elegant-canape-incurve-en-velours-green-forest\/#primaryimage\"},\"image\":{\"@id\":\"https:\/\/www.demosmobilia.ch\/fr\/product\/elegant-canape-incurve-en-velours-green-forest\/#primaryimage\"},\"thumbnailUrl\":\"https:\/\/www.demosmobilia.ch\/wp-content\/uploads\/2024\/01\/Ico-Parisi-ariberto-colombo-curved-oranic-sofa-oconic-design-italy-1950-01-A.jpg\",\"datePublished\":\"2025-03-14T09:50:33+00:00\",\"dateModified\":\"2024-01-17T09:50:33+00:00\",\"breadcrumb\":{\"@id\":\"https:\/\/www.demosmobilia.ch\/fr\/product\/elegant-canape-incurve-en-velours-green-forest\/#breadcrumb\"},\"inLanguage\":\"fr-FR\",\"potentialAction\":[{\"@type\":\"ReadAction\",\"target\":[\"https:\/\/www.demosmobilia.ch\/fr\/product\/elegant-canape-incurve-en-velours-green-forest\/\"]}]},{\"@type\":\"ImageObject\",\"inLanguage\":\"fr-FR\",\"@id\":\"https:\/\/www.demosmobilia.ch\/fr\/product\/elegant-canape-incurve-en-velours-green-forest\/#primaryimage\",\"url\":\"https:\/\/www.demosmobilia.ch\/wp-content\/uploads\/2024\/01\/Ico-Parisi-ariberto-colombo-curved-oranic-sofa-oconic-design-italy-1950-01-A.jpg\",\"contentUrl\":\"https:\/\/www.demosmobilia.ch\/wp-content\/uploads\/2024\/01\/Ico-Parisi-ariberto-colombo-curved-oranic-sofa-oconic-design-italy-1950-01-A.jpg\",\"width\":1200,\"height\":900},{\"@type\":\"BreadcrumbList\",\"@id\":\"https:\/\/www.demosmobilia.ch\/fr\/product\/elegant-canape-incurve-en-velours-green-forest\/#breadcrumb\",\"itemListElement\":[{\"@type\":\"ListItem\",\"position\":1,\"name\":\"Home\",\"item\":\"https:\/\/www.demosmobilia.ch\/fr\/\"},{\"@type\":\"ListItem\",\"position\":2,\"name\":\"Produits\",\"item\":\"https:\/\/www.demosmobilia.ch\/fr\/shop\/\"},{\"@type\":\"ListItem\",\"position\":3,\"name\":\"\u00c9l\u00e9gant canap\u00e9 incurv\u00e9 en velours &#8220;Green Forest&#8221;\"}]},{\"@type\":\"WebSite\",\"@id\":\"https:\/\/www.demosmobilia.ch\/fr\/#website\",\"url\":\"https:\/\/www.demosmobilia.ch\/fr\/\",\"name\":\"Demosmobilia\",\"description\":\"Vintage Mid Century Modern Design Furniture from the &#039;30s to the &#039;80s\",\"publisher\":{\"@id\":\"https:\/\/www.demosmobilia.ch\/fr\/#organization\"},\"potentialAction\":[{\"@type\":\"SearchAction\",\"target\":{\"@type\":\"EntryPoint\",\"urlTemplate\":\"https:\/\/www.demosmobilia.ch\/fr\/?s={search_term_string}\"},\"query-input\":{\"@type\":\"PropertyValueSpecification\",\"valueRequired\":true,\"valueName\":\"search_term_string\"}}],\"inLanguage\":\"fr-FR\"},{\"@type\":\"Organization\",\"@id\":\"https:\/\/www.demosmobilia.ch\/fr\/#organization\",\"name\":\"demosmobilia\",\"url\":\"https:\/\/www.demosmobilia.ch\/fr\/\",\"logo\":{\"@type\":\"ImageObject\",\"inLanguage\":\"fr-FR\",\"@id\":\"https:\/\/www.demosmobilia.ch\/fr\/#\/schema\/logo\/image\/\",\"url\":\"https:\/\/www.demosmobilia.ch\/wp-content\/uploads\/2020\/07\/demosmobilia-logo-2020-230-160.png\",\"contentUrl\":\"https:\/\/www.demosmobilia.ch\/wp-content\/uploads\/2020\/07\/demosmobilia-logo-2020-230-160.png\",\"width\":230,\"height\":160,\"caption\":\"demosmobilia\"},\"image\":{\"@id\":\"https:\/\/www.demosmobilia.ch\/fr\/#\/schema\/logo\/image\/\"},\"sameAs\":[\"https:\/\/www.facebook.com\/Demos-Mobilia-1137017453131445\/\",\"https:\/\/www.instagram.com\/demosmobilia\/\"]}]}<\/script>\n<!-- \/ Yoast SEO plugin. -->","yoast_head_json":{"title":"\u00c9l\u00e9gant canap\u00e9 incurv\u00e9 en velours \"Green Forest\" &#8211; Demosmobilia","robots":{"index":"index","follow":"follow","max-snippet":"max-snippet:-1","max-image-preview":"max-image-preview:large","max-video-preview":"max-video-preview:-1"},"canonical":"https:\/\/www.demosmobilia.ch\/fr\/product\/elegant-canape-incurve-en-velours-green-forest\/","og_locale":"fr_FR","og_type":"article","og_title":"\u00c9l\u00e9gant canap\u00e9 incurv\u00e9 en velours \"Green Forest\" &#8211; Demosmobilia","og_description":"Read More &rarr;","og_url":"https:\/\/www.demosmobilia.ch\/fr\/product\/elegant-canape-incurve-en-velours-green-forest\/","og_site_name":"Demosmobilia","article_publisher":"https:\/\/www.facebook.com\/Demos-Mobilia-1137017453131445\/","article_modified_time":"2024-01-17T09:50:33+00:00","og_image":[{"width":1200,"height":900,"url":"https:\/\/www.demosmobilia.ch\/wp-content\/uploads\/2024\/01\/Ico-Parisi-ariberto-colombo-curved-oranic-sofa-oconic-design-italy-1950-01-A.jpg","type":"image\/jpeg"}],"twitter_card":"summary_large_image","schema":{"@context":"https:\/\/schema.org","@graph":[{"@type":"WebPage","@id":"https:\/\/www.demosmobilia.ch\/fr\/product\/elegant-canape-incurve-en-velours-green-forest\/","url":"https:\/\/www.demosmobilia.ch\/fr\/product\/elegant-canape-incurve-en-velours-green-forest\/","name":"\u00c9l\u00e9gant canap\u00e9 incurv\u00e9 en velours \"Green Forest\" &#8211; Demosmobilia","isPartOf":{"@id":"https:\/\/www.demosmobilia.ch\/fr\/#website"},"primaryImageOfPage":{"@id":"https:\/\/www.demosmobilia.ch\/fr\/product\/elegant-canape-incurve-en-velours-green-forest\/#primaryimage"},"image":{"@id":"https:\/\/www.demosmobilia.ch\/fr\/product\/elegant-canape-incurve-en-velours-green-forest\/#primaryimage"},"thumbnailUrl":"https:\/\/www.demosmobilia.ch\/wp-content\/uploads\/2024\/01\/Ico-Parisi-ariberto-colombo-curved-oranic-sofa-oconic-design-italy-1950-01-A.jpg","datePublished":"2025-03-14T09:50:33+00:00","dateModified":"2024-01-17T09:50:33+00:00","breadcrumb":{"@id":"https:\/\/www.demosmobilia.ch\/fr\/product\/elegant-canape-incurve-en-velours-green-forest\/#breadcrumb"},"inLanguage":"fr-FR","potentialAction":[{"@type":"ReadAction","target":["https:\/\/www.demosmobilia.ch\/fr\/product\/elegant-canape-incurve-en-velours-green-forest\/"]}]},{"@type":"ImageObject","inLanguage":"fr-FR","@id":"https:\/\/www.demosmobilia.ch\/fr\/product\/elegant-canape-incurve-en-velours-green-forest\/#primaryimage","url":"https:\/\/www.demosmobilia.ch\/wp-content\/uploads\/2024\/01\/Ico-Parisi-ariberto-colombo-curved-oranic-sofa-oconic-design-italy-1950-01-A.jpg","contentUrl":"https:\/\/www.demosmobilia.ch\/wp-content\/uploads\/2024\/01\/Ico-Parisi-ariberto-colombo-curved-oranic-sofa-oconic-design-italy-1950-01-A.jpg","width":1200,"height":900},{"@type":"BreadcrumbList","@id":"https:\/\/www.demosmobilia.ch\/fr\/product\/elegant-canape-incurve-en-velours-green-forest\/#breadcrumb","itemListElement":[{"@type":"ListItem","position":1,"name":"Home","item":"https:\/\/www.demosmobilia.ch\/fr\/"},{"@type":"ListItem","position":2,"name":"Produits","item":"https:\/\/www.demosmobilia.ch\/fr\/shop\/"},{"@type":"ListItem","position":3,"name":"\u00c9l\u00e9gant canap\u00e9 incurv\u00e9 en velours &#8220;Green Forest&#8221;"}]},{"@type":"WebSite","@id":"https:\/\/www.demosmobilia.ch\/fr\/#website","url":"https:\/\/www.demosmobilia.ch\/fr\/","name":"Demosmobilia","description":"Vintage Mid Century Modern Design Furniture from the &#039;30s to the &#039;80s","publisher":{"@id":"https:\/\/www.demosmobilia.ch\/fr\/#organization"},"potentialAction":[{"@type":"SearchAction","target":{"@type":"EntryPoint","urlTemplate":"https:\/\/www.demosmobilia.ch\/fr\/?s={search_term_string}"},"query-input":{"@type":"PropertyValueSpecification","valueRequired":true,"valueName":"search_term_string"}}],"inLanguage":"fr-FR"},{"@type":"Organization","@id":"https:\/\/www.demosmobilia.ch\/fr\/#organization","name":"demosmobilia","url":"https:\/\/www.demosmobilia.ch\/fr\/","logo":{"@type":"ImageObject","inLanguage":"fr-FR","@id":"https:\/\/www.demosmobilia.ch\/fr\/#\/schema\/logo\/image\/","url":"https:\/\/www.demosmobilia.ch\/wp-content\/uploads\/2020\/07\/demosmobilia-logo-2020-230-160.png","contentUrl":"https:\/\/www.demosmobilia.ch\/wp-content\/uploads\/2020\/07\/demosmobilia-logo-2020-230-160.png","width":230,"height":160,"caption":"demosmobilia"},"image":{"@id":"https:\/\/www.demosmobilia.ch\/fr\/#\/schema\/logo\/image\/"},"sameAs":["https:\/\/www.facebook.com\/Demos-Mobilia-1137017453131445\/","https:\/\/www.instagram.com\/demosmobilia\/"]}]}},"_links":{"self":[{"href":"https:\/\/www.demosmobilia.ch\/fr\/wp-json\/wp\/v2\/product\/70440","targetHints":{"allow":["GET"]}}],"collection":[{"href":"https:\/\/www.demosmobilia.ch\/fr\/wp-json\/wp\/v2\/product"}],"about":[{"href":"https:\/\/www.demosmobilia.ch\/fr\/wp-json\/wp\/v2\/types\/product"}],"wp:featuredmedia":[{"embeddable":true,"href":"https:\/\/www.demosmobilia.ch\/fr\/wp-json\/wp\/v2\/media\/70808"}],"wp:attachment":[{"href":"https:\/\/www.demosmobilia.ch\/fr\/wp-json\/wp\/v2\/media?parent=70440"}],"wp:term":[{"taxonomy":"product_cat","embeddable":true,"href":"https:\/\/www.demosmobilia.ch\/fr\/wp-json\/wp\/v2\/product_cat?post=70440"},{"taxonomy":"product_tag","embeddable":true,"href":"https:\/\/www.demosmobilia.ch\/fr\/wp-json\/wp\/v2\/product_tag?post=70440"}],"curies":[{"name":"wp","href":"https:\/\/api.w.org\/{rel}","templated":true}]}}