{"id":69579,"date":"2023-11-23T08:05:21","date_gmt":"2023-11-23T07:05:21","guid":{"rendered":"https:\/\/www.demosmobilia.ch\/product\/tapipardo-nouvelle-edition-de-la-serie-tapizoo\/"},"modified":"2023-11-23T08:05:21","modified_gmt":"2023-11-23T07:05:21","slug":"tapipardo-nouvelle-edition-de-la-serie-tapizoo","status":"publish","type":"product","link":"https:\/\/www.demosmobilia.ch\/fr\/product\/tapipardo-nouvelle-edition-de-la-serie-tapizoo\/","title":{"rendered":"Tapipardo, nouvelle \u00e9dition de la s\u00e9rie Tapizoo"},"content":{"rendered":"<p>R\u00e9alis\u00e9s \u00e0 l&rsquo;origine sur un m\u00e9tier semi-m\u00e9canique, les tapis en pure laine revisit\u00e9s par Amini sont nou\u00e9s \u00e0 la main et pr\u00e9sentent un velours sculpt\u00e9 \u00e0 deux niveaux. La collection se caract\u00e9rise par quatre sujets animaliers diff\u00e9rents : le l\u00e9opard, Tapipardo, de couleur orange sur fond bleu ; le lion, Tapileo, de couleur ocre sur fond jaune ; l&rsquo;ours, Tapiorso, de couleur blanche sur fond ivoire ; le dragon, Tapidrago, de couleur verte sur fond blanc.<\/p>\n<p>Roberto Gabetti e Aimaro Isola<br \/>\nLe studio d&rsquo;architecture Gabetti &#038; Isola, actif de 1950 \u00e0 2000, est le fruit d&rsquo;une des associations professionnelles les plus prolifiques dans le panorama de l&rsquo;architecture moderne et contemporaine, reconnue au niveau national et international. La sensibilit\u00e9 pour le contexte historique et l&rsquo;attention port\u00e9e aux th\u00e8mes du paysage et de l&rsquo;environnement ont distingu\u00e9 les nombreux et c\u00e9l\u00e8bres travaux du studio. Leurs conceptions, n\u00e9es en contraste avec l&rsquo;architecture st\u00e9r\u00e9otyp\u00e9e de l&rsquo;\u00e9poque, ont donn\u00e9 lieu \u00e0 un vaste d\u00e9bat sur le rapport entre modernit\u00e9 et tradition.<\/p>\n","protected":false},"excerpt":{"rendered":"<p>Prix +TVA du pays destinataire<a class=\"more-link\" href=\"https:\/\/www.demosmobilia.ch\/fr\/product\/tapipardo-nouvelle-edition-de-la-serie-tapizoo\/\">Read More &rarr;<\/a><\/p>\n","protected":false},"featured_media":69542,"template":"","meta":{"_monsterinsights_skip_tracking":false,"_monsterinsights_sitenote_active":false,"_monsterinsights_sitenote_note":"","_monsterinsights_sitenote_category":0,"kk_blocks_editor_width":"","_kiokenblocks_attr":"","_kiokenblocks_dimensions":""},"product_cat":[4260],"product_tag":[11060],"class_list":{"0":"entry","1":"author-demosmobilia","2":"has-excerpt","3":"post-69579","4":"product","5":"type-product","6":"status-publish","7":"has-post-thumbnail","8":"product_production-amini-carpets","9":"product_year-1970-2023","10":"product_nation-italie-fr","11":"product_cat-tapis-amini","12":"product_tag-gabetti-isola-fr","13":"pa_product_dimension-250-x-200-cm-fr","14":"pa_product_material-pure-laine-nouee-a-la-main","16":"first","17":"instock","18":"featured","19":"shipping-taxable","20":"purchasable","21":"product-type-simple"},"yoast_head":"<!-- This site is optimized with the Yoast SEO plugin v24.0 - https:\/\/yoast.com\/wordpress\/plugins\/seo\/ -->\n<title>Tapipardo, nouvelle \u00e9dition de la s\u00e9rie Tapizoo &#8211; Demosmobilia<\/title>\n<meta name=\"robots\" content=\"index, follow, max-snippet:-1, max-image-preview:large, max-video-preview:-1\" \/>\n<link rel=\"canonical\" href=\"https:\/\/www.demosmobilia.ch\/fr\/product\/tapipardo-nouvelle-edition-de-la-serie-tapizoo\/\" \/>\n<meta property=\"og:locale\" content=\"fr_FR\" \/>\n<meta property=\"og:type\" content=\"article\" \/>\n<meta property=\"og:title\" content=\"Tapipardo, nouvelle \u00e9dition de la s\u00e9rie Tapizoo &#8211; Demosmobilia\" \/>\n<meta property=\"og:description\" content=\"Prix +TVA du pays destinataireRead More &rarr;\" \/>\n<meta property=\"og:url\" content=\"https:\/\/www.demosmobilia.ch\/fr\/product\/tapipardo-nouvelle-edition-de-la-serie-tapizoo\/\" \/>\n<meta property=\"og:site_name\" content=\"Demosmobilia\" \/>\n<meta property=\"article:publisher\" content=\"https:\/\/www.facebook.com\/Demos-Mobilia-1137017453131445\/\" \/>\n<meta property=\"og:image\" content=\"https:\/\/www.demosmobilia.ch\/wp-content\/uploads\/2023\/11\/01_AMINI_Tapizoo_Tapipardo_design-by-GabettiIsola.jpg\" \/>\n\t<meta property=\"og:image:width\" content=\"1200\" \/>\n\t<meta property=\"og:image:height\" content=\"900\" \/>\n\t<meta property=\"og:image:type\" content=\"image\/jpeg\" \/>\n<meta name=\"twitter:card\" content=\"summary_large_image\" \/>\n<meta name=\"twitter:label1\" content=\"Dur\u00e9e de lecture estim\u00e9e\" \/>\n\t<meta name=\"twitter:data1\" content=\"1 minute\" \/>\n<script type=\"application\/ld+json\" class=\"yoast-schema-graph\">{\"@context\":\"https:\/\/schema.org\",\"@graph\":[{\"@type\":\"WebPage\",\"@id\":\"https:\/\/www.demosmobilia.ch\/fr\/product\/tapipardo-nouvelle-edition-de-la-serie-tapizoo\/\",\"url\":\"https:\/\/www.demosmobilia.ch\/fr\/product\/tapipardo-nouvelle-edition-de-la-serie-tapizoo\/\",\"name\":\"Tapipardo, nouvelle \u00e9dition de la s\u00e9rie Tapizoo &#8211; Demosmobilia\",\"isPartOf\":{\"@id\":\"https:\/\/www.demosmobilia.ch\/fr\/#website\"},\"primaryImageOfPage\":{\"@id\":\"https:\/\/www.demosmobilia.ch\/fr\/product\/tapipardo-nouvelle-edition-de-la-serie-tapizoo\/#primaryimage\"},\"image\":{\"@id\":\"https:\/\/www.demosmobilia.ch\/fr\/product\/tapipardo-nouvelle-edition-de-la-serie-tapizoo\/#primaryimage\"},\"thumbnailUrl\":\"https:\/\/www.demosmobilia.ch\/wp-content\/uploads\/2023\/11\/01_AMINI_Tapizoo_Tapipardo_design-by-GabettiIsola.jpg\",\"datePublished\":\"2023-11-23T07:05:21+00:00\",\"dateModified\":\"2023-11-23T07:05:21+00:00\",\"breadcrumb\":{\"@id\":\"https:\/\/www.demosmobilia.ch\/fr\/product\/tapipardo-nouvelle-edition-de-la-serie-tapizoo\/#breadcrumb\"},\"inLanguage\":\"fr-FR\",\"potentialAction\":[{\"@type\":\"ReadAction\",\"target\":[\"https:\/\/www.demosmobilia.ch\/fr\/product\/tapipardo-nouvelle-edition-de-la-serie-tapizoo\/\"]}]},{\"@type\":\"ImageObject\",\"inLanguage\":\"fr-FR\",\"@id\":\"https:\/\/www.demosmobilia.ch\/fr\/product\/tapipardo-nouvelle-edition-de-la-serie-tapizoo\/#primaryimage\",\"url\":\"https:\/\/www.demosmobilia.ch\/wp-content\/uploads\/2023\/11\/01_AMINI_Tapizoo_Tapipardo_design-by-GabettiIsola.jpg\",\"contentUrl\":\"https:\/\/www.demosmobilia.ch\/wp-content\/uploads\/2023\/11\/01_AMINI_Tapizoo_Tapipardo_design-by-GabettiIsola.jpg\",\"width\":1200,\"height\":900},{\"@type\":\"BreadcrumbList\",\"@id\":\"https:\/\/www.demosmobilia.ch\/fr\/product\/tapipardo-nouvelle-edition-de-la-serie-tapizoo\/#breadcrumb\",\"itemListElement\":[{\"@type\":\"ListItem\",\"position\":1,\"name\":\"Home\",\"item\":\"https:\/\/www.demosmobilia.ch\/fr\/\"},{\"@type\":\"ListItem\",\"position\":2,\"name\":\"Produits\",\"item\":\"https:\/\/www.demosmobilia.ch\/fr\/shop\/\"},{\"@type\":\"ListItem\",\"position\":3,\"name\":\"Tapipardo, nouvelle \u00e9dition de la s\u00e9rie Tapizoo\"}]},{\"@type\":\"WebSite\",\"@id\":\"https:\/\/www.demosmobilia.ch\/fr\/#website\",\"url\":\"https:\/\/www.demosmobilia.ch\/fr\/\",\"name\":\"Demosmobilia\",\"description\":\"Vintage Mid Century Modern Design Furniture from the &#039;30s to the &#039;80s\",\"publisher\":{\"@id\":\"https:\/\/www.demosmobilia.ch\/fr\/#organization\"},\"potentialAction\":[{\"@type\":\"SearchAction\",\"target\":{\"@type\":\"EntryPoint\",\"urlTemplate\":\"https:\/\/www.demosmobilia.ch\/fr\/?s={search_term_string}\"},\"query-input\":{\"@type\":\"PropertyValueSpecification\",\"valueRequired\":true,\"valueName\":\"search_term_string\"}}],\"inLanguage\":\"fr-FR\"},{\"@type\":\"Organization\",\"@id\":\"https:\/\/www.demosmobilia.ch\/fr\/#organization\",\"name\":\"demosmobilia\",\"url\":\"https:\/\/www.demosmobilia.ch\/fr\/\",\"logo\":{\"@type\":\"ImageObject\",\"inLanguage\":\"fr-FR\",\"@id\":\"https:\/\/www.demosmobilia.ch\/fr\/#\/schema\/logo\/image\/\",\"url\":\"https:\/\/www.demosmobilia.ch\/wp-content\/uploads\/2020\/07\/demosmobilia-logo-2020-230-160.png\",\"contentUrl\":\"https:\/\/www.demosmobilia.ch\/wp-content\/uploads\/2020\/07\/demosmobilia-logo-2020-230-160.png\",\"width\":230,\"height\":160,\"caption\":\"demosmobilia\"},\"image\":{\"@id\":\"https:\/\/www.demosmobilia.ch\/fr\/#\/schema\/logo\/image\/\"},\"sameAs\":[\"https:\/\/www.facebook.com\/Demos-Mobilia-1137017453131445\/\",\"https:\/\/www.instagram.com\/demosmobilia\/\"]}]}<\/script>\n<!-- \/ Yoast SEO plugin. -->","yoast_head_json":{"title":"Tapipardo, nouvelle \u00e9dition de la s\u00e9rie Tapizoo &#8211; Demosmobilia","robots":{"index":"index","follow":"follow","max-snippet":"max-snippet:-1","max-image-preview":"max-image-preview:large","max-video-preview":"max-video-preview:-1"},"canonical":"https:\/\/www.demosmobilia.ch\/fr\/product\/tapipardo-nouvelle-edition-de-la-serie-tapizoo\/","og_locale":"fr_FR","og_type":"article","og_title":"Tapipardo, nouvelle \u00e9dition de la s\u00e9rie Tapizoo &#8211; Demosmobilia","og_description":"Prix +TVA du pays destinataireRead More &rarr;","og_url":"https:\/\/www.demosmobilia.ch\/fr\/product\/tapipardo-nouvelle-edition-de-la-serie-tapizoo\/","og_site_name":"Demosmobilia","article_publisher":"https:\/\/www.facebook.com\/Demos-Mobilia-1137017453131445\/","og_image":[{"width":1200,"height":900,"url":"https:\/\/www.demosmobilia.ch\/wp-content\/uploads\/2023\/11\/01_AMINI_Tapizoo_Tapipardo_design-by-GabettiIsola.jpg","type":"image\/jpeg"}],"twitter_card":"summary_large_image","twitter_misc":{"Dur\u00e9e de lecture estim\u00e9e":"1 minute"},"schema":{"@context":"https:\/\/schema.org","@graph":[{"@type":"WebPage","@id":"https:\/\/www.demosmobilia.ch\/fr\/product\/tapipardo-nouvelle-edition-de-la-serie-tapizoo\/","url":"https:\/\/www.demosmobilia.ch\/fr\/product\/tapipardo-nouvelle-edition-de-la-serie-tapizoo\/","name":"Tapipardo, nouvelle \u00e9dition de la s\u00e9rie Tapizoo &#8211; Demosmobilia","isPartOf":{"@id":"https:\/\/www.demosmobilia.ch\/fr\/#website"},"primaryImageOfPage":{"@id":"https:\/\/www.demosmobilia.ch\/fr\/product\/tapipardo-nouvelle-edition-de-la-serie-tapizoo\/#primaryimage"},"image":{"@id":"https:\/\/www.demosmobilia.ch\/fr\/product\/tapipardo-nouvelle-edition-de-la-serie-tapizoo\/#primaryimage"},"thumbnailUrl":"https:\/\/www.demosmobilia.ch\/wp-content\/uploads\/2023\/11\/01_AMINI_Tapizoo_Tapipardo_design-by-GabettiIsola.jpg","datePublished":"2023-11-23T07:05:21+00:00","dateModified":"2023-11-23T07:05:21+00:00","breadcrumb":{"@id":"https:\/\/www.demosmobilia.ch\/fr\/product\/tapipardo-nouvelle-edition-de-la-serie-tapizoo\/#breadcrumb"},"inLanguage":"fr-FR","potentialAction":[{"@type":"ReadAction","target":["https:\/\/www.demosmobilia.ch\/fr\/product\/tapipardo-nouvelle-edition-de-la-serie-tapizoo\/"]}]},{"@type":"ImageObject","inLanguage":"fr-FR","@id":"https:\/\/www.demosmobilia.ch\/fr\/product\/tapipardo-nouvelle-edition-de-la-serie-tapizoo\/#primaryimage","url":"https:\/\/www.demosmobilia.ch\/wp-content\/uploads\/2023\/11\/01_AMINI_Tapizoo_Tapipardo_design-by-GabettiIsola.jpg","contentUrl":"https:\/\/www.demosmobilia.ch\/wp-content\/uploads\/2023\/11\/01_AMINI_Tapizoo_Tapipardo_design-by-GabettiIsola.jpg","width":1200,"height":900},{"@type":"BreadcrumbList","@id":"https:\/\/www.demosmobilia.ch\/fr\/product\/tapipardo-nouvelle-edition-de-la-serie-tapizoo\/#breadcrumb","itemListElement":[{"@type":"ListItem","position":1,"name":"Home","item":"https:\/\/www.demosmobilia.ch\/fr\/"},{"@type":"ListItem","position":2,"name":"Produits","item":"https:\/\/www.demosmobilia.ch\/fr\/shop\/"},{"@type":"ListItem","position":3,"name":"Tapipardo, nouvelle \u00e9dition de la s\u00e9rie Tapizoo"}]},{"@type":"WebSite","@id":"https:\/\/www.demosmobilia.ch\/fr\/#website","url":"https:\/\/www.demosmobilia.ch\/fr\/","name":"Demosmobilia","description":"Vintage Mid Century Modern Design Furniture from the &#039;30s to the &#039;80s","publisher":{"@id":"https:\/\/www.demosmobilia.ch\/fr\/#organization"},"potentialAction":[{"@type":"SearchAction","target":{"@type":"EntryPoint","urlTemplate":"https:\/\/www.demosmobilia.ch\/fr\/?s={search_term_string}"},"query-input":{"@type":"PropertyValueSpecification","valueRequired":true,"valueName":"search_term_string"}}],"inLanguage":"fr-FR"},{"@type":"Organization","@id":"https:\/\/www.demosmobilia.ch\/fr\/#organization","name":"demosmobilia","url":"https:\/\/www.demosmobilia.ch\/fr\/","logo":{"@type":"ImageObject","inLanguage":"fr-FR","@id":"https:\/\/www.demosmobilia.ch\/fr\/#\/schema\/logo\/image\/","url":"https:\/\/www.demosmobilia.ch\/wp-content\/uploads\/2020\/07\/demosmobilia-logo-2020-230-160.png","contentUrl":"https:\/\/www.demosmobilia.ch\/wp-content\/uploads\/2020\/07\/demosmobilia-logo-2020-230-160.png","width":230,"height":160,"caption":"demosmobilia"},"image":{"@id":"https:\/\/www.demosmobilia.ch\/fr\/#\/schema\/logo\/image\/"},"sameAs":["https:\/\/www.facebook.com\/Demos-Mobilia-1137017453131445\/","https:\/\/www.instagram.com\/demosmobilia\/"]}]}},"_links":{"self":[{"href":"https:\/\/www.demosmobilia.ch\/fr\/wp-json\/wp\/v2\/product\/69579","targetHints":{"allow":["GET"]}}],"collection":[{"href":"https:\/\/www.demosmobilia.ch\/fr\/wp-json\/wp\/v2\/product"}],"about":[{"href":"https:\/\/www.demosmobilia.ch\/fr\/wp-json\/wp\/v2\/types\/product"}],"wp:featuredmedia":[{"embeddable":true,"href":"https:\/\/www.demosmobilia.ch\/fr\/wp-json\/wp\/v2\/media\/69542"}],"wp:attachment":[{"href":"https:\/\/www.demosmobilia.ch\/fr\/wp-json\/wp\/v2\/media?parent=69579"}],"wp:term":[{"taxonomy":"product_cat","embeddable":true,"href":"https:\/\/www.demosmobilia.ch\/fr\/wp-json\/wp\/v2\/product_cat?post=69579"},{"taxonomy":"product_tag","embeddable":true,"href":"https:\/\/www.demosmobilia.ch\/fr\/wp-json\/wp\/v2\/product_tag?post=69579"}],"curies":[{"name":"wp","href":"https:\/\/api.w.org\/{rel}","templated":true}]}}