{"id":65112,"date":"2026-02-02T07:30:29","date_gmt":"2026-02-02T06:30:29","guid":{"rendered":"https:\/\/www.demosmobilia.ch\/product\/grand-vase-en-ceramique-architectonique-mod-vesuve\/"},"modified":"2026-02-02T14:27:39","modified_gmt":"2026-02-02T13:27:39","slug":"grand-vase-architectural-en-ceramique-mod-vesuvio","status":"publish","type":"product","link":"https:\/\/www.demosmobilia.ch\/fr\/product\/grand-vase-architectural-en-ceramique-mod-vesuvio\/","title":{"rendered":"Grand vase architectural en c\u00e9ramique mod. Vesuvio"},"content":{"rendered":"<p data-start=\"135\" data-end=\"229\"><strong data-start=\"135\" data-end=\"227\">Angelo Mangiarotti \u2013 Designer Italien Iconique et Ma\u00eetre des Vases en C\u00e9ramique pour Gabbianelli<\/strong><\/p>\n<p data-start=\"231\" data-end=\"647\">Angelo Mangiarotti (1921\u20132012) \u00e9tait un architecte, designer et sculpteur italien reconnu pour sa profonde exploration des mat\u00e9riaux, des formes et de la fonctionnalit\u00e9 dans les objets du quotidien. N\u00e9 et form\u00e9 \u00e0 Milan, il obtient son dipl\u00f4me \u00e0 l\u2019\u00c9cole polytechnique de Milan en 1948 et d\u00e9veloppe une approche du design alliant rigueur architecturale et sensibilit\u00e9 artistique, appliqu\u00e9e aussi bien aux b\u00e2timents qu\u2019aux objets de design. <\/p>\n<p data-start=\"649\" data-end=\"1131\">b\u00e2timents qu\u2019aux objets de design.<br \/>Mangiarotti est particuli\u00e8rement appr\u00e9ci\u00e9 pour ses vases en c\u00e9ramique, o\u00f9 il applique la m\u00eame attention au mat\u00e9riau, \u00e0 la forme et aux proportions qui caract\u00e9rise son travail architectural. Parmi ses pi\u00e8ces les plus recherch\u00e9es figurent les vases r\u00e9alis\u00e9s pour le fabricant italien historique Gabbianelli, notamment le c\u00e9l\u00e8bre vase \u201cVesuvio\u201d, reconnaissable \u00e0 sa silhouette moderne avec base encastr\u00e9e, col cannel\u00e9, finition en c\u00e9ramique \u00e9maill\u00e9e mate et signature \u201cG\u201d au fond. <\/p>\n<p data-start=\"1133\" data-end=\"1481\">Ces vases en c\u00e9ramique \u00e9maill\u00e9e italienne allient esth\u00e9tique minimaliste, qualit\u00e9 artisanale et pr\u00e9sence sculpturale, repr\u00e9sentant des exemples embl\u00e9matiques du design italien des ann\u00e9es 1960\u20131970. Ils sont tr\u00e8s pris\u00e9s par les collectionneurs et amateurs de c\u00e9ramique vintage, incarnant parfaitement la vision de Mangiarotti : des formes fonctionnelles et artistiques \u00e0 la fois. <\/p>\n<p data-start=\"1483\" data-end=\"1776\">Au cours de sa carri\u00e8re, Mangiarotti a collabor\u00e9 avec des entreprises de design italiennes et internationales renomm\u00e9es et a re\u00e7u de nombreux prix, dont le prestigieux Compasso d\u2019Oro \u00e0 la carri\u00e8re. Son h\u00e9ritage continue d\u2019influencer les architectes, designers et collectionneurs dans le monde entier. <\/p>\n","protected":false},"excerpt":{"rendered":"<p>Angelo Mangiarotti \u2013 Designer Italien Iconique et Ma\u00eetre des Vases en C\u00e9ramique pour Gabbianelli Angelo Mangiarotti (1921\u20132012) \u00e9tait un architecte, designer et sculpteur italien reconnu pour sa profonde exploration des mat\u00e9riaux, des formes et de la fonctionnalit\u00e9 dans les objets du quotidien. N\u00e9 et form\u00e9 \u00e0 Milan, il obtient son dipl\u00f4me \u00e0 l\u2019\u00c9cole polytechnique de Milan en 1948 et d\u00e9veloppe une approche du design alliant rigueur architecturale et sensibilit\u00e9 artistique, appliqu\u00e9e aussi bien aux b\u00e2timents qu\u2019aux objets de design. b\u00e2timents qu\u2019aux objets de design.Mangiarotti est particuli\u00e8rement appr\u00e9ci\u00e9 pour ses vases en c\u00e9ramique, o\u00f9 il applique la m\u00eame attention au mat\u00e9riau, \u00e0 la forme et aux<a class=\"more-link\" href=\"https:\/\/www.demosmobilia.ch\/fr\/product\/grand-vase-architectural-en-ceramique-mod-vesuvio\/\">Read More &rarr;<\/a><\/p>\n","protected":false},"featured_media":85227,"template":"","meta":{"_monsterinsights_skip_tracking":false,"_monsterinsights_sitenote_active":false,"_monsterinsights_sitenote_note":"","_monsterinsights_sitenote_category":0,"kk_blocks_editor_width":"","_kiokenblocks_attr":"","_kiokenblocks_dimensions":""},"product_cat":[4244,4071],"product_tag":[6645],"class_list":{"0":"entry","1":"author-demosmobilia","2":"post-65112","3":"product","4":"type-product","5":"status-publish","6":"has-post-thumbnail","7":"product_production-gabbianelli","8":"product_year-1970-approx","9":"product_nation-italie-fr","10":"product_cat-bols","11":"product_cat-nouveautes","12":"product_tag-mangiarotti-angelo-fr","13":"pa_product_dimension-dia-50-x-ht-24-cm","14":"pa_product_material-ceramique","16":"first","17":"instock","18":"shipping-taxable","19":"product-type-simple"},"yoast_head":"<!-- This site is optimized with the Yoast SEO plugin v24.0 - https:\/\/yoast.com\/wordpress\/plugins\/seo\/ -->\n<title>Grand vase architectural en c\u00e9ramique mod. Vesuvio &#8211; Demosmobilia<\/title>\n<meta name=\"robots\" content=\"index, follow, max-snippet:-1, max-image-preview:large, max-video-preview:-1\" \/>\n<link rel=\"canonical\" href=\"https:\/\/www.demosmobilia.ch\/fr\/product\/grand-vase-architectural-en-ceramique-mod-vesuvio\/\" \/>\n<meta property=\"og:locale\" content=\"fr_FR\" \/>\n<meta property=\"og:type\" content=\"article\" \/>\n<meta property=\"og:title\" content=\"Grand vase architectural en c\u00e9ramique mod. Vesuvio &#8211; Demosmobilia\" \/>\n<meta property=\"og:description\" content=\"Angelo Mangiarotti \u2013 Designer Italien Iconique et Ma\u00eetre des Vases en C\u00e9ramique pour Gabbianelli Angelo Mangiarotti (1921\u20132012) \u00e9tait un architecte, designer et sculpteur italien reconnu pour sa profonde exploration des mat\u00e9riaux, des formes et de la fonctionnalit\u00e9 dans les objets du quotidien. N\u00e9 et form\u00e9 \u00e0 Milan, il obtient son dipl\u00f4me \u00e0 l\u2019\u00c9cole polytechnique de Milan en 1948 et d\u00e9veloppe une approche du design alliant rigueur architecturale et sensibilit\u00e9 artistique, appliqu\u00e9e aussi bien aux b\u00e2timents qu\u2019aux objets de design. b\u00e2timents qu\u2019aux objets de design.Mangiarotti est particuli\u00e8rement appr\u00e9ci\u00e9 pour ses vases en c\u00e9ramique, o\u00f9 il applique la m\u00eame attention au mat\u00e9riau, \u00e0 la forme et auxRead More &rarr;\" \/>\n<meta property=\"og:url\" content=\"https:\/\/www.demosmobilia.ch\/fr\/product\/grand-vase-architectural-en-ceramique-mod-vesuvio\/\" \/>\n<meta property=\"og:site_name\" content=\"Demosmobilia\" \/>\n<meta property=\"article:publisher\" content=\"https:\/\/www.facebook.com\/Demos-Mobilia-1137017453131445\/\" \/>\n<meta property=\"article:modified_time\" content=\"2026-02-02T13:27:39+00:00\" \/>\n<meta property=\"og:image\" content=\"https:\/\/www.demosmobilia.ch\/wp-content\/uploads\/2026\/02\/angelo-mangiarotti-architetto-vaso-vesuvio-gabbianelli-cermica-1970-01.jpg\" \/>\n\t<meta property=\"og:image:width\" content=\"1200\" \/>\n\t<meta property=\"og:image:height\" content=\"900\" \/>\n\t<meta property=\"og:image:type\" content=\"image\/jpeg\" \/>\n<meta name=\"twitter:card\" content=\"summary_large_image\" \/>\n<meta name=\"twitter:label1\" content=\"Dur\u00e9e de lecture estim\u00e9e\" \/>\n\t<meta name=\"twitter:data1\" content=\"1 minute\" \/>\n<script type=\"application\/ld+json\" class=\"yoast-schema-graph\">{\"@context\":\"https:\/\/schema.org\",\"@graph\":[{\"@type\":\"WebPage\",\"@id\":\"https:\/\/www.demosmobilia.ch\/fr\/product\/grand-vase-architectural-en-ceramique-mod-vesuvio\/\",\"url\":\"https:\/\/www.demosmobilia.ch\/fr\/product\/grand-vase-architectural-en-ceramique-mod-vesuvio\/\",\"name\":\"Grand vase architectural en c\u00e9ramique mod. Vesuvio &#8211; Demosmobilia\",\"isPartOf\":{\"@id\":\"https:\/\/www.demosmobilia.ch\/fr\/#website\"},\"primaryImageOfPage\":{\"@id\":\"https:\/\/www.demosmobilia.ch\/fr\/product\/grand-vase-architectural-en-ceramique-mod-vesuvio\/#primaryimage\"},\"image\":{\"@id\":\"https:\/\/www.demosmobilia.ch\/fr\/product\/grand-vase-architectural-en-ceramique-mod-vesuvio\/#primaryimage\"},\"thumbnailUrl\":\"https:\/\/www.demosmobilia.ch\/wp-content\/uploads\/2026\/02\/angelo-mangiarotti-architetto-vaso-vesuvio-gabbianelli-cermica-1970-01.jpg\",\"datePublished\":\"2026-02-02T06:30:29+00:00\",\"dateModified\":\"2026-02-02T13:27:39+00:00\",\"breadcrumb\":{\"@id\":\"https:\/\/www.demosmobilia.ch\/fr\/product\/grand-vase-architectural-en-ceramique-mod-vesuvio\/#breadcrumb\"},\"inLanguage\":\"fr-FR\",\"potentialAction\":[{\"@type\":\"ReadAction\",\"target\":[\"https:\/\/www.demosmobilia.ch\/fr\/product\/grand-vase-architectural-en-ceramique-mod-vesuvio\/\"]}]},{\"@type\":\"ImageObject\",\"inLanguage\":\"fr-FR\",\"@id\":\"https:\/\/www.demosmobilia.ch\/fr\/product\/grand-vase-architectural-en-ceramique-mod-vesuvio\/#primaryimage\",\"url\":\"https:\/\/www.demosmobilia.ch\/wp-content\/uploads\/2026\/02\/angelo-mangiarotti-architetto-vaso-vesuvio-gabbianelli-cermica-1970-01.jpg\",\"contentUrl\":\"https:\/\/www.demosmobilia.ch\/wp-content\/uploads\/2026\/02\/angelo-mangiarotti-architetto-vaso-vesuvio-gabbianelli-cermica-1970-01.jpg\",\"width\":1200,\"height\":900},{\"@type\":\"BreadcrumbList\",\"@id\":\"https:\/\/www.demosmobilia.ch\/fr\/product\/grand-vase-architectural-en-ceramique-mod-vesuvio\/#breadcrumb\",\"itemListElement\":[{\"@type\":\"ListItem\",\"position\":1,\"name\":\"Home\",\"item\":\"https:\/\/www.demosmobilia.ch\/fr\/\"},{\"@type\":\"ListItem\",\"position\":2,\"name\":\"Produits\",\"item\":\"https:\/\/www.demosmobilia.ch\/fr\/shop\/\"},{\"@type\":\"ListItem\",\"position\":3,\"name\":\"Grand vase architectural en c\u00e9ramique mod. Vesuvio\"}]},{\"@type\":\"WebSite\",\"@id\":\"https:\/\/www.demosmobilia.ch\/fr\/#website\",\"url\":\"https:\/\/www.demosmobilia.ch\/fr\/\",\"name\":\"Demosmobilia\",\"description\":\"Vintage Mid Century Modern Design Furniture from the &#039;30s to the &#039;80s\",\"publisher\":{\"@id\":\"https:\/\/www.demosmobilia.ch\/fr\/#organization\"},\"potentialAction\":[{\"@type\":\"SearchAction\",\"target\":{\"@type\":\"EntryPoint\",\"urlTemplate\":\"https:\/\/www.demosmobilia.ch\/fr\/?s={search_term_string}\"},\"query-input\":{\"@type\":\"PropertyValueSpecification\",\"valueRequired\":true,\"valueName\":\"search_term_string\"}}],\"inLanguage\":\"fr-FR\"},{\"@type\":\"Organization\",\"@id\":\"https:\/\/www.demosmobilia.ch\/fr\/#organization\",\"name\":\"demosmobilia\",\"url\":\"https:\/\/www.demosmobilia.ch\/fr\/\",\"logo\":{\"@type\":\"ImageObject\",\"inLanguage\":\"fr-FR\",\"@id\":\"https:\/\/www.demosmobilia.ch\/fr\/#\/schema\/logo\/image\/\",\"url\":\"https:\/\/www.demosmobilia.ch\/wp-content\/uploads\/2020\/07\/demosmobilia-logo-2020-230-160.png\",\"contentUrl\":\"https:\/\/www.demosmobilia.ch\/wp-content\/uploads\/2020\/07\/demosmobilia-logo-2020-230-160.png\",\"width\":230,\"height\":160,\"caption\":\"demosmobilia\"},\"image\":{\"@id\":\"https:\/\/www.demosmobilia.ch\/fr\/#\/schema\/logo\/image\/\"},\"sameAs\":[\"https:\/\/www.facebook.com\/Demos-Mobilia-1137017453131445\/\",\"https:\/\/www.instagram.com\/demosmobilia\/\"]}]}<\/script>\n<!-- \/ Yoast SEO plugin. -->","yoast_head_json":{"title":"Grand vase architectural en c\u00e9ramique mod. Vesuvio &#8211; Demosmobilia","robots":{"index":"index","follow":"follow","max-snippet":"max-snippet:-1","max-image-preview":"max-image-preview:large","max-video-preview":"max-video-preview:-1"},"canonical":"https:\/\/www.demosmobilia.ch\/fr\/product\/grand-vase-architectural-en-ceramique-mod-vesuvio\/","og_locale":"fr_FR","og_type":"article","og_title":"Grand vase architectural en c\u00e9ramique mod. Vesuvio &#8211; Demosmobilia","og_description":"Angelo Mangiarotti \u2013 Designer Italien Iconique et Ma\u00eetre des Vases en C\u00e9ramique pour Gabbianelli Angelo Mangiarotti (1921\u20132012) \u00e9tait un architecte, designer et sculpteur italien reconnu pour sa profonde exploration des mat\u00e9riaux, des formes et de la fonctionnalit\u00e9 dans les objets du quotidien. N\u00e9 et form\u00e9 \u00e0 Milan, il obtient son dipl\u00f4me \u00e0 l\u2019\u00c9cole polytechnique de Milan en 1948 et d\u00e9veloppe une approche du design alliant rigueur architecturale et sensibilit\u00e9 artistique, appliqu\u00e9e aussi bien aux b\u00e2timents qu\u2019aux objets de design. b\u00e2timents qu\u2019aux objets de design.Mangiarotti est particuli\u00e8rement appr\u00e9ci\u00e9 pour ses vases en c\u00e9ramique, o\u00f9 il applique la m\u00eame attention au mat\u00e9riau, \u00e0 la forme et auxRead More &rarr;","og_url":"https:\/\/www.demosmobilia.ch\/fr\/product\/grand-vase-architectural-en-ceramique-mod-vesuvio\/","og_site_name":"Demosmobilia","article_publisher":"https:\/\/www.facebook.com\/Demos-Mobilia-1137017453131445\/","article_modified_time":"2026-02-02T13:27:39+00:00","og_image":[{"width":1200,"height":900,"url":"https:\/\/www.demosmobilia.ch\/wp-content\/uploads\/2026\/02\/angelo-mangiarotti-architetto-vaso-vesuvio-gabbianelli-cermica-1970-01.jpg","type":"image\/jpeg"}],"twitter_card":"summary_large_image","twitter_misc":{"Dur\u00e9e de lecture estim\u00e9e":"1 minute"},"schema":{"@context":"https:\/\/schema.org","@graph":[{"@type":"WebPage","@id":"https:\/\/www.demosmobilia.ch\/fr\/product\/grand-vase-architectural-en-ceramique-mod-vesuvio\/","url":"https:\/\/www.demosmobilia.ch\/fr\/product\/grand-vase-architectural-en-ceramique-mod-vesuvio\/","name":"Grand vase architectural en c\u00e9ramique mod. Vesuvio &#8211; Demosmobilia","isPartOf":{"@id":"https:\/\/www.demosmobilia.ch\/fr\/#website"},"primaryImageOfPage":{"@id":"https:\/\/www.demosmobilia.ch\/fr\/product\/grand-vase-architectural-en-ceramique-mod-vesuvio\/#primaryimage"},"image":{"@id":"https:\/\/www.demosmobilia.ch\/fr\/product\/grand-vase-architectural-en-ceramique-mod-vesuvio\/#primaryimage"},"thumbnailUrl":"https:\/\/www.demosmobilia.ch\/wp-content\/uploads\/2026\/02\/angelo-mangiarotti-architetto-vaso-vesuvio-gabbianelli-cermica-1970-01.jpg","datePublished":"2026-02-02T06:30:29+00:00","dateModified":"2026-02-02T13:27:39+00:00","breadcrumb":{"@id":"https:\/\/www.demosmobilia.ch\/fr\/product\/grand-vase-architectural-en-ceramique-mod-vesuvio\/#breadcrumb"},"inLanguage":"fr-FR","potentialAction":[{"@type":"ReadAction","target":["https:\/\/www.demosmobilia.ch\/fr\/product\/grand-vase-architectural-en-ceramique-mod-vesuvio\/"]}]},{"@type":"ImageObject","inLanguage":"fr-FR","@id":"https:\/\/www.demosmobilia.ch\/fr\/product\/grand-vase-architectural-en-ceramique-mod-vesuvio\/#primaryimage","url":"https:\/\/www.demosmobilia.ch\/wp-content\/uploads\/2026\/02\/angelo-mangiarotti-architetto-vaso-vesuvio-gabbianelli-cermica-1970-01.jpg","contentUrl":"https:\/\/www.demosmobilia.ch\/wp-content\/uploads\/2026\/02\/angelo-mangiarotti-architetto-vaso-vesuvio-gabbianelli-cermica-1970-01.jpg","width":1200,"height":900},{"@type":"BreadcrumbList","@id":"https:\/\/www.demosmobilia.ch\/fr\/product\/grand-vase-architectural-en-ceramique-mod-vesuvio\/#breadcrumb","itemListElement":[{"@type":"ListItem","position":1,"name":"Home","item":"https:\/\/www.demosmobilia.ch\/fr\/"},{"@type":"ListItem","position":2,"name":"Produits","item":"https:\/\/www.demosmobilia.ch\/fr\/shop\/"},{"@type":"ListItem","position":3,"name":"Grand vase architectural en c\u00e9ramique mod. Vesuvio"}]},{"@type":"WebSite","@id":"https:\/\/www.demosmobilia.ch\/fr\/#website","url":"https:\/\/www.demosmobilia.ch\/fr\/","name":"Demosmobilia","description":"Vintage Mid Century Modern Design Furniture from the &#039;30s to the &#039;80s","publisher":{"@id":"https:\/\/www.demosmobilia.ch\/fr\/#organization"},"potentialAction":[{"@type":"SearchAction","target":{"@type":"EntryPoint","urlTemplate":"https:\/\/www.demosmobilia.ch\/fr\/?s={search_term_string}"},"query-input":{"@type":"PropertyValueSpecification","valueRequired":true,"valueName":"search_term_string"}}],"inLanguage":"fr-FR"},{"@type":"Organization","@id":"https:\/\/www.demosmobilia.ch\/fr\/#organization","name":"demosmobilia","url":"https:\/\/www.demosmobilia.ch\/fr\/","logo":{"@type":"ImageObject","inLanguage":"fr-FR","@id":"https:\/\/www.demosmobilia.ch\/fr\/#\/schema\/logo\/image\/","url":"https:\/\/www.demosmobilia.ch\/wp-content\/uploads\/2020\/07\/demosmobilia-logo-2020-230-160.png","contentUrl":"https:\/\/www.demosmobilia.ch\/wp-content\/uploads\/2020\/07\/demosmobilia-logo-2020-230-160.png","width":230,"height":160,"caption":"demosmobilia"},"image":{"@id":"https:\/\/www.demosmobilia.ch\/fr\/#\/schema\/logo\/image\/"},"sameAs":["https:\/\/www.facebook.com\/Demos-Mobilia-1137017453131445\/","https:\/\/www.instagram.com\/demosmobilia\/"]}]}},"_links":{"self":[{"href":"https:\/\/www.demosmobilia.ch\/fr\/wp-json\/wp\/v2\/product\/65112","targetHints":{"allow":["GET"]}}],"collection":[{"href":"https:\/\/www.demosmobilia.ch\/fr\/wp-json\/wp\/v2\/product"}],"about":[{"href":"https:\/\/www.demosmobilia.ch\/fr\/wp-json\/wp\/v2\/types\/product"}],"wp:featuredmedia":[{"embeddable":true,"href":"https:\/\/www.demosmobilia.ch\/fr\/wp-json\/wp\/v2\/media\/85227"}],"wp:attachment":[{"href":"https:\/\/www.demosmobilia.ch\/fr\/wp-json\/wp\/v2\/media?parent=65112"}],"wp:term":[{"taxonomy":"product_cat","embeddable":true,"href":"https:\/\/www.demosmobilia.ch\/fr\/wp-json\/wp\/v2\/product_cat?post=65112"},{"taxonomy":"product_tag","embeddable":true,"href":"https:\/\/www.demosmobilia.ch\/fr\/wp-json\/wp\/v2\/product_tag?post=65112"}],"curies":[{"name":"wp","href":"https:\/\/api.w.org\/{rel}","templated":true}]}}