{"id":63856,"date":"2025-10-29T11:20:33","date_gmt":"2025-10-29T10:20:33","guid":{"rendered":"https:\/\/www.demosmobilia.ch\/product\/canapes-deux-places-modernes-et-minimalistes-en-velours-rose-pale\/"},"modified":"2023-12-09T11:12:31","modified_gmt":"2023-12-09T10:12:31","slug":"canapes-deux-places-modernes-et-minimalistes-en-velours-rose-pale","status":"publish","type":"product","link":"https:\/\/www.demosmobilia.ch\/fr\/product\/canapes-deux-places-modernes-et-minimalistes-en-velours-rose-pale\/","title":{"rendered":"Canap\u00e9s deux Places Modernes et Minimalistes en Velours Rose P\u00e2le"},"content":{"rendered":"","protected":false},"excerpt":{"rendered":"<p>Prix pour 1 canap\u00e9 <a class=\"more-link\" href=\"https:\/\/www.demosmobilia.ch\/fr\/product\/canapes-deux-places-modernes-et-minimalistes-en-velours-rose-pale\/\">Read More &rarr;<\/a><\/p>\n","protected":false},"featured_media":63827,"template":"","meta":{"_monsterinsights_skip_tracking":false,"_monsterinsights_sitenote_active":false,"_monsterinsights_sitenote_note":"","_monsterinsights_sitenote_category":0,"kk_blocks_editor_width":"","_kiokenblocks_attr":"","_kiokenblocks_dimensions":""},"product_cat":[4267],"product_tag":[6666],"class_list":{"0":"entry","1":"author-demosmobilia","2":"has-excerpt","3":"post-63856","4":"product","5":"type-product","6":"status-publish","7":"has-post-thumbnail","8":"product_production-knoll-international","9":"product_year-1950-approx","10":"product_nation-usa-fr","11":"product_cat-canapes-et-canapes-lits","12":"product_tag-nelson-george-fr","13":"pa_product_dimension-142-x-76-x-assise-ht-43-x-total-ht-79-cm","14":"pa_product_material-teck-tapisserie-nouveau-tapisse-en-velours-de-coton-rose-pale-par-redaelli-gruppo-marzotto-italie-fr","16":"first","17":"outofstock","18":"shipping-taxable","19":"purchasable","20":"product-type-simple"},"yoast_head":"<!-- This site is optimized with the Yoast SEO plugin v24.0 - https:\/\/yoast.com\/wordpress\/plugins\/seo\/ -->\n<title>Canap\u00e9s deux Places Modernes et Minimalistes en Velours Rose P\u00e2le &#8211; Demosmobilia<\/title>\n<meta name=\"robots\" content=\"index, follow, max-snippet:-1, max-image-preview:large, max-video-preview:-1\" \/>\n<link rel=\"canonical\" href=\"https:\/\/www.demosmobilia.ch\/fr\/product\/canapes-deux-places-modernes-et-minimalistes-en-velours-rose-pale\/\" \/>\n<meta property=\"og:locale\" content=\"fr_FR\" \/>\n<meta property=\"og:type\" content=\"article\" \/>\n<meta property=\"og:title\" content=\"Canap\u00e9s deux Places Modernes et Minimalistes en Velours Rose P\u00e2le &#8211; Demosmobilia\" \/>\n<meta property=\"og:description\" content=\"Prix pour 1 canap\u00e9 Read More &rarr;\" \/>\n<meta property=\"og:url\" content=\"https:\/\/www.demosmobilia.ch\/fr\/product\/canapes-deux-places-modernes-et-minimalistes-en-velours-rose-pale\/\" \/>\n<meta property=\"og:site_name\" content=\"Demosmobilia\" \/>\n<meta property=\"article:publisher\" content=\"https:\/\/www.facebook.com\/Demos-Mobilia-1137017453131445\/\" \/>\n<meta property=\"article:modified_time\" content=\"2023-12-09T10:12:31+00:00\" \/>\n<meta property=\"og:image\" content=\"https:\/\/www.demosmobilia.ch\/wp-content\/uploads\/2023\/04\/1960-minimal-design-love-seats-sofa-nelson-knoll-rose-velvet-01.jpg\" \/>\n\t<meta property=\"og:image:width\" content=\"1200\" \/>\n\t<meta property=\"og:image:height\" content=\"900\" \/>\n\t<meta property=\"og:image:type\" content=\"image\/jpeg\" \/>\n<meta name=\"twitter:card\" content=\"summary_large_image\" \/>\n<script type=\"application\/ld+json\" class=\"yoast-schema-graph\">{\"@context\":\"https:\/\/schema.org\",\"@graph\":[{\"@type\":\"WebPage\",\"@id\":\"https:\/\/www.demosmobilia.ch\/fr\/product\/canapes-deux-places-modernes-et-minimalistes-en-velours-rose-pale\/\",\"url\":\"https:\/\/www.demosmobilia.ch\/fr\/product\/canapes-deux-places-modernes-et-minimalistes-en-velours-rose-pale\/\",\"name\":\"Canap\u00e9s deux Places Modernes et Minimalistes en Velours Rose P\u00e2le &#8211; Demosmobilia\",\"isPartOf\":{\"@id\":\"https:\/\/www.demosmobilia.ch\/fr\/#website\"},\"primaryImageOfPage\":{\"@id\":\"https:\/\/www.demosmobilia.ch\/fr\/product\/canapes-deux-places-modernes-et-minimalistes-en-velours-rose-pale\/#primaryimage\"},\"image\":{\"@id\":\"https:\/\/www.demosmobilia.ch\/fr\/product\/canapes-deux-places-modernes-et-minimalistes-en-velours-rose-pale\/#primaryimage\"},\"thumbnailUrl\":\"https:\/\/www.demosmobilia.ch\/wp-content\/uploads\/2023\/04\/1960-minimal-design-love-seats-sofa-nelson-knoll-rose-velvet-01.jpg\",\"datePublished\":\"2025-10-29T10:20:33+00:00\",\"dateModified\":\"2023-12-09T10:12:31+00:00\",\"breadcrumb\":{\"@id\":\"https:\/\/www.demosmobilia.ch\/fr\/product\/canapes-deux-places-modernes-et-minimalistes-en-velours-rose-pale\/#breadcrumb\"},\"inLanguage\":\"fr-FR\",\"potentialAction\":[{\"@type\":\"ReadAction\",\"target\":[\"https:\/\/www.demosmobilia.ch\/fr\/product\/canapes-deux-places-modernes-et-minimalistes-en-velours-rose-pale\/\"]}]},{\"@type\":\"ImageObject\",\"inLanguage\":\"fr-FR\",\"@id\":\"https:\/\/www.demosmobilia.ch\/fr\/product\/canapes-deux-places-modernes-et-minimalistes-en-velours-rose-pale\/#primaryimage\",\"url\":\"https:\/\/www.demosmobilia.ch\/wp-content\/uploads\/2023\/04\/1960-minimal-design-love-seats-sofa-nelson-knoll-rose-velvet-01.jpg\",\"contentUrl\":\"https:\/\/www.demosmobilia.ch\/wp-content\/uploads\/2023\/04\/1960-minimal-design-love-seats-sofa-nelson-knoll-rose-velvet-01.jpg\",\"width\":1200,\"height\":900},{\"@type\":\"BreadcrumbList\",\"@id\":\"https:\/\/www.demosmobilia.ch\/fr\/product\/canapes-deux-places-modernes-et-minimalistes-en-velours-rose-pale\/#breadcrumb\",\"itemListElement\":[{\"@type\":\"ListItem\",\"position\":1,\"name\":\"Home\",\"item\":\"https:\/\/www.demosmobilia.ch\/fr\/\"},{\"@type\":\"ListItem\",\"position\":2,\"name\":\"Produits\",\"item\":\"https:\/\/www.demosmobilia.ch\/fr\/shop\/\"},{\"@type\":\"ListItem\",\"position\":3,\"name\":\"Canap\u00e9s deux Places Modernes et Minimalistes en Velours Rose P\u00e2le\"}]},{\"@type\":\"WebSite\",\"@id\":\"https:\/\/www.demosmobilia.ch\/fr\/#website\",\"url\":\"https:\/\/www.demosmobilia.ch\/fr\/\",\"name\":\"Demosmobilia\",\"description\":\"Vintage Mid Century Modern Design Furniture from the &#039;30s to the &#039;80s\",\"publisher\":{\"@id\":\"https:\/\/www.demosmobilia.ch\/fr\/#organization\"},\"potentialAction\":[{\"@type\":\"SearchAction\",\"target\":{\"@type\":\"EntryPoint\",\"urlTemplate\":\"https:\/\/www.demosmobilia.ch\/fr\/?s={search_term_string}\"},\"query-input\":{\"@type\":\"PropertyValueSpecification\",\"valueRequired\":true,\"valueName\":\"search_term_string\"}}],\"inLanguage\":\"fr-FR\"},{\"@type\":\"Organization\",\"@id\":\"https:\/\/www.demosmobilia.ch\/fr\/#organization\",\"name\":\"demosmobilia\",\"url\":\"https:\/\/www.demosmobilia.ch\/fr\/\",\"logo\":{\"@type\":\"ImageObject\",\"inLanguage\":\"fr-FR\",\"@id\":\"https:\/\/www.demosmobilia.ch\/fr\/#\/schema\/logo\/image\/\",\"url\":\"https:\/\/www.demosmobilia.ch\/wp-content\/uploads\/2020\/07\/demosmobilia-logo-2020-230-160.png\",\"contentUrl\":\"https:\/\/www.demosmobilia.ch\/wp-content\/uploads\/2020\/07\/demosmobilia-logo-2020-230-160.png\",\"width\":230,\"height\":160,\"caption\":\"demosmobilia\"},\"image\":{\"@id\":\"https:\/\/www.demosmobilia.ch\/fr\/#\/schema\/logo\/image\/\"},\"sameAs\":[\"https:\/\/www.facebook.com\/Demos-Mobilia-1137017453131445\/\",\"https:\/\/www.instagram.com\/demosmobilia\/\"]}]}<\/script>\n<!-- \/ Yoast SEO plugin. -->","yoast_head_json":{"title":"Canap\u00e9s deux Places Modernes et Minimalistes en Velours Rose P\u00e2le &#8211; Demosmobilia","robots":{"index":"index","follow":"follow","max-snippet":"max-snippet:-1","max-image-preview":"max-image-preview:large","max-video-preview":"max-video-preview:-1"},"canonical":"https:\/\/www.demosmobilia.ch\/fr\/product\/canapes-deux-places-modernes-et-minimalistes-en-velours-rose-pale\/","og_locale":"fr_FR","og_type":"article","og_title":"Canap\u00e9s deux Places Modernes et Minimalistes en Velours Rose P\u00e2le &#8211; Demosmobilia","og_description":"Prix pour 1 canap\u00e9 Read More &rarr;","og_url":"https:\/\/www.demosmobilia.ch\/fr\/product\/canapes-deux-places-modernes-et-minimalistes-en-velours-rose-pale\/","og_site_name":"Demosmobilia","article_publisher":"https:\/\/www.facebook.com\/Demos-Mobilia-1137017453131445\/","article_modified_time":"2023-12-09T10:12:31+00:00","og_image":[{"width":1200,"height":900,"url":"https:\/\/www.demosmobilia.ch\/wp-content\/uploads\/2023\/04\/1960-minimal-design-love-seats-sofa-nelson-knoll-rose-velvet-01.jpg","type":"image\/jpeg"}],"twitter_card":"summary_large_image","schema":{"@context":"https:\/\/schema.org","@graph":[{"@type":"WebPage","@id":"https:\/\/www.demosmobilia.ch\/fr\/product\/canapes-deux-places-modernes-et-minimalistes-en-velours-rose-pale\/","url":"https:\/\/www.demosmobilia.ch\/fr\/product\/canapes-deux-places-modernes-et-minimalistes-en-velours-rose-pale\/","name":"Canap\u00e9s deux Places Modernes et Minimalistes en Velours Rose P\u00e2le &#8211; Demosmobilia","isPartOf":{"@id":"https:\/\/www.demosmobilia.ch\/fr\/#website"},"primaryImageOfPage":{"@id":"https:\/\/www.demosmobilia.ch\/fr\/product\/canapes-deux-places-modernes-et-minimalistes-en-velours-rose-pale\/#primaryimage"},"image":{"@id":"https:\/\/www.demosmobilia.ch\/fr\/product\/canapes-deux-places-modernes-et-minimalistes-en-velours-rose-pale\/#primaryimage"},"thumbnailUrl":"https:\/\/www.demosmobilia.ch\/wp-content\/uploads\/2023\/04\/1960-minimal-design-love-seats-sofa-nelson-knoll-rose-velvet-01.jpg","datePublished":"2025-10-29T10:20:33+00:00","dateModified":"2023-12-09T10:12:31+00:00","breadcrumb":{"@id":"https:\/\/www.demosmobilia.ch\/fr\/product\/canapes-deux-places-modernes-et-minimalistes-en-velours-rose-pale\/#breadcrumb"},"inLanguage":"fr-FR","potentialAction":[{"@type":"ReadAction","target":["https:\/\/www.demosmobilia.ch\/fr\/product\/canapes-deux-places-modernes-et-minimalistes-en-velours-rose-pale\/"]}]},{"@type":"ImageObject","inLanguage":"fr-FR","@id":"https:\/\/www.demosmobilia.ch\/fr\/product\/canapes-deux-places-modernes-et-minimalistes-en-velours-rose-pale\/#primaryimage","url":"https:\/\/www.demosmobilia.ch\/wp-content\/uploads\/2023\/04\/1960-minimal-design-love-seats-sofa-nelson-knoll-rose-velvet-01.jpg","contentUrl":"https:\/\/www.demosmobilia.ch\/wp-content\/uploads\/2023\/04\/1960-minimal-design-love-seats-sofa-nelson-knoll-rose-velvet-01.jpg","width":1200,"height":900},{"@type":"BreadcrumbList","@id":"https:\/\/www.demosmobilia.ch\/fr\/product\/canapes-deux-places-modernes-et-minimalistes-en-velours-rose-pale\/#breadcrumb","itemListElement":[{"@type":"ListItem","position":1,"name":"Home","item":"https:\/\/www.demosmobilia.ch\/fr\/"},{"@type":"ListItem","position":2,"name":"Produits","item":"https:\/\/www.demosmobilia.ch\/fr\/shop\/"},{"@type":"ListItem","position":3,"name":"Canap\u00e9s deux Places Modernes et Minimalistes en Velours Rose P\u00e2le"}]},{"@type":"WebSite","@id":"https:\/\/www.demosmobilia.ch\/fr\/#website","url":"https:\/\/www.demosmobilia.ch\/fr\/","name":"Demosmobilia","description":"Vintage Mid Century Modern Design Furniture from the &#039;30s to the &#039;80s","publisher":{"@id":"https:\/\/www.demosmobilia.ch\/fr\/#organization"},"potentialAction":[{"@type":"SearchAction","target":{"@type":"EntryPoint","urlTemplate":"https:\/\/www.demosmobilia.ch\/fr\/?s={search_term_string}"},"query-input":{"@type":"PropertyValueSpecification","valueRequired":true,"valueName":"search_term_string"}}],"inLanguage":"fr-FR"},{"@type":"Organization","@id":"https:\/\/www.demosmobilia.ch\/fr\/#organization","name":"demosmobilia","url":"https:\/\/www.demosmobilia.ch\/fr\/","logo":{"@type":"ImageObject","inLanguage":"fr-FR","@id":"https:\/\/www.demosmobilia.ch\/fr\/#\/schema\/logo\/image\/","url":"https:\/\/www.demosmobilia.ch\/wp-content\/uploads\/2020\/07\/demosmobilia-logo-2020-230-160.png","contentUrl":"https:\/\/www.demosmobilia.ch\/wp-content\/uploads\/2020\/07\/demosmobilia-logo-2020-230-160.png","width":230,"height":160,"caption":"demosmobilia"},"image":{"@id":"https:\/\/www.demosmobilia.ch\/fr\/#\/schema\/logo\/image\/"},"sameAs":["https:\/\/www.facebook.com\/Demos-Mobilia-1137017453131445\/","https:\/\/www.instagram.com\/demosmobilia\/"]}]}},"_links":{"self":[{"href":"https:\/\/www.demosmobilia.ch\/fr\/wp-json\/wp\/v2\/product\/63856","targetHints":{"allow":["GET"]}}],"collection":[{"href":"https:\/\/www.demosmobilia.ch\/fr\/wp-json\/wp\/v2\/product"}],"about":[{"href":"https:\/\/www.demosmobilia.ch\/fr\/wp-json\/wp\/v2\/types\/product"}],"wp:featuredmedia":[{"embeddable":true,"href":"https:\/\/www.demosmobilia.ch\/fr\/wp-json\/wp\/v2\/media\/63827"}],"wp:attachment":[{"href":"https:\/\/www.demosmobilia.ch\/fr\/wp-json\/wp\/v2\/media?parent=63856"}],"wp:term":[{"taxonomy":"product_cat","embeddable":true,"href":"https:\/\/www.demosmobilia.ch\/fr\/wp-json\/wp\/v2\/product_cat?post=63856"},{"taxonomy":"product_tag","embeddable":true,"href":"https:\/\/www.demosmobilia.ch\/fr\/wp-json\/wp\/v2\/product_tag?post=63856"}],"curies":[{"name":"wp","href":"https:\/\/api.w.org\/{rel}","templated":true}]}}