{"id":54120,"date":"2021-09-21T10:10:31","date_gmt":"2021-09-21T08:10:31","guid":{"rendered":"https:\/\/www.demosmobilia.ch\/product\/grande-sculpture-suspendue-en-ceramique-emaillee\/"},"modified":"2021-12-03T10:40:19","modified_gmt":"2021-12-03T09:40:19","slug":"grande-sculpture-suspendue-en-ceramique-emaillee","status":"publish","type":"product","link":"https:\/\/www.demosmobilia.ch\/fr\/product\/grande-sculpture-suspendue-en-ceramique-emaillee\/","title":{"rendered":"Grande Sculpture Suspendue en C\u00e9ramique \u00e9maill\u00e9e"},"content":{"rendered":"<p>Peter Voulkos \u00e9tait un artiste am\u00e9ricain d&rsquo;origine grecque. Il est connu pour ses sculptures abstraites expressionnistes en c\u00e9ramique.<\/p>\n","protected":false},"excerpt":{"rendered":"<p>Peter Voulkos \u00e9tait un artiste am\u00e9ricain d&rsquo;origine grecque. Il est connu pour ses sculptures abstraites expressionnistes en c\u00e9ramique.<a class=\"more-link\" href=\"https:\/\/www.demosmobilia.ch\/fr\/product\/grande-sculpture-suspendue-en-ceramique-emaillee\/\">Read More &rarr;<\/a><\/p>\n","protected":false},"featured_media":54091,"template":"","meta":{"_monsterinsights_skip_tracking":false,"_monsterinsights_sitenote_active":false,"_monsterinsights_sitenote_note":"","_monsterinsights_sitenote_category":0,"kk_blocks_editor_width":"","_kiokenblocks_attr":"","_kiokenblocks_dimensions":""},"product_cat":[4243,4232],"product_tag":[8032],"class_list":{"0":"entry","1":"author-demosmobilia","2":"post-54120","3":"product","4":"type-product","5":"status-publish","6":"has-post-thumbnail","7":"product_production-peter-voulkos","8":"product_year-2430","9":"product_nation-usa-fr","10":"product_cat-autres","11":"product_cat-sculptures-fr","12":"product_tag-voulkos-peter-fr","13":"pa_product_dimension-65-x-40-x-ht-75-cm-fr","14":"pa_product_dimension-sculpture-en-ceramique-dimension-dia-45-x-25-cm","15":"pa_product_material-ceramique-emaillee-et-sculptee-laiton-bambou","17":"first","18":"instock","19":"shipping-taxable","20":"purchasable","21":"product-type-simple"},"yoast_head":"<!-- This site is optimized with the Yoast SEO plugin v24.0 - https:\/\/yoast.com\/wordpress\/plugins\/seo\/ -->\n<title>Grande Sculpture Suspendue en C\u00e9ramique \u00e9maill\u00e9e &#8211; Demosmobilia<\/title>\n<meta name=\"robots\" content=\"index, follow, max-snippet:-1, max-image-preview:large, max-video-preview:-1\" \/>\n<link rel=\"canonical\" href=\"https:\/\/www.demosmobilia.ch\/fr\/product\/grande-sculpture-suspendue-en-ceramique-emaillee\/\" \/>\n<meta property=\"og:locale\" content=\"fr_FR\" \/>\n<meta property=\"og:type\" content=\"article\" \/>\n<meta property=\"og:title\" content=\"Grande Sculpture Suspendue en C\u00e9ramique \u00e9maill\u00e9e &#8211; Demosmobilia\" \/>\n<meta property=\"og:description\" content=\"Peter Voulkos \u00e9tait un artiste am\u00e9ricain d&rsquo;origine grecque. Il est connu pour ses sculptures abstraites expressionnistes en c\u00e9ramique.Read More &rarr;\" \/>\n<meta property=\"og:url\" content=\"https:\/\/www.demosmobilia.ch\/fr\/product\/grande-sculpture-suspendue-en-ceramique-emaillee\/\" \/>\n<meta property=\"og:site_name\" content=\"Demosmobilia\" \/>\n<meta property=\"article:publisher\" content=\"https:\/\/www.facebook.com\/Demos-Mobilia-1137017453131445\/\" \/>\n<meta property=\"article:modified_time\" content=\"2021-12-03T09:40:19+00:00\" \/>\n<meta property=\"og:image\" content=\"https:\/\/www.demosmobilia.ch\/wp-content\/uploads\/2021\/09\/ceramic-scuplture-lucio-fontana-style-01.jpg\" \/>\n\t<meta property=\"og:image:width\" content=\"1200\" \/>\n\t<meta property=\"og:image:height\" content=\"900\" \/>\n\t<meta property=\"og:image:type\" content=\"image\/jpeg\" \/>\n<meta name=\"twitter:card\" content=\"summary_large_image\" \/>\n<script type=\"application\/ld+json\" class=\"yoast-schema-graph\">{\"@context\":\"https:\/\/schema.org\",\"@graph\":[{\"@type\":\"WebPage\",\"@id\":\"https:\/\/www.demosmobilia.ch\/fr\/product\/grande-sculpture-suspendue-en-ceramique-emaillee\/\",\"url\":\"https:\/\/www.demosmobilia.ch\/fr\/product\/grande-sculpture-suspendue-en-ceramique-emaillee\/\",\"name\":\"Grande Sculpture Suspendue en C\u00e9ramique \u00e9maill\u00e9e &#8211; Demosmobilia\",\"isPartOf\":{\"@id\":\"https:\/\/www.demosmobilia.ch\/fr\/#website\"},\"primaryImageOfPage\":{\"@id\":\"https:\/\/www.demosmobilia.ch\/fr\/product\/grande-sculpture-suspendue-en-ceramique-emaillee\/#primaryimage\"},\"image\":{\"@id\":\"https:\/\/www.demosmobilia.ch\/fr\/product\/grande-sculpture-suspendue-en-ceramique-emaillee\/#primaryimage\"},\"thumbnailUrl\":\"https:\/\/www.demosmobilia.ch\/wp-content\/uploads\/2021\/09\/ceramic-scuplture-lucio-fontana-style-01.jpg\",\"datePublished\":\"2021-09-21T08:10:31+00:00\",\"dateModified\":\"2021-12-03T09:40:19+00:00\",\"breadcrumb\":{\"@id\":\"https:\/\/www.demosmobilia.ch\/fr\/product\/grande-sculpture-suspendue-en-ceramique-emaillee\/#breadcrumb\"},\"inLanguage\":\"fr-FR\",\"potentialAction\":[{\"@type\":\"ReadAction\",\"target\":[\"https:\/\/www.demosmobilia.ch\/fr\/product\/grande-sculpture-suspendue-en-ceramique-emaillee\/\"]}]},{\"@type\":\"ImageObject\",\"inLanguage\":\"fr-FR\",\"@id\":\"https:\/\/www.demosmobilia.ch\/fr\/product\/grande-sculpture-suspendue-en-ceramique-emaillee\/#primaryimage\",\"url\":\"https:\/\/www.demosmobilia.ch\/wp-content\/uploads\/2021\/09\/ceramic-scuplture-lucio-fontana-style-01.jpg\",\"contentUrl\":\"https:\/\/www.demosmobilia.ch\/wp-content\/uploads\/2021\/09\/ceramic-scuplture-lucio-fontana-style-01.jpg\",\"width\":1200,\"height\":900},{\"@type\":\"BreadcrumbList\",\"@id\":\"https:\/\/www.demosmobilia.ch\/fr\/product\/grande-sculpture-suspendue-en-ceramique-emaillee\/#breadcrumb\",\"itemListElement\":[{\"@type\":\"ListItem\",\"position\":1,\"name\":\"Home\",\"item\":\"https:\/\/www.demosmobilia.ch\/fr\/\"},{\"@type\":\"ListItem\",\"position\":2,\"name\":\"Produits\",\"item\":\"https:\/\/www.demosmobilia.ch\/fr\/shop\/\"},{\"@type\":\"ListItem\",\"position\":3,\"name\":\"Grande Sculpture Suspendue en C\u00e9ramique \u00e9maill\u00e9e\"}]},{\"@type\":\"WebSite\",\"@id\":\"https:\/\/www.demosmobilia.ch\/fr\/#website\",\"url\":\"https:\/\/www.demosmobilia.ch\/fr\/\",\"name\":\"Demosmobilia\",\"description\":\"Vintage Mid Century Modern Design Furniture from the &#039;30s to the &#039;80s\",\"publisher\":{\"@id\":\"https:\/\/www.demosmobilia.ch\/fr\/#organization\"},\"potentialAction\":[{\"@type\":\"SearchAction\",\"target\":{\"@type\":\"EntryPoint\",\"urlTemplate\":\"https:\/\/www.demosmobilia.ch\/fr\/?s={search_term_string}\"},\"query-input\":{\"@type\":\"PropertyValueSpecification\",\"valueRequired\":true,\"valueName\":\"search_term_string\"}}],\"inLanguage\":\"fr-FR\"},{\"@type\":\"Organization\",\"@id\":\"https:\/\/www.demosmobilia.ch\/fr\/#organization\",\"name\":\"demosmobilia\",\"url\":\"https:\/\/www.demosmobilia.ch\/fr\/\",\"logo\":{\"@type\":\"ImageObject\",\"inLanguage\":\"fr-FR\",\"@id\":\"https:\/\/www.demosmobilia.ch\/fr\/#\/schema\/logo\/image\/\",\"url\":\"https:\/\/www.demosmobilia.ch\/wp-content\/uploads\/2020\/07\/demosmobilia-logo-2020-230-160.png\",\"contentUrl\":\"https:\/\/www.demosmobilia.ch\/wp-content\/uploads\/2020\/07\/demosmobilia-logo-2020-230-160.png\",\"width\":230,\"height\":160,\"caption\":\"demosmobilia\"},\"image\":{\"@id\":\"https:\/\/www.demosmobilia.ch\/fr\/#\/schema\/logo\/image\/\"},\"sameAs\":[\"https:\/\/www.facebook.com\/Demos-Mobilia-1137017453131445\/\",\"https:\/\/www.instagram.com\/demosmobilia\/\"]}]}<\/script>\n<!-- \/ Yoast SEO plugin. -->","yoast_head_json":{"title":"Grande Sculpture Suspendue en C\u00e9ramique \u00e9maill\u00e9e &#8211; Demosmobilia","robots":{"index":"index","follow":"follow","max-snippet":"max-snippet:-1","max-image-preview":"max-image-preview:large","max-video-preview":"max-video-preview:-1"},"canonical":"https:\/\/www.demosmobilia.ch\/fr\/product\/grande-sculpture-suspendue-en-ceramique-emaillee\/","og_locale":"fr_FR","og_type":"article","og_title":"Grande Sculpture Suspendue en C\u00e9ramique \u00e9maill\u00e9e &#8211; Demosmobilia","og_description":"Peter Voulkos \u00e9tait un artiste am\u00e9ricain d&rsquo;origine grecque. Il est connu pour ses sculptures abstraites expressionnistes en c\u00e9ramique.Read More &rarr;","og_url":"https:\/\/www.demosmobilia.ch\/fr\/product\/grande-sculpture-suspendue-en-ceramique-emaillee\/","og_site_name":"Demosmobilia","article_publisher":"https:\/\/www.facebook.com\/Demos-Mobilia-1137017453131445\/","article_modified_time":"2021-12-03T09:40:19+00:00","og_image":[{"width":1200,"height":900,"url":"https:\/\/www.demosmobilia.ch\/wp-content\/uploads\/2021\/09\/ceramic-scuplture-lucio-fontana-style-01.jpg","type":"image\/jpeg"}],"twitter_card":"summary_large_image","schema":{"@context":"https:\/\/schema.org","@graph":[{"@type":"WebPage","@id":"https:\/\/www.demosmobilia.ch\/fr\/product\/grande-sculpture-suspendue-en-ceramique-emaillee\/","url":"https:\/\/www.demosmobilia.ch\/fr\/product\/grande-sculpture-suspendue-en-ceramique-emaillee\/","name":"Grande Sculpture Suspendue en C\u00e9ramique \u00e9maill\u00e9e &#8211; Demosmobilia","isPartOf":{"@id":"https:\/\/www.demosmobilia.ch\/fr\/#website"},"primaryImageOfPage":{"@id":"https:\/\/www.demosmobilia.ch\/fr\/product\/grande-sculpture-suspendue-en-ceramique-emaillee\/#primaryimage"},"image":{"@id":"https:\/\/www.demosmobilia.ch\/fr\/product\/grande-sculpture-suspendue-en-ceramique-emaillee\/#primaryimage"},"thumbnailUrl":"https:\/\/www.demosmobilia.ch\/wp-content\/uploads\/2021\/09\/ceramic-scuplture-lucio-fontana-style-01.jpg","datePublished":"2021-09-21T08:10:31+00:00","dateModified":"2021-12-03T09:40:19+00:00","breadcrumb":{"@id":"https:\/\/www.demosmobilia.ch\/fr\/product\/grande-sculpture-suspendue-en-ceramique-emaillee\/#breadcrumb"},"inLanguage":"fr-FR","potentialAction":[{"@type":"ReadAction","target":["https:\/\/www.demosmobilia.ch\/fr\/product\/grande-sculpture-suspendue-en-ceramique-emaillee\/"]}]},{"@type":"ImageObject","inLanguage":"fr-FR","@id":"https:\/\/www.demosmobilia.ch\/fr\/product\/grande-sculpture-suspendue-en-ceramique-emaillee\/#primaryimage","url":"https:\/\/www.demosmobilia.ch\/wp-content\/uploads\/2021\/09\/ceramic-scuplture-lucio-fontana-style-01.jpg","contentUrl":"https:\/\/www.demosmobilia.ch\/wp-content\/uploads\/2021\/09\/ceramic-scuplture-lucio-fontana-style-01.jpg","width":1200,"height":900},{"@type":"BreadcrumbList","@id":"https:\/\/www.demosmobilia.ch\/fr\/product\/grande-sculpture-suspendue-en-ceramique-emaillee\/#breadcrumb","itemListElement":[{"@type":"ListItem","position":1,"name":"Home","item":"https:\/\/www.demosmobilia.ch\/fr\/"},{"@type":"ListItem","position":2,"name":"Produits","item":"https:\/\/www.demosmobilia.ch\/fr\/shop\/"},{"@type":"ListItem","position":3,"name":"Grande Sculpture Suspendue en C\u00e9ramique \u00e9maill\u00e9e"}]},{"@type":"WebSite","@id":"https:\/\/www.demosmobilia.ch\/fr\/#website","url":"https:\/\/www.demosmobilia.ch\/fr\/","name":"Demosmobilia","description":"Vintage Mid Century Modern Design Furniture from the &#039;30s to the &#039;80s","publisher":{"@id":"https:\/\/www.demosmobilia.ch\/fr\/#organization"},"potentialAction":[{"@type":"SearchAction","target":{"@type":"EntryPoint","urlTemplate":"https:\/\/www.demosmobilia.ch\/fr\/?s={search_term_string}"},"query-input":{"@type":"PropertyValueSpecification","valueRequired":true,"valueName":"search_term_string"}}],"inLanguage":"fr-FR"},{"@type":"Organization","@id":"https:\/\/www.demosmobilia.ch\/fr\/#organization","name":"demosmobilia","url":"https:\/\/www.demosmobilia.ch\/fr\/","logo":{"@type":"ImageObject","inLanguage":"fr-FR","@id":"https:\/\/www.demosmobilia.ch\/fr\/#\/schema\/logo\/image\/","url":"https:\/\/www.demosmobilia.ch\/wp-content\/uploads\/2020\/07\/demosmobilia-logo-2020-230-160.png","contentUrl":"https:\/\/www.demosmobilia.ch\/wp-content\/uploads\/2020\/07\/demosmobilia-logo-2020-230-160.png","width":230,"height":160,"caption":"demosmobilia"},"image":{"@id":"https:\/\/www.demosmobilia.ch\/fr\/#\/schema\/logo\/image\/"},"sameAs":["https:\/\/www.facebook.com\/Demos-Mobilia-1137017453131445\/","https:\/\/www.instagram.com\/demosmobilia\/"]}]}},"_links":{"self":[{"href":"https:\/\/www.demosmobilia.ch\/fr\/wp-json\/wp\/v2\/product\/54120","targetHints":{"allow":["GET"]}}],"collection":[{"href":"https:\/\/www.demosmobilia.ch\/fr\/wp-json\/wp\/v2\/product"}],"about":[{"href":"https:\/\/www.demosmobilia.ch\/fr\/wp-json\/wp\/v2\/types\/product"}],"wp:featuredmedia":[{"embeddable":true,"href":"https:\/\/www.demosmobilia.ch\/fr\/wp-json\/wp\/v2\/media\/54091"}],"wp:attachment":[{"href":"https:\/\/www.demosmobilia.ch\/fr\/wp-json\/wp\/v2\/media?parent=54120"}],"wp:term":[{"taxonomy":"product_cat","embeddable":true,"href":"https:\/\/www.demosmobilia.ch\/fr\/wp-json\/wp\/v2\/product_cat?post=54120"},{"taxonomy":"product_tag","embeddable":true,"href":"https:\/\/www.demosmobilia.ch\/fr\/wp-json\/wp\/v2\/product_tag?post=54120"}],"curies":[{"name":"wp","href":"https:\/\/api.w.org\/{rel}","templated":true}]}}