{"id":52669,"date":"2022-05-24T17:00:20","date_gmt":"2022-05-24T15:00:20","guid":{"rendered":"https:\/\/www.demosmobilia.ch\/product\/9-chaises-francaises-en-bois-sculpte-et-paille-de-vienne\/"},"modified":"2022-03-08T13:37:34","modified_gmt":"2022-03-08T12:37:34","slug":"chaise-en-bois-sculpte-francais-et-en-paille-de-vienne","status":"publish","type":"product","link":"https:\/\/www.demosmobilia.ch\/fr\/product\/chaise-en-bois-sculpte-francais-et-en-paille-de-vienne\/","title":{"rendered":"Chaise en bois sculpt\u00e9 fran\u00e7ais et en paille de Vienne"},"content":{"rendered":"<p>\u00c9galement disponible 7 chaises avec accoudoirs<\/p>\n","protected":false},"excerpt":{"rendered":"<p>\u00c9galement disponible 7 chaises avec accoudoirs<a class=\"more-link\" href=\"https:\/\/www.demosmobilia.ch\/fr\/product\/chaise-en-bois-sculpte-francais-et-en-paille-de-vienne\/\">Read More &rarr;<\/a><\/p>\n","protected":false},"featured_media":52628,"template":"","meta":{"_monsterinsights_skip_tracking":false,"_monsterinsights_sitenote_active":false,"_monsterinsights_sitenote_note":"","_monsterinsights_sitenote_category":0,"kk_blocks_editor_width":"","_kiokenblocks_attr":"","_kiokenblocks_dimensions":""},"product_cat":[4266],"product_tag":[7158],"class_list":{"0":"entry","1":"author-demosmobilia","2":"post-52669","3":"product","4":"type-product","5":"status-publish","6":"has-post-thumbnail","7":"product_year-1950-approx","8":"product_nation-france-fr","9":"product_cat-chaises-fr","10":"product_tag-royere-jean-boris-style-fr","11":"pa_product_dimension-46-x-51-x-assise-ht-41-x-total-ht-80-5-cm","12":"pa_product_material-chene-massif-sculpte-paille","14":"first","15":"outofstock","16":"shipping-taxable","17":"product-type-simple"},"yoast_head":"<!-- This site is optimized with the Yoast SEO plugin v24.0 - https:\/\/yoast.com\/wordpress\/plugins\/seo\/ -->\n<title>Chaise en bois sculpt\u00e9 fran\u00e7ais et en paille de Vienne &#8211; Demosmobilia<\/title>\n<meta name=\"robots\" content=\"index, follow, max-snippet:-1, max-image-preview:large, max-video-preview:-1\" \/>\n<link rel=\"canonical\" href=\"https:\/\/www.demosmobilia.ch\/fr\/product\/chaise-en-bois-sculpte-francais-et-en-paille-de-vienne\/\" \/>\n<meta property=\"og:locale\" content=\"fr_FR\" \/>\n<meta property=\"og:type\" content=\"article\" \/>\n<meta property=\"og:title\" content=\"Chaise en bois sculpt\u00e9 fran\u00e7ais et en paille de Vienne &#8211; Demosmobilia\" \/>\n<meta property=\"og:description\" content=\"\u00c9galement disponible 7 chaises avec accoudoirsRead More &rarr;\" \/>\n<meta property=\"og:url\" content=\"https:\/\/www.demosmobilia.ch\/fr\/product\/chaise-en-bois-sculpte-francais-et-en-paille-de-vienne\/\" \/>\n<meta property=\"og:site_name\" content=\"Demosmobilia\" \/>\n<meta property=\"article:publisher\" content=\"https:\/\/www.facebook.com\/Demos-Mobilia-1137017453131445\/\" \/>\n<meta property=\"article:modified_time\" content=\"2022-03-08T12:37:34+00:00\" \/>\n<meta property=\"og:image\" content=\"https:\/\/www.demosmobilia.ch\/wp-content\/uploads\/2021\/07\/royere-oak-straw-chairs-france-decoration-01.jpg\" \/>\n\t<meta property=\"og:image:width\" content=\"1200\" \/>\n\t<meta property=\"og:image:height\" content=\"900\" \/>\n\t<meta property=\"og:image:type\" content=\"image\/jpeg\" \/>\n<meta name=\"twitter:card\" content=\"summary_large_image\" \/>\n<script type=\"application\/ld+json\" class=\"yoast-schema-graph\">{\"@context\":\"https:\/\/schema.org\",\"@graph\":[{\"@type\":\"WebPage\",\"@id\":\"https:\/\/www.demosmobilia.ch\/fr\/product\/chaise-en-bois-sculpte-francais-et-en-paille-de-vienne\/\",\"url\":\"https:\/\/www.demosmobilia.ch\/fr\/product\/chaise-en-bois-sculpte-francais-et-en-paille-de-vienne\/\",\"name\":\"Chaise en bois sculpt\u00e9 fran\u00e7ais et en paille de Vienne &#8211; Demosmobilia\",\"isPartOf\":{\"@id\":\"https:\/\/www.demosmobilia.ch\/fr\/#website\"},\"primaryImageOfPage\":{\"@id\":\"https:\/\/www.demosmobilia.ch\/fr\/product\/chaise-en-bois-sculpte-francais-et-en-paille-de-vienne\/#primaryimage\"},\"image\":{\"@id\":\"https:\/\/www.demosmobilia.ch\/fr\/product\/chaise-en-bois-sculpte-francais-et-en-paille-de-vienne\/#primaryimage\"},\"thumbnailUrl\":\"https:\/\/www.demosmobilia.ch\/wp-content\/uploads\/2021\/07\/royere-oak-straw-chairs-france-decoration-01.jpg\",\"datePublished\":\"2022-05-24T15:00:20+00:00\",\"dateModified\":\"2022-03-08T12:37:34+00:00\",\"breadcrumb\":{\"@id\":\"https:\/\/www.demosmobilia.ch\/fr\/product\/chaise-en-bois-sculpte-francais-et-en-paille-de-vienne\/#breadcrumb\"},\"inLanguage\":\"fr-FR\",\"potentialAction\":[{\"@type\":\"ReadAction\",\"target\":[\"https:\/\/www.demosmobilia.ch\/fr\/product\/chaise-en-bois-sculpte-francais-et-en-paille-de-vienne\/\"]}]},{\"@type\":\"ImageObject\",\"inLanguage\":\"fr-FR\",\"@id\":\"https:\/\/www.demosmobilia.ch\/fr\/product\/chaise-en-bois-sculpte-francais-et-en-paille-de-vienne\/#primaryimage\",\"url\":\"https:\/\/www.demosmobilia.ch\/wp-content\/uploads\/2021\/07\/royere-oak-straw-chairs-france-decoration-01.jpg\",\"contentUrl\":\"https:\/\/www.demosmobilia.ch\/wp-content\/uploads\/2021\/07\/royere-oak-straw-chairs-france-decoration-01.jpg\",\"width\":1200,\"height\":900},{\"@type\":\"BreadcrumbList\",\"@id\":\"https:\/\/www.demosmobilia.ch\/fr\/product\/chaise-en-bois-sculpte-francais-et-en-paille-de-vienne\/#breadcrumb\",\"itemListElement\":[{\"@type\":\"ListItem\",\"position\":1,\"name\":\"Home\",\"item\":\"https:\/\/www.demosmobilia.ch\/fr\/\"},{\"@type\":\"ListItem\",\"position\":2,\"name\":\"Produits\",\"item\":\"https:\/\/www.demosmobilia.ch\/fr\/shop\/\"},{\"@type\":\"ListItem\",\"position\":3,\"name\":\"Chaise en bois sculpt\u00e9 fran\u00e7ais et en paille de Vienne\"}]},{\"@type\":\"WebSite\",\"@id\":\"https:\/\/www.demosmobilia.ch\/fr\/#website\",\"url\":\"https:\/\/www.demosmobilia.ch\/fr\/\",\"name\":\"Demosmobilia\",\"description\":\"Vintage Mid Century Modern Design Furniture from the &#039;30s to the &#039;80s\",\"publisher\":{\"@id\":\"https:\/\/www.demosmobilia.ch\/fr\/#organization\"},\"potentialAction\":[{\"@type\":\"SearchAction\",\"target\":{\"@type\":\"EntryPoint\",\"urlTemplate\":\"https:\/\/www.demosmobilia.ch\/fr\/?s={search_term_string}\"},\"query-input\":{\"@type\":\"PropertyValueSpecification\",\"valueRequired\":true,\"valueName\":\"search_term_string\"}}],\"inLanguage\":\"fr-FR\"},{\"@type\":\"Organization\",\"@id\":\"https:\/\/www.demosmobilia.ch\/fr\/#organization\",\"name\":\"demosmobilia\",\"url\":\"https:\/\/www.demosmobilia.ch\/fr\/\",\"logo\":{\"@type\":\"ImageObject\",\"inLanguage\":\"fr-FR\",\"@id\":\"https:\/\/www.demosmobilia.ch\/fr\/#\/schema\/logo\/image\/\",\"url\":\"https:\/\/www.demosmobilia.ch\/wp-content\/uploads\/2020\/07\/demosmobilia-logo-2020-230-160.png\",\"contentUrl\":\"https:\/\/www.demosmobilia.ch\/wp-content\/uploads\/2020\/07\/demosmobilia-logo-2020-230-160.png\",\"width\":230,\"height\":160,\"caption\":\"demosmobilia\"},\"image\":{\"@id\":\"https:\/\/www.demosmobilia.ch\/fr\/#\/schema\/logo\/image\/\"},\"sameAs\":[\"https:\/\/www.facebook.com\/Demos-Mobilia-1137017453131445\/\",\"https:\/\/www.instagram.com\/demosmobilia\/\"]}]}<\/script>\n<!-- \/ Yoast SEO plugin. -->","yoast_head_json":{"title":"Chaise en bois sculpt\u00e9 fran\u00e7ais et en paille de Vienne &#8211; Demosmobilia","robots":{"index":"index","follow":"follow","max-snippet":"max-snippet:-1","max-image-preview":"max-image-preview:large","max-video-preview":"max-video-preview:-1"},"canonical":"https:\/\/www.demosmobilia.ch\/fr\/product\/chaise-en-bois-sculpte-francais-et-en-paille-de-vienne\/","og_locale":"fr_FR","og_type":"article","og_title":"Chaise en bois sculpt\u00e9 fran\u00e7ais et en paille de Vienne &#8211; Demosmobilia","og_description":"\u00c9galement disponible 7 chaises avec accoudoirsRead More &rarr;","og_url":"https:\/\/www.demosmobilia.ch\/fr\/product\/chaise-en-bois-sculpte-francais-et-en-paille-de-vienne\/","og_site_name":"Demosmobilia","article_publisher":"https:\/\/www.facebook.com\/Demos-Mobilia-1137017453131445\/","article_modified_time":"2022-03-08T12:37:34+00:00","og_image":[{"width":1200,"height":900,"url":"https:\/\/www.demosmobilia.ch\/wp-content\/uploads\/2021\/07\/royere-oak-straw-chairs-france-decoration-01.jpg","type":"image\/jpeg"}],"twitter_card":"summary_large_image","schema":{"@context":"https:\/\/schema.org","@graph":[{"@type":"WebPage","@id":"https:\/\/www.demosmobilia.ch\/fr\/product\/chaise-en-bois-sculpte-francais-et-en-paille-de-vienne\/","url":"https:\/\/www.demosmobilia.ch\/fr\/product\/chaise-en-bois-sculpte-francais-et-en-paille-de-vienne\/","name":"Chaise en bois sculpt\u00e9 fran\u00e7ais et en paille de Vienne &#8211; Demosmobilia","isPartOf":{"@id":"https:\/\/www.demosmobilia.ch\/fr\/#website"},"primaryImageOfPage":{"@id":"https:\/\/www.demosmobilia.ch\/fr\/product\/chaise-en-bois-sculpte-francais-et-en-paille-de-vienne\/#primaryimage"},"image":{"@id":"https:\/\/www.demosmobilia.ch\/fr\/product\/chaise-en-bois-sculpte-francais-et-en-paille-de-vienne\/#primaryimage"},"thumbnailUrl":"https:\/\/www.demosmobilia.ch\/wp-content\/uploads\/2021\/07\/royere-oak-straw-chairs-france-decoration-01.jpg","datePublished":"2022-05-24T15:00:20+00:00","dateModified":"2022-03-08T12:37:34+00:00","breadcrumb":{"@id":"https:\/\/www.demosmobilia.ch\/fr\/product\/chaise-en-bois-sculpte-francais-et-en-paille-de-vienne\/#breadcrumb"},"inLanguage":"fr-FR","potentialAction":[{"@type":"ReadAction","target":["https:\/\/www.demosmobilia.ch\/fr\/product\/chaise-en-bois-sculpte-francais-et-en-paille-de-vienne\/"]}]},{"@type":"ImageObject","inLanguage":"fr-FR","@id":"https:\/\/www.demosmobilia.ch\/fr\/product\/chaise-en-bois-sculpte-francais-et-en-paille-de-vienne\/#primaryimage","url":"https:\/\/www.demosmobilia.ch\/wp-content\/uploads\/2021\/07\/royere-oak-straw-chairs-france-decoration-01.jpg","contentUrl":"https:\/\/www.demosmobilia.ch\/wp-content\/uploads\/2021\/07\/royere-oak-straw-chairs-france-decoration-01.jpg","width":1200,"height":900},{"@type":"BreadcrumbList","@id":"https:\/\/www.demosmobilia.ch\/fr\/product\/chaise-en-bois-sculpte-francais-et-en-paille-de-vienne\/#breadcrumb","itemListElement":[{"@type":"ListItem","position":1,"name":"Home","item":"https:\/\/www.demosmobilia.ch\/fr\/"},{"@type":"ListItem","position":2,"name":"Produits","item":"https:\/\/www.demosmobilia.ch\/fr\/shop\/"},{"@type":"ListItem","position":3,"name":"Chaise en bois sculpt\u00e9 fran\u00e7ais et en paille de Vienne"}]},{"@type":"WebSite","@id":"https:\/\/www.demosmobilia.ch\/fr\/#website","url":"https:\/\/www.demosmobilia.ch\/fr\/","name":"Demosmobilia","description":"Vintage Mid Century Modern Design Furniture from the &#039;30s to the &#039;80s","publisher":{"@id":"https:\/\/www.demosmobilia.ch\/fr\/#organization"},"potentialAction":[{"@type":"SearchAction","target":{"@type":"EntryPoint","urlTemplate":"https:\/\/www.demosmobilia.ch\/fr\/?s={search_term_string}"},"query-input":{"@type":"PropertyValueSpecification","valueRequired":true,"valueName":"search_term_string"}}],"inLanguage":"fr-FR"},{"@type":"Organization","@id":"https:\/\/www.demosmobilia.ch\/fr\/#organization","name":"demosmobilia","url":"https:\/\/www.demosmobilia.ch\/fr\/","logo":{"@type":"ImageObject","inLanguage":"fr-FR","@id":"https:\/\/www.demosmobilia.ch\/fr\/#\/schema\/logo\/image\/","url":"https:\/\/www.demosmobilia.ch\/wp-content\/uploads\/2020\/07\/demosmobilia-logo-2020-230-160.png","contentUrl":"https:\/\/www.demosmobilia.ch\/wp-content\/uploads\/2020\/07\/demosmobilia-logo-2020-230-160.png","width":230,"height":160,"caption":"demosmobilia"},"image":{"@id":"https:\/\/www.demosmobilia.ch\/fr\/#\/schema\/logo\/image\/"},"sameAs":["https:\/\/www.facebook.com\/Demos-Mobilia-1137017453131445\/","https:\/\/www.instagram.com\/demosmobilia\/"]}]}},"_links":{"self":[{"href":"https:\/\/www.demosmobilia.ch\/fr\/wp-json\/wp\/v2\/product\/52669","targetHints":{"allow":["GET"]}}],"collection":[{"href":"https:\/\/www.demosmobilia.ch\/fr\/wp-json\/wp\/v2\/product"}],"about":[{"href":"https:\/\/www.demosmobilia.ch\/fr\/wp-json\/wp\/v2\/types\/product"}],"wp:featuredmedia":[{"embeddable":true,"href":"https:\/\/www.demosmobilia.ch\/fr\/wp-json\/wp\/v2\/media\/52628"}],"wp:attachment":[{"href":"https:\/\/www.demosmobilia.ch\/fr\/wp-json\/wp\/v2\/media?parent=52669"}],"wp:term":[{"taxonomy":"product_cat","embeddable":true,"href":"https:\/\/www.demosmobilia.ch\/fr\/wp-json\/wp\/v2\/product_cat?post=52669"},{"taxonomy":"product_tag","embeddable":true,"href":"https:\/\/www.demosmobilia.ch\/fr\/wp-json\/wp\/v2\/product_tag?post=52669"}],"curies":[{"name":"wp","href":"https:\/\/api.w.org\/{rel}","templated":true}]}}