{"id":50667,"date":"2016-06-22T12:00:00","date_gmt":"2016-06-22T10:00:00","guid":{"rendered":"https:\/\/www.demosmobilia.ch\/product\/taches-dhuile-vase-en-ceramique-emaillee\/"},"modified":"2014-02-10T12:00:00","modified_gmt":"2014-02-10T11:00:00","slug":"taches-dhuile-vase-en-ceramique-emaillee","status":"publish","type":"product","link":"https:\/\/www.demosmobilia.ch\/fr\/product\/taches-dhuile-vase-en-ceramique-emaillee\/","title":{"rendered":"\u00ab\u00a0Taches d&rsquo;huile\u00a0\u00bb Vase en C\u00e9ramique \u00c9maill\u00e9e"},"content":{"rendered":"<p>Pi\u00e8ce unique cr\u00e9\u00e9e en utilisant le minerai naturel trouv\u00e9 sur le territoire, sign\u00e9e par l&rsquo;artiste<br \/>\n\u00c9maill\u00e9 \u00e0 partir de minerai trouv\u00e9 dans le tunnel de Mappo Morettina Locarno, Suisse<br \/>\nDimension du vase sur la photo HT 27.9 x Dia. 12.5 cm<br \/>\nProduction sur demande<br \/>\n\u00e9galement en diff\u00e9rentes dimensions (hauteur maximale de 30 cm)<\/p>\n","protected":false},"excerpt":{"rendered":"<p>Pi\u00e8ce unique cr\u00e9\u00e9e en utilisant le minerai naturel trouv\u00e9 sur le territoire, sign\u00e9e par l&rsquo;artiste \u00c9maill\u00e9 \u00e0 partir de minerai trouv\u00e9 dans le tunnel de Mappo Morettina Locarno, Suisse Dimension du vase sur la photo HT 27.9 x Dia. 12.5 cm Production sur demande \u00e9galement en diff\u00e9rentes dimensions (hauteur maximale de 30 cm)<a class=\"more-link\" href=\"https:\/\/www.demosmobilia.ch\/fr\/product\/taches-dhuile-vase-en-ceramique-emaillee\/\">Read More &rarr;<\/a><\/p>\n","protected":false},"featured_media":50668,"template":"","meta":{"_monsterinsights_skip_tracking":false,"_monsterinsights_sitenote_active":false,"_monsterinsights_sitenote_note":"","_monsterinsights_sitenote_category":0,"kk_blocks_editor_width":"","_kiokenblocks_attr":"","_kiokenblocks_dimensions":""},"product_cat":[4244],"product_tag":[7042],"class_list":{"0":"entry","1":"author-demosmobilia","2":"post-50667","3":"product","4":"type-product","5":"status-publish","6":"has-post-thumbnail","7":"product_production-marco-mumenthaler","8":"product_year-3494","9":"product_nation-suisse-fr-3","10":"product_cat-bols","11":"product_tag-mumenthaler-marco-fr","13":"first","14":"outofstock","15":"shipping-taxable","16":"product-type-simple"},"yoast_head":"<!-- This site is optimized with the Yoast SEO plugin v24.0 - https:\/\/yoast.com\/wordpress\/plugins\/seo\/ -->\n<title>&quot;Taches d&#039;huile&quot; Vase en C\u00e9ramique \u00c9maill\u00e9e &#8211; Demosmobilia<\/title>\n<meta name=\"robots\" content=\"index, follow, max-snippet:-1, max-image-preview:large, max-video-preview:-1\" \/>\n<link rel=\"canonical\" href=\"https:\/\/www.demosmobilia.ch\/fr\/product\/taches-dhuile-vase-en-ceramique-emaillee\/\" \/>\n<meta property=\"og:locale\" content=\"fr_FR\" \/>\n<meta property=\"og:type\" content=\"article\" \/>\n<meta property=\"og:title\" content=\"&quot;Taches d&#039;huile&quot; Vase en C\u00e9ramique \u00c9maill\u00e9e &#8211; Demosmobilia\" \/>\n<meta property=\"og:description\" content=\"Pi\u00e8ce unique cr\u00e9\u00e9e en utilisant le minerai naturel trouv\u00e9 sur le territoire, sign\u00e9e par l&rsquo;artiste \u00c9maill\u00e9 \u00e0 partir de minerai trouv\u00e9 dans le tunnel de Mappo Morettina Locarno, Suisse Dimension du vase sur la photo HT 27.9 x Dia. 12.5 cm Production sur demande \u00e9galement en diff\u00e9rentes dimensions (hauteur maximale de 30 cm)Read More &rarr;\" \/>\n<meta property=\"og:url\" content=\"https:\/\/www.demosmobilia.ch\/fr\/product\/taches-dhuile-vase-en-ceramique-emaillee\/\" \/>\n<meta property=\"og:site_name\" content=\"Demosmobilia\" \/>\n<meta property=\"article:publisher\" content=\"https:\/\/www.facebook.com\/Demos-Mobilia-1137017453131445\/\" \/>\n<meta property=\"article:modified_time\" content=\"2014-02-10T11:00:00+00:00\" \/>\n<meta property=\"og:image\" content=\"https:\/\/www.demosmobilia.ch\/wp-content\/uploads\/2014\/02\/MarcoMumenthaler_smalto_MacchieDolioGalleriaMappoMorettina_02.jpg\" \/>\n\t<meta property=\"og:image:width\" content=\"600\" \/>\n\t<meta property=\"og:image:height\" content=\"450\" \/>\n\t<meta property=\"og:image:type\" content=\"image\/jpeg\" \/>\n<meta name=\"twitter:card\" content=\"summary_large_image\" \/>\n<script type=\"application\/ld+json\" class=\"yoast-schema-graph\">{\"@context\":\"https:\/\/schema.org\",\"@graph\":[{\"@type\":\"WebPage\",\"@id\":\"https:\/\/www.demosmobilia.ch\/fr\/product\/taches-dhuile-vase-en-ceramique-emaillee\/\",\"url\":\"https:\/\/www.demosmobilia.ch\/fr\/product\/taches-dhuile-vase-en-ceramique-emaillee\/\",\"name\":\"\\\"Taches d'huile\\\" Vase en C\u00e9ramique \u00c9maill\u00e9e &#8211; Demosmobilia\",\"isPartOf\":{\"@id\":\"https:\/\/www.demosmobilia.ch\/fr\/#website\"},\"primaryImageOfPage\":{\"@id\":\"https:\/\/www.demosmobilia.ch\/fr\/product\/taches-dhuile-vase-en-ceramique-emaillee\/#primaryimage\"},\"image\":{\"@id\":\"https:\/\/www.demosmobilia.ch\/fr\/product\/taches-dhuile-vase-en-ceramique-emaillee\/#primaryimage\"},\"thumbnailUrl\":\"https:\/\/www.demosmobilia.ch\/wp-content\/uploads\/2014\/02\/MarcoMumenthaler_smalto_MacchieDolioGalleriaMappoMorettina_02.jpg\",\"datePublished\":\"2016-06-22T10:00:00+00:00\",\"dateModified\":\"2014-02-10T11:00:00+00:00\",\"breadcrumb\":{\"@id\":\"https:\/\/www.demosmobilia.ch\/fr\/product\/taches-dhuile-vase-en-ceramique-emaillee\/#breadcrumb\"},\"inLanguage\":\"fr-FR\",\"potentialAction\":[{\"@type\":\"ReadAction\",\"target\":[\"https:\/\/www.demosmobilia.ch\/fr\/product\/taches-dhuile-vase-en-ceramique-emaillee\/\"]}]},{\"@type\":\"ImageObject\",\"inLanguage\":\"fr-FR\",\"@id\":\"https:\/\/www.demosmobilia.ch\/fr\/product\/taches-dhuile-vase-en-ceramique-emaillee\/#primaryimage\",\"url\":\"https:\/\/www.demosmobilia.ch\/wp-content\/uploads\/2014\/02\/MarcoMumenthaler_smalto_MacchieDolioGalleriaMappoMorettina_02.jpg\",\"contentUrl\":\"https:\/\/www.demosmobilia.ch\/wp-content\/uploads\/2014\/02\/MarcoMumenthaler_smalto_MacchieDolioGalleriaMappoMorettina_02.jpg\",\"width\":600,\"height\":450},{\"@type\":\"BreadcrumbList\",\"@id\":\"https:\/\/www.demosmobilia.ch\/fr\/product\/taches-dhuile-vase-en-ceramique-emaillee\/#breadcrumb\",\"itemListElement\":[{\"@type\":\"ListItem\",\"position\":1,\"name\":\"Home\",\"item\":\"https:\/\/www.demosmobilia.ch\/fr\/\"},{\"@type\":\"ListItem\",\"position\":2,\"name\":\"Produits\",\"item\":\"https:\/\/www.demosmobilia.ch\/fr\/shop\/\"},{\"@type\":\"ListItem\",\"position\":3,\"name\":\"\u00ab\u00a0Taches d&rsquo;huile\u00a0\u00bb Vase en C\u00e9ramique \u00c9maill\u00e9e\"}]},{\"@type\":\"WebSite\",\"@id\":\"https:\/\/www.demosmobilia.ch\/fr\/#website\",\"url\":\"https:\/\/www.demosmobilia.ch\/fr\/\",\"name\":\"Demosmobilia\",\"description\":\"Vintage Mid Century Modern Design Furniture from the &#039;30s to the &#039;80s\",\"publisher\":{\"@id\":\"https:\/\/www.demosmobilia.ch\/fr\/#organization\"},\"potentialAction\":[{\"@type\":\"SearchAction\",\"target\":{\"@type\":\"EntryPoint\",\"urlTemplate\":\"https:\/\/www.demosmobilia.ch\/fr\/?s={search_term_string}\"},\"query-input\":{\"@type\":\"PropertyValueSpecification\",\"valueRequired\":true,\"valueName\":\"search_term_string\"}}],\"inLanguage\":\"fr-FR\"},{\"@type\":\"Organization\",\"@id\":\"https:\/\/www.demosmobilia.ch\/fr\/#organization\",\"name\":\"demosmobilia\",\"url\":\"https:\/\/www.demosmobilia.ch\/fr\/\",\"logo\":{\"@type\":\"ImageObject\",\"inLanguage\":\"fr-FR\",\"@id\":\"https:\/\/www.demosmobilia.ch\/fr\/#\/schema\/logo\/image\/\",\"url\":\"https:\/\/www.demosmobilia.ch\/wp-content\/uploads\/2020\/07\/demosmobilia-logo-2020-230-160.png\",\"contentUrl\":\"https:\/\/www.demosmobilia.ch\/wp-content\/uploads\/2020\/07\/demosmobilia-logo-2020-230-160.png\",\"width\":230,\"height\":160,\"caption\":\"demosmobilia\"},\"image\":{\"@id\":\"https:\/\/www.demosmobilia.ch\/fr\/#\/schema\/logo\/image\/\"},\"sameAs\":[\"https:\/\/www.facebook.com\/Demos-Mobilia-1137017453131445\/\",\"https:\/\/www.instagram.com\/demosmobilia\/\"]}]}<\/script>\n<!-- \/ Yoast SEO plugin. -->","yoast_head_json":{"title":"\"Taches d'huile\" Vase en C\u00e9ramique \u00c9maill\u00e9e &#8211; Demosmobilia","robots":{"index":"index","follow":"follow","max-snippet":"max-snippet:-1","max-image-preview":"max-image-preview:large","max-video-preview":"max-video-preview:-1"},"canonical":"https:\/\/www.demosmobilia.ch\/fr\/product\/taches-dhuile-vase-en-ceramique-emaillee\/","og_locale":"fr_FR","og_type":"article","og_title":"\"Taches d'huile\" Vase en C\u00e9ramique \u00c9maill\u00e9e &#8211; Demosmobilia","og_description":"Pi\u00e8ce unique cr\u00e9\u00e9e en utilisant le minerai naturel trouv\u00e9 sur le territoire, sign\u00e9e par l&rsquo;artiste \u00c9maill\u00e9 \u00e0 partir de minerai trouv\u00e9 dans le tunnel de Mappo Morettina Locarno, Suisse Dimension du vase sur la photo HT 27.9 x Dia. 12.5 cm Production sur demande \u00e9galement en diff\u00e9rentes dimensions (hauteur maximale de 30 cm)Read More &rarr;","og_url":"https:\/\/www.demosmobilia.ch\/fr\/product\/taches-dhuile-vase-en-ceramique-emaillee\/","og_site_name":"Demosmobilia","article_publisher":"https:\/\/www.facebook.com\/Demos-Mobilia-1137017453131445\/","article_modified_time":"2014-02-10T11:00:00+00:00","og_image":[{"width":600,"height":450,"url":"https:\/\/www.demosmobilia.ch\/wp-content\/uploads\/2014\/02\/MarcoMumenthaler_smalto_MacchieDolioGalleriaMappoMorettina_02.jpg","type":"image\/jpeg"}],"twitter_card":"summary_large_image","schema":{"@context":"https:\/\/schema.org","@graph":[{"@type":"WebPage","@id":"https:\/\/www.demosmobilia.ch\/fr\/product\/taches-dhuile-vase-en-ceramique-emaillee\/","url":"https:\/\/www.demosmobilia.ch\/fr\/product\/taches-dhuile-vase-en-ceramique-emaillee\/","name":"\"Taches d'huile\" Vase en C\u00e9ramique \u00c9maill\u00e9e &#8211; Demosmobilia","isPartOf":{"@id":"https:\/\/www.demosmobilia.ch\/fr\/#website"},"primaryImageOfPage":{"@id":"https:\/\/www.demosmobilia.ch\/fr\/product\/taches-dhuile-vase-en-ceramique-emaillee\/#primaryimage"},"image":{"@id":"https:\/\/www.demosmobilia.ch\/fr\/product\/taches-dhuile-vase-en-ceramique-emaillee\/#primaryimage"},"thumbnailUrl":"https:\/\/www.demosmobilia.ch\/wp-content\/uploads\/2014\/02\/MarcoMumenthaler_smalto_MacchieDolioGalleriaMappoMorettina_02.jpg","datePublished":"2016-06-22T10:00:00+00:00","dateModified":"2014-02-10T11:00:00+00:00","breadcrumb":{"@id":"https:\/\/www.demosmobilia.ch\/fr\/product\/taches-dhuile-vase-en-ceramique-emaillee\/#breadcrumb"},"inLanguage":"fr-FR","potentialAction":[{"@type":"ReadAction","target":["https:\/\/www.demosmobilia.ch\/fr\/product\/taches-dhuile-vase-en-ceramique-emaillee\/"]}]},{"@type":"ImageObject","inLanguage":"fr-FR","@id":"https:\/\/www.demosmobilia.ch\/fr\/product\/taches-dhuile-vase-en-ceramique-emaillee\/#primaryimage","url":"https:\/\/www.demosmobilia.ch\/wp-content\/uploads\/2014\/02\/MarcoMumenthaler_smalto_MacchieDolioGalleriaMappoMorettina_02.jpg","contentUrl":"https:\/\/www.demosmobilia.ch\/wp-content\/uploads\/2014\/02\/MarcoMumenthaler_smalto_MacchieDolioGalleriaMappoMorettina_02.jpg","width":600,"height":450},{"@type":"BreadcrumbList","@id":"https:\/\/www.demosmobilia.ch\/fr\/product\/taches-dhuile-vase-en-ceramique-emaillee\/#breadcrumb","itemListElement":[{"@type":"ListItem","position":1,"name":"Home","item":"https:\/\/www.demosmobilia.ch\/fr\/"},{"@type":"ListItem","position":2,"name":"Produits","item":"https:\/\/www.demosmobilia.ch\/fr\/shop\/"},{"@type":"ListItem","position":3,"name":"\u00ab\u00a0Taches d&rsquo;huile\u00a0\u00bb Vase en C\u00e9ramique \u00c9maill\u00e9e"}]},{"@type":"WebSite","@id":"https:\/\/www.demosmobilia.ch\/fr\/#website","url":"https:\/\/www.demosmobilia.ch\/fr\/","name":"Demosmobilia","description":"Vintage Mid Century Modern Design Furniture from the &#039;30s to the &#039;80s","publisher":{"@id":"https:\/\/www.demosmobilia.ch\/fr\/#organization"},"potentialAction":[{"@type":"SearchAction","target":{"@type":"EntryPoint","urlTemplate":"https:\/\/www.demosmobilia.ch\/fr\/?s={search_term_string}"},"query-input":{"@type":"PropertyValueSpecification","valueRequired":true,"valueName":"search_term_string"}}],"inLanguage":"fr-FR"},{"@type":"Organization","@id":"https:\/\/www.demosmobilia.ch\/fr\/#organization","name":"demosmobilia","url":"https:\/\/www.demosmobilia.ch\/fr\/","logo":{"@type":"ImageObject","inLanguage":"fr-FR","@id":"https:\/\/www.demosmobilia.ch\/fr\/#\/schema\/logo\/image\/","url":"https:\/\/www.demosmobilia.ch\/wp-content\/uploads\/2020\/07\/demosmobilia-logo-2020-230-160.png","contentUrl":"https:\/\/www.demosmobilia.ch\/wp-content\/uploads\/2020\/07\/demosmobilia-logo-2020-230-160.png","width":230,"height":160,"caption":"demosmobilia"},"image":{"@id":"https:\/\/www.demosmobilia.ch\/fr\/#\/schema\/logo\/image\/"},"sameAs":["https:\/\/www.facebook.com\/Demos-Mobilia-1137017453131445\/","https:\/\/www.instagram.com\/demosmobilia\/"]}]}},"_links":{"self":[{"href":"https:\/\/www.demosmobilia.ch\/fr\/wp-json\/wp\/v2\/product\/50667","targetHints":{"allow":["GET"]}}],"collection":[{"href":"https:\/\/www.demosmobilia.ch\/fr\/wp-json\/wp\/v2\/product"}],"about":[{"href":"https:\/\/www.demosmobilia.ch\/fr\/wp-json\/wp\/v2\/types\/product"}],"wp:featuredmedia":[{"embeddable":true,"href":"https:\/\/www.demosmobilia.ch\/fr\/wp-json\/wp\/v2\/media\/50668"}],"wp:attachment":[{"href":"https:\/\/www.demosmobilia.ch\/fr\/wp-json\/wp\/v2\/media?parent=50667"}],"wp:term":[{"taxonomy":"product_cat","embeddable":true,"href":"https:\/\/www.demosmobilia.ch\/fr\/wp-json\/wp\/v2\/product_cat?post=50667"},{"taxonomy":"product_tag","embeddable":true,"href":"https:\/\/www.demosmobilia.ch\/fr\/wp-json\/wp\/v2\/product_tag?post=50667"}],"curies":[{"name":"wp","href":"https:\/\/api.w.org\/{rel}","templated":true}]}}