{"id":50215,"date":"2025-08-20T12:00:00","date_gmt":"2025-08-20T10:00:00","guid":{"rendered":"https:\/\/www.demosmobilia.ch\/product\/elegant-lampadaire-design-italien-de-1950\/"},"modified":"2026-01-24T12:34:46","modified_gmt":"2026-01-24T11:34:46","slug":"elegant-lampadaire-design-italien-de-1950","status":"publish","type":"product","link":"https:\/\/www.demosmobilia.ch\/fr\/product\/elegant-lampadaire-design-italien-de-1950\/","title":{"rendered":"Lampadaire \u00e9l\u00e9gant avec trois c\u00f4nes en verre laiteux"},"content":{"rendered":"<p data-start=\"194\" data-end=\"550\">Arredoluce est une entreprise italienne historique sp\u00e9cialis\u00e9e dans l\u2019\u00e9clairage, fond\u00e9e \u00e0 Milan par Angelo Lelli au d\u00e9but des ann\u00e9es 1950, et acteur majeur de la production de lampes de design italien jusqu\u2019aux ann\u00e9es 1980. La marque se distingue par une approche pionni\u00e8re du design d\u2019\u00e9clairage, alliant innovation technique, fonctionnalit\u00e9 et une forte esth\u00e9tique moderniste. <\/p>\n<p data-start=\"552\" data-end=\"954\">Entre les ann\u00e9es 1950 et 1970, Arredoluce produit certaines des lampes mid-century italiennes les plus iconiques, caract\u00e9ris\u00e9es par l\u2019utilisation raffin\u00e9e du laiton, du m\u00e9tal peint, du verre et de structures articul\u00e9es, souvent d\u00e9velopp\u00e9es en collaboration avec des designers et architectes de premier plan. Au cours des ann\u00e9es 1980, la production \u00e9volue tout en conservant une haute qualit\u00e9 artisanale et une identit\u00e9 de design coh\u00e9rente. <\/p>\n<p data-start=\"956\" data-end=\"1463\">Angelo Lelli (1911\u20131979), fondateur et force cr\u00e9ative d\u2019Arredoluce, \u00e9tait un designer et entrepreneur italien visionnaire, figure centrale du design d\u2019\u00e9clairage italien d\u2019apr\u00e8s-guerre. Ses lampes se distinguent par des solutions d\u2019ing\u00e9nierie avanc\u00e9es, telles que bras articul\u00e9s, contrepoids et d\u00e9tails pr\u00e9cis en laiton, combinant harmonieusement fonctionnalit\u00e9 et forme sculpturale. Le travail de Lelli a d\u00e9fini l\u2019identit\u00e9 d\u2019Arredoluce, faisant de la marque une r\u00e9f\u00e9rence du design italien du XXe si\u00e8cle.  <\/p>\n<p data-start=\"1465\" data-end=\"1664\">Aujourd\u2019hui, les lampes Arredoluce sont consid\u00e9r\u00e9es comme de v\u00e9ritables ic\u00f4nes du design italien historique, tr\u00e8s recherch\u00e9es par les collectionneurs, architectes d\u2019int\u00e9rieur et amateurs d\u2019\u00e9clairage vintage et mid-century.<\/p>\n","protected":false},"excerpt":{"rendered":"<p>POA<a class=\"more-link\" href=\"https:\/\/www.demosmobilia.ch\/fr\/product\/elegant-lampadaire-design-italien-de-1950\/\">Read More &rarr;<\/a><\/p>\n","protected":false},"featured_media":83454,"template":"","meta":{"_monsterinsights_skip_tracking":false,"_monsterinsights_sitenote_active":false,"_monsterinsights_sitenote_note":"","_monsterinsights_sitenote_category":0,"kk_blocks_editor_width":"","_kiokenblocks_attr":"","_kiokenblocks_dimensions":""},"product_cat":[4246],"product_tag":[],"class_list":{"0":"entry","1":"author-webmaster","2":"has-excerpt","3":"post-50215","4":"product","5":"type-product","6":"status-publish","7":"has-post-thumbnail","8":"product_production-arredoluce-attributed","9":"product_year-1960-approx","10":"product_nation-italie-fr","11":"product_cat-lampadaires","12":"pa_product_dimension-dia-30-x-ht-165-cm-fr","13":"pa_product_material-verre-laiton-metal-peint-marbre","15":"first","16":"instock","17":"shipping-taxable","18":"purchasable","19":"product-type-simple"},"yoast_head":"<!-- This site is optimized with the Yoast SEO plugin v24.0 - https:\/\/yoast.com\/wordpress\/plugins\/seo\/ -->\n<title>Lampadaire \u00e9l\u00e9gant avec trois c\u00f4nes en verre laiteux &#8211; Demosmobilia<\/title>\n<meta name=\"robots\" content=\"index, follow, max-snippet:-1, max-image-preview:large, max-video-preview:-1\" \/>\n<link rel=\"canonical\" href=\"https:\/\/www.demosmobilia.ch\/fr\/product\/elegant-lampadaire-design-italien-de-1950\/\" \/>\n<meta property=\"og:locale\" content=\"fr_FR\" \/>\n<meta property=\"og:type\" content=\"article\" \/>\n<meta property=\"og:title\" content=\"Lampadaire \u00e9l\u00e9gant avec trois c\u00f4nes en verre laiteux &#8211; Demosmobilia\" \/>\n<meta property=\"og:description\" content=\"POARead More &rarr;\" \/>\n<meta property=\"og:url\" content=\"https:\/\/www.demosmobilia.ch\/fr\/product\/elegant-lampadaire-design-italien-de-1950\/\" \/>\n<meta property=\"og:site_name\" content=\"Demosmobilia\" \/>\n<meta property=\"article:publisher\" content=\"https:\/\/www.facebook.com\/Demos-Mobilia-1137017453131445\/\" \/>\n<meta property=\"article:modified_time\" content=\"2026-01-24T11:34:46+00:00\" \/>\n<meta property=\"og:image\" content=\"https:\/\/www.demosmobilia.ch\/wp-content\/uploads\/2015\/09\/arredoluce-italian-design-floor-light-01.jpg\" \/>\n\t<meta property=\"og:image:width\" content=\"1200\" \/>\n\t<meta property=\"og:image:height\" content=\"900\" \/>\n\t<meta property=\"og:image:type\" content=\"image\/jpeg\" \/>\n<meta name=\"twitter:card\" content=\"summary_large_image\" \/>\n<meta name=\"twitter:label1\" content=\"Dur\u00e9e de lecture estim\u00e9e\" \/>\n\t<meta name=\"twitter:data1\" content=\"1 minute\" \/>\n<script type=\"application\/ld+json\" class=\"yoast-schema-graph\">{\"@context\":\"https:\/\/schema.org\",\"@graph\":[{\"@type\":\"WebPage\",\"@id\":\"https:\/\/www.demosmobilia.ch\/fr\/product\/elegant-lampadaire-design-italien-de-1950\/\",\"url\":\"https:\/\/www.demosmobilia.ch\/fr\/product\/elegant-lampadaire-design-italien-de-1950\/\",\"name\":\"Lampadaire \u00e9l\u00e9gant avec trois c\u00f4nes en verre laiteux &#8211; Demosmobilia\",\"isPartOf\":{\"@id\":\"https:\/\/www.demosmobilia.ch\/fr\/#website\"},\"primaryImageOfPage\":{\"@id\":\"https:\/\/www.demosmobilia.ch\/fr\/product\/elegant-lampadaire-design-italien-de-1950\/#primaryimage\"},\"image\":{\"@id\":\"https:\/\/www.demosmobilia.ch\/fr\/product\/elegant-lampadaire-design-italien-de-1950\/#primaryimage\"},\"thumbnailUrl\":\"https:\/\/www.demosmobilia.ch\/wp-content\/uploads\/2015\/09\/arredoluce-italian-design-floor-light-01.jpg\",\"datePublished\":\"2025-08-20T10:00:00+00:00\",\"dateModified\":\"2026-01-24T11:34:46+00:00\",\"breadcrumb\":{\"@id\":\"https:\/\/www.demosmobilia.ch\/fr\/product\/elegant-lampadaire-design-italien-de-1950\/#breadcrumb\"},\"inLanguage\":\"fr-FR\",\"potentialAction\":[{\"@type\":\"ReadAction\",\"target\":[\"https:\/\/www.demosmobilia.ch\/fr\/product\/elegant-lampadaire-design-italien-de-1950\/\"]}]},{\"@type\":\"ImageObject\",\"inLanguage\":\"fr-FR\",\"@id\":\"https:\/\/www.demosmobilia.ch\/fr\/product\/elegant-lampadaire-design-italien-de-1950\/#primaryimage\",\"url\":\"https:\/\/www.demosmobilia.ch\/wp-content\/uploads\/2015\/09\/arredoluce-italian-design-floor-light-01.jpg\",\"contentUrl\":\"https:\/\/www.demosmobilia.ch\/wp-content\/uploads\/2015\/09\/arredoluce-italian-design-floor-light-01.jpg\",\"width\":1200,\"height\":900},{\"@type\":\"BreadcrumbList\",\"@id\":\"https:\/\/www.demosmobilia.ch\/fr\/product\/elegant-lampadaire-design-italien-de-1950\/#breadcrumb\",\"itemListElement\":[{\"@type\":\"ListItem\",\"position\":1,\"name\":\"Home\",\"item\":\"https:\/\/www.demosmobilia.ch\/fr\/\"},{\"@type\":\"ListItem\",\"position\":2,\"name\":\"Produits\",\"item\":\"https:\/\/www.demosmobilia.ch\/fr\/shop\/\"},{\"@type\":\"ListItem\",\"position\":3,\"name\":\"Lampadaire \u00e9l\u00e9gant avec trois c\u00f4nes en verre laiteux\"}]},{\"@type\":\"WebSite\",\"@id\":\"https:\/\/www.demosmobilia.ch\/fr\/#website\",\"url\":\"https:\/\/www.demosmobilia.ch\/fr\/\",\"name\":\"Demosmobilia\",\"description\":\"Vintage Mid Century Modern Design Furniture from the &#039;30s to the &#039;80s\",\"publisher\":{\"@id\":\"https:\/\/www.demosmobilia.ch\/fr\/#organization\"},\"potentialAction\":[{\"@type\":\"SearchAction\",\"target\":{\"@type\":\"EntryPoint\",\"urlTemplate\":\"https:\/\/www.demosmobilia.ch\/fr\/?s={search_term_string}\"},\"query-input\":{\"@type\":\"PropertyValueSpecification\",\"valueRequired\":true,\"valueName\":\"search_term_string\"}}],\"inLanguage\":\"fr-FR\"},{\"@type\":\"Organization\",\"@id\":\"https:\/\/www.demosmobilia.ch\/fr\/#organization\",\"name\":\"demosmobilia\",\"url\":\"https:\/\/www.demosmobilia.ch\/fr\/\",\"logo\":{\"@type\":\"ImageObject\",\"inLanguage\":\"fr-FR\",\"@id\":\"https:\/\/www.demosmobilia.ch\/fr\/#\/schema\/logo\/image\/\",\"url\":\"https:\/\/www.demosmobilia.ch\/wp-content\/uploads\/2020\/07\/demosmobilia-logo-2020-230-160.png\",\"contentUrl\":\"https:\/\/www.demosmobilia.ch\/wp-content\/uploads\/2020\/07\/demosmobilia-logo-2020-230-160.png\",\"width\":230,\"height\":160,\"caption\":\"demosmobilia\"},\"image\":{\"@id\":\"https:\/\/www.demosmobilia.ch\/fr\/#\/schema\/logo\/image\/\"},\"sameAs\":[\"https:\/\/www.facebook.com\/Demos-Mobilia-1137017453131445\/\",\"https:\/\/www.instagram.com\/demosmobilia\/\"]}]}<\/script>\n<!-- \/ Yoast SEO plugin. -->","yoast_head_json":{"title":"Lampadaire \u00e9l\u00e9gant avec trois c\u00f4nes en verre laiteux &#8211; Demosmobilia","robots":{"index":"index","follow":"follow","max-snippet":"max-snippet:-1","max-image-preview":"max-image-preview:large","max-video-preview":"max-video-preview:-1"},"canonical":"https:\/\/www.demosmobilia.ch\/fr\/product\/elegant-lampadaire-design-italien-de-1950\/","og_locale":"fr_FR","og_type":"article","og_title":"Lampadaire \u00e9l\u00e9gant avec trois c\u00f4nes en verre laiteux &#8211; Demosmobilia","og_description":"POARead More &rarr;","og_url":"https:\/\/www.demosmobilia.ch\/fr\/product\/elegant-lampadaire-design-italien-de-1950\/","og_site_name":"Demosmobilia","article_publisher":"https:\/\/www.facebook.com\/Demos-Mobilia-1137017453131445\/","article_modified_time":"2026-01-24T11:34:46+00:00","og_image":[{"width":1200,"height":900,"url":"https:\/\/www.demosmobilia.ch\/wp-content\/uploads\/2015\/09\/arredoluce-italian-design-floor-light-01.jpg","type":"image\/jpeg"}],"twitter_card":"summary_large_image","twitter_misc":{"Dur\u00e9e de lecture estim\u00e9e":"1 minute"},"schema":{"@context":"https:\/\/schema.org","@graph":[{"@type":"WebPage","@id":"https:\/\/www.demosmobilia.ch\/fr\/product\/elegant-lampadaire-design-italien-de-1950\/","url":"https:\/\/www.demosmobilia.ch\/fr\/product\/elegant-lampadaire-design-italien-de-1950\/","name":"Lampadaire \u00e9l\u00e9gant avec trois c\u00f4nes en verre laiteux &#8211; Demosmobilia","isPartOf":{"@id":"https:\/\/www.demosmobilia.ch\/fr\/#website"},"primaryImageOfPage":{"@id":"https:\/\/www.demosmobilia.ch\/fr\/product\/elegant-lampadaire-design-italien-de-1950\/#primaryimage"},"image":{"@id":"https:\/\/www.demosmobilia.ch\/fr\/product\/elegant-lampadaire-design-italien-de-1950\/#primaryimage"},"thumbnailUrl":"https:\/\/www.demosmobilia.ch\/wp-content\/uploads\/2015\/09\/arredoluce-italian-design-floor-light-01.jpg","datePublished":"2025-08-20T10:00:00+00:00","dateModified":"2026-01-24T11:34:46+00:00","breadcrumb":{"@id":"https:\/\/www.demosmobilia.ch\/fr\/product\/elegant-lampadaire-design-italien-de-1950\/#breadcrumb"},"inLanguage":"fr-FR","potentialAction":[{"@type":"ReadAction","target":["https:\/\/www.demosmobilia.ch\/fr\/product\/elegant-lampadaire-design-italien-de-1950\/"]}]},{"@type":"ImageObject","inLanguage":"fr-FR","@id":"https:\/\/www.demosmobilia.ch\/fr\/product\/elegant-lampadaire-design-italien-de-1950\/#primaryimage","url":"https:\/\/www.demosmobilia.ch\/wp-content\/uploads\/2015\/09\/arredoluce-italian-design-floor-light-01.jpg","contentUrl":"https:\/\/www.demosmobilia.ch\/wp-content\/uploads\/2015\/09\/arredoluce-italian-design-floor-light-01.jpg","width":1200,"height":900},{"@type":"BreadcrumbList","@id":"https:\/\/www.demosmobilia.ch\/fr\/product\/elegant-lampadaire-design-italien-de-1950\/#breadcrumb","itemListElement":[{"@type":"ListItem","position":1,"name":"Home","item":"https:\/\/www.demosmobilia.ch\/fr\/"},{"@type":"ListItem","position":2,"name":"Produits","item":"https:\/\/www.demosmobilia.ch\/fr\/shop\/"},{"@type":"ListItem","position":3,"name":"Lampadaire \u00e9l\u00e9gant avec trois c\u00f4nes en verre laiteux"}]},{"@type":"WebSite","@id":"https:\/\/www.demosmobilia.ch\/fr\/#website","url":"https:\/\/www.demosmobilia.ch\/fr\/","name":"Demosmobilia","description":"Vintage Mid Century Modern Design Furniture from the &#039;30s to the &#039;80s","publisher":{"@id":"https:\/\/www.demosmobilia.ch\/fr\/#organization"},"potentialAction":[{"@type":"SearchAction","target":{"@type":"EntryPoint","urlTemplate":"https:\/\/www.demosmobilia.ch\/fr\/?s={search_term_string}"},"query-input":{"@type":"PropertyValueSpecification","valueRequired":true,"valueName":"search_term_string"}}],"inLanguage":"fr-FR"},{"@type":"Organization","@id":"https:\/\/www.demosmobilia.ch\/fr\/#organization","name":"demosmobilia","url":"https:\/\/www.demosmobilia.ch\/fr\/","logo":{"@type":"ImageObject","inLanguage":"fr-FR","@id":"https:\/\/www.demosmobilia.ch\/fr\/#\/schema\/logo\/image\/","url":"https:\/\/www.demosmobilia.ch\/wp-content\/uploads\/2020\/07\/demosmobilia-logo-2020-230-160.png","contentUrl":"https:\/\/www.demosmobilia.ch\/wp-content\/uploads\/2020\/07\/demosmobilia-logo-2020-230-160.png","width":230,"height":160,"caption":"demosmobilia"},"image":{"@id":"https:\/\/www.demosmobilia.ch\/fr\/#\/schema\/logo\/image\/"},"sameAs":["https:\/\/www.facebook.com\/Demos-Mobilia-1137017453131445\/","https:\/\/www.instagram.com\/demosmobilia\/"]}]}},"_links":{"self":[{"href":"https:\/\/www.demosmobilia.ch\/fr\/wp-json\/wp\/v2\/product\/50215","targetHints":{"allow":["GET"]}}],"collection":[{"href":"https:\/\/www.demosmobilia.ch\/fr\/wp-json\/wp\/v2\/product"}],"about":[{"href":"https:\/\/www.demosmobilia.ch\/fr\/wp-json\/wp\/v2\/types\/product"}],"wp:featuredmedia":[{"embeddable":true,"href":"https:\/\/www.demosmobilia.ch\/fr\/wp-json\/wp\/v2\/media\/83454"}],"wp:attachment":[{"href":"https:\/\/www.demosmobilia.ch\/fr\/wp-json\/wp\/v2\/media?parent=50215"}],"wp:term":[{"taxonomy":"product_cat","embeddable":true,"href":"https:\/\/www.demosmobilia.ch\/fr\/wp-json\/wp\/v2\/product_cat?post=50215"},{"taxonomy":"product_tag","embeddable":true,"href":"https:\/\/www.demosmobilia.ch\/fr\/wp-json\/wp\/v2\/product_tag?post=50215"}],"curies":[{"name":"wp","href":"https:\/\/api.w.org\/{rel}","templated":true}]}}