{"id":49285,"date":"2022-04-10T11:55:00","date_gmt":"2022-04-10T09:55:00","guid":{"rendered":"https:\/\/www.demosmobilia.ch\/product\/vases-de-la-serie-gallerie\/"},"modified":"2022-04-13T10:56:10","modified_gmt":"2022-04-13T08:56:10","slug":"vase-en-forme-de-goutte-deau-de-la-serie-gallerie","status":"publish","type":"product","link":"https:\/\/www.demosmobilia.ch\/fr\/product\/vase-en-forme-de-goutte-deau-de-la-serie-gallerie\/","title":{"rendered":"Vase en Forme de Goutte d&rsquo;Eau de la S\u00e9rie \u00ab\u00a0Gallerie\u00a0\u00bb."},"content":{"rendered":"<p>Pi\u00e8ces uniques cr\u00e9\u00e9es \u00e0 partir de min\u00e9raux trouv\u00e9s par l&rsquo;artiste dans le tunnel des AlpesTransit, en Suisse.<br \/>\nSign\u00e9 par l&rsquo;artiste<\/p>\n","protected":false},"excerpt":{"rendered":"<p>Pi\u00e8ces uniques cr\u00e9\u00e9es \u00e0 partir de min\u00e9raux trouv\u00e9s par l&rsquo;artiste dans le tunnel des AlpesTransit, en Suisse. Sign\u00e9 par l&rsquo;artiste<a class=\"more-link\" href=\"https:\/\/www.demosmobilia.ch\/fr\/product\/vase-en-forme-de-goutte-deau-de-la-serie-gallerie\/\">Read More &rarr;<\/a><\/p>\n","protected":false},"featured_media":58407,"template":"","meta":{"_monsterinsights_skip_tracking":false,"_monsterinsights_sitenote_active":false,"_monsterinsights_sitenote_note":"","_monsterinsights_sitenote_category":0,"kk_blocks_editor_width":"","_kiokenblocks_attr":"","_kiokenblocks_dimensions":""},"product_cat":[4244],"product_tag":[7042],"class_list":{"0":"entry","1":"author-webmaster","2":"post-49285","3":"product","4":"type-product","5":"status-publish","6":"has-post-thumbnail","7":"product_production-marco-mumenthaler","8":"product_year-3494","9":"product_nation-suisse-fr-3","10":"product_cat-bols","11":"product_tag-mumenthaler-marco-fr","12":"pa_product_dimension-dia-20-x-ht-20-cm-fr","13":"pa_product_material-ceramique-emaillee","15":"first","16":"instock","17":"shipping-taxable","18":"product-type-simple"},"yoast_head":"<!-- This site is optimized with the Yoast SEO plugin v24.0 - https:\/\/yoast.com\/wordpress\/plugins\/seo\/ -->\n<title>Vase en Forme de Goutte d&#039;Eau de la S\u00e9rie &quot;Gallerie&quot;. &#8211; Demosmobilia<\/title>\n<meta name=\"robots\" content=\"index, follow, max-snippet:-1, max-image-preview:large, max-video-preview:-1\" \/>\n<link rel=\"canonical\" href=\"https:\/\/www.demosmobilia.ch\/fr\/product\/vase-en-forme-de-goutte-deau-de-la-serie-gallerie\/\" \/>\n<meta property=\"og:locale\" content=\"fr_FR\" \/>\n<meta property=\"og:type\" content=\"article\" \/>\n<meta property=\"og:title\" content=\"Vase en Forme de Goutte d&#039;Eau de la S\u00e9rie &quot;Gallerie&quot;. &#8211; Demosmobilia\" \/>\n<meta property=\"og:description\" content=\"Pi\u00e8ces uniques cr\u00e9\u00e9es \u00e0 partir de min\u00e9raux trouv\u00e9s par l&rsquo;artiste dans le tunnel des AlpesTransit, en Suisse. Sign\u00e9 par l&rsquo;artisteRead More &rarr;\" \/>\n<meta property=\"og:url\" content=\"https:\/\/www.demosmobilia.ch\/fr\/product\/vase-en-forme-de-goutte-deau-de-la-serie-gallerie\/\" \/>\n<meta property=\"og:site_name\" content=\"Demosmobilia\" \/>\n<meta property=\"article:publisher\" content=\"https:\/\/www.facebook.com\/Demos-Mobilia-1137017453131445\/\" \/>\n<meta property=\"article:modified_time\" content=\"2022-04-13T08:56:10+00:00\" \/>\n<meta property=\"og:image\" content=\"https:\/\/www.demosmobilia.ch\/wp-content\/uploads\/2016\/06\/marco_mumenthaler_2vases_01.jpg\" \/>\n\t<meta property=\"og:image:width\" content=\"600\" \/>\n\t<meta property=\"og:image:height\" content=\"450\" \/>\n\t<meta property=\"og:image:type\" content=\"image\/jpeg\" \/>\n<meta name=\"twitter:card\" content=\"summary_large_image\" \/>\n<script type=\"application\/ld+json\" class=\"yoast-schema-graph\">{\"@context\":\"https:\/\/schema.org\",\"@graph\":[{\"@type\":\"WebPage\",\"@id\":\"https:\/\/www.demosmobilia.ch\/fr\/product\/vase-en-forme-de-goutte-deau-de-la-serie-gallerie\/\",\"url\":\"https:\/\/www.demosmobilia.ch\/fr\/product\/vase-en-forme-de-goutte-deau-de-la-serie-gallerie\/\",\"name\":\"Vase en Forme de Goutte d'Eau de la S\u00e9rie \\\"Gallerie\\\". &#8211; Demosmobilia\",\"isPartOf\":{\"@id\":\"https:\/\/www.demosmobilia.ch\/fr\/#website\"},\"primaryImageOfPage\":{\"@id\":\"https:\/\/www.demosmobilia.ch\/fr\/product\/vase-en-forme-de-goutte-deau-de-la-serie-gallerie\/#primaryimage\"},\"image\":{\"@id\":\"https:\/\/www.demosmobilia.ch\/fr\/product\/vase-en-forme-de-goutte-deau-de-la-serie-gallerie\/#primaryimage\"},\"thumbnailUrl\":\"https:\/\/www.demosmobilia.ch\/wp-content\/uploads\/2022\/04\/marco-mumenthaler-ceramic-vase-gallerie-swiss-ceramic-01.jpg\",\"datePublished\":\"2022-04-10T09:55:00+00:00\",\"dateModified\":\"2022-04-13T08:56:10+00:00\",\"breadcrumb\":{\"@id\":\"https:\/\/www.demosmobilia.ch\/fr\/product\/vase-en-forme-de-goutte-deau-de-la-serie-gallerie\/#breadcrumb\"},\"inLanguage\":\"fr-FR\",\"potentialAction\":[{\"@type\":\"ReadAction\",\"target\":[\"https:\/\/www.demosmobilia.ch\/fr\/product\/vase-en-forme-de-goutte-deau-de-la-serie-gallerie\/\"]}]},{\"@type\":\"ImageObject\",\"inLanguage\":\"fr-FR\",\"@id\":\"https:\/\/www.demosmobilia.ch\/fr\/product\/vase-en-forme-de-goutte-deau-de-la-serie-gallerie\/#primaryimage\",\"url\":\"https:\/\/www.demosmobilia.ch\/wp-content\/uploads\/2022\/04\/marco-mumenthaler-ceramic-vase-gallerie-swiss-ceramic-01.jpg\",\"contentUrl\":\"https:\/\/www.demosmobilia.ch\/wp-content\/uploads\/2022\/04\/marco-mumenthaler-ceramic-vase-gallerie-swiss-ceramic-01.jpg\",\"width\":1200,\"height\":900},{\"@type\":\"BreadcrumbList\",\"@id\":\"https:\/\/www.demosmobilia.ch\/fr\/product\/vase-en-forme-de-goutte-deau-de-la-serie-gallerie\/#breadcrumb\",\"itemListElement\":[{\"@type\":\"ListItem\",\"position\":1,\"name\":\"Home\",\"item\":\"https:\/\/www.demosmobilia.ch\/fr\/\"},{\"@type\":\"ListItem\",\"position\":2,\"name\":\"Produits\",\"item\":\"https:\/\/www.demosmobilia.ch\/fr\/shop\/\"},{\"@type\":\"ListItem\",\"position\":3,\"name\":\"Vase en Forme de Goutte d&#8217;Eau de la S\u00e9rie &#8220;Gallerie&#8221;.\"}]},{\"@type\":\"WebSite\",\"@id\":\"https:\/\/www.demosmobilia.ch\/fr\/#website\",\"url\":\"https:\/\/www.demosmobilia.ch\/fr\/\",\"name\":\"Demosmobilia\",\"description\":\"Vintage Mid Century Modern Design Furniture from the &#039;30s to the &#039;80s\",\"publisher\":{\"@id\":\"https:\/\/www.demosmobilia.ch\/fr\/#organization\"},\"potentialAction\":[{\"@type\":\"SearchAction\",\"target\":{\"@type\":\"EntryPoint\",\"urlTemplate\":\"https:\/\/www.demosmobilia.ch\/fr\/?s={search_term_string}\"},\"query-input\":{\"@type\":\"PropertyValueSpecification\",\"valueRequired\":true,\"valueName\":\"search_term_string\"}}],\"inLanguage\":\"fr-FR\"},{\"@type\":\"Organization\",\"@id\":\"https:\/\/www.demosmobilia.ch\/fr\/#organization\",\"name\":\"demosmobilia\",\"url\":\"https:\/\/www.demosmobilia.ch\/fr\/\",\"logo\":{\"@type\":\"ImageObject\",\"inLanguage\":\"fr-FR\",\"@id\":\"https:\/\/www.demosmobilia.ch\/fr\/#\/schema\/logo\/image\/\",\"url\":\"https:\/\/www.demosmobilia.ch\/wp-content\/uploads\/2020\/07\/demosmobilia-logo-2020-230-160.png\",\"contentUrl\":\"https:\/\/www.demosmobilia.ch\/wp-content\/uploads\/2020\/07\/demosmobilia-logo-2020-230-160.png\",\"width\":230,\"height\":160,\"caption\":\"demosmobilia\"},\"image\":{\"@id\":\"https:\/\/www.demosmobilia.ch\/fr\/#\/schema\/logo\/image\/\"},\"sameAs\":[\"https:\/\/www.facebook.com\/Demos-Mobilia-1137017453131445\/\",\"https:\/\/www.instagram.com\/demosmobilia\/\"]}]}<\/script>\n<!-- \/ Yoast SEO plugin. -->","yoast_head_json":{"title":"Vase en Forme de Goutte d'Eau de la S\u00e9rie \"Gallerie\". &#8211; Demosmobilia","robots":{"index":"index","follow":"follow","max-snippet":"max-snippet:-1","max-image-preview":"max-image-preview:large","max-video-preview":"max-video-preview:-1"},"canonical":"https:\/\/www.demosmobilia.ch\/fr\/product\/vase-en-forme-de-goutte-deau-de-la-serie-gallerie\/","og_locale":"fr_FR","og_type":"article","og_title":"Vase en Forme de Goutte d'Eau de la S\u00e9rie \"Gallerie\". &#8211; Demosmobilia","og_description":"Pi\u00e8ces uniques cr\u00e9\u00e9es \u00e0 partir de min\u00e9raux trouv\u00e9s par l&rsquo;artiste dans le tunnel des AlpesTransit, en Suisse. Sign\u00e9 par l&rsquo;artisteRead More &rarr;","og_url":"https:\/\/www.demosmobilia.ch\/fr\/product\/vase-en-forme-de-goutte-deau-de-la-serie-gallerie\/","og_site_name":"Demosmobilia","article_publisher":"https:\/\/www.facebook.com\/Demos-Mobilia-1137017453131445\/","article_modified_time":"2022-04-13T08:56:10+00:00","og_image":[{"width":600,"height":450,"url":"https:\/\/www.demosmobilia.ch\/wp-content\/uploads\/2016\/06\/marco_mumenthaler_2vases_01.jpg","type":"image\/jpeg"}],"twitter_card":"summary_large_image","schema":{"@context":"https:\/\/schema.org","@graph":[{"@type":"WebPage","@id":"https:\/\/www.demosmobilia.ch\/fr\/product\/vase-en-forme-de-goutte-deau-de-la-serie-gallerie\/","url":"https:\/\/www.demosmobilia.ch\/fr\/product\/vase-en-forme-de-goutte-deau-de-la-serie-gallerie\/","name":"Vase en Forme de Goutte d'Eau de la S\u00e9rie \"Gallerie\". &#8211; Demosmobilia","isPartOf":{"@id":"https:\/\/www.demosmobilia.ch\/fr\/#website"},"primaryImageOfPage":{"@id":"https:\/\/www.demosmobilia.ch\/fr\/product\/vase-en-forme-de-goutte-deau-de-la-serie-gallerie\/#primaryimage"},"image":{"@id":"https:\/\/www.demosmobilia.ch\/fr\/product\/vase-en-forme-de-goutte-deau-de-la-serie-gallerie\/#primaryimage"},"thumbnailUrl":"https:\/\/www.demosmobilia.ch\/wp-content\/uploads\/2022\/04\/marco-mumenthaler-ceramic-vase-gallerie-swiss-ceramic-01.jpg","datePublished":"2022-04-10T09:55:00+00:00","dateModified":"2022-04-13T08:56:10+00:00","breadcrumb":{"@id":"https:\/\/www.demosmobilia.ch\/fr\/product\/vase-en-forme-de-goutte-deau-de-la-serie-gallerie\/#breadcrumb"},"inLanguage":"fr-FR","potentialAction":[{"@type":"ReadAction","target":["https:\/\/www.demosmobilia.ch\/fr\/product\/vase-en-forme-de-goutte-deau-de-la-serie-gallerie\/"]}]},{"@type":"ImageObject","inLanguage":"fr-FR","@id":"https:\/\/www.demosmobilia.ch\/fr\/product\/vase-en-forme-de-goutte-deau-de-la-serie-gallerie\/#primaryimage","url":"https:\/\/www.demosmobilia.ch\/wp-content\/uploads\/2022\/04\/marco-mumenthaler-ceramic-vase-gallerie-swiss-ceramic-01.jpg","contentUrl":"https:\/\/www.demosmobilia.ch\/wp-content\/uploads\/2022\/04\/marco-mumenthaler-ceramic-vase-gallerie-swiss-ceramic-01.jpg","width":1200,"height":900},{"@type":"BreadcrumbList","@id":"https:\/\/www.demosmobilia.ch\/fr\/product\/vase-en-forme-de-goutte-deau-de-la-serie-gallerie\/#breadcrumb","itemListElement":[{"@type":"ListItem","position":1,"name":"Home","item":"https:\/\/www.demosmobilia.ch\/fr\/"},{"@type":"ListItem","position":2,"name":"Produits","item":"https:\/\/www.demosmobilia.ch\/fr\/shop\/"},{"@type":"ListItem","position":3,"name":"Vase en Forme de Goutte d&#8217;Eau de la S\u00e9rie &#8220;Gallerie&#8221;."}]},{"@type":"WebSite","@id":"https:\/\/www.demosmobilia.ch\/fr\/#website","url":"https:\/\/www.demosmobilia.ch\/fr\/","name":"Demosmobilia","description":"Vintage Mid Century Modern Design Furniture from the &#039;30s to the &#039;80s","publisher":{"@id":"https:\/\/www.demosmobilia.ch\/fr\/#organization"},"potentialAction":[{"@type":"SearchAction","target":{"@type":"EntryPoint","urlTemplate":"https:\/\/www.demosmobilia.ch\/fr\/?s={search_term_string}"},"query-input":{"@type":"PropertyValueSpecification","valueRequired":true,"valueName":"search_term_string"}}],"inLanguage":"fr-FR"},{"@type":"Organization","@id":"https:\/\/www.demosmobilia.ch\/fr\/#organization","name":"demosmobilia","url":"https:\/\/www.demosmobilia.ch\/fr\/","logo":{"@type":"ImageObject","inLanguage":"fr-FR","@id":"https:\/\/www.demosmobilia.ch\/fr\/#\/schema\/logo\/image\/","url":"https:\/\/www.demosmobilia.ch\/wp-content\/uploads\/2020\/07\/demosmobilia-logo-2020-230-160.png","contentUrl":"https:\/\/www.demosmobilia.ch\/wp-content\/uploads\/2020\/07\/demosmobilia-logo-2020-230-160.png","width":230,"height":160,"caption":"demosmobilia"},"image":{"@id":"https:\/\/www.demosmobilia.ch\/fr\/#\/schema\/logo\/image\/"},"sameAs":["https:\/\/www.facebook.com\/Demos-Mobilia-1137017453131445\/","https:\/\/www.instagram.com\/demosmobilia\/"]}]}},"_links":{"self":[{"href":"https:\/\/www.demosmobilia.ch\/fr\/wp-json\/wp\/v2\/product\/49285","targetHints":{"allow":["GET"]}}],"collection":[{"href":"https:\/\/www.demosmobilia.ch\/fr\/wp-json\/wp\/v2\/product"}],"about":[{"href":"https:\/\/www.demosmobilia.ch\/fr\/wp-json\/wp\/v2\/types\/product"}],"wp:featuredmedia":[{"embeddable":true,"href":"https:\/\/www.demosmobilia.ch\/fr\/wp-json\/wp\/v2\/media\/58407"}],"wp:attachment":[{"href":"https:\/\/www.demosmobilia.ch\/fr\/wp-json\/wp\/v2\/media?parent=49285"}],"wp:term":[{"taxonomy":"product_cat","embeddable":true,"href":"https:\/\/www.demosmobilia.ch\/fr\/wp-json\/wp\/v2\/product_cat?post=49285"},{"taxonomy":"product_tag","embeddable":true,"href":"https:\/\/www.demosmobilia.ch\/fr\/wp-json\/wp\/v2\/product_tag?post=49285"}],"curies":[{"name":"wp","href":"https:\/\/api.w.org\/{rel}","templated":true}]}}