{"id":49189,"date":"2016-06-26T12:00:00","date_gmt":"2016-06-26T10:00:00","guid":{"rendered":"https:\/\/www.demosmobilia.ch\/product\/lustre-modulaire-en-verre-mod-giogali\/"},"modified":"2021-04-03T15:36:58","modified_gmt":"2021-04-03T13:36:58","slug":"lustre-modulaire-en-verre-mod-giogali","status":"publish","type":"product","link":"https:\/\/www.demosmobilia.ch\/fr\/product\/lustre-modulaire-en-verre-mod-giogali\/","title":{"rendered":"Lustre Modulaire en Verre mod. Giogali"},"content":{"rendered":"<p>Dimension sur demande du client.<br \/>\nCollection de lampes compos\u00e9es d&rsquo;\u00e9l\u00e9ments en verre de Murano faits \u00e0 la main qui peuvent \u00eatre combin\u00e9s \u00e0 volont\u00e9 sur des structures en acier standard ou sur des structures sp\u00e9cifiquement con\u00e7ues pour le client.<\/p>\n","protected":false},"excerpt":{"rendered":"<p>Dimension sur demande du client. Collection de lampes compos\u00e9es d&rsquo;\u00e9l\u00e9ments en verre de Murano faits \u00e0 la main qui peuvent \u00eatre combin\u00e9s \u00e0 volont\u00e9 sur des structures en acier standard ou sur des structures sp\u00e9cifiquement con\u00e7ues pour le client.<a class=\"more-link\" href=\"https:\/\/www.demosmobilia.ch\/fr\/product\/lustre-modulaire-en-verre-mod-giogali\/\">Read More &rarr;<\/a><\/p>\n","protected":false},"featured_media":49190,"template":"","meta":{"_monsterinsights_skip_tracking":false,"_monsterinsights_sitenote_active":false,"_monsterinsights_sitenote_note":"","_monsterinsights_sitenote_category":0,"kk_blocks_editor_width":"","_kiokenblocks_attr":"","_kiokenblocks_dimensions":""},"product_cat":[4247],"product_tag":[6645],"class_list":{"0":"entry","1":"author-demosmobilia","2":"post-49189","3":"product","4":"type-product","5":"status-publish","6":"has-post-thumbnail","7":"product_production-vistosi","8":"product_year-3352","9":"product_nation-italie-fr","10":"product_cat-suspensions","11":"product_tag-mangiarotti-angelo-fr","12":"pa_product_dimension-dia-45-x-ht-100-cm-fr","13":"pa_product_material-verre-de-murano-metal","15":"first","16":"instock","17":"shipping-taxable","18":"product-type-simple"},"yoast_head":"<!-- This site is optimized with the Yoast SEO plugin v24.0 - https:\/\/yoast.com\/wordpress\/plugins\/seo\/ -->\n<title>Lustre Modulaire en Verre mod. Giogali &#8211; Demosmobilia<\/title>\n<meta name=\"robots\" content=\"index, follow, max-snippet:-1, max-image-preview:large, max-video-preview:-1\" \/>\n<link rel=\"canonical\" href=\"https:\/\/www.demosmobilia.ch\/fr\/product\/lustre-modulaire-en-verre-mod-giogali\/\" \/>\n<meta property=\"og:locale\" content=\"fr_FR\" \/>\n<meta property=\"og:type\" content=\"article\" \/>\n<meta property=\"og:title\" content=\"Lustre Modulaire en Verre mod. Giogali &#8211; Demosmobilia\" \/>\n<meta property=\"og:description\" content=\"Dimension sur demande du client. Collection de lampes compos\u00e9es d&rsquo;\u00e9l\u00e9ments en verre de Murano faits \u00e0 la main qui peuvent \u00eatre combin\u00e9s \u00e0 volont\u00e9 sur des structures en acier standard ou sur des structures sp\u00e9cifiquement con\u00e7ues pour le client.Read More &rarr;\" \/>\n<meta property=\"og:url\" content=\"https:\/\/www.demosmobilia.ch\/fr\/product\/lustre-modulaire-en-verre-mod-giogali\/\" \/>\n<meta property=\"og:site_name\" content=\"Demosmobilia\" \/>\n<meta property=\"article:publisher\" content=\"https:\/\/www.facebook.com\/Demos-Mobilia-1137017453131445\/\" \/>\n<meta property=\"article:modified_time\" content=\"2021-04-03T13:36:58+00:00\" \/>\n<meta property=\"og:image\" content=\"https:\/\/www.demosmobilia.ch\/wp-content\/uploads\/2016\/06\/giogali_vistosi_1972_angelo_mangiarotti.jpg\" \/>\n\t<meta property=\"og:image:width\" content=\"600\" \/>\n\t<meta property=\"og:image:height\" content=\"450\" \/>\n\t<meta property=\"og:image:type\" content=\"image\/jpeg\" \/>\n<meta name=\"twitter:card\" content=\"summary_large_image\" \/>\n<script type=\"application\/ld+json\" class=\"yoast-schema-graph\">{\"@context\":\"https:\/\/schema.org\",\"@graph\":[{\"@type\":\"WebPage\",\"@id\":\"https:\/\/www.demosmobilia.ch\/fr\/product\/lustre-modulaire-en-verre-mod-giogali\/\",\"url\":\"https:\/\/www.demosmobilia.ch\/fr\/product\/lustre-modulaire-en-verre-mod-giogali\/\",\"name\":\"Lustre Modulaire en Verre mod. Giogali &#8211; Demosmobilia\",\"isPartOf\":{\"@id\":\"https:\/\/www.demosmobilia.ch\/fr\/#website\"},\"primaryImageOfPage\":{\"@id\":\"https:\/\/www.demosmobilia.ch\/fr\/product\/lustre-modulaire-en-verre-mod-giogali\/#primaryimage\"},\"image\":{\"@id\":\"https:\/\/www.demosmobilia.ch\/fr\/product\/lustre-modulaire-en-verre-mod-giogali\/#primaryimage\"},\"thumbnailUrl\":\"https:\/\/www.demosmobilia.ch\/wp-content\/uploads\/2016\/06\/giogali_vistosi_1972_angelo_mangiarotti.jpg\",\"datePublished\":\"2016-06-26T10:00:00+00:00\",\"dateModified\":\"2021-04-03T13:36:58+00:00\",\"breadcrumb\":{\"@id\":\"https:\/\/www.demosmobilia.ch\/fr\/product\/lustre-modulaire-en-verre-mod-giogali\/#breadcrumb\"},\"inLanguage\":\"fr-FR\",\"potentialAction\":[{\"@type\":\"ReadAction\",\"target\":[\"https:\/\/www.demosmobilia.ch\/fr\/product\/lustre-modulaire-en-verre-mod-giogali\/\"]}]},{\"@type\":\"ImageObject\",\"inLanguage\":\"fr-FR\",\"@id\":\"https:\/\/www.demosmobilia.ch\/fr\/product\/lustre-modulaire-en-verre-mod-giogali\/#primaryimage\",\"url\":\"https:\/\/www.demosmobilia.ch\/wp-content\/uploads\/2016\/06\/giogali_vistosi_1972_angelo_mangiarotti.jpg\",\"contentUrl\":\"https:\/\/www.demosmobilia.ch\/wp-content\/uploads\/2016\/06\/giogali_vistosi_1972_angelo_mangiarotti.jpg\",\"width\":600,\"height\":450},{\"@type\":\"BreadcrumbList\",\"@id\":\"https:\/\/www.demosmobilia.ch\/fr\/product\/lustre-modulaire-en-verre-mod-giogali\/#breadcrumb\",\"itemListElement\":[{\"@type\":\"ListItem\",\"position\":1,\"name\":\"Home\",\"item\":\"https:\/\/www.demosmobilia.ch\/fr\/\"},{\"@type\":\"ListItem\",\"position\":2,\"name\":\"Produits\",\"item\":\"https:\/\/www.demosmobilia.ch\/fr\/shop\/\"},{\"@type\":\"ListItem\",\"position\":3,\"name\":\"Lustre Modulaire en Verre mod. Giogali\"}]},{\"@type\":\"WebSite\",\"@id\":\"https:\/\/www.demosmobilia.ch\/fr\/#website\",\"url\":\"https:\/\/www.demosmobilia.ch\/fr\/\",\"name\":\"Demosmobilia\",\"description\":\"Vintage Mid Century Modern Design Furniture from the &#039;30s to the &#039;80s\",\"publisher\":{\"@id\":\"https:\/\/www.demosmobilia.ch\/fr\/#organization\"},\"potentialAction\":[{\"@type\":\"SearchAction\",\"target\":{\"@type\":\"EntryPoint\",\"urlTemplate\":\"https:\/\/www.demosmobilia.ch\/fr\/?s={search_term_string}\"},\"query-input\":{\"@type\":\"PropertyValueSpecification\",\"valueRequired\":true,\"valueName\":\"search_term_string\"}}],\"inLanguage\":\"fr-FR\"},{\"@type\":\"Organization\",\"@id\":\"https:\/\/www.demosmobilia.ch\/fr\/#organization\",\"name\":\"demosmobilia\",\"url\":\"https:\/\/www.demosmobilia.ch\/fr\/\",\"logo\":{\"@type\":\"ImageObject\",\"inLanguage\":\"fr-FR\",\"@id\":\"https:\/\/www.demosmobilia.ch\/fr\/#\/schema\/logo\/image\/\",\"url\":\"https:\/\/www.demosmobilia.ch\/wp-content\/uploads\/2020\/07\/demosmobilia-logo-2020-230-160.png\",\"contentUrl\":\"https:\/\/www.demosmobilia.ch\/wp-content\/uploads\/2020\/07\/demosmobilia-logo-2020-230-160.png\",\"width\":230,\"height\":160,\"caption\":\"demosmobilia\"},\"image\":{\"@id\":\"https:\/\/www.demosmobilia.ch\/fr\/#\/schema\/logo\/image\/\"},\"sameAs\":[\"https:\/\/www.facebook.com\/Demos-Mobilia-1137017453131445\/\",\"https:\/\/www.instagram.com\/demosmobilia\/\"]}]}<\/script>\n<!-- \/ Yoast SEO plugin. -->","yoast_head_json":{"title":"Lustre Modulaire en Verre mod. Giogali &#8211; Demosmobilia","robots":{"index":"index","follow":"follow","max-snippet":"max-snippet:-1","max-image-preview":"max-image-preview:large","max-video-preview":"max-video-preview:-1"},"canonical":"https:\/\/www.demosmobilia.ch\/fr\/product\/lustre-modulaire-en-verre-mod-giogali\/","og_locale":"fr_FR","og_type":"article","og_title":"Lustre Modulaire en Verre mod. Giogali &#8211; Demosmobilia","og_description":"Dimension sur demande du client. Collection de lampes compos\u00e9es d&rsquo;\u00e9l\u00e9ments en verre de Murano faits \u00e0 la main qui peuvent \u00eatre combin\u00e9s \u00e0 volont\u00e9 sur des structures en acier standard ou sur des structures sp\u00e9cifiquement con\u00e7ues pour le client.Read More &rarr;","og_url":"https:\/\/www.demosmobilia.ch\/fr\/product\/lustre-modulaire-en-verre-mod-giogali\/","og_site_name":"Demosmobilia","article_publisher":"https:\/\/www.facebook.com\/Demos-Mobilia-1137017453131445\/","article_modified_time":"2021-04-03T13:36:58+00:00","og_image":[{"width":600,"height":450,"url":"https:\/\/www.demosmobilia.ch\/wp-content\/uploads\/2016\/06\/giogali_vistosi_1972_angelo_mangiarotti.jpg","type":"image\/jpeg"}],"twitter_card":"summary_large_image","schema":{"@context":"https:\/\/schema.org","@graph":[{"@type":"WebPage","@id":"https:\/\/www.demosmobilia.ch\/fr\/product\/lustre-modulaire-en-verre-mod-giogali\/","url":"https:\/\/www.demosmobilia.ch\/fr\/product\/lustre-modulaire-en-verre-mod-giogali\/","name":"Lustre Modulaire en Verre mod. Giogali &#8211; Demosmobilia","isPartOf":{"@id":"https:\/\/www.demosmobilia.ch\/fr\/#website"},"primaryImageOfPage":{"@id":"https:\/\/www.demosmobilia.ch\/fr\/product\/lustre-modulaire-en-verre-mod-giogali\/#primaryimage"},"image":{"@id":"https:\/\/www.demosmobilia.ch\/fr\/product\/lustre-modulaire-en-verre-mod-giogali\/#primaryimage"},"thumbnailUrl":"https:\/\/www.demosmobilia.ch\/wp-content\/uploads\/2016\/06\/giogali_vistosi_1972_angelo_mangiarotti.jpg","datePublished":"2016-06-26T10:00:00+00:00","dateModified":"2021-04-03T13:36:58+00:00","breadcrumb":{"@id":"https:\/\/www.demosmobilia.ch\/fr\/product\/lustre-modulaire-en-verre-mod-giogali\/#breadcrumb"},"inLanguage":"fr-FR","potentialAction":[{"@type":"ReadAction","target":["https:\/\/www.demosmobilia.ch\/fr\/product\/lustre-modulaire-en-verre-mod-giogali\/"]}]},{"@type":"ImageObject","inLanguage":"fr-FR","@id":"https:\/\/www.demosmobilia.ch\/fr\/product\/lustre-modulaire-en-verre-mod-giogali\/#primaryimage","url":"https:\/\/www.demosmobilia.ch\/wp-content\/uploads\/2016\/06\/giogali_vistosi_1972_angelo_mangiarotti.jpg","contentUrl":"https:\/\/www.demosmobilia.ch\/wp-content\/uploads\/2016\/06\/giogali_vistosi_1972_angelo_mangiarotti.jpg","width":600,"height":450},{"@type":"BreadcrumbList","@id":"https:\/\/www.demosmobilia.ch\/fr\/product\/lustre-modulaire-en-verre-mod-giogali\/#breadcrumb","itemListElement":[{"@type":"ListItem","position":1,"name":"Home","item":"https:\/\/www.demosmobilia.ch\/fr\/"},{"@type":"ListItem","position":2,"name":"Produits","item":"https:\/\/www.demosmobilia.ch\/fr\/shop\/"},{"@type":"ListItem","position":3,"name":"Lustre Modulaire en Verre mod. Giogali"}]},{"@type":"WebSite","@id":"https:\/\/www.demosmobilia.ch\/fr\/#website","url":"https:\/\/www.demosmobilia.ch\/fr\/","name":"Demosmobilia","description":"Vintage Mid Century Modern Design Furniture from the &#039;30s to the &#039;80s","publisher":{"@id":"https:\/\/www.demosmobilia.ch\/fr\/#organization"},"potentialAction":[{"@type":"SearchAction","target":{"@type":"EntryPoint","urlTemplate":"https:\/\/www.demosmobilia.ch\/fr\/?s={search_term_string}"},"query-input":{"@type":"PropertyValueSpecification","valueRequired":true,"valueName":"search_term_string"}}],"inLanguage":"fr-FR"},{"@type":"Organization","@id":"https:\/\/www.demosmobilia.ch\/fr\/#organization","name":"demosmobilia","url":"https:\/\/www.demosmobilia.ch\/fr\/","logo":{"@type":"ImageObject","inLanguage":"fr-FR","@id":"https:\/\/www.demosmobilia.ch\/fr\/#\/schema\/logo\/image\/","url":"https:\/\/www.demosmobilia.ch\/wp-content\/uploads\/2020\/07\/demosmobilia-logo-2020-230-160.png","contentUrl":"https:\/\/www.demosmobilia.ch\/wp-content\/uploads\/2020\/07\/demosmobilia-logo-2020-230-160.png","width":230,"height":160,"caption":"demosmobilia"},"image":{"@id":"https:\/\/www.demosmobilia.ch\/fr\/#\/schema\/logo\/image\/"},"sameAs":["https:\/\/www.facebook.com\/Demos-Mobilia-1137017453131445\/","https:\/\/www.instagram.com\/demosmobilia\/"]}]}},"_links":{"self":[{"href":"https:\/\/www.demosmobilia.ch\/fr\/wp-json\/wp\/v2\/product\/49189","targetHints":{"allow":["GET"]}}],"collection":[{"href":"https:\/\/www.demosmobilia.ch\/fr\/wp-json\/wp\/v2\/product"}],"about":[{"href":"https:\/\/www.demosmobilia.ch\/fr\/wp-json\/wp\/v2\/types\/product"}],"wp:featuredmedia":[{"embeddable":true,"href":"https:\/\/www.demosmobilia.ch\/fr\/wp-json\/wp\/v2\/media\/49190"}],"wp:attachment":[{"href":"https:\/\/www.demosmobilia.ch\/fr\/wp-json\/wp\/v2\/media?parent=49189"}],"wp:term":[{"taxonomy":"product_cat","embeddable":true,"href":"https:\/\/www.demosmobilia.ch\/fr\/wp-json\/wp\/v2\/product_cat?post=49189"},{"taxonomy":"product_tag","embeddable":true,"href":"https:\/\/www.demosmobilia.ch\/fr\/wp-json\/wp\/v2\/product_tag?post=49189"}],"curies":[{"name":"wp","href":"https:\/\/api.w.org\/{rel}","templated":true}]}}