{"id":45746,"date":"2019-01-27T12:00:00","date_gmt":"2019-01-27T11:00:00","guid":{"rendered":"https:\/\/www.demosmobilia.ch\/product\/tapis-mod-2\/"},"modified":"2019-01-27T12:00:00","modified_gmt":"2019-01-27T11:00:00","slug":"tapis-mod-2","status":"publish","type":"product","link":"https:\/\/www.demosmobilia.ch\/fr\/product\/tapis-mod-2\/","title":{"rendered":"Tapis mod. Vagues"},"content":{"rendered":"<p>Ico Parisi (Palerme 1916 &#8211; C\u00f4me 1996) est l&rsquo;une des figures particuli\u00e8rement expressives de la culture de l&rsquo;an 900. En 1936, il commence un apprentissage dans le Studio Terragni et en 1950, il obtient son dipl\u00f4me d&rsquo;architecte \u00e0 Lausanne. Au cours de sa carri\u00e8re, il travaille comme architecte (rappelons, entre autres, le Pavillon Soggiorno de la Xe Triennale de Milan, 1954, l&rsquo;\u00e9glise de Santa Maria dell&rsquo;Osa \u00e0 Fonteblanda, Grosseto, 1962, et de nombreuses maisons priv\u00e9es), comme designer (meubles, objets, verres, etc.), comme \u00ab\u00a0l&rsquo;homme des utopies\u00a0\u00bb qui assume le pr\u00e9sent et le futur avec une s\u00e9rie de propositions provocantes et ironiques. Sa recherche architecturale a souvent op\u00e9r\u00e9 dans une logique d&rsquo;int\u00e9gration des arts en impliquant dans ses projets des artistes contemporains comme Mario Radice, Lucio Fontana, Francesco Somaini, Alberto Burri, Fausto Melotti, C\u00e9sar, mais aussi des personnes comme Michelangelo Antonioni.<\/p>\n","protected":false},"excerpt":{"rendered":"<p>Ico Parisi (Palerme 1916 &#8211; C\u00f4me 1996) est l&rsquo;une des figures particuli\u00e8rement expressives de la culture de l&rsquo;an 900. En 1936, il commence un apprentissage dans le Studio Terragni et en 1950, il obtient son dipl\u00f4me d&rsquo;architecte \u00e0 Lausanne. Au cours de sa carri\u00e8re, il travaille comme architecte (rappelons, entre autres, le Pavillon Soggiorno de la Xe Triennale de Milan, 1954, l&rsquo;\u00e9glise de Santa Maria dell&rsquo;Osa \u00e0 Fonteblanda, Grosseto, 1962, et de nombreuses maisons priv\u00e9es), comme designer (meubles, objets, verres, etc.), comme \u00ab\u00a0l&rsquo;homme des utopies\u00a0\u00bb qui assume le pr\u00e9sent et le futur avec une s\u00e9rie de propositions provocantes et ironiques. Sa recherche architecturale a souvent<a class=\"more-link\" href=\"https:\/\/www.demosmobilia.ch\/fr\/product\/tapis-mod-2\/\">Read More &rarr;<\/a><\/p>\n","protected":false},"featured_media":45747,"template":"","meta":{"_monsterinsights_skip_tracking":false,"_monsterinsights_sitenote_active":false,"_monsterinsights_sitenote_note":"","_monsterinsights_sitenote_category":0,"kk_blocks_editor_width":"","_kiokenblocks_attr":"","_kiokenblocks_dimensions":""},"product_cat":[4260],"product_tag":[6480],"class_list":{"0":"entry","1":"author-demosmobilia","2":"post-45746","3":"product","4":"type-product","5":"status-publish","6":"has-post-thumbnail","7":"product_production-amini","8":"product_year-contemporary","9":"product_nation-italie-fr","10":"product_cat-tapis-amini","11":"product_tag-parisi-ico-fr","13":"first","14":"instock","15":"shipping-taxable","16":"product-type-simple"},"yoast_head":"<!-- This site is optimized with the Yoast SEO plugin v24.0 - https:\/\/yoast.com\/wordpress\/plugins\/seo\/ -->\n<title>Tapis mod. Vagues &#8211; Demosmobilia<\/title>\n<meta name=\"robots\" content=\"index, follow, max-snippet:-1, max-image-preview:large, max-video-preview:-1\" \/>\n<link rel=\"canonical\" href=\"https:\/\/www.demosmobilia.ch\/fr\/product\/tapis-mod-2\/\" \/>\n<meta property=\"og:locale\" content=\"fr_FR\" \/>\n<meta property=\"og:type\" content=\"article\" \/>\n<meta property=\"og:title\" content=\"Tapis mod. Vagues &#8211; Demosmobilia\" \/>\n<meta property=\"og:description\" content=\"Ico Parisi (Palerme 1916 &#8211; C\u00f4me 1996) est l&rsquo;une des figures particuli\u00e8rement expressives de la culture de l&rsquo;an 900. En 1936, il commence un apprentissage dans le Studio Terragni et en 1950, il obtient son dipl\u00f4me d&rsquo;architecte \u00e0 Lausanne. Au cours de sa carri\u00e8re, il travaille comme architecte (rappelons, entre autres, le Pavillon Soggiorno de la Xe Triennale de Milan, 1954, l&rsquo;\u00e9glise de Santa Maria dell&rsquo;Osa \u00e0 Fonteblanda, Grosseto, 1962, et de nombreuses maisons priv\u00e9es), comme designer (meubles, objets, verres, etc.), comme \u00ab\u00a0l&rsquo;homme des utopies\u00a0\u00bb qui assume le pr\u00e9sent et le futur avec une s\u00e9rie de propositions provocantes et ironiques. Sa recherche architecturale a souventRead More &rarr;\" \/>\n<meta property=\"og:url\" content=\"https:\/\/www.demosmobilia.ch\/fr\/product\/tapis-mod-2\/\" \/>\n<meta property=\"og:site_name\" content=\"Demosmobilia\" \/>\n<meta property=\"article:publisher\" content=\"https:\/\/www.facebook.com\/Demos-Mobilia-1137017453131445\/\" \/>\n<meta property=\"og:image\" content=\"https:\/\/www.demosmobilia.ch\/wp-content\/uploads\/2019\/01\/onde_ico_parisi_amini_carpets_001.jpg\" \/>\n\t<meta property=\"og:image:width\" content=\"1200\" \/>\n\t<meta property=\"og:image:height\" content=\"900\" \/>\n\t<meta property=\"og:image:type\" content=\"image\/jpeg\" \/>\n<meta name=\"twitter:card\" content=\"summary_large_image\" \/>\n<meta name=\"twitter:label1\" content=\"Dur\u00e9e de lecture estim\u00e9e\" \/>\n\t<meta name=\"twitter:data1\" content=\"1 minute\" \/>\n<script type=\"application\/ld+json\" class=\"yoast-schema-graph\">{\"@context\":\"https:\/\/schema.org\",\"@graph\":[{\"@type\":\"WebPage\",\"@id\":\"https:\/\/www.demosmobilia.ch\/fr\/product\/tapis-mod-2\/\",\"url\":\"https:\/\/www.demosmobilia.ch\/fr\/product\/tapis-mod-2\/\",\"name\":\"Tapis mod. Vagues &#8211; Demosmobilia\",\"isPartOf\":{\"@id\":\"https:\/\/www.demosmobilia.ch\/fr\/#website\"},\"primaryImageOfPage\":{\"@id\":\"https:\/\/www.demosmobilia.ch\/fr\/product\/tapis-mod-2\/#primaryimage\"},\"image\":{\"@id\":\"https:\/\/www.demosmobilia.ch\/fr\/product\/tapis-mod-2\/#primaryimage\"},\"thumbnailUrl\":\"https:\/\/www.demosmobilia.ch\/wp-content\/uploads\/2019\/01\/onde_ico_parisi_amini_carpets_001.jpg\",\"datePublished\":\"2019-01-27T11:00:00+00:00\",\"dateModified\":\"2019-01-27T11:00:00+00:00\",\"breadcrumb\":{\"@id\":\"https:\/\/www.demosmobilia.ch\/fr\/product\/tapis-mod-2\/#breadcrumb\"},\"inLanguage\":\"fr-FR\",\"potentialAction\":[{\"@type\":\"ReadAction\",\"target\":[\"https:\/\/www.demosmobilia.ch\/fr\/product\/tapis-mod-2\/\"]}]},{\"@type\":\"ImageObject\",\"inLanguage\":\"fr-FR\",\"@id\":\"https:\/\/www.demosmobilia.ch\/fr\/product\/tapis-mod-2\/#primaryimage\",\"url\":\"https:\/\/www.demosmobilia.ch\/wp-content\/uploads\/2019\/01\/onde_ico_parisi_amini_carpets_001.jpg\",\"contentUrl\":\"https:\/\/www.demosmobilia.ch\/wp-content\/uploads\/2019\/01\/onde_ico_parisi_amini_carpets_001.jpg\",\"width\":1200,\"height\":900},{\"@type\":\"BreadcrumbList\",\"@id\":\"https:\/\/www.demosmobilia.ch\/fr\/product\/tapis-mod-2\/#breadcrumb\",\"itemListElement\":[{\"@type\":\"ListItem\",\"position\":1,\"name\":\"Home\",\"item\":\"https:\/\/www.demosmobilia.ch\/fr\/\"},{\"@type\":\"ListItem\",\"position\":2,\"name\":\"Produits\",\"item\":\"https:\/\/www.demosmobilia.ch\/fr\/shop\/\"},{\"@type\":\"ListItem\",\"position\":3,\"name\":\"Tapis mod. Vagues\"}]},{\"@type\":\"WebSite\",\"@id\":\"https:\/\/www.demosmobilia.ch\/fr\/#website\",\"url\":\"https:\/\/www.demosmobilia.ch\/fr\/\",\"name\":\"Demosmobilia\",\"description\":\"Vintage Mid Century Modern Design Furniture from the &#039;30s to the &#039;80s\",\"publisher\":{\"@id\":\"https:\/\/www.demosmobilia.ch\/fr\/#organization\"},\"potentialAction\":[{\"@type\":\"SearchAction\",\"target\":{\"@type\":\"EntryPoint\",\"urlTemplate\":\"https:\/\/www.demosmobilia.ch\/fr\/?s={search_term_string}\"},\"query-input\":{\"@type\":\"PropertyValueSpecification\",\"valueRequired\":true,\"valueName\":\"search_term_string\"}}],\"inLanguage\":\"fr-FR\"},{\"@type\":\"Organization\",\"@id\":\"https:\/\/www.demosmobilia.ch\/fr\/#organization\",\"name\":\"demosmobilia\",\"url\":\"https:\/\/www.demosmobilia.ch\/fr\/\",\"logo\":{\"@type\":\"ImageObject\",\"inLanguage\":\"fr-FR\",\"@id\":\"https:\/\/www.demosmobilia.ch\/fr\/#\/schema\/logo\/image\/\",\"url\":\"https:\/\/www.demosmobilia.ch\/wp-content\/uploads\/2020\/07\/demosmobilia-logo-2020-230-160.png\",\"contentUrl\":\"https:\/\/www.demosmobilia.ch\/wp-content\/uploads\/2020\/07\/demosmobilia-logo-2020-230-160.png\",\"width\":230,\"height\":160,\"caption\":\"demosmobilia\"},\"image\":{\"@id\":\"https:\/\/www.demosmobilia.ch\/fr\/#\/schema\/logo\/image\/\"},\"sameAs\":[\"https:\/\/www.facebook.com\/Demos-Mobilia-1137017453131445\/\",\"https:\/\/www.instagram.com\/demosmobilia\/\"]}]}<\/script>\n<!-- \/ Yoast SEO plugin. -->","yoast_head_json":{"title":"Tapis mod. Vagues &#8211; Demosmobilia","robots":{"index":"index","follow":"follow","max-snippet":"max-snippet:-1","max-image-preview":"max-image-preview:large","max-video-preview":"max-video-preview:-1"},"canonical":"https:\/\/www.demosmobilia.ch\/fr\/product\/tapis-mod-2\/","og_locale":"fr_FR","og_type":"article","og_title":"Tapis mod. Vagues &#8211; Demosmobilia","og_description":"Ico Parisi (Palerme 1916 &#8211; C\u00f4me 1996) est l&rsquo;une des figures particuli\u00e8rement expressives de la culture de l&rsquo;an 900. En 1936, il commence un apprentissage dans le Studio Terragni et en 1950, il obtient son dipl\u00f4me d&rsquo;architecte \u00e0 Lausanne. Au cours de sa carri\u00e8re, il travaille comme architecte (rappelons, entre autres, le Pavillon Soggiorno de la Xe Triennale de Milan, 1954, l&rsquo;\u00e9glise de Santa Maria dell&rsquo;Osa \u00e0 Fonteblanda, Grosseto, 1962, et de nombreuses maisons priv\u00e9es), comme designer (meubles, objets, verres, etc.), comme \u00ab\u00a0l&rsquo;homme des utopies\u00a0\u00bb qui assume le pr\u00e9sent et le futur avec une s\u00e9rie de propositions provocantes et ironiques. Sa recherche architecturale a souventRead More &rarr;","og_url":"https:\/\/www.demosmobilia.ch\/fr\/product\/tapis-mod-2\/","og_site_name":"Demosmobilia","article_publisher":"https:\/\/www.facebook.com\/Demos-Mobilia-1137017453131445\/","og_image":[{"width":1200,"height":900,"url":"https:\/\/www.demosmobilia.ch\/wp-content\/uploads\/2019\/01\/onde_ico_parisi_amini_carpets_001.jpg","type":"image\/jpeg"}],"twitter_card":"summary_large_image","twitter_misc":{"Dur\u00e9e de lecture estim\u00e9e":"1 minute"},"schema":{"@context":"https:\/\/schema.org","@graph":[{"@type":"WebPage","@id":"https:\/\/www.demosmobilia.ch\/fr\/product\/tapis-mod-2\/","url":"https:\/\/www.demosmobilia.ch\/fr\/product\/tapis-mod-2\/","name":"Tapis mod. Vagues &#8211; Demosmobilia","isPartOf":{"@id":"https:\/\/www.demosmobilia.ch\/fr\/#website"},"primaryImageOfPage":{"@id":"https:\/\/www.demosmobilia.ch\/fr\/product\/tapis-mod-2\/#primaryimage"},"image":{"@id":"https:\/\/www.demosmobilia.ch\/fr\/product\/tapis-mod-2\/#primaryimage"},"thumbnailUrl":"https:\/\/www.demosmobilia.ch\/wp-content\/uploads\/2019\/01\/onde_ico_parisi_amini_carpets_001.jpg","datePublished":"2019-01-27T11:00:00+00:00","dateModified":"2019-01-27T11:00:00+00:00","breadcrumb":{"@id":"https:\/\/www.demosmobilia.ch\/fr\/product\/tapis-mod-2\/#breadcrumb"},"inLanguage":"fr-FR","potentialAction":[{"@type":"ReadAction","target":["https:\/\/www.demosmobilia.ch\/fr\/product\/tapis-mod-2\/"]}]},{"@type":"ImageObject","inLanguage":"fr-FR","@id":"https:\/\/www.demosmobilia.ch\/fr\/product\/tapis-mod-2\/#primaryimage","url":"https:\/\/www.demosmobilia.ch\/wp-content\/uploads\/2019\/01\/onde_ico_parisi_amini_carpets_001.jpg","contentUrl":"https:\/\/www.demosmobilia.ch\/wp-content\/uploads\/2019\/01\/onde_ico_parisi_amini_carpets_001.jpg","width":1200,"height":900},{"@type":"BreadcrumbList","@id":"https:\/\/www.demosmobilia.ch\/fr\/product\/tapis-mod-2\/#breadcrumb","itemListElement":[{"@type":"ListItem","position":1,"name":"Home","item":"https:\/\/www.demosmobilia.ch\/fr\/"},{"@type":"ListItem","position":2,"name":"Produits","item":"https:\/\/www.demosmobilia.ch\/fr\/shop\/"},{"@type":"ListItem","position":3,"name":"Tapis mod. Vagues"}]},{"@type":"WebSite","@id":"https:\/\/www.demosmobilia.ch\/fr\/#website","url":"https:\/\/www.demosmobilia.ch\/fr\/","name":"Demosmobilia","description":"Vintage Mid Century Modern Design Furniture from the &#039;30s to the &#039;80s","publisher":{"@id":"https:\/\/www.demosmobilia.ch\/fr\/#organization"},"potentialAction":[{"@type":"SearchAction","target":{"@type":"EntryPoint","urlTemplate":"https:\/\/www.demosmobilia.ch\/fr\/?s={search_term_string}"},"query-input":{"@type":"PropertyValueSpecification","valueRequired":true,"valueName":"search_term_string"}}],"inLanguage":"fr-FR"},{"@type":"Organization","@id":"https:\/\/www.demosmobilia.ch\/fr\/#organization","name":"demosmobilia","url":"https:\/\/www.demosmobilia.ch\/fr\/","logo":{"@type":"ImageObject","inLanguage":"fr-FR","@id":"https:\/\/www.demosmobilia.ch\/fr\/#\/schema\/logo\/image\/","url":"https:\/\/www.demosmobilia.ch\/wp-content\/uploads\/2020\/07\/demosmobilia-logo-2020-230-160.png","contentUrl":"https:\/\/www.demosmobilia.ch\/wp-content\/uploads\/2020\/07\/demosmobilia-logo-2020-230-160.png","width":230,"height":160,"caption":"demosmobilia"},"image":{"@id":"https:\/\/www.demosmobilia.ch\/fr\/#\/schema\/logo\/image\/"},"sameAs":["https:\/\/www.facebook.com\/Demos-Mobilia-1137017453131445\/","https:\/\/www.instagram.com\/demosmobilia\/"]}]}},"_links":{"self":[{"href":"https:\/\/www.demosmobilia.ch\/fr\/wp-json\/wp\/v2\/product\/45746","targetHints":{"allow":["GET"]}}],"collection":[{"href":"https:\/\/www.demosmobilia.ch\/fr\/wp-json\/wp\/v2\/product"}],"about":[{"href":"https:\/\/www.demosmobilia.ch\/fr\/wp-json\/wp\/v2\/types\/product"}],"wp:featuredmedia":[{"embeddable":true,"href":"https:\/\/www.demosmobilia.ch\/fr\/wp-json\/wp\/v2\/media\/45747"}],"wp:attachment":[{"href":"https:\/\/www.demosmobilia.ch\/fr\/wp-json\/wp\/v2\/media?parent=45746"}],"wp:term":[{"taxonomy":"product_cat","embeddable":true,"href":"https:\/\/www.demosmobilia.ch\/fr\/wp-json\/wp\/v2\/product_cat?post=45746"},{"taxonomy":"product_tag","embeddable":true,"href":"https:\/\/www.demosmobilia.ch\/fr\/wp-json\/wp\/v2\/product_tag?post=45746"}],"curies":[{"name":"wp","href":"https:\/\/api.w.org\/{rel}","templated":true}]}}