{"id":45669,"date":"2019-01-28T12:00:00","date_gmt":"2019-01-28T11:00:00","guid":{"rendered":"https:\/\/www.demosmobilia.ch\/product\/tapis-mod-riflessi\/"},"modified":"2019-01-28T12:00:00","modified_gmt":"2019-01-28T11:00:00","slug":"tapis-mod-riflessi","status":"publish","type":"product","link":"https:\/\/www.demosmobilia.ch\/fr\/product\/tapis-mod-riflessi\/","title":{"rendered":"Tapis mod. Riflessi"},"content":{"rendered":"<p>Gio Ponti con\u00e7oit des formes comme des facettes de diamant qui refl\u00e8tent et brisent la lumi\u00e8re pour cr\u00e9er des couches de formes angulaires transparentes pour un tapis moderne et sophistiqu\u00e9. Les chefs-d&rsquo;\u0153uvre tels que les vari\u00e9t\u00e9s de laine tib\u00e9taine et de soie naturelle sont bien plus que de simples accessoires d&rsquo;ameublement, car ils apportent dans nos maisons un sentiment d&rsquo;harmonie et un sens des proportions gr\u00e2ce \u00e0 l&rsquo;\u00e9quilibre parfait entre le design, la forme et la couleur.<\/p>\n","protected":false},"excerpt":{"rendered":"<p>Gio Ponti con\u00e7oit des formes comme des facettes de diamant qui refl\u00e8tent et brisent la lumi\u00e8re pour cr\u00e9er des couches de formes angulaires transparentes pour un tapis moderne et sophistiqu\u00e9. Les chefs-d&rsquo;\u0153uvre tels que les vari\u00e9t\u00e9s de laine tib\u00e9taine et de soie naturelle sont bien plus que de simples accessoires d&rsquo;ameublement, car ils apportent dans nos maisons un sentiment d&rsquo;harmonie et un sens des proportions gr\u00e2ce \u00e0 l&rsquo;\u00e9quilibre parfait entre le design, la forme et la couleur.<a class=\"more-link\" href=\"https:\/\/www.demosmobilia.ch\/fr\/product\/tapis-mod-riflessi\/\">Read More &rarr;<\/a><\/p>\n","protected":false},"featured_media":45670,"template":"","meta":{"_monsterinsights_skip_tracking":false,"_monsterinsights_sitenote_active":false,"_monsterinsights_sitenote_note":"","_monsterinsights_sitenote_category":0,"kk_blocks_editor_width":"","_kiokenblocks_attr":"","_kiokenblocks_dimensions":""},"product_cat":[4260],"product_tag":[6471],"class_list":{"0":"entry","1":"author-demosmobilia","2":"post-45669","3":"product","4":"type-product","5":"status-publish","6":"has-post-thumbnail","7":"product_production-amini","8":"product_year-contemporary","9":"product_nation-italie-fr","10":"product_cat-tapis-amini","11":"product_tag-ponti-gio-fr","13":"first","14":"instock","15":"shipping-taxable","16":"product-type-simple"},"yoast_head":"<!-- This site is optimized with the Yoast SEO plugin v24.0 - https:\/\/yoast.com\/wordpress\/plugins\/seo\/ -->\n<title>Tapis mod. Riflessi &#8211; Demosmobilia<\/title>\n<meta name=\"robots\" content=\"index, follow, max-snippet:-1, max-image-preview:large, max-video-preview:-1\" \/>\n<link rel=\"canonical\" href=\"https:\/\/www.demosmobilia.ch\/fr\/product\/tapis-mod-riflessi\/\" \/>\n<meta property=\"og:locale\" content=\"fr_FR\" \/>\n<meta property=\"og:type\" content=\"article\" \/>\n<meta property=\"og:title\" content=\"Tapis mod. Riflessi &#8211; Demosmobilia\" \/>\n<meta property=\"og:description\" content=\"Gio Ponti con\u00e7oit des formes comme des facettes de diamant qui refl\u00e8tent et brisent la lumi\u00e8re pour cr\u00e9er des couches de formes angulaires transparentes pour un tapis moderne et sophistiqu\u00e9. Les chefs-d&rsquo;\u0153uvre tels que les vari\u00e9t\u00e9s de laine tib\u00e9taine et de soie naturelle sont bien plus que de simples accessoires d&rsquo;ameublement, car ils apportent dans nos maisons un sentiment d&rsquo;harmonie et un sens des proportions gr\u00e2ce \u00e0 l&rsquo;\u00e9quilibre parfait entre le design, la forme et la couleur.Read More &rarr;\" \/>\n<meta property=\"og:url\" content=\"https:\/\/www.demosmobilia.ch\/fr\/product\/tapis-mod-riflessi\/\" \/>\n<meta property=\"og:site_name\" content=\"Demosmobilia\" \/>\n<meta property=\"article:publisher\" content=\"https:\/\/www.facebook.com\/Demos-Mobilia-1137017453131445\/\" \/>\n<meta property=\"og:image\" content=\"https:\/\/www.demosmobilia.ch\/wp-content\/uploads\/2019\/01\/riflessi_gio_ponti_amini_carpets_01-0.jpg\" \/>\n\t<meta property=\"og:image:width\" content=\"1200\" \/>\n\t<meta property=\"og:image:height\" content=\"900\" \/>\n\t<meta property=\"og:image:type\" content=\"image\/jpeg\" \/>\n<meta name=\"twitter:card\" content=\"summary_large_image\" \/>\n<script type=\"application\/ld+json\" class=\"yoast-schema-graph\">{\"@context\":\"https:\/\/schema.org\",\"@graph\":[{\"@type\":\"WebPage\",\"@id\":\"https:\/\/www.demosmobilia.ch\/fr\/product\/tapis-mod-riflessi\/\",\"url\":\"https:\/\/www.demosmobilia.ch\/fr\/product\/tapis-mod-riflessi\/\",\"name\":\"Tapis mod. Riflessi &#8211; Demosmobilia\",\"isPartOf\":{\"@id\":\"https:\/\/www.demosmobilia.ch\/fr\/#website\"},\"primaryImageOfPage\":{\"@id\":\"https:\/\/www.demosmobilia.ch\/fr\/product\/tapis-mod-riflessi\/#primaryimage\"},\"image\":{\"@id\":\"https:\/\/www.demosmobilia.ch\/fr\/product\/tapis-mod-riflessi\/#primaryimage\"},\"thumbnailUrl\":\"https:\/\/www.demosmobilia.ch\/wp-content\/uploads\/2019\/01\/riflessi_gio_ponti_amini_carpets_01-0.jpg\",\"datePublished\":\"2019-01-28T11:00:00+00:00\",\"dateModified\":\"2019-01-28T11:00:00+00:00\",\"breadcrumb\":{\"@id\":\"https:\/\/www.demosmobilia.ch\/fr\/product\/tapis-mod-riflessi\/#breadcrumb\"},\"inLanguage\":\"fr-FR\",\"potentialAction\":[{\"@type\":\"ReadAction\",\"target\":[\"https:\/\/www.demosmobilia.ch\/fr\/product\/tapis-mod-riflessi\/\"]}]},{\"@type\":\"ImageObject\",\"inLanguage\":\"fr-FR\",\"@id\":\"https:\/\/www.demosmobilia.ch\/fr\/product\/tapis-mod-riflessi\/#primaryimage\",\"url\":\"https:\/\/www.demosmobilia.ch\/wp-content\/uploads\/2019\/01\/riflessi_gio_ponti_amini_carpets_01-0.jpg\",\"contentUrl\":\"https:\/\/www.demosmobilia.ch\/wp-content\/uploads\/2019\/01\/riflessi_gio_ponti_amini_carpets_01-0.jpg\",\"width\":1200,\"height\":900},{\"@type\":\"BreadcrumbList\",\"@id\":\"https:\/\/www.demosmobilia.ch\/fr\/product\/tapis-mod-riflessi\/#breadcrumb\",\"itemListElement\":[{\"@type\":\"ListItem\",\"position\":1,\"name\":\"Home\",\"item\":\"https:\/\/www.demosmobilia.ch\/fr\/\"},{\"@type\":\"ListItem\",\"position\":2,\"name\":\"Produits\",\"item\":\"https:\/\/www.demosmobilia.ch\/fr\/shop\/\"},{\"@type\":\"ListItem\",\"position\":3,\"name\":\"Tapis mod. Riflessi\"}]},{\"@type\":\"WebSite\",\"@id\":\"https:\/\/www.demosmobilia.ch\/fr\/#website\",\"url\":\"https:\/\/www.demosmobilia.ch\/fr\/\",\"name\":\"Demosmobilia\",\"description\":\"Vintage Mid Century Modern Design Furniture from the &#039;30s to the &#039;80s\",\"publisher\":{\"@id\":\"https:\/\/www.demosmobilia.ch\/fr\/#organization\"},\"potentialAction\":[{\"@type\":\"SearchAction\",\"target\":{\"@type\":\"EntryPoint\",\"urlTemplate\":\"https:\/\/www.demosmobilia.ch\/fr\/?s={search_term_string}\"},\"query-input\":{\"@type\":\"PropertyValueSpecification\",\"valueRequired\":true,\"valueName\":\"search_term_string\"}}],\"inLanguage\":\"fr-FR\"},{\"@type\":\"Organization\",\"@id\":\"https:\/\/www.demosmobilia.ch\/fr\/#organization\",\"name\":\"demosmobilia\",\"url\":\"https:\/\/www.demosmobilia.ch\/fr\/\",\"logo\":{\"@type\":\"ImageObject\",\"inLanguage\":\"fr-FR\",\"@id\":\"https:\/\/www.demosmobilia.ch\/fr\/#\/schema\/logo\/image\/\",\"url\":\"https:\/\/www.demosmobilia.ch\/wp-content\/uploads\/2020\/07\/demosmobilia-logo-2020-230-160.png\",\"contentUrl\":\"https:\/\/www.demosmobilia.ch\/wp-content\/uploads\/2020\/07\/demosmobilia-logo-2020-230-160.png\",\"width\":230,\"height\":160,\"caption\":\"demosmobilia\"},\"image\":{\"@id\":\"https:\/\/www.demosmobilia.ch\/fr\/#\/schema\/logo\/image\/\"},\"sameAs\":[\"https:\/\/www.facebook.com\/Demos-Mobilia-1137017453131445\/\",\"https:\/\/www.instagram.com\/demosmobilia\/\"]}]}<\/script>\n<!-- \/ Yoast SEO plugin. -->","yoast_head_json":{"title":"Tapis mod. Riflessi &#8211; Demosmobilia","robots":{"index":"index","follow":"follow","max-snippet":"max-snippet:-1","max-image-preview":"max-image-preview:large","max-video-preview":"max-video-preview:-1"},"canonical":"https:\/\/www.demosmobilia.ch\/fr\/product\/tapis-mod-riflessi\/","og_locale":"fr_FR","og_type":"article","og_title":"Tapis mod. Riflessi &#8211; Demosmobilia","og_description":"Gio Ponti con\u00e7oit des formes comme des facettes de diamant qui refl\u00e8tent et brisent la lumi\u00e8re pour cr\u00e9er des couches de formes angulaires transparentes pour un tapis moderne et sophistiqu\u00e9. Les chefs-d&rsquo;\u0153uvre tels que les vari\u00e9t\u00e9s de laine tib\u00e9taine et de soie naturelle sont bien plus que de simples accessoires d&rsquo;ameublement, car ils apportent dans nos maisons un sentiment d&rsquo;harmonie et un sens des proportions gr\u00e2ce \u00e0 l&rsquo;\u00e9quilibre parfait entre le design, la forme et la couleur.Read More &rarr;","og_url":"https:\/\/www.demosmobilia.ch\/fr\/product\/tapis-mod-riflessi\/","og_site_name":"Demosmobilia","article_publisher":"https:\/\/www.facebook.com\/Demos-Mobilia-1137017453131445\/","og_image":[{"width":1200,"height":900,"url":"https:\/\/www.demosmobilia.ch\/wp-content\/uploads\/2019\/01\/riflessi_gio_ponti_amini_carpets_01-0.jpg","type":"image\/jpeg"}],"twitter_card":"summary_large_image","schema":{"@context":"https:\/\/schema.org","@graph":[{"@type":"WebPage","@id":"https:\/\/www.demosmobilia.ch\/fr\/product\/tapis-mod-riflessi\/","url":"https:\/\/www.demosmobilia.ch\/fr\/product\/tapis-mod-riflessi\/","name":"Tapis mod. Riflessi &#8211; Demosmobilia","isPartOf":{"@id":"https:\/\/www.demosmobilia.ch\/fr\/#website"},"primaryImageOfPage":{"@id":"https:\/\/www.demosmobilia.ch\/fr\/product\/tapis-mod-riflessi\/#primaryimage"},"image":{"@id":"https:\/\/www.demosmobilia.ch\/fr\/product\/tapis-mod-riflessi\/#primaryimage"},"thumbnailUrl":"https:\/\/www.demosmobilia.ch\/wp-content\/uploads\/2019\/01\/riflessi_gio_ponti_amini_carpets_01-0.jpg","datePublished":"2019-01-28T11:00:00+00:00","dateModified":"2019-01-28T11:00:00+00:00","breadcrumb":{"@id":"https:\/\/www.demosmobilia.ch\/fr\/product\/tapis-mod-riflessi\/#breadcrumb"},"inLanguage":"fr-FR","potentialAction":[{"@type":"ReadAction","target":["https:\/\/www.demosmobilia.ch\/fr\/product\/tapis-mod-riflessi\/"]}]},{"@type":"ImageObject","inLanguage":"fr-FR","@id":"https:\/\/www.demosmobilia.ch\/fr\/product\/tapis-mod-riflessi\/#primaryimage","url":"https:\/\/www.demosmobilia.ch\/wp-content\/uploads\/2019\/01\/riflessi_gio_ponti_amini_carpets_01-0.jpg","contentUrl":"https:\/\/www.demosmobilia.ch\/wp-content\/uploads\/2019\/01\/riflessi_gio_ponti_amini_carpets_01-0.jpg","width":1200,"height":900},{"@type":"BreadcrumbList","@id":"https:\/\/www.demosmobilia.ch\/fr\/product\/tapis-mod-riflessi\/#breadcrumb","itemListElement":[{"@type":"ListItem","position":1,"name":"Home","item":"https:\/\/www.demosmobilia.ch\/fr\/"},{"@type":"ListItem","position":2,"name":"Produits","item":"https:\/\/www.demosmobilia.ch\/fr\/shop\/"},{"@type":"ListItem","position":3,"name":"Tapis mod. Riflessi"}]},{"@type":"WebSite","@id":"https:\/\/www.demosmobilia.ch\/fr\/#website","url":"https:\/\/www.demosmobilia.ch\/fr\/","name":"Demosmobilia","description":"Vintage Mid Century Modern Design Furniture from the &#039;30s to the &#039;80s","publisher":{"@id":"https:\/\/www.demosmobilia.ch\/fr\/#organization"},"potentialAction":[{"@type":"SearchAction","target":{"@type":"EntryPoint","urlTemplate":"https:\/\/www.demosmobilia.ch\/fr\/?s={search_term_string}"},"query-input":{"@type":"PropertyValueSpecification","valueRequired":true,"valueName":"search_term_string"}}],"inLanguage":"fr-FR"},{"@type":"Organization","@id":"https:\/\/www.demosmobilia.ch\/fr\/#organization","name":"demosmobilia","url":"https:\/\/www.demosmobilia.ch\/fr\/","logo":{"@type":"ImageObject","inLanguage":"fr-FR","@id":"https:\/\/www.demosmobilia.ch\/fr\/#\/schema\/logo\/image\/","url":"https:\/\/www.demosmobilia.ch\/wp-content\/uploads\/2020\/07\/demosmobilia-logo-2020-230-160.png","contentUrl":"https:\/\/www.demosmobilia.ch\/wp-content\/uploads\/2020\/07\/demosmobilia-logo-2020-230-160.png","width":230,"height":160,"caption":"demosmobilia"},"image":{"@id":"https:\/\/www.demosmobilia.ch\/fr\/#\/schema\/logo\/image\/"},"sameAs":["https:\/\/www.facebook.com\/Demos-Mobilia-1137017453131445\/","https:\/\/www.instagram.com\/demosmobilia\/"]}]}},"_links":{"self":[{"href":"https:\/\/www.demosmobilia.ch\/fr\/wp-json\/wp\/v2\/product\/45669","targetHints":{"allow":["GET"]}}],"collection":[{"href":"https:\/\/www.demosmobilia.ch\/fr\/wp-json\/wp\/v2\/product"}],"about":[{"href":"https:\/\/www.demosmobilia.ch\/fr\/wp-json\/wp\/v2\/types\/product"}],"wp:featuredmedia":[{"embeddable":true,"href":"https:\/\/www.demosmobilia.ch\/fr\/wp-json\/wp\/v2\/media\/45670"}],"wp:attachment":[{"href":"https:\/\/www.demosmobilia.ch\/fr\/wp-json\/wp\/v2\/media?parent=45669"}],"wp:term":[{"taxonomy":"product_cat","embeddable":true,"href":"https:\/\/www.demosmobilia.ch\/fr\/wp-json\/wp\/v2\/product_cat?post=45669"},{"taxonomy":"product_tag","embeddable":true,"href":"https:\/\/www.demosmobilia.ch\/fr\/wp-json\/wp\/v2\/product_tag?post=45669"}],"curies":[{"name":"wp","href":"https:\/\/api.w.org\/{rel}","templated":true}]}}