{"id":45495,"date":"2019-01-29T12:00:00","date_gmt":"2019-01-29T11:00:00","guid":{"rendered":"https:\/\/www.demosmobilia.ch\/product\/tapis-mod-composizione-74\/"},"modified":"2019-01-29T12:00:00","modified_gmt":"2019-01-29T11:00:00","slug":"tapis-mod-composizione-74","status":"publish","type":"product","link":"https:\/\/www.demosmobilia.ch\/fr\/product\/tapis-mod-composizione-74\/","title":{"rendered":"Tapis mod. Composizione 74"},"content":{"rendered":"<p>Manlio Rho a commenc\u00e9 \u00e0 peindre en 1918, s&rsquo;occupant \u00e9galement d&rsquo;affiches et de graphisme. Entre 1933 et 1934, abandonnant les tendances initiales du XXe si\u00e8cle, il aborde l&rsquo;abstraction en 1935 et participe avec Radice \u00e0 une exposition \u00e0 la galerie Milione de Milan. En 1936, il organise \u00e0 C\u00f4me avec Sartoris Radice l&rsquo;exposition de la peinture italienne moderne. En 1938, il rejoint le groupe Valori Primordiali et dans les ann\u00e9es 40, il signe le Manifeste du Gruppo Primordiale Futuristi Sant&rsquo;Elia avec Badiali, Cattaneo, Licini, Lingeri, Nizzoli, Prampolini, Radice et Sartoris. Il aimait sa patrie, o\u00f9 il est n\u00e9 et a v\u00e9cu pour toujours, mais il \u00e9tait aussi tr\u00e8s conscient et sensible aux nouvelles tendances artistiques qui venaient de l&rsquo;\u00e9tranger. En fait, d&rsquo;importantes impulsions ont pu \u00eatre tir\u00e9es de l&rsquo;exemple du Bauhaus \u00e0 Weimar et \u00e0 Dessau, mais aussi du n\u00e9o-plasticisme de Mondrian avec lequel il partageait, au-del\u00e0 des superstructures \u00e9thiques et th\u00e9osophiques, le concept de faire de l&rsquo;art par de pures relations de formes et de couleurs.<\/p>\n","protected":false},"excerpt":{"rendered":"<p>Manlio Rho a commenc\u00e9 \u00e0 peindre en 1918, s&rsquo;occupant \u00e9galement d&rsquo;affiches et de graphisme. Entre 1933 et 1934, abandonnant les tendances initiales du XXe si\u00e8cle, il aborde l&rsquo;abstraction en 1935 et participe avec Radice \u00e0 une exposition \u00e0 la galerie Milione de Milan. En 1936, il organise \u00e0 C\u00f4me avec Sartoris Radice l&rsquo;exposition de la peinture italienne moderne. En 1938, il rejoint le groupe Valori Primordiali et dans les ann\u00e9es 40, il signe le Manifeste du Gruppo Primordiale Futuristi Sant&rsquo;Elia avec Badiali, Cattaneo, Licini, Lingeri, Nizzoli, Prampolini, Radice et Sartoris. Il aimait sa patrie, o\u00f9 il est n\u00e9 et a v\u00e9cu pour toujours, mais il<a class=\"more-link\" href=\"https:\/\/www.demosmobilia.ch\/fr\/product\/tapis-mod-composizione-74\/\">Read More &rarr;<\/a><\/p>\n","protected":false},"featured_media":45496,"template":"","meta":{"_monsterinsights_skip_tracking":false,"_monsterinsights_sitenote_active":false,"_monsterinsights_sitenote_note":"","_monsterinsights_sitenote_category":0,"kk_blocks_editor_width":"","_kiokenblocks_attr":"","_kiokenblocks_dimensions":""},"product_cat":[4260],"product_tag":[7045],"class_list":{"0":"entry","1":"author-demosmobilia","2":"post-45495","3":"product","4":"type-product","5":"status-publish","6":"has-post-thumbnail","7":"product_production-amini","8":"product_year-contemporary","9":"product_nation-italie-fr","10":"product_cat-tapis-amini","11":"product_tag-rho-manlio-fr","13":"first","14":"instock","15":"shipping-taxable","16":"product-type-simple"},"yoast_head":"<!-- This site is optimized with the Yoast SEO plugin v24.0 - https:\/\/yoast.com\/wordpress\/plugins\/seo\/ -->\n<title>Tapis mod. Composizione 74 &#8211; Demosmobilia<\/title>\n<meta name=\"robots\" content=\"index, follow, max-snippet:-1, max-image-preview:large, max-video-preview:-1\" \/>\n<link rel=\"canonical\" href=\"https:\/\/www.demosmobilia.ch\/fr\/product\/tapis-mod-composizione-74\/\" \/>\n<meta property=\"og:locale\" content=\"fr_FR\" \/>\n<meta property=\"og:type\" content=\"article\" \/>\n<meta property=\"og:title\" content=\"Tapis mod. Composizione 74 &#8211; Demosmobilia\" \/>\n<meta property=\"og:description\" content=\"Manlio Rho a commenc\u00e9 \u00e0 peindre en 1918, s&rsquo;occupant \u00e9galement d&rsquo;affiches et de graphisme. Entre 1933 et 1934, abandonnant les tendances initiales du XXe si\u00e8cle, il aborde l&rsquo;abstraction en 1935 et participe avec Radice \u00e0 une exposition \u00e0 la galerie Milione de Milan. En 1936, il organise \u00e0 C\u00f4me avec Sartoris Radice l&rsquo;exposition de la peinture italienne moderne. En 1938, il rejoint le groupe Valori Primordiali et dans les ann\u00e9es 40, il signe le Manifeste du Gruppo Primordiale Futuristi Sant&rsquo;Elia avec Badiali, Cattaneo, Licini, Lingeri, Nizzoli, Prampolini, Radice et Sartoris. Il aimait sa patrie, o\u00f9 il est n\u00e9 et a v\u00e9cu pour toujours, mais ilRead More &rarr;\" \/>\n<meta property=\"og:url\" content=\"https:\/\/www.demosmobilia.ch\/fr\/product\/tapis-mod-composizione-74\/\" \/>\n<meta property=\"og:site_name\" content=\"Demosmobilia\" \/>\n<meta property=\"article:publisher\" content=\"https:\/\/www.facebook.com\/Demos-Mobilia-1137017453131445\/\" \/>\n<meta property=\"og:image\" content=\"https:\/\/www.demosmobilia.ch\/wp-content\/uploads\/2019\/01\/amini_rug_manlio_rho_carpet_white_00.jpg\" \/>\n\t<meta property=\"og:image:width\" content=\"1200\" \/>\n\t<meta property=\"og:image:height\" content=\"900\" \/>\n\t<meta property=\"og:image:type\" content=\"image\/jpeg\" \/>\n<meta name=\"twitter:card\" content=\"summary_large_image\" \/>\n<meta name=\"twitter:label1\" content=\"Dur\u00e9e de lecture estim\u00e9e\" \/>\n\t<meta name=\"twitter:data1\" content=\"1 minute\" \/>\n<script type=\"application\/ld+json\" class=\"yoast-schema-graph\">{\"@context\":\"https:\/\/schema.org\",\"@graph\":[{\"@type\":\"WebPage\",\"@id\":\"https:\/\/www.demosmobilia.ch\/fr\/product\/tapis-mod-composizione-74\/\",\"url\":\"https:\/\/www.demosmobilia.ch\/fr\/product\/tapis-mod-composizione-74\/\",\"name\":\"Tapis mod. Composizione 74 &#8211; Demosmobilia\",\"isPartOf\":{\"@id\":\"https:\/\/www.demosmobilia.ch\/fr\/#website\"},\"primaryImageOfPage\":{\"@id\":\"https:\/\/www.demosmobilia.ch\/fr\/product\/tapis-mod-composizione-74\/#primaryimage\"},\"image\":{\"@id\":\"https:\/\/www.demosmobilia.ch\/fr\/product\/tapis-mod-composizione-74\/#primaryimage\"},\"thumbnailUrl\":\"https:\/\/www.demosmobilia.ch\/wp-content\/uploads\/2019\/01\/amini_rug_manlio_rho_carpet_white_00.jpg\",\"datePublished\":\"2019-01-29T11:00:00+00:00\",\"dateModified\":\"2019-01-29T11:00:00+00:00\",\"breadcrumb\":{\"@id\":\"https:\/\/www.demosmobilia.ch\/fr\/product\/tapis-mod-composizione-74\/#breadcrumb\"},\"inLanguage\":\"fr-FR\",\"potentialAction\":[{\"@type\":\"ReadAction\",\"target\":[\"https:\/\/www.demosmobilia.ch\/fr\/product\/tapis-mod-composizione-74\/\"]}]},{\"@type\":\"ImageObject\",\"inLanguage\":\"fr-FR\",\"@id\":\"https:\/\/www.demosmobilia.ch\/fr\/product\/tapis-mod-composizione-74\/#primaryimage\",\"url\":\"https:\/\/www.demosmobilia.ch\/wp-content\/uploads\/2019\/01\/amini_rug_manlio_rho_carpet_white_00.jpg\",\"contentUrl\":\"https:\/\/www.demosmobilia.ch\/wp-content\/uploads\/2019\/01\/amini_rug_manlio_rho_carpet_white_00.jpg\",\"width\":1200,\"height\":900},{\"@type\":\"BreadcrumbList\",\"@id\":\"https:\/\/www.demosmobilia.ch\/fr\/product\/tapis-mod-composizione-74\/#breadcrumb\",\"itemListElement\":[{\"@type\":\"ListItem\",\"position\":1,\"name\":\"Home\",\"item\":\"https:\/\/www.demosmobilia.ch\/fr\/\"},{\"@type\":\"ListItem\",\"position\":2,\"name\":\"Produits\",\"item\":\"https:\/\/www.demosmobilia.ch\/fr\/shop\/\"},{\"@type\":\"ListItem\",\"position\":3,\"name\":\"Tapis mod. Composizione 74\"}]},{\"@type\":\"WebSite\",\"@id\":\"https:\/\/www.demosmobilia.ch\/fr\/#website\",\"url\":\"https:\/\/www.demosmobilia.ch\/fr\/\",\"name\":\"Demosmobilia\",\"description\":\"Vintage Mid Century Modern Design Furniture from the &#039;30s to the &#039;80s\",\"publisher\":{\"@id\":\"https:\/\/www.demosmobilia.ch\/fr\/#organization\"},\"potentialAction\":[{\"@type\":\"SearchAction\",\"target\":{\"@type\":\"EntryPoint\",\"urlTemplate\":\"https:\/\/www.demosmobilia.ch\/fr\/?s={search_term_string}\"},\"query-input\":{\"@type\":\"PropertyValueSpecification\",\"valueRequired\":true,\"valueName\":\"search_term_string\"}}],\"inLanguage\":\"fr-FR\"},{\"@type\":\"Organization\",\"@id\":\"https:\/\/www.demosmobilia.ch\/fr\/#organization\",\"name\":\"demosmobilia\",\"url\":\"https:\/\/www.demosmobilia.ch\/fr\/\",\"logo\":{\"@type\":\"ImageObject\",\"inLanguage\":\"fr-FR\",\"@id\":\"https:\/\/www.demosmobilia.ch\/fr\/#\/schema\/logo\/image\/\",\"url\":\"https:\/\/www.demosmobilia.ch\/wp-content\/uploads\/2020\/07\/demosmobilia-logo-2020-230-160.png\",\"contentUrl\":\"https:\/\/www.demosmobilia.ch\/wp-content\/uploads\/2020\/07\/demosmobilia-logo-2020-230-160.png\",\"width\":230,\"height\":160,\"caption\":\"demosmobilia\"},\"image\":{\"@id\":\"https:\/\/www.demosmobilia.ch\/fr\/#\/schema\/logo\/image\/\"},\"sameAs\":[\"https:\/\/www.facebook.com\/Demos-Mobilia-1137017453131445\/\",\"https:\/\/www.instagram.com\/demosmobilia\/\"]}]}<\/script>\n<!-- \/ Yoast SEO plugin. -->","yoast_head_json":{"title":"Tapis mod. Composizione 74 &#8211; Demosmobilia","robots":{"index":"index","follow":"follow","max-snippet":"max-snippet:-1","max-image-preview":"max-image-preview:large","max-video-preview":"max-video-preview:-1"},"canonical":"https:\/\/www.demosmobilia.ch\/fr\/product\/tapis-mod-composizione-74\/","og_locale":"fr_FR","og_type":"article","og_title":"Tapis mod. Composizione 74 &#8211; Demosmobilia","og_description":"Manlio Rho a commenc\u00e9 \u00e0 peindre en 1918, s&rsquo;occupant \u00e9galement d&rsquo;affiches et de graphisme. Entre 1933 et 1934, abandonnant les tendances initiales du XXe si\u00e8cle, il aborde l&rsquo;abstraction en 1935 et participe avec Radice \u00e0 une exposition \u00e0 la galerie Milione de Milan. En 1936, il organise \u00e0 C\u00f4me avec Sartoris Radice l&rsquo;exposition de la peinture italienne moderne. En 1938, il rejoint le groupe Valori Primordiali et dans les ann\u00e9es 40, il signe le Manifeste du Gruppo Primordiale Futuristi Sant&rsquo;Elia avec Badiali, Cattaneo, Licini, Lingeri, Nizzoli, Prampolini, Radice et Sartoris. Il aimait sa patrie, o\u00f9 il est n\u00e9 et a v\u00e9cu pour toujours, mais ilRead More &rarr;","og_url":"https:\/\/www.demosmobilia.ch\/fr\/product\/tapis-mod-composizione-74\/","og_site_name":"Demosmobilia","article_publisher":"https:\/\/www.facebook.com\/Demos-Mobilia-1137017453131445\/","og_image":[{"width":1200,"height":900,"url":"https:\/\/www.demosmobilia.ch\/wp-content\/uploads\/2019\/01\/amini_rug_manlio_rho_carpet_white_00.jpg","type":"image\/jpeg"}],"twitter_card":"summary_large_image","twitter_misc":{"Dur\u00e9e de lecture estim\u00e9e":"1 minute"},"schema":{"@context":"https:\/\/schema.org","@graph":[{"@type":"WebPage","@id":"https:\/\/www.demosmobilia.ch\/fr\/product\/tapis-mod-composizione-74\/","url":"https:\/\/www.demosmobilia.ch\/fr\/product\/tapis-mod-composizione-74\/","name":"Tapis mod. Composizione 74 &#8211; Demosmobilia","isPartOf":{"@id":"https:\/\/www.demosmobilia.ch\/fr\/#website"},"primaryImageOfPage":{"@id":"https:\/\/www.demosmobilia.ch\/fr\/product\/tapis-mod-composizione-74\/#primaryimage"},"image":{"@id":"https:\/\/www.demosmobilia.ch\/fr\/product\/tapis-mod-composizione-74\/#primaryimage"},"thumbnailUrl":"https:\/\/www.demosmobilia.ch\/wp-content\/uploads\/2019\/01\/amini_rug_manlio_rho_carpet_white_00.jpg","datePublished":"2019-01-29T11:00:00+00:00","dateModified":"2019-01-29T11:00:00+00:00","breadcrumb":{"@id":"https:\/\/www.demosmobilia.ch\/fr\/product\/tapis-mod-composizione-74\/#breadcrumb"},"inLanguage":"fr-FR","potentialAction":[{"@type":"ReadAction","target":["https:\/\/www.demosmobilia.ch\/fr\/product\/tapis-mod-composizione-74\/"]}]},{"@type":"ImageObject","inLanguage":"fr-FR","@id":"https:\/\/www.demosmobilia.ch\/fr\/product\/tapis-mod-composizione-74\/#primaryimage","url":"https:\/\/www.demosmobilia.ch\/wp-content\/uploads\/2019\/01\/amini_rug_manlio_rho_carpet_white_00.jpg","contentUrl":"https:\/\/www.demosmobilia.ch\/wp-content\/uploads\/2019\/01\/amini_rug_manlio_rho_carpet_white_00.jpg","width":1200,"height":900},{"@type":"BreadcrumbList","@id":"https:\/\/www.demosmobilia.ch\/fr\/product\/tapis-mod-composizione-74\/#breadcrumb","itemListElement":[{"@type":"ListItem","position":1,"name":"Home","item":"https:\/\/www.demosmobilia.ch\/fr\/"},{"@type":"ListItem","position":2,"name":"Produits","item":"https:\/\/www.demosmobilia.ch\/fr\/shop\/"},{"@type":"ListItem","position":3,"name":"Tapis mod. Composizione 74"}]},{"@type":"WebSite","@id":"https:\/\/www.demosmobilia.ch\/fr\/#website","url":"https:\/\/www.demosmobilia.ch\/fr\/","name":"Demosmobilia","description":"Vintage Mid Century Modern Design Furniture from the &#039;30s to the &#039;80s","publisher":{"@id":"https:\/\/www.demosmobilia.ch\/fr\/#organization"},"potentialAction":[{"@type":"SearchAction","target":{"@type":"EntryPoint","urlTemplate":"https:\/\/www.demosmobilia.ch\/fr\/?s={search_term_string}"},"query-input":{"@type":"PropertyValueSpecification","valueRequired":true,"valueName":"search_term_string"}}],"inLanguage":"fr-FR"},{"@type":"Organization","@id":"https:\/\/www.demosmobilia.ch\/fr\/#organization","name":"demosmobilia","url":"https:\/\/www.demosmobilia.ch\/fr\/","logo":{"@type":"ImageObject","inLanguage":"fr-FR","@id":"https:\/\/www.demosmobilia.ch\/fr\/#\/schema\/logo\/image\/","url":"https:\/\/www.demosmobilia.ch\/wp-content\/uploads\/2020\/07\/demosmobilia-logo-2020-230-160.png","contentUrl":"https:\/\/www.demosmobilia.ch\/wp-content\/uploads\/2020\/07\/demosmobilia-logo-2020-230-160.png","width":230,"height":160,"caption":"demosmobilia"},"image":{"@id":"https:\/\/www.demosmobilia.ch\/fr\/#\/schema\/logo\/image\/"},"sameAs":["https:\/\/www.facebook.com\/Demos-Mobilia-1137017453131445\/","https:\/\/www.instagram.com\/demosmobilia\/"]}]}},"_links":{"self":[{"href":"https:\/\/www.demosmobilia.ch\/fr\/wp-json\/wp\/v2\/product\/45495","targetHints":{"allow":["GET"]}}],"collection":[{"href":"https:\/\/www.demosmobilia.ch\/fr\/wp-json\/wp\/v2\/product"}],"about":[{"href":"https:\/\/www.demosmobilia.ch\/fr\/wp-json\/wp\/v2\/types\/product"}],"wp:featuredmedia":[{"embeddable":true,"href":"https:\/\/www.demosmobilia.ch\/fr\/wp-json\/wp\/v2\/media\/45496"}],"wp:attachment":[{"href":"https:\/\/www.demosmobilia.ch\/fr\/wp-json\/wp\/v2\/media?parent=45495"}],"wp:term":[{"taxonomy":"product_cat","embeddable":true,"href":"https:\/\/www.demosmobilia.ch\/fr\/wp-json\/wp\/v2\/product_cat?post=45495"},{"taxonomy":"product_tag","embeddable":true,"href":"https:\/\/www.demosmobilia.ch\/fr\/wp-json\/wp\/v2\/product_tag?post=45495"}],"curies":[{"name":"wp","href":"https:\/\/api.w.org\/{rel}","templated":true}]}}