{"id":45295,"date":"2024-07-30T00:00:00","date_gmt":"2024-07-29T22:00:00","guid":{"rendered":"https:\/\/www.demosmobilia.ch\/product\/table-bbasse-a-plateau-coulissant-en-edition-limitee\/"},"modified":"2021-05-27T13:22:08","modified_gmt":"2021-05-27T11:22:08","slug":"table-basse-a-plateau-coulissant-en-edition-limitee","status":"publish","type":"product","link":"https:\/\/www.demosmobilia.ch\/fr\/product\/table-basse-a-plateau-coulissant-en-edition-limitee\/","title":{"rendered":"Table Basse \u00e0 Plateau Coulissant en \u00e9dition Limit\u00e9e"},"content":{"rendered":"<p>Table basse Mod. SFG 13 de la s\u00e9rie \u00ab\u00a0Small Family Growing<\/p>\n<p>Edition limit\u00e9e \u00e0 5 pi\u00e8ces num\u00e9rot\u00e9es<\/p>\n","protected":false},"excerpt":{"rendered":"<p>Table basse Mod. SFG 13 de la s\u00e9rie \u00ab\u00a0Small Family Growing Edition limit\u00e9e \u00e0 5 pi\u00e8ces num\u00e9rot\u00e9es<a class=\"more-link\" href=\"https:\/\/www.demosmobilia.ch\/fr\/product\/table-basse-a-plateau-coulissant-en-edition-limitee\/\">Read More &rarr;<\/a><\/p>\n","protected":false},"featured_media":45296,"template":"","meta":{"_monsterinsights_skip_tracking":false,"_monsterinsights_sitenote_active":false,"_monsterinsights_sitenote_note":"","_monsterinsights_sitenote_category":0,"kk_blocks_editor_width":"","_kiokenblocks_attr":"","_kiokenblocks_dimensions":""},"product_cat":[4261],"product_tag":[6696],"class_list":{"0":"entry","1":"author-demosmobilia","2":"post-45295","3":"product","4":"type-product","5":"status-publish","6":"has-post-thumbnail","7":"product_production-small-family-growing","8":"product_year-3494","9":"product_nation-suisse-fr-3","10":"product_cat-small-family-growing-pour-demosmobilia","11":"product_tag-gennari-veruska-fr","13":"first","14":"outofstock","15":"shipping-taxable","16":"purchasable","17":"product-type-simple"},"yoast_head":"<!-- This site is optimized with the Yoast SEO plugin v24.0 - https:\/\/yoast.com\/wordpress\/plugins\/seo\/ -->\n<title>Table Basse \u00e0 Plateau Coulissant en \u00e9dition Limit\u00e9e &#8211; Demosmobilia<\/title>\n<meta name=\"robots\" content=\"index, follow, max-snippet:-1, max-image-preview:large, max-video-preview:-1\" \/>\n<link rel=\"canonical\" href=\"https:\/\/www.demosmobilia.ch\/fr\/product\/table-basse-a-plateau-coulissant-en-edition-limitee\/\" \/>\n<meta property=\"og:locale\" content=\"fr_FR\" \/>\n<meta property=\"og:type\" content=\"article\" \/>\n<meta property=\"og:title\" content=\"Table Basse \u00e0 Plateau Coulissant en \u00e9dition Limit\u00e9e &#8211; Demosmobilia\" \/>\n<meta property=\"og:description\" content=\"Table basse Mod. SFG 13 de la s\u00e9rie \u00ab\u00a0Small Family Growing Edition limit\u00e9e \u00e0 5 pi\u00e8ces num\u00e9rot\u00e9esRead More &rarr;\" \/>\n<meta property=\"og:url\" content=\"https:\/\/www.demosmobilia.ch\/fr\/product\/table-basse-a-plateau-coulissant-en-edition-limitee\/\" \/>\n<meta property=\"og:site_name\" content=\"Demosmobilia\" \/>\n<meta property=\"article:publisher\" content=\"https:\/\/www.facebook.com\/Demos-Mobilia-1137017453131445\/\" \/>\n<meta property=\"article:modified_time\" content=\"2021-05-27T11:22:08+00:00\" \/>\n<meta property=\"og:image\" content=\"https:\/\/www.demosmobilia.ch\/wp-content\/uploads\/2015\/08\/SFG13_veruska_gennari_03.jpg\" \/>\n\t<meta property=\"og:image:width\" content=\"600\" \/>\n\t<meta property=\"og:image:height\" content=\"450\" \/>\n\t<meta property=\"og:image:type\" content=\"image\/jpeg\" \/>\n<meta name=\"twitter:card\" content=\"summary_large_image\" \/>\n<script type=\"application\/ld+json\" class=\"yoast-schema-graph\">{\"@context\":\"https:\/\/schema.org\",\"@graph\":[{\"@type\":\"WebPage\",\"@id\":\"https:\/\/www.demosmobilia.ch\/fr\/product\/table-basse-a-plateau-coulissant-en-edition-limitee\/\",\"url\":\"https:\/\/www.demosmobilia.ch\/fr\/product\/table-basse-a-plateau-coulissant-en-edition-limitee\/\",\"name\":\"Table Basse \u00e0 Plateau Coulissant en \u00e9dition Limit\u00e9e &#8211; Demosmobilia\",\"isPartOf\":{\"@id\":\"https:\/\/www.demosmobilia.ch\/fr\/#website\"},\"primaryImageOfPage\":{\"@id\":\"https:\/\/www.demosmobilia.ch\/fr\/product\/table-basse-a-plateau-coulissant-en-edition-limitee\/#primaryimage\"},\"image\":{\"@id\":\"https:\/\/www.demosmobilia.ch\/fr\/product\/table-basse-a-plateau-coulissant-en-edition-limitee\/#primaryimage\"},\"thumbnailUrl\":\"https:\/\/www.demosmobilia.ch\/wp-content\/uploads\/2015\/08\/SFG13_veruska_gennari_03.jpg\",\"datePublished\":\"2024-07-29T22:00:00+00:00\",\"dateModified\":\"2021-05-27T11:22:08+00:00\",\"breadcrumb\":{\"@id\":\"https:\/\/www.demosmobilia.ch\/fr\/product\/table-basse-a-plateau-coulissant-en-edition-limitee\/#breadcrumb\"},\"inLanguage\":\"fr-FR\",\"potentialAction\":[{\"@type\":\"ReadAction\",\"target\":[\"https:\/\/www.demosmobilia.ch\/fr\/product\/table-basse-a-plateau-coulissant-en-edition-limitee\/\"]}]},{\"@type\":\"ImageObject\",\"inLanguage\":\"fr-FR\",\"@id\":\"https:\/\/www.demosmobilia.ch\/fr\/product\/table-basse-a-plateau-coulissant-en-edition-limitee\/#primaryimage\",\"url\":\"https:\/\/www.demosmobilia.ch\/wp-content\/uploads\/2015\/08\/SFG13_veruska_gennari_03.jpg\",\"contentUrl\":\"https:\/\/www.demosmobilia.ch\/wp-content\/uploads\/2015\/08\/SFG13_veruska_gennari_03.jpg\",\"width\":600,\"height\":450},{\"@type\":\"BreadcrumbList\",\"@id\":\"https:\/\/www.demosmobilia.ch\/fr\/product\/table-basse-a-plateau-coulissant-en-edition-limitee\/#breadcrumb\",\"itemListElement\":[{\"@type\":\"ListItem\",\"position\":1,\"name\":\"Home\",\"item\":\"https:\/\/www.demosmobilia.ch\/fr\/\"},{\"@type\":\"ListItem\",\"position\":2,\"name\":\"Produits\",\"item\":\"https:\/\/www.demosmobilia.ch\/fr\/shop\/\"},{\"@type\":\"ListItem\",\"position\":3,\"name\":\"Table Basse \u00e0 Plateau Coulissant en \u00e9dition Limit\u00e9e\"}]},{\"@type\":\"WebSite\",\"@id\":\"https:\/\/www.demosmobilia.ch\/fr\/#website\",\"url\":\"https:\/\/www.demosmobilia.ch\/fr\/\",\"name\":\"Demosmobilia\",\"description\":\"Vintage Mid Century Modern Design Furniture from the &#039;30s to the &#039;80s\",\"publisher\":{\"@id\":\"https:\/\/www.demosmobilia.ch\/fr\/#organization\"},\"potentialAction\":[{\"@type\":\"SearchAction\",\"target\":{\"@type\":\"EntryPoint\",\"urlTemplate\":\"https:\/\/www.demosmobilia.ch\/fr\/?s={search_term_string}\"},\"query-input\":{\"@type\":\"PropertyValueSpecification\",\"valueRequired\":true,\"valueName\":\"search_term_string\"}}],\"inLanguage\":\"fr-FR\"},{\"@type\":\"Organization\",\"@id\":\"https:\/\/www.demosmobilia.ch\/fr\/#organization\",\"name\":\"demosmobilia\",\"url\":\"https:\/\/www.demosmobilia.ch\/fr\/\",\"logo\":{\"@type\":\"ImageObject\",\"inLanguage\":\"fr-FR\",\"@id\":\"https:\/\/www.demosmobilia.ch\/fr\/#\/schema\/logo\/image\/\",\"url\":\"https:\/\/www.demosmobilia.ch\/wp-content\/uploads\/2020\/07\/demosmobilia-logo-2020-230-160.png\",\"contentUrl\":\"https:\/\/www.demosmobilia.ch\/wp-content\/uploads\/2020\/07\/demosmobilia-logo-2020-230-160.png\",\"width\":230,\"height\":160,\"caption\":\"demosmobilia\"},\"image\":{\"@id\":\"https:\/\/www.demosmobilia.ch\/fr\/#\/schema\/logo\/image\/\"},\"sameAs\":[\"https:\/\/www.facebook.com\/Demos-Mobilia-1137017453131445\/\",\"https:\/\/www.instagram.com\/demosmobilia\/\"]}]}<\/script>\n<!-- \/ Yoast SEO plugin. -->","yoast_head_json":{"title":"Table Basse \u00e0 Plateau Coulissant en \u00e9dition Limit\u00e9e &#8211; Demosmobilia","robots":{"index":"index","follow":"follow","max-snippet":"max-snippet:-1","max-image-preview":"max-image-preview:large","max-video-preview":"max-video-preview:-1"},"canonical":"https:\/\/www.demosmobilia.ch\/fr\/product\/table-basse-a-plateau-coulissant-en-edition-limitee\/","og_locale":"fr_FR","og_type":"article","og_title":"Table Basse \u00e0 Plateau Coulissant en \u00e9dition Limit\u00e9e &#8211; Demosmobilia","og_description":"Table basse Mod. SFG 13 de la s\u00e9rie \u00ab\u00a0Small Family Growing Edition limit\u00e9e \u00e0 5 pi\u00e8ces num\u00e9rot\u00e9esRead More &rarr;","og_url":"https:\/\/www.demosmobilia.ch\/fr\/product\/table-basse-a-plateau-coulissant-en-edition-limitee\/","og_site_name":"Demosmobilia","article_publisher":"https:\/\/www.facebook.com\/Demos-Mobilia-1137017453131445\/","article_modified_time":"2021-05-27T11:22:08+00:00","og_image":[{"width":600,"height":450,"url":"https:\/\/www.demosmobilia.ch\/wp-content\/uploads\/2015\/08\/SFG13_veruska_gennari_03.jpg","type":"image\/jpeg"}],"twitter_card":"summary_large_image","schema":{"@context":"https:\/\/schema.org","@graph":[{"@type":"WebPage","@id":"https:\/\/www.demosmobilia.ch\/fr\/product\/table-basse-a-plateau-coulissant-en-edition-limitee\/","url":"https:\/\/www.demosmobilia.ch\/fr\/product\/table-basse-a-plateau-coulissant-en-edition-limitee\/","name":"Table Basse \u00e0 Plateau Coulissant en \u00e9dition Limit\u00e9e &#8211; Demosmobilia","isPartOf":{"@id":"https:\/\/www.demosmobilia.ch\/fr\/#website"},"primaryImageOfPage":{"@id":"https:\/\/www.demosmobilia.ch\/fr\/product\/table-basse-a-plateau-coulissant-en-edition-limitee\/#primaryimage"},"image":{"@id":"https:\/\/www.demosmobilia.ch\/fr\/product\/table-basse-a-plateau-coulissant-en-edition-limitee\/#primaryimage"},"thumbnailUrl":"https:\/\/www.demosmobilia.ch\/wp-content\/uploads\/2015\/08\/SFG13_veruska_gennari_03.jpg","datePublished":"2024-07-29T22:00:00+00:00","dateModified":"2021-05-27T11:22:08+00:00","breadcrumb":{"@id":"https:\/\/www.demosmobilia.ch\/fr\/product\/table-basse-a-plateau-coulissant-en-edition-limitee\/#breadcrumb"},"inLanguage":"fr-FR","potentialAction":[{"@type":"ReadAction","target":["https:\/\/www.demosmobilia.ch\/fr\/product\/table-basse-a-plateau-coulissant-en-edition-limitee\/"]}]},{"@type":"ImageObject","inLanguage":"fr-FR","@id":"https:\/\/www.demosmobilia.ch\/fr\/product\/table-basse-a-plateau-coulissant-en-edition-limitee\/#primaryimage","url":"https:\/\/www.demosmobilia.ch\/wp-content\/uploads\/2015\/08\/SFG13_veruska_gennari_03.jpg","contentUrl":"https:\/\/www.demosmobilia.ch\/wp-content\/uploads\/2015\/08\/SFG13_veruska_gennari_03.jpg","width":600,"height":450},{"@type":"BreadcrumbList","@id":"https:\/\/www.demosmobilia.ch\/fr\/product\/table-basse-a-plateau-coulissant-en-edition-limitee\/#breadcrumb","itemListElement":[{"@type":"ListItem","position":1,"name":"Home","item":"https:\/\/www.demosmobilia.ch\/fr\/"},{"@type":"ListItem","position":2,"name":"Produits","item":"https:\/\/www.demosmobilia.ch\/fr\/shop\/"},{"@type":"ListItem","position":3,"name":"Table Basse \u00e0 Plateau Coulissant en \u00e9dition Limit\u00e9e"}]},{"@type":"WebSite","@id":"https:\/\/www.demosmobilia.ch\/fr\/#website","url":"https:\/\/www.demosmobilia.ch\/fr\/","name":"Demosmobilia","description":"Vintage Mid Century Modern Design Furniture from the &#039;30s to the &#039;80s","publisher":{"@id":"https:\/\/www.demosmobilia.ch\/fr\/#organization"},"potentialAction":[{"@type":"SearchAction","target":{"@type":"EntryPoint","urlTemplate":"https:\/\/www.demosmobilia.ch\/fr\/?s={search_term_string}"},"query-input":{"@type":"PropertyValueSpecification","valueRequired":true,"valueName":"search_term_string"}}],"inLanguage":"fr-FR"},{"@type":"Organization","@id":"https:\/\/www.demosmobilia.ch\/fr\/#organization","name":"demosmobilia","url":"https:\/\/www.demosmobilia.ch\/fr\/","logo":{"@type":"ImageObject","inLanguage":"fr-FR","@id":"https:\/\/www.demosmobilia.ch\/fr\/#\/schema\/logo\/image\/","url":"https:\/\/www.demosmobilia.ch\/wp-content\/uploads\/2020\/07\/demosmobilia-logo-2020-230-160.png","contentUrl":"https:\/\/www.demosmobilia.ch\/wp-content\/uploads\/2020\/07\/demosmobilia-logo-2020-230-160.png","width":230,"height":160,"caption":"demosmobilia"},"image":{"@id":"https:\/\/www.demosmobilia.ch\/fr\/#\/schema\/logo\/image\/"},"sameAs":["https:\/\/www.facebook.com\/Demos-Mobilia-1137017453131445\/","https:\/\/www.instagram.com\/demosmobilia\/"]}]}},"_links":{"self":[{"href":"https:\/\/www.demosmobilia.ch\/fr\/wp-json\/wp\/v2\/product\/45295","targetHints":{"allow":["GET"]}}],"collection":[{"href":"https:\/\/www.demosmobilia.ch\/fr\/wp-json\/wp\/v2\/product"}],"about":[{"href":"https:\/\/www.demosmobilia.ch\/fr\/wp-json\/wp\/v2\/types\/product"}],"wp:featuredmedia":[{"embeddable":true,"href":"https:\/\/www.demosmobilia.ch\/fr\/wp-json\/wp\/v2\/media\/45296"}],"wp:attachment":[{"href":"https:\/\/www.demosmobilia.ch\/fr\/wp-json\/wp\/v2\/media?parent=45295"}],"wp:term":[{"taxonomy":"product_cat","embeddable":true,"href":"https:\/\/www.demosmobilia.ch\/fr\/wp-json\/wp\/v2\/product_cat?post=45295"},{"taxonomy":"product_tag","embeddable":true,"href":"https:\/\/www.demosmobilia.ch\/fr\/wp-json\/wp\/v2\/product_tag?post=45295"}],"curies":[{"name":"wp","href":"https:\/\/api.w.org\/{rel}","templated":true}]}}