{"id":44033,"date":"2019-07-22T12:00:00","date_gmt":"2019-07-22T10:00:00","guid":{"rendered":"https:\/\/www.demosmobilia.ch\/product\/ceramiques-antiques-anglo-jponaises\/"},"modified":"2019-07-22T12:00:00","modified_gmt":"2019-07-22T10:00:00","slug":"ceramiques-antiques-anglo-jponaises","status":"publish","type":"product","link":"https:\/\/www.demosmobilia.ch\/fr\/product\/ceramiques-antiques-anglo-jponaises\/","title":{"rendered":"C\u00e9ramiques Antiques Anglo-Jponaises"},"content":{"rendered":"<p>Br\u00e8ve histoire de Copeland &amp; Garrett<br \/>Arbre g\u00e9n\u00e9alogique de Spode Factory :<br \/>Les travaux de Spode ont commenc\u00e9 \u00e0 Stoke avec Josiah Spode, vers 1770. Josiah Spode II, Londres, vers 1778 et plus tard en 1822 avec William Copeland connu sous le nom de Spode &amp; Copeland. L&rsquo;usine se poursuit \u00e0 Stoke.<br \/>Le nom Spode continue sous la propri\u00e9t\u00e9 comme suit :<br \/>Copeland &amp; Garrett 1833-1847,<br \/>W. T. Copeland 1847-1867,<br \/>W. T. Copeland &amp; Sons 1867-1932,<br \/>W.T. Copeland &amp; Sons Ltd 1932-1970<\/p>\n","protected":false},"excerpt":{"rendered":"<p>Br\u00e8ve histoire de Copeland &amp; GarrettArbre g\u00e9n\u00e9alogique de Spode Factory :Les travaux de Spode ont commenc\u00e9 \u00e0 Stoke avec Josiah Spode, vers 1770. Josiah Spode II, Londres, vers 1778 et plus tard en 1822 avec William Copeland connu sous le nom de Spode &amp; Copeland. L&rsquo;usine se poursuit \u00e0 Stoke.Le nom Spode continue sous la propri\u00e9t\u00e9 comme suit :Copeland &amp; Garrett 1833-1847,W. T. Copeland 1847-1867,W. T. Copeland &amp; Sons 1867-1932,W.T. Copeland &amp; Sons Ltd 1932-1970<a class=\"more-link\" href=\"https:\/\/www.demosmobilia.ch\/fr\/product\/ceramiques-antiques-anglo-jponaises\/\">Read More &rarr;<\/a><\/p>\n","protected":false},"featured_media":44034,"template":"","meta":{"_monsterinsights_skip_tracking":false,"_monsterinsights_sitenote_active":false,"_monsterinsights_sitenote_note":"","_monsterinsights_sitenote_category":0,"kk_blocks_editor_width":"","_kiokenblocks_attr":"","_kiokenblocks_dimensions":""},"product_cat":[4242],"product_tag":[],"class_list":{"0":"entry","1":"author-demosmobilia","2":"post-44033","3":"product","4":"type-product","5":"status-publish","6":"has-post-thumbnail","7":"product_production-copeland-garrett","8":"product_year-1850-approx","9":"product_nation-angleterre","10":"product_cat-bols-assiettes-et-vaisselles","12":"first","13":"instock","14":"sale","15":"shipping-taxable","16":"purchasable","17":"product-type-simple"},"yoast_head":"<!-- This site is optimized with the Yoast SEO plugin v24.0 - https:\/\/yoast.com\/wordpress\/plugins\/seo\/ -->\n<title>C\u00e9ramiques Antiques Anglo-Jponaises &#8211; Demosmobilia<\/title>\n<meta name=\"robots\" content=\"index, follow, max-snippet:-1, max-image-preview:large, max-video-preview:-1\" \/>\n<link rel=\"canonical\" href=\"https:\/\/www.demosmobilia.ch\/fr\/product\/ceramiques-antiques-anglo-jponaises\/\" \/>\n<meta property=\"og:locale\" content=\"fr_FR\" \/>\n<meta property=\"og:type\" content=\"article\" \/>\n<meta property=\"og:title\" content=\"C\u00e9ramiques Antiques Anglo-Jponaises &#8211; Demosmobilia\" \/>\n<meta property=\"og:description\" content=\"Br\u00e8ve histoire de Copeland &amp; GarrettArbre g\u00e9n\u00e9alogique de Spode Factory :Les travaux de Spode ont commenc\u00e9 \u00e0 Stoke avec Josiah Spode, vers 1770. Josiah Spode II, Londres, vers 1778 et plus tard en 1822 avec William Copeland connu sous le nom de Spode &amp; Copeland. L&rsquo;usine se poursuit \u00e0 Stoke.Le nom Spode continue sous la propri\u00e9t\u00e9 comme suit :Copeland &amp; Garrett 1833-1847,W. T. Copeland 1847-1867,W. T. Copeland &amp; Sons 1867-1932,W.T. Copeland &amp; Sons Ltd 1932-1970Read More &rarr;\" \/>\n<meta property=\"og:url\" content=\"https:\/\/www.demosmobilia.ch\/fr\/product\/ceramiques-antiques-anglo-jponaises\/\" \/>\n<meta property=\"og:site_name\" content=\"Demosmobilia\" \/>\n<meta property=\"article:publisher\" content=\"https:\/\/www.facebook.com\/Demos-Mobilia-1137017453131445\/\" \/>\n<meta property=\"og:image\" content=\"https:\/\/www.demosmobilia.ch\/wp-content\/uploads\/2019\/07\/copeland_garrett_angloJapanese_1850_ceramic_01.jpg\" \/>\n\t<meta property=\"og:image:width\" content=\"1200\" \/>\n\t<meta property=\"og:image:height\" content=\"900\" \/>\n\t<meta property=\"og:image:type\" content=\"image\/jpeg\" \/>\n<meta name=\"twitter:card\" content=\"summary_large_image\" \/>\n<script type=\"application\/ld+json\" class=\"yoast-schema-graph\">{\"@context\":\"https:\/\/schema.org\",\"@graph\":[{\"@type\":\"WebPage\",\"@id\":\"https:\/\/www.demosmobilia.ch\/fr\/product\/ceramiques-antiques-anglo-jponaises\/\",\"url\":\"https:\/\/www.demosmobilia.ch\/fr\/product\/ceramiques-antiques-anglo-jponaises\/\",\"name\":\"C\u00e9ramiques Antiques Anglo-Jponaises &#8211; Demosmobilia\",\"isPartOf\":{\"@id\":\"https:\/\/www.demosmobilia.ch\/fr\/#website\"},\"primaryImageOfPage\":{\"@id\":\"https:\/\/www.demosmobilia.ch\/fr\/product\/ceramiques-antiques-anglo-jponaises\/#primaryimage\"},\"image\":{\"@id\":\"https:\/\/www.demosmobilia.ch\/fr\/product\/ceramiques-antiques-anglo-jponaises\/#primaryimage\"},\"thumbnailUrl\":\"https:\/\/www.demosmobilia.ch\/wp-content\/uploads\/2019\/07\/copeland_garrett_angloJapanese_1850_ceramic_01.jpg\",\"datePublished\":\"2019-07-22T10:00:00+00:00\",\"dateModified\":\"2019-07-22T10:00:00+00:00\",\"breadcrumb\":{\"@id\":\"https:\/\/www.demosmobilia.ch\/fr\/product\/ceramiques-antiques-anglo-jponaises\/#breadcrumb\"},\"inLanguage\":\"fr-FR\",\"potentialAction\":[{\"@type\":\"ReadAction\",\"target\":[\"https:\/\/www.demosmobilia.ch\/fr\/product\/ceramiques-antiques-anglo-jponaises\/\"]}]},{\"@type\":\"ImageObject\",\"inLanguage\":\"fr-FR\",\"@id\":\"https:\/\/www.demosmobilia.ch\/fr\/product\/ceramiques-antiques-anglo-jponaises\/#primaryimage\",\"url\":\"https:\/\/www.demosmobilia.ch\/wp-content\/uploads\/2019\/07\/copeland_garrett_angloJapanese_1850_ceramic_01.jpg\",\"contentUrl\":\"https:\/\/www.demosmobilia.ch\/wp-content\/uploads\/2019\/07\/copeland_garrett_angloJapanese_1850_ceramic_01.jpg\",\"width\":1200,\"height\":900},{\"@type\":\"BreadcrumbList\",\"@id\":\"https:\/\/www.demosmobilia.ch\/fr\/product\/ceramiques-antiques-anglo-jponaises\/#breadcrumb\",\"itemListElement\":[{\"@type\":\"ListItem\",\"position\":1,\"name\":\"Home\",\"item\":\"https:\/\/www.demosmobilia.ch\/fr\/\"},{\"@type\":\"ListItem\",\"position\":2,\"name\":\"Produits\",\"item\":\"https:\/\/www.demosmobilia.ch\/fr\/shop\/\"},{\"@type\":\"ListItem\",\"position\":3,\"name\":\"C\u00e9ramiques Antiques Anglo-Jponaises\"}]},{\"@type\":\"WebSite\",\"@id\":\"https:\/\/www.demosmobilia.ch\/fr\/#website\",\"url\":\"https:\/\/www.demosmobilia.ch\/fr\/\",\"name\":\"Demosmobilia\",\"description\":\"Vintage Mid Century Modern Design Furniture from the &#039;30s to the &#039;80s\",\"publisher\":{\"@id\":\"https:\/\/www.demosmobilia.ch\/fr\/#organization\"},\"potentialAction\":[{\"@type\":\"SearchAction\",\"target\":{\"@type\":\"EntryPoint\",\"urlTemplate\":\"https:\/\/www.demosmobilia.ch\/fr\/?s={search_term_string}\"},\"query-input\":{\"@type\":\"PropertyValueSpecification\",\"valueRequired\":true,\"valueName\":\"search_term_string\"}}],\"inLanguage\":\"fr-FR\"},{\"@type\":\"Organization\",\"@id\":\"https:\/\/www.demosmobilia.ch\/fr\/#organization\",\"name\":\"demosmobilia\",\"url\":\"https:\/\/www.demosmobilia.ch\/fr\/\",\"logo\":{\"@type\":\"ImageObject\",\"inLanguage\":\"fr-FR\",\"@id\":\"https:\/\/www.demosmobilia.ch\/fr\/#\/schema\/logo\/image\/\",\"url\":\"https:\/\/www.demosmobilia.ch\/wp-content\/uploads\/2020\/07\/demosmobilia-logo-2020-230-160.png\",\"contentUrl\":\"https:\/\/www.demosmobilia.ch\/wp-content\/uploads\/2020\/07\/demosmobilia-logo-2020-230-160.png\",\"width\":230,\"height\":160,\"caption\":\"demosmobilia\"},\"image\":{\"@id\":\"https:\/\/www.demosmobilia.ch\/fr\/#\/schema\/logo\/image\/\"},\"sameAs\":[\"https:\/\/www.facebook.com\/Demos-Mobilia-1137017453131445\/\",\"https:\/\/www.instagram.com\/demosmobilia\/\"]}]}<\/script>\n<!-- \/ Yoast SEO plugin. -->","yoast_head_json":{"title":"C\u00e9ramiques Antiques Anglo-Jponaises &#8211; Demosmobilia","robots":{"index":"index","follow":"follow","max-snippet":"max-snippet:-1","max-image-preview":"max-image-preview:large","max-video-preview":"max-video-preview:-1"},"canonical":"https:\/\/www.demosmobilia.ch\/fr\/product\/ceramiques-antiques-anglo-jponaises\/","og_locale":"fr_FR","og_type":"article","og_title":"C\u00e9ramiques Antiques Anglo-Jponaises &#8211; Demosmobilia","og_description":"Br\u00e8ve histoire de Copeland &amp; GarrettArbre g\u00e9n\u00e9alogique de Spode Factory :Les travaux de Spode ont commenc\u00e9 \u00e0 Stoke avec Josiah Spode, vers 1770. Josiah Spode II, Londres, vers 1778 et plus tard en 1822 avec William Copeland connu sous le nom de Spode &amp; Copeland. L&rsquo;usine se poursuit \u00e0 Stoke.Le nom Spode continue sous la propri\u00e9t\u00e9 comme suit :Copeland &amp; Garrett 1833-1847,W. T. Copeland 1847-1867,W. T. Copeland &amp; Sons 1867-1932,W.T. Copeland &amp; Sons Ltd 1932-1970Read More &rarr;","og_url":"https:\/\/www.demosmobilia.ch\/fr\/product\/ceramiques-antiques-anglo-jponaises\/","og_site_name":"Demosmobilia","article_publisher":"https:\/\/www.facebook.com\/Demos-Mobilia-1137017453131445\/","og_image":[{"width":1200,"height":900,"url":"https:\/\/www.demosmobilia.ch\/wp-content\/uploads\/2019\/07\/copeland_garrett_angloJapanese_1850_ceramic_01.jpg","type":"image\/jpeg"}],"twitter_card":"summary_large_image","schema":{"@context":"https:\/\/schema.org","@graph":[{"@type":"WebPage","@id":"https:\/\/www.demosmobilia.ch\/fr\/product\/ceramiques-antiques-anglo-jponaises\/","url":"https:\/\/www.demosmobilia.ch\/fr\/product\/ceramiques-antiques-anglo-jponaises\/","name":"C\u00e9ramiques Antiques Anglo-Jponaises &#8211; Demosmobilia","isPartOf":{"@id":"https:\/\/www.demosmobilia.ch\/fr\/#website"},"primaryImageOfPage":{"@id":"https:\/\/www.demosmobilia.ch\/fr\/product\/ceramiques-antiques-anglo-jponaises\/#primaryimage"},"image":{"@id":"https:\/\/www.demosmobilia.ch\/fr\/product\/ceramiques-antiques-anglo-jponaises\/#primaryimage"},"thumbnailUrl":"https:\/\/www.demosmobilia.ch\/wp-content\/uploads\/2019\/07\/copeland_garrett_angloJapanese_1850_ceramic_01.jpg","datePublished":"2019-07-22T10:00:00+00:00","dateModified":"2019-07-22T10:00:00+00:00","breadcrumb":{"@id":"https:\/\/www.demosmobilia.ch\/fr\/product\/ceramiques-antiques-anglo-jponaises\/#breadcrumb"},"inLanguage":"fr-FR","potentialAction":[{"@type":"ReadAction","target":["https:\/\/www.demosmobilia.ch\/fr\/product\/ceramiques-antiques-anglo-jponaises\/"]}]},{"@type":"ImageObject","inLanguage":"fr-FR","@id":"https:\/\/www.demosmobilia.ch\/fr\/product\/ceramiques-antiques-anglo-jponaises\/#primaryimage","url":"https:\/\/www.demosmobilia.ch\/wp-content\/uploads\/2019\/07\/copeland_garrett_angloJapanese_1850_ceramic_01.jpg","contentUrl":"https:\/\/www.demosmobilia.ch\/wp-content\/uploads\/2019\/07\/copeland_garrett_angloJapanese_1850_ceramic_01.jpg","width":1200,"height":900},{"@type":"BreadcrumbList","@id":"https:\/\/www.demosmobilia.ch\/fr\/product\/ceramiques-antiques-anglo-jponaises\/#breadcrumb","itemListElement":[{"@type":"ListItem","position":1,"name":"Home","item":"https:\/\/www.demosmobilia.ch\/fr\/"},{"@type":"ListItem","position":2,"name":"Produits","item":"https:\/\/www.demosmobilia.ch\/fr\/shop\/"},{"@type":"ListItem","position":3,"name":"C\u00e9ramiques Antiques Anglo-Jponaises"}]},{"@type":"WebSite","@id":"https:\/\/www.demosmobilia.ch\/fr\/#website","url":"https:\/\/www.demosmobilia.ch\/fr\/","name":"Demosmobilia","description":"Vintage Mid Century Modern Design Furniture from the &#039;30s to the &#039;80s","publisher":{"@id":"https:\/\/www.demosmobilia.ch\/fr\/#organization"},"potentialAction":[{"@type":"SearchAction","target":{"@type":"EntryPoint","urlTemplate":"https:\/\/www.demosmobilia.ch\/fr\/?s={search_term_string}"},"query-input":{"@type":"PropertyValueSpecification","valueRequired":true,"valueName":"search_term_string"}}],"inLanguage":"fr-FR"},{"@type":"Organization","@id":"https:\/\/www.demosmobilia.ch\/fr\/#organization","name":"demosmobilia","url":"https:\/\/www.demosmobilia.ch\/fr\/","logo":{"@type":"ImageObject","inLanguage":"fr-FR","@id":"https:\/\/www.demosmobilia.ch\/fr\/#\/schema\/logo\/image\/","url":"https:\/\/www.demosmobilia.ch\/wp-content\/uploads\/2020\/07\/demosmobilia-logo-2020-230-160.png","contentUrl":"https:\/\/www.demosmobilia.ch\/wp-content\/uploads\/2020\/07\/demosmobilia-logo-2020-230-160.png","width":230,"height":160,"caption":"demosmobilia"},"image":{"@id":"https:\/\/www.demosmobilia.ch\/fr\/#\/schema\/logo\/image\/"},"sameAs":["https:\/\/www.facebook.com\/Demos-Mobilia-1137017453131445\/","https:\/\/www.instagram.com\/demosmobilia\/"]}]}},"_links":{"self":[{"href":"https:\/\/www.demosmobilia.ch\/fr\/wp-json\/wp\/v2\/product\/44033","targetHints":{"allow":["GET"]}}],"collection":[{"href":"https:\/\/www.demosmobilia.ch\/fr\/wp-json\/wp\/v2\/product"}],"about":[{"href":"https:\/\/www.demosmobilia.ch\/fr\/wp-json\/wp\/v2\/types\/product"}],"wp:featuredmedia":[{"embeddable":true,"href":"https:\/\/www.demosmobilia.ch\/fr\/wp-json\/wp\/v2\/media\/44034"}],"wp:attachment":[{"href":"https:\/\/www.demosmobilia.ch\/fr\/wp-json\/wp\/v2\/media?parent=44033"}],"wp:term":[{"taxonomy":"product_cat","embeddable":true,"href":"https:\/\/www.demosmobilia.ch\/fr\/wp-json\/wp\/v2\/product_cat?post=44033"},{"taxonomy":"product_tag","embeddable":true,"href":"https:\/\/www.demosmobilia.ch\/fr\/wp-json\/wp\/v2\/product_tag?post=44033"}],"curies":[{"name":"wp","href":"https:\/\/api.w.org\/{rel}","templated":true}]}}