{"id":42272,"date":"2026-02-22T12:00:00","date_gmt":"2026-02-22T11:00:00","guid":{"rendered":"https:\/\/www.demosmobilia.ch\/product\/8-fauteuils-en-bois-jacaranda-mod-campone\/"},"modified":"2023-05-02T14:16:14","modified_gmt":"2023-05-02T12:16:14","slug":"fauteuils-du-hall-dentree-mod-campone-en-jacaranda-massif-11-disponibles","status":"publish","type":"product","link":"https:\/\/www.demosmobilia.ch\/fr\/product\/fauteuils-du-hall-dentree-mod-campone-en-jacaranda-massif-11-disponibles\/","title":{"rendered":"Fauteuils du Hall d&rsquo;Entr\u00e9e mod. Campone en Jacaranda massif, 11 disponibles"},"content":{"rendered":"<p>Con\u00e7u par J\u00fcrg Bally en exclusivit\u00e9 pour le lobby de l&rsquo;universit\u00e9 ETH \u00e0 Z\u00fcrich, Suisse<\/p>\n","protected":false},"excerpt":{"rendered":"<p>Con\u00e7u par J\u00fcrg Bally en exclusivit\u00e9 pour le lobby de l&rsquo;universit\u00e9 ETH \u00e0 Z\u00fcrich, Suisse<a class=\"more-link\" href=\"https:\/\/www.demosmobilia.ch\/fr\/product\/fauteuils-du-hall-dentree-mod-campone-en-jacaranda-massif-11-disponibles\/\">Read More &rarr;<\/a><\/p>\n","protected":false},"featured_media":42273,"template":"","meta":{"_monsterinsights_skip_tracking":false,"_monsterinsights_sitenote_active":false,"_monsterinsights_sitenote_note":"","_monsterinsights_sitenote_category":0,"kk_blocks_editor_width":"","_kiokenblocks_attr":"","_kiokenblocks_dimensions":""},"product_cat":[4263],"product_tag":[6441],"class_list":{"0":"entry","1":"author-webmaster","2":"post-42272","3":"product","4":"type-product","5":"status-publish","6":"has-post-thumbnail","7":"product_production-jurg-bally-zurich","8":"product_year-2592","9":"product_nation-suisse-fr-3","10":"product_cat-fauteuils-fr","11":"product_tag-bally-jurg-fr","13":"first","14":"outofstock","15":"shipping-taxable","16":"purchasable","17":"product-type-simple"},"yoast_head":"<!-- This site is optimized with the Yoast SEO plugin v24.0 - https:\/\/yoast.com\/wordpress\/plugins\/seo\/ -->\n<title>Fauteuils du Hall d&#039;Entr\u00e9e mod. Campone en Jacaranda massif, 11 disponibles &#8211; Demosmobilia<\/title>\n<meta name=\"robots\" content=\"index, follow, max-snippet:-1, max-image-preview:large, max-video-preview:-1\" \/>\n<link rel=\"canonical\" href=\"https:\/\/www.demosmobilia.ch\/fr\/product\/fauteuils-du-hall-dentree-mod-campone-en-jacaranda-massif-11-disponibles\/\" \/>\n<meta property=\"og:locale\" content=\"fr_FR\" \/>\n<meta property=\"og:type\" content=\"article\" \/>\n<meta property=\"og:title\" content=\"Fauteuils du Hall d&#039;Entr\u00e9e mod. Campone en Jacaranda massif, 11 disponibles &#8211; Demosmobilia\" \/>\n<meta property=\"og:description\" content=\"Con\u00e7u par J\u00fcrg Bally en exclusivit\u00e9 pour le lobby de l&rsquo;universit\u00e9 ETH \u00e0 Z\u00fcrich, SuisseRead More &rarr;\" \/>\n<meta property=\"og:url\" content=\"https:\/\/www.demosmobilia.ch\/fr\/product\/fauteuils-du-hall-dentree-mod-campone-en-jacaranda-massif-11-disponibles\/\" \/>\n<meta property=\"og:site_name\" content=\"Demosmobilia\" \/>\n<meta property=\"article:publisher\" content=\"https:\/\/www.facebook.com\/Demos-Mobilia-1137017453131445\/\" \/>\n<meta property=\"article:modified_time\" content=\"2023-05-02T12:16:14+00:00\" \/>\n<meta property=\"og:image\" content=\"https:\/\/www.demosmobilia.ch\/wp-content\/uploads\/2020\/01\/Jurg_Bally_1960_swiss_design_jaquaranda_wood_01.jpg\" \/>\n\t<meta property=\"og:image:width\" content=\"1200\" \/>\n\t<meta property=\"og:image:height\" content=\"900\" \/>\n\t<meta property=\"og:image:type\" content=\"image\/jpeg\" \/>\n<meta name=\"twitter:card\" content=\"summary_large_image\" \/>\n<script type=\"application\/ld+json\" class=\"yoast-schema-graph\">{\"@context\":\"https:\/\/schema.org\",\"@graph\":[{\"@type\":\"WebPage\",\"@id\":\"https:\/\/www.demosmobilia.ch\/fr\/product\/fauteuils-du-hall-dentree-mod-campone-en-jacaranda-massif-11-disponibles\/\",\"url\":\"https:\/\/www.demosmobilia.ch\/fr\/product\/fauteuils-du-hall-dentree-mod-campone-en-jacaranda-massif-11-disponibles\/\",\"name\":\"Fauteuils du Hall d'Entr\u00e9e mod. Campone en Jacaranda massif, 11 disponibles &#8211; Demosmobilia\",\"isPartOf\":{\"@id\":\"https:\/\/www.demosmobilia.ch\/fr\/#website\"},\"primaryImageOfPage\":{\"@id\":\"https:\/\/www.demosmobilia.ch\/fr\/product\/fauteuils-du-hall-dentree-mod-campone-en-jacaranda-massif-11-disponibles\/#primaryimage\"},\"image\":{\"@id\":\"https:\/\/www.demosmobilia.ch\/fr\/product\/fauteuils-du-hall-dentree-mod-campone-en-jacaranda-massif-11-disponibles\/#primaryimage\"},\"thumbnailUrl\":\"https:\/\/www.demosmobilia.ch\/wp-content\/uploads\/2020\/01\/Jurg_Bally_1960_swiss_design_jaquaranda_wood_01.jpg\",\"datePublished\":\"2026-02-22T11:00:00+00:00\",\"dateModified\":\"2023-05-02T12:16:14+00:00\",\"breadcrumb\":{\"@id\":\"https:\/\/www.demosmobilia.ch\/fr\/product\/fauteuils-du-hall-dentree-mod-campone-en-jacaranda-massif-11-disponibles\/#breadcrumb\"},\"inLanguage\":\"fr-FR\",\"potentialAction\":[{\"@type\":\"ReadAction\",\"target\":[\"https:\/\/www.demosmobilia.ch\/fr\/product\/fauteuils-du-hall-dentree-mod-campone-en-jacaranda-massif-11-disponibles\/\"]}]},{\"@type\":\"ImageObject\",\"inLanguage\":\"fr-FR\",\"@id\":\"https:\/\/www.demosmobilia.ch\/fr\/product\/fauteuils-du-hall-dentree-mod-campone-en-jacaranda-massif-11-disponibles\/#primaryimage\",\"url\":\"https:\/\/www.demosmobilia.ch\/wp-content\/uploads\/2020\/01\/Jurg_Bally_1960_swiss_design_jaquaranda_wood_01.jpg\",\"contentUrl\":\"https:\/\/www.demosmobilia.ch\/wp-content\/uploads\/2020\/01\/Jurg_Bally_1960_swiss_design_jaquaranda_wood_01.jpg\",\"width\":1200,\"height\":900},{\"@type\":\"BreadcrumbList\",\"@id\":\"https:\/\/www.demosmobilia.ch\/fr\/product\/fauteuils-du-hall-dentree-mod-campone-en-jacaranda-massif-11-disponibles\/#breadcrumb\",\"itemListElement\":[{\"@type\":\"ListItem\",\"position\":1,\"name\":\"Home\",\"item\":\"https:\/\/www.demosmobilia.ch\/fr\/\"},{\"@type\":\"ListItem\",\"position\":2,\"name\":\"Produits\",\"item\":\"https:\/\/www.demosmobilia.ch\/fr\/shop\/\"},{\"@type\":\"ListItem\",\"position\":3,\"name\":\"Fauteuils du Hall d&#8217;Entr\u00e9e mod. Campone en Jacaranda massif, 11 disponibles\"}]},{\"@type\":\"WebSite\",\"@id\":\"https:\/\/www.demosmobilia.ch\/fr\/#website\",\"url\":\"https:\/\/www.demosmobilia.ch\/fr\/\",\"name\":\"Demosmobilia\",\"description\":\"Vintage Mid Century Modern Design Furniture from the &#039;30s to the &#039;80s\",\"publisher\":{\"@id\":\"https:\/\/www.demosmobilia.ch\/fr\/#organization\"},\"potentialAction\":[{\"@type\":\"SearchAction\",\"target\":{\"@type\":\"EntryPoint\",\"urlTemplate\":\"https:\/\/www.demosmobilia.ch\/fr\/?s={search_term_string}\"},\"query-input\":{\"@type\":\"PropertyValueSpecification\",\"valueRequired\":true,\"valueName\":\"search_term_string\"}}],\"inLanguage\":\"fr-FR\"},{\"@type\":\"Organization\",\"@id\":\"https:\/\/www.demosmobilia.ch\/fr\/#organization\",\"name\":\"demosmobilia\",\"url\":\"https:\/\/www.demosmobilia.ch\/fr\/\",\"logo\":{\"@type\":\"ImageObject\",\"inLanguage\":\"fr-FR\",\"@id\":\"https:\/\/www.demosmobilia.ch\/fr\/#\/schema\/logo\/image\/\",\"url\":\"https:\/\/www.demosmobilia.ch\/wp-content\/uploads\/2020\/07\/demosmobilia-logo-2020-230-160.png\",\"contentUrl\":\"https:\/\/www.demosmobilia.ch\/wp-content\/uploads\/2020\/07\/demosmobilia-logo-2020-230-160.png\",\"width\":230,\"height\":160,\"caption\":\"demosmobilia\"},\"image\":{\"@id\":\"https:\/\/www.demosmobilia.ch\/fr\/#\/schema\/logo\/image\/\"},\"sameAs\":[\"https:\/\/www.facebook.com\/Demos-Mobilia-1137017453131445\/\",\"https:\/\/www.instagram.com\/demosmobilia\/\"]}]}<\/script>\n<!-- \/ Yoast SEO plugin. -->","yoast_head_json":{"title":"Fauteuils du Hall d'Entr\u00e9e mod. Campone en Jacaranda massif, 11 disponibles &#8211; Demosmobilia","robots":{"index":"index","follow":"follow","max-snippet":"max-snippet:-1","max-image-preview":"max-image-preview:large","max-video-preview":"max-video-preview:-1"},"canonical":"https:\/\/www.demosmobilia.ch\/fr\/product\/fauteuils-du-hall-dentree-mod-campone-en-jacaranda-massif-11-disponibles\/","og_locale":"fr_FR","og_type":"article","og_title":"Fauteuils du Hall d'Entr\u00e9e mod. Campone en Jacaranda massif, 11 disponibles &#8211; Demosmobilia","og_description":"Con\u00e7u par J\u00fcrg Bally en exclusivit\u00e9 pour le lobby de l&rsquo;universit\u00e9 ETH \u00e0 Z\u00fcrich, SuisseRead More &rarr;","og_url":"https:\/\/www.demosmobilia.ch\/fr\/product\/fauteuils-du-hall-dentree-mod-campone-en-jacaranda-massif-11-disponibles\/","og_site_name":"Demosmobilia","article_publisher":"https:\/\/www.facebook.com\/Demos-Mobilia-1137017453131445\/","article_modified_time":"2023-05-02T12:16:14+00:00","og_image":[{"width":1200,"height":900,"url":"https:\/\/www.demosmobilia.ch\/wp-content\/uploads\/2020\/01\/Jurg_Bally_1960_swiss_design_jaquaranda_wood_01.jpg","type":"image\/jpeg"}],"twitter_card":"summary_large_image","schema":{"@context":"https:\/\/schema.org","@graph":[{"@type":"WebPage","@id":"https:\/\/www.demosmobilia.ch\/fr\/product\/fauteuils-du-hall-dentree-mod-campone-en-jacaranda-massif-11-disponibles\/","url":"https:\/\/www.demosmobilia.ch\/fr\/product\/fauteuils-du-hall-dentree-mod-campone-en-jacaranda-massif-11-disponibles\/","name":"Fauteuils du Hall d'Entr\u00e9e mod. Campone en Jacaranda massif, 11 disponibles &#8211; Demosmobilia","isPartOf":{"@id":"https:\/\/www.demosmobilia.ch\/fr\/#website"},"primaryImageOfPage":{"@id":"https:\/\/www.demosmobilia.ch\/fr\/product\/fauteuils-du-hall-dentree-mod-campone-en-jacaranda-massif-11-disponibles\/#primaryimage"},"image":{"@id":"https:\/\/www.demosmobilia.ch\/fr\/product\/fauteuils-du-hall-dentree-mod-campone-en-jacaranda-massif-11-disponibles\/#primaryimage"},"thumbnailUrl":"https:\/\/www.demosmobilia.ch\/wp-content\/uploads\/2020\/01\/Jurg_Bally_1960_swiss_design_jaquaranda_wood_01.jpg","datePublished":"2026-02-22T11:00:00+00:00","dateModified":"2023-05-02T12:16:14+00:00","breadcrumb":{"@id":"https:\/\/www.demosmobilia.ch\/fr\/product\/fauteuils-du-hall-dentree-mod-campone-en-jacaranda-massif-11-disponibles\/#breadcrumb"},"inLanguage":"fr-FR","potentialAction":[{"@type":"ReadAction","target":["https:\/\/www.demosmobilia.ch\/fr\/product\/fauteuils-du-hall-dentree-mod-campone-en-jacaranda-massif-11-disponibles\/"]}]},{"@type":"ImageObject","inLanguage":"fr-FR","@id":"https:\/\/www.demosmobilia.ch\/fr\/product\/fauteuils-du-hall-dentree-mod-campone-en-jacaranda-massif-11-disponibles\/#primaryimage","url":"https:\/\/www.demosmobilia.ch\/wp-content\/uploads\/2020\/01\/Jurg_Bally_1960_swiss_design_jaquaranda_wood_01.jpg","contentUrl":"https:\/\/www.demosmobilia.ch\/wp-content\/uploads\/2020\/01\/Jurg_Bally_1960_swiss_design_jaquaranda_wood_01.jpg","width":1200,"height":900},{"@type":"BreadcrumbList","@id":"https:\/\/www.demosmobilia.ch\/fr\/product\/fauteuils-du-hall-dentree-mod-campone-en-jacaranda-massif-11-disponibles\/#breadcrumb","itemListElement":[{"@type":"ListItem","position":1,"name":"Home","item":"https:\/\/www.demosmobilia.ch\/fr\/"},{"@type":"ListItem","position":2,"name":"Produits","item":"https:\/\/www.demosmobilia.ch\/fr\/shop\/"},{"@type":"ListItem","position":3,"name":"Fauteuils du Hall d&#8217;Entr\u00e9e mod. Campone en Jacaranda massif, 11 disponibles"}]},{"@type":"WebSite","@id":"https:\/\/www.demosmobilia.ch\/fr\/#website","url":"https:\/\/www.demosmobilia.ch\/fr\/","name":"Demosmobilia","description":"Vintage Mid Century Modern Design Furniture from the &#039;30s to the &#039;80s","publisher":{"@id":"https:\/\/www.demosmobilia.ch\/fr\/#organization"},"potentialAction":[{"@type":"SearchAction","target":{"@type":"EntryPoint","urlTemplate":"https:\/\/www.demosmobilia.ch\/fr\/?s={search_term_string}"},"query-input":{"@type":"PropertyValueSpecification","valueRequired":true,"valueName":"search_term_string"}}],"inLanguage":"fr-FR"},{"@type":"Organization","@id":"https:\/\/www.demosmobilia.ch\/fr\/#organization","name":"demosmobilia","url":"https:\/\/www.demosmobilia.ch\/fr\/","logo":{"@type":"ImageObject","inLanguage":"fr-FR","@id":"https:\/\/www.demosmobilia.ch\/fr\/#\/schema\/logo\/image\/","url":"https:\/\/www.demosmobilia.ch\/wp-content\/uploads\/2020\/07\/demosmobilia-logo-2020-230-160.png","contentUrl":"https:\/\/www.demosmobilia.ch\/wp-content\/uploads\/2020\/07\/demosmobilia-logo-2020-230-160.png","width":230,"height":160,"caption":"demosmobilia"},"image":{"@id":"https:\/\/www.demosmobilia.ch\/fr\/#\/schema\/logo\/image\/"},"sameAs":["https:\/\/www.facebook.com\/Demos-Mobilia-1137017453131445\/","https:\/\/www.instagram.com\/demosmobilia\/"]}]}},"_links":{"self":[{"href":"https:\/\/www.demosmobilia.ch\/fr\/wp-json\/wp\/v2\/product\/42272","targetHints":{"allow":["GET"]}}],"collection":[{"href":"https:\/\/www.demosmobilia.ch\/fr\/wp-json\/wp\/v2\/product"}],"about":[{"href":"https:\/\/www.demosmobilia.ch\/fr\/wp-json\/wp\/v2\/types\/product"}],"wp:featuredmedia":[{"embeddable":true,"href":"https:\/\/www.demosmobilia.ch\/fr\/wp-json\/wp\/v2\/media\/42273"}],"wp:attachment":[{"href":"https:\/\/www.demosmobilia.ch\/fr\/wp-json\/wp\/v2\/media?parent=42272"}],"wp:term":[{"taxonomy":"product_cat","embeddable":true,"href":"https:\/\/www.demosmobilia.ch\/fr\/wp-json\/wp\/v2\/product_cat?post=42272"},{"taxonomy":"product_tag","embeddable":true,"href":"https:\/\/www.demosmobilia.ch\/fr\/wp-json\/wp\/v2\/product_tag?post=42272"}],"curies":[{"name":"wp","href":"https:\/\/api.w.org\/{rel}","templated":true}]}}