{"id":40993,"date":"2025-06-09T12:00:00","date_gmt":"2025-06-09T10:00:00","guid":{"rendered":"https:\/\/www.demosmobilia.ch\/product\/grand-lustre-en-laiton-mod-pusteblume\/"},"modified":"2026-03-14T14:51:21","modified_gmt":"2026-03-14T13:51:21","slug":"grand-lustre-en-laiton-mod-pusteblume","status":"publish","type":"product","link":"https:\/\/www.demosmobilia.ch\/fr\/product\/grand-lustre-en-laiton-mod-pusteblume\/","title":{"rendered":"Grand pendentif en laiton \u00ab Pusteblume \u00bb Boule de neige"},"content":{"rendered":"<p data-start=\"106\" data-end=\"506\">Emil Stejnar est un designer autrichien de luminaires du milieu du XXe si\u00e8cle, surtout connu pour son embl\u00e9matique lustre Pusteblume, con\u00e7u dans les ann\u00e9es 1950 et produit par Rupert Nikoll \u00e0 Vienne. Le lustre Pusteblume est devenu un symbole du design d\u2019\u00e9clairage vintage europ\u00e9en, appr\u00e9ci\u00e9 pour sa silhouette dynamique et sculpturale qui incarne l\u2019innovation et l\u2019\u00e9l\u00e9gance du modernisme mid\u2011century. <\/p>\n<p data-start=\"508\" data-end=\"985\">Le lustre Pusteblume se compose d\u2019un noyau central en laiton \u00e0 partir duquel de nombreux bras m\u00e9talliques rayonnent, chacun \u00e9quip\u00e9 d\u2019ampoules E14 et orn\u00e9 d\u2019\u00e9l\u00e9ments en verre ou en cristal fa\u00e7onn\u00e9s \u00e0 la main. Sa forme \u00e9voque une fleur de pissenlit ou une explosion d\u2019\u00e9toiles flottante, cr\u00e9ant un point focal saisissant qui illumine l\u2019espace avec une lumi\u00e8re riche et expressive. Cette combinaison de forme artistique et de fonctionnalit\u00e9 en fait \u00e0 la fois un objet d\u00e9coratif spectaculaire et une solution d\u2019\u00e9clairage pratique.  <\/p>\n<p data-start=\"987\" data-end=\"1385\">Produit pour des int\u00e9rieurs raffin\u00e9s des ann\u00e9es 1950 \u2014 incluant des maisons priv\u00e9es, salons et lieux publics \u2014 le lustre Pusteblume de Stejnar est tr\u00e8s appr\u00e9ci\u00e9 des collectionneurs et des d\u00e9corateurs qui valorisent le design mid\u2011century authentique. Son m\u00e9lange distinctif de m\u00e9tal chaud, de d\u00e9tails en verre travaill\u00e9s et d\u2019effets lumineux continue de faire de lui une pi\u00e8ce intemporelle du patrimoine du design europ\u00e9en. <\/p>\n<p data-start=\"1387\" data-end=\"1646\">Gr\u00e2ce \u00e0 son esth\u00e9tique unique et \u00e0 sa qualit\u00e9 artisanale, le lustre Pusteblume reste tr\u00e8s recherch\u00e9 sur le march\u00e9 du vintage et dans les collections de design s\u00e9lectionn\u00e9es, consolidant l\u2019h\u00e9ritage durable d\u2019Emil Stejnar comme figure majeure du design d\u2019\u00e9clairage du XXe si\u00e8cle.<\/p>\n","protected":false},"excerpt":{"rendered":"<p>Emil Stejnar est un designer autrichien de luminaires du milieu du XXe si\u00e8cle, surtout connu pour son embl\u00e9matique lustre Pusteblume, con\u00e7u dans les ann\u00e9es 1950 et produit par Rupert Nikoll \u00e0 Vienne. Le lustre Pusteblume est devenu un symbole du design d\u2019\u00e9clairage vintage europ\u00e9en, appr\u00e9ci\u00e9 pour sa silhouette dynamique et sculpturale qui incarne l\u2019innovation et l\u2019\u00e9l\u00e9gance du modernisme mid\u2011century. Le lustre Pusteblume se compose d\u2019un noyau central en laiton \u00e0 partir duquel de nombreux bras m\u00e9talliques rayonnent, chacun \u00e9quip\u00e9 d\u2019ampoules E14 et orn\u00e9 d\u2019\u00e9l\u00e9ments en verre ou en cristal fa\u00e7onn\u00e9s \u00e0 la main. Sa forme \u00e9voque une fleur de pissenlit ou une explosion d\u2019\u00e9toiles flottante,<a class=\"more-link\" href=\"https:\/\/www.demosmobilia.ch\/fr\/product\/grand-lustre-en-laiton-mod-pusteblume\/\">Read More &rarr;<\/a><\/p>\n","protected":false},"featured_media":83319,"template":"","meta":{"_monsterinsights_skip_tracking":false,"_monsterinsights_sitenote_active":false,"_monsterinsights_sitenote_note":"","_monsterinsights_sitenote_category":0,"kk_blocks_editor_width":"","_kiokenblocks_attr":"","_kiokenblocks_dimensions":""},"product_cat":[4247],"product_tag":[6514],"class_list":{"0":"entry","1":"author-webmaster","2":"post-40993","3":"product","4":"type-product","5":"status-publish","6":"has-post-thumbnail","7":"product_production-rupert-nikoll","8":"product_year-2506","9":"product_nation-autriche","10":"product_cat-suspensions","11":"product_tag-stejnar-emil-fr","13":"first","14":"instock","15":"shipping-taxable","16":"product-type-simple"},"yoast_head":"<!-- This site is optimized with the Yoast SEO plugin v24.0 - https:\/\/yoast.com\/wordpress\/plugins\/seo\/ -->\n<title>Grand pendentif en laiton \u00ab Pusteblume \u00bb Boule de neige &#8211; Demosmobilia<\/title>\n<meta name=\"robots\" content=\"index, follow, max-snippet:-1, max-image-preview:large, max-video-preview:-1\" \/>\n<link rel=\"canonical\" href=\"https:\/\/www.demosmobilia.ch\/fr\/product\/grand-lustre-en-laiton-mod-pusteblume\/\" \/>\n<meta property=\"og:locale\" content=\"fr_FR\" \/>\n<meta property=\"og:type\" content=\"article\" \/>\n<meta property=\"og:title\" content=\"Grand pendentif en laiton \u00ab Pusteblume \u00bb Boule de neige &#8211; Demosmobilia\" \/>\n<meta property=\"og:description\" content=\"Emil Stejnar est un designer autrichien de luminaires du milieu du XXe si\u00e8cle, surtout connu pour son embl\u00e9matique lustre Pusteblume, con\u00e7u dans les ann\u00e9es 1950 et produit par Rupert Nikoll \u00e0 Vienne. Le lustre Pusteblume est devenu un symbole du design d\u2019\u00e9clairage vintage europ\u00e9en, appr\u00e9ci\u00e9 pour sa silhouette dynamique et sculpturale qui incarne l\u2019innovation et l\u2019\u00e9l\u00e9gance du modernisme mid\u2011century. Le lustre Pusteblume se compose d\u2019un noyau central en laiton \u00e0 partir duquel de nombreux bras m\u00e9talliques rayonnent, chacun \u00e9quip\u00e9 d\u2019ampoules E14 et orn\u00e9 d\u2019\u00e9l\u00e9ments en verre ou en cristal fa\u00e7onn\u00e9s \u00e0 la main. Sa forme \u00e9voque une fleur de pissenlit ou une explosion d\u2019\u00e9toiles flottante,Read More &rarr;\" \/>\n<meta property=\"og:url\" content=\"https:\/\/www.demosmobilia.ch\/fr\/product\/grand-lustre-en-laiton-mod-pusteblume\/\" \/>\n<meta property=\"og:site_name\" content=\"Demosmobilia\" \/>\n<meta property=\"article:publisher\" content=\"https:\/\/www.facebook.com\/Demos-Mobilia-1137017453131445\/\" \/>\n<meta property=\"article:modified_time\" content=\"2026-03-14T13:51:21+00:00\" \/>\n<meta property=\"og:image\" content=\"https:\/\/www.demosmobilia.ch\/wp-content\/uploads\/2020\/04\/emil-stejnar-pusteblume-snowball-pendant-light-ruert-nikoll-1950-01.jpg\" \/>\n\t<meta property=\"og:image:width\" content=\"1200\" \/>\n\t<meta property=\"og:image:height\" content=\"900\" \/>\n\t<meta property=\"og:image:type\" content=\"image\/jpeg\" \/>\n<meta name=\"twitter:card\" content=\"summary_large_image\" \/>\n<meta name=\"twitter:label1\" content=\"Dur\u00e9e de lecture estim\u00e9e\" \/>\n\t<meta name=\"twitter:data1\" content=\"1 minute\" \/>\n<script type=\"application\/ld+json\" class=\"yoast-schema-graph\">{\"@context\":\"https:\/\/schema.org\",\"@graph\":[{\"@type\":\"WebPage\",\"@id\":\"https:\/\/www.demosmobilia.ch\/fr\/product\/grand-lustre-en-laiton-mod-pusteblume\/\",\"url\":\"https:\/\/www.demosmobilia.ch\/fr\/product\/grand-lustre-en-laiton-mod-pusteblume\/\",\"name\":\"Grand pendentif en laiton \u00ab Pusteblume \u00bb Boule de neige &#8211; Demosmobilia\",\"isPartOf\":{\"@id\":\"https:\/\/www.demosmobilia.ch\/fr\/#website\"},\"primaryImageOfPage\":{\"@id\":\"https:\/\/www.demosmobilia.ch\/fr\/product\/grand-lustre-en-laiton-mod-pusteblume\/#primaryimage\"},\"image\":{\"@id\":\"https:\/\/www.demosmobilia.ch\/fr\/product\/grand-lustre-en-laiton-mod-pusteblume\/#primaryimage\"},\"thumbnailUrl\":\"https:\/\/www.demosmobilia.ch\/wp-content\/uploads\/2020\/04\/emil-stejnar-pusteblume-snowball-pendant-light-ruert-nikoll-1950-01.jpg\",\"datePublished\":\"2025-06-09T10:00:00+00:00\",\"dateModified\":\"2026-03-14T13:51:21+00:00\",\"breadcrumb\":{\"@id\":\"https:\/\/www.demosmobilia.ch\/fr\/product\/grand-lustre-en-laiton-mod-pusteblume\/#breadcrumb\"},\"inLanguage\":\"fr-FR\",\"potentialAction\":[{\"@type\":\"ReadAction\",\"target\":[\"https:\/\/www.demosmobilia.ch\/fr\/product\/grand-lustre-en-laiton-mod-pusteblume\/\"]}]},{\"@type\":\"ImageObject\",\"inLanguage\":\"fr-FR\",\"@id\":\"https:\/\/www.demosmobilia.ch\/fr\/product\/grand-lustre-en-laiton-mod-pusteblume\/#primaryimage\",\"url\":\"https:\/\/www.demosmobilia.ch\/wp-content\/uploads\/2020\/04\/emil-stejnar-pusteblume-snowball-pendant-light-ruert-nikoll-1950-01.jpg\",\"contentUrl\":\"https:\/\/www.demosmobilia.ch\/wp-content\/uploads\/2020\/04\/emil-stejnar-pusteblume-snowball-pendant-light-ruert-nikoll-1950-01.jpg\",\"width\":1200,\"height\":900},{\"@type\":\"BreadcrumbList\",\"@id\":\"https:\/\/www.demosmobilia.ch\/fr\/product\/grand-lustre-en-laiton-mod-pusteblume\/#breadcrumb\",\"itemListElement\":[{\"@type\":\"ListItem\",\"position\":1,\"name\":\"Home\",\"item\":\"https:\/\/www.demosmobilia.ch\/fr\/\"},{\"@type\":\"ListItem\",\"position\":2,\"name\":\"Produits\",\"item\":\"https:\/\/www.demosmobilia.ch\/fr\/shop\/\"},{\"@type\":\"ListItem\",\"position\":3,\"name\":\"Grand pendentif en laiton \u00ab Pusteblume \u00bb Boule de neige\"}]},{\"@type\":\"WebSite\",\"@id\":\"https:\/\/www.demosmobilia.ch\/fr\/#website\",\"url\":\"https:\/\/www.demosmobilia.ch\/fr\/\",\"name\":\"Demosmobilia\",\"description\":\"Vintage Mid Century Modern Design Furniture from the &#039;30s to the &#039;80s\",\"publisher\":{\"@id\":\"https:\/\/www.demosmobilia.ch\/fr\/#organization\"},\"potentialAction\":[{\"@type\":\"SearchAction\",\"target\":{\"@type\":\"EntryPoint\",\"urlTemplate\":\"https:\/\/www.demosmobilia.ch\/fr\/?s={search_term_string}\"},\"query-input\":{\"@type\":\"PropertyValueSpecification\",\"valueRequired\":true,\"valueName\":\"search_term_string\"}}],\"inLanguage\":\"fr-FR\"},{\"@type\":\"Organization\",\"@id\":\"https:\/\/www.demosmobilia.ch\/fr\/#organization\",\"name\":\"demosmobilia\",\"url\":\"https:\/\/www.demosmobilia.ch\/fr\/\",\"logo\":{\"@type\":\"ImageObject\",\"inLanguage\":\"fr-FR\",\"@id\":\"https:\/\/www.demosmobilia.ch\/fr\/#\/schema\/logo\/image\/\",\"url\":\"https:\/\/www.demosmobilia.ch\/wp-content\/uploads\/2020\/07\/demosmobilia-logo-2020-230-160.png\",\"contentUrl\":\"https:\/\/www.demosmobilia.ch\/wp-content\/uploads\/2020\/07\/demosmobilia-logo-2020-230-160.png\",\"width\":230,\"height\":160,\"caption\":\"demosmobilia\"},\"image\":{\"@id\":\"https:\/\/www.demosmobilia.ch\/fr\/#\/schema\/logo\/image\/\"},\"sameAs\":[\"https:\/\/www.facebook.com\/Demos-Mobilia-1137017453131445\/\",\"https:\/\/www.instagram.com\/demosmobilia\/\"]}]}<\/script>\n<!-- \/ Yoast SEO plugin. -->","yoast_head_json":{"title":"Grand pendentif en laiton \u00ab Pusteblume \u00bb Boule de neige &#8211; Demosmobilia","robots":{"index":"index","follow":"follow","max-snippet":"max-snippet:-1","max-image-preview":"max-image-preview:large","max-video-preview":"max-video-preview:-1"},"canonical":"https:\/\/www.demosmobilia.ch\/fr\/product\/grand-lustre-en-laiton-mod-pusteblume\/","og_locale":"fr_FR","og_type":"article","og_title":"Grand pendentif en laiton \u00ab Pusteblume \u00bb Boule de neige &#8211; Demosmobilia","og_description":"Emil Stejnar est un designer autrichien de luminaires du milieu du XXe si\u00e8cle, surtout connu pour son embl\u00e9matique lustre Pusteblume, con\u00e7u dans les ann\u00e9es 1950 et produit par Rupert Nikoll \u00e0 Vienne. Le lustre Pusteblume est devenu un symbole du design d\u2019\u00e9clairage vintage europ\u00e9en, appr\u00e9ci\u00e9 pour sa silhouette dynamique et sculpturale qui incarne l\u2019innovation et l\u2019\u00e9l\u00e9gance du modernisme mid\u2011century. Le lustre Pusteblume se compose d\u2019un noyau central en laiton \u00e0 partir duquel de nombreux bras m\u00e9talliques rayonnent, chacun \u00e9quip\u00e9 d\u2019ampoules E14 et orn\u00e9 d\u2019\u00e9l\u00e9ments en verre ou en cristal fa\u00e7onn\u00e9s \u00e0 la main. Sa forme \u00e9voque une fleur de pissenlit ou une explosion d\u2019\u00e9toiles flottante,Read More &rarr;","og_url":"https:\/\/www.demosmobilia.ch\/fr\/product\/grand-lustre-en-laiton-mod-pusteblume\/","og_site_name":"Demosmobilia","article_publisher":"https:\/\/www.facebook.com\/Demos-Mobilia-1137017453131445\/","article_modified_time":"2026-03-14T13:51:21+00:00","og_image":[{"width":1200,"height":900,"url":"https:\/\/www.demosmobilia.ch\/wp-content\/uploads\/2020\/04\/emil-stejnar-pusteblume-snowball-pendant-light-ruert-nikoll-1950-01.jpg","type":"image\/jpeg"}],"twitter_card":"summary_large_image","twitter_misc":{"Dur\u00e9e de lecture estim\u00e9e":"1 minute"},"schema":{"@context":"https:\/\/schema.org","@graph":[{"@type":"WebPage","@id":"https:\/\/www.demosmobilia.ch\/fr\/product\/grand-lustre-en-laiton-mod-pusteblume\/","url":"https:\/\/www.demosmobilia.ch\/fr\/product\/grand-lustre-en-laiton-mod-pusteblume\/","name":"Grand pendentif en laiton \u00ab Pusteblume \u00bb Boule de neige &#8211; Demosmobilia","isPartOf":{"@id":"https:\/\/www.demosmobilia.ch\/fr\/#website"},"primaryImageOfPage":{"@id":"https:\/\/www.demosmobilia.ch\/fr\/product\/grand-lustre-en-laiton-mod-pusteblume\/#primaryimage"},"image":{"@id":"https:\/\/www.demosmobilia.ch\/fr\/product\/grand-lustre-en-laiton-mod-pusteblume\/#primaryimage"},"thumbnailUrl":"https:\/\/www.demosmobilia.ch\/wp-content\/uploads\/2020\/04\/emil-stejnar-pusteblume-snowball-pendant-light-ruert-nikoll-1950-01.jpg","datePublished":"2025-06-09T10:00:00+00:00","dateModified":"2026-03-14T13:51:21+00:00","breadcrumb":{"@id":"https:\/\/www.demosmobilia.ch\/fr\/product\/grand-lustre-en-laiton-mod-pusteblume\/#breadcrumb"},"inLanguage":"fr-FR","potentialAction":[{"@type":"ReadAction","target":["https:\/\/www.demosmobilia.ch\/fr\/product\/grand-lustre-en-laiton-mod-pusteblume\/"]}]},{"@type":"ImageObject","inLanguage":"fr-FR","@id":"https:\/\/www.demosmobilia.ch\/fr\/product\/grand-lustre-en-laiton-mod-pusteblume\/#primaryimage","url":"https:\/\/www.demosmobilia.ch\/wp-content\/uploads\/2020\/04\/emil-stejnar-pusteblume-snowball-pendant-light-ruert-nikoll-1950-01.jpg","contentUrl":"https:\/\/www.demosmobilia.ch\/wp-content\/uploads\/2020\/04\/emil-stejnar-pusteblume-snowball-pendant-light-ruert-nikoll-1950-01.jpg","width":1200,"height":900},{"@type":"BreadcrumbList","@id":"https:\/\/www.demosmobilia.ch\/fr\/product\/grand-lustre-en-laiton-mod-pusteblume\/#breadcrumb","itemListElement":[{"@type":"ListItem","position":1,"name":"Home","item":"https:\/\/www.demosmobilia.ch\/fr\/"},{"@type":"ListItem","position":2,"name":"Produits","item":"https:\/\/www.demosmobilia.ch\/fr\/shop\/"},{"@type":"ListItem","position":3,"name":"Grand pendentif en laiton \u00ab Pusteblume \u00bb Boule de neige"}]},{"@type":"WebSite","@id":"https:\/\/www.demosmobilia.ch\/fr\/#website","url":"https:\/\/www.demosmobilia.ch\/fr\/","name":"Demosmobilia","description":"Vintage Mid Century Modern Design Furniture from the &#039;30s to the &#039;80s","publisher":{"@id":"https:\/\/www.demosmobilia.ch\/fr\/#organization"},"potentialAction":[{"@type":"SearchAction","target":{"@type":"EntryPoint","urlTemplate":"https:\/\/www.demosmobilia.ch\/fr\/?s={search_term_string}"},"query-input":{"@type":"PropertyValueSpecification","valueRequired":true,"valueName":"search_term_string"}}],"inLanguage":"fr-FR"},{"@type":"Organization","@id":"https:\/\/www.demosmobilia.ch\/fr\/#organization","name":"demosmobilia","url":"https:\/\/www.demosmobilia.ch\/fr\/","logo":{"@type":"ImageObject","inLanguage":"fr-FR","@id":"https:\/\/www.demosmobilia.ch\/fr\/#\/schema\/logo\/image\/","url":"https:\/\/www.demosmobilia.ch\/wp-content\/uploads\/2020\/07\/demosmobilia-logo-2020-230-160.png","contentUrl":"https:\/\/www.demosmobilia.ch\/wp-content\/uploads\/2020\/07\/demosmobilia-logo-2020-230-160.png","width":230,"height":160,"caption":"demosmobilia"},"image":{"@id":"https:\/\/www.demosmobilia.ch\/fr\/#\/schema\/logo\/image\/"},"sameAs":["https:\/\/www.facebook.com\/Demos-Mobilia-1137017453131445\/","https:\/\/www.instagram.com\/demosmobilia\/"]}]}},"_links":{"self":[{"href":"https:\/\/www.demosmobilia.ch\/fr\/wp-json\/wp\/v2\/product\/40993","targetHints":{"allow":["GET"]}}],"collection":[{"href":"https:\/\/www.demosmobilia.ch\/fr\/wp-json\/wp\/v2\/product"}],"about":[{"href":"https:\/\/www.demosmobilia.ch\/fr\/wp-json\/wp\/v2\/types\/product"}],"wp:featuredmedia":[{"embeddable":true,"href":"https:\/\/www.demosmobilia.ch\/fr\/wp-json\/wp\/v2\/media\/83319"}],"wp:attachment":[{"href":"https:\/\/www.demosmobilia.ch\/fr\/wp-json\/wp\/v2\/media?parent=40993"}],"wp:term":[{"taxonomy":"product_cat","embeddable":true,"href":"https:\/\/www.demosmobilia.ch\/fr\/wp-json\/wp\/v2\/product_cat?post=40993"},{"taxonomy":"product_tag","embeddable":true,"href":"https:\/\/www.demosmobilia.ch\/fr\/wp-json\/wp\/v2\/product_tag?post=40993"}],"curies":[{"name":"wp","href":"https:\/\/api.w.org\/{rel}","templated":true}]}}