{"id":39874,"date":"2025-12-29T11:50:20","date_gmt":"2025-12-29T10:50:20","guid":{"rendered":"https:\/\/www.demosmobilia.ch\/product\/sculpteur-assis-en-chene-mod-mo\/"},"modified":"2020-10-21T14:49:08","modified_gmt":"2020-10-21T12:49:08","slug":"sculpteur-assis-en-chene-mod-mo","status":"publish","type":"product","link":"https:\/\/www.demosmobilia.ch\/fr\/product\/sculpteur-assis-en-chene-mod-mo\/","title":{"rendered":"Sculpteur Assis en Ch\u00eane mod. MO"},"content":{"rendered":"<p>Con\u00e7u par l&rsquo;artiste Carlo Mo et Osvaldo Borsani, Italie 1964<br \/>Edit\u00e9 par l&rsquo;Atelier Borsani Varedo dans une \u00e9dition limit\u00e9e au cours de l&rsquo;ann\u00e9e 1991<\/p>\n","protected":false},"excerpt":{"rendered":"<p>Con\u00e7u par l&rsquo;artiste Carlo Mo et Osvaldo Borsani, Italie 1964Edit\u00e9 par l&rsquo;Atelier Borsani Varedo dans une \u00e9dition limit\u00e9e au cours de l&rsquo;ann\u00e9e 1991<a class=\"more-link\" href=\"https:\/\/www.demosmobilia.ch\/fr\/product\/sculpteur-assis-en-chene-mod-mo\/\">Read More &rarr;<\/a><\/p>\n","protected":false},"featured_media":39638,"template":"","meta":{"_monsterinsights_skip_tracking":false,"_monsterinsights_sitenote_active":false,"_monsterinsights_sitenote_note":"","_monsterinsights_sitenote_category":0,"kk_blocks_editor_width":"","_kiokenblocks_attr":"","_kiokenblocks_dimensions":""},"product_cat":[4263,4232],"product_tag":[7104],"class_list":{"0":"entry","1":"author-demosmobilia","2":"post-39874","3":"product","4":"type-product","5":"status-publish","6":"has-post-thumbnail","7":"product_production-atelier-borsani","8":"product_year-3324","9":"product_nation-italie-fr","10":"product_cat-fauteuils-fr","11":"product_cat-sculptures-fr","12":"product_tag-mo-carlo-fr","13":"pa_product_dimension-17-5-x-68-x-seance-ht-5-cm","14":"pa_product_dimension-total-ht-66-5-cm-fr","15":"pa_product_material-chene-acier-laque","17":"first","18":"outofstock","19":"shipping-taxable","20":"purchasable","21":"product-type-simple"},"yoast_head":"<!-- This site is optimized with the Yoast SEO plugin v24.0 - https:\/\/yoast.com\/wordpress\/plugins\/seo\/ -->\n<title>Sculpteur Assis en Ch\u00eane mod. MO &#8211; Demosmobilia<\/title>\n<meta name=\"robots\" content=\"index, follow, max-snippet:-1, max-image-preview:large, max-video-preview:-1\" \/>\n<link rel=\"canonical\" href=\"https:\/\/www.demosmobilia.ch\/fr\/product\/sculpteur-assis-en-chene-mod-mo\/\" \/>\n<meta property=\"og:locale\" content=\"fr_FR\" \/>\n<meta property=\"og:type\" content=\"article\" \/>\n<meta property=\"og:title\" content=\"Sculpteur Assis en Ch\u00eane mod. MO &#8211; Demosmobilia\" \/>\n<meta property=\"og:description\" content=\"Con\u00e7u par l&rsquo;artiste Carlo Mo et Osvaldo Borsani, Italie 1964Edit\u00e9 par l&rsquo;Atelier Borsani Varedo dans une \u00e9dition limit\u00e9e au cours de l&rsquo;ann\u00e9e 1991Read More &rarr;\" \/>\n<meta property=\"og:url\" content=\"https:\/\/www.demosmobilia.ch\/fr\/product\/sculpteur-assis-en-chene-mod-mo\/\" \/>\n<meta property=\"og:site_name\" content=\"Demosmobilia\" \/>\n<meta property=\"article:publisher\" content=\"https:\/\/www.facebook.com\/Demos-Mobilia-1137017453131445\/\" \/>\n<meta property=\"article:modified_time\" content=\"2020-10-21T12:49:08+00:00\" \/>\n<meta property=\"og:image\" content=\"https:\/\/www.demosmobilia.ch\/wp-content\/uploads\/2020\/10\/osvaldo-borsani-atelier-MO-sculpture-seath-1964-01.jpg\" \/>\n\t<meta property=\"og:image:width\" content=\"1200\" \/>\n\t<meta property=\"og:image:height\" content=\"900\" \/>\n\t<meta property=\"og:image:type\" content=\"image\/jpeg\" \/>\n<meta name=\"twitter:card\" content=\"summary_large_image\" \/>\n<script type=\"application\/ld+json\" class=\"yoast-schema-graph\">{\"@context\":\"https:\/\/schema.org\",\"@graph\":[{\"@type\":\"WebPage\",\"@id\":\"https:\/\/www.demosmobilia.ch\/fr\/product\/sculpteur-assis-en-chene-mod-mo\/\",\"url\":\"https:\/\/www.demosmobilia.ch\/fr\/product\/sculpteur-assis-en-chene-mod-mo\/\",\"name\":\"Sculpteur Assis en Ch\u00eane mod. MO &#8211; Demosmobilia\",\"isPartOf\":{\"@id\":\"https:\/\/www.demosmobilia.ch\/fr\/#website\"},\"primaryImageOfPage\":{\"@id\":\"https:\/\/www.demosmobilia.ch\/fr\/product\/sculpteur-assis-en-chene-mod-mo\/#primaryimage\"},\"image\":{\"@id\":\"https:\/\/www.demosmobilia.ch\/fr\/product\/sculpteur-assis-en-chene-mod-mo\/#primaryimage\"},\"thumbnailUrl\":\"https:\/\/www.demosmobilia.ch\/wp-content\/uploads\/2020\/10\/osvaldo-borsani-atelier-MO-sculpture-seath-1964-01.jpg\",\"datePublished\":\"2025-12-29T10:50:20+00:00\",\"dateModified\":\"2020-10-21T12:49:08+00:00\",\"breadcrumb\":{\"@id\":\"https:\/\/www.demosmobilia.ch\/fr\/product\/sculpteur-assis-en-chene-mod-mo\/#breadcrumb\"},\"inLanguage\":\"fr-FR\",\"potentialAction\":[{\"@type\":\"ReadAction\",\"target\":[\"https:\/\/www.demosmobilia.ch\/fr\/product\/sculpteur-assis-en-chene-mod-mo\/\"]}]},{\"@type\":\"ImageObject\",\"inLanguage\":\"fr-FR\",\"@id\":\"https:\/\/www.demosmobilia.ch\/fr\/product\/sculpteur-assis-en-chene-mod-mo\/#primaryimage\",\"url\":\"https:\/\/www.demosmobilia.ch\/wp-content\/uploads\/2020\/10\/osvaldo-borsani-atelier-MO-sculpture-seath-1964-01.jpg\",\"contentUrl\":\"https:\/\/www.demosmobilia.ch\/wp-content\/uploads\/2020\/10\/osvaldo-borsani-atelier-MO-sculpture-seath-1964-01.jpg\",\"width\":1200,\"height\":900},{\"@type\":\"BreadcrumbList\",\"@id\":\"https:\/\/www.demosmobilia.ch\/fr\/product\/sculpteur-assis-en-chene-mod-mo\/#breadcrumb\",\"itemListElement\":[{\"@type\":\"ListItem\",\"position\":1,\"name\":\"Home\",\"item\":\"https:\/\/www.demosmobilia.ch\/fr\/\"},{\"@type\":\"ListItem\",\"position\":2,\"name\":\"Produits\",\"item\":\"https:\/\/www.demosmobilia.ch\/fr\/shop\/\"},{\"@type\":\"ListItem\",\"position\":3,\"name\":\"Sculpteur Assis en Ch\u00eane mod. MO\"}]},{\"@type\":\"WebSite\",\"@id\":\"https:\/\/www.demosmobilia.ch\/fr\/#website\",\"url\":\"https:\/\/www.demosmobilia.ch\/fr\/\",\"name\":\"Demosmobilia\",\"description\":\"Vintage Mid Century Modern Design Furniture from the &#039;30s to the &#039;80s\",\"publisher\":{\"@id\":\"https:\/\/www.demosmobilia.ch\/fr\/#organization\"},\"potentialAction\":[{\"@type\":\"SearchAction\",\"target\":{\"@type\":\"EntryPoint\",\"urlTemplate\":\"https:\/\/www.demosmobilia.ch\/fr\/?s={search_term_string}\"},\"query-input\":{\"@type\":\"PropertyValueSpecification\",\"valueRequired\":true,\"valueName\":\"search_term_string\"}}],\"inLanguage\":\"fr-FR\"},{\"@type\":\"Organization\",\"@id\":\"https:\/\/www.demosmobilia.ch\/fr\/#organization\",\"name\":\"demosmobilia\",\"url\":\"https:\/\/www.demosmobilia.ch\/fr\/\",\"logo\":{\"@type\":\"ImageObject\",\"inLanguage\":\"fr-FR\",\"@id\":\"https:\/\/www.demosmobilia.ch\/fr\/#\/schema\/logo\/image\/\",\"url\":\"https:\/\/www.demosmobilia.ch\/wp-content\/uploads\/2020\/07\/demosmobilia-logo-2020-230-160.png\",\"contentUrl\":\"https:\/\/www.demosmobilia.ch\/wp-content\/uploads\/2020\/07\/demosmobilia-logo-2020-230-160.png\",\"width\":230,\"height\":160,\"caption\":\"demosmobilia\"},\"image\":{\"@id\":\"https:\/\/www.demosmobilia.ch\/fr\/#\/schema\/logo\/image\/\"},\"sameAs\":[\"https:\/\/www.facebook.com\/Demos-Mobilia-1137017453131445\/\",\"https:\/\/www.instagram.com\/demosmobilia\/\"]}]}<\/script>\n<!-- \/ Yoast SEO plugin. -->","yoast_head_json":{"title":"Sculpteur Assis en Ch\u00eane mod. MO &#8211; Demosmobilia","robots":{"index":"index","follow":"follow","max-snippet":"max-snippet:-1","max-image-preview":"max-image-preview:large","max-video-preview":"max-video-preview:-1"},"canonical":"https:\/\/www.demosmobilia.ch\/fr\/product\/sculpteur-assis-en-chene-mod-mo\/","og_locale":"fr_FR","og_type":"article","og_title":"Sculpteur Assis en Ch\u00eane mod. MO &#8211; Demosmobilia","og_description":"Con\u00e7u par l&rsquo;artiste Carlo Mo et Osvaldo Borsani, Italie 1964Edit\u00e9 par l&rsquo;Atelier Borsani Varedo dans une \u00e9dition limit\u00e9e au cours de l&rsquo;ann\u00e9e 1991Read More &rarr;","og_url":"https:\/\/www.demosmobilia.ch\/fr\/product\/sculpteur-assis-en-chene-mod-mo\/","og_site_name":"Demosmobilia","article_publisher":"https:\/\/www.facebook.com\/Demos-Mobilia-1137017453131445\/","article_modified_time":"2020-10-21T12:49:08+00:00","og_image":[{"width":1200,"height":900,"url":"https:\/\/www.demosmobilia.ch\/wp-content\/uploads\/2020\/10\/osvaldo-borsani-atelier-MO-sculpture-seath-1964-01.jpg","type":"image\/jpeg"}],"twitter_card":"summary_large_image","schema":{"@context":"https:\/\/schema.org","@graph":[{"@type":"WebPage","@id":"https:\/\/www.demosmobilia.ch\/fr\/product\/sculpteur-assis-en-chene-mod-mo\/","url":"https:\/\/www.demosmobilia.ch\/fr\/product\/sculpteur-assis-en-chene-mod-mo\/","name":"Sculpteur Assis en Ch\u00eane mod. MO &#8211; Demosmobilia","isPartOf":{"@id":"https:\/\/www.demosmobilia.ch\/fr\/#website"},"primaryImageOfPage":{"@id":"https:\/\/www.demosmobilia.ch\/fr\/product\/sculpteur-assis-en-chene-mod-mo\/#primaryimage"},"image":{"@id":"https:\/\/www.demosmobilia.ch\/fr\/product\/sculpteur-assis-en-chene-mod-mo\/#primaryimage"},"thumbnailUrl":"https:\/\/www.demosmobilia.ch\/wp-content\/uploads\/2020\/10\/osvaldo-borsani-atelier-MO-sculpture-seath-1964-01.jpg","datePublished":"2025-12-29T10:50:20+00:00","dateModified":"2020-10-21T12:49:08+00:00","breadcrumb":{"@id":"https:\/\/www.demosmobilia.ch\/fr\/product\/sculpteur-assis-en-chene-mod-mo\/#breadcrumb"},"inLanguage":"fr-FR","potentialAction":[{"@type":"ReadAction","target":["https:\/\/www.demosmobilia.ch\/fr\/product\/sculpteur-assis-en-chene-mod-mo\/"]}]},{"@type":"ImageObject","inLanguage":"fr-FR","@id":"https:\/\/www.demosmobilia.ch\/fr\/product\/sculpteur-assis-en-chene-mod-mo\/#primaryimage","url":"https:\/\/www.demosmobilia.ch\/wp-content\/uploads\/2020\/10\/osvaldo-borsani-atelier-MO-sculpture-seath-1964-01.jpg","contentUrl":"https:\/\/www.demosmobilia.ch\/wp-content\/uploads\/2020\/10\/osvaldo-borsani-atelier-MO-sculpture-seath-1964-01.jpg","width":1200,"height":900},{"@type":"BreadcrumbList","@id":"https:\/\/www.demosmobilia.ch\/fr\/product\/sculpteur-assis-en-chene-mod-mo\/#breadcrumb","itemListElement":[{"@type":"ListItem","position":1,"name":"Home","item":"https:\/\/www.demosmobilia.ch\/fr\/"},{"@type":"ListItem","position":2,"name":"Produits","item":"https:\/\/www.demosmobilia.ch\/fr\/shop\/"},{"@type":"ListItem","position":3,"name":"Sculpteur Assis en Ch\u00eane mod. MO"}]},{"@type":"WebSite","@id":"https:\/\/www.demosmobilia.ch\/fr\/#website","url":"https:\/\/www.demosmobilia.ch\/fr\/","name":"Demosmobilia","description":"Vintage Mid Century Modern Design Furniture from the &#039;30s to the &#039;80s","publisher":{"@id":"https:\/\/www.demosmobilia.ch\/fr\/#organization"},"potentialAction":[{"@type":"SearchAction","target":{"@type":"EntryPoint","urlTemplate":"https:\/\/www.demosmobilia.ch\/fr\/?s={search_term_string}"},"query-input":{"@type":"PropertyValueSpecification","valueRequired":true,"valueName":"search_term_string"}}],"inLanguage":"fr-FR"},{"@type":"Organization","@id":"https:\/\/www.demosmobilia.ch\/fr\/#organization","name":"demosmobilia","url":"https:\/\/www.demosmobilia.ch\/fr\/","logo":{"@type":"ImageObject","inLanguage":"fr-FR","@id":"https:\/\/www.demosmobilia.ch\/fr\/#\/schema\/logo\/image\/","url":"https:\/\/www.demosmobilia.ch\/wp-content\/uploads\/2020\/07\/demosmobilia-logo-2020-230-160.png","contentUrl":"https:\/\/www.demosmobilia.ch\/wp-content\/uploads\/2020\/07\/demosmobilia-logo-2020-230-160.png","width":230,"height":160,"caption":"demosmobilia"},"image":{"@id":"https:\/\/www.demosmobilia.ch\/fr\/#\/schema\/logo\/image\/"},"sameAs":["https:\/\/www.facebook.com\/Demos-Mobilia-1137017453131445\/","https:\/\/www.instagram.com\/demosmobilia\/"]}]}},"_links":{"self":[{"href":"https:\/\/www.demosmobilia.ch\/fr\/wp-json\/wp\/v2\/product\/39874","targetHints":{"allow":["GET"]}}],"collection":[{"href":"https:\/\/www.demosmobilia.ch\/fr\/wp-json\/wp\/v2\/product"}],"about":[{"href":"https:\/\/www.demosmobilia.ch\/fr\/wp-json\/wp\/v2\/types\/product"}],"wp:featuredmedia":[{"embeddable":true,"href":"https:\/\/www.demosmobilia.ch\/fr\/wp-json\/wp\/v2\/media\/39638"}],"wp:attachment":[{"href":"https:\/\/www.demosmobilia.ch\/fr\/wp-json\/wp\/v2\/media?parent=39874"}],"wp:term":[{"taxonomy":"product_cat","embeddable":true,"href":"https:\/\/www.demosmobilia.ch\/fr\/wp-json\/wp\/v2\/product_cat?post=39874"},{"taxonomy":"product_tag","embeddable":true,"href":"https:\/\/www.demosmobilia.ch\/fr\/wp-json\/wp\/v2\/product_tag?post=39874"}],"curies":[{"name":"wp","href":"https:\/\/api.w.org\/{rel}","templated":true}]}}