{"id":38401,"date":"2020-09-16T17:15:14","date_gmt":"2020-09-16T15:15:14","guid":{"rendered":"https:\/\/www.demosmobilia.ch\/credits\/"},"modified":"2020-10-15T18:38:01","modified_gmt":"2020-10-15T16:38:01","slug":"credits","status":"publish","type":"page","link":"https:\/\/www.demosmobilia.ch\/fr\/credits\/","title":{"rendered":"Cr\u00e9dits"},"content":{"rendered":"<p><p>Tous droits r\u00e9serv\u00e9s.<br\/>Aucun mat\u00e9riel sur ce site web ne peut \u00eatre reproduit, distribu\u00e9, transmis, modifi\u00e9, r\u00e9utilis\u00e9 ou adapt\u00e9 sans le consentement \u00e9crit pr\u00e9alable de demosmobilia.<\/p><\/p><p><p>Graphisme et conception du site web r\u00e9alis\u00e9s par Veruska Gennari <a href=\"http:\/\/www.monostudio.ch\" target=\"_blank\" rel=\"noreferrer noopener\">www.monostudio.ch<\/a><\/p><\/p><p><p>Photographies r\u00e9alis\u00e9es par :<br\/>Kerstin Rose &amp; Christian Schaulin www.fotografieschaulin.de<br\/>Tonatiuh Ambrosetti et Daniela Droz <a href=\"http:\/\/www.daniela-tonatiuh.ch\" target=\"_blank\" rel=\"noreferrer noopener\">www.daniela-tonatiuh.ch<\/a><br\/>(tous les produits sur le site web, newsletter, achat-vente, location, liste de souhaits) <a href=\"http:\/\/www.monostudio.ch\" target=\"_blank\" rel=\"noreferrer noopener\">www.monostudio.ch<\/a><\/p><\/p>","protected":false},"excerpt":{"rendered":"<p>Tous droits r\u00e9serv\u00e9s.Aucun mat\u00e9riel sur ce site web ne peut \u00eatre reproduit, distribu\u00e9, transmis, modifi\u00e9, r\u00e9utilis\u00e9 ou adapt\u00e9 sans le consentement \u00e9crit pr\u00e9alable de demosmobilia. Graphisme et conception du site web r\u00e9alis\u00e9s par Veruska Gennari www.monostudio.ch Photographies r\u00e9alis\u00e9es par :Kerstin Rose &amp; Christian Schaulin www.fotografieschaulin.deTonatiuh Ambrosetti et Daniela Droz www.daniela-tonatiuh.ch(tous les produits sur le site web, newsletter, achat-vente, location, liste de souhaits) www.monostudio.ch<a class=\"more-link\" href=\"https:\/\/www.demosmobilia.ch\/fr\/credits\/\">Read More &rarr;<\/a><\/p>\n","protected":false},"author":1,"featured_media":0,"parent":0,"menu_order":0,"comment_status":"closed","ping_status":"closed","template":"","meta":{"_monsterinsights_skip_tracking":false,"_monsterinsights_sitenote_active":false,"_monsterinsights_sitenote_note":"","_monsterinsights_sitenote_category":0,"kk_blocks_editor_width":"","_kiokenblocks_attr":"","_kiokenblocks_dimensions":"","footnotes":""},"class_list":["entry","author-webmaster","post-38401","page","type-page","status-publish"],"yoast_head":"<!-- This site is optimized with the Yoast SEO plugin v24.0 - https:\/\/yoast.com\/wordpress\/plugins\/seo\/ -->\n<title>Cr\u00e9dits &#8211; Demosmobilia<\/title>\n<meta name=\"robots\" content=\"index, follow, max-snippet:-1, max-image-preview:large, max-video-preview:-1\" \/>\n<link rel=\"canonical\" href=\"https:\/\/www.demosmobilia.ch\/fr\/credits\/\" \/>\n<meta property=\"og:locale\" content=\"fr_FR\" \/>\n<meta property=\"og:type\" content=\"article\" \/>\n<meta property=\"og:title\" content=\"Cr\u00e9dits &#8211; Demosmobilia\" \/>\n<meta property=\"og:description\" content=\"Tous droits r\u00e9serv\u00e9s.Aucun mat\u00e9riel sur ce site web ne peut \u00eatre reproduit, distribu\u00e9, transmis, modifi\u00e9, r\u00e9utilis\u00e9 ou adapt\u00e9 sans le consentement \u00e9crit pr\u00e9alable de demosmobilia. Graphisme et conception du site web r\u00e9alis\u00e9s par Veruska Gennari www.monostudio.ch Photographies r\u00e9alis\u00e9es par :Kerstin Rose &amp; Christian Schaulin www.fotografieschaulin.deTonatiuh Ambrosetti et Daniela Droz www.daniela-tonatiuh.ch(tous les produits sur le site web, newsletter, achat-vente, location, liste de souhaits) www.monostudio.chRead More &rarr;\" \/>\n<meta property=\"og:url\" content=\"https:\/\/www.demosmobilia.ch\/fr\/credits\/\" \/>\n<meta property=\"og:site_name\" content=\"Demosmobilia\" \/>\n<meta property=\"article:publisher\" content=\"https:\/\/www.facebook.com\/Demos-Mobilia-1137017453131445\/\" \/>\n<meta property=\"article:modified_time\" content=\"2020-10-15T16:38:01+00:00\" \/>\n<meta name=\"twitter:card\" content=\"summary_large_image\" \/>\n<script type=\"application\/ld+json\" class=\"yoast-schema-graph\">{\"@context\":\"https:\/\/schema.org\",\"@graph\":[{\"@type\":\"WebPage\",\"@id\":\"https:\/\/www.demosmobilia.ch\/fr\/credits\/\",\"url\":\"https:\/\/www.demosmobilia.ch\/fr\/credits\/\",\"name\":\"Cr\u00e9dits &#8211; Demosmobilia\",\"isPartOf\":{\"@id\":\"https:\/\/www.demosmobilia.ch\/fr\/#website\"},\"datePublished\":\"2020-09-16T15:15:14+00:00\",\"dateModified\":\"2020-10-15T16:38:01+00:00\",\"breadcrumb\":{\"@id\":\"https:\/\/www.demosmobilia.ch\/fr\/credits\/#breadcrumb\"},\"inLanguage\":\"fr-FR\",\"potentialAction\":[{\"@type\":\"ReadAction\",\"target\":[\"https:\/\/www.demosmobilia.ch\/fr\/credits\/\"]}]},{\"@type\":\"BreadcrumbList\",\"@id\":\"https:\/\/www.demosmobilia.ch\/fr\/credits\/#breadcrumb\",\"itemListElement\":[{\"@type\":\"ListItem\",\"position\":1,\"name\":\"Home\",\"item\":\"https:\/\/www.demosmobilia.ch\/fr\/\"},{\"@type\":\"ListItem\",\"position\":2,\"name\":\"Cr\u00e9dits\"}]},{\"@type\":\"WebSite\",\"@id\":\"https:\/\/www.demosmobilia.ch\/fr\/#website\",\"url\":\"https:\/\/www.demosmobilia.ch\/fr\/\",\"name\":\"Demosmobilia\",\"description\":\"Vintage Mid Century Modern Design Furniture from the &#039;30s to the &#039;80s\",\"publisher\":{\"@id\":\"https:\/\/www.demosmobilia.ch\/fr\/#organization\"},\"potentialAction\":[{\"@type\":\"SearchAction\",\"target\":{\"@type\":\"EntryPoint\",\"urlTemplate\":\"https:\/\/www.demosmobilia.ch\/fr\/?s={search_term_string}\"},\"query-input\":{\"@type\":\"PropertyValueSpecification\",\"valueRequired\":true,\"valueName\":\"search_term_string\"}}],\"inLanguage\":\"fr-FR\"},{\"@type\":\"Organization\",\"@id\":\"https:\/\/www.demosmobilia.ch\/fr\/#organization\",\"name\":\"demosmobilia\",\"url\":\"https:\/\/www.demosmobilia.ch\/fr\/\",\"logo\":{\"@type\":\"ImageObject\",\"inLanguage\":\"fr-FR\",\"@id\":\"https:\/\/www.demosmobilia.ch\/fr\/#\/schema\/logo\/image\/\",\"url\":\"https:\/\/www.demosmobilia.ch\/wp-content\/uploads\/2020\/07\/demosmobilia-logo-2020-230-160.png\",\"contentUrl\":\"https:\/\/www.demosmobilia.ch\/wp-content\/uploads\/2020\/07\/demosmobilia-logo-2020-230-160.png\",\"width\":230,\"height\":160,\"caption\":\"demosmobilia\"},\"image\":{\"@id\":\"https:\/\/www.demosmobilia.ch\/fr\/#\/schema\/logo\/image\/\"},\"sameAs\":[\"https:\/\/www.facebook.com\/Demos-Mobilia-1137017453131445\/\",\"https:\/\/www.instagram.com\/demosmobilia\/\"]}]}<\/script>\n<!-- \/ Yoast SEO plugin. -->","yoast_head_json":{"title":"Cr\u00e9dits &#8211; Demosmobilia","robots":{"index":"index","follow":"follow","max-snippet":"max-snippet:-1","max-image-preview":"max-image-preview:large","max-video-preview":"max-video-preview:-1"},"canonical":"https:\/\/www.demosmobilia.ch\/fr\/credits\/","og_locale":"fr_FR","og_type":"article","og_title":"Cr\u00e9dits &#8211; Demosmobilia","og_description":"Tous droits r\u00e9serv\u00e9s.Aucun mat\u00e9riel sur ce site web ne peut \u00eatre reproduit, distribu\u00e9, transmis, modifi\u00e9, r\u00e9utilis\u00e9 ou adapt\u00e9 sans le consentement \u00e9crit pr\u00e9alable de demosmobilia. Graphisme et conception du site web r\u00e9alis\u00e9s par Veruska Gennari www.monostudio.ch Photographies r\u00e9alis\u00e9es par :Kerstin Rose &amp; Christian Schaulin www.fotografieschaulin.deTonatiuh Ambrosetti et Daniela Droz www.daniela-tonatiuh.ch(tous les produits sur le site web, newsletter, achat-vente, location, liste de souhaits) www.monostudio.chRead More &rarr;","og_url":"https:\/\/www.demosmobilia.ch\/fr\/credits\/","og_site_name":"Demosmobilia","article_publisher":"https:\/\/www.facebook.com\/Demos-Mobilia-1137017453131445\/","article_modified_time":"2020-10-15T16:38:01+00:00","twitter_card":"summary_large_image","schema":{"@context":"https:\/\/schema.org","@graph":[{"@type":"WebPage","@id":"https:\/\/www.demosmobilia.ch\/fr\/credits\/","url":"https:\/\/www.demosmobilia.ch\/fr\/credits\/","name":"Cr\u00e9dits &#8211; Demosmobilia","isPartOf":{"@id":"https:\/\/www.demosmobilia.ch\/fr\/#website"},"datePublished":"2020-09-16T15:15:14+00:00","dateModified":"2020-10-15T16:38:01+00:00","breadcrumb":{"@id":"https:\/\/www.demosmobilia.ch\/fr\/credits\/#breadcrumb"},"inLanguage":"fr-FR","potentialAction":[{"@type":"ReadAction","target":["https:\/\/www.demosmobilia.ch\/fr\/credits\/"]}]},{"@type":"BreadcrumbList","@id":"https:\/\/www.demosmobilia.ch\/fr\/credits\/#breadcrumb","itemListElement":[{"@type":"ListItem","position":1,"name":"Home","item":"https:\/\/www.demosmobilia.ch\/fr\/"},{"@type":"ListItem","position":2,"name":"Cr\u00e9dits"}]},{"@type":"WebSite","@id":"https:\/\/www.demosmobilia.ch\/fr\/#website","url":"https:\/\/www.demosmobilia.ch\/fr\/","name":"Demosmobilia","description":"Vintage Mid Century Modern Design Furniture from the &#039;30s to the &#039;80s","publisher":{"@id":"https:\/\/www.demosmobilia.ch\/fr\/#organization"},"potentialAction":[{"@type":"SearchAction","target":{"@type":"EntryPoint","urlTemplate":"https:\/\/www.demosmobilia.ch\/fr\/?s={search_term_string}"},"query-input":{"@type":"PropertyValueSpecification","valueRequired":true,"valueName":"search_term_string"}}],"inLanguage":"fr-FR"},{"@type":"Organization","@id":"https:\/\/www.demosmobilia.ch\/fr\/#organization","name":"demosmobilia","url":"https:\/\/www.demosmobilia.ch\/fr\/","logo":{"@type":"ImageObject","inLanguage":"fr-FR","@id":"https:\/\/www.demosmobilia.ch\/fr\/#\/schema\/logo\/image\/","url":"https:\/\/www.demosmobilia.ch\/wp-content\/uploads\/2020\/07\/demosmobilia-logo-2020-230-160.png","contentUrl":"https:\/\/www.demosmobilia.ch\/wp-content\/uploads\/2020\/07\/demosmobilia-logo-2020-230-160.png","width":230,"height":160,"caption":"demosmobilia"},"image":{"@id":"https:\/\/www.demosmobilia.ch\/fr\/#\/schema\/logo\/image\/"},"sameAs":["https:\/\/www.facebook.com\/Demos-Mobilia-1137017453131445\/","https:\/\/www.instagram.com\/demosmobilia\/"]}]}},"wps_subtitle":"","_links":{"self":[{"href":"https:\/\/www.demosmobilia.ch\/fr\/wp-json\/wp\/v2\/pages\/38401","targetHints":{"allow":["GET"]}}],"collection":[{"href":"https:\/\/www.demosmobilia.ch\/fr\/wp-json\/wp\/v2\/pages"}],"about":[{"href":"https:\/\/www.demosmobilia.ch\/fr\/wp-json\/wp\/v2\/types\/page"}],"author":[{"embeddable":true,"href":"https:\/\/www.demosmobilia.ch\/fr\/wp-json\/wp\/v2\/users\/1"}],"replies":[{"embeddable":true,"href":"https:\/\/www.demosmobilia.ch\/fr\/wp-json\/wp\/v2\/comments?post=38401"}],"version-history":[{"count":4,"href":"https:\/\/www.demosmobilia.ch\/fr\/wp-json\/wp\/v2\/pages\/38401\/revisions"}],"predecessor-version":[{"id":39313,"href":"https:\/\/www.demosmobilia.ch\/fr\/wp-json\/wp\/v2\/pages\/38401\/revisions\/39313"}],"wp:attachment":[{"href":"https:\/\/www.demosmobilia.ch\/fr\/wp-json\/wp\/v2\/media?parent=38401"}],"curies":[{"name":"wp","href":"https:\/\/api.w.org\/{rel}","templated":true}]}}