{"id":38383,"date":"2020-09-16T12:30:28","date_gmt":"2020-09-16T10:30:28","guid":{"rendered":"https:\/\/www.demosmobilia.ch\/louer\/"},"modified":"2020-12-02T15:03:04","modified_gmt":"2020-12-02T14:03:04","slug":"louer","status":"publish","type":"page","link":"https:\/\/www.demosmobilia.ch\/fr\/louer\/","title":{"rendered":"Louer"},"content":{"rendered":"<p><p><strong>Nous louons du mobilier, des objets, et des meubles de notre collection de Design pour vous donner la possibilit\u00e9 de cr\u00e9er des sets photographiques suggestifs ou compl\u00e9ter vos sc\u00e9nographies publicitaires et cin\u00e9matographiques.<\/strong><\/p><\/p><p><p><strong>Chez Demosmobilia, vous trouvez un vaste choix qui traverse le dernier si\u00e8cle, avec plus de 3000 petits objets et grandes meubles et pi\u00e8ces iconiques du Mid Century Modern Design qui vont caract\u00e9riser votre travail. Nous avons une structure tr\u00e8s flexible qui nous permet de nous adapter \u00e0 vos exigences. Nous louons sur la br\u00e8ve et la longue dur\u00e9e en appliquant des prix absolument concurrentiels.<\/strong><\/p><\/p><p><p><strong>Nous nous adressons aux interior designers, set decorators, sc\u00e9nographes th\u00e9\u00e2traux, sc\u00e9nographes cin\u00e9matographes, photographes de shootings, fashion operators, stylistes, publicitaires. Nous donnons notre support \u00e0 des \u00e9v\u00e9nements et \u00e0 des expositions de mus\u00e9e, et \u00e0 tous ceux qui ont besoin d\u2019un meuble historique sans l\u2019acheter.<\/strong><\/p><\/p><p><p><strong>Contactez-vous directement pour connaitre nos conditions avantageuses de location. Et pour avoir des photos de nos produits dans le catalogue d\u00e9di\u00e9 exclusivement \u00e0 la location.<\/strong><\/p><\/p><figure class=\"wp-block-gallery columns-3 is-cropped wp-block-gallery-1 is-layout-flex wp-block-gallery-is-layout-flex\"><ul class=\"blocks-gallery-grid\"><li class=\"blocks-gallery-item\"><figure><img loading=\"lazy\" decoding=\"async\" width=\"1200\" height=\"900\" src=\"https:\/\/www.demosmobilia.ch\/wp-content\/uploads\/2020\/10\/tods-villa-necchi-campiglio-milano-01.jpg\" alt=\"\" data-id=\"39252\" data-link=\"https:\/\/www.demosmobilia.ch\/rent\/tods-villa-necchi-campiglio-milano-01\/\" class=\"wp-image-39252\" srcset=\"https:\/\/www.demosmobilia.ch\/wp-content\/uploads\/2020\/10\/tods-villa-necchi-campiglio-milano-01.jpg 1200w, https:\/\/www.demosmobilia.ch\/wp-content\/uploads\/2020\/10\/tods-villa-necchi-campiglio-milano-01-768x576.jpg 768w\" sizes=\"auto, (max-width: 1200px) 100vw, 1200px\" \/><\/figure><\/li><li class=\"blocks-gallery-item\"><figure><img loading=\"lazy\" decoding=\"async\" width=\"1200\" height=\"900\" src=\"https:\/\/www.demosmobilia.ch\/wp-content\/uploads\/2020\/10\/tods-villa-necchi-campiglio-milano-04.jpg\" alt=\"\" data-id=\"39268\" data-full-url=\"https:\/\/www.demosmobilia.ch\/wp-content\/uploads\/2020\/10\/tods-villa-necchi-campiglio-milano-04.jpg\" data-link=\"https:\/\/www.demosmobilia.ch\/rent\/tods-villa-necchi-campiglio-milano-04\/\" class=\"wp-image-39268\" srcset=\"https:\/\/www.demosmobilia.ch\/wp-content\/uploads\/2020\/10\/tods-villa-necchi-campiglio-milano-04.jpg 1200w, https:\/\/www.demosmobilia.ch\/wp-content\/uploads\/2020\/10\/tods-villa-necchi-campiglio-milano-04-768x576.jpg 768w\" sizes=\"auto, (max-width: 1200px) 100vw, 1200px\" \/><\/figure><\/li><li class=\"blocks-gallery-item\"><figure><img loading=\"lazy\" decoding=\"async\" width=\"1200\" height=\"900\" src=\"https:\/\/www.demosmobilia.ch\/wp-content\/uploads\/2020\/10\/tods-villa-necchi-campiglio-milano-03.jpg\" alt=\"\" data-id=\"39272\" data-full-url=\"https:\/\/www.demosmobilia.ch\/wp-content\/uploads\/2020\/10\/tods-villa-necchi-campiglio-milano-03.jpg\" data-link=\"https:\/\/www.demosmobilia.ch\/rent\/tods-villa-necchi-campiglio-milano-03\/\" class=\"wp-image-39272\" srcset=\"https:\/\/www.demosmobilia.ch\/wp-content\/uploads\/2020\/10\/tods-villa-necchi-campiglio-milano-03.jpg 1200w, https:\/\/www.demosmobilia.ch\/wp-content\/uploads\/2020\/10\/tods-villa-necchi-campiglio-milano-03-768x576.jpg 768w\" sizes=\"auto, (max-width: 1200px) 100vw, 1200px\" \/><\/figure><\/li><li class=\"blocks-gallery-item\"><figure><img loading=\"lazy\" decoding=\"async\" width=\"1200\" height=\"900\" src=\"https:\/\/www.demosmobilia.ch\/wp-content\/uploads\/2020\/10\/tods-villa-necchi-campiglio-milano-02.jpg\" alt=\"\" data-id=\"39276\" data-full-url=\"https:\/\/www.demosmobilia.ch\/wp-content\/uploads\/2020\/10\/tods-villa-necchi-campiglio-milano-02.jpg\" data-link=\"https:\/\/www.demosmobilia.ch\/rent\/tods-villa-necchi-campiglio-milano-02\/\" class=\"wp-image-39276\" srcset=\"https:\/\/www.demosmobilia.ch\/wp-content\/uploads\/2020\/10\/tods-villa-necchi-campiglio-milano-02.jpg 1200w, https:\/\/www.demosmobilia.ch\/wp-content\/uploads\/2020\/10\/tods-villa-necchi-campiglio-milano-02-768x576.jpg 768w\" sizes=\"auto, (max-width: 1200px) 100vw, 1200px\" \/><\/figure><\/li><li class=\"blocks-gallery-item\"><figure><img loading=\"lazy\" decoding=\"async\" width=\"1200\" height=\"900\" src=\"https:\/\/www.demosmobilia.ch\/wp-content\/uploads\/2020\/10\/tods-villa-necchi-campiglio-milano-05.jpg\" alt=\"\" data-id=\"39264\" data-full-url=\"https:\/\/www.demosmobilia.ch\/wp-content\/uploads\/2020\/10\/tods-villa-necchi-campiglio-milano-05.jpg\" data-link=\"https:\/\/www.demosmobilia.ch\/rent\/tods-villa-necchi-campiglio-milano-05\/\" class=\"wp-image-39264\" srcset=\"https:\/\/www.demosmobilia.ch\/wp-content\/uploads\/2020\/10\/tods-villa-necchi-campiglio-milano-05.jpg 1200w, https:\/\/www.demosmobilia.ch\/wp-content\/uploads\/2020\/10\/tods-villa-necchi-campiglio-milano-05-768x576.jpg 768w\" sizes=\"auto, (max-width: 1200px) 100vw, 1200px\" \/><\/figure><\/li><li class=\"blocks-gallery-item\"><figure><img loading=\"lazy\" decoding=\"async\" width=\"1200\" height=\"900\" src=\"https:\/\/www.demosmobilia.ch\/wp-content\/uploads\/2020\/10\/tods-villa-necchi-campiglio-milano-06.jpg\" alt=\"\" data-id=\"39260\" data-full-url=\"https:\/\/www.demosmobilia.ch\/wp-content\/uploads\/2020\/10\/tods-villa-necchi-campiglio-milano-06.jpg\" data-link=\"https:\/\/www.demosmobilia.ch\/rent\/tods-villa-necchi-campiglio-milano-06\/\" class=\"wp-image-39260\" srcset=\"https:\/\/www.demosmobilia.ch\/wp-content\/uploads\/2020\/10\/tods-villa-necchi-campiglio-milano-06.jpg 1200w, https:\/\/www.demosmobilia.ch\/wp-content\/uploads\/2020\/10\/tods-villa-necchi-campiglio-milano-06-768x576.jpg 768w\" sizes=\"auto, (max-width: 1200px) 100vw, 1200px\" \/><\/figure><\/li><li class=\"blocks-gallery-item\"><figure><img loading=\"lazy\" decoding=\"async\" width=\"1200\" height=\"900\" src=\"https:\/\/www.demosmobilia.ch\/wp-content\/uploads\/2020\/10\/tods-villa-necchi-campiglio-milano-07.jpg\" alt=\"\" data-id=\"39256\" data-full-url=\"https:\/\/www.demosmobilia.ch\/wp-content\/uploads\/2020\/10\/tods-villa-necchi-campiglio-milano-07.jpg\" data-link=\"https:\/\/www.demosmobilia.ch\/rent\/tods-villa-necchi-campiglio-milano-07\/\" class=\"wp-image-39256\" srcset=\"https:\/\/www.demosmobilia.ch\/wp-content\/uploads\/2020\/10\/tods-villa-necchi-campiglio-milano-07.jpg 1200w, https:\/\/www.demosmobilia.ch\/wp-content\/uploads\/2020\/10\/tods-villa-necchi-campiglio-milano-07-768x576.jpg 768w\" sizes=\"auto, (max-width: 1200px) 100vw, 1200px\" \/><\/figure><\/li><\/ul><\/figure><p><p>Pour <a href=\"https:\/\/www.tods.com\" target=\"_blank\" rel=\"noreferrer noopener\">Tod&rsquo;s<\/a> le d\u00e9fil\u00e9 de mode se d\u00e9roule dans les int\u00e9rieurs de la fabuleuse Villa Necchi Campiglio \u00e0 Milan.<br\/>Walter Chiapponi, directeur cr\u00e9atif de la marque, fixe la pr\u00e9sentation de la nouvelle collection printemps-\u00e9t\u00e9 2021 dans le chef-d&rsquo;\u0153uvre de Pietro Portaluppi.<br\/><br\/><\/p><\/p><p>Au cours d&rsquo;une semaine de la mode milanaise caract\u00e9ris\u00e9e par de nombreux d\u00e9fil\u00e9s et \u00e9v\u00e9nements virtuels, Tod&rsquo;s d\u00e9cide de pr\u00e9senter la nouvelle collection \u00e0 travers un court m\u00e9trage tourn\u00e9 enti\u00e8rement dans les salles de la Villa Necchi Campiglio, lieu d\u00e9j\u00e0 utilis\u00e9 par la marque en 2018. Les v\u00eatements pour le printemps-\u00e9t\u00e9 2021, con\u00e7us par le directeur cr\u00e9atif de la marque Walter Chiapponi, sont port\u00e9s par les mannequins qui se prom\u00e8nent dans le chef-d&rsquo;\u0153uvre de Pietro Portaluppi, une maison individuelle achev\u00e9e en 1935 et entour\u00e9e d&rsquo;un grand jardin dans le centre historique de Milan.<\/p><p>Presque comme une citation du film \u00ab\u00a0Io sono l&rsquo;amore\u00a0\u00bb de Luca Guadagnino, la r\u00e9alisation d&rsquo;Antoine Asseraf redonne l&rsquo;image d&rsquo;un Milan raffin\u00e9 et bourgeois. Aux c\u00f4t\u00e9s de visages reconnaissables tels que Mariacarla Boscono, Karen Elson et Irina Shayk, la vid\u00e9o est accompagn\u00e9e des notes de Okay Kaya, auteur-compositeur-interpr\u00e8te et interpr\u00e8te qui, en tant que mannequin et actrice, est connue sous le nom de Kaya Wilkins.<\/p><p><p>Le d\u00e9cor de l&rsquo;ensemble a \u00e9t\u00e9 r\u00e9alis\u00e9 par <a href=\"https:\/\/www.charlottemello.it\/\" target=\"_blank\" rel=\"noreferrer noopener\">Charlotte Mello Teggia<\/a><\/p><\/p>","protected":false},"excerpt":{"rendered":"<p>Nous louons du mobilier, des objets, et des meubles de notre collection de Design pour vous donner la possibilit\u00e9 de cr\u00e9er des sets photographiques suggestifs ou compl\u00e9ter vos sc\u00e9nographies publicitaires et cin\u00e9matographiques. Chez Demosmobilia, vous trouvez un vaste choix qui traverse le dernier si\u00e8cle, avec plus de 3000 petits objets et grandes meubles et pi\u00e8ces iconiques du Mid Century Modern Design qui vont caract\u00e9riser votre travail. Nous avons une structure tr\u00e8s flexible qui nous permet de nous adapter \u00e0 vos exigences. Nous louons sur la br\u00e8ve et la longue dur\u00e9e en appliquant des prix absolument concurrentiels. Nous nous adressons aux interior designers, set decorators, sc\u00e9nographes<a class=\"more-link\" href=\"https:\/\/www.demosmobilia.ch\/fr\/louer\/\">Read More &rarr;<\/a><\/p>\n","protected":false},"author":1,"featured_media":0,"parent":0,"menu_order":0,"comment_status":"closed","ping_status":"closed","template":"","meta":{"_monsterinsights_skip_tracking":false,"_monsterinsights_sitenote_active":false,"_monsterinsights_sitenote_note":"","_monsterinsights_sitenote_category":0,"kk_blocks_editor_width":"","_kiokenblocks_attr":"","_kiokenblocks_dimensions":"","footnotes":""},"class_list":["entry","author-webmaster","post-38383","page","type-page","status-publish"],"yoast_head":"<!-- This site is optimized with the Yoast SEO plugin v24.0 - https:\/\/yoast.com\/wordpress\/plugins\/seo\/ -->\n<title>Meubles et Objets Vintage\/Design \u00e0 Louer &#8211; Demosmobilia<\/title>\n<meta name=\"description\" content=\"Nous nous adressons aux architectes d&#039;int\u00e9rieur, aux d\u00e9corateurs de th\u00e9\u00e2tre et de cin\u00e9ma, aux photographes de tournage, aux publicitaires, aux \u00e9v\u00e9nements, aux expositions, et \u00e0 tous ceux qui ont besoin de mobilier historique.\" \/>\n<meta name=\"robots\" content=\"index, follow, max-snippet:-1, max-image-preview:large, max-video-preview:-1\" \/>\n<link rel=\"canonical\" href=\"https:\/\/www.demosmobilia.ch\/fr\/louer\/\" \/>\n<meta property=\"og:locale\" content=\"fr_FR\" \/>\n<meta property=\"og:type\" content=\"article\" \/>\n<meta property=\"og:title\" content=\"Meubles et Objets Vintage\/Design \u00e0 Louer &#8211; Demosmobilia\" \/>\n<meta property=\"og:description\" content=\"Nous nous adressons aux architectes d&#039;int\u00e9rieur, aux d\u00e9corateurs de th\u00e9\u00e2tre et de cin\u00e9ma, aux photographes de tournage, aux publicitaires, aux \u00e9v\u00e9nements, aux expositions, et \u00e0 tous ceux qui ont besoin de mobilier historique.\" \/>\n<meta property=\"og:url\" content=\"https:\/\/www.demosmobilia.ch\/fr\/louer\/\" \/>\n<meta property=\"og:site_name\" content=\"Demosmobilia\" \/>\n<meta property=\"article:publisher\" content=\"https:\/\/www.facebook.com\/Demos-Mobilia-1137017453131445\/\" \/>\n<meta property=\"article:modified_time\" content=\"2020-12-02T14:03:04+00:00\" \/>\n<meta property=\"og:image\" content=\"https:\/\/www.demosmobilia.ch\/wp-content\/uploads\/2020\/10\/tods-villa-necchi-campiglio-milano-01.jpg\" \/>\n<meta name=\"twitter:card\" content=\"summary_large_image\" \/>\n<meta name=\"twitter:label1\" content=\"Dur\u00e9e de lecture estim\u00e9e\" \/>\n\t<meta name=\"twitter:data1\" content=\"2 minutes\" \/>\n<script type=\"application\/ld+json\" class=\"yoast-schema-graph\">{\"@context\":\"https:\/\/schema.org\",\"@graph\":[{\"@type\":\"WebPage\",\"@id\":\"https:\/\/www.demosmobilia.ch\/fr\/louer\/\",\"url\":\"https:\/\/www.demosmobilia.ch\/fr\/louer\/\",\"name\":\"Meubles et Objets Vintage\/Design \u00e0 Louer &#8211; Demosmobilia\",\"isPartOf\":{\"@id\":\"https:\/\/www.demosmobilia.ch\/fr\/#website\"},\"primaryImageOfPage\":{\"@id\":\"https:\/\/www.demosmobilia.ch\/fr\/louer\/#primaryimage\"},\"image\":{\"@id\":\"https:\/\/www.demosmobilia.ch\/fr\/louer\/#primaryimage\"},\"thumbnailUrl\":\"https:\/\/www.demosmobilia.ch\/wp-content\/uploads\/2020\/10\/tods-villa-necchi-campiglio-milano-01.jpg\",\"datePublished\":\"2020-09-16T10:30:28+00:00\",\"dateModified\":\"2020-12-02T14:03:04+00:00\",\"description\":\"Nous nous adressons aux architectes d'int\u00e9rieur, aux d\u00e9corateurs de th\u00e9\u00e2tre et de cin\u00e9ma, aux photographes de tournage, aux publicitaires, aux \u00e9v\u00e9nements, aux expositions, et \u00e0 tous ceux qui ont besoin de mobilier historique.\",\"breadcrumb\":{\"@id\":\"https:\/\/www.demosmobilia.ch\/fr\/louer\/#breadcrumb\"},\"inLanguage\":\"fr-FR\",\"potentialAction\":[{\"@type\":\"ReadAction\",\"target\":[\"https:\/\/www.demosmobilia.ch\/fr\/louer\/\"]}]},{\"@type\":\"ImageObject\",\"inLanguage\":\"fr-FR\",\"@id\":\"https:\/\/www.demosmobilia.ch\/fr\/louer\/#primaryimage\",\"url\":\"https:\/\/www.demosmobilia.ch\/wp-content\/uploads\/2020\/10\/tods-villa-necchi-campiglio-milano-01.jpg\",\"contentUrl\":\"https:\/\/www.demosmobilia.ch\/wp-content\/uploads\/2020\/10\/tods-villa-necchi-campiglio-milano-01.jpg\"},{\"@type\":\"BreadcrumbList\",\"@id\":\"https:\/\/www.demosmobilia.ch\/fr\/louer\/#breadcrumb\",\"itemListElement\":[{\"@type\":\"ListItem\",\"position\":1,\"name\":\"Home\",\"item\":\"https:\/\/www.demosmobilia.ch\/fr\/\"},{\"@type\":\"ListItem\",\"position\":2,\"name\":\"Louer\"}]},{\"@type\":\"WebSite\",\"@id\":\"https:\/\/www.demosmobilia.ch\/fr\/#website\",\"url\":\"https:\/\/www.demosmobilia.ch\/fr\/\",\"name\":\"Demosmobilia\",\"description\":\"Vintage Mid Century Modern Design Furniture from the &#039;30s to the &#039;80s\",\"publisher\":{\"@id\":\"https:\/\/www.demosmobilia.ch\/fr\/#organization\"},\"potentialAction\":[{\"@type\":\"SearchAction\",\"target\":{\"@type\":\"EntryPoint\",\"urlTemplate\":\"https:\/\/www.demosmobilia.ch\/fr\/?s={search_term_string}\"},\"query-input\":{\"@type\":\"PropertyValueSpecification\",\"valueRequired\":true,\"valueName\":\"search_term_string\"}}],\"inLanguage\":\"fr-FR\"},{\"@type\":\"Organization\",\"@id\":\"https:\/\/www.demosmobilia.ch\/fr\/#organization\",\"name\":\"demosmobilia\",\"url\":\"https:\/\/www.demosmobilia.ch\/fr\/\",\"logo\":{\"@type\":\"ImageObject\",\"inLanguage\":\"fr-FR\",\"@id\":\"https:\/\/www.demosmobilia.ch\/fr\/#\/schema\/logo\/image\/\",\"url\":\"https:\/\/www.demosmobilia.ch\/wp-content\/uploads\/2020\/07\/demosmobilia-logo-2020-230-160.png\",\"contentUrl\":\"https:\/\/www.demosmobilia.ch\/wp-content\/uploads\/2020\/07\/demosmobilia-logo-2020-230-160.png\",\"width\":230,\"height\":160,\"caption\":\"demosmobilia\"},\"image\":{\"@id\":\"https:\/\/www.demosmobilia.ch\/fr\/#\/schema\/logo\/image\/\"},\"sameAs\":[\"https:\/\/www.facebook.com\/Demos-Mobilia-1137017453131445\/\",\"https:\/\/www.instagram.com\/demosmobilia\/\"]}]}<\/script>\n<!-- \/ Yoast SEO plugin. -->","yoast_head_json":{"title":"Meubles et Objets Vintage\/Design \u00e0 Louer &#8211; Demosmobilia","description":"Nous nous adressons aux architectes d'int\u00e9rieur, aux d\u00e9corateurs de th\u00e9\u00e2tre et de cin\u00e9ma, aux photographes de tournage, aux publicitaires, aux \u00e9v\u00e9nements, aux expositions, et \u00e0 tous ceux qui ont besoin de mobilier historique.","robots":{"index":"index","follow":"follow","max-snippet":"max-snippet:-1","max-image-preview":"max-image-preview:large","max-video-preview":"max-video-preview:-1"},"canonical":"https:\/\/www.demosmobilia.ch\/fr\/louer\/","og_locale":"fr_FR","og_type":"article","og_title":"Meubles et Objets Vintage\/Design \u00e0 Louer &#8211; Demosmobilia","og_description":"Nous nous adressons aux architectes d'int\u00e9rieur, aux d\u00e9corateurs de th\u00e9\u00e2tre et de cin\u00e9ma, aux photographes de tournage, aux publicitaires, aux \u00e9v\u00e9nements, aux expositions, et \u00e0 tous ceux qui ont besoin de mobilier historique.","og_url":"https:\/\/www.demosmobilia.ch\/fr\/louer\/","og_site_name":"Demosmobilia","article_publisher":"https:\/\/www.facebook.com\/Demos-Mobilia-1137017453131445\/","article_modified_time":"2020-12-02T14:03:04+00:00","og_image":[{"url":"https:\/\/www.demosmobilia.ch\/wp-content\/uploads\/2020\/10\/tods-villa-necchi-campiglio-milano-01.jpg","type":"","width":"","height":""}],"twitter_card":"summary_large_image","twitter_misc":{"Dur\u00e9e de lecture estim\u00e9e":"2 minutes"},"schema":{"@context":"https:\/\/schema.org","@graph":[{"@type":"WebPage","@id":"https:\/\/www.demosmobilia.ch\/fr\/louer\/","url":"https:\/\/www.demosmobilia.ch\/fr\/louer\/","name":"Meubles et Objets Vintage\/Design \u00e0 Louer &#8211; Demosmobilia","isPartOf":{"@id":"https:\/\/www.demosmobilia.ch\/fr\/#website"},"primaryImageOfPage":{"@id":"https:\/\/www.demosmobilia.ch\/fr\/louer\/#primaryimage"},"image":{"@id":"https:\/\/www.demosmobilia.ch\/fr\/louer\/#primaryimage"},"thumbnailUrl":"https:\/\/www.demosmobilia.ch\/wp-content\/uploads\/2020\/10\/tods-villa-necchi-campiglio-milano-01.jpg","datePublished":"2020-09-16T10:30:28+00:00","dateModified":"2020-12-02T14:03:04+00:00","description":"Nous nous adressons aux architectes d'int\u00e9rieur, aux d\u00e9corateurs de th\u00e9\u00e2tre et de cin\u00e9ma, aux photographes de tournage, aux publicitaires, aux \u00e9v\u00e9nements, aux expositions, et \u00e0 tous ceux qui ont besoin de mobilier historique.","breadcrumb":{"@id":"https:\/\/www.demosmobilia.ch\/fr\/louer\/#breadcrumb"},"inLanguage":"fr-FR","potentialAction":[{"@type":"ReadAction","target":["https:\/\/www.demosmobilia.ch\/fr\/louer\/"]}]},{"@type":"ImageObject","inLanguage":"fr-FR","@id":"https:\/\/www.demosmobilia.ch\/fr\/louer\/#primaryimage","url":"https:\/\/www.demosmobilia.ch\/wp-content\/uploads\/2020\/10\/tods-villa-necchi-campiglio-milano-01.jpg","contentUrl":"https:\/\/www.demosmobilia.ch\/wp-content\/uploads\/2020\/10\/tods-villa-necchi-campiglio-milano-01.jpg"},{"@type":"BreadcrumbList","@id":"https:\/\/www.demosmobilia.ch\/fr\/louer\/#breadcrumb","itemListElement":[{"@type":"ListItem","position":1,"name":"Home","item":"https:\/\/www.demosmobilia.ch\/fr\/"},{"@type":"ListItem","position":2,"name":"Louer"}]},{"@type":"WebSite","@id":"https:\/\/www.demosmobilia.ch\/fr\/#website","url":"https:\/\/www.demosmobilia.ch\/fr\/","name":"Demosmobilia","description":"Vintage Mid Century Modern Design Furniture from the &#039;30s to the &#039;80s","publisher":{"@id":"https:\/\/www.demosmobilia.ch\/fr\/#organization"},"potentialAction":[{"@type":"SearchAction","target":{"@type":"EntryPoint","urlTemplate":"https:\/\/www.demosmobilia.ch\/fr\/?s={search_term_string}"},"query-input":{"@type":"PropertyValueSpecification","valueRequired":true,"valueName":"search_term_string"}}],"inLanguage":"fr-FR"},{"@type":"Organization","@id":"https:\/\/www.demosmobilia.ch\/fr\/#organization","name":"demosmobilia","url":"https:\/\/www.demosmobilia.ch\/fr\/","logo":{"@type":"ImageObject","inLanguage":"fr-FR","@id":"https:\/\/www.demosmobilia.ch\/fr\/#\/schema\/logo\/image\/","url":"https:\/\/www.demosmobilia.ch\/wp-content\/uploads\/2020\/07\/demosmobilia-logo-2020-230-160.png","contentUrl":"https:\/\/www.demosmobilia.ch\/wp-content\/uploads\/2020\/07\/demosmobilia-logo-2020-230-160.png","width":230,"height":160,"caption":"demosmobilia"},"image":{"@id":"https:\/\/www.demosmobilia.ch\/fr\/#\/schema\/logo\/image\/"},"sameAs":["https:\/\/www.facebook.com\/Demos-Mobilia-1137017453131445\/","https:\/\/www.instagram.com\/demosmobilia\/"]}]}},"wps_subtitle":"","_links":{"self":[{"href":"https:\/\/www.demosmobilia.ch\/fr\/wp-json\/wp\/v2\/pages\/38383","targetHints":{"allow":["GET"]}}],"collection":[{"href":"https:\/\/www.demosmobilia.ch\/fr\/wp-json\/wp\/v2\/pages"}],"about":[{"href":"https:\/\/www.demosmobilia.ch\/fr\/wp-json\/wp\/v2\/types\/page"}],"author":[{"embeddable":true,"href":"https:\/\/www.demosmobilia.ch\/fr\/wp-json\/wp\/v2\/users\/1"}],"replies":[{"embeddable":true,"href":"https:\/\/www.demosmobilia.ch\/fr\/wp-json\/wp\/v2\/comments?post=38383"}],"version-history":[{"count":5,"href":"https:\/\/www.demosmobilia.ch\/fr\/wp-json\/wp\/v2\/pages\/38383\/revisions"}],"predecessor-version":[{"id":42755,"href":"https:\/\/www.demosmobilia.ch\/fr\/wp-json\/wp\/v2\/pages\/38383\/revisions\/42755"}],"wp:attachment":[{"href":"https:\/\/www.demosmobilia.ch\/fr\/wp-json\/wp\/v2\/media?parent=38383"}],"curies":[{"name":"wp","href":"https:\/\/api.w.org\/{rel}","templated":true}]}}