{"id":38376,"date":"2020-09-16T12:18:18","date_gmt":"2020-09-16T10:18:18","guid":{"rendered":"https:\/\/www.demosmobilia.ch\/politique-de-confidentialite\/"},"modified":"2020-09-16T12:30:28","modified_gmt":"2020-09-16T10:30:28","slug":"politique-de-confidentialite","status":"publish","type":"page","link":"https:\/\/www.demosmobilia.ch\/fr\/politique-de-confidentialite\/","title":{"rendered":"Politique de confidentialit\u00e9"},"content":{"rendered":"<p><strong>Chers amis et coll\u00e8gues du design, tous les amoureux du design,<br\/><br\/>Vous avez peut-\u00eatre entendu parler du nouveau r\u00e8glement g\u00e9n\u00e9ral sur la protection des donn\u00e9es (GDPR), qui entrera en vigueur le 25 mai 2018.<br\/><br\/>Cela signifie qu&rsquo;en vertu de ce nouveau r\u00e8glement, nous ne sommes autoris\u00e9s \u00e0 utiliser vos donn\u00e9es personnelles qu&rsquo;avec votre accord.<br\/><br\/>Si vous souhaitez continuer \u00e0 recevoir des informations de notre part, vous n&rsquo;avez rien \u00e0 faire et, ce faisant, vous nous autorisez \u00e0 vous tenir inform\u00e9 de nos activit\u00e9s.<br\/><br\/>Nous nous engageons \u00e0 utiliser vos donn\u00e9es (nom et adresse \u00e9lectronique) exclusivement pour notre bulletin d&rsquo;information.<br\/><br\/>Si vous ne souhaitez pas recevoir d&rsquo;autres informations de demosmobilia, veuillez vous d\u00e9sabonner en cliquant sur le lien figurant en bas de page de cet e-mail.<br\/><br\/><br\/>Nous vous remercions de votre int\u00e9r\u00eat et de votre confiance de longue date et esp\u00e9rons rester en contact avec vous !<\/strong><\/p><p><strong>Bien \u00e0 vous, Demosmobilia<\/strong><\/p>","protected":false},"excerpt":{"rendered":"<p>Chers amis et coll\u00e8gues du design, tous les amoureux du design, Vous avez peut-\u00eatre entendu parler du nouveau r\u00e8glement g\u00e9n\u00e9ral sur la protection des donn\u00e9es (GDPR), qui entrera en vigueur le 25 mai 2018. Cela signifie qu&rsquo;en vertu de ce nouveau r\u00e8glement, nous ne sommes autoris\u00e9s \u00e0 utiliser vos donn\u00e9es personnelles qu&rsquo;avec votre accord. Si vous souhaitez continuer \u00e0 recevoir des informations de notre part, vous n&rsquo;avez rien \u00e0 faire et, ce faisant, vous nous autorisez \u00e0 vous tenir inform\u00e9 de nos activit\u00e9s. Nous nous engageons \u00e0 utiliser vos donn\u00e9es (nom et adresse \u00e9lectronique) exclusivement pour notre bulletin d&rsquo;information. Si vous ne souhaitez pas recevoir<a class=\"more-link\" href=\"https:\/\/www.demosmobilia.ch\/fr\/politique-de-confidentialite\/\">Read More &rarr;<\/a><\/p>\n","protected":false},"author":1,"featured_media":0,"parent":0,"menu_order":0,"comment_status":"closed","ping_status":"closed","template":"","meta":{"_monsterinsights_skip_tracking":false,"_monsterinsights_sitenote_active":false,"_monsterinsights_sitenote_note":"","_monsterinsights_sitenote_category":0,"kk_blocks_editor_width":"","_kiokenblocks_attr":"","_kiokenblocks_dimensions":"","footnotes":""},"class_list":["entry","author-webmaster","post-38376","page","type-page","status-publish"],"yoast_head":"<!-- This site is optimized with the Yoast SEO plugin v24.0 - https:\/\/yoast.com\/wordpress\/plugins\/seo\/ -->\n<title>Politique de confidentialit\u00e9 &#8211; Demosmobilia<\/title>\n<meta name=\"robots\" content=\"noindex, follow\" \/>\n<meta property=\"og:locale\" content=\"fr_FR\" \/>\n<meta property=\"og:type\" content=\"article\" \/>\n<meta property=\"og:title\" content=\"Politique de confidentialit\u00e9 &#8211; Demosmobilia\" \/>\n<meta property=\"og:description\" content=\"Chers amis et coll\u00e8gues du design, tous les amoureux du design, Vous avez peut-\u00eatre entendu parler du nouveau r\u00e8glement g\u00e9n\u00e9ral sur la protection des donn\u00e9es (GDPR), qui entrera en vigueur le 25 mai 2018. Cela signifie qu&rsquo;en vertu de ce nouveau r\u00e8glement, nous ne sommes autoris\u00e9s \u00e0 utiliser vos donn\u00e9es personnelles qu&rsquo;avec votre accord. Si vous souhaitez continuer \u00e0 recevoir des informations de notre part, vous n&rsquo;avez rien \u00e0 faire et, ce faisant, vous nous autorisez \u00e0 vous tenir inform\u00e9 de nos activit\u00e9s. Nous nous engageons \u00e0 utiliser vos donn\u00e9es (nom et adresse \u00e9lectronique) exclusivement pour notre bulletin d&rsquo;information. Si vous ne souhaitez pas recevoirRead More &rarr;\" \/>\n<meta property=\"og:url\" content=\"https:\/\/www.demosmobilia.ch\/fr\/politique-de-confidentialite\/\" \/>\n<meta property=\"og:site_name\" content=\"Demosmobilia\" \/>\n<meta property=\"article:publisher\" content=\"https:\/\/www.facebook.com\/Demos-Mobilia-1137017453131445\/\" \/>\n<meta property=\"article:modified_time\" content=\"2020-09-16T10:30:28+00:00\" \/>\n<meta name=\"twitter:card\" content=\"summary_large_image\" \/>\n<meta name=\"twitter:label1\" content=\"Dur\u00e9e de lecture estim\u00e9e\" \/>\n\t<meta name=\"twitter:data1\" content=\"1 minute\" \/>\n<script type=\"application\/ld+json\" class=\"yoast-schema-graph\">{\"@context\":\"https:\/\/schema.org\",\"@graph\":[{\"@type\":\"WebPage\",\"@id\":\"https:\/\/www.demosmobilia.ch\/fr\/politique-de-confidentialite\/\",\"url\":\"https:\/\/www.demosmobilia.ch\/fr\/politique-de-confidentialite\/\",\"name\":\"Politique de confidentialit\u00e9 &#8211; Demosmobilia\",\"isPartOf\":{\"@id\":\"https:\/\/www.demosmobilia.ch\/fr\/#website\"},\"datePublished\":\"2020-09-16T10:18:18+00:00\",\"dateModified\":\"2020-09-16T10:30:28+00:00\",\"breadcrumb\":{\"@id\":\"https:\/\/www.demosmobilia.ch\/fr\/politique-de-confidentialite\/#breadcrumb\"},\"inLanguage\":\"fr-FR\",\"potentialAction\":[{\"@type\":\"ReadAction\",\"target\":[\"https:\/\/www.demosmobilia.ch\/fr\/politique-de-confidentialite\/\"]}]},{\"@type\":\"BreadcrumbList\",\"@id\":\"https:\/\/www.demosmobilia.ch\/fr\/politique-de-confidentialite\/#breadcrumb\",\"itemListElement\":[{\"@type\":\"ListItem\",\"position\":1,\"name\":\"Home\",\"item\":\"https:\/\/www.demosmobilia.ch\/fr\/\"},{\"@type\":\"ListItem\",\"position\":2,\"name\":\"Politique de confidentialit\u00e9\"}]},{\"@type\":\"WebSite\",\"@id\":\"https:\/\/www.demosmobilia.ch\/fr\/#website\",\"url\":\"https:\/\/www.demosmobilia.ch\/fr\/\",\"name\":\"Demosmobilia\",\"description\":\"Vintage Mid Century Modern Design Furniture from the &#039;30s to the &#039;80s\",\"publisher\":{\"@id\":\"https:\/\/www.demosmobilia.ch\/fr\/#organization\"},\"potentialAction\":[{\"@type\":\"SearchAction\",\"target\":{\"@type\":\"EntryPoint\",\"urlTemplate\":\"https:\/\/www.demosmobilia.ch\/fr\/?s={search_term_string}\"},\"query-input\":{\"@type\":\"PropertyValueSpecification\",\"valueRequired\":true,\"valueName\":\"search_term_string\"}}],\"inLanguage\":\"fr-FR\"},{\"@type\":\"Organization\",\"@id\":\"https:\/\/www.demosmobilia.ch\/fr\/#organization\",\"name\":\"demosmobilia\",\"url\":\"https:\/\/www.demosmobilia.ch\/fr\/\",\"logo\":{\"@type\":\"ImageObject\",\"inLanguage\":\"fr-FR\",\"@id\":\"https:\/\/www.demosmobilia.ch\/fr\/#\/schema\/logo\/image\/\",\"url\":\"https:\/\/www.demosmobilia.ch\/wp-content\/uploads\/2020\/07\/demosmobilia-logo-2020-230-160.png\",\"contentUrl\":\"https:\/\/www.demosmobilia.ch\/wp-content\/uploads\/2020\/07\/demosmobilia-logo-2020-230-160.png\",\"width\":230,\"height\":160,\"caption\":\"demosmobilia\"},\"image\":{\"@id\":\"https:\/\/www.demosmobilia.ch\/fr\/#\/schema\/logo\/image\/\"},\"sameAs\":[\"https:\/\/www.facebook.com\/Demos-Mobilia-1137017453131445\/\",\"https:\/\/www.instagram.com\/demosmobilia\/\"]}]}<\/script>\n<!-- \/ Yoast SEO plugin. -->","yoast_head_json":{"title":"Politique de confidentialit\u00e9 &#8211; Demosmobilia","robots":{"index":"noindex","follow":"follow"},"og_locale":"fr_FR","og_type":"article","og_title":"Politique de confidentialit\u00e9 &#8211; Demosmobilia","og_description":"Chers amis et coll\u00e8gues du design, tous les amoureux du design, Vous avez peut-\u00eatre entendu parler du nouveau r\u00e8glement g\u00e9n\u00e9ral sur la protection des donn\u00e9es (GDPR), qui entrera en vigueur le 25 mai 2018. Cela signifie qu&rsquo;en vertu de ce nouveau r\u00e8glement, nous ne sommes autoris\u00e9s \u00e0 utiliser vos donn\u00e9es personnelles qu&rsquo;avec votre accord. Si vous souhaitez continuer \u00e0 recevoir des informations de notre part, vous n&rsquo;avez rien \u00e0 faire et, ce faisant, vous nous autorisez \u00e0 vous tenir inform\u00e9 de nos activit\u00e9s. Nous nous engageons \u00e0 utiliser vos donn\u00e9es (nom et adresse \u00e9lectronique) exclusivement pour notre bulletin d&rsquo;information. Si vous ne souhaitez pas recevoirRead More &rarr;","og_url":"https:\/\/www.demosmobilia.ch\/fr\/politique-de-confidentialite\/","og_site_name":"Demosmobilia","article_publisher":"https:\/\/www.facebook.com\/Demos-Mobilia-1137017453131445\/","article_modified_time":"2020-09-16T10:30:28+00:00","twitter_card":"summary_large_image","twitter_misc":{"Dur\u00e9e de lecture estim\u00e9e":"1 minute"},"schema":{"@context":"https:\/\/schema.org","@graph":[{"@type":"WebPage","@id":"https:\/\/www.demosmobilia.ch\/fr\/politique-de-confidentialite\/","url":"https:\/\/www.demosmobilia.ch\/fr\/politique-de-confidentialite\/","name":"Politique de confidentialit\u00e9 &#8211; Demosmobilia","isPartOf":{"@id":"https:\/\/www.demosmobilia.ch\/fr\/#website"},"datePublished":"2020-09-16T10:18:18+00:00","dateModified":"2020-09-16T10:30:28+00:00","breadcrumb":{"@id":"https:\/\/www.demosmobilia.ch\/fr\/politique-de-confidentialite\/#breadcrumb"},"inLanguage":"fr-FR","potentialAction":[{"@type":"ReadAction","target":["https:\/\/www.demosmobilia.ch\/fr\/politique-de-confidentialite\/"]}]},{"@type":"BreadcrumbList","@id":"https:\/\/www.demosmobilia.ch\/fr\/politique-de-confidentialite\/#breadcrumb","itemListElement":[{"@type":"ListItem","position":1,"name":"Home","item":"https:\/\/www.demosmobilia.ch\/fr\/"},{"@type":"ListItem","position":2,"name":"Politique de confidentialit\u00e9"}]},{"@type":"WebSite","@id":"https:\/\/www.demosmobilia.ch\/fr\/#website","url":"https:\/\/www.demosmobilia.ch\/fr\/","name":"Demosmobilia","description":"Vintage Mid Century Modern Design Furniture from the &#039;30s to the &#039;80s","publisher":{"@id":"https:\/\/www.demosmobilia.ch\/fr\/#organization"},"potentialAction":[{"@type":"SearchAction","target":{"@type":"EntryPoint","urlTemplate":"https:\/\/www.demosmobilia.ch\/fr\/?s={search_term_string}"},"query-input":{"@type":"PropertyValueSpecification","valueRequired":true,"valueName":"search_term_string"}}],"inLanguage":"fr-FR"},{"@type":"Organization","@id":"https:\/\/www.demosmobilia.ch\/fr\/#organization","name":"demosmobilia","url":"https:\/\/www.demosmobilia.ch\/fr\/","logo":{"@type":"ImageObject","inLanguage":"fr-FR","@id":"https:\/\/www.demosmobilia.ch\/fr\/#\/schema\/logo\/image\/","url":"https:\/\/www.demosmobilia.ch\/wp-content\/uploads\/2020\/07\/demosmobilia-logo-2020-230-160.png","contentUrl":"https:\/\/www.demosmobilia.ch\/wp-content\/uploads\/2020\/07\/demosmobilia-logo-2020-230-160.png","width":230,"height":160,"caption":"demosmobilia"},"image":{"@id":"https:\/\/www.demosmobilia.ch\/fr\/#\/schema\/logo\/image\/"},"sameAs":["https:\/\/www.facebook.com\/Demos-Mobilia-1137017453131445\/","https:\/\/www.instagram.com\/demosmobilia\/"]}]}},"wps_subtitle":"","_links":{"self":[{"href":"https:\/\/www.demosmobilia.ch\/fr\/wp-json\/wp\/v2\/pages\/38376","targetHints":{"allow":["GET"]}}],"collection":[{"href":"https:\/\/www.demosmobilia.ch\/fr\/wp-json\/wp\/v2\/pages"}],"about":[{"href":"https:\/\/www.demosmobilia.ch\/fr\/wp-json\/wp\/v2\/types\/page"}],"author":[{"embeddable":true,"href":"https:\/\/www.demosmobilia.ch\/fr\/wp-json\/wp\/v2\/users\/1"}],"replies":[{"embeddable":true,"href":"https:\/\/www.demosmobilia.ch\/fr\/wp-json\/wp\/v2\/comments?post=38376"}],"version-history":[{"count":0,"href":"https:\/\/www.demosmobilia.ch\/fr\/wp-json\/wp\/v2\/pages\/38376\/revisions"}],"wp:attachment":[{"href":"https:\/\/www.demosmobilia.ch\/fr\/wp-json\/wp\/v2\/media?parent=38376"}],"curies":[{"name":"wp","href":"https:\/\/api.w.org\/{rel}","templated":true}]}}