{"id":38352,"date":"2020-09-16T11:27:32","date_gmt":"2020-09-16T09:27:32","guid":{"rendered":"https:\/\/www.demosmobilia.ch\/achat-et-vente\/"},"modified":"2020-12-02T15:28:03","modified_gmt":"2020-12-02T14:28:03","slug":"achat-et-vente","status":"publish","type":"page","link":"https:\/\/www.demosmobilia.ch\/fr\/achat-et-vente\/","title":{"rendered":"Achat et vente"},"content":{"rendered":"<p><p><strong>Notre t\u00e2che principale est celle de satisfaire vos d\u00e9sirs, ce qui nous am\u00e8ne \u00e0 vous suivre pas \u00e0 pas, dans le choix d\u2019un article particulier comme dans la livraison.<\/strong><\/p><\/p><p><p><strong>VENTE<\/strong><br\/>Nous sommes toujours \u00e0 la recherche de nouveaux articles \u00e0 collectionner, et nous nous r\u00e9jouissons d\u2019examiner tout article que vous aimerez vendre.<br\/>Notre exp\u00e9rience et notre comp\u00e9tence dans le march\u00e9 sont au service de toute transition et de tout avis priv\u00e9.<br\/>Outre \u00e0 nos services, nous pouvons assister dans l\u2019achat et la vente d\u2019articles ou de collections enti\u00e8res hors de tout processus de vente publique.<\/p><\/p><p><p><strong>COMMENT ACHETER<\/strong><br\/>Tous les articles Demosmobilia sont vendus selon les suivants termes et conditions.<\/p><\/p><p><p><strong>DEMANDE D&rsquo;INFORMATIONS<\/strong><br\/>Faites une demande d\u2019information via t\u00e9l\u00e9phone, e-mail ou personnellement sur les articles qui vous int\u00e9ressent et nous allons vous fournir toutes les informations n\u00e9cessaires.<br\/>Il faut pr\u00e9ciser le num\u00e9ro de l\u2019article.<\/p><\/p><p><p>En raison de la nature vintage de nos articles, les acheteurs doivent savoir que la plupart des articles ont \u00e9t\u00e9 utilis\u00e9s. Nous conseillons aux acheteurs de s\u2019informer via t\u00e9l\u00e9phone, e-mail ou personnellement de la condition de tout article \u00e0 acheter.<br\/>Il peut s\u2019av\u00e9rer que certains probl\u00e8mes li\u00e9s \u00e0 l\u2019\u00e9tat ne soient pas explicit\u00e9s online, mais nous nous r\u00e9jouissons \u00e0 vous fournir personnellement une description d\u00e9taill\u00e9e du produit ainsi que des photographies suppl\u00e9mentaires.<br\/>Les d\u00e9clarations orales ou \u00e9crites \u00e0 propos d\u2019un quelconque article sur Demosmobilia sont \u00e0 percevoir comme des opinions et ne constituent pas une garantie.<\/p><\/p><p><p><strong>EFFECTUER L\u2019ORDRE<\/strong><br\/>Effectuez votre ordre par t\u00e9l\u00e9phone, e-mail ou personnellement. Les articles qui vous int\u00e9ressent seront r\u00e9serv\u00e9 pour 14 jours.<\/p><\/p><p><p>Le payement doit \u00eatre effectu\u00e9 dans 14 jours selon l\u2019un des suivants modes de payement :<br\/>\u2014 Virement bancaire<br\/>\u2014 Liquide<\/p><\/p><p><p><strong>LIVRAISON<\/strong><br\/>Les budgets de livraison peuvent \u00eatre indiqu\u00e9s avant l\u2019achat.<br\/>Nous livrons dans tout le monde \u00e0 travers diverses modalit\u00e9s.<br\/>Tout ordre est assur\u00e9. Dans le cas o\u00f9 cela n\u2019est possible, Demosmobilia livre au risque et au frais de l\u2019acheteur.<br\/>Demosmobilia ne garantit pas le prix, le temps de livraison ou la qualit\u00e9 de ce service lorsqu\u2019une entreprise ext\u00e9rieure s\u2019en charge.<\/p><\/p><p><p><strong>RE\u00c7U DE LIVRAISON<\/strong><br\/>Nous voulons \u00e9viter que vous achat s\u2019ab\u00eeme \u00e0 cause du transport. Toutefois, dans de tr\u00e8s rares cas, il peut s\u2019av\u00e9rer que des colis soient manipul\u00e9s erron\u00e9ment.<br\/>Nos livraisons sont assur\u00e9es, mais il est n\u00e9cessaire de r\u00e9aliser correctement le proc\u00e9d\u00e9 pour pouvoir b\u00e9n\u00e9ficier de ce service :<\/p><\/p><ul class=\"wp-block-list\"><li>Profitez de la possibilit\u00e9 de recevoir le colis avec \u00ab r\u00e9serve \u00bb. Avec cette option vous pouvez signaler facilement tout dommage caus\u00e9 par le transport.<\/li><li>Les colis doivent \u00eatre ouvert imm\u00e9diatement ! Nous ne pouvons pas accepter des recommandations re\u00e7ues apr\u00e8s 36 heures apr\u00e8s la consigne.<\/li><li>Au moment de la consigne, il faut v\u00e9rifier que le colis ne pr\u00e9sente aucun dommage visible. Dans ce cas, demander au courrier d\u2019\u00eatre pr\u00e9sent \u00e0 l\u2019ouverture. Si cela n&rsquo;est pas possible photographier le colis ferm\u00e9 ainsi que l\u2019enti\u00e8ret\u00e9 du processus d\u2019ouverture.<\/li><li>Signaler imm\u00e9diatement des dommages \u00e9ventuels, en joignant des photographies et des descriptions.<\/li><\/ul><p><p>RESTITUTIONToute vente est d\u00e9finitive.<br\/>S\u2019il y a des probl\u00e8mes d\u2019\u00e9tat qui n\u2019ont pas \u00e9t\u00e9 publi\u00e9s online ou qui n\u2019ont pas \u00e9t\u00e9 discut\u00e9s avant l\u2019achat, vous pouvez demander la restitution dans 7 jours de la r\u00e9ception de l\u2019article.<br\/>L\u2019acheteur se charge de la responsabilit\u00e9 du payement des livraisons et des dommages que l\u2019article peut connaitre durant le transport, ind\u00e9pendamment de la raison de la restitution.<\/p><\/p><p><\/p>","protected":false},"excerpt":{"rendered":"<p>Notre t\u00e2che principale est celle de satisfaire vos d\u00e9sirs, ce qui nous am\u00e8ne \u00e0 vous suivre pas \u00e0 pas, dans le choix d\u2019un article particulier comme dans la livraison. VENTENous sommes toujours \u00e0 la recherche de nouveaux articles \u00e0 collectionner, et nous nous r\u00e9jouissons d\u2019examiner tout article que vous aimerez vendre.Notre exp\u00e9rience et notre comp\u00e9tence dans le march\u00e9 sont au service de toute transition et de tout avis priv\u00e9.Outre \u00e0 nos services, nous pouvons assister dans l\u2019achat et la vente d\u2019articles ou de collections enti\u00e8res hors de tout processus de vente publique. COMMENT ACHETERTous les articles Demosmobilia sont vendus selon les suivants termes et conditions.<a class=\"more-link\" href=\"https:\/\/www.demosmobilia.ch\/fr\/achat-et-vente\/\">Read More &rarr;<\/a><\/p>\n","protected":false},"author":1,"featured_media":0,"parent":0,"menu_order":0,"comment_status":"closed","ping_status":"closed","template":"","meta":{"_monsterinsights_skip_tracking":false,"_monsterinsights_sitenote_active":false,"_monsterinsights_sitenote_note":"","_monsterinsights_sitenote_category":0,"kk_blocks_editor_width":"","_kiokenblocks_attr":"","_kiokenblocks_dimensions":"","footnotes":""},"class_list":["entry","author-webmaster","post-38352","page","type-page","status-publish"],"yoast_head":"<!-- This site is optimized with the Yoast SEO plugin v24.0 - https:\/\/yoast.com\/wordpress\/plugins\/seo\/ -->\n<title>Achat et Vente, Informations et Conditions &#8211; Demosmobilia<\/title>\n<meta name=\"robots\" content=\"index, follow, max-snippet:-1, max-image-preview:large, max-video-preview:-1\" \/>\n<link rel=\"canonical\" href=\"https:\/\/www.demosmobilia.ch\/fr\/achat-et-vente\/\" \/>\n<meta property=\"og:locale\" content=\"fr_FR\" \/>\n<meta property=\"og:type\" content=\"article\" \/>\n<meta property=\"og:title\" content=\"Achat et Vente, Informations et Conditions &#8211; Demosmobilia\" \/>\n<meta property=\"og:description\" content=\"Notre t\u00e2che principale est celle de satisfaire vos d\u00e9sirs, ce qui nous am\u00e8ne \u00e0 vous suivre pas \u00e0 pas, dans le choix d\u2019un article particulier comme dans la livraison. VENTENous sommes toujours \u00e0 la recherche de nouveaux articles \u00e0 collectionner, et nous nous r\u00e9jouissons d\u2019examiner tout article que vous aimerez vendre.Notre exp\u00e9rience et notre comp\u00e9tence dans le march\u00e9 sont au service de toute transition et de tout avis priv\u00e9.Outre \u00e0 nos services, nous pouvons assister dans l\u2019achat et la vente d\u2019articles ou de collections enti\u00e8res hors de tout processus de vente publique. COMMENT ACHETERTous les articles Demosmobilia sont vendus selon les suivants termes et conditions.Read More &rarr;\" \/>\n<meta property=\"og:url\" content=\"https:\/\/www.demosmobilia.ch\/fr\/achat-et-vente\/\" \/>\n<meta property=\"og:site_name\" content=\"Demosmobilia\" \/>\n<meta property=\"article:publisher\" content=\"https:\/\/www.facebook.com\/Demos-Mobilia-1137017453131445\/\" \/>\n<meta property=\"article:modified_time\" content=\"2020-12-02T14:28:03+00:00\" \/>\n<meta name=\"twitter:card\" content=\"summary_large_image\" \/>\n<meta name=\"twitter:label1\" content=\"Dur\u00e9e de lecture estim\u00e9e\" \/>\n\t<meta name=\"twitter:data1\" content=\"3 minutes\" \/>\n<script type=\"application\/ld+json\" class=\"yoast-schema-graph\">{\"@context\":\"https:\/\/schema.org\",\"@graph\":[{\"@type\":\"WebPage\",\"@id\":\"https:\/\/www.demosmobilia.ch\/fr\/achat-et-vente\/\",\"url\":\"https:\/\/www.demosmobilia.ch\/fr\/achat-et-vente\/\",\"name\":\"Achat et Vente, Informations et Conditions &#8211; Demosmobilia\",\"isPartOf\":{\"@id\":\"https:\/\/www.demosmobilia.ch\/fr\/#website\"},\"datePublished\":\"2020-09-16T09:27:32+00:00\",\"dateModified\":\"2020-12-02T14:28:03+00:00\",\"breadcrumb\":{\"@id\":\"https:\/\/www.demosmobilia.ch\/fr\/achat-et-vente\/#breadcrumb\"},\"inLanguage\":\"fr-FR\",\"potentialAction\":[{\"@type\":\"ReadAction\",\"target\":[\"https:\/\/www.demosmobilia.ch\/fr\/achat-et-vente\/\"]}]},{\"@type\":\"BreadcrumbList\",\"@id\":\"https:\/\/www.demosmobilia.ch\/fr\/achat-et-vente\/#breadcrumb\",\"itemListElement\":[{\"@type\":\"ListItem\",\"position\":1,\"name\":\"Home\",\"item\":\"https:\/\/www.demosmobilia.ch\/fr\/\"},{\"@type\":\"ListItem\",\"position\":2,\"name\":\"Achat et vente\"}]},{\"@type\":\"WebSite\",\"@id\":\"https:\/\/www.demosmobilia.ch\/fr\/#website\",\"url\":\"https:\/\/www.demosmobilia.ch\/fr\/\",\"name\":\"Demosmobilia\",\"description\":\"Vintage Mid Century Modern Design Furniture from the &#039;30s to the &#039;80s\",\"publisher\":{\"@id\":\"https:\/\/www.demosmobilia.ch\/fr\/#organization\"},\"potentialAction\":[{\"@type\":\"SearchAction\",\"target\":{\"@type\":\"EntryPoint\",\"urlTemplate\":\"https:\/\/www.demosmobilia.ch\/fr\/?s={search_term_string}\"},\"query-input\":{\"@type\":\"PropertyValueSpecification\",\"valueRequired\":true,\"valueName\":\"search_term_string\"}}],\"inLanguage\":\"fr-FR\"},{\"@type\":\"Organization\",\"@id\":\"https:\/\/www.demosmobilia.ch\/fr\/#organization\",\"name\":\"demosmobilia\",\"url\":\"https:\/\/www.demosmobilia.ch\/fr\/\",\"logo\":{\"@type\":\"ImageObject\",\"inLanguage\":\"fr-FR\",\"@id\":\"https:\/\/www.demosmobilia.ch\/fr\/#\/schema\/logo\/image\/\",\"url\":\"https:\/\/www.demosmobilia.ch\/wp-content\/uploads\/2020\/07\/demosmobilia-logo-2020-230-160.png\",\"contentUrl\":\"https:\/\/www.demosmobilia.ch\/wp-content\/uploads\/2020\/07\/demosmobilia-logo-2020-230-160.png\",\"width\":230,\"height\":160,\"caption\":\"demosmobilia\"},\"image\":{\"@id\":\"https:\/\/www.demosmobilia.ch\/fr\/#\/schema\/logo\/image\/\"},\"sameAs\":[\"https:\/\/www.facebook.com\/Demos-Mobilia-1137017453131445\/\",\"https:\/\/www.instagram.com\/demosmobilia\/\"]}]}<\/script>\n<!-- \/ Yoast SEO plugin. -->","yoast_head_json":{"title":"Achat et Vente, Informations et Conditions &#8211; Demosmobilia","robots":{"index":"index","follow":"follow","max-snippet":"max-snippet:-1","max-image-preview":"max-image-preview:large","max-video-preview":"max-video-preview:-1"},"canonical":"https:\/\/www.demosmobilia.ch\/fr\/achat-et-vente\/","og_locale":"fr_FR","og_type":"article","og_title":"Achat et Vente, Informations et Conditions &#8211; Demosmobilia","og_description":"Notre t\u00e2che principale est celle de satisfaire vos d\u00e9sirs, ce qui nous am\u00e8ne \u00e0 vous suivre pas \u00e0 pas, dans le choix d\u2019un article particulier comme dans la livraison. VENTENous sommes toujours \u00e0 la recherche de nouveaux articles \u00e0 collectionner, et nous nous r\u00e9jouissons d\u2019examiner tout article que vous aimerez vendre.Notre exp\u00e9rience et notre comp\u00e9tence dans le march\u00e9 sont au service de toute transition et de tout avis priv\u00e9.Outre \u00e0 nos services, nous pouvons assister dans l\u2019achat et la vente d\u2019articles ou de collections enti\u00e8res hors de tout processus de vente publique. COMMENT ACHETERTous les articles Demosmobilia sont vendus selon les suivants termes et conditions.Read More &rarr;","og_url":"https:\/\/www.demosmobilia.ch\/fr\/achat-et-vente\/","og_site_name":"Demosmobilia","article_publisher":"https:\/\/www.facebook.com\/Demos-Mobilia-1137017453131445\/","article_modified_time":"2020-12-02T14:28:03+00:00","twitter_card":"summary_large_image","twitter_misc":{"Dur\u00e9e de lecture estim\u00e9e":"3 minutes"},"schema":{"@context":"https:\/\/schema.org","@graph":[{"@type":"WebPage","@id":"https:\/\/www.demosmobilia.ch\/fr\/achat-et-vente\/","url":"https:\/\/www.demosmobilia.ch\/fr\/achat-et-vente\/","name":"Achat et Vente, Informations et Conditions &#8211; Demosmobilia","isPartOf":{"@id":"https:\/\/www.demosmobilia.ch\/fr\/#website"},"datePublished":"2020-09-16T09:27:32+00:00","dateModified":"2020-12-02T14:28:03+00:00","breadcrumb":{"@id":"https:\/\/www.demosmobilia.ch\/fr\/achat-et-vente\/#breadcrumb"},"inLanguage":"fr-FR","potentialAction":[{"@type":"ReadAction","target":["https:\/\/www.demosmobilia.ch\/fr\/achat-et-vente\/"]}]},{"@type":"BreadcrumbList","@id":"https:\/\/www.demosmobilia.ch\/fr\/achat-et-vente\/#breadcrumb","itemListElement":[{"@type":"ListItem","position":1,"name":"Home","item":"https:\/\/www.demosmobilia.ch\/fr\/"},{"@type":"ListItem","position":2,"name":"Achat et vente"}]},{"@type":"WebSite","@id":"https:\/\/www.demosmobilia.ch\/fr\/#website","url":"https:\/\/www.demosmobilia.ch\/fr\/","name":"Demosmobilia","description":"Vintage Mid Century Modern Design Furniture from the &#039;30s to the &#039;80s","publisher":{"@id":"https:\/\/www.demosmobilia.ch\/fr\/#organization"},"potentialAction":[{"@type":"SearchAction","target":{"@type":"EntryPoint","urlTemplate":"https:\/\/www.demosmobilia.ch\/fr\/?s={search_term_string}"},"query-input":{"@type":"PropertyValueSpecification","valueRequired":true,"valueName":"search_term_string"}}],"inLanguage":"fr-FR"},{"@type":"Organization","@id":"https:\/\/www.demosmobilia.ch\/fr\/#organization","name":"demosmobilia","url":"https:\/\/www.demosmobilia.ch\/fr\/","logo":{"@type":"ImageObject","inLanguage":"fr-FR","@id":"https:\/\/www.demosmobilia.ch\/fr\/#\/schema\/logo\/image\/","url":"https:\/\/www.demosmobilia.ch\/wp-content\/uploads\/2020\/07\/demosmobilia-logo-2020-230-160.png","contentUrl":"https:\/\/www.demosmobilia.ch\/wp-content\/uploads\/2020\/07\/demosmobilia-logo-2020-230-160.png","width":230,"height":160,"caption":"demosmobilia"},"image":{"@id":"https:\/\/www.demosmobilia.ch\/fr\/#\/schema\/logo\/image\/"},"sameAs":["https:\/\/www.facebook.com\/Demos-Mobilia-1137017453131445\/","https:\/\/www.instagram.com\/demosmobilia\/"]}]}},"wps_subtitle":"","_links":{"self":[{"href":"https:\/\/www.demosmobilia.ch\/fr\/wp-json\/wp\/v2\/pages\/38352","targetHints":{"allow":["GET"]}}],"collection":[{"href":"https:\/\/www.demosmobilia.ch\/fr\/wp-json\/wp\/v2\/pages"}],"about":[{"href":"https:\/\/www.demosmobilia.ch\/fr\/wp-json\/wp\/v2\/types\/page"}],"author":[{"embeddable":true,"href":"https:\/\/www.demosmobilia.ch\/fr\/wp-json\/wp\/v2\/users\/1"}],"replies":[{"embeddable":true,"href":"https:\/\/www.demosmobilia.ch\/fr\/wp-json\/wp\/v2\/comments?post=38352"}],"version-history":[{"count":5,"href":"https:\/\/www.demosmobilia.ch\/fr\/wp-json\/wp\/v2\/pages\/38352\/revisions"}],"predecessor-version":[{"id":42761,"href":"https:\/\/www.demosmobilia.ch\/fr\/wp-json\/wp\/v2\/pages\/38352\/revisions\/42761"}],"wp:attachment":[{"href":"https:\/\/www.demosmobilia.ch\/fr\/wp-json\/wp\/v2\/media?parent=38352"}],"curies":[{"name":"wp","href":"https:\/\/api.w.org\/{rel}","templated":true}]}}