{"id":87827,"date":"2026-04-22T10:00:10","date_gmt":"2026-04-22T08:00:10","guid":{"rendered":"https:\/\/www.demosmobilia.ch\/product\/italian-bar-with-slender-legs-and-a-mirrored-interior\/"},"modified":"2026-04-22T10:00:10","modified_gmt":"2026-04-22T08:00:10","slug":"italian-bar-with-slender-legs-and-a-mirrored-interior","status":"publish","type":"product","link":"https:\/\/www.demosmobilia.ch\/de\/product\/italian-bar-with-slender-legs-and-a-mirrored-interior\/","title":{"rendered":"Italian bar with slender legs and a mirrored interior"},"content":{"rendered":"<p data-start=\"0\" data-end=\"446\">Guglielmo Ulrich (1897\u20131977) ist eine bedeutende Pers\u00f6nlichkeit der italienischen Innenarchitektur und des Designs des 20. Jahrhunderts, bekannt daf\u00fcr, eine elegante und zur\u00fcckhaltende Designsprache f\u00fcr das b\u00fcrgerliche Wohnen in Italien der 1930er-, 1940er- und 1950er-Jahre gepr\u00e4gt zu haben. Als Architekt und Designer entwickelte er einen raffinierten Stil, der Klassizismus, Moderne und eine starke handwerkliche Qualit\u00e4t miteinander verbindet und entscheidend zur Entstehung eines kultivierten, modernen b\u00fcrgerlichen Geschmacks beitrug. <\/p>\n<p data-start=\"448\" data-end=\"899\">Sein Werk zeichnet sich durch die F\u00e4higkeit aus, die Bed\u00fcrfnisse des italienischen Gro\u00dfb\u00fcrgertums zu interpretieren und ma\u00dfgeschneiderte Innenr\u00e4ume und M\u00f6bel f\u00fcr private Residenzen, Stadtwohnungen und Villen zu entwerfen. Ulrich schafft harmonische und anspruchsvolle R\u00e4ume, in denen jedes Element als Teil eines koh\u00e4renten Gesamtkonzepts gedacht ist. Seine Designsprache bewegt sich zwischen Tradition und Moderne und interpretiert klassische Referenzen in einer reduzierten, ausgewogenen und zeitgem\u00e4\u00dfen Form neu.  <\/p>\n<p data-start=\"901\" data-end=\"1441\">Von den 1930er-Jahren \u00fcber die Nachkriegszeit bis in die 1950er-Jahre hinein z\u00e4hlt Ulrich zu den wichtigsten Gestaltern des italienischen M\u00f6beldesigns f\u00fcr b\u00fcrgerliche und professionelle Auftraggeber und arbeitet mit f\u00fchrenden Herstellern und hochqualifizierten Handwerkern zusammen. Seine M\u00f6bel zeichnen sich durch die Verwendung edler Materialien, ausgewogene Proportionen und eine hohe Detailgenauigkeit aus und verk\u00f6rpern eine Form von diskretem, funktionalem Luxus. Sofas, Sessel, Tische und ma\u00dfgefertigte Einrichtungssysteme sind darauf ausgelegt, Status, Kultur und Modernit\u00e4t ohne \u00fcberm\u00e4\u00dfige Dekoration auszudr\u00fccken.  <\/p>\n<p data-start=\"1443\" data-end=\"1837\">Sein Ansatz im b\u00fcrgerlichen Interior Design basiert auf einem Gleichgewicht zwischen Komfort und Repr\u00e4sentation: Die von Ulrich gestalteten Innenr\u00e4ume vermitteln eine zur\u00fcckhaltende, kontrollierte Eleganz, die auf \u00dcbertreibung verzichtet und dennoch eine starke Identit\u00e4t besitzt. Diese Haltung tr\u00e4gt wesentlich zur Entwicklung eines erkennbaren Stils bei, der das italienische Design des 20. Jahrhunderts nachhaltig pr\u00e4gt, insbesondere in der Nachkriegszeit und in den 1950er-Jahren. <\/p>\n","protected":false},"excerpt":{"rendered":"<p>Guglielmo Ulrich (1897\u20131977) ist eine bedeutende Pers\u00f6nlichkeit der italienischen Innenarchitektur und des Designs des 20. Jahrhunderts, bekannt daf\u00fcr, eine elegante und zur\u00fcckhaltende Designsprache f\u00fcr das b\u00fcrgerliche Wohnen in Italien der 1930er-, 1940er- und 1950er-Jahre gepr\u00e4gt zu haben. Als Architekt und Designer entwickelte er einen raffinierten Stil, der Klassizismus, Moderne und eine starke handwerkliche Qualit\u00e4t miteinander verbindet und entscheidend zur Entstehung eines kultivierten, modernen b\u00fcrgerlichen Geschmacks beitrug. Sein Werk zeichnet sich durch die F\u00e4higkeit aus, die Bed\u00fcrfnisse des italienischen Gro\u00dfb\u00fcrgertums zu interpretieren und ma\u00dfgeschneiderte Innenr\u00e4ume und M\u00f6bel f\u00fcr private Residenzen, Stadtwohnungen und Villen zu entwerfen. Ulrich schafft harmonische und anspruchsvolle R\u00e4ume, in denen jedes Element als<a class=\"more-link\" href=\"https:\/\/www.demosmobilia.ch\/de\/product\/italian-bar-with-slender-legs-and-a-mirrored-interior\/\">Read More &rarr;<\/a><\/p>\n","protected":false},"featured_media":87771,"template":"","meta":{"_monsterinsights_skip_tracking":false,"_monsterinsights_sitenote_active":false,"_monsterinsights_sitenote_note":"","_monsterinsights_sitenote_category":0,"kk_blocks_editor_width":"","_kiokenblocks_attr":"","_kiokenblocks_dimensions":""},"product_cat":[4169,4106],"product_tag":[12132],"class_list":{"0":"entry","1":"author-demosmobilia","2":"post-87827","3":"product","4":"type-product","5":"status-publish","6":"has-post-thumbnail","7":"product_production-italian-production","8":"product_year-1950-approx","9":"product_nation-italien-de","10":"product_cat-bar-schranke","11":"product_cat-neuheiten","12":"product_tag-ulrich-guglielmo-zugeschrieben","13":"pa_product_dimension-114-x-38-x-ht-101-cm","14":"pa_product_material-nussbaum-messing-farbiges-glas-spiegel-geatzter-spiegel","16":"first","17":"instock","18":"shipping-taxable","19":"purchasable","20":"product-type-simple"},"yoast_head":"<!-- This site is optimized with the Yoast SEO plugin v24.0 - https:\/\/yoast.com\/wordpress\/plugins\/seo\/ -->\n<title>Italian bar with slender legs and a mirrored interior &#8211; demosmobilia<\/title>\n<meta name=\"robots\" content=\"index, follow, max-snippet:-1, max-image-preview:large, max-video-preview:-1\" \/>\n<link rel=\"canonical\" href=\"https:\/\/www.demosmobilia.ch\/de\/product\/italian-bar-with-slender-legs-and-a-mirrored-interior\/\" \/>\n<meta property=\"og:locale\" content=\"de_DE\" \/>\n<meta property=\"og:type\" content=\"article\" \/>\n<meta property=\"og:title\" content=\"Italian bar with slender legs and a mirrored interior &#8211; demosmobilia\" \/>\n<meta property=\"og:description\" content=\"Guglielmo Ulrich (1897\u20131977) ist eine bedeutende Pers\u00f6nlichkeit der italienischen Innenarchitektur und des Designs des 20. Jahrhunderts, bekannt daf\u00fcr, eine elegante und zur\u00fcckhaltende Designsprache f\u00fcr das b\u00fcrgerliche Wohnen in Italien der 1930er-, 1940er- und 1950er-Jahre gepr\u00e4gt zu haben. Als Architekt und Designer entwickelte er einen raffinierten Stil, der Klassizismus, Moderne und eine starke handwerkliche Qualit\u00e4t miteinander verbindet und entscheidend zur Entstehung eines kultivierten, modernen b\u00fcrgerlichen Geschmacks beitrug. Sein Werk zeichnet sich durch die F\u00e4higkeit aus, die Bed\u00fcrfnisse des italienischen Gro\u00dfb\u00fcrgertums zu interpretieren und ma\u00dfgeschneiderte Innenr\u00e4ume und M\u00f6bel f\u00fcr private Residenzen, Stadtwohnungen und Villen zu entwerfen. Ulrich schafft harmonische und anspruchsvolle R\u00e4ume, in denen jedes Element alsRead More &rarr;\" \/>\n<meta property=\"og:url\" content=\"https:\/\/www.demosmobilia.ch\/de\/product\/italian-bar-with-slender-legs-and-a-mirrored-interior\/\" \/>\n<meta property=\"og:site_name\" content=\"demosmobilia\" \/>\n<meta property=\"article:publisher\" content=\"https:\/\/www.facebook.com\/Demos-Mobilia-1137017453131445\/\" \/>\n<meta property=\"og:image\" content=\"https:\/\/www.demosmobilia.ch\/wp-content\/uploads\/2026\/04\/italian-design-bar-1940-1950-guglielmo-ulrich-01.jpg\" \/>\n\t<meta property=\"og:image:width\" content=\"1200\" \/>\n\t<meta property=\"og:image:height\" content=\"900\" \/>\n\t<meta property=\"og:image:type\" content=\"image\/jpeg\" \/>\n<meta name=\"twitter:card\" content=\"summary_large_image\" \/>\n<meta name=\"twitter:label1\" content=\"Gesch\u00e4tzte Lesezeit\" \/>\n\t<meta name=\"twitter:data1\" content=\"2\u00a0Minuten\" \/>\n<script type=\"application\/ld+json\" class=\"yoast-schema-graph\">{\"@context\":\"https:\/\/schema.org\",\"@graph\":[{\"@type\":\"WebPage\",\"@id\":\"https:\/\/www.demosmobilia.ch\/de\/product\/italian-bar-with-slender-legs-and-a-mirrored-interior\/\",\"url\":\"https:\/\/www.demosmobilia.ch\/de\/product\/italian-bar-with-slender-legs-and-a-mirrored-interior\/\",\"name\":\"Italian bar with slender legs and a mirrored interior &#8211; demosmobilia\",\"isPartOf\":{\"@id\":\"https:\/\/www.demosmobilia.ch\/de\/#website\"},\"primaryImageOfPage\":{\"@id\":\"https:\/\/www.demosmobilia.ch\/de\/product\/italian-bar-with-slender-legs-and-a-mirrored-interior\/#primaryimage\"},\"image\":{\"@id\":\"https:\/\/www.demosmobilia.ch\/de\/product\/italian-bar-with-slender-legs-and-a-mirrored-interior\/#primaryimage\"},\"thumbnailUrl\":\"https:\/\/www.demosmobilia.ch\/wp-content\/uploads\/2026\/04\/italian-design-bar-1940-1950-guglielmo-ulrich-01.jpg\",\"datePublished\":\"2026-04-22T08:00:10+00:00\",\"dateModified\":\"2026-04-22T08:00:10+00:00\",\"breadcrumb\":{\"@id\":\"https:\/\/www.demosmobilia.ch\/de\/product\/italian-bar-with-slender-legs-and-a-mirrored-interior\/#breadcrumb\"},\"inLanguage\":\"de\",\"potentialAction\":[{\"@type\":\"ReadAction\",\"target\":[\"https:\/\/www.demosmobilia.ch\/de\/product\/italian-bar-with-slender-legs-and-a-mirrored-interior\/\"]}]},{\"@type\":\"ImageObject\",\"inLanguage\":\"de\",\"@id\":\"https:\/\/www.demosmobilia.ch\/de\/product\/italian-bar-with-slender-legs-and-a-mirrored-interior\/#primaryimage\",\"url\":\"https:\/\/www.demosmobilia.ch\/wp-content\/uploads\/2026\/04\/italian-design-bar-1940-1950-guglielmo-ulrich-01.jpg\",\"contentUrl\":\"https:\/\/www.demosmobilia.ch\/wp-content\/uploads\/2026\/04\/italian-design-bar-1940-1950-guglielmo-ulrich-01.jpg\",\"width\":1200,\"height\":900},{\"@type\":\"BreadcrumbList\",\"@id\":\"https:\/\/www.demosmobilia.ch\/de\/product\/italian-bar-with-slender-legs-and-a-mirrored-interior\/#breadcrumb\",\"itemListElement\":[{\"@type\":\"ListItem\",\"position\":1,\"name\":\"Home\",\"item\":\"https:\/\/www.demosmobilia.ch\/de\/\"},{\"@type\":\"ListItem\",\"position\":2,\"name\":\"Produkte\",\"item\":\"https:\/\/www.demosmobilia.ch\/de\/shop\/\"},{\"@type\":\"ListItem\",\"position\":3,\"name\":\"Italian bar with slender legs and a mirrored interior\"}]},{\"@type\":\"WebSite\",\"@id\":\"https:\/\/www.demosmobilia.ch\/de\/#website\",\"url\":\"https:\/\/www.demosmobilia.ch\/de\/\",\"name\":\"demosmobilia\",\"description\":\"Vintage Mid Century Modern Design Furniture from the &#039;30s to the &#039;80s\",\"publisher\":{\"@id\":\"https:\/\/www.demosmobilia.ch\/de\/#organization\"},\"potentialAction\":[{\"@type\":\"SearchAction\",\"target\":{\"@type\":\"EntryPoint\",\"urlTemplate\":\"https:\/\/www.demosmobilia.ch\/de\/?s={search_term_string}\"},\"query-input\":{\"@type\":\"PropertyValueSpecification\",\"valueRequired\":true,\"valueName\":\"search_term_string\"}}],\"inLanguage\":\"de\"},{\"@type\":\"Organization\",\"@id\":\"https:\/\/www.demosmobilia.ch\/de\/#organization\",\"name\":\"demosmobilia\",\"url\":\"https:\/\/www.demosmobilia.ch\/de\/\",\"logo\":{\"@type\":\"ImageObject\",\"inLanguage\":\"de\",\"@id\":\"https:\/\/www.demosmobilia.ch\/de\/#\/schema\/logo\/image\/\",\"url\":\"https:\/\/www.demosmobilia.ch\/wp-content\/uploads\/2020\/07\/demosmobilia-logo-2020-230-160.png\",\"contentUrl\":\"https:\/\/www.demosmobilia.ch\/wp-content\/uploads\/2020\/07\/demosmobilia-logo-2020-230-160.png\",\"width\":230,\"height\":160,\"caption\":\"demosmobilia\"},\"image\":{\"@id\":\"https:\/\/www.demosmobilia.ch\/de\/#\/schema\/logo\/image\/\"},\"sameAs\":[\"https:\/\/www.facebook.com\/Demos-Mobilia-1137017453131445\/\",\"https:\/\/www.instagram.com\/demosmobilia\/\"]}]}<\/script>\n<!-- \/ Yoast SEO plugin. -->","yoast_head_json":{"title":"Italian bar with slender legs and a mirrored interior &#8211; demosmobilia","robots":{"index":"index","follow":"follow","max-snippet":"max-snippet:-1","max-image-preview":"max-image-preview:large","max-video-preview":"max-video-preview:-1"},"canonical":"https:\/\/www.demosmobilia.ch\/de\/product\/italian-bar-with-slender-legs-and-a-mirrored-interior\/","og_locale":"de_DE","og_type":"article","og_title":"Italian bar with slender legs and a mirrored interior &#8211; demosmobilia","og_description":"Guglielmo Ulrich (1897\u20131977) ist eine bedeutende Pers\u00f6nlichkeit der italienischen Innenarchitektur und des Designs des 20. Jahrhunderts, bekannt daf\u00fcr, eine elegante und zur\u00fcckhaltende Designsprache f\u00fcr das b\u00fcrgerliche Wohnen in Italien der 1930er-, 1940er- und 1950er-Jahre gepr\u00e4gt zu haben. Als Architekt und Designer entwickelte er einen raffinierten Stil, der Klassizismus, Moderne und eine starke handwerkliche Qualit\u00e4t miteinander verbindet und entscheidend zur Entstehung eines kultivierten, modernen b\u00fcrgerlichen Geschmacks beitrug. Sein Werk zeichnet sich durch die F\u00e4higkeit aus, die Bed\u00fcrfnisse des italienischen Gro\u00dfb\u00fcrgertums zu interpretieren und ma\u00dfgeschneiderte Innenr\u00e4ume und M\u00f6bel f\u00fcr private Residenzen, Stadtwohnungen und Villen zu entwerfen. Ulrich schafft harmonische und anspruchsvolle R\u00e4ume, in denen jedes Element alsRead More &rarr;","og_url":"https:\/\/www.demosmobilia.ch\/de\/product\/italian-bar-with-slender-legs-and-a-mirrored-interior\/","og_site_name":"demosmobilia","article_publisher":"https:\/\/www.facebook.com\/Demos-Mobilia-1137017453131445\/","og_image":[{"width":1200,"height":900,"url":"https:\/\/www.demosmobilia.ch\/wp-content\/uploads\/2026\/04\/italian-design-bar-1940-1950-guglielmo-ulrich-01.jpg","type":"image\/jpeg"}],"twitter_card":"summary_large_image","twitter_misc":{"Gesch\u00e4tzte Lesezeit":"2\u00a0Minuten"},"schema":{"@context":"https:\/\/schema.org","@graph":[{"@type":"WebPage","@id":"https:\/\/www.demosmobilia.ch\/de\/product\/italian-bar-with-slender-legs-and-a-mirrored-interior\/","url":"https:\/\/www.demosmobilia.ch\/de\/product\/italian-bar-with-slender-legs-and-a-mirrored-interior\/","name":"Italian bar with slender legs and a mirrored interior &#8211; demosmobilia","isPartOf":{"@id":"https:\/\/www.demosmobilia.ch\/de\/#website"},"primaryImageOfPage":{"@id":"https:\/\/www.demosmobilia.ch\/de\/product\/italian-bar-with-slender-legs-and-a-mirrored-interior\/#primaryimage"},"image":{"@id":"https:\/\/www.demosmobilia.ch\/de\/product\/italian-bar-with-slender-legs-and-a-mirrored-interior\/#primaryimage"},"thumbnailUrl":"https:\/\/www.demosmobilia.ch\/wp-content\/uploads\/2026\/04\/italian-design-bar-1940-1950-guglielmo-ulrich-01.jpg","datePublished":"2026-04-22T08:00:10+00:00","dateModified":"2026-04-22T08:00:10+00:00","breadcrumb":{"@id":"https:\/\/www.demosmobilia.ch\/de\/product\/italian-bar-with-slender-legs-and-a-mirrored-interior\/#breadcrumb"},"inLanguage":"de","potentialAction":[{"@type":"ReadAction","target":["https:\/\/www.demosmobilia.ch\/de\/product\/italian-bar-with-slender-legs-and-a-mirrored-interior\/"]}]},{"@type":"ImageObject","inLanguage":"de","@id":"https:\/\/www.demosmobilia.ch\/de\/product\/italian-bar-with-slender-legs-and-a-mirrored-interior\/#primaryimage","url":"https:\/\/www.demosmobilia.ch\/wp-content\/uploads\/2026\/04\/italian-design-bar-1940-1950-guglielmo-ulrich-01.jpg","contentUrl":"https:\/\/www.demosmobilia.ch\/wp-content\/uploads\/2026\/04\/italian-design-bar-1940-1950-guglielmo-ulrich-01.jpg","width":1200,"height":900},{"@type":"BreadcrumbList","@id":"https:\/\/www.demosmobilia.ch\/de\/product\/italian-bar-with-slender-legs-and-a-mirrored-interior\/#breadcrumb","itemListElement":[{"@type":"ListItem","position":1,"name":"Home","item":"https:\/\/www.demosmobilia.ch\/de\/"},{"@type":"ListItem","position":2,"name":"Produkte","item":"https:\/\/www.demosmobilia.ch\/de\/shop\/"},{"@type":"ListItem","position":3,"name":"Italian bar with slender legs and a mirrored interior"}]},{"@type":"WebSite","@id":"https:\/\/www.demosmobilia.ch\/de\/#website","url":"https:\/\/www.demosmobilia.ch\/de\/","name":"demosmobilia","description":"Vintage Mid Century Modern Design Furniture from the &#039;30s to the &#039;80s","publisher":{"@id":"https:\/\/www.demosmobilia.ch\/de\/#organization"},"potentialAction":[{"@type":"SearchAction","target":{"@type":"EntryPoint","urlTemplate":"https:\/\/www.demosmobilia.ch\/de\/?s={search_term_string}"},"query-input":{"@type":"PropertyValueSpecification","valueRequired":true,"valueName":"search_term_string"}}],"inLanguage":"de"},{"@type":"Organization","@id":"https:\/\/www.demosmobilia.ch\/de\/#organization","name":"demosmobilia","url":"https:\/\/www.demosmobilia.ch\/de\/","logo":{"@type":"ImageObject","inLanguage":"de","@id":"https:\/\/www.demosmobilia.ch\/de\/#\/schema\/logo\/image\/","url":"https:\/\/www.demosmobilia.ch\/wp-content\/uploads\/2020\/07\/demosmobilia-logo-2020-230-160.png","contentUrl":"https:\/\/www.demosmobilia.ch\/wp-content\/uploads\/2020\/07\/demosmobilia-logo-2020-230-160.png","width":230,"height":160,"caption":"demosmobilia"},"image":{"@id":"https:\/\/www.demosmobilia.ch\/de\/#\/schema\/logo\/image\/"},"sameAs":["https:\/\/www.facebook.com\/Demos-Mobilia-1137017453131445\/","https:\/\/www.instagram.com\/demosmobilia\/"]}]}},"_links":{"self":[{"href":"https:\/\/www.demosmobilia.ch\/de\/wp-json\/wp\/v2\/product\/87827","targetHints":{"allow":["GET"]}}],"collection":[{"href":"https:\/\/www.demosmobilia.ch\/de\/wp-json\/wp\/v2\/product"}],"about":[{"href":"https:\/\/www.demosmobilia.ch\/de\/wp-json\/wp\/v2\/types\/product"}],"wp:featuredmedia":[{"embeddable":true,"href":"https:\/\/www.demosmobilia.ch\/de\/wp-json\/wp\/v2\/media\/87771"}],"wp:attachment":[{"href":"https:\/\/www.demosmobilia.ch\/de\/wp-json\/wp\/v2\/media?parent=87827"}],"wp:term":[{"taxonomy":"product_cat","embeddable":true,"href":"https:\/\/www.demosmobilia.ch\/de\/wp-json\/wp\/v2\/product_cat?post=87827"},{"taxonomy":"product_tag","embeddable":true,"href":"https:\/\/www.demosmobilia.ch\/de\/wp-json\/wp\/v2\/product_tag?post=87827"}],"curies":[{"name":"wp","href":"https:\/\/api.w.org\/{rel}","templated":true}]}}