{"id":87637,"date":"2026-04-22T14:00:20","date_gmt":"2026-04-22T12:00:20","guid":{"rendered":"https:\/\/www.demosmobilia.ch\/product\/minimalistischer-spiegel-mit-transparentem-rahmen\/"},"modified":"2026-04-22T14:00:20","modified_gmt":"2026-04-22T12:00:20","slug":"minimalistischer-spiegel-mit-transparentem-rahmen","status":"publish","type":"product","link":"https:\/\/www.demosmobilia.ch\/de\/product\/minimalistischer-spiegel-mit-transparentem-rahmen\/","title":{"rendered":"Minimalistischer Spiegel mit transparentem Rahmen"},"content":{"rendered":"<p data-start=\"87\" data-end=\"380\">Die Integration von Designobjekten des 20. Jahrhunderts in Ihre Einrichtung ist eine strategische Entscheidung, wenn Sie ein einzigartiges und unverwechselbares Zuhause gestalten m\u00f6chten. Immer mehr Menschen suchen nach M\u00f6glichkeiten, sich im Interior Design abzuheben \u2013 und das Design des 20. Jahrhunderts bietet daf\u00fcr eine der effektivsten L\u00f6sungen. <\/p>\n<p data-start=\"382\" data-end=\"720\">Designklassiker des 20. Jahrhunderts vereinen \u00c4sthetik, Funktionalit\u00e4t und historischen Wert. Ikonische St\u00fchle, Vintage-Lampen und modernistische Wohnaccessoires helfen Ihnen dabei, R\u00e4ume zu schaffen, die eine Geschichte erz\u00e4hlen. Indem Sie historische Designobjekte in moderne Wohnkonzepte integrieren, durchbrechen Sie die Monotonie standardisierter Einrichtungen und werten jeden Raum gezielt auf.  <\/p>\n<p data-start=\"722\" data-end=\"1083\">Wenn Sie sich f\u00fcr M\u00f6bel und Designobjekte des 20. Jahrhunderts entscheiden, investieren Sie gleichzeitig in Qualit\u00e4t und Langlebigkeit. Viele dieser St\u00fccke bestehen aus hochwertigen Materialien und wurden f\u00fcr eine lange Nutzungsdauer entworfen \u2013 das macht sie sowohl \u00e4sthetisch als auch wirtschaftlich zu einer klugen Wahl. In einem Markt, der von schnelllebigen M\u00f6beltrends gepr\u00e4gt ist, stellt Vintage-Design eine nachhaltige und bewusste Alternative dar.  <\/p>\n<p data-start=\"1085\" data-end=\"1398\">Stilistisch bietet das Design des 20. Jahrhunderts eine gro\u00dfe Vielfalt: von den klaren Linien des Modernismus \u00fcber die Innovationskraft des italienischen Designs bis hin zur zeitlosen Eleganz des skandinavischen Stils. Bereits ein einzelnes ikonisches Designst\u00fcck kann einen Raum komplett ver\u00e4ndern und als visueller Blickfang dienen.  <\/p>\n<p data-start=\"1400\" data-end=\"1647\">Wenn Sie eine individuelle und stilvolle Einrichtung realisieren m\u00f6chten, sind Designobjekte des 20. Jahrhunderts die ideale L\u00f6sung. Sie verbessern nicht nur die \u00c4sthetik Ihrer R\u00e4ume, sondern tragen auch dazu bei, eine authentische Wohnidentit\u00e4t zu schaffen, die sich langfristig von der Masse abhebt. <\/p>\n","protected":false},"excerpt":{"rendered":"<p>Die Integration von Designobjekten des 20. Jahrhunderts in Ihre Einrichtung ist eine strategische Entscheidung, wenn Sie ein einzigartiges und unverwechselbares Zuhause gestalten m\u00f6chten. Immer mehr Menschen suchen nach M\u00f6glichkeiten, sich im Interior Design abzuheben \u2013 und das Design des 20. Jahrhunderts bietet daf\u00fcr eine der effektivsten L\u00f6sungen. Designklassiker des 20. Jahrhunderts vereinen \u00c4sthetik, Funktionalit\u00e4t und historischen Wert. Ikonische St\u00fchle, Vintage-Lampen und modernistische Wohnaccessoires helfen Ihnen dabei, R\u00e4ume zu schaffen, die eine Geschichte erz\u00e4hlen. Indem Sie historische Designobjekte in moderne Wohnkonzepte integrieren, durchbrechen Sie die Monotonie standardisierter Einrichtungen und werten jeden Raum gezielt auf. Wenn Sie sich f\u00fcr M\u00f6bel und Designobjekte des 20. Jahrhunderts entscheiden, investieren<a class=\"more-link\" href=\"https:\/\/www.demosmobilia.ch\/de\/product\/minimalistischer-spiegel-mit-transparentem-rahmen\/\">Read More &rarr;<\/a><\/p>\n","protected":false},"featured_media":87609,"template":"","meta":{"_monsterinsights_skip_tracking":false,"_monsterinsights_sitenote_active":false,"_monsterinsights_sitenote_note":"","_monsterinsights_sitenote_category":0,"kk_blocks_editor_width":"","_kiokenblocks_attr":"","_kiokenblocks_dimensions":""},"product_cat":[4106,4139],"product_tag":[],"class_list":{"0":"entry","1":"author-demosmobilia","2":"post-87637","3":"product","4":"type-product","5":"status-publish","6":"has-post-thumbnail","7":"product_production-italian-production","8":"product_year-1960-approx","9":"product_nation-italien-de","10":"product_cat-neuheiten","11":"product_cat-spiegel","12":"pa_product_dimension-69-x-ht-86-cm","13":"pa_product_material-glas-spiegelglas-holz","15":"first","16":"instock","17":"shipping-taxable","18":"purchasable","19":"product-type-simple"},"yoast_head":"<!-- This site is optimized with the Yoast SEO plugin v24.0 - https:\/\/yoast.com\/wordpress\/plugins\/seo\/ -->\n<title>Minimalistischer Spiegel mit transparentem Rahmen &#8211; demosmobilia<\/title>\n<meta name=\"robots\" content=\"index, follow, max-snippet:-1, max-image-preview:large, max-video-preview:-1\" \/>\n<link rel=\"canonical\" href=\"https:\/\/www.demosmobilia.ch\/de\/product\/minimalistischer-spiegel-mit-transparentem-rahmen\/\" \/>\n<meta property=\"og:locale\" content=\"de_DE\" \/>\n<meta property=\"og:type\" content=\"article\" \/>\n<meta property=\"og:title\" content=\"Minimalistischer Spiegel mit transparentem Rahmen &#8211; demosmobilia\" \/>\n<meta property=\"og:description\" content=\"Die Integration von Designobjekten des 20. Jahrhunderts in Ihre Einrichtung ist eine strategische Entscheidung, wenn Sie ein einzigartiges und unverwechselbares Zuhause gestalten m\u00f6chten. Immer mehr Menschen suchen nach M\u00f6glichkeiten, sich im Interior Design abzuheben \u2013 und das Design des 20. Jahrhunderts bietet daf\u00fcr eine der effektivsten L\u00f6sungen. Designklassiker des 20. Jahrhunderts vereinen \u00c4sthetik, Funktionalit\u00e4t und historischen Wert. Ikonische St\u00fchle, Vintage-Lampen und modernistische Wohnaccessoires helfen Ihnen dabei, R\u00e4ume zu schaffen, die eine Geschichte erz\u00e4hlen. Indem Sie historische Designobjekte in moderne Wohnkonzepte integrieren, durchbrechen Sie die Monotonie standardisierter Einrichtungen und werten jeden Raum gezielt auf. Wenn Sie sich f\u00fcr M\u00f6bel und Designobjekte des 20. Jahrhunderts entscheiden, investierenRead More &rarr;\" \/>\n<meta property=\"og:url\" content=\"https:\/\/www.demosmobilia.ch\/de\/product\/minimalistischer-spiegel-mit-transparentem-rahmen\/\" \/>\n<meta property=\"og:site_name\" content=\"demosmobilia\" \/>\n<meta property=\"article:publisher\" content=\"https:\/\/www.facebook.com\/Demos-Mobilia-1137017453131445\/\" \/>\n<meta property=\"og:image\" content=\"https:\/\/www.demosmobilia.ch\/wp-content\/uploads\/2026\/04\/fontana-arte-mirror-1960-italian-design-gio-ponti-01.jpg\" \/>\n\t<meta property=\"og:image:width\" content=\"1200\" \/>\n\t<meta property=\"og:image:height\" content=\"900\" \/>\n\t<meta property=\"og:image:type\" content=\"image\/jpeg\" \/>\n<meta name=\"twitter:card\" content=\"summary_large_image\" \/>\n<meta name=\"twitter:label1\" content=\"Gesch\u00e4tzte Lesezeit\" \/>\n\t<meta name=\"twitter:data1\" content=\"1\u00a0Minute\" \/>\n<script type=\"application\/ld+json\" class=\"yoast-schema-graph\">{\"@context\":\"https:\/\/schema.org\",\"@graph\":[{\"@type\":\"WebPage\",\"@id\":\"https:\/\/www.demosmobilia.ch\/de\/product\/minimalistischer-spiegel-mit-transparentem-rahmen\/\",\"url\":\"https:\/\/www.demosmobilia.ch\/de\/product\/minimalistischer-spiegel-mit-transparentem-rahmen\/\",\"name\":\"Minimalistischer Spiegel mit transparentem Rahmen &#8211; demosmobilia\",\"isPartOf\":{\"@id\":\"https:\/\/www.demosmobilia.ch\/de\/#website\"},\"primaryImageOfPage\":{\"@id\":\"https:\/\/www.demosmobilia.ch\/de\/product\/minimalistischer-spiegel-mit-transparentem-rahmen\/#primaryimage\"},\"image\":{\"@id\":\"https:\/\/www.demosmobilia.ch\/de\/product\/minimalistischer-spiegel-mit-transparentem-rahmen\/#primaryimage\"},\"thumbnailUrl\":\"https:\/\/www.demosmobilia.ch\/wp-content\/uploads\/2026\/04\/fontana-arte-mirror-1960-italian-design-gio-ponti-01.jpg\",\"datePublished\":\"2026-04-22T12:00:20+00:00\",\"dateModified\":\"2026-04-22T12:00:20+00:00\",\"breadcrumb\":{\"@id\":\"https:\/\/www.demosmobilia.ch\/de\/product\/minimalistischer-spiegel-mit-transparentem-rahmen\/#breadcrumb\"},\"inLanguage\":\"de\",\"potentialAction\":[{\"@type\":\"ReadAction\",\"target\":[\"https:\/\/www.demosmobilia.ch\/de\/product\/minimalistischer-spiegel-mit-transparentem-rahmen\/\"]}]},{\"@type\":\"ImageObject\",\"inLanguage\":\"de\",\"@id\":\"https:\/\/www.demosmobilia.ch\/de\/product\/minimalistischer-spiegel-mit-transparentem-rahmen\/#primaryimage\",\"url\":\"https:\/\/www.demosmobilia.ch\/wp-content\/uploads\/2026\/04\/fontana-arte-mirror-1960-italian-design-gio-ponti-01.jpg\",\"contentUrl\":\"https:\/\/www.demosmobilia.ch\/wp-content\/uploads\/2026\/04\/fontana-arte-mirror-1960-italian-design-gio-ponti-01.jpg\",\"width\":1200,\"height\":900},{\"@type\":\"BreadcrumbList\",\"@id\":\"https:\/\/www.demosmobilia.ch\/de\/product\/minimalistischer-spiegel-mit-transparentem-rahmen\/#breadcrumb\",\"itemListElement\":[{\"@type\":\"ListItem\",\"position\":1,\"name\":\"Home\",\"item\":\"https:\/\/www.demosmobilia.ch\/de\/\"},{\"@type\":\"ListItem\",\"position\":2,\"name\":\"Produkte\",\"item\":\"https:\/\/www.demosmobilia.ch\/de\/shop\/\"},{\"@type\":\"ListItem\",\"position\":3,\"name\":\"Minimalistischer Spiegel mit transparentem Rahmen\"}]},{\"@type\":\"WebSite\",\"@id\":\"https:\/\/www.demosmobilia.ch\/de\/#website\",\"url\":\"https:\/\/www.demosmobilia.ch\/de\/\",\"name\":\"demosmobilia\",\"description\":\"Vintage Mid Century Modern Design Furniture from the &#039;30s to the &#039;80s\",\"publisher\":{\"@id\":\"https:\/\/www.demosmobilia.ch\/de\/#organization\"},\"potentialAction\":[{\"@type\":\"SearchAction\",\"target\":{\"@type\":\"EntryPoint\",\"urlTemplate\":\"https:\/\/www.demosmobilia.ch\/de\/?s={search_term_string}\"},\"query-input\":{\"@type\":\"PropertyValueSpecification\",\"valueRequired\":true,\"valueName\":\"search_term_string\"}}],\"inLanguage\":\"de\"},{\"@type\":\"Organization\",\"@id\":\"https:\/\/www.demosmobilia.ch\/de\/#organization\",\"name\":\"demosmobilia\",\"url\":\"https:\/\/www.demosmobilia.ch\/de\/\",\"logo\":{\"@type\":\"ImageObject\",\"inLanguage\":\"de\",\"@id\":\"https:\/\/www.demosmobilia.ch\/de\/#\/schema\/logo\/image\/\",\"url\":\"https:\/\/www.demosmobilia.ch\/wp-content\/uploads\/2020\/07\/demosmobilia-logo-2020-230-160.png\",\"contentUrl\":\"https:\/\/www.demosmobilia.ch\/wp-content\/uploads\/2020\/07\/demosmobilia-logo-2020-230-160.png\",\"width\":230,\"height\":160,\"caption\":\"demosmobilia\"},\"image\":{\"@id\":\"https:\/\/www.demosmobilia.ch\/de\/#\/schema\/logo\/image\/\"},\"sameAs\":[\"https:\/\/www.facebook.com\/Demos-Mobilia-1137017453131445\/\",\"https:\/\/www.instagram.com\/demosmobilia\/\"]}]}<\/script>\n<!-- \/ Yoast SEO plugin. -->","yoast_head_json":{"title":"Minimalistischer Spiegel mit transparentem Rahmen &#8211; demosmobilia","robots":{"index":"index","follow":"follow","max-snippet":"max-snippet:-1","max-image-preview":"max-image-preview:large","max-video-preview":"max-video-preview:-1"},"canonical":"https:\/\/www.demosmobilia.ch\/de\/product\/minimalistischer-spiegel-mit-transparentem-rahmen\/","og_locale":"de_DE","og_type":"article","og_title":"Minimalistischer Spiegel mit transparentem Rahmen &#8211; demosmobilia","og_description":"Die Integration von Designobjekten des 20. Jahrhunderts in Ihre Einrichtung ist eine strategische Entscheidung, wenn Sie ein einzigartiges und unverwechselbares Zuhause gestalten m\u00f6chten. Immer mehr Menschen suchen nach M\u00f6glichkeiten, sich im Interior Design abzuheben \u2013 und das Design des 20. Jahrhunderts bietet daf\u00fcr eine der effektivsten L\u00f6sungen. Designklassiker des 20. Jahrhunderts vereinen \u00c4sthetik, Funktionalit\u00e4t und historischen Wert. Ikonische St\u00fchle, Vintage-Lampen und modernistische Wohnaccessoires helfen Ihnen dabei, R\u00e4ume zu schaffen, die eine Geschichte erz\u00e4hlen. Indem Sie historische Designobjekte in moderne Wohnkonzepte integrieren, durchbrechen Sie die Monotonie standardisierter Einrichtungen und werten jeden Raum gezielt auf. Wenn Sie sich f\u00fcr M\u00f6bel und Designobjekte des 20. Jahrhunderts entscheiden, investierenRead More &rarr;","og_url":"https:\/\/www.demosmobilia.ch\/de\/product\/minimalistischer-spiegel-mit-transparentem-rahmen\/","og_site_name":"demosmobilia","article_publisher":"https:\/\/www.facebook.com\/Demos-Mobilia-1137017453131445\/","og_image":[{"width":1200,"height":900,"url":"https:\/\/www.demosmobilia.ch\/wp-content\/uploads\/2026\/04\/fontana-arte-mirror-1960-italian-design-gio-ponti-01.jpg","type":"image\/jpeg"}],"twitter_card":"summary_large_image","twitter_misc":{"Gesch\u00e4tzte Lesezeit":"1\u00a0Minute"},"schema":{"@context":"https:\/\/schema.org","@graph":[{"@type":"WebPage","@id":"https:\/\/www.demosmobilia.ch\/de\/product\/minimalistischer-spiegel-mit-transparentem-rahmen\/","url":"https:\/\/www.demosmobilia.ch\/de\/product\/minimalistischer-spiegel-mit-transparentem-rahmen\/","name":"Minimalistischer Spiegel mit transparentem Rahmen &#8211; demosmobilia","isPartOf":{"@id":"https:\/\/www.demosmobilia.ch\/de\/#website"},"primaryImageOfPage":{"@id":"https:\/\/www.demosmobilia.ch\/de\/product\/minimalistischer-spiegel-mit-transparentem-rahmen\/#primaryimage"},"image":{"@id":"https:\/\/www.demosmobilia.ch\/de\/product\/minimalistischer-spiegel-mit-transparentem-rahmen\/#primaryimage"},"thumbnailUrl":"https:\/\/www.demosmobilia.ch\/wp-content\/uploads\/2026\/04\/fontana-arte-mirror-1960-italian-design-gio-ponti-01.jpg","datePublished":"2026-04-22T12:00:20+00:00","dateModified":"2026-04-22T12:00:20+00:00","breadcrumb":{"@id":"https:\/\/www.demosmobilia.ch\/de\/product\/minimalistischer-spiegel-mit-transparentem-rahmen\/#breadcrumb"},"inLanguage":"de","potentialAction":[{"@type":"ReadAction","target":["https:\/\/www.demosmobilia.ch\/de\/product\/minimalistischer-spiegel-mit-transparentem-rahmen\/"]}]},{"@type":"ImageObject","inLanguage":"de","@id":"https:\/\/www.demosmobilia.ch\/de\/product\/minimalistischer-spiegel-mit-transparentem-rahmen\/#primaryimage","url":"https:\/\/www.demosmobilia.ch\/wp-content\/uploads\/2026\/04\/fontana-arte-mirror-1960-italian-design-gio-ponti-01.jpg","contentUrl":"https:\/\/www.demosmobilia.ch\/wp-content\/uploads\/2026\/04\/fontana-arte-mirror-1960-italian-design-gio-ponti-01.jpg","width":1200,"height":900},{"@type":"BreadcrumbList","@id":"https:\/\/www.demosmobilia.ch\/de\/product\/minimalistischer-spiegel-mit-transparentem-rahmen\/#breadcrumb","itemListElement":[{"@type":"ListItem","position":1,"name":"Home","item":"https:\/\/www.demosmobilia.ch\/de\/"},{"@type":"ListItem","position":2,"name":"Produkte","item":"https:\/\/www.demosmobilia.ch\/de\/shop\/"},{"@type":"ListItem","position":3,"name":"Minimalistischer Spiegel mit transparentem Rahmen"}]},{"@type":"WebSite","@id":"https:\/\/www.demosmobilia.ch\/de\/#website","url":"https:\/\/www.demosmobilia.ch\/de\/","name":"demosmobilia","description":"Vintage Mid Century Modern Design Furniture from the &#039;30s to the &#039;80s","publisher":{"@id":"https:\/\/www.demosmobilia.ch\/de\/#organization"},"potentialAction":[{"@type":"SearchAction","target":{"@type":"EntryPoint","urlTemplate":"https:\/\/www.demosmobilia.ch\/de\/?s={search_term_string}"},"query-input":{"@type":"PropertyValueSpecification","valueRequired":true,"valueName":"search_term_string"}}],"inLanguage":"de"},{"@type":"Organization","@id":"https:\/\/www.demosmobilia.ch\/de\/#organization","name":"demosmobilia","url":"https:\/\/www.demosmobilia.ch\/de\/","logo":{"@type":"ImageObject","inLanguage":"de","@id":"https:\/\/www.demosmobilia.ch\/de\/#\/schema\/logo\/image\/","url":"https:\/\/www.demosmobilia.ch\/wp-content\/uploads\/2020\/07\/demosmobilia-logo-2020-230-160.png","contentUrl":"https:\/\/www.demosmobilia.ch\/wp-content\/uploads\/2020\/07\/demosmobilia-logo-2020-230-160.png","width":230,"height":160,"caption":"demosmobilia"},"image":{"@id":"https:\/\/www.demosmobilia.ch\/de\/#\/schema\/logo\/image\/"},"sameAs":["https:\/\/www.facebook.com\/Demos-Mobilia-1137017453131445\/","https:\/\/www.instagram.com\/demosmobilia\/"]}]}},"_links":{"self":[{"href":"https:\/\/www.demosmobilia.ch\/de\/wp-json\/wp\/v2\/product\/87637","targetHints":{"allow":["GET"]}}],"collection":[{"href":"https:\/\/www.demosmobilia.ch\/de\/wp-json\/wp\/v2\/product"}],"about":[{"href":"https:\/\/www.demosmobilia.ch\/de\/wp-json\/wp\/v2\/types\/product"}],"wp:featuredmedia":[{"embeddable":true,"href":"https:\/\/www.demosmobilia.ch\/de\/wp-json\/wp\/v2\/media\/87609"}],"wp:attachment":[{"href":"https:\/\/www.demosmobilia.ch\/de\/wp-json\/wp\/v2\/media?parent=87637"}],"wp:term":[{"taxonomy":"product_cat","embeddable":true,"href":"https:\/\/www.demosmobilia.ch\/de\/wp-json\/wp\/v2\/product_cat?post=87637"},{"taxonomy":"product_tag","embeddable":true,"href":"https:\/\/www.demosmobilia.ch\/de\/wp-json\/wp\/v2\/product_tag?post=87637"}],"curies":[{"name":"wp","href":"https:\/\/api.w.org\/{rel}","templated":true}]}}