{"id":87601,"date":"2026-04-22T15:00:54","date_gmt":"2026-04-22T13:00:54","guid":{"rendered":"https:\/\/www.demosmobilia.ch\/product\/seltene-erstausgabe-von-wohnbedarf-1950-sessel-mit-armlehnen-modell-cesca-64\/"},"modified":"2026-04-22T15:00:54","modified_gmt":"2026-04-22T13:00:54","slug":"seltene-erstausgabe-von-wohnbedarf-1950-sessel-mit-armlehnen-modell-cesca-64","status":"publish","type":"product","link":"https:\/\/www.demosmobilia.ch\/de\/product\/seltene-erstausgabe-von-wohnbedarf-1950-sessel-mit-armlehnen-modell-cesca-64\/","title":{"rendered":"Seltene Erstausgabe von Wohnbedarf, 1950, Sessel mit Armlehnen, Modell Cesca 64"},"content":{"rendered":"<p data-start=\"49\" data-end=\"429\">Marcel Breuer (1902\u20131981) war eine der zentralen Figuren des modernen Designs im 20. Jahrhundert und ein wichtiger Protagonist der Bauhaus-Bewegung. Seine gestalterische Arbeit ist gepr\u00e4gt von der innovativen Verwendung industrieller Materialien, insbesondere von Stahlrohr, sowie von dem Ziel, funktionale, leichte und zug\u00e4ngliche M\u00f6bel f\u00fcr das moderne Wohnen zu schaffen. <\/p>\n<p data-start=\"431\" data-end=\"815\">Eine seiner ikonischsten Entw\u00fcrfe ist der Cesca-Stuhl, der 1928 entworfen wurde und sp\u00e4ter zu einem weltweiten Symbol des modernen Designs wurde. Der Cesca-Stuhl stellt eine perfekte Synthese aus industrieller Struktur und handwerklicher Verarbeitung dar: Ein verchromtes Stahlrohrgestell tr\u00e4gt Sitzfl\u00e4che und R\u00fcckenlehne aus handgeflochtenem Wiener Geflecht und schafft so ein Gleichgewicht zwischen struktureller Stabilit\u00e4t und visueller Leichtigkeit. <\/p>\n<p data-start=\"817\" data-end=\"1172\">Der Cesca-Stuhl verbreitete sich ab den 1950er- und 1960er-Jahren international durch lizenzierte Produktionen und offizielle Vertriebspartner und wurde zu einer Ikone des Modernismus in Wohnr\u00e4umen, B\u00fcros und \u00f6ffentlichen Einrichtungen. Seine reduzierte und zeitlose \u00c4sthetik macht ihn bis heute zu einem der bekanntesten und begehrtesten Designklassiker des 20. Jahrhunderts. <\/p>\n<p data-start=\"1174\" data-end=\"1437\" data-is-last-node=\"\" data-is-only-node=\"\">Durch Marcel Breuers Vision pr\u00e4gte der Cesca-Stuhl eine neue Designsprache, die auf industrieller Fertigung, Ergonomie und formaler Klarheit basiert, und festigte das Bauhaus als grundlegenden Bezugspunkt f\u00fcr zeitgen\u00f6ssisches Design und das europ\u00e4ische modernistische Erbe.<\/p>\n","protected":false},"excerpt":{"rendered":"<p>Preis f\u00fcr ein St\u00fcck<a class=\"more-link\" href=\"https:\/\/www.demosmobilia.ch\/de\/product\/seltene-erstausgabe-von-wohnbedarf-1950-sessel-mit-armlehnen-modell-cesca-64\/\">Read More &rarr;<\/a><\/p>\n","protected":false},"featured_media":87545,"template":"","meta":{"_monsterinsights_skip_tracking":false,"_monsterinsights_sitenote_active":false,"_monsterinsights_sitenote_note":"","_monsterinsights_sitenote_category":0,"kk_blocks_editor_width":"","_kiokenblocks_attr":"","_kiokenblocks_dimensions":""},"product_cat":[4106,4161],"product_tag":[6870],"class_list":{"0":"entry","1":"author-demosmobilia","2":"has-excerpt","3":"post-87601","4":"product","5":"type-product","6":"status-publish","7":"has-post-thumbnail","8":"product_production-wohnbedarf","9":"product_year-3731","10":"product_nation-deutschland","11":"product_nation-schweiz-de-4","12":"product_cat-neuheiten","13":"product_cat-stuhlen","14":"product_tag-breuer-marcel-de","15":"pa_product_dimension-66-x-58-x-sitzhohe-44-x-gesamthohe-77-cm","16":"pa_product_material-lackiertes-holz-wiener-stroh-stahlrohr","18":"first","19":"instock","20":"shipping-taxable","21":"purchasable","22":"product-type-simple"},"yoast_head":"<!-- This site is optimized with the Yoast SEO plugin v24.0 - https:\/\/yoast.com\/wordpress\/plugins\/seo\/ -->\n<title>Seltene Erstausgabe von Wohnbedarf, 1950, Sessel mit Armlehnen, Modell Cesca 64 &#8211; demosmobilia<\/title>\n<meta name=\"robots\" content=\"index, follow, max-snippet:-1, max-image-preview:large, max-video-preview:-1\" \/>\n<link rel=\"canonical\" href=\"https:\/\/www.demosmobilia.ch\/de\/product\/seltene-erstausgabe-von-wohnbedarf-1950-sessel-mit-armlehnen-modell-cesca-64\/\" \/>\n<meta property=\"og:locale\" content=\"de_DE\" \/>\n<meta property=\"og:type\" content=\"article\" \/>\n<meta property=\"og:title\" content=\"Seltene Erstausgabe von Wohnbedarf, 1950, Sessel mit Armlehnen, Modell Cesca 64 &#8211; demosmobilia\" \/>\n<meta property=\"og:description\" content=\"Preis f\u00fcr ein St\u00fcckRead More &rarr;\" \/>\n<meta property=\"og:url\" content=\"https:\/\/www.demosmobilia.ch\/de\/product\/seltene-erstausgabe-von-wohnbedarf-1950-sessel-mit-armlehnen-modell-cesca-64\/\" \/>\n<meta property=\"og:site_name\" content=\"demosmobilia\" \/>\n<meta property=\"article:publisher\" content=\"https:\/\/www.facebook.com\/Demos-Mobilia-1137017453131445\/\" \/>\n<meta property=\"og:image\" content=\"https:\/\/www.demosmobilia.ch\/wp-content\/uploads\/2026\/04\/cesca-B64-armchairs-marcel-breuer-wohnbedarf-production-1928-01.jpg\" \/>\n\t<meta property=\"og:image:width\" content=\"1200\" \/>\n\t<meta property=\"og:image:height\" content=\"900\" \/>\n\t<meta property=\"og:image:type\" content=\"image\/jpeg\" \/>\n<meta name=\"twitter:card\" content=\"summary_large_image\" \/>\n<meta name=\"twitter:label1\" content=\"Gesch\u00e4tzte Lesezeit\" \/>\n\t<meta name=\"twitter:data1\" content=\"1\u00a0Minute\" \/>\n<script type=\"application\/ld+json\" class=\"yoast-schema-graph\">{\"@context\":\"https:\/\/schema.org\",\"@graph\":[{\"@type\":\"WebPage\",\"@id\":\"https:\/\/www.demosmobilia.ch\/de\/product\/seltene-erstausgabe-von-wohnbedarf-1950-sessel-mit-armlehnen-modell-cesca-64\/\",\"url\":\"https:\/\/www.demosmobilia.ch\/de\/product\/seltene-erstausgabe-von-wohnbedarf-1950-sessel-mit-armlehnen-modell-cesca-64\/\",\"name\":\"Seltene Erstausgabe von Wohnbedarf, 1950, Sessel mit Armlehnen, Modell Cesca 64 &#8211; demosmobilia\",\"isPartOf\":{\"@id\":\"https:\/\/www.demosmobilia.ch\/de\/#website\"},\"primaryImageOfPage\":{\"@id\":\"https:\/\/www.demosmobilia.ch\/de\/product\/seltene-erstausgabe-von-wohnbedarf-1950-sessel-mit-armlehnen-modell-cesca-64\/#primaryimage\"},\"image\":{\"@id\":\"https:\/\/www.demosmobilia.ch\/de\/product\/seltene-erstausgabe-von-wohnbedarf-1950-sessel-mit-armlehnen-modell-cesca-64\/#primaryimage\"},\"thumbnailUrl\":\"https:\/\/www.demosmobilia.ch\/wp-content\/uploads\/2026\/04\/cesca-B64-armchairs-marcel-breuer-wohnbedarf-production-1928-01.jpg\",\"datePublished\":\"2026-04-22T13:00:54+00:00\",\"dateModified\":\"2026-04-22T13:00:54+00:00\",\"breadcrumb\":{\"@id\":\"https:\/\/www.demosmobilia.ch\/de\/product\/seltene-erstausgabe-von-wohnbedarf-1950-sessel-mit-armlehnen-modell-cesca-64\/#breadcrumb\"},\"inLanguage\":\"de\",\"potentialAction\":[{\"@type\":\"ReadAction\",\"target\":[\"https:\/\/www.demosmobilia.ch\/de\/product\/seltene-erstausgabe-von-wohnbedarf-1950-sessel-mit-armlehnen-modell-cesca-64\/\"]}]},{\"@type\":\"ImageObject\",\"inLanguage\":\"de\",\"@id\":\"https:\/\/www.demosmobilia.ch\/de\/product\/seltene-erstausgabe-von-wohnbedarf-1950-sessel-mit-armlehnen-modell-cesca-64\/#primaryimage\",\"url\":\"https:\/\/www.demosmobilia.ch\/wp-content\/uploads\/2026\/04\/cesca-B64-armchairs-marcel-breuer-wohnbedarf-production-1928-01.jpg\",\"contentUrl\":\"https:\/\/www.demosmobilia.ch\/wp-content\/uploads\/2026\/04\/cesca-B64-armchairs-marcel-breuer-wohnbedarf-production-1928-01.jpg\",\"width\":1200,\"height\":900},{\"@type\":\"BreadcrumbList\",\"@id\":\"https:\/\/www.demosmobilia.ch\/de\/product\/seltene-erstausgabe-von-wohnbedarf-1950-sessel-mit-armlehnen-modell-cesca-64\/#breadcrumb\",\"itemListElement\":[{\"@type\":\"ListItem\",\"position\":1,\"name\":\"Home\",\"item\":\"https:\/\/www.demosmobilia.ch\/de\/\"},{\"@type\":\"ListItem\",\"position\":2,\"name\":\"Produkte\",\"item\":\"https:\/\/www.demosmobilia.ch\/de\/shop\/\"},{\"@type\":\"ListItem\",\"position\":3,\"name\":\"Seltene Erstausgabe von Wohnbedarf, 1950, Sessel mit Armlehnen, Modell Cesca 64\"}]},{\"@type\":\"WebSite\",\"@id\":\"https:\/\/www.demosmobilia.ch\/de\/#website\",\"url\":\"https:\/\/www.demosmobilia.ch\/de\/\",\"name\":\"demosmobilia\",\"description\":\"Vintage Mid Century Modern Design Furniture from the &#039;30s to the &#039;80s\",\"publisher\":{\"@id\":\"https:\/\/www.demosmobilia.ch\/de\/#organization\"},\"potentialAction\":[{\"@type\":\"SearchAction\",\"target\":{\"@type\":\"EntryPoint\",\"urlTemplate\":\"https:\/\/www.demosmobilia.ch\/de\/?s={search_term_string}\"},\"query-input\":{\"@type\":\"PropertyValueSpecification\",\"valueRequired\":true,\"valueName\":\"search_term_string\"}}],\"inLanguage\":\"de\"},{\"@type\":\"Organization\",\"@id\":\"https:\/\/www.demosmobilia.ch\/de\/#organization\",\"name\":\"demosmobilia\",\"url\":\"https:\/\/www.demosmobilia.ch\/de\/\",\"logo\":{\"@type\":\"ImageObject\",\"inLanguage\":\"de\",\"@id\":\"https:\/\/www.demosmobilia.ch\/de\/#\/schema\/logo\/image\/\",\"url\":\"https:\/\/www.demosmobilia.ch\/wp-content\/uploads\/2020\/07\/demosmobilia-logo-2020-230-160.png\",\"contentUrl\":\"https:\/\/www.demosmobilia.ch\/wp-content\/uploads\/2020\/07\/demosmobilia-logo-2020-230-160.png\",\"width\":230,\"height\":160,\"caption\":\"demosmobilia\"},\"image\":{\"@id\":\"https:\/\/www.demosmobilia.ch\/de\/#\/schema\/logo\/image\/\"},\"sameAs\":[\"https:\/\/www.facebook.com\/Demos-Mobilia-1137017453131445\/\",\"https:\/\/www.instagram.com\/demosmobilia\/\"]}]}<\/script>\n<!-- \/ Yoast SEO plugin. -->","yoast_head_json":{"title":"Seltene Erstausgabe von Wohnbedarf, 1950, Sessel mit Armlehnen, Modell Cesca 64 &#8211; demosmobilia","robots":{"index":"index","follow":"follow","max-snippet":"max-snippet:-1","max-image-preview":"max-image-preview:large","max-video-preview":"max-video-preview:-1"},"canonical":"https:\/\/www.demosmobilia.ch\/de\/product\/seltene-erstausgabe-von-wohnbedarf-1950-sessel-mit-armlehnen-modell-cesca-64\/","og_locale":"de_DE","og_type":"article","og_title":"Seltene Erstausgabe von Wohnbedarf, 1950, Sessel mit Armlehnen, Modell Cesca 64 &#8211; demosmobilia","og_description":"Preis f\u00fcr ein St\u00fcckRead More &rarr;","og_url":"https:\/\/www.demosmobilia.ch\/de\/product\/seltene-erstausgabe-von-wohnbedarf-1950-sessel-mit-armlehnen-modell-cesca-64\/","og_site_name":"demosmobilia","article_publisher":"https:\/\/www.facebook.com\/Demos-Mobilia-1137017453131445\/","og_image":[{"width":1200,"height":900,"url":"https:\/\/www.demosmobilia.ch\/wp-content\/uploads\/2026\/04\/cesca-B64-armchairs-marcel-breuer-wohnbedarf-production-1928-01.jpg","type":"image\/jpeg"}],"twitter_card":"summary_large_image","twitter_misc":{"Gesch\u00e4tzte Lesezeit":"1\u00a0Minute"},"schema":{"@context":"https:\/\/schema.org","@graph":[{"@type":"WebPage","@id":"https:\/\/www.demosmobilia.ch\/de\/product\/seltene-erstausgabe-von-wohnbedarf-1950-sessel-mit-armlehnen-modell-cesca-64\/","url":"https:\/\/www.demosmobilia.ch\/de\/product\/seltene-erstausgabe-von-wohnbedarf-1950-sessel-mit-armlehnen-modell-cesca-64\/","name":"Seltene Erstausgabe von Wohnbedarf, 1950, Sessel mit Armlehnen, Modell Cesca 64 &#8211; demosmobilia","isPartOf":{"@id":"https:\/\/www.demosmobilia.ch\/de\/#website"},"primaryImageOfPage":{"@id":"https:\/\/www.demosmobilia.ch\/de\/product\/seltene-erstausgabe-von-wohnbedarf-1950-sessel-mit-armlehnen-modell-cesca-64\/#primaryimage"},"image":{"@id":"https:\/\/www.demosmobilia.ch\/de\/product\/seltene-erstausgabe-von-wohnbedarf-1950-sessel-mit-armlehnen-modell-cesca-64\/#primaryimage"},"thumbnailUrl":"https:\/\/www.demosmobilia.ch\/wp-content\/uploads\/2026\/04\/cesca-B64-armchairs-marcel-breuer-wohnbedarf-production-1928-01.jpg","datePublished":"2026-04-22T13:00:54+00:00","dateModified":"2026-04-22T13:00:54+00:00","breadcrumb":{"@id":"https:\/\/www.demosmobilia.ch\/de\/product\/seltene-erstausgabe-von-wohnbedarf-1950-sessel-mit-armlehnen-modell-cesca-64\/#breadcrumb"},"inLanguage":"de","potentialAction":[{"@type":"ReadAction","target":["https:\/\/www.demosmobilia.ch\/de\/product\/seltene-erstausgabe-von-wohnbedarf-1950-sessel-mit-armlehnen-modell-cesca-64\/"]}]},{"@type":"ImageObject","inLanguage":"de","@id":"https:\/\/www.demosmobilia.ch\/de\/product\/seltene-erstausgabe-von-wohnbedarf-1950-sessel-mit-armlehnen-modell-cesca-64\/#primaryimage","url":"https:\/\/www.demosmobilia.ch\/wp-content\/uploads\/2026\/04\/cesca-B64-armchairs-marcel-breuer-wohnbedarf-production-1928-01.jpg","contentUrl":"https:\/\/www.demosmobilia.ch\/wp-content\/uploads\/2026\/04\/cesca-B64-armchairs-marcel-breuer-wohnbedarf-production-1928-01.jpg","width":1200,"height":900},{"@type":"BreadcrumbList","@id":"https:\/\/www.demosmobilia.ch\/de\/product\/seltene-erstausgabe-von-wohnbedarf-1950-sessel-mit-armlehnen-modell-cesca-64\/#breadcrumb","itemListElement":[{"@type":"ListItem","position":1,"name":"Home","item":"https:\/\/www.demosmobilia.ch\/de\/"},{"@type":"ListItem","position":2,"name":"Produkte","item":"https:\/\/www.demosmobilia.ch\/de\/shop\/"},{"@type":"ListItem","position":3,"name":"Seltene Erstausgabe von Wohnbedarf, 1950, Sessel mit Armlehnen, Modell Cesca 64"}]},{"@type":"WebSite","@id":"https:\/\/www.demosmobilia.ch\/de\/#website","url":"https:\/\/www.demosmobilia.ch\/de\/","name":"demosmobilia","description":"Vintage Mid Century Modern Design Furniture from the &#039;30s to the &#039;80s","publisher":{"@id":"https:\/\/www.demosmobilia.ch\/de\/#organization"},"potentialAction":[{"@type":"SearchAction","target":{"@type":"EntryPoint","urlTemplate":"https:\/\/www.demosmobilia.ch\/de\/?s={search_term_string}"},"query-input":{"@type":"PropertyValueSpecification","valueRequired":true,"valueName":"search_term_string"}}],"inLanguage":"de"},{"@type":"Organization","@id":"https:\/\/www.demosmobilia.ch\/de\/#organization","name":"demosmobilia","url":"https:\/\/www.demosmobilia.ch\/de\/","logo":{"@type":"ImageObject","inLanguage":"de","@id":"https:\/\/www.demosmobilia.ch\/de\/#\/schema\/logo\/image\/","url":"https:\/\/www.demosmobilia.ch\/wp-content\/uploads\/2020\/07\/demosmobilia-logo-2020-230-160.png","contentUrl":"https:\/\/www.demosmobilia.ch\/wp-content\/uploads\/2020\/07\/demosmobilia-logo-2020-230-160.png","width":230,"height":160,"caption":"demosmobilia"},"image":{"@id":"https:\/\/www.demosmobilia.ch\/de\/#\/schema\/logo\/image\/"},"sameAs":["https:\/\/www.facebook.com\/Demos-Mobilia-1137017453131445\/","https:\/\/www.instagram.com\/demosmobilia\/"]}]}},"_links":{"self":[{"href":"https:\/\/www.demosmobilia.ch\/de\/wp-json\/wp\/v2\/product\/87601","targetHints":{"allow":["GET"]}}],"collection":[{"href":"https:\/\/www.demosmobilia.ch\/de\/wp-json\/wp\/v2\/product"}],"about":[{"href":"https:\/\/www.demosmobilia.ch\/de\/wp-json\/wp\/v2\/types\/product"}],"wp:featuredmedia":[{"embeddable":true,"href":"https:\/\/www.demosmobilia.ch\/de\/wp-json\/wp\/v2\/media\/87545"}],"wp:attachment":[{"href":"https:\/\/www.demosmobilia.ch\/de\/wp-json\/wp\/v2\/media?parent=87601"}],"wp:term":[{"taxonomy":"product_cat","embeddable":true,"href":"https:\/\/www.demosmobilia.ch\/de\/wp-json\/wp\/v2\/product_cat?post=87601"},{"taxonomy":"product_tag","embeddable":true,"href":"https:\/\/www.demosmobilia.ch\/de\/wp-json\/wp\/v2\/product_tag?post=87601"}],"curies":[{"name":"wp","href":"https:\/\/api.w.org\/{rel}","templated":true}]}}