{"id":87440,"date":"2026-04-28T12:00:24","date_gmt":"2026-04-28T10:00:24","guid":{"rendered":"https:\/\/www.demosmobilia.ch\/product\/brutalistischer-kronleuchter-modell-grappolo-ls10-large\/"},"modified":"2026-04-28T12:00:24","modified_gmt":"2026-04-28T10:00:24","slug":"brutalistischer-kronleuchter-modell-grappolo-ls10-large","status":"publish","type":"product","link":"https:\/\/www.demosmobilia.ch\/de\/product\/brutalistischer-kronleuchter-modell-grappolo-ls10-large\/","title":{"rendered":"Brutalistischer Kronleuchter, Modell Grappolo LS10 Large"},"content":{"rendered":"<div class=\"flex max-w-full flex-col gap-4 grow\">\n<div class=\"min-h-8 text-message relative flex w-full flex-col items-end gap-2 text-start break-words whitespace-normal outline-none keyboard-focused:focus-ring [.text-message+&amp;]:mt-1\" dir=\"auto\" tabindex=\"0\" data-message-author-role=\"assistant\" data-message-id=\"68d772b7-0642-42a7-9a7f-4631d1e3c104\" data-message-model-slug=\"gpt-5-3-mini\" data-turn-start-message=\"true\">\n<div class=\"flex w-full flex-col gap-1 empty:hidden\">\n<div class=\"markdown prose dark:prose-invert w-full wrap-break-word light markdown-new-styling\">\n<p data-start=\"54\" data-end=\"451\">Luigi Caccia Dominioni (1913\u20132016) war eine zentrale Figur der italienischen Architektur und des Designs der Nachkriegszeit und bekannt f\u00fcr seinen rigorosen, eleganten und zutiefst funktionalen Ansatz. Seine Entwurfsphilosophie zeichnet sich durch die Balance zwischen Mail\u00e4nder Tradition, technischer Innovation und gro\u00dfer Detailgenauigkeit aus \u2013 Elemente, die die Sprache des zeitgen\u00f6ssischen italienischen Designs ma\u00dfgeblich gepr\u00e4gt haben. <\/p>\n<p data-start=\"453\" data-end=\"818\">Im Jahr 1947 gr\u00fcndete er in Mailand Azucena, eine Marke, die sich zu einer internationalen Referenz im Bereich hochwertiger M\u00f6bel und Designobjekte entwickeln sollte. Azucena wurde mit dem Ziel gegr\u00fcndet, essentielle, aber zugleich anspruchsvolle Objekte und M\u00f6bel zu produzieren, gepr\u00e4gt von klaren Linien, hochwertigen Materialien und einer ausgepr\u00e4gten handwerklichen Qualit\u00e4t. <\/p>\n<p data-start=\"820\" data-end=\"1258\">Zu seinen ikonischsten Entw\u00fcrfen z\u00e4hlt der Kronleuchter Grappolo in seiner seltenen und besonders begehrten gro\u00dfen Version mit 4 Glaskugeln. Dieses Design stellt eine perfekte Synthese aus Form und Funktion dar, mit einer \u00c4sthetik, die aufgrund ihrer reduzierten, direkten und frei von \u00fcberfl\u00fcssiger Ornamentik gehaltenen Struktur als brutalistisch interpretiert werden kann. Gleichzeitig wirkt es durch die geometrische Klarheit und die skulpturale Pr\u00e4senz \u00e4u\u00dferst zeitgem\u00e4\u00df.  <\/p>\n<p data-start=\"1260\" data-end=\"1707\">Der Grappolo zeichnet sich durch eine ausgewogene Konstruktion aus Metallstruktur und Glasdiffusoren aus, die ein weiches, aber zugleich architektonisches Licht erzeugt und mit dem Raum subtil, aber wirkungsvoll interagiert. Die Version mit 4 Kugeln gilt aufgrund ihrer limitierten Produktion und der Seltenheit original erhaltener Exemplare als \u00e4u\u00dferst selten auf dem Markt und ist daher ein begehrtes Sammlerst\u00fcck f\u00fcr Architekten und Interior Designer. <\/p>\n<p data-start=\"1709\" data-end=\"2032\">Die Entw\u00fcrfe von Luigi Caccia Dominioni f\u00fcr Azucena, darunter Sitzm\u00f6bel, Leuchten und dekorative Objekte, gelten bis heute als Referenz im italienischen Autoren-Design. Seine Designsprache verbindet Funktionalit\u00e4t mit Raffinesse und macht jedes St\u00fcck sowohl f\u00fcr Wohnr\u00e4ume als auch f\u00fcr hochwertige Contract-Projekte geeignet. <\/p>\n<p data-start=\"2034\" data-end=\"2216\">Durch die konsequente Verbindung von Architektur und Design steht Azucena als Symbol f\u00fcr Made in Italy und verk\u00f6rpert eine zur\u00fcckhaltende, strukturelle und zeitlose Eleganz, die international gesch\u00e4tzt wird.<\/p>\n<hr data-start=\"2218\" data-end=\"2221\" data-is-last-node=\"\" data-is-only-node=\"\">\n<\/div>\n<\/div>\n<\/div>\n<\/div>\n<div class=\"z-0 flex min-h-[46px] justify-start\"><\/div>\n<div class=\"relative basis-auto flex-col -mb-(--composer-overlap-px) pb-(--composer-overlap-px) [--composer-overlap-px:28px] grow flex\">\n<div class=\"flex flex-col text-sm\">\n<div class=\"pointer-events-none -mt-px h-px translate-y-[calc(var(--scroll-root-safe-area-inset-bottom)-14*var(--spacing))]\" aria-hidden=\"true\"><\/div>\n<div class=\"pointer-events-none translate-y-(--scroll-root-safe-area-inset-bottom) R6Vx5W_threadScrollVars min-h-(--gutter-remaining-height,0px) group-data-stream-active\/scroll-root:h-[calc(var(--thread-response-height)-16*var(--spacing))]\"><\/div>\n<\/div>\n<\/div>\n<div id=\"thread-bottom-container\" class=\"sticky bottom-0 z-10 group\/thread-bottom-container relative isolate w-full basis-auto has-data-has-thread-error:pt-2 has-data-has-thread-error:[box-shadow:var(--sharp-edge-bottom-shadow)] md:border-transparent md:pt-0 dark:border-white\/20 md:dark:border-transparent print:hidden content-fade single-line flex flex-col\">\n<div class=\"relative mx-auto h-0\">\n<div class=\"flex h-0 items-end justify-center motion-safe:transition-all motion-safe:delay-300 motion-safe:duration-300 group-[:not([data-scroll-from-end])]\/scroll-root:scale-50 group-[:not([data-scroll-from-end])]\/scroll-root:translate-y-2 group-[:not([data-scroll-from-end])]\/scroll-root:opacity-0 group-[:not([data-scroll-from-end])]\/scroll-root:pointer-events-none group-[:not([data-scroll-from-end])]\/scroll-root:duration-100 group-[:not([data-scroll-from-end])]\/scroll-root:delay-0 absolute start-1\/2 z-10 -translate-x-1\/2 bottom-[calc(100%+6*var(--spacing)+var(--thread-scroll-to-bottom-banner-offset,0px))]\"><\/div>\n<\/div>\n<\/div>\n<div>\n<div class=\"text-base mx-auto [--thread-content-margin:var(--thread-content-margin-xs,calc(var(--spacing)*4))] @w-sm\/main:[--thread-content-margin:var(--thread-content-margin-sm,calc(var(--spacing)*6))] @w-lg\/main:[--thread-content-margin:var(--thread-content-margin-lg,calc(var(--spacing)*16))] px-(--thread-content-margin)\">\n<div>\n<div class=\"[--thread-content-max-width:40rem] @w-lg\/main:[--thread-content-max-width:48rem] mx-auto max-w-(--thread-content-max-width) flex-1 mb-[var(--thread-component-gap,1rem)]\">\n<div class=\"flex justify-center empty:hidden\"><\/div>\n<div class=\"pointer-events-auto relative z-1 flex h-(--composer-container-height,100%) max-w-full flex-(--composer-container-flex,1) flex-col\">\n<div class=\"absolute start-0 end-0 bottom-full z-20\"><\/div>\n<form class=\"group\/composer w-full\" data-type=\"unified-composer\">\n<div class=\"hidden\"><input id=\"upload-files\" tabindex=\"-1\" accept=\"image\/png,.png,image\/webp,.webp,image\/jpeg,.jpg,.jpeg,.mpo,image\/gif,.gif\" multiple type=\"file\"><\/div>\n<div class=\"\">\n<div class=\"bg-token-bg-primary dark:bg-token-bg-elevated-primary dark-oled:bg-token-bg-primary corner-superellipse\/1.1 cursor-text overflow-clip bg-clip-padding p-2.5 contain-inline-size motion-safe:transition-colors motion-safe:duration-200 motion-safe:ease-in-out grid grid-cols-[auto_1fr_auto] [grid-template-areas:'header_header_header'_'leading_primary_trailing'_'._footer_.'] group-data-expanded\/composer:[grid-template-areas:'header_header_header'_'primary_primary_primary'_'leading_footer_trailing'] shadow-short-composer\" data-composer-surface=\"true\">\n<div class=\"[grid-area:leading]\"><\/div>\n<\/div>\n<\/div>\n<\/form>\n<\/div>\n<\/div>\n<\/div>\n<\/div>\n<\/div>\n<div class=\"-my-2.5 flex min-h-14 items-center overflow-x-hidden px-1.5 [grid-area:primary] group-data-expanded\/composer:mb-0 group-data-expanded\/composer:px-2.5\">\n<div class=\"wcDTda_prosemirror-parent text-token-text-primary max-h-[max(30svh,5rem)] max-h-52 min-h-[var(--deep-research-composer-extra-height,unset)] flex-1 overflow-auto [scrollbar-width:thin] firefox vertical-scroll-fade-mask\">\n<p><textarea class=\"wcDTda_fallbackTextarea\" name=\"prompt-textarea\" autofocus=\"\" placeholder=\"Fai una domanda\" aria-label=\"Chatta con ChatGPT\" data-virtualkeyboard=\"true\"><\/textarea><\/p>\n<div id=\"prompt-textarea\" class=\"ProseMirror\" role=\"textbox\" contenteditable=\"true\" translate=\"no\" data-virtualkeyboard=\"true\" aria-multiline=\"true\" aria-label=\"Chatta con ChatGPT\"><\/div>\n<\/div>\n<\/div>\n<div class=\"flex items-center gap-2 [grid-area:trailing]\">\n<div class=\"ms-auto flex items-center gap-1.5\">\n<div id=\"_R_6kln64t6akahbqphj31gt6kj5_\" class=\"overflow-visible bg-transparent inset-s-[anchor(center)] inset-e-auto top-[calc(anchor(bottom)+var(--spacing))] bottom-auto h-fit -translate-x-1\/2 [position-try-fallbacks:flip-block] z-50\" role=\"tooltip\" hidden=\"\"><\/div>\n<\/div>\n<\/div>\n<div class=\"min-w-9\" data-testid=\"composer-speech-button-container\">\n<div id=\"_r_6l_\" class=\"overflow-visible bg-transparent inset-s-[anchor(center)] inset-e-auto top-[calc(anchor(bottom)+var(--spacing))] bottom-auto h-fit -translate-x-1\/2 [position-try-fallbacks:flip-block] z-50\" role=\"tooltip\" hidden=\"\"><\/div>\n<div class=\"inline-flex\" aria-describedby=\"_r_6l_\"><\/div>\n<\/div>\n","protected":false},"excerpt":{"rendered":"<p>Luigi Caccia Dominioni (1913\u20132016) war eine zentrale Figur der italienischen Architektur und des Designs der Nachkriegszeit und bekannt f\u00fcr seinen rigorosen, eleganten und zutiefst funktionalen Ansatz. Seine Entwurfsphilosophie zeichnet sich durch die Balance zwischen Mail\u00e4nder Tradition, technischer Innovation und gro\u00dfer Detailgenauigkeit aus \u2013 Elemente, die die Sprache des zeitgen\u00f6ssischen italienischen Designs ma\u00dfgeblich gepr\u00e4gt haben. Im Jahr 1947 gr\u00fcndete er in Mailand Azucena, eine Marke, die sich zu einer internationalen Referenz im Bereich hochwertiger M\u00f6bel und Designobjekte entwickeln sollte. Azucena wurde mit dem Ziel gegr\u00fcndet, essentielle, aber zugleich anspruchsvolle Objekte und M\u00f6bel zu produzieren, gepr\u00e4gt von klaren Linien, hochwertigen Materialien und einer ausgepr\u00e4gten handwerklichen Qualit\u00e4t. Zu<a class=\"more-link\" href=\"https:\/\/www.demosmobilia.ch\/de\/product\/brutalistischer-kronleuchter-modell-grappolo-ls10-large\/\">Read More &rarr;<\/a><\/p>\n","protected":false},"featured_media":87403,"template":"","meta":{"_monsterinsights_skip_tracking":false,"_monsterinsights_sitenote_active":false,"_monsterinsights_sitenote_note":"","_monsterinsights_sitenote_category":0,"kk_blocks_editor_width":"","_kiokenblocks_attr":"","_kiokenblocks_dimensions":""},"product_cat":[4125,4106],"product_tag":[6680],"class_list":{"0":"entry","1":"author-demosmobilia","2":"post-87440","3":"product","4":"type-product","5":"status-publish","6":"has-post-thumbnail","7":"product_production-azucena","8":"product_year-3352","9":"product_nation-italien-de","10":"product_cat-kronleuchtern-deckleuchten-und-spots","11":"product_cat-neuheiten","12":"product_tag-caccia-dominioni-luigi-de","13":"pa_product_dimension-dia-90-x-ht-150-cm","14":"pa_product_material-eisenkette-eisen-mundgeblasenes-glas","16":"first","17":"instock","18":"shipping-taxable","19":"product-type-simple"},"yoast_head":"<!-- This site is optimized with the Yoast SEO plugin v24.0 - https:\/\/yoast.com\/wordpress\/plugins\/seo\/ -->\n<title>Brutalistischer Kronleuchter, Modell Grappolo LS10 Large &#8211; demosmobilia<\/title>\n<meta name=\"robots\" content=\"index, follow, max-snippet:-1, max-image-preview:large, max-video-preview:-1\" \/>\n<link rel=\"canonical\" href=\"https:\/\/www.demosmobilia.ch\/de\/product\/brutalistischer-kronleuchter-modell-grappolo-ls10-large\/\" \/>\n<meta property=\"og:locale\" content=\"de_DE\" \/>\n<meta property=\"og:type\" content=\"article\" \/>\n<meta property=\"og:title\" content=\"Brutalistischer Kronleuchter, Modell Grappolo LS10 Large &#8211; demosmobilia\" \/>\n<meta property=\"og:description\" content=\"Luigi Caccia Dominioni (1913\u20132016) war eine zentrale Figur der italienischen Architektur und des Designs der Nachkriegszeit und bekannt f\u00fcr seinen rigorosen, eleganten und zutiefst funktionalen Ansatz. Seine Entwurfsphilosophie zeichnet sich durch die Balance zwischen Mail\u00e4nder Tradition, technischer Innovation und gro\u00dfer Detailgenauigkeit aus \u2013 Elemente, die die Sprache des zeitgen\u00f6ssischen italienischen Designs ma\u00dfgeblich gepr\u00e4gt haben. Im Jahr 1947 gr\u00fcndete er in Mailand Azucena, eine Marke, die sich zu einer internationalen Referenz im Bereich hochwertiger M\u00f6bel und Designobjekte entwickeln sollte. Azucena wurde mit dem Ziel gegr\u00fcndet, essentielle, aber zugleich anspruchsvolle Objekte und M\u00f6bel zu produzieren, gepr\u00e4gt von klaren Linien, hochwertigen Materialien und einer ausgepr\u00e4gten handwerklichen Qualit\u00e4t. ZuRead More &rarr;\" \/>\n<meta property=\"og:url\" content=\"https:\/\/www.demosmobilia.ch\/de\/product\/brutalistischer-kronleuchter-modell-grappolo-ls10-large\/\" \/>\n<meta property=\"og:site_name\" content=\"demosmobilia\" \/>\n<meta property=\"article:publisher\" content=\"https:\/\/www.facebook.com\/Demos-Mobilia-1137017453131445\/\" \/>\n<meta property=\"og:image\" content=\"https:\/\/www.demosmobilia.ch\/wp-content\/uploads\/2026\/04\/caccia-dominioni-azucena-pendant-light-grappolo-italian-design-light-1960-01.jpg\" \/>\n\t<meta property=\"og:image:width\" content=\"1200\" \/>\n\t<meta property=\"og:image:height\" content=\"900\" \/>\n\t<meta property=\"og:image:type\" content=\"image\/jpeg\" \/>\n<meta name=\"twitter:card\" content=\"summary_large_image\" \/>\n<meta name=\"twitter:label1\" content=\"Gesch\u00e4tzte Lesezeit\" \/>\n\t<meta name=\"twitter:data1\" content=\"2\u00a0Minuten\" \/>\n<script type=\"application\/ld+json\" class=\"yoast-schema-graph\">{\"@context\":\"https:\/\/schema.org\",\"@graph\":[{\"@type\":\"WebPage\",\"@id\":\"https:\/\/www.demosmobilia.ch\/de\/product\/brutalistischer-kronleuchter-modell-grappolo-ls10-large\/\",\"url\":\"https:\/\/www.demosmobilia.ch\/de\/product\/brutalistischer-kronleuchter-modell-grappolo-ls10-large\/\",\"name\":\"Brutalistischer Kronleuchter, Modell Grappolo LS10 Large &#8211; demosmobilia\",\"isPartOf\":{\"@id\":\"https:\/\/www.demosmobilia.ch\/de\/#website\"},\"primaryImageOfPage\":{\"@id\":\"https:\/\/www.demosmobilia.ch\/de\/product\/brutalistischer-kronleuchter-modell-grappolo-ls10-large\/#primaryimage\"},\"image\":{\"@id\":\"https:\/\/www.demosmobilia.ch\/de\/product\/brutalistischer-kronleuchter-modell-grappolo-ls10-large\/#primaryimage\"},\"thumbnailUrl\":\"https:\/\/www.demosmobilia.ch\/wp-content\/uploads\/2026\/04\/caccia-dominioni-azucena-pendant-light-grappolo-italian-design-light-1960-01.jpg\",\"datePublished\":\"2026-04-28T10:00:24+00:00\",\"dateModified\":\"2026-04-28T10:00:24+00:00\",\"breadcrumb\":{\"@id\":\"https:\/\/www.demosmobilia.ch\/de\/product\/brutalistischer-kronleuchter-modell-grappolo-ls10-large\/#breadcrumb\"},\"inLanguage\":\"de\",\"potentialAction\":[{\"@type\":\"ReadAction\",\"target\":[\"https:\/\/www.demosmobilia.ch\/de\/product\/brutalistischer-kronleuchter-modell-grappolo-ls10-large\/\"]}]},{\"@type\":\"ImageObject\",\"inLanguage\":\"de\",\"@id\":\"https:\/\/www.demosmobilia.ch\/de\/product\/brutalistischer-kronleuchter-modell-grappolo-ls10-large\/#primaryimage\",\"url\":\"https:\/\/www.demosmobilia.ch\/wp-content\/uploads\/2026\/04\/caccia-dominioni-azucena-pendant-light-grappolo-italian-design-light-1960-01.jpg\",\"contentUrl\":\"https:\/\/www.demosmobilia.ch\/wp-content\/uploads\/2026\/04\/caccia-dominioni-azucena-pendant-light-grappolo-italian-design-light-1960-01.jpg\",\"width\":1200,\"height\":900},{\"@type\":\"BreadcrumbList\",\"@id\":\"https:\/\/www.demosmobilia.ch\/de\/product\/brutalistischer-kronleuchter-modell-grappolo-ls10-large\/#breadcrumb\",\"itemListElement\":[{\"@type\":\"ListItem\",\"position\":1,\"name\":\"Home\",\"item\":\"https:\/\/www.demosmobilia.ch\/de\/\"},{\"@type\":\"ListItem\",\"position\":2,\"name\":\"Produkte\",\"item\":\"https:\/\/www.demosmobilia.ch\/de\/shop\/\"},{\"@type\":\"ListItem\",\"position\":3,\"name\":\"Brutalistischer Kronleuchter, Modell Grappolo LS10 Large\"}]},{\"@type\":\"WebSite\",\"@id\":\"https:\/\/www.demosmobilia.ch\/de\/#website\",\"url\":\"https:\/\/www.demosmobilia.ch\/de\/\",\"name\":\"demosmobilia\",\"description\":\"Vintage Mid Century Modern Design Furniture from the &#039;30s to the &#039;80s\",\"publisher\":{\"@id\":\"https:\/\/www.demosmobilia.ch\/de\/#organization\"},\"potentialAction\":[{\"@type\":\"SearchAction\",\"target\":{\"@type\":\"EntryPoint\",\"urlTemplate\":\"https:\/\/www.demosmobilia.ch\/de\/?s={search_term_string}\"},\"query-input\":{\"@type\":\"PropertyValueSpecification\",\"valueRequired\":true,\"valueName\":\"search_term_string\"}}],\"inLanguage\":\"de\"},{\"@type\":\"Organization\",\"@id\":\"https:\/\/www.demosmobilia.ch\/de\/#organization\",\"name\":\"demosmobilia\",\"url\":\"https:\/\/www.demosmobilia.ch\/de\/\",\"logo\":{\"@type\":\"ImageObject\",\"inLanguage\":\"de\",\"@id\":\"https:\/\/www.demosmobilia.ch\/de\/#\/schema\/logo\/image\/\",\"url\":\"https:\/\/www.demosmobilia.ch\/wp-content\/uploads\/2020\/07\/demosmobilia-logo-2020-230-160.png\",\"contentUrl\":\"https:\/\/www.demosmobilia.ch\/wp-content\/uploads\/2020\/07\/demosmobilia-logo-2020-230-160.png\",\"width\":230,\"height\":160,\"caption\":\"demosmobilia\"},\"image\":{\"@id\":\"https:\/\/www.demosmobilia.ch\/de\/#\/schema\/logo\/image\/\"},\"sameAs\":[\"https:\/\/www.facebook.com\/Demos-Mobilia-1137017453131445\/\",\"https:\/\/www.instagram.com\/demosmobilia\/\"]}]}<\/script>\n<!-- \/ Yoast SEO plugin. -->","yoast_head_json":{"title":"Brutalistischer Kronleuchter, Modell Grappolo LS10 Large &#8211; demosmobilia","robots":{"index":"index","follow":"follow","max-snippet":"max-snippet:-1","max-image-preview":"max-image-preview:large","max-video-preview":"max-video-preview:-1"},"canonical":"https:\/\/www.demosmobilia.ch\/de\/product\/brutalistischer-kronleuchter-modell-grappolo-ls10-large\/","og_locale":"de_DE","og_type":"article","og_title":"Brutalistischer Kronleuchter, Modell Grappolo LS10 Large &#8211; demosmobilia","og_description":"Luigi Caccia Dominioni (1913\u20132016) war eine zentrale Figur der italienischen Architektur und des Designs der Nachkriegszeit und bekannt f\u00fcr seinen rigorosen, eleganten und zutiefst funktionalen Ansatz. Seine Entwurfsphilosophie zeichnet sich durch die Balance zwischen Mail\u00e4nder Tradition, technischer Innovation und gro\u00dfer Detailgenauigkeit aus \u2013 Elemente, die die Sprache des zeitgen\u00f6ssischen italienischen Designs ma\u00dfgeblich gepr\u00e4gt haben. Im Jahr 1947 gr\u00fcndete er in Mailand Azucena, eine Marke, die sich zu einer internationalen Referenz im Bereich hochwertiger M\u00f6bel und Designobjekte entwickeln sollte. Azucena wurde mit dem Ziel gegr\u00fcndet, essentielle, aber zugleich anspruchsvolle Objekte und M\u00f6bel zu produzieren, gepr\u00e4gt von klaren Linien, hochwertigen Materialien und einer ausgepr\u00e4gten handwerklichen Qualit\u00e4t. ZuRead More &rarr;","og_url":"https:\/\/www.demosmobilia.ch\/de\/product\/brutalistischer-kronleuchter-modell-grappolo-ls10-large\/","og_site_name":"demosmobilia","article_publisher":"https:\/\/www.facebook.com\/Demos-Mobilia-1137017453131445\/","og_image":[{"width":1200,"height":900,"url":"https:\/\/www.demosmobilia.ch\/wp-content\/uploads\/2026\/04\/caccia-dominioni-azucena-pendant-light-grappolo-italian-design-light-1960-01.jpg","type":"image\/jpeg"}],"twitter_card":"summary_large_image","twitter_misc":{"Gesch\u00e4tzte Lesezeit":"2\u00a0Minuten"},"schema":{"@context":"https:\/\/schema.org","@graph":[{"@type":"WebPage","@id":"https:\/\/www.demosmobilia.ch\/de\/product\/brutalistischer-kronleuchter-modell-grappolo-ls10-large\/","url":"https:\/\/www.demosmobilia.ch\/de\/product\/brutalistischer-kronleuchter-modell-grappolo-ls10-large\/","name":"Brutalistischer Kronleuchter, Modell Grappolo LS10 Large &#8211; demosmobilia","isPartOf":{"@id":"https:\/\/www.demosmobilia.ch\/de\/#website"},"primaryImageOfPage":{"@id":"https:\/\/www.demosmobilia.ch\/de\/product\/brutalistischer-kronleuchter-modell-grappolo-ls10-large\/#primaryimage"},"image":{"@id":"https:\/\/www.demosmobilia.ch\/de\/product\/brutalistischer-kronleuchter-modell-grappolo-ls10-large\/#primaryimage"},"thumbnailUrl":"https:\/\/www.demosmobilia.ch\/wp-content\/uploads\/2026\/04\/caccia-dominioni-azucena-pendant-light-grappolo-italian-design-light-1960-01.jpg","datePublished":"2026-04-28T10:00:24+00:00","dateModified":"2026-04-28T10:00:24+00:00","breadcrumb":{"@id":"https:\/\/www.demosmobilia.ch\/de\/product\/brutalistischer-kronleuchter-modell-grappolo-ls10-large\/#breadcrumb"},"inLanguage":"de","potentialAction":[{"@type":"ReadAction","target":["https:\/\/www.demosmobilia.ch\/de\/product\/brutalistischer-kronleuchter-modell-grappolo-ls10-large\/"]}]},{"@type":"ImageObject","inLanguage":"de","@id":"https:\/\/www.demosmobilia.ch\/de\/product\/brutalistischer-kronleuchter-modell-grappolo-ls10-large\/#primaryimage","url":"https:\/\/www.demosmobilia.ch\/wp-content\/uploads\/2026\/04\/caccia-dominioni-azucena-pendant-light-grappolo-italian-design-light-1960-01.jpg","contentUrl":"https:\/\/www.demosmobilia.ch\/wp-content\/uploads\/2026\/04\/caccia-dominioni-azucena-pendant-light-grappolo-italian-design-light-1960-01.jpg","width":1200,"height":900},{"@type":"BreadcrumbList","@id":"https:\/\/www.demosmobilia.ch\/de\/product\/brutalistischer-kronleuchter-modell-grappolo-ls10-large\/#breadcrumb","itemListElement":[{"@type":"ListItem","position":1,"name":"Home","item":"https:\/\/www.demosmobilia.ch\/de\/"},{"@type":"ListItem","position":2,"name":"Produkte","item":"https:\/\/www.demosmobilia.ch\/de\/shop\/"},{"@type":"ListItem","position":3,"name":"Brutalistischer Kronleuchter, Modell Grappolo LS10 Large"}]},{"@type":"WebSite","@id":"https:\/\/www.demosmobilia.ch\/de\/#website","url":"https:\/\/www.demosmobilia.ch\/de\/","name":"demosmobilia","description":"Vintage Mid Century Modern Design Furniture from the &#039;30s to the &#039;80s","publisher":{"@id":"https:\/\/www.demosmobilia.ch\/de\/#organization"},"potentialAction":[{"@type":"SearchAction","target":{"@type":"EntryPoint","urlTemplate":"https:\/\/www.demosmobilia.ch\/de\/?s={search_term_string}"},"query-input":{"@type":"PropertyValueSpecification","valueRequired":true,"valueName":"search_term_string"}}],"inLanguage":"de"},{"@type":"Organization","@id":"https:\/\/www.demosmobilia.ch\/de\/#organization","name":"demosmobilia","url":"https:\/\/www.demosmobilia.ch\/de\/","logo":{"@type":"ImageObject","inLanguage":"de","@id":"https:\/\/www.demosmobilia.ch\/de\/#\/schema\/logo\/image\/","url":"https:\/\/www.demosmobilia.ch\/wp-content\/uploads\/2020\/07\/demosmobilia-logo-2020-230-160.png","contentUrl":"https:\/\/www.demosmobilia.ch\/wp-content\/uploads\/2020\/07\/demosmobilia-logo-2020-230-160.png","width":230,"height":160,"caption":"demosmobilia"},"image":{"@id":"https:\/\/www.demosmobilia.ch\/de\/#\/schema\/logo\/image\/"},"sameAs":["https:\/\/www.facebook.com\/Demos-Mobilia-1137017453131445\/","https:\/\/www.instagram.com\/demosmobilia\/"]}]}},"_links":{"self":[{"href":"https:\/\/www.demosmobilia.ch\/de\/wp-json\/wp\/v2\/product\/87440","targetHints":{"allow":["GET"]}}],"collection":[{"href":"https:\/\/www.demosmobilia.ch\/de\/wp-json\/wp\/v2\/product"}],"about":[{"href":"https:\/\/www.demosmobilia.ch\/de\/wp-json\/wp\/v2\/types\/product"}],"wp:featuredmedia":[{"embeddable":true,"href":"https:\/\/www.demosmobilia.ch\/de\/wp-json\/wp\/v2\/media\/87403"}],"wp:attachment":[{"href":"https:\/\/www.demosmobilia.ch\/de\/wp-json\/wp\/v2\/media?parent=87440"}],"wp:term":[{"taxonomy":"product_cat","embeddable":true,"href":"https:\/\/www.demosmobilia.ch\/de\/wp-json\/wp\/v2\/product_cat?post=87440"},{"taxonomy":"product_tag","embeddable":true,"href":"https:\/\/www.demosmobilia.ch\/de\/wp-json\/wp\/v2\/product_tag?post=87440"}],"curies":[{"name":"wp","href":"https:\/\/api.w.org\/{rel}","templated":true}]}}