{"id":87347,"date":"2026-04-28T13:00:42","date_gmt":"2026-04-28T11:00:42","guid":{"rendered":"https:\/\/www.demosmobilia.ch\/product\/bedeutender-grosser-kronleuchter-modell-1881-durchmesser-90-cm\/"},"modified":"2026-04-28T13:00:42","modified_gmt":"2026-04-28T11:00:42","slug":"bedeutender-grosser-kronleuchter-modell-1881-durchmesser-90-cm","status":"publish","type":"product","link":"https:\/\/www.demosmobilia.ch\/de\/product\/bedeutender-grosser-kronleuchter-modell-1881-durchmesser-90-cm\/","title":{"rendered":"Bedeutender gro\u00dfer Kronleuchter, Modell 1881 (Durchmesser 90 cm)"},"content":{"rendered":"<p data-start=\"63\" data-end=\"516\">Max Ingrand (1908\u20131969) war eine der pr\u00e4genden Figuren des Lichtdesigns im 20. Jahrhundert und bekannt daf\u00fcr, Licht als architektonisches und \u00e4sthetisches Element neu definiert zu haben. Als k\u00fcnstlerischer Leiter von Fontana Arte von 1954 bis 1967 f\u00fchrte er das Unternehmen in eine neue \u00c4ra der Innovation und entwarf ikonische Leuchten, die sich durch Eleganz, Funktionalit\u00e4t und den meisterhaften Einsatz von Glas auszeichnen. <\/p>\n<p data-start=\"518\" data-end=\"1153\">Zu seinen bedeutendsten Entw\u00fcrfen z\u00e4hlt der gro\u00dfe Kronleuchter Modell 1881, ein herausragendes Beispiel f\u00fcr die Designphilosophie von Max Ingrand. Gefertigt aus gebogenem rosafarbenem Glas, vereint dieser Kronleuchter visuelle Leichtigkeit mit einer starken skulpturalen Pr\u00e4senz und erzeugt ein warmes, raffiniertes Licht. Dieses Modell ist \u00e4u\u00dferst selten und stellt in dieser bedeutenden Gr\u00f6\u00dfe von 90 cm ein einzigartiges Exemplar dar, das f\u00fcr Sammler und hochwertige Interior-Design-Projekte von au\u00dfergew\u00f6hnlichem Wert ist. Die Glasverarbeitung \u2013 ein Markenzeichen von Fontana Arte \u2013 unterstreicht die materiellen und farblichen Qualit\u00e4ten des Designs und macht ihn ideal f\u00fcr exklusive Wohn- und Objektbereiche.   <\/p>\n<p data-start=\"1155\" data-end=\"1443\">Fontana Arte, eine traditionsreiche Marke des italienischen Lichtdesigns, gilt heute international als Referenz im High-End-Segment der Beleuchtung. Dank der kreativen Leitung von Max Ingrand entwickelte das Unternehmen eine unverwechselbare Identit\u00e4t, die auf formaler Forschung, handwerklicher Qualit\u00e4t und technologischer Innovation basiert. <\/p>\n","protected":false},"excerpt":{"rendered":"<p>Max Ingrand (1908\u20131969) war eine der pr\u00e4genden Figuren des Lichtdesigns im 20. Jahrhundert und bekannt daf\u00fcr, Licht als architektonisches und \u00e4sthetisches Element neu definiert zu haben. Als k\u00fcnstlerischer Leiter von Fontana Arte von 1954 bis 1967 f\u00fchrte er das Unternehmen in eine neue \u00c4ra der Innovation und entwarf ikonische Leuchten, die sich durch Eleganz, Funktionalit\u00e4t und den meisterhaften Einsatz von Glas auszeichnen. Zu seinen bedeutendsten Entw\u00fcrfen z\u00e4hlt der gro\u00dfe Kronleuchter Modell 1881, ein herausragendes Beispiel f\u00fcr die Designphilosophie von Max Ingrand. Gefertigt aus gebogenem rosafarbenem Glas, vereint dieser Kronleuchter visuelle Leichtigkeit mit einer starken skulpturalen Pr\u00e4senz und erzeugt ein warmes, raffiniertes Licht. Dieses Modell ist<a class=\"more-link\" href=\"https:\/\/www.demosmobilia.ch\/de\/product\/bedeutender-grosser-kronleuchter-modell-1881-durchmesser-90-cm\/\">Read More &rarr;<\/a><\/p>\n","protected":false},"featured_media":87303,"template":"","meta":{"_monsterinsights_skip_tracking":false,"_monsterinsights_sitenote_active":false,"_monsterinsights_sitenote_note":"","_monsterinsights_sitenote_category":0,"kk_blocks_editor_width":"","_kiokenblocks_attr":"","_kiokenblocks_dimensions":""},"product_cat":[4125,4106],"product_tag":[6520],"class_list":{"0":"entry","1":"author-demosmobilia","2":"post-87347","3":"product","4":"type-product","5":"status-publish","6":"has-post-thumbnail","7":"product_production-fontana-arte","8":"product_year-1960-approx","9":"product_nation-italien-de","10":"product_cat-kronleuchtern-deckleuchten-und-spots","11":"product_cat-neuheiten","12":"product_tag-ingrand-max-de","13":"pa_product_dimension-dia-90-x-ht-72-cm","14":"pa_product_material-buntes-geschwungenes-und-mattiertes-rosenglas-geschwungenes-und-mattiertes-glas-messing","16":"first","17":"instock","18":"featured","19":"shipping-taxable","20":"product-type-simple"},"yoast_head":"<!-- This site is optimized with the Yoast SEO plugin v24.0 - https:\/\/yoast.com\/wordpress\/plugins\/seo\/ -->\n<title>Bedeutender gro\u00dfer Kronleuchter, Modell 1881 (Durchmesser 90 cm) &#8211; demosmobilia<\/title>\n<meta name=\"robots\" content=\"index, follow, max-snippet:-1, max-image-preview:large, max-video-preview:-1\" \/>\n<link rel=\"canonical\" href=\"https:\/\/www.demosmobilia.ch\/de\/product\/bedeutender-grosser-kronleuchter-modell-1881-durchmesser-90-cm\/\" \/>\n<meta property=\"og:locale\" content=\"de_DE\" \/>\n<meta property=\"og:type\" content=\"article\" \/>\n<meta property=\"og:title\" content=\"Bedeutender gro\u00dfer Kronleuchter, Modell 1881 (Durchmesser 90 cm) &#8211; demosmobilia\" \/>\n<meta property=\"og:description\" content=\"Max Ingrand (1908\u20131969) war eine der pr\u00e4genden Figuren des Lichtdesigns im 20. Jahrhundert und bekannt daf\u00fcr, Licht als architektonisches und \u00e4sthetisches Element neu definiert zu haben. Als k\u00fcnstlerischer Leiter von Fontana Arte von 1954 bis 1967 f\u00fchrte er das Unternehmen in eine neue \u00c4ra der Innovation und entwarf ikonische Leuchten, die sich durch Eleganz, Funktionalit\u00e4t und den meisterhaften Einsatz von Glas auszeichnen. Zu seinen bedeutendsten Entw\u00fcrfen z\u00e4hlt der gro\u00dfe Kronleuchter Modell 1881, ein herausragendes Beispiel f\u00fcr die Designphilosophie von Max Ingrand. Gefertigt aus gebogenem rosafarbenem Glas, vereint dieser Kronleuchter visuelle Leichtigkeit mit einer starken skulpturalen Pr\u00e4senz und erzeugt ein warmes, raffiniertes Licht. Dieses Modell istRead More &rarr;\" \/>\n<meta property=\"og:url\" content=\"https:\/\/www.demosmobilia.ch\/de\/product\/bedeutender-grosser-kronleuchter-modell-1881-durchmesser-90-cm\/\" \/>\n<meta property=\"og:site_name\" content=\"demosmobilia\" \/>\n<meta property=\"article:publisher\" content=\"https:\/\/www.facebook.com\/Demos-Mobilia-1137017453131445\/\" \/>\n<meta property=\"og:image\" content=\"https:\/\/www.demosmobilia.ch\/wp-content\/uploads\/2026\/04\/max-ingrand-fontana-arte-chandelier-1881-rose-glass-1960-01.jpg\" \/>\n\t<meta property=\"og:image:width\" content=\"1200\" \/>\n\t<meta property=\"og:image:height\" content=\"900\" \/>\n\t<meta property=\"og:image:type\" content=\"image\/jpeg\" \/>\n<meta name=\"twitter:card\" content=\"summary_large_image\" \/>\n<meta name=\"twitter:label1\" content=\"Gesch\u00e4tzte Lesezeit\" \/>\n\t<meta name=\"twitter:data1\" content=\"1\u00a0Minute\" \/>\n<script type=\"application\/ld+json\" class=\"yoast-schema-graph\">{\"@context\":\"https:\/\/schema.org\",\"@graph\":[{\"@type\":\"WebPage\",\"@id\":\"https:\/\/www.demosmobilia.ch\/de\/product\/bedeutender-grosser-kronleuchter-modell-1881-durchmesser-90-cm\/\",\"url\":\"https:\/\/www.demosmobilia.ch\/de\/product\/bedeutender-grosser-kronleuchter-modell-1881-durchmesser-90-cm\/\",\"name\":\"Bedeutender gro\u00dfer Kronleuchter, Modell 1881 (Durchmesser 90 cm) &#8211; demosmobilia\",\"isPartOf\":{\"@id\":\"https:\/\/www.demosmobilia.ch\/de\/#website\"},\"primaryImageOfPage\":{\"@id\":\"https:\/\/www.demosmobilia.ch\/de\/product\/bedeutender-grosser-kronleuchter-modell-1881-durchmesser-90-cm\/#primaryimage\"},\"image\":{\"@id\":\"https:\/\/www.demosmobilia.ch\/de\/product\/bedeutender-grosser-kronleuchter-modell-1881-durchmesser-90-cm\/#primaryimage\"},\"thumbnailUrl\":\"https:\/\/www.demosmobilia.ch\/wp-content\/uploads\/2026\/04\/max-ingrand-fontana-arte-chandelier-1881-rose-glass-1960-01.jpg\",\"datePublished\":\"2026-04-28T11:00:42+00:00\",\"dateModified\":\"2026-04-28T11:00:42+00:00\",\"breadcrumb\":{\"@id\":\"https:\/\/www.demosmobilia.ch\/de\/product\/bedeutender-grosser-kronleuchter-modell-1881-durchmesser-90-cm\/#breadcrumb\"},\"inLanguage\":\"de\",\"potentialAction\":[{\"@type\":\"ReadAction\",\"target\":[\"https:\/\/www.demosmobilia.ch\/de\/product\/bedeutender-grosser-kronleuchter-modell-1881-durchmesser-90-cm\/\"]}]},{\"@type\":\"ImageObject\",\"inLanguage\":\"de\",\"@id\":\"https:\/\/www.demosmobilia.ch\/de\/product\/bedeutender-grosser-kronleuchter-modell-1881-durchmesser-90-cm\/#primaryimage\",\"url\":\"https:\/\/www.demosmobilia.ch\/wp-content\/uploads\/2026\/04\/max-ingrand-fontana-arte-chandelier-1881-rose-glass-1960-01.jpg\",\"contentUrl\":\"https:\/\/www.demosmobilia.ch\/wp-content\/uploads\/2026\/04\/max-ingrand-fontana-arte-chandelier-1881-rose-glass-1960-01.jpg\",\"width\":1200,\"height\":900},{\"@type\":\"BreadcrumbList\",\"@id\":\"https:\/\/www.demosmobilia.ch\/de\/product\/bedeutender-grosser-kronleuchter-modell-1881-durchmesser-90-cm\/#breadcrumb\",\"itemListElement\":[{\"@type\":\"ListItem\",\"position\":1,\"name\":\"Home\",\"item\":\"https:\/\/www.demosmobilia.ch\/de\/\"},{\"@type\":\"ListItem\",\"position\":2,\"name\":\"Produkte\",\"item\":\"https:\/\/www.demosmobilia.ch\/de\/shop\/\"},{\"@type\":\"ListItem\",\"position\":3,\"name\":\"Bedeutender gro\u00dfer Kronleuchter, Modell 1881 (Durchmesser 90 cm)\"}]},{\"@type\":\"WebSite\",\"@id\":\"https:\/\/www.demosmobilia.ch\/de\/#website\",\"url\":\"https:\/\/www.demosmobilia.ch\/de\/\",\"name\":\"demosmobilia\",\"description\":\"Vintage Mid Century Modern Design Furniture from the &#039;30s to the &#039;80s\",\"publisher\":{\"@id\":\"https:\/\/www.demosmobilia.ch\/de\/#organization\"},\"potentialAction\":[{\"@type\":\"SearchAction\",\"target\":{\"@type\":\"EntryPoint\",\"urlTemplate\":\"https:\/\/www.demosmobilia.ch\/de\/?s={search_term_string}\"},\"query-input\":{\"@type\":\"PropertyValueSpecification\",\"valueRequired\":true,\"valueName\":\"search_term_string\"}}],\"inLanguage\":\"de\"},{\"@type\":\"Organization\",\"@id\":\"https:\/\/www.demosmobilia.ch\/de\/#organization\",\"name\":\"demosmobilia\",\"url\":\"https:\/\/www.demosmobilia.ch\/de\/\",\"logo\":{\"@type\":\"ImageObject\",\"inLanguage\":\"de\",\"@id\":\"https:\/\/www.demosmobilia.ch\/de\/#\/schema\/logo\/image\/\",\"url\":\"https:\/\/www.demosmobilia.ch\/wp-content\/uploads\/2020\/07\/demosmobilia-logo-2020-230-160.png\",\"contentUrl\":\"https:\/\/www.demosmobilia.ch\/wp-content\/uploads\/2020\/07\/demosmobilia-logo-2020-230-160.png\",\"width\":230,\"height\":160,\"caption\":\"demosmobilia\"},\"image\":{\"@id\":\"https:\/\/www.demosmobilia.ch\/de\/#\/schema\/logo\/image\/\"},\"sameAs\":[\"https:\/\/www.facebook.com\/Demos-Mobilia-1137017453131445\/\",\"https:\/\/www.instagram.com\/demosmobilia\/\"]}]}<\/script>\n<!-- \/ Yoast SEO plugin. -->","yoast_head_json":{"title":"Bedeutender gro\u00dfer Kronleuchter, Modell 1881 (Durchmesser 90 cm) &#8211; demosmobilia","robots":{"index":"index","follow":"follow","max-snippet":"max-snippet:-1","max-image-preview":"max-image-preview:large","max-video-preview":"max-video-preview:-1"},"canonical":"https:\/\/www.demosmobilia.ch\/de\/product\/bedeutender-grosser-kronleuchter-modell-1881-durchmesser-90-cm\/","og_locale":"de_DE","og_type":"article","og_title":"Bedeutender gro\u00dfer Kronleuchter, Modell 1881 (Durchmesser 90 cm) &#8211; demosmobilia","og_description":"Max Ingrand (1908\u20131969) war eine der pr\u00e4genden Figuren des Lichtdesigns im 20. Jahrhundert und bekannt daf\u00fcr, Licht als architektonisches und \u00e4sthetisches Element neu definiert zu haben. Als k\u00fcnstlerischer Leiter von Fontana Arte von 1954 bis 1967 f\u00fchrte er das Unternehmen in eine neue \u00c4ra der Innovation und entwarf ikonische Leuchten, die sich durch Eleganz, Funktionalit\u00e4t und den meisterhaften Einsatz von Glas auszeichnen. Zu seinen bedeutendsten Entw\u00fcrfen z\u00e4hlt der gro\u00dfe Kronleuchter Modell 1881, ein herausragendes Beispiel f\u00fcr die Designphilosophie von Max Ingrand. Gefertigt aus gebogenem rosafarbenem Glas, vereint dieser Kronleuchter visuelle Leichtigkeit mit einer starken skulpturalen Pr\u00e4senz und erzeugt ein warmes, raffiniertes Licht. Dieses Modell istRead More &rarr;","og_url":"https:\/\/www.demosmobilia.ch\/de\/product\/bedeutender-grosser-kronleuchter-modell-1881-durchmesser-90-cm\/","og_site_name":"demosmobilia","article_publisher":"https:\/\/www.facebook.com\/Demos-Mobilia-1137017453131445\/","og_image":[{"width":1200,"height":900,"url":"https:\/\/www.demosmobilia.ch\/wp-content\/uploads\/2026\/04\/max-ingrand-fontana-arte-chandelier-1881-rose-glass-1960-01.jpg","type":"image\/jpeg"}],"twitter_card":"summary_large_image","twitter_misc":{"Gesch\u00e4tzte Lesezeit":"1\u00a0Minute"},"schema":{"@context":"https:\/\/schema.org","@graph":[{"@type":"WebPage","@id":"https:\/\/www.demosmobilia.ch\/de\/product\/bedeutender-grosser-kronleuchter-modell-1881-durchmesser-90-cm\/","url":"https:\/\/www.demosmobilia.ch\/de\/product\/bedeutender-grosser-kronleuchter-modell-1881-durchmesser-90-cm\/","name":"Bedeutender gro\u00dfer Kronleuchter, Modell 1881 (Durchmesser 90 cm) &#8211; demosmobilia","isPartOf":{"@id":"https:\/\/www.demosmobilia.ch\/de\/#website"},"primaryImageOfPage":{"@id":"https:\/\/www.demosmobilia.ch\/de\/product\/bedeutender-grosser-kronleuchter-modell-1881-durchmesser-90-cm\/#primaryimage"},"image":{"@id":"https:\/\/www.demosmobilia.ch\/de\/product\/bedeutender-grosser-kronleuchter-modell-1881-durchmesser-90-cm\/#primaryimage"},"thumbnailUrl":"https:\/\/www.demosmobilia.ch\/wp-content\/uploads\/2026\/04\/max-ingrand-fontana-arte-chandelier-1881-rose-glass-1960-01.jpg","datePublished":"2026-04-28T11:00:42+00:00","dateModified":"2026-04-28T11:00:42+00:00","breadcrumb":{"@id":"https:\/\/www.demosmobilia.ch\/de\/product\/bedeutender-grosser-kronleuchter-modell-1881-durchmesser-90-cm\/#breadcrumb"},"inLanguage":"de","potentialAction":[{"@type":"ReadAction","target":["https:\/\/www.demosmobilia.ch\/de\/product\/bedeutender-grosser-kronleuchter-modell-1881-durchmesser-90-cm\/"]}]},{"@type":"ImageObject","inLanguage":"de","@id":"https:\/\/www.demosmobilia.ch\/de\/product\/bedeutender-grosser-kronleuchter-modell-1881-durchmesser-90-cm\/#primaryimage","url":"https:\/\/www.demosmobilia.ch\/wp-content\/uploads\/2026\/04\/max-ingrand-fontana-arte-chandelier-1881-rose-glass-1960-01.jpg","contentUrl":"https:\/\/www.demosmobilia.ch\/wp-content\/uploads\/2026\/04\/max-ingrand-fontana-arte-chandelier-1881-rose-glass-1960-01.jpg","width":1200,"height":900},{"@type":"BreadcrumbList","@id":"https:\/\/www.demosmobilia.ch\/de\/product\/bedeutender-grosser-kronleuchter-modell-1881-durchmesser-90-cm\/#breadcrumb","itemListElement":[{"@type":"ListItem","position":1,"name":"Home","item":"https:\/\/www.demosmobilia.ch\/de\/"},{"@type":"ListItem","position":2,"name":"Produkte","item":"https:\/\/www.demosmobilia.ch\/de\/shop\/"},{"@type":"ListItem","position":3,"name":"Bedeutender gro\u00dfer Kronleuchter, Modell 1881 (Durchmesser 90 cm)"}]},{"@type":"WebSite","@id":"https:\/\/www.demosmobilia.ch\/de\/#website","url":"https:\/\/www.demosmobilia.ch\/de\/","name":"demosmobilia","description":"Vintage Mid Century Modern Design Furniture from the &#039;30s to the &#039;80s","publisher":{"@id":"https:\/\/www.demosmobilia.ch\/de\/#organization"},"potentialAction":[{"@type":"SearchAction","target":{"@type":"EntryPoint","urlTemplate":"https:\/\/www.demosmobilia.ch\/de\/?s={search_term_string}"},"query-input":{"@type":"PropertyValueSpecification","valueRequired":true,"valueName":"search_term_string"}}],"inLanguage":"de"},{"@type":"Organization","@id":"https:\/\/www.demosmobilia.ch\/de\/#organization","name":"demosmobilia","url":"https:\/\/www.demosmobilia.ch\/de\/","logo":{"@type":"ImageObject","inLanguage":"de","@id":"https:\/\/www.demosmobilia.ch\/de\/#\/schema\/logo\/image\/","url":"https:\/\/www.demosmobilia.ch\/wp-content\/uploads\/2020\/07\/demosmobilia-logo-2020-230-160.png","contentUrl":"https:\/\/www.demosmobilia.ch\/wp-content\/uploads\/2020\/07\/demosmobilia-logo-2020-230-160.png","width":230,"height":160,"caption":"demosmobilia"},"image":{"@id":"https:\/\/www.demosmobilia.ch\/de\/#\/schema\/logo\/image\/"},"sameAs":["https:\/\/www.facebook.com\/Demos-Mobilia-1137017453131445\/","https:\/\/www.instagram.com\/demosmobilia\/"]}]}},"_links":{"self":[{"href":"https:\/\/www.demosmobilia.ch\/de\/wp-json\/wp\/v2\/product\/87347","targetHints":{"allow":["GET"]}}],"collection":[{"href":"https:\/\/www.demosmobilia.ch\/de\/wp-json\/wp\/v2\/product"}],"about":[{"href":"https:\/\/www.demosmobilia.ch\/de\/wp-json\/wp\/v2\/types\/product"}],"wp:featuredmedia":[{"embeddable":true,"href":"https:\/\/www.demosmobilia.ch\/de\/wp-json\/wp\/v2\/media\/87303"}],"wp:attachment":[{"href":"https:\/\/www.demosmobilia.ch\/de\/wp-json\/wp\/v2\/media?parent=87347"}],"wp:term":[{"taxonomy":"product_cat","embeddable":true,"href":"https:\/\/www.demosmobilia.ch\/de\/wp-json\/wp\/v2\/product_cat?post=87347"},{"taxonomy":"product_tag","embeddable":true,"href":"https:\/\/www.demosmobilia.ch\/de\/wp-json\/wp\/v2\/product_tag?post=87347"}],"curies":[{"name":"wp","href":"https:\/\/api.w.org\/{rel}","templated":true}]}}