{"id":87298,"date":"2026-04-23T12:00:26","date_gmt":"2026-04-23T10:00:26","guid":{"rendered":"https:\/\/www.demosmobilia.ch\/product\/lobby-stuehle-modell-campone-aus-massivem-jacaranda-holz-4-stueck-verfuegbar\/"},"modified":"2026-04-23T12:00:26","modified_gmt":"2026-04-23T10:00:26","slug":"lobby-stuehle-modell-campone-aus-massivem-jacaranda-holz-4-stueck-verfuegbar","status":"publish","type":"product","link":"https:\/\/www.demosmobilia.ch\/de\/product\/lobby-stuehle-modell-campone-aus-massivem-jacaranda-holz-4-stueck-verfuegbar\/","title":{"rendered":"Lobby-St\u00fchle, Modell Campone, aus massivem Jacaranda-Holz, 4 St\u00fcck verf\u00fcgbar"},"content":{"rendered":"<p data-start=\"0\" data-end=\"332\">J\u00fcrg Bally (1922\u20132013) war ein Architekt und Designer, der im Bereich des 20. Jahrhunderts Design und Sammlerm\u00f6bel t\u00e4tig war. Seine architektonische Ausbildung erm\u00f6glichte ihm einen besonders pr\u00e4zisen Gestaltungsansatz, der auf Proportion, Funktionalit\u00e4t und einem ausgepr\u00e4gten Materialbewusstsein basiert \u2013 Eigenschaften, die er sp\u00e4ter auch auf M\u00f6bel- und Innenraumgestaltung \u00fcbertrug. <\/p>\n<p data-start=\"334\" data-end=\"726\">Neben seiner T\u00e4tigkeit als Architekt arbeitete J\u00fcrg Bally auch als Designer und spielte eine aktive Rolle bei der Wertsch\u00e4tzung des europ\u00e4ischen Modernismus, insbesondere des Nachkriegsdesigns. Seine technische Expertise und sein historisches Wissen erm\u00f6glichten es ihm, hochwertige Objekte zu identifizieren und auszuw\u00e4hlen, wodurch er zur Verbreitung ikonischer Werke des franz\u00f6sischen, schweizerischen und skandinavischen Designs beitrug. <\/p>\n<p data-start=\"728\" data-end=\"1271\">Ein bedeutendes Kapitel seiner T\u00e4tigkeit ist das Innenausstattungsprojekt f\u00fcr die Eidgen\u00f6ssische Technische Hochschule Z\u00fcrich (ETH Z\u00fcrich), f\u00fcr das er ma\u00dfgeschneiderte L\u00f6sungen f\u00fcr \u00f6ffentliche und repr\u00e4sentative R\u00e4ume entwickelte. In diesem Zusammenhang entwarf Bally eine Serie von Lobby-Sesseln aus massivem Jacaranda-Holz, Modell Campone, die er pers\u00f6nlich in Afrika produzieren lie\u00df. Die vollst\u00e4ndige Serie dieser Sessel wurde sp\u00e4ter direkt vom Architekten \u00fcbernommen und bildet einen authentischen und dokumentierten Kern der Originalproduktion.  <\/p>\n<p data-start=\"1273\" data-end=\"1473\" data-is-last-node=\"\" data-is-only-node=\"\">Sein Werk ist im Kontext des Sammlerdesigns und der Wiederentdeckung des Modernismus des 20. Jahrhunderts zu sehen, in dem Architektur und Design zu einer koh\u00e4renten Vision von Raum, Funktion und Objekt verschmelzen.<\/p>\n","protected":false},"excerpt":{"rendered":"<p>J\u00fcrg Bally (1922\u20132013) war ein Architekt und Designer, der im Bereich des 20. Jahrhunderts Design und Sammlerm\u00f6bel t\u00e4tig war. Seine architektonische Ausbildung erm\u00f6glichte ihm einen besonders pr\u00e4zisen Gestaltungsansatz, der auf Proportion, Funktionalit\u00e4t und einem ausgepr\u00e4gten Materialbewusstsein basiert \u2013 Eigenschaften, die er sp\u00e4ter auch auf M\u00f6bel- und Innenraumgestaltung \u00fcbertrug. Neben seiner T\u00e4tigkeit als Architekt arbeitete J\u00fcrg Bally auch als Designer und spielte eine aktive Rolle bei der Wertsch\u00e4tzung des europ\u00e4ischen Modernismus, insbesondere des Nachkriegsdesigns. Seine technische Expertise und sein historisches Wissen erm\u00f6glichten es ihm, hochwertige Objekte zu identifizieren und auszuw\u00e4hlen, wodurch er zur Verbreitung ikonischer Werke des franz\u00f6sischen, schweizerischen und skandinavischen Designs beitrug. Ein bedeutendes Kapitel<a class=\"more-link\" href=\"https:\/\/www.demosmobilia.ch\/de\/product\/lobby-stuehle-modell-campone-aus-massivem-jacaranda-holz-4-stueck-verfuegbar\/\">Read More &rarr;<\/a><\/p>\n","protected":false},"featured_media":87254,"template":"","meta":{"_monsterinsights_skip_tracking":false,"_monsterinsights_sitenote_active":false,"_monsterinsights_sitenote_note":"","_monsterinsights_sitenote_category":0,"kk_blocks_editor_width":"","_kiokenblocks_attr":"","_kiokenblocks_dimensions":""},"product_cat":[4106,4155],"product_tag":[6439],"class_list":{"0":"entry","1":"author-demosmobilia","2":"post-87298","3":"product","4":"type-product","5":"status-publish","6":"has-post-thumbnail","7":"product_production-jurg-bally-zurich","8":"product_year-2592","9":"product_nation-schweiz-de-4","10":"product_cat-neuheiten","11":"product_cat-sessel-de","12":"product_tag-bally-jurg-de","13":"pa_product_dimension-75-x-75-cm-sitzhohe-35-cm-gesamthohe-70-cm","14":"pa_product_material-massives-jacaranda-holz-seilgeflecht-neue-taupefarbene-satin-kissen","16":"first","17":"instock","18":"shipping-taxable","19":"product-type-simple"},"yoast_head":"<!-- This site is optimized with the Yoast SEO plugin v24.0 - https:\/\/yoast.com\/wordpress\/plugins\/seo\/ -->\n<title>Lobby-St\u00fchle, Modell Campone, aus massivem Jacaranda-Holz, 4 St\u00fcck verf\u00fcgbar &#8211; demosmobilia<\/title>\n<meta name=\"robots\" content=\"index, follow, max-snippet:-1, max-image-preview:large, max-video-preview:-1\" \/>\n<link rel=\"canonical\" href=\"https:\/\/www.demosmobilia.ch\/de\/product\/lobby-stuehle-modell-campone-aus-massivem-jacaranda-holz-4-stueck-verfuegbar\/\" \/>\n<meta property=\"og:locale\" content=\"de_DE\" \/>\n<meta property=\"og:type\" content=\"article\" \/>\n<meta property=\"og:title\" content=\"Lobby-St\u00fchle, Modell Campone, aus massivem Jacaranda-Holz, 4 St\u00fcck verf\u00fcgbar &#8211; demosmobilia\" \/>\n<meta property=\"og:description\" content=\"J\u00fcrg Bally (1922\u20132013) war ein Architekt und Designer, der im Bereich des 20. Jahrhunderts Design und Sammlerm\u00f6bel t\u00e4tig war. Seine architektonische Ausbildung erm\u00f6glichte ihm einen besonders pr\u00e4zisen Gestaltungsansatz, der auf Proportion, Funktionalit\u00e4t und einem ausgepr\u00e4gten Materialbewusstsein basiert \u2013 Eigenschaften, die er sp\u00e4ter auch auf M\u00f6bel- und Innenraumgestaltung \u00fcbertrug. Neben seiner T\u00e4tigkeit als Architekt arbeitete J\u00fcrg Bally auch als Designer und spielte eine aktive Rolle bei der Wertsch\u00e4tzung des europ\u00e4ischen Modernismus, insbesondere des Nachkriegsdesigns. Seine technische Expertise und sein historisches Wissen erm\u00f6glichten es ihm, hochwertige Objekte zu identifizieren und auszuw\u00e4hlen, wodurch er zur Verbreitung ikonischer Werke des franz\u00f6sischen, schweizerischen und skandinavischen Designs beitrug. Ein bedeutendes KapitelRead More &rarr;\" \/>\n<meta property=\"og:url\" content=\"https:\/\/www.demosmobilia.ch\/de\/product\/lobby-stuehle-modell-campone-aus-massivem-jacaranda-holz-4-stueck-verfuegbar\/\" \/>\n<meta property=\"og:site_name\" content=\"demosmobilia\" \/>\n<meta property=\"article:publisher\" content=\"https:\/\/www.facebook.com\/Demos-Mobilia-1137017453131445\/\" \/>\n<meta property=\"og:image\" content=\"https:\/\/www.demosmobilia.ch\/wp-content\/uploads\/2026\/04\/Juerg-Bally-Zurich-ETH-Lobby-Lounge-Chairs-Campone-1975-swiss-design-01.jpg\" \/>\n\t<meta property=\"og:image:width\" content=\"1200\" \/>\n\t<meta property=\"og:image:height\" content=\"900\" \/>\n\t<meta property=\"og:image:type\" content=\"image\/jpeg\" \/>\n<meta name=\"twitter:card\" content=\"summary_large_image\" \/>\n<meta name=\"twitter:label1\" content=\"Gesch\u00e4tzte Lesezeit\" \/>\n\t<meta name=\"twitter:data1\" content=\"1\u00a0Minute\" \/>\n<script type=\"application\/ld+json\" class=\"yoast-schema-graph\">{\"@context\":\"https:\/\/schema.org\",\"@graph\":[{\"@type\":\"WebPage\",\"@id\":\"https:\/\/www.demosmobilia.ch\/de\/product\/lobby-stuehle-modell-campone-aus-massivem-jacaranda-holz-4-stueck-verfuegbar\/\",\"url\":\"https:\/\/www.demosmobilia.ch\/de\/product\/lobby-stuehle-modell-campone-aus-massivem-jacaranda-holz-4-stueck-verfuegbar\/\",\"name\":\"Lobby-St\u00fchle, Modell Campone, aus massivem Jacaranda-Holz, 4 St\u00fcck verf\u00fcgbar &#8211; demosmobilia\",\"isPartOf\":{\"@id\":\"https:\/\/www.demosmobilia.ch\/de\/#website\"},\"primaryImageOfPage\":{\"@id\":\"https:\/\/www.demosmobilia.ch\/de\/product\/lobby-stuehle-modell-campone-aus-massivem-jacaranda-holz-4-stueck-verfuegbar\/#primaryimage\"},\"image\":{\"@id\":\"https:\/\/www.demosmobilia.ch\/de\/product\/lobby-stuehle-modell-campone-aus-massivem-jacaranda-holz-4-stueck-verfuegbar\/#primaryimage\"},\"thumbnailUrl\":\"https:\/\/www.demosmobilia.ch\/wp-content\/uploads\/2026\/04\/Juerg-Bally-Zurich-ETH-Lobby-Lounge-Chairs-Campone-1975-swiss-design-01.jpg\",\"datePublished\":\"2026-04-23T10:00:26+00:00\",\"dateModified\":\"2026-04-23T10:00:26+00:00\",\"breadcrumb\":{\"@id\":\"https:\/\/www.demosmobilia.ch\/de\/product\/lobby-stuehle-modell-campone-aus-massivem-jacaranda-holz-4-stueck-verfuegbar\/#breadcrumb\"},\"inLanguage\":\"de\",\"potentialAction\":[{\"@type\":\"ReadAction\",\"target\":[\"https:\/\/www.demosmobilia.ch\/de\/product\/lobby-stuehle-modell-campone-aus-massivem-jacaranda-holz-4-stueck-verfuegbar\/\"]}]},{\"@type\":\"ImageObject\",\"inLanguage\":\"de\",\"@id\":\"https:\/\/www.demosmobilia.ch\/de\/product\/lobby-stuehle-modell-campone-aus-massivem-jacaranda-holz-4-stueck-verfuegbar\/#primaryimage\",\"url\":\"https:\/\/www.demosmobilia.ch\/wp-content\/uploads\/2026\/04\/Juerg-Bally-Zurich-ETH-Lobby-Lounge-Chairs-Campone-1975-swiss-design-01.jpg\",\"contentUrl\":\"https:\/\/www.demosmobilia.ch\/wp-content\/uploads\/2026\/04\/Juerg-Bally-Zurich-ETH-Lobby-Lounge-Chairs-Campone-1975-swiss-design-01.jpg\",\"width\":1200,\"height\":900},{\"@type\":\"BreadcrumbList\",\"@id\":\"https:\/\/www.demosmobilia.ch\/de\/product\/lobby-stuehle-modell-campone-aus-massivem-jacaranda-holz-4-stueck-verfuegbar\/#breadcrumb\",\"itemListElement\":[{\"@type\":\"ListItem\",\"position\":1,\"name\":\"Home\",\"item\":\"https:\/\/www.demosmobilia.ch\/de\/\"},{\"@type\":\"ListItem\",\"position\":2,\"name\":\"Produkte\",\"item\":\"https:\/\/www.demosmobilia.ch\/de\/shop\/\"},{\"@type\":\"ListItem\",\"position\":3,\"name\":\"Lobby-St\u00fchle, Modell Campone, aus massivem Jacaranda-Holz, 4 St\u00fcck verf\u00fcgbar\"}]},{\"@type\":\"WebSite\",\"@id\":\"https:\/\/www.demosmobilia.ch\/de\/#website\",\"url\":\"https:\/\/www.demosmobilia.ch\/de\/\",\"name\":\"demosmobilia\",\"description\":\"Vintage Mid Century Modern Design Furniture from the &#039;30s to the &#039;80s\",\"publisher\":{\"@id\":\"https:\/\/www.demosmobilia.ch\/de\/#organization\"},\"potentialAction\":[{\"@type\":\"SearchAction\",\"target\":{\"@type\":\"EntryPoint\",\"urlTemplate\":\"https:\/\/www.demosmobilia.ch\/de\/?s={search_term_string}\"},\"query-input\":{\"@type\":\"PropertyValueSpecification\",\"valueRequired\":true,\"valueName\":\"search_term_string\"}}],\"inLanguage\":\"de\"},{\"@type\":\"Organization\",\"@id\":\"https:\/\/www.demosmobilia.ch\/de\/#organization\",\"name\":\"demosmobilia\",\"url\":\"https:\/\/www.demosmobilia.ch\/de\/\",\"logo\":{\"@type\":\"ImageObject\",\"inLanguage\":\"de\",\"@id\":\"https:\/\/www.demosmobilia.ch\/de\/#\/schema\/logo\/image\/\",\"url\":\"https:\/\/www.demosmobilia.ch\/wp-content\/uploads\/2020\/07\/demosmobilia-logo-2020-230-160.png\",\"contentUrl\":\"https:\/\/www.demosmobilia.ch\/wp-content\/uploads\/2020\/07\/demosmobilia-logo-2020-230-160.png\",\"width\":230,\"height\":160,\"caption\":\"demosmobilia\"},\"image\":{\"@id\":\"https:\/\/www.demosmobilia.ch\/de\/#\/schema\/logo\/image\/\"},\"sameAs\":[\"https:\/\/www.facebook.com\/Demos-Mobilia-1137017453131445\/\",\"https:\/\/www.instagram.com\/demosmobilia\/\"]}]}<\/script>\n<!-- \/ Yoast SEO plugin. -->","yoast_head_json":{"title":"Lobby-St\u00fchle, Modell Campone, aus massivem Jacaranda-Holz, 4 St\u00fcck verf\u00fcgbar &#8211; demosmobilia","robots":{"index":"index","follow":"follow","max-snippet":"max-snippet:-1","max-image-preview":"max-image-preview:large","max-video-preview":"max-video-preview:-1"},"canonical":"https:\/\/www.demosmobilia.ch\/de\/product\/lobby-stuehle-modell-campone-aus-massivem-jacaranda-holz-4-stueck-verfuegbar\/","og_locale":"de_DE","og_type":"article","og_title":"Lobby-St\u00fchle, Modell Campone, aus massivem Jacaranda-Holz, 4 St\u00fcck verf\u00fcgbar &#8211; demosmobilia","og_description":"J\u00fcrg Bally (1922\u20132013) war ein Architekt und Designer, der im Bereich des 20. Jahrhunderts Design und Sammlerm\u00f6bel t\u00e4tig war. Seine architektonische Ausbildung erm\u00f6glichte ihm einen besonders pr\u00e4zisen Gestaltungsansatz, der auf Proportion, Funktionalit\u00e4t und einem ausgepr\u00e4gten Materialbewusstsein basiert \u2013 Eigenschaften, die er sp\u00e4ter auch auf M\u00f6bel- und Innenraumgestaltung \u00fcbertrug. Neben seiner T\u00e4tigkeit als Architekt arbeitete J\u00fcrg Bally auch als Designer und spielte eine aktive Rolle bei der Wertsch\u00e4tzung des europ\u00e4ischen Modernismus, insbesondere des Nachkriegsdesigns. Seine technische Expertise und sein historisches Wissen erm\u00f6glichten es ihm, hochwertige Objekte zu identifizieren und auszuw\u00e4hlen, wodurch er zur Verbreitung ikonischer Werke des franz\u00f6sischen, schweizerischen und skandinavischen Designs beitrug. Ein bedeutendes KapitelRead More &rarr;","og_url":"https:\/\/www.demosmobilia.ch\/de\/product\/lobby-stuehle-modell-campone-aus-massivem-jacaranda-holz-4-stueck-verfuegbar\/","og_site_name":"demosmobilia","article_publisher":"https:\/\/www.facebook.com\/Demos-Mobilia-1137017453131445\/","og_image":[{"width":1200,"height":900,"url":"https:\/\/www.demosmobilia.ch\/wp-content\/uploads\/2026\/04\/Juerg-Bally-Zurich-ETH-Lobby-Lounge-Chairs-Campone-1975-swiss-design-01.jpg","type":"image\/jpeg"}],"twitter_card":"summary_large_image","twitter_misc":{"Gesch\u00e4tzte Lesezeit":"1\u00a0Minute"},"schema":{"@context":"https:\/\/schema.org","@graph":[{"@type":"WebPage","@id":"https:\/\/www.demosmobilia.ch\/de\/product\/lobby-stuehle-modell-campone-aus-massivem-jacaranda-holz-4-stueck-verfuegbar\/","url":"https:\/\/www.demosmobilia.ch\/de\/product\/lobby-stuehle-modell-campone-aus-massivem-jacaranda-holz-4-stueck-verfuegbar\/","name":"Lobby-St\u00fchle, Modell Campone, aus massivem Jacaranda-Holz, 4 St\u00fcck verf\u00fcgbar &#8211; demosmobilia","isPartOf":{"@id":"https:\/\/www.demosmobilia.ch\/de\/#website"},"primaryImageOfPage":{"@id":"https:\/\/www.demosmobilia.ch\/de\/product\/lobby-stuehle-modell-campone-aus-massivem-jacaranda-holz-4-stueck-verfuegbar\/#primaryimage"},"image":{"@id":"https:\/\/www.demosmobilia.ch\/de\/product\/lobby-stuehle-modell-campone-aus-massivem-jacaranda-holz-4-stueck-verfuegbar\/#primaryimage"},"thumbnailUrl":"https:\/\/www.demosmobilia.ch\/wp-content\/uploads\/2026\/04\/Juerg-Bally-Zurich-ETH-Lobby-Lounge-Chairs-Campone-1975-swiss-design-01.jpg","datePublished":"2026-04-23T10:00:26+00:00","dateModified":"2026-04-23T10:00:26+00:00","breadcrumb":{"@id":"https:\/\/www.demosmobilia.ch\/de\/product\/lobby-stuehle-modell-campone-aus-massivem-jacaranda-holz-4-stueck-verfuegbar\/#breadcrumb"},"inLanguage":"de","potentialAction":[{"@type":"ReadAction","target":["https:\/\/www.demosmobilia.ch\/de\/product\/lobby-stuehle-modell-campone-aus-massivem-jacaranda-holz-4-stueck-verfuegbar\/"]}]},{"@type":"ImageObject","inLanguage":"de","@id":"https:\/\/www.demosmobilia.ch\/de\/product\/lobby-stuehle-modell-campone-aus-massivem-jacaranda-holz-4-stueck-verfuegbar\/#primaryimage","url":"https:\/\/www.demosmobilia.ch\/wp-content\/uploads\/2026\/04\/Juerg-Bally-Zurich-ETH-Lobby-Lounge-Chairs-Campone-1975-swiss-design-01.jpg","contentUrl":"https:\/\/www.demosmobilia.ch\/wp-content\/uploads\/2026\/04\/Juerg-Bally-Zurich-ETH-Lobby-Lounge-Chairs-Campone-1975-swiss-design-01.jpg","width":1200,"height":900},{"@type":"BreadcrumbList","@id":"https:\/\/www.demosmobilia.ch\/de\/product\/lobby-stuehle-modell-campone-aus-massivem-jacaranda-holz-4-stueck-verfuegbar\/#breadcrumb","itemListElement":[{"@type":"ListItem","position":1,"name":"Home","item":"https:\/\/www.demosmobilia.ch\/de\/"},{"@type":"ListItem","position":2,"name":"Produkte","item":"https:\/\/www.demosmobilia.ch\/de\/shop\/"},{"@type":"ListItem","position":3,"name":"Lobby-St\u00fchle, Modell Campone, aus massivem Jacaranda-Holz, 4 St\u00fcck verf\u00fcgbar"}]},{"@type":"WebSite","@id":"https:\/\/www.demosmobilia.ch\/de\/#website","url":"https:\/\/www.demosmobilia.ch\/de\/","name":"demosmobilia","description":"Vintage Mid Century Modern Design Furniture from the &#039;30s to the &#039;80s","publisher":{"@id":"https:\/\/www.demosmobilia.ch\/de\/#organization"},"potentialAction":[{"@type":"SearchAction","target":{"@type":"EntryPoint","urlTemplate":"https:\/\/www.demosmobilia.ch\/de\/?s={search_term_string}"},"query-input":{"@type":"PropertyValueSpecification","valueRequired":true,"valueName":"search_term_string"}}],"inLanguage":"de"},{"@type":"Organization","@id":"https:\/\/www.demosmobilia.ch\/de\/#organization","name":"demosmobilia","url":"https:\/\/www.demosmobilia.ch\/de\/","logo":{"@type":"ImageObject","inLanguage":"de","@id":"https:\/\/www.demosmobilia.ch\/de\/#\/schema\/logo\/image\/","url":"https:\/\/www.demosmobilia.ch\/wp-content\/uploads\/2020\/07\/demosmobilia-logo-2020-230-160.png","contentUrl":"https:\/\/www.demosmobilia.ch\/wp-content\/uploads\/2020\/07\/demosmobilia-logo-2020-230-160.png","width":230,"height":160,"caption":"demosmobilia"},"image":{"@id":"https:\/\/www.demosmobilia.ch\/de\/#\/schema\/logo\/image\/"},"sameAs":["https:\/\/www.facebook.com\/Demos-Mobilia-1137017453131445\/","https:\/\/www.instagram.com\/demosmobilia\/"]}]}},"_links":{"self":[{"href":"https:\/\/www.demosmobilia.ch\/de\/wp-json\/wp\/v2\/product\/87298","targetHints":{"allow":["GET"]}}],"collection":[{"href":"https:\/\/www.demosmobilia.ch\/de\/wp-json\/wp\/v2\/product"}],"about":[{"href":"https:\/\/www.demosmobilia.ch\/de\/wp-json\/wp\/v2\/types\/product"}],"wp:featuredmedia":[{"embeddable":true,"href":"https:\/\/www.demosmobilia.ch\/de\/wp-json\/wp\/v2\/media\/87254"}],"wp:attachment":[{"href":"https:\/\/www.demosmobilia.ch\/de\/wp-json\/wp\/v2\/media?parent=87298"}],"wp:term":[{"taxonomy":"product_cat","embeddable":true,"href":"https:\/\/www.demosmobilia.ch\/de\/wp-json\/wp\/v2\/product_cat?post=87298"},{"taxonomy":"product_tag","embeddable":true,"href":"https:\/\/www.demosmobilia.ch\/de\/wp-json\/wp\/v2\/product_tag?post=87298"}],"curies":[{"name":"wp","href":"https:\/\/api.w.org\/{rel}","templated":true}]}}