{"id":87249,"date":"2026-04-23T12:30:54","date_gmt":"2026-04-23T10:30:54","guid":{"rendered":"https:\/\/www.demosmobilia.ch\/product\/geschwungene-baenke-modell-s38a-2-stueck-verfuegbar\/"},"modified":"2026-04-23T12:30:54","modified_gmt":"2026-04-23T10:30:54","slug":"geschwungene-baenke-modell-s38a-2-stueck-verfuegbar","status":"publish","type":"product","link":"https:\/\/www.demosmobilia.ch\/de\/product\/geschwungene-baenke-modell-s38a-2-stueck-verfuegbar\/","title":{"rendered":"Geschwungene B\u00e4nke, Modell S38A, 2 St\u00fcck verf\u00fcgbar"},"content":{"rendered":"<p data-start=\"0\" data-end=\"389\">Pierre Chapo (1927\u20131987) war eine pr\u00e4gende Pers\u00f6nlichkeit des franz\u00f6sischen Designs der Nachkriegszeit und ist bekannt daf\u00fcr, Massivholzm\u00f6bel durch eine einzigartige Verbindung von Handwerkskunst und modernistischen Prinzipien neu definiert zu haben. Als ausgebildeter Architekt entwickelte Chapo eine unverwechselbare Formensprache, die auf konstruktiver Klarheit, ausgewogenen Proportionen und einem tiefen Respekt f\u00fcr nat\u00fcrliche Materialien \u2013 insbesondere Ulmenholz \u2013 basiert. <\/p>\n<p data-start=\"391\" data-end=\"785\">Nach ausgedehnten Reisen durch Europa und Nordafrika gr\u00fcndete er in den 1960er-Jahren sein Atelier, in dem sein charakteristischer Stil entstand. Seine M\u00f6bel zeichnen sich durch sichtbare Holzverbindungen, reduzierte Formen und eine langlebige, robuste Bauweise aus. Ikonische Entw\u00fcrfe wie der Tisch T21, der Stuhl S34 und seine modularen Aufbewahrungssysteme sind heute auf dem Vintage-Designmarkt besonders gefragt.  <\/p>\n<p data-start=\"787\" data-end=\"1212\">Zu seinen repr\u00e4sentativsten Entw\u00fcrfen geh\u00f6rt auch der Hocker S31A, der 1974 entworfen wurde und Chapos Suche nach struktureller Essenzialit\u00e4t perfekt veranschaulicht. Mit seiner stabilen Dreibeinkonstruktion und den sichtbaren Holzverbindungen vereint der S31A Stabilit\u00e4t, Funktionalit\u00e4t und formale Klarheit. Gefertigt aus Massivholz verk\u00f6rpert er vollst\u00e4ndig die Philosophie des Designers: das \u00dcberfl\u00fcssige zu eliminieren und das Material durch eine pr\u00e4zise, langlebige Konstruktion aufzuwerten.  <\/p>\n<p data-start=\"1214\" data-end=\"1488\">Der S45-Stuhl, entworfen um 1968, stellt einen wichtigen Meilenstein in der Entwicklung von Chapos Sitzm\u00f6beldesign aus Massivholz dar. Er kombiniert gro\u00dfz\u00fcgige Proportionen mit strenger struktureller Logik und sichtbar belassenen Verbindungen und schafft so ein Gleichgewicht zwischen Komfort und architektonischer Pr\u00e4zision. <\/p>\n<p data-start=\"1490\" data-end=\"1925\">Die S38 gebogenen B\u00e4nke, entworfen im Jahr 1965, zeigen Chapos Erforschung modularer Sitzsysteme und organischer Formen im Massivholzbereich. Durch ihre flie\u00dfenden Linien lassen sich die S38-Elemente flexibel kombinieren und zu kontinuierlichen, skulpturalen Sitzlandschaften arrangieren, die an architektonische Landschaften erinnern. Dieses System unterstreicht Chapos F\u00e4higkeit, Funktionalit\u00e4t mit starker skulpturaler Pr\u00e4senz im Raum zu verbinden.  <\/p>\n<p data-start=\"1927\" data-end=\"2227\">Der Ansatz von Pierre Chapo nahm zentrale heutige Werte vorweg, darunter Nachhaltigkeit, lokale Produktion und die Wertsch\u00e4tzung traditioneller Handwerkskunst. Jedes M\u00f6belst\u00fcck steht f\u00fcr Authentizit\u00e4t und Funktionalit\u00e4t und gilt als Ma\u00dfstab f\u00fcr zeitloses Design. <\/p>\n<p data-start=\"2229\" data-end=\"2553\" data-is-last-node=\"\" data-is-only-node=\"\">Heute sind M\u00f6bel von Pierre Chapo begehrte Sammlerst\u00fccke und inspirieren weiterhin Designer, Architekten und Sammler weltweit. Sein Erbe lebt durch Neuauflagen und das wachsende Interesse an minimalistischem, langlebigem Design fort, das sich nahtlos in moderne Wohnkonzepte integriert. <\/p>\n","protected":false},"excerpt":{"rendered":"<p>Pierre Chapo (1927\u20131987) war eine pr\u00e4gende Pers\u00f6nlichkeit des franz\u00f6sischen Designs der Nachkriegszeit und ist bekannt daf\u00fcr, Massivholzm\u00f6bel durch eine einzigartige Verbindung von Handwerkskunst und modernistischen Prinzipien neu definiert zu haben. Als ausgebildeter Architekt entwickelte Chapo eine unverwechselbare Formensprache, die auf konstruktiver Klarheit, ausgewogenen Proportionen und einem tiefen Respekt f\u00fcr nat\u00fcrliche Materialien \u2013 insbesondere Ulmenholz \u2013 basiert. Nach ausgedehnten Reisen durch Europa und Nordafrika gr\u00fcndete er in den 1960er-Jahren sein Atelier, in dem sein charakteristischer Stil entstand. Seine M\u00f6bel zeichnen sich durch sichtbare Holzverbindungen, reduzierte Formen und eine langlebige, robuste Bauweise aus. Ikonische Entw\u00fcrfe wie der Tisch T21, der Stuhl S34 und seine modularen Aufbewahrungssysteme sind<a class=\"more-link\" href=\"https:\/\/www.demosmobilia.ch\/de\/product\/geschwungene-baenke-modell-s38a-2-stueck-verfuegbar\/\">Read More &rarr;<\/a><\/p>\n","protected":false},"featured_media":87196,"template":"","meta":{"_monsterinsights_skip_tracking":false,"_monsterinsights_sitenote_active":false,"_monsterinsights_sitenote_note":"","_monsterinsights_sitenote_category":0,"kk_blocks_editor_width":"","_kiokenblocks_attr":"","_kiokenblocks_dimensions":""},"product_cat":[4158,4106],"product_tag":[14742],"class_list":{"0":"entry","1":"author-demosmobilia","2":"post-87249","3":"product","4":"type-product","5":"status-publish","6":"has-post-thumbnail","7":"product_production-pierre-chapo","8":"product_year-2468","9":"product_nation-frankreich","10":"product_cat-baenken","11":"product_cat-neuheiten","12":"product_tag-chapo-pierre","13":"pa_product_dimension-144-x-52-x-sitzhohe-445-cm","14":"pa_product_material-massives-ulmenholz","16":"first","17":"instock","18":"shipping-taxable","19":"product-type-simple"},"yoast_head":"<!-- This site is optimized with the Yoast SEO plugin v24.0 - https:\/\/yoast.com\/wordpress\/plugins\/seo\/ -->\n<title>Geschwungene B\u00e4nke, Modell S38A, 2 St\u00fcck verf\u00fcgbar &#8211; demosmobilia<\/title>\n<meta name=\"robots\" content=\"index, follow, max-snippet:-1, max-image-preview:large, max-video-preview:-1\" \/>\n<link rel=\"canonical\" href=\"https:\/\/www.demosmobilia.ch\/de\/product\/geschwungene-baenke-modell-s38a-2-stueck-verfuegbar\/\" \/>\n<meta property=\"og:locale\" content=\"de_DE\" \/>\n<meta property=\"og:type\" content=\"article\" \/>\n<meta property=\"og:title\" content=\"Geschwungene B\u00e4nke, Modell S38A, 2 St\u00fcck verf\u00fcgbar &#8211; demosmobilia\" \/>\n<meta property=\"og:description\" content=\"Pierre Chapo (1927\u20131987) war eine pr\u00e4gende Pers\u00f6nlichkeit des franz\u00f6sischen Designs der Nachkriegszeit und ist bekannt daf\u00fcr, Massivholzm\u00f6bel durch eine einzigartige Verbindung von Handwerkskunst und modernistischen Prinzipien neu definiert zu haben. Als ausgebildeter Architekt entwickelte Chapo eine unverwechselbare Formensprache, die auf konstruktiver Klarheit, ausgewogenen Proportionen und einem tiefen Respekt f\u00fcr nat\u00fcrliche Materialien \u2013 insbesondere Ulmenholz \u2013 basiert. Nach ausgedehnten Reisen durch Europa und Nordafrika gr\u00fcndete er in den 1960er-Jahren sein Atelier, in dem sein charakteristischer Stil entstand. Seine M\u00f6bel zeichnen sich durch sichtbare Holzverbindungen, reduzierte Formen und eine langlebige, robuste Bauweise aus. Ikonische Entw\u00fcrfe wie der Tisch T21, der Stuhl S34 und seine modularen Aufbewahrungssysteme sindRead More &rarr;\" \/>\n<meta property=\"og:url\" content=\"https:\/\/www.demosmobilia.ch\/de\/product\/geschwungene-baenke-modell-s38a-2-stueck-verfuegbar\/\" \/>\n<meta property=\"og:site_name\" content=\"demosmobilia\" \/>\n<meta property=\"article:publisher\" content=\"https:\/\/www.facebook.com\/Demos-Mobilia-1137017453131445\/\" \/>\n<meta property=\"og:image\" content=\"https:\/\/www.demosmobilia.ch\/wp-content\/uploads\/2026\/04\/pierre-chapo-curved-benches-S38A-1965-solid-elm-france-design-01.jpg\" \/>\n\t<meta property=\"og:image:width\" content=\"1200\" \/>\n\t<meta property=\"og:image:height\" content=\"900\" \/>\n\t<meta property=\"og:image:type\" content=\"image\/jpeg\" \/>\n<meta name=\"twitter:card\" content=\"summary_large_image\" \/>\n<meta name=\"twitter:label1\" content=\"Gesch\u00e4tzte Lesezeit\" \/>\n\t<meta name=\"twitter:data1\" content=\"2\u00a0Minuten\" \/>\n<script type=\"application\/ld+json\" class=\"yoast-schema-graph\">{\"@context\":\"https:\/\/schema.org\",\"@graph\":[{\"@type\":\"WebPage\",\"@id\":\"https:\/\/www.demosmobilia.ch\/de\/product\/geschwungene-baenke-modell-s38a-2-stueck-verfuegbar\/\",\"url\":\"https:\/\/www.demosmobilia.ch\/de\/product\/geschwungene-baenke-modell-s38a-2-stueck-verfuegbar\/\",\"name\":\"Geschwungene B\u00e4nke, Modell S38A, 2 St\u00fcck verf\u00fcgbar &#8211; demosmobilia\",\"isPartOf\":{\"@id\":\"https:\/\/www.demosmobilia.ch\/de\/#website\"},\"primaryImageOfPage\":{\"@id\":\"https:\/\/www.demosmobilia.ch\/de\/product\/geschwungene-baenke-modell-s38a-2-stueck-verfuegbar\/#primaryimage\"},\"image\":{\"@id\":\"https:\/\/www.demosmobilia.ch\/de\/product\/geschwungene-baenke-modell-s38a-2-stueck-verfuegbar\/#primaryimage\"},\"thumbnailUrl\":\"https:\/\/www.demosmobilia.ch\/wp-content\/uploads\/2026\/04\/pierre-chapo-curved-benches-S38A-1965-solid-elm-france-design-01.jpg\",\"datePublished\":\"2026-04-23T10:30:54+00:00\",\"dateModified\":\"2026-04-23T10:30:54+00:00\",\"breadcrumb\":{\"@id\":\"https:\/\/www.demosmobilia.ch\/de\/product\/geschwungene-baenke-modell-s38a-2-stueck-verfuegbar\/#breadcrumb\"},\"inLanguage\":\"de\",\"potentialAction\":[{\"@type\":\"ReadAction\",\"target\":[\"https:\/\/www.demosmobilia.ch\/de\/product\/geschwungene-baenke-modell-s38a-2-stueck-verfuegbar\/\"]}]},{\"@type\":\"ImageObject\",\"inLanguage\":\"de\",\"@id\":\"https:\/\/www.demosmobilia.ch\/de\/product\/geschwungene-baenke-modell-s38a-2-stueck-verfuegbar\/#primaryimage\",\"url\":\"https:\/\/www.demosmobilia.ch\/wp-content\/uploads\/2026\/04\/pierre-chapo-curved-benches-S38A-1965-solid-elm-france-design-01.jpg\",\"contentUrl\":\"https:\/\/www.demosmobilia.ch\/wp-content\/uploads\/2026\/04\/pierre-chapo-curved-benches-S38A-1965-solid-elm-france-design-01.jpg\",\"width\":1200,\"height\":900},{\"@type\":\"BreadcrumbList\",\"@id\":\"https:\/\/www.demosmobilia.ch\/de\/product\/geschwungene-baenke-modell-s38a-2-stueck-verfuegbar\/#breadcrumb\",\"itemListElement\":[{\"@type\":\"ListItem\",\"position\":1,\"name\":\"Home\",\"item\":\"https:\/\/www.demosmobilia.ch\/de\/\"},{\"@type\":\"ListItem\",\"position\":2,\"name\":\"Produkte\",\"item\":\"https:\/\/www.demosmobilia.ch\/de\/shop\/\"},{\"@type\":\"ListItem\",\"position\":3,\"name\":\"Geschwungene B\u00e4nke, Modell S38A, 2 St\u00fcck verf\u00fcgbar\"}]},{\"@type\":\"WebSite\",\"@id\":\"https:\/\/www.demosmobilia.ch\/de\/#website\",\"url\":\"https:\/\/www.demosmobilia.ch\/de\/\",\"name\":\"demosmobilia\",\"description\":\"Vintage Mid Century Modern Design Furniture from the &#039;30s to the &#039;80s\",\"publisher\":{\"@id\":\"https:\/\/www.demosmobilia.ch\/de\/#organization\"},\"potentialAction\":[{\"@type\":\"SearchAction\",\"target\":{\"@type\":\"EntryPoint\",\"urlTemplate\":\"https:\/\/www.demosmobilia.ch\/de\/?s={search_term_string}\"},\"query-input\":{\"@type\":\"PropertyValueSpecification\",\"valueRequired\":true,\"valueName\":\"search_term_string\"}}],\"inLanguage\":\"de\"},{\"@type\":\"Organization\",\"@id\":\"https:\/\/www.demosmobilia.ch\/de\/#organization\",\"name\":\"demosmobilia\",\"url\":\"https:\/\/www.demosmobilia.ch\/de\/\",\"logo\":{\"@type\":\"ImageObject\",\"inLanguage\":\"de\",\"@id\":\"https:\/\/www.demosmobilia.ch\/de\/#\/schema\/logo\/image\/\",\"url\":\"https:\/\/www.demosmobilia.ch\/wp-content\/uploads\/2020\/07\/demosmobilia-logo-2020-230-160.png\",\"contentUrl\":\"https:\/\/www.demosmobilia.ch\/wp-content\/uploads\/2020\/07\/demosmobilia-logo-2020-230-160.png\",\"width\":230,\"height\":160,\"caption\":\"demosmobilia\"},\"image\":{\"@id\":\"https:\/\/www.demosmobilia.ch\/de\/#\/schema\/logo\/image\/\"},\"sameAs\":[\"https:\/\/www.facebook.com\/Demos-Mobilia-1137017453131445\/\",\"https:\/\/www.instagram.com\/demosmobilia\/\"]}]}<\/script>\n<!-- \/ Yoast SEO plugin. -->","yoast_head_json":{"title":"Geschwungene B\u00e4nke, Modell S38A, 2 St\u00fcck verf\u00fcgbar &#8211; demosmobilia","robots":{"index":"index","follow":"follow","max-snippet":"max-snippet:-1","max-image-preview":"max-image-preview:large","max-video-preview":"max-video-preview:-1"},"canonical":"https:\/\/www.demosmobilia.ch\/de\/product\/geschwungene-baenke-modell-s38a-2-stueck-verfuegbar\/","og_locale":"de_DE","og_type":"article","og_title":"Geschwungene B\u00e4nke, Modell S38A, 2 St\u00fcck verf\u00fcgbar &#8211; demosmobilia","og_description":"Pierre Chapo (1927\u20131987) war eine pr\u00e4gende Pers\u00f6nlichkeit des franz\u00f6sischen Designs der Nachkriegszeit und ist bekannt daf\u00fcr, Massivholzm\u00f6bel durch eine einzigartige Verbindung von Handwerkskunst und modernistischen Prinzipien neu definiert zu haben. Als ausgebildeter Architekt entwickelte Chapo eine unverwechselbare Formensprache, die auf konstruktiver Klarheit, ausgewogenen Proportionen und einem tiefen Respekt f\u00fcr nat\u00fcrliche Materialien \u2013 insbesondere Ulmenholz \u2013 basiert. Nach ausgedehnten Reisen durch Europa und Nordafrika gr\u00fcndete er in den 1960er-Jahren sein Atelier, in dem sein charakteristischer Stil entstand. Seine M\u00f6bel zeichnen sich durch sichtbare Holzverbindungen, reduzierte Formen und eine langlebige, robuste Bauweise aus. Ikonische Entw\u00fcrfe wie der Tisch T21, der Stuhl S34 und seine modularen Aufbewahrungssysteme sindRead More &rarr;","og_url":"https:\/\/www.demosmobilia.ch\/de\/product\/geschwungene-baenke-modell-s38a-2-stueck-verfuegbar\/","og_site_name":"demosmobilia","article_publisher":"https:\/\/www.facebook.com\/Demos-Mobilia-1137017453131445\/","og_image":[{"width":1200,"height":900,"url":"https:\/\/www.demosmobilia.ch\/wp-content\/uploads\/2026\/04\/pierre-chapo-curved-benches-S38A-1965-solid-elm-france-design-01.jpg","type":"image\/jpeg"}],"twitter_card":"summary_large_image","twitter_misc":{"Gesch\u00e4tzte Lesezeit":"2\u00a0Minuten"},"schema":{"@context":"https:\/\/schema.org","@graph":[{"@type":"WebPage","@id":"https:\/\/www.demosmobilia.ch\/de\/product\/geschwungene-baenke-modell-s38a-2-stueck-verfuegbar\/","url":"https:\/\/www.demosmobilia.ch\/de\/product\/geschwungene-baenke-modell-s38a-2-stueck-verfuegbar\/","name":"Geschwungene B\u00e4nke, Modell S38A, 2 St\u00fcck verf\u00fcgbar &#8211; demosmobilia","isPartOf":{"@id":"https:\/\/www.demosmobilia.ch\/de\/#website"},"primaryImageOfPage":{"@id":"https:\/\/www.demosmobilia.ch\/de\/product\/geschwungene-baenke-modell-s38a-2-stueck-verfuegbar\/#primaryimage"},"image":{"@id":"https:\/\/www.demosmobilia.ch\/de\/product\/geschwungene-baenke-modell-s38a-2-stueck-verfuegbar\/#primaryimage"},"thumbnailUrl":"https:\/\/www.demosmobilia.ch\/wp-content\/uploads\/2026\/04\/pierre-chapo-curved-benches-S38A-1965-solid-elm-france-design-01.jpg","datePublished":"2026-04-23T10:30:54+00:00","dateModified":"2026-04-23T10:30:54+00:00","breadcrumb":{"@id":"https:\/\/www.demosmobilia.ch\/de\/product\/geschwungene-baenke-modell-s38a-2-stueck-verfuegbar\/#breadcrumb"},"inLanguage":"de","potentialAction":[{"@type":"ReadAction","target":["https:\/\/www.demosmobilia.ch\/de\/product\/geschwungene-baenke-modell-s38a-2-stueck-verfuegbar\/"]}]},{"@type":"ImageObject","inLanguage":"de","@id":"https:\/\/www.demosmobilia.ch\/de\/product\/geschwungene-baenke-modell-s38a-2-stueck-verfuegbar\/#primaryimage","url":"https:\/\/www.demosmobilia.ch\/wp-content\/uploads\/2026\/04\/pierre-chapo-curved-benches-S38A-1965-solid-elm-france-design-01.jpg","contentUrl":"https:\/\/www.demosmobilia.ch\/wp-content\/uploads\/2026\/04\/pierre-chapo-curved-benches-S38A-1965-solid-elm-france-design-01.jpg","width":1200,"height":900},{"@type":"BreadcrumbList","@id":"https:\/\/www.demosmobilia.ch\/de\/product\/geschwungene-baenke-modell-s38a-2-stueck-verfuegbar\/#breadcrumb","itemListElement":[{"@type":"ListItem","position":1,"name":"Home","item":"https:\/\/www.demosmobilia.ch\/de\/"},{"@type":"ListItem","position":2,"name":"Produkte","item":"https:\/\/www.demosmobilia.ch\/de\/shop\/"},{"@type":"ListItem","position":3,"name":"Geschwungene B\u00e4nke, Modell S38A, 2 St\u00fcck verf\u00fcgbar"}]},{"@type":"WebSite","@id":"https:\/\/www.demosmobilia.ch\/de\/#website","url":"https:\/\/www.demosmobilia.ch\/de\/","name":"demosmobilia","description":"Vintage Mid Century Modern Design Furniture from the &#039;30s to the &#039;80s","publisher":{"@id":"https:\/\/www.demosmobilia.ch\/de\/#organization"},"potentialAction":[{"@type":"SearchAction","target":{"@type":"EntryPoint","urlTemplate":"https:\/\/www.demosmobilia.ch\/de\/?s={search_term_string}"},"query-input":{"@type":"PropertyValueSpecification","valueRequired":true,"valueName":"search_term_string"}}],"inLanguage":"de"},{"@type":"Organization","@id":"https:\/\/www.demosmobilia.ch\/de\/#organization","name":"demosmobilia","url":"https:\/\/www.demosmobilia.ch\/de\/","logo":{"@type":"ImageObject","inLanguage":"de","@id":"https:\/\/www.demosmobilia.ch\/de\/#\/schema\/logo\/image\/","url":"https:\/\/www.demosmobilia.ch\/wp-content\/uploads\/2020\/07\/demosmobilia-logo-2020-230-160.png","contentUrl":"https:\/\/www.demosmobilia.ch\/wp-content\/uploads\/2020\/07\/demosmobilia-logo-2020-230-160.png","width":230,"height":160,"caption":"demosmobilia"},"image":{"@id":"https:\/\/www.demosmobilia.ch\/de\/#\/schema\/logo\/image\/"},"sameAs":["https:\/\/www.facebook.com\/Demos-Mobilia-1137017453131445\/","https:\/\/www.instagram.com\/demosmobilia\/"]}]}},"_links":{"self":[{"href":"https:\/\/www.demosmobilia.ch\/de\/wp-json\/wp\/v2\/product\/87249","targetHints":{"allow":["GET"]}}],"collection":[{"href":"https:\/\/www.demosmobilia.ch\/de\/wp-json\/wp\/v2\/product"}],"about":[{"href":"https:\/\/www.demosmobilia.ch\/de\/wp-json\/wp\/v2\/types\/product"}],"wp:featuredmedia":[{"embeddable":true,"href":"https:\/\/www.demosmobilia.ch\/de\/wp-json\/wp\/v2\/media\/87196"}],"wp:attachment":[{"href":"https:\/\/www.demosmobilia.ch\/de\/wp-json\/wp\/v2\/media?parent=87249"}],"wp:term":[{"taxonomy":"product_cat","embeddable":true,"href":"https:\/\/www.demosmobilia.ch\/de\/wp-json\/wp\/v2\/product_cat?post=87249"},{"taxonomy":"product_tag","embeddable":true,"href":"https:\/\/www.demosmobilia.ch\/de\/wp-json\/wp\/v2\/product_tag?post=87249"}],"curies":[{"name":"wp","href":"https:\/\/api.w.org\/{rel}","templated":true}]}}