{"id":87087,"date":"2026-04-23T13:00:17","date_gmt":"2026-04-23T11:00:17","guid":{"rendered":"https:\/\/www.demosmobilia.ch\/product\/grosser-runder-tisch-modell-t21-sfax\/"},"modified":"2026-04-23T13:00:17","modified_gmt":"2026-04-23T11:00:17","slug":"grosser-runder-tisch-modell-t21-sfax","status":"publish","type":"product","link":"https:\/\/www.demosmobilia.ch\/de\/product\/grosser-runder-tisch-modell-t21-sfax\/","title":{"rendered":"Gro\u00dfer runder Tisch, Modell T21 Sfax"},"content":{"rendered":"<p data-start=\"0\" data-end=\"368\">Pierre Chapo (1927\u20131987) war eine pr\u00e4gende Pers\u00f6nlichkeit des franz\u00f6sischen Designs der Nachkriegszeit und ist bekannt daf\u00fcr, Massivholzm\u00f6bel durch die Verbindung von Handwerkskunst und modernistischen Prinzipien neu definiert zu haben. Als ausgebildeter Architekt entwickelte Chapo eine unverwechselbare Formensprache, die auf konstruktiver Klarheit, ausgewogenen Proportionen und einem tiefen Respekt f\u00fcr nat\u00fcrliche Materialien \u2013 insbesondere Ulmenholz \u2013 basiert. <\/p>\n<p data-start=\"370\" data-end=\"769\">Nach ausgedehnten Reisen durch Europa und Nordafrika gr\u00fcndete er in den 1960er-Jahren sein Atelier, in dem sein charakteristischer Stil entstand. Seine M\u00f6bel zeichnen sich durch sichtbare Holzverbindungen, reduzierte Formen und eine langlebige, robuste Bauweise aus. Ikonische Entw\u00fcrfe wie der Tisch T21, der Stuhl S34 und seine modularen Aufbewahrungssysteme sind heute auf dem Vintage-Designmarkt besonders gefragt.  <\/p>\n<p data-start=\"771\" data-end=\"1053\">Der Ansatz von Pierre Chapo nahm zentrale Werte der Gegenwart vorweg, darunter Nachhaltigkeit, lokale Produktion und die Wertsch\u00e4tzung traditioneller Handwerkskunst. Jedes M\u00f6belst\u00fcck steht f\u00fcr Authentizit\u00e4t und Funktionalit\u00e4t und gilt als Ma\u00dfstab f\u00fcr zeitloses, langlebiges Design. <\/p>\n<p data-start=\"1055\" data-end=\"1341\" data-is-last-node=\"\" data-is-only-node=\"\">Heute sind M\u00f6bel von Pierre Chapo begehrte Sammlerst\u00fccke und inspirieren weiterhin Designer, Architekten und Sammler weltweit. Sein Erbe lebt durch Neuauflagen und das wachsende Interesse an minimalistischem, nachhaltigem Design fort, das sich nahtlos in moderne Wohnkonzepte integriert. <\/p>\n","protected":false},"excerpt":{"rendered":"<p>Pierre Chapo (1927\u20131987) war eine pr\u00e4gende Pers\u00f6nlichkeit des franz\u00f6sischen Designs der Nachkriegszeit und ist bekannt daf\u00fcr, Massivholzm\u00f6bel durch die Verbindung von Handwerkskunst und modernistischen Prinzipien neu definiert zu haben. Als ausgebildeter Architekt entwickelte Chapo eine unverwechselbare Formensprache, die auf konstruktiver Klarheit, ausgewogenen Proportionen und einem tiefen Respekt f\u00fcr nat\u00fcrliche Materialien \u2013 insbesondere Ulmenholz \u2013 basiert. Nach ausgedehnten Reisen durch Europa und Nordafrika gr\u00fcndete er in den 1960er-Jahren sein Atelier, in dem sein charakteristischer Stil entstand. Seine M\u00f6bel zeichnen sich durch sichtbare Holzverbindungen, reduzierte Formen und eine langlebige, robuste Bauweise aus. Ikonische Entw\u00fcrfe wie der Tisch T21, der Stuhl S34 und seine modularen Aufbewahrungssysteme sind heute<a class=\"more-link\" href=\"https:\/\/www.demosmobilia.ch\/de\/product\/grosser-runder-tisch-modell-t21-sfax\/\">Read More &rarr;<\/a><\/p>\n","protected":false},"featured_media":87049,"template":"","meta":{"_monsterinsights_skip_tracking":false,"_monsterinsights_sitenote_active":false,"_monsterinsights_sitenote_note":"","_monsterinsights_sitenote_category":0,"kk_blocks_editor_width":"","_kiokenblocks_attr":"","_kiokenblocks_dimensions":""},"product_cat":[4187,4106],"product_tag":[14742],"class_list":{"0":"entry","1":"author-demosmobilia","2":"post-87087","3":"product","4":"type-product","5":"status-publish","6":"has-post-thumbnail","7":"product_production-pierre-chapo","8":"product_year-3441","9":"product_nation-frankreich","10":"product_cat-esstische","11":"product_cat-neuheiten","12":"product_tag-chapo-pierre","13":"pa_product_dimension-dia-140-x-ht-72-5-cm","14":"pa_product_material-massives-ulmenholz","16":"first","17":"instock","18":"shipping-taxable","19":"product-type-simple"},"yoast_head":"<!-- This site is optimized with the Yoast SEO plugin v24.0 - https:\/\/yoast.com\/wordpress\/plugins\/seo\/ -->\n<title>Gro\u00dfer runder Tisch, Modell T21 Sfax &#8211; demosmobilia<\/title>\n<meta name=\"robots\" content=\"index, follow, max-snippet:-1, max-image-preview:large, max-video-preview:-1\" \/>\n<link rel=\"canonical\" href=\"https:\/\/www.demosmobilia.ch\/de\/product\/grosser-runder-tisch-modell-t21-sfax\/\" \/>\n<meta property=\"og:locale\" content=\"de_DE\" \/>\n<meta property=\"og:type\" content=\"article\" \/>\n<meta property=\"og:title\" content=\"Gro\u00dfer runder Tisch, Modell T21 Sfax &#8211; demosmobilia\" \/>\n<meta property=\"og:description\" content=\"Pierre Chapo (1927\u20131987) war eine pr\u00e4gende Pers\u00f6nlichkeit des franz\u00f6sischen Designs der Nachkriegszeit und ist bekannt daf\u00fcr, Massivholzm\u00f6bel durch die Verbindung von Handwerkskunst und modernistischen Prinzipien neu definiert zu haben. Als ausgebildeter Architekt entwickelte Chapo eine unverwechselbare Formensprache, die auf konstruktiver Klarheit, ausgewogenen Proportionen und einem tiefen Respekt f\u00fcr nat\u00fcrliche Materialien \u2013 insbesondere Ulmenholz \u2013 basiert. Nach ausgedehnten Reisen durch Europa und Nordafrika gr\u00fcndete er in den 1960er-Jahren sein Atelier, in dem sein charakteristischer Stil entstand. Seine M\u00f6bel zeichnen sich durch sichtbare Holzverbindungen, reduzierte Formen und eine langlebige, robuste Bauweise aus. Ikonische Entw\u00fcrfe wie der Tisch T21, der Stuhl S34 und seine modularen Aufbewahrungssysteme sind heuteRead More &rarr;\" \/>\n<meta property=\"og:url\" content=\"https:\/\/www.demosmobilia.ch\/de\/product\/grosser-runder-tisch-modell-t21-sfax\/\" \/>\n<meta property=\"og:site_name\" content=\"demosmobilia\" \/>\n<meta property=\"article:publisher\" content=\"https:\/\/www.facebook.com\/Demos-Mobilia-1137017453131445\/\" \/>\n<meta property=\"og:image\" content=\"https:\/\/www.demosmobilia.ch\/wp-content\/uploads\/2026\/04\/pierre-chapo-T21E-table-Sfax-1965-france-design-01.jpg\" \/>\n\t<meta property=\"og:image:width\" content=\"1200\" \/>\n\t<meta property=\"og:image:height\" content=\"900\" \/>\n\t<meta property=\"og:image:type\" content=\"image\/jpeg\" \/>\n<meta name=\"twitter:card\" content=\"summary_large_image\" \/>\n<meta name=\"twitter:label1\" content=\"Gesch\u00e4tzte Lesezeit\" \/>\n\t<meta name=\"twitter:data1\" content=\"1\u00a0Minute\" \/>\n<script type=\"application\/ld+json\" class=\"yoast-schema-graph\">{\"@context\":\"https:\/\/schema.org\",\"@graph\":[{\"@type\":\"WebPage\",\"@id\":\"https:\/\/www.demosmobilia.ch\/de\/product\/grosser-runder-tisch-modell-t21-sfax\/\",\"url\":\"https:\/\/www.demosmobilia.ch\/de\/product\/grosser-runder-tisch-modell-t21-sfax\/\",\"name\":\"Gro\u00dfer runder Tisch, Modell T21 Sfax &#8211; demosmobilia\",\"isPartOf\":{\"@id\":\"https:\/\/www.demosmobilia.ch\/de\/#website\"},\"primaryImageOfPage\":{\"@id\":\"https:\/\/www.demosmobilia.ch\/de\/product\/grosser-runder-tisch-modell-t21-sfax\/#primaryimage\"},\"image\":{\"@id\":\"https:\/\/www.demosmobilia.ch\/de\/product\/grosser-runder-tisch-modell-t21-sfax\/#primaryimage\"},\"thumbnailUrl\":\"https:\/\/www.demosmobilia.ch\/wp-content\/uploads\/2026\/04\/pierre-chapo-T21E-table-Sfax-1965-france-design-01.jpg\",\"datePublished\":\"2026-04-23T11:00:17+00:00\",\"dateModified\":\"2026-04-23T11:00:17+00:00\",\"breadcrumb\":{\"@id\":\"https:\/\/www.demosmobilia.ch\/de\/product\/grosser-runder-tisch-modell-t21-sfax\/#breadcrumb\"},\"inLanguage\":\"de\",\"potentialAction\":[{\"@type\":\"ReadAction\",\"target\":[\"https:\/\/www.demosmobilia.ch\/de\/product\/grosser-runder-tisch-modell-t21-sfax\/\"]}]},{\"@type\":\"ImageObject\",\"inLanguage\":\"de\",\"@id\":\"https:\/\/www.demosmobilia.ch\/de\/product\/grosser-runder-tisch-modell-t21-sfax\/#primaryimage\",\"url\":\"https:\/\/www.demosmobilia.ch\/wp-content\/uploads\/2026\/04\/pierre-chapo-T21E-table-Sfax-1965-france-design-01.jpg\",\"contentUrl\":\"https:\/\/www.demosmobilia.ch\/wp-content\/uploads\/2026\/04\/pierre-chapo-T21E-table-Sfax-1965-france-design-01.jpg\",\"width\":1200,\"height\":900},{\"@type\":\"BreadcrumbList\",\"@id\":\"https:\/\/www.demosmobilia.ch\/de\/product\/grosser-runder-tisch-modell-t21-sfax\/#breadcrumb\",\"itemListElement\":[{\"@type\":\"ListItem\",\"position\":1,\"name\":\"Home\",\"item\":\"https:\/\/www.demosmobilia.ch\/de\/\"},{\"@type\":\"ListItem\",\"position\":2,\"name\":\"Produkte\",\"item\":\"https:\/\/www.demosmobilia.ch\/de\/shop\/\"},{\"@type\":\"ListItem\",\"position\":3,\"name\":\"Gro\u00dfer runder Tisch, Modell T21 Sfax\"}]},{\"@type\":\"WebSite\",\"@id\":\"https:\/\/www.demosmobilia.ch\/de\/#website\",\"url\":\"https:\/\/www.demosmobilia.ch\/de\/\",\"name\":\"demosmobilia\",\"description\":\"Vintage Mid Century Modern Design Furniture from the &#039;30s to the &#039;80s\",\"publisher\":{\"@id\":\"https:\/\/www.demosmobilia.ch\/de\/#organization\"},\"potentialAction\":[{\"@type\":\"SearchAction\",\"target\":{\"@type\":\"EntryPoint\",\"urlTemplate\":\"https:\/\/www.demosmobilia.ch\/de\/?s={search_term_string}\"},\"query-input\":{\"@type\":\"PropertyValueSpecification\",\"valueRequired\":true,\"valueName\":\"search_term_string\"}}],\"inLanguage\":\"de\"},{\"@type\":\"Organization\",\"@id\":\"https:\/\/www.demosmobilia.ch\/de\/#organization\",\"name\":\"demosmobilia\",\"url\":\"https:\/\/www.demosmobilia.ch\/de\/\",\"logo\":{\"@type\":\"ImageObject\",\"inLanguage\":\"de\",\"@id\":\"https:\/\/www.demosmobilia.ch\/de\/#\/schema\/logo\/image\/\",\"url\":\"https:\/\/www.demosmobilia.ch\/wp-content\/uploads\/2020\/07\/demosmobilia-logo-2020-230-160.png\",\"contentUrl\":\"https:\/\/www.demosmobilia.ch\/wp-content\/uploads\/2020\/07\/demosmobilia-logo-2020-230-160.png\",\"width\":230,\"height\":160,\"caption\":\"demosmobilia\"},\"image\":{\"@id\":\"https:\/\/www.demosmobilia.ch\/de\/#\/schema\/logo\/image\/\"},\"sameAs\":[\"https:\/\/www.facebook.com\/Demos-Mobilia-1137017453131445\/\",\"https:\/\/www.instagram.com\/demosmobilia\/\"]}]}<\/script>\n<!-- \/ Yoast SEO plugin. -->","yoast_head_json":{"title":"Gro\u00dfer runder Tisch, Modell T21 Sfax &#8211; demosmobilia","robots":{"index":"index","follow":"follow","max-snippet":"max-snippet:-1","max-image-preview":"max-image-preview:large","max-video-preview":"max-video-preview:-1"},"canonical":"https:\/\/www.demosmobilia.ch\/de\/product\/grosser-runder-tisch-modell-t21-sfax\/","og_locale":"de_DE","og_type":"article","og_title":"Gro\u00dfer runder Tisch, Modell T21 Sfax &#8211; demosmobilia","og_description":"Pierre Chapo (1927\u20131987) war eine pr\u00e4gende Pers\u00f6nlichkeit des franz\u00f6sischen Designs der Nachkriegszeit und ist bekannt daf\u00fcr, Massivholzm\u00f6bel durch die Verbindung von Handwerkskunst und modernistischen Prinzipien neu definiert zu haben. Als ausgebildeter Architekt entwickelte Chapo eine unverwechselbare Formensprache, die auf konstruktiver Klarheit, ausgewogenen Proportionen und einem tiefen Respekt f\u00fcr nat\u00fcrliche Materialien \u2013 insbesondere Ulmenholz \u2013 basiert. Nach ausgedehnten Reisen durch Europa und Nordafrika gr\u00fcndete er in den 1960er-Jahren sein Atelier, in dem sein charakteristischer Stil entstand. Seine M\u00f6bel zeichnen sich durch sichtbare Holzverbindungen, reduzierte Formen und eine langlebige, robuste Bauweise aus. Ikonische Entw\u00fcrfe wie der Tisch T21, der Stuhl S34 und seine modularen Aufbewahrungssysteme sind heuteRead More &rarr;","og_url":"https:\/\/www.demosmobilia.ch\/de\/product\/grosser-runder-tisch-modell-t21-sfax\/","og_site_name":"demosmobilia","article_publisher":"https:\/\/www.facebook.com\/Demos-Mobilia-1137017453131445\/","og_image":[{"width":1200,"height":900,"url":"https:\/\/www.demosmobilia.ch\/wp-content\/uploads\/2026\/04\/pierre-chapo-T21E-table-Sfax-1965-france-design-01.jpg","type":"image\/jpeg"}],"twitter_card":"summary_large_image","twitter_misc":{"Gesch\u00e4tzte Lesezeit":"1\u00a0Minute"},"schema":{"@context":"https:\/\/schema.org","@graph":[{"@type":"WebPage","@id":"https:\/\/www.demosmobilia.ch\/de\/product\/grosser-runder-tisch-modell-t21-sfax\/","url":"https:\/\/www.demosmobilia.ch\/de\/product\/grosser-runder-tisch-modell-t21-sfax\/","name":"Gro\u00dfer runder Tisch, Modell T21 Sfax &#8211; demosmobilia","isPartOf":{"@id":"https:\/\/www.demosmobilia.ch\/de\/#website"},"primaryImageOfPage":{"@id":"https:\/\/www.demosmobilia.ch\/de\/product\/grosser-runder-tisch-modell-t21-sfax\/#primaryimage"},"image":{"@id":"https:\/\/www.demosmobilia.ch\/de\/product\/grosser-runder-tisch-modell-t21-sfax\/#primaryimage"},"thumbnailUrl":"https:\/\/www.demosmobilia.ch\/wp-content\/uploads\/2026\/04\/pierre-chapo-T21E-table-Sfax-1965-france-design-01.jpg","datePublished":"2026-04-23T11:00:17+00:00","dateModified":"2026-04-23T11:00:17+00:00","breadcrumb":{"@id":"https:\/\/www.demosmobilia.ch\/de\/product\/grosser-runder-tisch-modell-t21-sfax\/#breadcrumb"},"inLanguage":"de","potentialAction":[{"@type":"ReadAction","target":["https:\/\/www.demosmobilia.ch\/de\/product\/grosser-runder-tisch-modell-t21-sfax\/"]}]},{"@type":"ImageObject","inLanguage":"de","@id":"https:\/\/www.demosmobilia.ch\/de\/product\/grosser-runder-tisch-modell-t21-sfax\/#primaryimage","url":"https:\/\/www.demosmobilia.ch\/wp-content\/uploads\/2026\/04\/pierre-chapo-T21E-table-Sfax-1965-france-design-01.jpg","contentUrl":"https:\/\/www.demosmobilia.ch\/wp-content\/uploads\/2026\/04\/pierre-chapo-T21E-table-Sfax-1965-france-design-01.jpg","width":1200,"height":900},{"@type":"BreadcrumbList","@id":"https:\/\/www.demosmobilia.ch\/de\/product\/grosser-runder-tisch-modell-t21-sfax\/#breadcrumb","itemListElement":[{"@type":"ListItem","position":1,"name":"Home","item":"https:\/\/www.demosmobilia.ch\/de\/"},{"@type":"ListItem","position":2,"name":"Produkte","item":"https:\/\/www.demosmobilia.ch\/de\/shop\/"},{"@type":"ListItem","position":3,"name":"Gro\u00dfer runder Tisch, Modell T21 Sfax"}]},{"@type":"WebSite","@id":"https:\/\/www.demosmobilia.ch\/de\/#website","url":"https:\/\/www.demosmobilia.ch\/de\/","name":"demosmobilia","description":"Vintage Mid Century Modern Design Furniture from the &#039;30s to the &#039;80s","publisher":{"@id":"https:\/\/www.demosmobilia.ch\/de\/#organization"},"potentialAction":[{"@type":"SearchAction","target":{"@type":"EntryPoint","urlTemplate":"https:\/\/www.demosmobilia.ch\/de\/?s={search_term_string}"},"query-input":{"@type":"PropertyValueSpecification","valueRequired":true,"valueName":"search_term_string"}}],"inLanguage":"de"},{"@type":"Organization","@id":"https:\/\/www.demosmobilia.ch\/de\/#organization","name":"demosmobilia","url":"https:\/\/www.demosmobilia.ch\/de\/","logo":{"@type":"ImageObject","inLanguage":"de","@id":"https:\/\/www.demosmobilia.ch\/de\/#\/schema\/logo\/image\/","url":"https:\/\/www.demosmobilia.ch\/wp-content\/uploads\/2020\/07\/demosmobilia-logo-2020-230-160.png","contentUrl":"https:\/\/www.demosmobilia.ch\/wp-content\/uploads\/2020\/07\/demosmobilia-logo-2020-230-160.png","width":230,"height":160,"caption":"demosmobilia"},"image":{"@id":"https:\/\/www.demosmobilia.ch\/de\/#\/schema\/logo\/image\/"},"sameAs":["https:\/\/www.facebook.com\/Demos-Mobilia-1137017453131445\/","https:\/\/www.instagram.com\/demosmobilia\/"]}]}},"_links":{"self":[{"href":"https:\/\/www.demosmobilia.ch\/de\/wp-json\/wp\/v2\/product\/87087","targetHints":{"allow":["GET"]}}],"collection":[{"href":"https:\/\/www.demosmobilia.ch\/de\/wp-json\/wp\/v2\/product"}],"about":[{"href":"https:\/\/www.demosmobilia.ch\/de\/wp-json\/wp\/v2\/types\/product"}],"wp:featuredmedia":[{"embeddable":true,"href":"https:\/\/www.demosmobilia.ch\/de\/wp-json\/wp\/v2\/media\/87049"}],"wp:attachment":[{"href":"https:\/\/www.demosmobilia.ch\/de\/wp-json\/wp\/v2\/media?parent=87087"}],"wp:term":[{"taxonomy":"product_cat","embeddable":true,"href":"https:\/\/www.demosmobilia.ch\/de\/wp-json\/wp\/v2\/product_cat?post=87087"},{"taxonomy":"product_tag","embeddable":true,"href":"https:\/\/www.demosmobilia.ch\/de\/wp-json\/wp\/v2\/product_tag?post=87087"}],"curies":[{"name":"wp","href":"https:\/\/api.w.org\/{rel}","templated":true}]}}